{"id":31499,"date":"2023-06-02T10:59:45","date_gmt":"2023-06-02T08:59:45","guid":{"rendered":"https:\/\/cardinal.pixel-tal.de\/rubans-adhesifs\/abc-du-ruban-adhesif\/rubans-adhesifs-pour-metal\/"},"modified":"2023-06-02T11:10:13","modified_gmt":"2023-06-02T09:10:13","slug":"rubans-adhesifs-pour-metal","status":"publish","type":"page","link":"https:\/\/cardinal-tapes.com\/fr\/rubans-adhesifs-fr\/abc-du-ruban-adhesif\/rubans-adhesifs-pour-metal\/","title":{"rendered":"Rubans adh\u00e9sifs pour m\u00e9tal"},"content":{"rendered":"<div id='av_section_1'  class='avia-section av-sw8tg-a87da6748fd0f701919b2f18fddfd59d alternate_color avia-section-default avia-no-border-styling  avia-builder-el-0  avia-builder-el-no-sibling  avia-bg-style-scroll container_wrap fullsize'  ><div class='container av-section-cont-open' ><main  role=\"main\" itemprop=\"mainContentOfPage\"  class='template-page content  av-content-full alpha units'><div class='post-entry post-entry-type-page post-entry-31499'><div class='entry-content-wrapper clearfix'>\n<div  class='flex_column av-6kcqk4-1055b43807a72d32572c2aa6fed54e50 av_one_full  avia-builder-el-1  el_before_av_one_half  avia-builder-el-first  first flex_column_div  '     ><div class=\"pxl-headline pxl-hl hl-wrap | hl-sub--off hl--align-left hl--no-margin    \">\n        <div class=\"hl-inner\">\n            <h2 class=\"hl-main hl-line |  hl_main--default  \">Rubans adh\u00e9sifs pour m\u00e9tal<\/h2>\n            \n    <\/div>\n<\/div><\/div><div  class='flex_column av-3zm9dg-c89142e22edca946116295fe207bb18f av_one_half  avia-builder-el-3  el_after_av_one_full  el_before_av_one_half  first flex_column_div  column-top-margin'     ><section  class='av_textblock_section av-5xt9lg-64f8ad54889637ff8ff78c36e0685da4 '   itemscope=\"itemscope\" itemtype=\"https:\/\/schema.org\/CreativeWork\" ><div class='avia_textblock'  itemprop=\"text\" ><p>Les colles pour m\u00e9taux sont utilis\u00e9es dans de nombreux domaines de l&#8217;industrie, par exemple dans l&#8217;<a href=\"https:\/\/cardinal-tapes.com\/fr\/rubans-adhesifs\/domaines-dapplication\/industrie-electrique\/\"> \u00e9lectronique<\/a>, la<a href=\"https:\/\/cardinal-tapes.com\/fr\/rubans-adhesifs\/domaines-dapplication\/genie-mecanique\/\"> construction m\u00e9canique<\/a>, la <a href=\"https:\/\/cardinal-tapes.com\/fr\/rubans-adhesifs\/domaines-dapplication\/chauffage-ventilation-et-climatisation\/\">climatisation<\/a> ainsi que dans l&#8217;industrie <a href=\"https:\/\/cardinal-tapes.com\/fr\/rubans-adhesifs\/domaines-dapplication\/industrie-de-lacier-et-du-verre\/\">de l&#8217;acier et du verre<\/a>. Dans le domaine de l&#8217;\u00e9tanch\u00e9it\u00e9, les excellentes propri\u00e9t\u00e9s de protection du rev\u00eatement m\u00e9tallique ainsi que la grande r\u00e9sistance thermique et au vieillissement offrent \u00e9galement une solution durable pour les exigences sp\u00e9ciales.<\/p>\n<\/div><\/section><\/div><div  class='flex_column av-2l2zjo-d46bb9727f32a5ec45b6159f8fef5b4e av_one_half  avia-builder-el-5  el_after_av_one_half  avia-builder-el-last  flex_column_div  column-top-margin'     ><section  class='av_textblock_section av-2w75es-80b954226f5b08d1be046288ef993254 '   itemscope=\"itemscope\" itemtype=\"https:\/\/schema.org\/CreativeWork\" ><div class='avia_textblock'  itemprop=\"text\" ><h4>L&#8217;utilisation de rubans adh\u00e9sifs pour m\u00e9taux<\/h4>\n<p>Les rubans adh\u00e9sifs m\u00e9talliques sont utilis\u00e9s pour l&#8217;\u00e9tanch\u00e9it\u00e9 des tuyaux et des gaines de ventilation ainsi que pour l&#8217;isolation contre la chaleur ou le froid. Le domaine des rubans adh\u00e9sifs pour m\u00e9taux comprend les <a href=\"https:\/\/cardinal-tapes.com\/fr\/rubans-adhesifs\/abc-du-ruban-adhesif\/rubans-adhesifs-en-acier-inoxydable\/\">rubans en acier inoxydable<\/a>, les rubans en plomb, les rubans<a href=\"https:\/\/cardinal-tapes.com\/fr\/rubans-adhesifs\/abc-du-ruban-adhesif\/rubans-adhesifs-en-cuivre\/\"> en cuivre<\/a>, les <a href=\"https:\/\/cardinal-tapes.com\/fr\/rubans-adhesifs\/abc-du-ruban-adhesif\/rubans-adhesifs-en-aluminium\/\">rubans en aluminium<\/a>et bien d&#8217;autres encore. La liste suivante de nos rubans adh\u00e9sifs pour m\u00e9taux n&#8217;est qu&#8217;un aper\u00e7u g\u00e9n\u00e9ral. Si vous ne trouvez pas ici le ruban adh\u00e9sif qui convient \u00e0 votre projet, n&#8217;h\u00e9sitez pas \u00e0 nous contacter \u00e0 tout moment et nous chercherons avec vous une solution optimale.<\/p>\n<\/div><\/section><\/div>\n\n","protected":false},"excerpt":{"rendered":"","protected":false},"author":1,"featured_media":0,"parent":30749,"menu_order":28,"comment_status":"closed","ping_status":"closed","template":"","meta":{"_acf_changed":false,"footnotes":""},"class_list":["post-31499","page","type-page","status-publish","hentry"],"acf":[],"yoast_head":"<!-- This site is optimized with the Yoast SEO plugin v27.3 - https:\/\/yoast.com\/product\/yoast-seo-wordpress\/ -->\n<title>Rubans adh\u00e9sifs pour m\u00e9tal - cardinal TAPES<\/title>\n<meta name=\"description\" content=\"Les colles pour m\u00e9taux sont utilis\u00e9es dans de nombreux domaines de l&#039;industrie, par exemple dans l&#039;\u00e9lectronique, la construction m\u00e9canique, la climatisation ainsi que dans l&#039;industrie de l&#039;acier et du verre.\" \/>\n<meta name=\"robots\" content=\"index, follow, max-snippet:-1, max-image-preview:large, max-video-preview:-1\" \/>\n<link rel=\"canonical\" href=\"https:\/\/cardinal-tapes.com\/fr\/rubans-adhesifs-fr__trashed\/abc-du-ruban-adhesif\/rubans-adhesifs-pour-metal\/\" \/>\n<meta property=\"og:locale\" content=\"fr_FR\" \/>\n<meta property=\"og:type\" content=\"article\" \/>\n<meta property=\"og:title\" content=\"Rubans adh\u00e9sifs pour m\u00e9tal - cardinal TAPES\" \/>\n<meta property=\"og:description\" content=\"Les colles pour m\u00e9taux sont utilis\u00e9es dans de nombreux domaines de l&#039;industrie, par exemple dans l&#039;\u00e9lectronique, la construction m\u00e9canique, la climatisation ainsi que dans l&#039;industrie de l&#039;acier et du verre.\" \/>\n<meta property=\"og:url\" content=\"https:\/\/cardinal-tapes.com\/fr\/rubans-adhesifs-fr__trashed\/abc-du-ruban-adhesif\/rubans-adhesifs-pour-metal\/\" \/>\n<meta property=\"og:site_name\" content=\"cardinal TAPES\" \/>\n<meta property=\"article:modified_time\" content=\"2023-06-02T09:10:13+00:00\" \/>\n<meta name=\"twitter:card\" content=\"summary_large_image\" \/>\n<meta name=\"twitter:label1\" content=\"Dur\u00e9e de lecture estim\u00e9e\" \/>\n\t<meta name=\"twitter:data1\" content=\"9 minutes\" \/>\n<script type=\"application\/ld+json\" class=\"yoast-schema-graph\">{\"@context\":\"https:\\\/\\\/schema.org\",\"@graph\":[{\"@type\":\"WebPage\",\"@id\":\"https:\\\/\\\/cardinal-tapes.com\\\/fr\\\/rubans-adhesifs-fr__trashed\\\/abc-du-ruban-adhesif\\\/rubans-adhesifs-pour-metal\\\/\",\"url\":\"https:\\\/\\\/cardinal-tapes.com\\\/fr\\\/rubans-adhesifs-fr__trashed\\\/abc-du-ruban-adhesif\\\/rubans-adhesifs-pour-metal\\\/\",\"name\":\"Rubans adh\u00e9sifs pour m\u00e9tal - cardinal TAPES\",\"isPartOf\":{\"@id\":\"https:\\\/\\\/cardinal-tapes.com\\\/#website\"},\"datePublished\":\"2023-06-02T08:59:45+00:00\",\"dateModified\":\"2023-06-02T09:10:13+00:00\",\"description\":\"Les colles pour m\u00e9taux sont utilis\u00e9es dans de nombreux domaines de l'industrie, par exemple dans l'\u00e9lectronique, la construction m\u00e9canique, la climatisation ainsi que dans l'industrie de l'acier et du verre.\",\"breadcrumb\":{\"@id\":\"https:\\\/\\\/cardinal-tapes.com\\\/fr\\\/rubans-adhesifs-fr__trashed\\\/abc-du-ruban-adhesif\\\/rubans-adhesifs-pour-metal\\\/#breadcrumb\"},\"inLanguage\":\"fr-FR\",\"potentialAction\":[{\"@type\":\"ReadAction\",\"target\":[\"https:\\\/\\\/cardinal-tapes.com\\\/fr\\\/rubans-adhesifs-fr__trashed\\\/abc-du-ruban-adhesif\\\/rubans-adhesifs-pour-metal\\\/\"]}]},{\"@type\":\"BreadcrumbList\",\"@id\":\"https:\\\/\\\/cardinal-tapes.com\\\/fr\\\/rubans-adhesifs-fr__trashed\\\/abc-du-ruban-adhesif\\\/rubans-adhesifs-pour-metal\\\/#breadcrumb\",\"itemListElement\":[{\"@type\":\"ListItem\",\"position\":1,\"name\":\"Startseite\",\"item\":\"https:\\\/\\\/cardinal-tapes.com\\\/fr\\\/accueil\\\/\"},{\"@type\":\"ListItem\",\"position\":2,\"name\":\"ABC du ruban adh\u00e9sif\",\"item\":\"https:\\\/\\\/cardinal-tapes.com\\\/fr\\\/rubans-adhesifs-fr__trashed\\\/abc-du-ruban-adhesif\\\/\"},{\"@type\":\"ListItem\",\"position\":3,\"name\":\"Rubans adh\u00e9sifs pour m\u00e9tal\"}]},{\"@type\":\"WebSite\",\"@id\":\"https:\\\/\\\/cardinal-tapes.com\\\/#website\",\"url\":\"https:\\\/\\\/cardinal-tapes.com\\\/\",\"name\":\"cardinal TAPES\",\"description\":\"Klebetechnik aus Wuppertal\",\"potentialAction\":[{\"@type\":\"SearchAction\",\"target\":{\"@type\":\"EntryPoint\",\"urlTemplate\":\"https:\\\/\\\/cardinal-tapes.com\\\/?s={search_term_string}\"},\"query-input\":{\"@type\":\"PropertyValueSpecification\",\"valueRequired\":true,\"valueName\":\"search_term_string\"}}],\"inLanguage\":\"fr-FR\"}]}<\/script>\n<!-- \/ Yoast SEO plugin. -->","yoast_head_json":{"title":"Rubans adh\u00e9sifs pour m\u00e9tal - cardinal TAPES","description":"Les colles pour m\u00e9taux sont utilis\u00e9es dans de nombreux domaines de l'industrie, par exemple dans l'\u00e9lectronique, la construction m\u00e9canique, la climatisation ainsi que dans l'industrie de l'acier et du verre.","robots":{"index":"index","follow":"follow","max-snippet":"max-snippet:-1","max-image-preview":"max-image-preview:large","max-video-preview":"max-video-preview:-1"},"canonical":"https:\/\/cardinal-tapes.com\/fr\/rubans-adhesifs-fr__trashed\/abc-du-ruban-adhesif\/rubans-adhesifs-pour-metal\/","og_locale":"fr_FR","og_type":"article","og_title":"Rubans adh\u00e9sifs pour m\u00e9tal - cardinal TAPES","og_description":"Les colles pour m\u00e9taux sont utilis\u00e9es dans de nombreux domaines de l'industrie, par exemple dans l'\u00e9lectronique, la construction m\u00e9canique, la climatisation ainsi que dans l'industrie de l'acier et du verre.","og_url":"https:\/\/cardinal-tapes.com\/fr\/rubans-adhesifs-fr__trashed\/abc-du-ruban-adhesif\/rubans-adhesifs-pour-metal\/","og_site_name":"cardinal TAPES","article_modified_time":"2023-06-02T09:10:13+00:00","twitter_card":"summary_large_image","twitter_misc":{"Dur\u00e9e de lecture estim\u00e9e":"9 minutes"},"schema":{"@context":"https:\/\/schema.org","@graph":[{"@type":"WebPage","@id":"https:\/\/cardinal-tapes.com\/fr\/rubans-adhesifs-fr__trashed\/abc-du-ruban-adhesif\/rubans-adhesifs-pour-metal\/","url":"https:\/\/cardinal-tapes.com\/fr\/rubans-adhesifs-fr__trashed\/abc-du-ruban-adhesif\/rubans-adhesifs-pour-metal\/","name":"Rubans adh\u00e9sifs pour m\u00e9tal - cardinal TAPES","isPartOf":{"@id":"https:\/\/cardinal-tapes.com\/#website"},"datePublished":"2023-06-02T08:59:45+00:00","dateModified":"2023-06-02T09:10:13+00:00","description":"Les colles pour m\u00e9taux sont utilis\u00e9es dans de nombreux domaines de l'industrie, par exemple dans l'\u00e9lectronique, la construction m\u00e9canique, la climatisation ainsi que dans l'industrie de l'acier et du verre.","breadcrumb":{"@id":"https:\/\/cardinal-tapes.com\/fr\/rubans-adhesifs-fr__trashed\/abc-du-ruban-adhesif\/rubans-adhesifs-pour-metal\/#breadcrumb"},"inLanguage":"fr-FR","potentialAction":[{"@type":"ReadAction","target":["https:\/\/cardinal-tapes.com\/fr\/rubans-adhesifs-fr__trashed\/abc-du-ruban-adhesif\/rubans-adhesifs-pour-metal\/"]}]},{"@type":"BreadcrumbList","@id":"https:\/\/cardinal-tapes.com\/fr\/rubans-adhesifs-fr__trashed\/abc-du-ruban-adhesif\/rubans-adhesifs-pour-metal\/#breadcrumb","itemListElement":[{"@type":"ListItem","position":1,"name":"Startseite","item":"https:\/\/cardinal-tapes.com\/fr\/accueil\/"},{"@type":"ListItem","position":2,"name":"ABC du ruban adh\u00e9sif","item":"https:\/\/cardinal-tapes.com\/fr\/rubans-adhesifs-fr__trashed\/abc-du-ruban-adhesif\/"},{"@type":"ListItem","position":3,"name":"Rubans adh\u00e9sifs pour m\u00e9tal"}]},{"@type":"WebSite","@id":"https:\/\/cardinal-tapes.com\/#website","url":"https:\/\/cardinal-tapes.com\/","name":"cardinal TAPES","description":"Klebetechnik aus Wuppertal","potentialAction":[{"@type":"SearchAction","target":{"@type":"EntryPoint","urlTemplate":"https:\/\/cardinal-tapes.com\/?s={search_term_string}"},"query-input":{"@type":"PropertyValueSpecification","valueRequired":true,"valueName":"search_term_string"}}],"inLanguage":"fr-FR"}]}},"_links":{"self":[{"href":"https:\/\/cardinal-tapes.com\/fr\/wp-json\/wp\/v2\/pages\/31499","targetHints":{"allow":["GET"]}}],"collection":[{"href":"https:\/\/cardinal-tapes.com\/fr\/wp-json\/wp\/v2\/pages"}],"about":[{"href":"https:\/\/cardinal-tapes.com\/fr\/wp-json\/wp\/v2\/types\/page"}],"author":[{"embeddable":true,"href":"https:\/\/cardinal-tapes.com\/fr\/wp-json\/wp\/v2\/users\/1"}],"replies":[{"embeddable":true,"href":"https:\/\/cardinal-tapes.com\/fr\/wp-json\/wp\/v2\/comments?post=31499"}],"version-history":[{"count":0,"href":"https:\/\/cardinal-tapes.com\/fr\/wp-json\/wp\/v2\/pages\/31499\/revisions"}],"up":[{"embeddable":true,"href":"https:\/\/cardinal-tapes.com\/fr\/wp-json\/wp\/v2\/pages\/30749"}],"wp:attachment":[{"href":"https:\/\/cardinal-tapes.com\/fr\/wp-json\/wp\/v2\/media?parent=31499"}],"curies":[{"name":"wp","href":"https:\/\/api.w.org\/{rel}","templated":true}]}}