{"id":31443,"date":"2018-05-24T09:29:17","date_gmt":"2018-05-24T07:29:17","guid":{"rendered":"https:\/\/cardinal.pixel-tal.de\/rubans-adhesifs\/abc-du-ruban-adhesif\/rubans-adhesifs-en-plomb\/"},"modified":"2023-06-02T11:12:19","modified_gmt":"2023-06-02T09:12:19","slug":"rubans-adhesifs-en-plomb","status":"publish","type":"page","link":"https:\/\/cardinal-tapes.com\/fr\/rubans-adhesifs-fr\/abc-du-ruban-adhesif\/rubans-adhesifs-en-plomb\/","title":{"rendered":"Rubans adh\u00e9sifs en plomb"},"content":{"rendered":"<div id='av_section_1'  class='avia-section av-88iwxo-e571447d2876c556ca3b9dd6487588ab alternate_color avia-section-default avia-no-border-styling  avia-builder-el-0  avia-builder-el-no-sibling  avia-bg-style-scroll container_wrap fullsize'  ><div class='container av-section-cont-open' ><main  role=\"main\" itemprop=\"mainContentOfPage\"  class='template-page content  av-content-full alpha units'><div class='post-entry post-entry-type-page post-entry-31443'><div class='entry-content-wrapper clearfix'>\n<div  class='flex_column av-5el2qk-43e76e94547f2316bb875c8a9cfa3450 av_one_full  avia-builder-el-1  el_before_av_one_half  avia-builder-el-first  first flex_column_div  '     ><div class=\"pxl-headline pxl-hl hl-wrap | hl-sub--off hl--align-left hl--no-margin    \">\n        <div class=\"hl-inner\">\n            <h2 class=\"hl-main hl-line |  hl_main--default  \">Rubans adh\u00e9sifs en plomb<\/h2>\n            \n    <\/div>\n<\/div><\/div><div  class='flex_column av-3p1a7w-af915ed0d084453edff2831eb032040c av_one_half  avia-builder-el-3  el_after_av_one_full  el_before_av_one_half  first flex_column_div  column-top-margin'     ><section  class='av_textblock_section av-6f1nto-9fd4e81b0b6e5e584ac98f54249566de '   itemscope=\"itemscope\" itemtype=\"https:\/\/schema.org\/CreativeWork\" ><div class='avia_textblock'  itemprop=\"text\" ><p>Les rubans adh\u00e9sifs en plomb sont compos\u00e9s d&#8217;une feuille de plomb et d&#8217;un adh\u00e9sif de haute qualit\u00e9. Gr\u00e2ce \u00e0 leurs nombreuses propri\u00e9t\u00e9s, ils sont surtout utilis\u00e9s comme ruban de masquage dans la galvanisation. Mais les rubans adh\u00e9sifs en plomb sont \u00e9galement utilis\u00e9s dans de nombreux autres domaines, comme par exemple pour modifier le poids des clubs de golf.<\/p>\n<\/div><\/section><\/div><div  class='flex_column av-2le11o-3347fb5132b10e5a7294d470dfbdcbd5 av_one_half  avia-builder-el-5  el_after_av_one_half  avia-builder-el-last  flex_column_div  column-top-margin'     ><section  class='av_textblock_section av-25qbu4-af4ac5eaa1be3977701b5cb5d6c5e02e '   itemscope=\"itemscope\" itemtype=\"https:\/\/schema.org\/CreativeWork\" ><div class='avia_textblock'  itemprop=\"text\" ><h4>Les sp\u00e9cificit\u00e9s des bandes de plomb adh\u00e9sives<\/h4>\n<p>Les principales propri\u00e9t\u00e9s des bandes de plomb adh\u00e9sives sont les propri\u00e9t\u00e9s galvaniques et la conductivit\u00e9 \u00e9lectrique. De plus, le plomb est un \u00e9l\u00e9ment tr\u00e8s lourd et tr\u00e8s dense. Il convient donc tr\u00e8s bien pour bloquer les rayonnements \u00e0 haute \u00e9nergie. C&#8217;est la raison pour laquelle les rubans adh\u00e9sifs en plomb sont utilis\u00e9s pour assurer l&#8217;\u00e9tanch\u00e9it\u00e9 dans les appareils m\u00e9dicaux ou dans les instituts de recherche scientifique.<\/p>\n<p>Comme il existe de nombreuses exigences sp\u00e9cifiques dans le domaine de la galvanisation, nous proposons dans notre <a href=\"\/klebebaender\/\">boutique<\/a> diff\u00e9rents rubans adh\u00e9sifs au plomb. En outre, nous confectionnons pour vous des rubans adh\u00e9sifs afin que vous soyez parfaitement \u00e9quip\u00e9 pour les applications. Nos experts de longue date se feront un plaisir de vous conseiller sur le sujet.<\/p>\n<\/div><\/section><\/div>\n\n","protected":false},"excerpt":{"rendered":"","protected":false},"author":1,"featured_media":0,"parent":30749,"menu_order":38,"comment_status":"closed","ping_status":"closed","template":"","meta":{"_acf_changed":false,"footnotes":""},"class_list":["post-31443","page","type-page","status-publish","hentry"],"acf":[],"yoast_head":"<!-- This site is optimized with the Yoast SEO plugin v27.3 - https:\/\/yoast.com\/product\/yoast-seo-wordpress\/ -->\n<title>Rubans adh\u00e9sifs en plomb - cardinal TAPES<\/title>\n<meta name=\"description\" content=\"Les rubans adh\u00e9sifs en plomb sont compos\u00e9s d&#039;une feuille de plomb et d&#039;un adh\u00e9sif de haute qualit\u00e9. Apprenez-en plus sur les rubans adh\u00e9sifs de haute qualit\u00e9 ici.\" \/>\n<meta name=\"robots\" content=\"noindex, follow\" \/>\n<meta property=\"og:locale\" content=\"fr_FR\" \/>\n<meta property=\"og:type\" content=\"article\" \/>\n<meta property=\"og:title\" content=\"Rubans adh\u00e9sifs en plomb - cardinal TAPES\" \/>\n<meta property=\"og:description\" content=\"Les rubans adh\u00e9sifs en plomb sont compos\u00e9s d&#039;une feuille de plomb et d&#039;un adh\u00e9sif de haute qualit\u00e9. Apprenez-en plus sur les rubans adh\u00e9sifs de haute qualit\u00e9 ici.\" \/>\n<meta property=\"og:url\" content=\"https:\/\/cardinal-tapes.com\/fr\/rubans-adhesifs-fr\/abc-du-ruban-adhesif\/rubans-adhesifs-en-plomb\/\" \/>\n<meta property=\"og:site_name\" content=\"cardinal TAPES\" \/>\n<meta property=\"article:modified_time\" content=\"2023-06-02T09:12:19+00:00\" \/>\n<meta name=\"twitter:card\" content=\"summary_large_image\" \/>\n<meta name=\"twitter:label1\" content=\"Dur\u00e9e de lecture estim\u00e9e\" \/>\n\t<meta name=\"twitter:data1\" content=\"9 minutes\" \/>\n<script type=\"application\/ld+json\" class=\"yoast-schema-graph\">{\"@context\":\"https:\\\/\\\/schema.org\",\"@graph\":[{\"@type\":\"WebPage\",\"@id\":\"https:\\\/\\\/cardinal-tapes.com\\\/fr\\\/rubans-adhesifs-fr\\\/abc-du-ruban-adhesif\\\/rubans-adhesifs-en-plomb\\\/\",\"url\":\"https:\\\/\\\/cardinal-tapes.com\\\/fr\\\/rubans-adhesifs-fr\\\/abc-du-ruban-adhesif\\\/rubans-adhesifs-en-plomb\\\/\",\"name\":\"Rubans adh\u00e9sifs en plomb - cardinal TAPES\",\"isPartOf\":{\"@id\":\"https:\\\/\\\/cardinal-tapes.com\\\/#website\"},\"datePublished\":\"2018-05-24T07:29:17+00:00\",\"dateModified\":\"2023-06-02T09:12:19+00:00\",\"description\":\"Les rubans adh\u00e9sifs en plomb sont compos\u00e9s d'une feuille de plomb et d'un adh\u00e9sif de haute qualit\u00e9. Apprenez-en plus sur les rubans adh\u00e9sifs de haute qualit\u00e9 ici.\",\"breadcrumb\":{\"@id\":\"https:\\\/\\\/cardinal-tapes.com\\\/fr\\\/rubans-adhesifs-fr\\\/abc-du-ruban-adhesif\\\/rubans-adhesifs-en-plomb\\\/#breadcrumb\"},\"inLanguage\":\"fr-FR\",\"potentialAction\":[{\"@type\":\"ReadAction\",\"target\":[\"https:\\\/\\\/cardinal-tapes.com\\\/fr\\\/rubans-adhesifs-fr\\\/abc-du-ruban-adhesif\\\/rubans-adhesifs-en-plomb\\\/\"]}]},{\"@type\":\"BreadcrumbList\",\"@id\":\"https:\\\/\\\/cardinal-tapes.com\\\/fr\\\/rubans-adhesifs-fr\\\/abc-du-ruban-adhesif\\\/rubans-adhesifs-en-plomb\\\/#breadcrumb\",\"itemListElement\":[{\"@type\":\"ListItem\",\"position\":1,\"name\":\"Startseite\",\"item\":\"https:\\\/\\\/cardinal-tapes.com\\\/fr\\\/accueil\\\/\"},{\"@type\":\"ListItem\",\"position\":2,\"name\":\"Rubans adh\u00e9sifs\",\"item\":\"https:\\\/\\\/cardinal-tapes.com\\\/fr\\\/rubans-adhesifs-fr\\\/\"},{\"@type\":\"ListItem\",\"position\":3,\"name\":\"ABC du ruban adh\u00e9sif\",\"item\":\"https:\\\/\\\/cardinal-tapes.com\\\/fr\\\/rubans-adhesifs-fr__trashed\\\/abc-du-ruban-adhesif\\\/\"},{\"@type\":\"ListItem\",\"position\":4,\"name\":\"Rubans adh\u00e9sifs en plomb\"}]},{\"@type\":\"WebSite\",\"@id\":\"https:\\\/\\\/cardinal-tapes.com\\\/#website\",\"url\":\"https:\\\/\\\/cardinal-tapes.com\\\/\",\"name\":\"cardinal TAPES\",\"description\":\"Klebetechnik aus Wuppertal\",\"potentialAction\":[{\"@type\":\"SearchAction\",\"target\":{\"@type\":\"EntryPoint\",\"urlTemplate\":\"https:\\\/\\\/cardinal-tapes.com\\\/?s={search_term_string}\"},\"query-input\":{\"@type\":\"PropertyValueSpecification\",\"valueRequired\":true,\"valueName\":\"search_term_string\"}}],\"inLanguage\":\"fr-FR\"}]}<\/script>\n<!-- \/ Yoast SEO plugin. -->","yoast_head_json":{"title":"Rubans adh\u00e9sifs en plomb - cardinal TAPES","description":"Les rubans adh\u00e9sifs en plomb sont compos\u00e9s d'une feuille de plomb et d'un adh\u00e9sif de haute qualit\u00e9. Apprenez-en plus sur les rubans adh\u00e9sifs de haute qualit\u00e9 ici.","robots":{"index":"noindex","follow":"follow"},"og_locale":"fr_FR","og_type":"article","og_title":"Rubans adh\u00e9sifs en plomb - cardinal TAPES","og_description":"Les rubans adh\u00e9sifs en plomb sont compos\u00e9s d'une feuille de plomb et d'un adh\u00e9sif de haute qualit\u00e9. Apprenez-en plus sur les rubans adh\u00e9sifs de haute qualit\u00e9 ici.","og_url":"https:\/\/cardinal-tapes.com\/fr\/rubans-adhesifs-fr\/abc-du-ruban-adhesif\/rubans-adhesifs-en-plomb\/","og_site_name":"cardinal TAPES","article_modified_time":"2023-06-02T09:12:19+00:00","twitter_card":"summary_large_image","twitter_misc":{"Dur\u00e9e de lecture estim\u00e9e":"9 minutes"},"schema":{"@context":"https:\/\/schema.org","@graph":[{"@type":"WebPage","@id":"https:\/\/cardinal-tapes.com\/fr\/rubans-adhesifs-fr\/abc-du-ruban-adhesif\/rubans-adhesifs-en-plomb\/","url":"https:\/\/cardinal-tapes.com\/fr\/rubans-adhesifs-fr\/abc-du-ruban-adhesif\/rubans-adhesifs-en-plomb\/","name":"Rubans adh\u00e9sifs en plomb - cardinal TAPES","isPartOf":{"@id":"https:\/\/cardinal-tapes.com\/#website"},"datePublished":"2018-05-24T07:29:17+00:00","dateModified":"2023-06-02T09:12:19+00:00","description":"Les rubans adh\u00e9sifs en plomb sont compos\u00e9s d'une feuille de plomb et d'un adh\u00e9sif de haute qualit\u00e9. Apprenez-en plus sur les rubans adh\u00e9sifs de haute qualit\u00e9 ici.","breadcrumb":{"@id":"https:\/\/cardinal-tapes.com\/fr\/rubans-adhesifs-fr\/abc-du-ruban-adhesif\/rubans-adhesifs-en-plomb\/#breadcrumb"},"inLanguage":"fr-FR","potentialAction":[{"@type":"ReadAction","target":["https:\/\/cardinal-tapes.com\/fr\/rubans-adhesifs-fr\/abc-du-ruban-adhesif\/rubans-adhesifs-en-plomb\/"]}]},{"@type":"BreadcrumbList","@id":"https:\/\/cardinal-tapes.com\/fr\/rubans-adhesifs-fr\/abc-du-ruban-adhesif\/rubans-adhesifs-en-plomb\/#breadcrumb","itemListElement":[{"@type":"ListItem","position":1,"name":"Startseite","item":"https:\/\/cardinal-tapes.com\/fr\/accueil\/"},{"@type":"ListItem","position":2,"name":"Rubans adh\u00e9sifs","item":"https:\/\/cardinal-tapes.com\/fr\/rubans-adhesifs-fr\/"},{"@type":"ListItem","position":3,"name":"ABC du ruban adh\u00e9sif","item":"https:\/\/cardinal-tapes.com\/fr\/rubans-adhesifs-fr__trashed\/abc-du-ruban-adhesif\/"},{"@type":"ListItem","position":4,"name":"Rubans adh\u00e9sifs en plomb"}]},{"@type":"WebSite","@id":"https:\/\/cardinal-tapes.com\/#website","url":"https:\/\/cardinal-tapes.com\/","name":"cardinal TAPES","description":"Klebetechnik aus Wuppertal","potentialAction":[{"@type":"SearchAction","target":{"@type":"EntryPoint","urlTemplate":"https:\/\/cardinal-tapes.com\/?s={search_term_string}"},"query-input":{"@type":"PropertyValueSpecification","valueRequired":true,"valueName":"search_term_string"}}],"inLanguage":"fr-FR"}]}},"_links":{"self":[{"href":"https:\/\/cardinal-tapes.com\/fr\/wp-json\/wp\/v2\/pages\/31443","targetHints":{"allow":["GET"]}}],"collection":[{"href":"https:\/\/cardinal-tapes.com\/fr\/wp-json\/wp\/v2\/pages"}],"about":[{"href":"https:\/\/cardinal-tapes.com\/fr\/wp-json\/wp\/v2\/types\/page"}],"author":[{"embeddable":true,"href":"https:\/\/cardinal-tapes.com\/fr\/wp-json\/wp\/v2\/users\/1"}],"replies":[{"embeddable":true,"href":"https:\/\/cardinal-tapes.com\/fr\/wp-json\/wp\/v2\/comments?post=31443"}],"version-history":[{"count":0,"href":"https:\/\/cardinal-tapes.com\/fr\/wp-json\/wp\/v2\/pages\/31443\/revisions"}],"up":[{"embeddable":true,"href":"https:\/\/cardinal-tapes.com\/fr\/wp-json\/wp\/v2\/pages\/30749"}],"wp:attachment":[{"href":"https:\/\/cardinal-tapes.com\/fr\/wp-json\/wp\/v2\/media?parent=31443"}],"curies":[{"name":"wp","href":"https:\/\/api.w.org\/{rel}","templated":true}]}}