{"id":31423,"date":"2023-06-02T10:59:44","date_gmt":"2023-06-02T08:59:44","guid":{"rendered":"https:\/\/cardinal.pixel-tal.de\/rubans-adhesifs\/abc-du-ruban-adhesif\/bandes-en-tissu-de-laine-de-cellulose\/"},"modified":"2023-06-02T11:12:19","modified_gmt":"2023-06-02T09:12:19","slug":"bandes-en-tissu-de-laine-de-cellulose","status":"publish","type":"page","link":"https:\/\/cardinal-tapes.com\/fr\/rubans-adhesifs-fr\/abc-du-ruban-adhesif\/bandes-en-tissu-de-laine-de-cellulose\/","title":{"rendered":"Bandes en tissu de laine de cellulose"},"content":{"rendered":"<div id='av_section_1'  class='avia-section av-87yd1x-4d91b4721abbaecdb9111a513b0ab711 alternate_color avia-section-default avia-no-border-styling  avia-builder-el-0  avia-builder-el-no-sibling  avia-bg-style-scroll container_wrap fullsize'  ><div class='container av-section-cont-open' ><main  role=\"main\" itemprop=\"mainContentOfPage\"  class='template-page content  av-content-full alpha units'><div class='post-entry post-entry-type-page post-entry-31423'><div class='entry-content-wrapper clearfix'>\n<div  class='flex_column av-657e1x-5d0560cfe0b220b6824734a63ac8af5a av_one_full  avia-builder-el-1  el_before_av_one_half  avia-builder-el-first  first flex_column_div  '     ><div class=\"pxl-headline pxl-hl hl-wrap | hl-sub--off hl--align-left hl--no-margin    \">\n        <div class=\"hl-inner\">\n            <h2 class=\"hl-main hl-line |  hl_main--default  \">Bandes en tissu de laine de cellulose<\/h2>\n            \n    <\/div>\n<\/div><\/div><div  class='flex_column av-4nd5th-09643aaa51e3e4091c5e33e83365a5e9 av_one_half  avia-builder-el-3  el_after_av_one_full  el_before_av_one_half  first flex_column_div  column-top-margin'     ><section  class='av_textblock_section av-6fw4d1-8c5869b954445dcceaf70900070385f2 '   itemscope=\"itemscope\" itemtype=\"https:\/\/schema.org\/CreativeWork\" ><div class='avia_textblock'  itemprop=\"text\" ><p>Les rubans en tissu de laine de cellulose pr\u00e9sentent plusieurs caract\u00e9ristiques avantageuses : malgr\u00e9 leur tr\u00e8s fort pouvoir adh\u00e9sif, garanti par une structure de tissu dense, les <a href=\"https:\/\/cardinal-tapes.com\/klebebaender\/\">rubans adh\u00e9sifs<\/a> peuvent \u00eatre retir\u00e9s des supports sans laisser de traces. Gr\u00e2ce \u00e0 la surface de bande sp\u00e9cialement con\u00e7ue, on obtient un faisceau de c\u00e2bles anti-salissures et durablement flexible qui, compar\u00e9 \u00e0 de nombreux autres mat\u00e9riaux de bande, est tr\u00e8s bien prot\u00e9g\u00e9 contre les sollicitations m\u00e9caniques ext\u00e9rieures (par ex. les ar\u00eates vives) et pr\u00e9sente en outre une bonne r\u00e9sistance au froid et \u00e0 la chaleur.<\/p>\n<\/div><\/section><\/div><div  class='flex_column av-2095xh-b32fc8f1883d5a05971533e4d2427222 av_one_half  avia-builder-el-5  el_after_av_one_half  avia-builder-el-last  flex_column_div  column-top-margin'     ><section  class='av_textblock_section av-20y8ph-8fb14af359eec4a4740eea533cec59f7 '   itemscope=\"itemscope\" itemtype=\"https:\/\/schema.org\/CreativeWork\" ><div class='avia_textblock'  itemprop=\"text\" ><h4>Les domaines d&#8217;application des bandes en tissu de laine de cellulose<\/h4>\n<p>Les rubans en tissu de laine de cellulose sont utilis\u00e9s pour le bandage des faisceaux de c\u00e2bles et sont devenus une partie int\u00e9grante de la <a href=\"\/klebebaender\/anwendungsgebiete\/messe-ladenbau\/\">construction de stands<\/a> et de<a href=\"https:\/\/cardinal-tapes.com\/fr\/rubans-adhesifs\/domaines-dapplication\/technique-evenementielle\/\"> l&#8217;\u00e9v\u00e9nementiel<\/a>. Ils servent \u00e0 fixer et \u00e0 regrouper les surfaces tenaces et difficiles.<\/p>\n<p>Si vous n&#8217;avez pas trouv\u00e9 de solution adapt\u00e9e \u00e0 vos besoins ou si vous \u00eates int\u00e9ress\u00e9 par la <a href=\"https:\/\/cardinal-tapes.com\/fr\/confection\/\">confection de rubans adh\u00e9sifs<\/a>, nous vous conseillons volontiers \u00e0 tout moment, \u00e9galement par t\u00e9l\u00e9phone, ou vous pouvez utiliser le formulaire de notre demande de produits afin que nous puissions chercher ensemble une solution.<\/p>\n<\/div><\/section><\/div>\n\n","protected":false},"excerpt":{"rendered":"","protected":false},"author":1,"featured_media":0,"parent":30749,"menu_order":34,"comment_status":"closed","ping_status":"closed","template":"","meta":{"_acf_changed":false,"footnotes":""},"class_list":["post-31423","page","type-page","status-publish","hentry"],"acf":[],"yoast_head":"<!-- This site is optimized with the Yoast SEO plugin v27.3 - https:\/\/yoast.com\/product\/yoast-seo-wordpress\/ -->\n<title>Bandes en tissu de laine de cellulose - cardinal TAPES<\/title>\n<meta name=\"description\" content=\"Les rubans en tissu de laine de cellulose sont utilis\u00e9s pour le bandage des faisceaux de c\u00e2bles et font partie int\u00e9grante de la construction de stands d&#039;exposition et de la technique \u00e9v\u00e9nementielle.\" \/>\n<meta name=\"robots\" content=\"index, follow, max-snippet:-1, max-image-preview:large, max-video-preview:-1\" \/>\n<link rel=\"canonical\" href=\"https:\/\/cardinal-tapes.com\/fr\/rubans-adhesifs-fr__trashed\/abc-du-ruban-adhesif\/bandes-en-tissu-de-laine-de-cellulose\/\" \/>\n<meta property=\"og:locale\" content=\"fr_FR\" \/>\n<meta property=\"og:type\" content=\"article\" \/>\n<meta property=\"og:title\" content=\"Bandes en tissu de laine de cellulose - cardinal TAPES\" \/>\n<meta property=\"og:description\" content=\"Les rubans en tissu de laine de cellulose sont utilis\u00e9s pour le bandage des faisceaux de c\u00e2bles et font partie int\u00e9grante de la construction de stands d&#039;exposition et de la technique \u00e9v\u00e9nementielle.\" \/>\n<meta property=\"og:url\" content=\"https:\/\/cardinal-tapes.com\/fr\/rubans-adhesifs-fr__trashed\/abc-du-ruban-adhesif\/bandes-en-tissu-de-laine-de-cellulose\/\" \/>\n<meta property=\"og:site_name\" content=\"cardinal TAPES\" \/>\n<meta property=\"article:modified_time\" content=\"2023-06-02T09:12:19+00:00\" \/>\n<meta name=\"twitter:card\" content=\"summary_large_image\" \/>\n<meta name=\"twitter:label1\" content=\"Dur\u00e9e de lecture estim\u00e9e\" \/>\n\t<meta name=\"twitter:data1\" content=\"9 minutes\" \/>\n<script type=\"application\/ld+json\" class=\"yoast-schema-graph\">{\"@context\":\"https:\\\/\\\/schema.org\",\"@graph\":[{\"@type\":\"WebPage\",\"@id\":\"https:\\\/\\\/cardinal-tapes.com\\\/fr\\\/rubans-adhesifs-fr__trashed\\\/abc-du-ruban-adhesif\\\/bandes-en-tissu-de-laine-de-cellulose\\\/\",\"url\":\"https:\\\/\\\/cardinal-tapes.com\\\/fr\\\/rubans-adhesifs-fr__trashed\\\/abc-du-ruban-adhesif\\\/bandes-en-tissu-de-laine-de-cellulose\\\/\",\"name\":\"Bandes en tissu de laine de cellulose - cardinal TAPES\",\"isPartOf\":{\"@id\":\"https:\\\/\\\/cardinal-tapes.com\\\/#website\"},\"datePublished\":\"2023-06-02T08:59:44+00:00\",\"dateModified\":\"2023-06-02T09:12:19+00:00\",\"description\":\"Les rubans en tissu de laine de cellulose sont utilis\u00e9s pour le bandage des faisceaux de c\u00e2bles et font partie int\u00e9grante de la construction de stands d'exposition et de la technique \u00e9v\u00e9nementielle.\",\"breadcrumb\":{\"@id\":\"https:\\\/\\\/cardinal-tapes.com\\\/fr\\\/rubans-adhesifs-fr__trashed\\\/abc-du-ruban-adhesif\\\/bandes-en-tissu-de-laine-de-cellulose\\\/#breadcrumb\"},\"inLanguage\":\"fr-FR\",\"potentialAction\":[{\"@type\":\"ReadAction\",\"target\":[\"https:\\\/\\\/cardinal-tapes.com\\\/fr\\\/rubans-adhesifs-fr__trashed\\\/abc-du-ruban-adhesif\\\/bandes-en-tissu-de-laine-de-cellulose\\\/\"]}]},{\"@type\":\"BreadcrumbList\",\"@id\":\"https:\\\/\\\/cardinal-tapes.com\\\/fr\\\/rubans-adhesifs-fr__trashed\\\/abc-du-ruban-adhesif\\\/bandes-en-tissu-de-laine-de-cellulose\\\/#breadcrumb\",\"itemListElement\":[{\"@type\":\"ListItem\",\"position\":1,\"name\":\"Startseite\",\"item\":\"https:\\\/\\\/cardinal-tapes.com\\\/fr\\\/accueil\\\/\"},{\"@type\":\"ListItem\",\"position\":2,\"name\":\"ABC du ruban adh\u00e9sif\",\"item\":\"https:\\\/\\\/cardinal-tapes.com\\\/fr\\\/rubans-adhesifs-fr__trashed\\\/abc-du-ruban-adhesif\\\/\"},{\"@type\":\"ListItem\",\"position\":3,\"name\":\"Bandes en tissu de laine de cellulose\"}]},{\"@type\":\"WebSite\",\"@id\":\"https:\\\/\\\/cardinal-tapes.com\\\/#website\",\"url\":\"https:\\\/\\\/cardinal-tapes.com\\\/\",\"name\":\"cardinal TAPES\",\"description\":\"Klebetechnik aus Wuppertal\",\"potentialAction\":[{\"@type\":\"SearchAction\",\"target\":{\"@type\":\"EntryPoint\",\"urlTemplate\":\"https:\\\/\\\/cardinal-tapes.com\\\/?s={search_term_string}\"},\"query-input\":{\"@type\":\"PropertyValueSpecification\",\"valueRequired\":true,\"valueName\":\"search_term_string\"}}],\"inLanguage\":\"fr-FR\"}]}<\/script>\n<!-- \/ Yoast SEO plugin. -->","yoast_head_json":{"title":"Bandes en tissu de laine de cellulose - cardinal TAPES","description":"Les rubans en tissu de laine de cellulose sont utilis\u00e9s pour le bandage des faisceaux de c\u00e2bles et font partie int\u00e9grante de la construction de stands d'exposition et de la technique \u00e9v\u00e9nementielle.","robots":{"index":"index","follow":"follow","max-snippet":"max-snippet:-1","max-image-preview":"max-image-preview:large","max-video-preview":"max-video-preview:-1"},"canonical":"https:\/\/cardinal-tapes.com\/fr\/rubans-adhesifs-fr__trashed\/abc-du-ruban-adhesif\/bandes-en-tissu-de-laine-de-cellulose\/","og_locale":"fr_FR","og_type":"article","og_title":"Bandes en tissu de laine de cellulose - cardinal TAPES","og_description":"Les rubans en tissu de laine de cellulose sont utilis\u00e9s pour le bandage des faisceaux de c\u00e2bles et font partie int\u00e9grante de la construction de stands d'exposition et de la technique \u00e9v\u00e9nementielle.","og_url":"https:\/\/cardinal-tapes.com\/fr\/rubans-adhesifs-fr__trashed\/abc-du-ruban-adhesif\/bandes-en-tissu-de-laine-de-cellulose\/","og_site_name":"cardinal TAPES","article_modified_time":"2023-06-02T09:12:19+00:00","twitter_card":"summary_large_image","twitter_misc":{"Dur\u00e9e de lecture estim\u00e9e":"9 minutes"},"schema":{"@context":"https:\/\/schema.org","@graph":[{"@type":"WebPage","@id":"https:\/\/cardinal-tapes.com\/fr\/rubans-adhesifs-fr__trashed\/abc-du-ruban-adhesif\/bandes-en-tissu-de-laine-de-cellulose\/","url":"https:\/\/cardinal-tapes.com\/fr\/rubans-adhesifs-fr__trashed\/abc-du-ruban-adhesif\/bandes-en-tissu-de-laine-de-cellulose\/","name":"Bandes en tissu de laine de cellulose - cardinal TAPES","isPartOf":{"@id":"https:\/\/cardinal-tapes.com\/#website"},"datePublished":"2023-06-02T08:59:44+00:00","dateModified":"2023-06-02T09:12:19+00:00","description":"Les rubans en tissu de laine de cellulose sont utilis\u00e9s pour le bandage des faisceaux de c\u00e2bles et font partie int\u00e9grante de la construction de stands d'exposition et de la technique \u00e9v\u00e9nementielle.","breadcrumb":{"@id":"https:\/\/cardinal-tapes.com\/fr\/rubans-adhesifs-fr__trashed\/abc-du-ruban-adhesif\/bandes-en-tissu-de-laine-de-cellulose\/#breadcrumb"},"inLanguage":"fr-FR","potentialAction":[{"@type":"ReadAction","target":["https:\/\/cardinal-tapes.com\/fr\/rubans-adhesifs-fr__trashed\/abc-du-ruban-adhesif\/bandes-en-tissu-de-laine-de-cellulose\/"]}]},{"@type":"BreadcrumbList","@id":"https:\/\/cardinal-tapes.com\/fr\/rubans-adhesifs-fr__trashed\/abc-du-ruban-adhesif\/bandes-en-tissu-de-laine-de-cellulose\/#breadcrumb","itemListElement":[{"@type":"ListItem","position":1,"name":"Startseite","item":"https:\/\/cardinal-tapes.com\/fr\/accueil\/"},{"@type":"ListItem","position":2,"name":"ABC du ruban adh\u00e9sif","item":"https:\/\/cardinal-tapes.com\/fr\/rubans-adhesifs-fr__trashed\/abc-du-ruban-adhesif\/"},{"@type":"ListItem","position":3,"name":"Bandes en tissu de laine de cellulose"}]},{"@type":"WebSite","@id":"https:\/\/cardinal-tapes.com\/#website","url":"https:\/\/cardinal-tapes.com\/","name":"cardinal TAPES","description":"Klebetechnik aus Wuppertal","potentialAction":[{"@type":"SearchAction","target":{"@type":"EntryPoint","urlTemplate":"https:\/\/cardinal-tapes.com\/?s={search_term_string}"},"query-input":{"@type":"PropertyValueSpecification","valueRequired":true,"valueName":"search_term_string"}}],"inLanguage":"fr-FR"}]}},"_links":{"self":[{"href":"https:\/\/cardinal-tapes.com\/fr\/wp-json\/wp\/v2\/pages\/31423","targetHints":{"allow":["GET"]}}],"collection":[{"href":"https:\/\/cardinal-tapes.com\/fr\/wp-json\/wp\/v2\/pages"}],"about":[{"href":"https:\/\/cardinal-tapes.com\/fr\/wp-json\/wp\/v2\/types\/page"}],"author":[{"embeddable":true,"href":"https:\/\/cardinal-tapes.com\/fr\/wp-json\/wp\/v2\/users\/1"}],"replies":[{"embeddable":true,"href":"https:\/\/cardinal-tapes.com\/fr\/wp-json\/wp\/v2\/comments?post=31423"}],"version-history":[{"count":0,"href":"https:\/\/cardinal-tapes.com\/fr\/wp-json\/wp\/v2\/pages\/31423\/revisions"}],"up":[{"embeddable":true,"href":"https:\/\/cardinal-tapes.com\/fr\/wp-json\/wp\/v2\/pages\/30749"}],"wp:attachment":[{"href":"https:\/\/cardinal-tapes.com\/fr\/wp-json\/wp\/v2\/media?parent=31423"}],"curies":[{"name":"wp","href":"https:\/\/api.w.org\/{rel}","templated":true}]}}