{"id":31405,"date":"2023-06-02T10:59:44","date_gmt":"2023-06-02T08:59:44","guid":{"rendered":"https:\/\/cardinal.pixel-tal.de\/rubans-adhesifs\/abc-du-ruban-adhesif\/bandes-revetues-de-pe\/"},"modified":"2023-06-14T10:47:07","modified_gmt":"2023-06-14T08:47:07","slug":"bandes-revetues-de-pe","status":"publish","type":"page","link":"https:\/\/cardinal-tapes.com\/fr\/rubans-adhesifs-fr\/abc-du-ruban-adhesif\/bandes-revetues-de-pe\/","title":{"rendered":"Bandes rev\u00eatues de PE"},"content":{"rendered":"<div id='av_section_1'  class='avia-section av-czzs17-04c6907d3162c6ce0d5d23fb0fda68ec alternate_color avia-section-default avia-no-border-styling  avia-builder-el-0  el_before_av_section  avia-builder-el-first  avia-bg-style-scroll container_wrap fullsize'  ><div class='container av-section-cont-open' ><main  role=\"main\" itemprop=\"mainContentOfPage\"  class='template-page content  av-content-full alpha units'><div class='post-entry post-entry-type-page post-entry-31405'><div class='entry-content-wrapper clearfix'>\n<div  class='flex_column av-9v94x7-eac6463870a0152eadcc917f1ca330b9 av_one_full  avia-builder-el-1  el_before_av_one_half  avia-builder-el-first  first flex_column_div  '     ><div class=\"pxl-headline pxl-hl hl-wrap | hl-sub--off hl--align-left hl--no-margin    \">\n        <div class=\"hl-inner\">\n            <h2 class=\"hl-main hl-line |  hl_main--default  \">Bandes rev\u00eatues de PE<\/h2>\n            \n    <\/div>\n<\/div><\/div><div  class='flex_column av-ggf4r-5b9ed9dbffe357ac0d5a338040c26d89 av_one_half  avia-builder-el-3  el_after_av_one_full  el_before_av_one_half  first flex_column_div  column-top-margin'     ><section  class='av_textblock_section av-2v1pcr-c5ab047475a2217aa9986a9b44509a22 '   itemscope=\"itemscope\" itemtype=\"https:\/\/schema.org\/CreativeWork\" ><div class='avia_textblock'  itemprop=\"text\" ><p>En raison des propri\u00e9t\u00e9s de leur mat\u00e9riau, les rubans enduits de PE font partie des rubans adh\u00e9sifs extr\u00eamement polyvalents. Le rev\u00eatement en poly\u00e9thyl\u00e8ne, une mati\u00e8re thermoplastique r\u00e9sistante, permet de l&#8217;utiliser dans les sc\u00e9narios d&#8217;application les plus divers. La gamme s&#8217;\u00e9tend de l&#8217;utilisation temporaire dans le domaine de la construction de fen\u00eatres et d&#8217;escaliers ainsi que dans les ateliers ou pour la pose de sols et de toitures jusqu&#8217;aux travaux de r\u00e9paration permanents.<\/p>\n<p>Nous proposons \u00e0 nos clients de <a href=\"https:\/\/cardinal-tapes.com\/fr\/confection\/\">confectionner les rubans individuellement, selon leurs souhaits<\/a>. N&#8217;h\u00e9sitez pas \u00e0 contacter nos experts de longue date pour de plus amples informations.<\/p>\n<\/div><\/section><\/div><div  class='flex_column av-7ffwwr-04ac9e7b11859c7116e4a64f1814f2cf av_one_half  avia-builder-el-5  el_after_av_one_half  avia-builder-el-last  flex_column_div  column-top-margin'     ><section  class='av_textblock_section av-84nu3f-8445e7b9c7bdcc51915f80e70732739e '   itemscope=\"itemscope\" itemtype=\"https:\/\/schema.org\/CreativeWork\" ><div class='avia_textblock small'  itemprop=\"text\" ><h4>Bandes rev\u00eatues de PE &#8211; les avantages<\/h4>\n<p>Gr\u00e2ce au rev\u00eatement en PE, les bandes sont extr\u00eamement r\u00e9sistantes \u00e0 l&#8217;humidit\u00e9, aux intemp\u00e9ries et aux temp\u00e9ratures. De plus, ils se distinguent par leur pouvoir adh\u00e9sif \u00e9lev\u00e9, ce qui leur permet d&#8217;adh\u00e9rer de mani\u00e8re s\u00fbre m\u00eame sur des supports poussi\u00e9reux et irr\u00e9guliers. Gr\u00e2ce \u00e0 la flexibilit\u00e9 des bandes rev\u00eatues de PE, elles peuvent n\u00e9anmoins \u00eatre appliqu\u00e9es avec pr\u00e9cision sur presque toutes les surfaces. La colle au caoutchouc non corrosive utilis\u00e9e garantit que les rubans n&#8217;exercent aucune influence sur le support coll\u00e9 malgr\u00e9 leur pouvoir adh\u00e9sif \u00e9lev\u00e9 et qu&#8217;ils peuvent \u00eatre retir\u00e9s sans laisser de traces. Selon les propri\u00e9t\u00e9s souhait\u00e9es, les bandes PE peuvent \u00eatre aussi bien facilement d\u00e9chirables, et donc tr\u00e8s confortables \u00e0 utiliser, qu&#8217;extr\u00eamement r\u00e9sistantes \u00e0 la d\u00e9chirure. Les bandes se montrent \u00e9galement robustes face aux influences m\u00e9caniques telles que le frottement et la pression, qui peuvent notamment survenir lors de l&#8217;utilisation sur les chantiers. Les bandes rev\u00eatues de PE peuvent \u00eatre marqu\u00e9es et imprim\u00e9es avec pr\u00e9cision.<\/p>\n<\/div><\/section><\/div>\n\n<\/div><\/div><\/main><!-- close content main element --><\/div><\/div><div id='av_section_2'  class='avia-section av-5g2wcb-1a70fe5b3af73e10cd52b943e7fee60b main_color avia-section-default avia-no-border-styling  avia-builder-el-7  el_after_av_section  avia-builder-el-last  gradient-section avia-bg-style-scroll container_wrap fullsize'  ><div class='container av-section-cont-open' ><div class='template-page content  av-content-full alpha units'><div class='post-entry post-entry-type-page post-entry-31405'><div class='entry-content-wrapper clearfix'>\n<div  class='flex_column av-3wuijv-4c8d4853bb0a7998b12c74185e514826 av_one_full  avia-builder-el-8  avia-builder-el-no-sibling  first flex_column_div  '     ><p><div class=\"pxl-headline pxl-hl hl-wrap | hl-sub--off hl--align-left hl--no-margin    \">\n        <div class=\"hl-inner\">\n            <h2 class=\"hl-main hl-line |  hl_main--default  \">Produits int\u00e9ressants<\/h2>\n            \n    <\/div>\n<\/div>\n<br \/>\n<div   data-autoplay=''  data-interval='5'  data-animation='fade'  data-hoverpause='1'  class='template-shop avia-content-slider avia-content-slider-active avia-product-slider1 avia-content-slider-even  avia-builder-el-10  el_after_pixel_sc_headline  el_before_av_button   shop_columns_4' ><div class='avia-content-slider-inner'><ul class=\"products slide-entry-wrap\"><li class=\"product type-product post-51558 status-publish first instock product_cat-rubans-adhesifs-simple-face product_cat-ruban-enduit-de-pe product_cat-ruban-adhesif-en-tissu product_cat-ruban-enduit-de-plastique has-post-thumbnail taxable shipping-taxable purchasable product-type-variable\">\n\t<div class='inner_product main_color wrapped_style noLightbox  av-product-class-no_button'><a href=\"https:\/\/cardinal-tapes.com\/fr\/rubans-adh\u00e9sifs\/rubans-adhesifs-simple-face\/ruban-enduit-de-pe\/ca-33-pe-bande-adhesive-tissee-enduite\/\" class=\"woocommerce-LoopProduct-link woocommerce-loop-product__link\"><div class=\"thumbnail_container\"><img decoding=\"async\" loading=\"lazy\" width=\"450\" height=\"450\" src=\"https:\/\/cardinal-tapes.com\/wp-content\/uploads\/ca-33_01-450x450.jpg\" class=\"wp-image-27824 avia-img-lazy-loading-27824 attachment-shop_catalog size-shop_catalog wp-post-image\" alt=\"CA-33 Bordure de tapis plastifi\u00e9e - d&#039;un c\u00f4t\u00e9, Tissu, Caoutchouc naturel - Illustration 27824\" srcset=\"https:\/\/cardinal-tapes.com\/wp-content\/uploads\/ca-33_01-450x450.jpg 450w, https:\/\/cardinal-tapes.com\/wp-content\/uploads\/ca-33_01-120x120.jpg 120w, https:\/\/cardinal-tapes.com\/wp-content\/uploads\/ca-33_01-80x80.jpg 80w, https:\/\/cardinal-tapes.com\/wp-content\/uploads\/ca-33_01-200x200.jpg 200w, https:\/\/cardinal-tapes.com\/wp-content\/uploads\/ca-33_01-768x768.jpg 768w, https:\/\/cardinal-tapes.com\/wp-content\/uploads\/ca-33_01-1030x1030.jpg 1030w, https:\/\/cardinal-tapes.com\/wp-content\/uploads\/ca-33_01-36x36.jpg 36w, https:\/\/cardinal-tapes.com\/wp-content\/uploads\/ca-33_01-180x180.jpg 180w, https:\/\/cardinal-tapes.com\/wp-content\/uploads\/ca-33_01-705x705.jpg 705w, https:\/\/cardinal-tapes.com\/wp-content\/uploads\/ca-33_01-100x100.jpg 100w, https:\/\/cardinal-tapes.com\/wp-content\/uploads\/ca-33_01.jpg 1400w\" sizes=\"auto, (max-width: 450px) 100vw, 450px\" \/><\/div><div class='inner_product_header'><div class='avia-arrow'><\/div><div class='inner_product_header_table'><div class='inner_product_header_cell'><span class=\"is-h2 woocommerce-loop-product__title\">CA-33 Bordure de tapis plastifi\u00e9e<\/span>\t\t<div class=\"product-infos\">\n\t\t\t\t\t\t\t<span class='product-infos__item'><b>Rev\u00eatement:<\/b> d'un c\u00f4t\u00e9<\/span>\n\t\t\t\t\t\t\t\t\t\t<span class='product-infos__item'><b>Type de mat\u00e9riau:<\/b> Tissu<\/span>\n\t\t\t\t\t\t\t\t\t\t<span class='product-infos__item'><b>Fabricant:<\/b> cardinal GmbH<\/span>\n\t\t\t\t\t\t\t\t\t\t<span class='product-infos__item'><b>Prix sur demande<\/b><\/span>\n\t\t\t\t\t<\/div>\n\t<\/div><\/div><\/div><\/a><\/div><\/li>\n<li class=\"product type-product post-41780 status-publish instock product_cat-ruban-adhesif-en-tissu product_cat-ruban-enduit-de-plastique product_cat-rubans-adhesifs-simple-face product_cat-ruban-enduit-de-pe has-post-thumbnail taxable shipping-taxable purchasable product-type-variable\">\n\t<div class='inner_product main_color wrapped_style noLightbox  av-product-class-no_button'><a href=\"https:\/\/cardinal-tapes.com\/fr\/rubans-adh\u00e9sifs\/rubans-adhesifs-simple-face\/ruban-enduit-de-pe\/at160-bande-tissu-etanche-de-qualite-premiere-surface-mat\/\" class=\"woocommerce-LoopProduct-link woocommerce-loop-product__link\"><div class=\"thumbnail_container\"><img decoding=\"async\" loading=\"lazy\" width=\"450\" height=\"450\" src=\"https:\/\/cardinal-tapes.com\/wp-content\/uploads\/Advance-Tapes_AT160_Group-450x450.jpg\" class=\"wp-image-28612 avia-img-lazy-loading-28612 attachment-shop_catalog size-shop_catalog wp-post-image\" alt=\"AT160 Bande tiss\u00e9e \u00e9tanche avec surface mate - d&#039;un c\u00f4t\u00e9, Tissu, Caoutchouc naturel - Illustration 28612\" srcset=\"https:\/\/cardinal-tapes.com\/wp-content\/uploads\/Advance-Tapes_AT160_Group-450x450.jpg 450w, https:\/\/cardinal-tapes.com\/wp-content\/uploads\/Advance-Tapes_AT160_Group-120x120.jpg 120w, https:\/\/cardinal-tapes.com\/wp-content\/uploads\/Advance-Tapes_AT160_Group-80x80.jpg 80w, https:\/\/cardinal-tapes.com\/wp-content\/uploads\/Advance-Tapes_AT160_Group-200x200.jpg 200w, https:\/\/cardinal-tapes.com\/wp-content\/uploads\/Advance-Tapes_AT160_Group-36x36.jpg 36w, https:\/\/cardinal-tapes.com\/wp-content\/uploads\/Advance-Tapes_AT160_Group-180x180.jpg 180w, https:\/\/cardinal-tapes.com\/wp-content\/uploads\/Advance-Tapes_AT160_Group-100x100.jpg 100w, https:\/\/cardinal-tapes.com\/wp-content\/uploads\/Advance-Tapes_AT160_Group.jpg 600w\" sizes=\"auto, (max-width: 450px) 100vw, 450px\" \/><\/div><div class='inner_product_header'><div class='avia-arrow'><\/div><div class='inner_product_header_table'><div class='inner_product_header_cell'><span class=\"is-h2 woocommerce-loop-product__title\">AT160 Bande tiss\u00e9e \u00e9tanche avec surface mate<\/span>\t\t<div class=\"product-infos\">\n\t\t\t\t\t\t\t<span class='product-infos__item'><b>Rev\u00eatement:<\/b> d'un c\u00f4t\u00e9<\/span>\n\t\t\t\t\t\t\t\t\t\t<span class='product-infos__item'><b>Type de mat\u00e9riau:<\/b> Tissu<\/span>\n\t\t\t\t\t\t\t\t\t\t<span class='product-infos__item'><b>Fabricant:<\/b> Advance Tapes<\/span>\n\t\t\t\t\t\t\t\t\t\t<span class='product-infos__item'><b>Prix sur demande<\/b><\/span>\n\t\t\t\t\t<\/div>\n\t<\/div><\/div><\/div><\/a><\/div><\/li>\n<li class=\"product type-product post-42392 status-publish instock product_cat-ruban-enduit-de-plastique product_cat-rubans-adhesifs-simple-face product_cat-ruban-enduit-de-pe product_cat-ruban-adhesif-en-tissu has-post-thumbnail taxable shipping-taxable purchasable product-type-variable\">\n\t<div class='inner_product main_color wrapped_style noLightbox  av-product-class-no_button'><a href=\"https:\/\/cardinal-tapes.com\/fr\/rubans-adh\u00e9sifs\/rubans-adhesifs-simple-face\/ruban-enduit-de-pe\/at159-bande-tissu-resistant-a-leau-avec-surface-matiere\/\" class=\"woocommerce-LoopProduct-link woocommerce-loop-product__link\"><div class=\"thumbnail_container\"><img decoding=\"async\" loading=\"lazy\" width=\"450\" height=\"450\" src=\"https:\/\/cardinal-tapes.com\/wp-content\/uploads\/Advance-Tapes_AT160_Group-450x450.jpg\" class=\"wp-image-28612 avia-img-lazy-loading-28612 attachment-shop_catalog size-shop_catalog wp-post-image\" alt=\"AT159 Bande tiss\u00e9e r\u00e9sistante \u00e0 l&#039;eau avec surface mate - d&#039;un c\u00f4t\u00e9, Tissu, Caoutchouc naturel - Illustration 28612\" srcset=\"https:\/\/cardinal-tapes.com\/wp-content\/uploads\/Advance-Tapes_AT160_Group-450x450.jpg 450w, https:\/\/cardinal-tapes.com\/wp-content\/uploads\/Advance-Tapes_AT160_Group-120x120.jpg 120w, https:\/\/cardinal-tapes.com\/wp-content\/uploads\/Advance-Tapes_AT160_Group-80x80.jpg 80w, https:\/\/cardinal-tapes.com\/wp-content\/uploads\/Advance-Tapes_AT160_Group-200x200.jpg 200w, https:\/\/cardinal-tapes.com\/wp-content\/uploads\/Advance-Tapes_AT160_Group-36x36.jpg 36w, https:\/\/cardinal-tapes.com\/wp-content\/uploads\/Advance-Tapes_AT160_Group-180x180.jpg 180w, https:\/\/cardinal-tapes.com\/wp-content\/uploads\/Advance-Tapes_AT160_Group-100x100.jpg 100w, https:\/\/cardinal-tapes.com\/wp-content\/uploads\/Advance-Tapes_AT160_Group.jpg 600w\" sizes=\"auto, (max-width: 450px) 100vw, 450px\" \/><\/div><div class='inner_product_header'><div class='avia-arrow'><\/div><div class='inner_product_header_table'><div class='inner_product_header_cell'><span class=\"is-h2 woocommerce-loop-product__title\">AT159 Bande tiss\u00e9e r\u00e9sistante \u00e0 l&#8217;eau avec surface mate<\/span>\t\t<div class=\"product-infos\">\n\t\t\t\t\t\t\t<span class='product-infos__item'><b>Rev\u00eatement:<\/b> d'un c\u00f4t\u00e9<\/span>\n\t\t\t\t\t\t\t\t\t\t<span class='product-infos__item'><b>Type de mat\u00e9riau:<\/b> Tissu<\/span>\n\t\t\t\t\t\t\t\t\t\t<span class='product-infos__item'><b>Fabricant:<\/b> Advance Tapes<\/span>\n\t\t\t\t\t\t\t\t\t\t<span class='product-infos__item'><b>Prix sur demande<\/b><\/span>\n\t\t\t\t\t<\/div>\n\t<\/div><\/div><\/div><\/a><\/div><\/li>\n<li class=\"product type-product post-55194 status-publish last instock product_cat-ruban-enduit-de-pe product_cat-rubans-adhesifs-simple-face has-post-thumbnail taxable shipping-taxable purchasable product-type-variable\">\n\t<div class='inner_product main_color wrapped_style noLightbox  av-product-class-no_button'><a href=\"https:\/\/cardinal-tapes.com\/fr\/rubans-adh\u00e9sifs\/rubans-adhesifs-simple-face\/ruban-enduit-de-pe\/ca-773-pe-bande-adhesive\/\" class=\"woocommerce-LoopProduct-link woocommerce-loop-product__link\"><div class=\"thumbnail_container\"><img decoding=\"async\" loading=\"lazy\" width=\"450\" height=\"450\" src=\"https:\/\/cardinal-tapes.com\/wp-content\/uploads\/CA_773_02-1-450x450.jpg\" class=\"wp-image-26916 avia-img-lazy-loading-26916 attachment-shop_catalog size-shop_catalog wp-post-image\" alt=\"CA-773 Ruban adh\u00e9sif PE - d&#039;un c\u00f4t\u00e9, Film PE, Caoutchouc naturel - Illustration 26916\" srcset=\"https:\/\/cardinal-tapes.com\/wp-content\/uploads\/CA_773_02-1-450x450.jpg 450w, https:\/\/cardinal-tapes.com\/wp-content\/uploads\/CA_773_02-1-120x120.jpg 120w, https:\/\/cardinal-tapes.com\/wp-content\/uploads\/CA_773_02-1-80x80.jpg 80w, https:\/\/cardinal-tapes.com\/wp-content\/uploads\/CA_773_02-1-200x200.jpg 200w, https:\/\/cardinal-tapes.com\/wp-content\/uploads\/CA_773_02-1-768x768.jpg 768w, https:\/\/cardinal-tapes.com\/wp-content\/uploads\/CA_773_02-1-1030x1030.jpg 1030w, https:\/\/cardinal-tapes.com\/wp-content\/uploads\/CA_773_02-1-36x36.jpg 36w, https:\/\/cardinal-tapes.com\/wp-content\/uploads\/CA_773_02-1-180x180.jpg 180w, https:\/\/cardinal-tapes.com\/wp-content\/uploads\/CA_773_02-1-705x705.jpg 705w, https:\/\/cardinal-tapes.com\/wp-content\/uploads\/CA_773_02-1-100x100.jpg 100w, https:\/\/cardinal-tapes.com\/wp-content\/uploads\/CA_773_02-1.jpg 1400w\" sizes=\"auto, (max-width: 450px) 100vw, 450px\" \/><\/div><div class='inner_product_header'><div class='avia-arrow'><\/div><div class='inner_product_header_table'><div class='inner_product_header_cell'><span class=\"is-h2 woocommerce-loop-product__title\">CA-773 Ruban adh\u00e9sif PE<\/span>\t\t<div class=\"product-infos\">\n\t\t\t\t\t\t\t<span class='product-infos__item'><b>Rev\u00eatement:<\/b> d'un c\u00f4t\u00e9<\/span>\n\t\t\t\t\t\t\t\t\t\t<span class='product-infos__item'><b>Type de mat\u00e9riau:<\/b> Film PE<\/span>\n\t\t\t\t\t\t\t\t\t\t<span class='product-infos__item'><b>Fabricant:<\/b> cardinal GmbH<\/span>\n\t\t\t\t\t\t\t\t\t\t<span class='product-infos__item'><b>Prix sur demande<\/b><\/span>\n\t\t\t\t\t<\/div>\n\t<\/div><\/div><\/div><\/a><\/div><\/li>\n<\/ul><\/div><\/div><div class=\"clear\"><\/div><br \/>\n<div  class='avia-button-wrap av-1wy7jf-b87cc39a91fd9262dec534b54b625846-wrap avia-button-left '><a href='https:\/\/cardinal-tapes.com\/klebebaender\/'  class='avia-button av-1wy7jf-b87cc39a91fd9262dec534b54b625846 avia-icon_select-no avia-size-medium avia-position-left avia-color-theme-color layout-border color-white'  ><span class='avia_iconbox_title' >Tous les produits<\/span><\/a><\/div><\/p><\/div>\n","protected":false},"excerpt":{"rendered":"","protected":false},"author":1,"featured_media":0,"parent":30749,"menu_order":0,"comment_status":"closed","ping_status":"closed","template":"","meta":{"_acf_changed":false,"footnotes":""},"class_list":["post-31405","page","type-page","status-publish","hentry"],"acf":[],"yoast_head":"<!-- This site is optimized with the Yoast SEO plugin v27.3 - https:\/\/yoast.com\/product\/yoast-seo-wordpress\/ -->\n<title>Bandes rev\u00eatues de PE - cardinal TAPES<\/title>\n<meta name=\"description\" content=\"En raison des propri\u00e9t\u00e9s de leur mat\u00e9riau, les rubans enduits de PE font partie des rubans adh\u00e9sifs extr\u00eamement polyvalents. En savoir plus.\" \/>\n<meta name=\"robots\" content=\"index, follow, max-snippet:-1, max-image-preview:large, max-video-preview:-1\" \/>\n<link rel=\"canonical\" href=\"https:\/\/cardinal-tapes.com\/fr\/rubans-adhesifs-fr\/abc-du-ruban-adhesif\/bandes-revetues-de-pe\/\" \/>\n<meta property=\"og:locale\" content=\"fr_FR\" \/>\n<meta property=\"og:type\" content=\"article\" \/>\n<meta property=\"og:title\" content=\"Bandes rev\u00eatues de PE - cardinal TAPES\" \/>\n<meta property=\"og:description\" content=\"En raison des propri\u00e9t\u00e9s de leur mat\u00e9riau, les rubans enduits de PE font partie des rubans adh\u00e9sifs extr\u00eamement polyvalents. En savoir plus.\" \/>\n<meta property=\"og:url\" content=\"https:\/\/cardinal-tapes.com\/fr\/rubans-adhesifs-fr\/abc-du-ruban-adhesif\/bandes-revetues-de-pe\/\" \/>\n<meta property=\"og:site_name\" content=\"cardinal TAPES\" \/>\n<meta property=\"article:modified_time\" content=\"2023-06-14T08:47:07+00:00\" \/>\n<meta name=\"twitter:card\" content=\"summary_large_image\" \/>\n<meta name=\"twitter:label1\" content=\"Dur\u00e9e de lecture estim\u00e9e\" \/>\n\t<meta name=\"twitter:data1\" content=\"15 minutes\" \/>\n<script type=\"application\/ld+json\" class=\"yoast-schema-graph\">{\"@context\":\"https:\\\/\\\/schema.org\",\"@graph\":[{\"@type\":\"WebPage\",\"@id\":\"https:\\\/\\\/cardinal-tapes.com\\\/fr\\\/rubans-adhesifs-fr\\\/abc-du-ruban-adhesif\\\/bandes-revetues-de-pe\\\/\",\"url\":\"https:\\\/\\\/cardinal-tapes.com\\\/fr\\\/rubans-adhesifs-fr\\\/abc-du-ruban-adhesif\\\/bandes-revetues-de-pe\\\/\",\"name\":\"Bandes rev\u00eatues de PE - cardinal TAPES\",\"isPartOf\":{\"@id\":\"https:\\\/\\\/cardinal-tapes.com\\\/#website\"},\"datePublished\":\"2023-06-02T08:59:44+00:00\",\"dateModified\":\"2023-06-14T08:47:07+00:00\",\"description\":\"En raison des propri\u00e9t\u00e9s de leur mat\u00e9riau, les rubans enduits de PE font partie des rubans adh\u00e9sifs extr\u00eamement polyvalents. En savoir plus.\",\"breadcrumb\":{\"@id\":\"https:\\\/\\\/cardinal-tapes.com\\\/fr\\\/rubans-adhesifs-fr\\\/abc-du-ruban-adhesif\\\/bandes-revetues-de-pe\\\/#breadcrumb\"},\"inLanguage\":\"fr-FR\",\"potentialAction\":[{\"@type\":\"ReadAction\",\"target\":[\"https:\\\/\\\/cardinal-tapes.com\\\/fr\\\/rubans-adhesifs-fr\\\/abc-du-ruban-adhesif\\\/bandes-revetues-de-pe\\\/\"]}]},{\"@type\":\"BreadcrumbList\",\"@id\":\"https:\\\/\\\/cardinal-tapes.com\\\/fr\\\/rubans-adhesifs-fr\\\/abc-du-ruban-adhesif\\\/bandes-revetues-de-pe\\\/#breadcrumb\",\"itemListElement\":[{\"@type\":\"ListItem\",\"position\":1,\"name\":\"Startseite\",\"item\":\"https:\\\/\\\/cardinal-tapes.com\\\/fr\\\/accueil\\\/\"},{\"@type\":\"ListItem\",\"position\":2,\"name\":\"Rubans adh\u00e9sifs\",\"item\":\"https:\\\/\\\/cardinal-tapes.com\\\/fr\\\/rubans-adhesifs-fr\\\/\"},{\"@type\":\"ListItem\",\"position\":3,\"name\":\"ABC du ruban adh\u00e9sif\",\"item\":\"https:\\\/\\\/cardinal-tapes.com\\\/fr\\\/rubans-adhesifs-fr__trashed\\\/abc-du-ruban-adhesif\\\/\"},{\"@type\":\"ListItem\",\"position\":4,\"name\":\"Bandes rev\u00eatues de PE\"}]},{\"@type\":\"WebSite\",\"@id\":\"https:\\\/\\\/cardinal-tapes.com\\\/#website\",\"url\":\"https:\\\/\\\/cardinal-tapes.com\\\/\",\"name\":\"cardinal TAPES\",\"description\":\"Klebetechnik aus Wuppertal\",\"potentialAction\":[{\"@type\":\"SearchAction\",\"target\":{\"@type\":\"EntryPoint\",\"urlTemplate\":\"https:\\\/\\\/cardinal-tapes.com\\\/?s={search_term_string}\"},\"query-input\":{\"@type\":\"PropertyValueSpecification\",\"valueRequired\":true,\"valueName\":\"search_term_string\"}}],\"inLanguage\":\"fr-FR\"}]}<\/script>\n<!-- \/ Yoast SEO plugin. -->","yoast_head_json":{"title":"Bandes rev\u00eatues de PE - cardinal TAPES","description":"En raison des propri\u00e9t\u00e9s de leur mat\u00e9riau, les rubans enduits de PE font partie des rubans adh\u00e9sifs extr\u00eamement polyvalents. En savoir plus.","robots":{"index":"index","follow":"follow","max-snippet":"max-snippet:-1","max-image-preview":"max-image-preview:large","max-video-preview":"max-video-preview:-1"},"canonical":"https:\/\/cardinal-tapes.com\/fr\/rubans-adhesifs-fr\/abc-du-ruban-adhesif\/bandes-revetues-de-pe\/","og_locale":"fr_FR","og_type":"article","og_title":"Bandes rev\u00eatues de PE - cardinal TAPES","og_description":"En raison des propri\u00e9t\u00e9s de leur mat\u00e9riau, les rubans enduits de PE font partie des rubans adh\u00e9sifs extr\u00eamement polyvalents. En savoir plus.","og_url":"https:\/\/cardinal-tapes.com\/fr\/rubans-adhesifs-fr\/abc-du-ruban-adhesif\/bandes-revetues-de-pe\/","og_site_name":"cardinal TAPES","article_modified_time":"2023-06-14T08:47:07+00:00","twitter_card":"summary_large_image","twitter_misc":{"Dur\u00e9e de lecture estim\u00e9e":"15 minutes"},"schema":{"@context":"https:\/\/schema.org","@graph":[{"@type":"WebPage","@id":"https:\/\/cardinal-tapes.com\/fr\/rubans-adhesifs-fr\/abc-du-ruban-adhesif\/bandes-revetues-de-pe\/","url":"https:\/\/cardinal-tapes.com\/fr\/rubans-adhesifs-fr\/abc-du-ruban-adhesif\/bandes-revetues-de-pe\/","name":"Bandes rev\u00eatues de PE - cardinal TAPES","isPartOf":{"@id":"https:\/\/cardinal-tapes.com\/#website"},"datePublished":"2023-06-02T08:59:44+00:00","dateModified":"2023-06-14T08:47:07+00:00","description":"En raison des propri\u00e9t\u00e9s de leur mat\u00e9riau, les rubans enduits de PE font partie des rubans adh\u00e9sifs extr\u00eamement polyvalents. En savoir plus.","breadcrumb":{"@id":"https:\/\/cardinal-tapes.com\/fr\/rubans-adhesifs-fr\/abc-du-ruban-adhesif\/bandes-revetues-de-pe\/#breadcrumb"},"inLanguage":"fr-FR","potentialAction":[{"@type":"ReadAction","target":["https:\/\/cardinal-tapes.com\/fr\/rubans-adhesifs-fr\/abc-du-ruban-adhesif\/bandes-revetues-de-pe\/"]}]},{"@type":"BreadcrumbList","@id":"https:\/\/cardinal-tapes.com\/fr\/rubans-adhesifs-fr\/abc-du-ruban-adhesif\/bandes-revetues-de-pe\/#breadcrumb","itemListElement":[{"@type":"ListItem","position":1,"name":"Startseite","item":"https:\/\/cardinal-tapes.com\/fr\/accueil\/"},{"@type":"ListItem","position":2,"name":"Rubans adh\u00e9sifs","item":"https:\/\/cardinal-tapes.com\/fr\/rubans-adhesifs-fr\/"},{"@type":"ListItem","position":3,"name":"ABC du ruban adh\u00e9sif","item":"https:\/\/cardinal-tapes.com\/fr\/rubans-adhesifs-fr__trashed\/abc-du-ruban-adhesif\/"},{"@type":"ListItem","position":4,"name":"Bandes rev\u00eatues de PE"}]},{"@type":"WebSite","@id":"https:\/\/cardinal-tapes.com\/#website","url":"https:\/\/cardinal-tapes.com\/","name":"cardinal TAPES","description":"Klebetechnik aus Wuppertal","potentialAction":[{"@type":"SearchAction","target":{"@type":"EntryPoint","urlTemplate":"https:\/\/cardinal-tapes.com\/?s={search_term_string}"},"query-input":{"@type":"PropertyValueSpecification","valueRequired":true,"valueName":"search_term_string"}}],"inLanguage":"fr-FR"}]}},"_links":{"self":[{"href":"https:\/\/cardinal-tapes.com\/fr\/wp-json\/wp\/v2\/pages\/31405","targetHints":{"allow":["GET"]}}],"collection":[{"href":"https:\/\/cardinal-tapes.com\/fr\/wp-json\/wp\/v2\/pages"}],"about":[{"href":"https:\/\/cardinal-tapes.com\/fr\/wp-json\/wp\/v2\/types\/page"}],"author":[{"embeddable":true,"href":"https:\/\/cardinal-tapes.com\/fr\/wp-json\/wp\/v2\/users\/1"}],"replies":[{"embeddable":true,"href":"https:\/\/cardinal-tapes.com\/fr\/wp-json\/wp\/v2\/comments?post=31405"}],"version-history":[{"count":0,"href":"https:\/\/cardinal-tapes.com\/fr\/wp-json\/wp\/v2\/pages\/31405\/revisions"}],"up":[{"embeddable":true,"href":"https:\/\/cardinal-tapes.com\/fr\/wp-json\/wp\/v2\/pages\/30749"}],"wp:attachment":[{"href":"https:\/\/cardinal-tapes.com\/fr\/wp-json\/wp\/v2\/media?parent=31405"}],"curies":[{"name":"wp","href":"https:\/\/api.w.org\/{rel}","templated":true}]}}