{"id":31366,"date":"2023-06-02T10:59:43","date_gmt":"2023-06-02T08:59:43","guid":{"rendered":"https:\/\/cardinal.pixel-tal.de\/rubans-adhesifs\/abc-du-ruban-adhesif\/rubans-adhesifs-en-aluminium\/"},"modified":"2023-06-14T10:47:06","modified_gmt":"2023-06-14T08:47:06","slug":"rubans-adhesifs-en-aluminium","status":"publish","type":"page","link":"https:\/\/cardinal-tapes.com\/fr\/rubans-adhesifs-fr\/abc-du-ruban-adhesif\/rubans-adhesifs-en-aluminium\/","title":{"rendered":"Rubans adh\u00e9sifs en aluminium"},"content":{"rendered":"<div id='av_section_1'  class='avia-section av-cj3h06-bf952bfd8d330fa219589275c907470f alternate_color avia-section-default avia-no-border-styling  avia-builder-el-0  el_before_av_section  avia-builder-el-first  avia-bg-style-scroll container_wrap fullsize'  ><div class='container av-section-cont-open' ><main  role=\"main\" itemprop=\"mainContentOfPage\"  class='template-page content  av-content-full alpha units'><div class='post-entry post-entry-type-page post-entry-31366'><div class='entry-content-wrapper clearfix'>\n<div  class='flex_column av-bfsv2u-fda0629322636c1f200645877e400d6a av_one_full  avia-builder-el-1  el_before_av_one_half  avia-builder-el-first  first flex_column_div  '     ><div class=\"pxl-headline pxl-hl hl-wrap | hl-sub--off hl--align-left hl--no-margin    \">\n        <div class=\"hl-inner\">\n            <h2 class=\"hl-main hl-line |  hl_main--default  \">Rubans adh\u00e9sifs en aluminium<\/h2>\n            \n    <\/div>\n<\/div><\/div><div  class='flex_column av-939iw6-cb69733cd1a05186dd78242956261671 av_one_half  avia-builder-el-3  el_after_av_one_full  el_before_av_one_half  first flex_column_div  column-top-margin'     ><section  class='av_textblock_section av-bgmvbq-ef0cdb0a87254d5d6558175391cb2d47 '   itemscope=\"itemscope\" itemtype=\"https:\/\/schema.org\/CreativeWork\" ><div class='avia_textblock small'  itemprop=\"text\" ><p>Les rubans adh\u00e9sifs en aluminium sont constitu\u00e9s d&#8217;une fine feuille d&#8217;aluminium dont l&#8217;une des faces est recouverte d&#8217;un adh\u00e9sif. Cet adh\u00e9sif doit pr\u00e9senter une r\u00e9sistance \u00e9lev\u00e9e \u00e0 la chaleur afin de r\u00e9pondre aux exigences de diff\u00e9rents secteurs et industries.<\/p>\n<p>Vous trouverez chez nous des rubans adh\u00e9sifs en aluminium avec diff\u00e9rentes propri\u00e9t\u00e9s et dans diff\u00e9rentes dimensions. En cas d&#8217;exigences particuli\u00e8res, nous confectionnons nos rubans adh\u00e9sifs individuellement pour r\u00e9pondre \u00e0 vos besoins. Nos experts de longue date connaissent parfaitement les diff\u00e9rents secteurs et se feront un plaisir de vous conseiller.<\/p>\n<\/div><\/section><\/div><div  class='flex_column av-7gabpi-a1dc3c75c3f1ce8db92926d1179b8c51 av_one_half  avia-builder-el-5  el_after_av_one_half  avia-builder-el-last  flex_column_div  column-top-margin'     ><section  class='av_textblock_section av-77s1h2-f8ada40fc27a79261397c5bac568d57b '   itemscope=\"itemscope\" itemtype=\"https:\/\/schema.org\/CreativeWork\" ><div class='avia_textblock'  itemprop=\"text\" ><h4>Les particularit\u00e9s des rubans adh\u00e9sifs en aluminium<\/h4>\n<p>Les principales particularit\u00e9s et avantages des rubans adh\u00e9sifs en aluminium par rapport aux <a href=\"\/klebebaender\/\">rubans adh\u00e9sifs<\/a> classiques en plastique sont que les rubans en aluminium sont nettement plus r\u00e9sistants \u00e0 la chaleur et pr\u00e9sentent une plus grande durabilit\u00e9. Les rubans adh\u00e9sifs en aluminium offrent toute une s\u00e9rie de possibilit\u00e9s d&#8217;application, non seulement \u00e0 haute temp\u00e9rature, mais aussi \u00e0 tr\u00e8s basse temp\u00e9rature. C&#8217;est pourquoi les rubans adh\u00e9sifs en aluminium sont surtout utilis\u00e9s dans les domaines du chauffage et de la ventilation. Ils servent surtout \u00e0 isoler et \u00e0 fixer les fils et autres.<\/p>\n<\/div><\/section><\/div>\n\n<\/div><\/div><\/main><!-- close content main element --><\/div><\/div><div id='av_section_2'  class='avia-section av-nq3jq-7912854e88d4d3b9b3d53d528b08a2f0 main_color avia-section-default avia-no-border-styling  avia-builder-el-7  el_after_av_section  avia-builder-el-last  gradient-section avia-bg-style-scroll container_wrap fullsize'  ><div class='container av-section-cont-open' ><div class='template-page content  av-content-full alpha units'><div class='post-entry post-entry-type-page post-entry-31366'><div class='entry-content-wrapper clearfix'>\n<div  class='flex_column av-4ix12e-32f9c9e29a21f141e877cc4f2bb205ad av_one_full  avia-builder-el-8  avia-builder-el-no-sibling  first flex_column_div  '     ><p><div class=\"pxl-headline pxl-hl hl-wrap | hl-sub--off hl--align-left hl--no-margin    \">\n        <div class=\"hl-inner\">\n            <h2 class=\"hl-main hl-line |  hl_main--default  \">Produits int\u00e9ressants<\/h2>\n            \n    <\/div>\n<\/div>\n<br \/>\n<div   data-autoplay=''  data-interval='5'  data-animation='fade'  data-hoverpause='1'  class='template-shop avia-content-slider avia-content-slider-active avia-product-slider1 avia-content-slider-even  avia-builder-el-10  el_after_pixel_sc_headline  el_before_av_button   shop_columns_4' ><div class='avia-content-slider-inner'><ul class=\"products slide-entry-wrap\"><li class=\"product type-product post-40850 status-publish first instock product_cat-ruban-adhesif-en-aluminium product_cat-rubans-adhesifs-simple-face has-post-thumbnail taxable shipping-taxable product-type-simple\">\n\t<div class='inner_product main_color wrapped_style noLightbox  av-product-class-no_button'><a href=\"https:\/\/cardinal-tapes.com\/fr\/rubans-adh\u00e9sifs\/domaines-dapplication\/ruban-adhesif-en-aluminium\/ruban-adhesif-en-aluminium-h-old-as-40\/\" class=\"woocommerce-LoopProduct-link woocommerce-loop-product__link\"><div class=\"thumbnail_container\"><img decoding=\"async\" loading=\"lazy\" width=\"450\" height=\"450\" src=\"https:\/\/cardinal-tapes.com\/wp-content\/uploads\/as-50-ok_3-450x450.jpg\" class=\"wp-image-28736 avia-img-lazy-loading-28736 attachment-shop_catalog size-shop_catalog wp-post-image\" alt=\"h-old AS.40 Ruban adh\u00e9sif en aluminium - d&#039;un c\u00f4t\u00e9, Aluminium, Acrylate - Illustration 28736\" srcset=\"https:\/\/cardinal-tapes.com\/wp-content\/uploads\/as-50-ok_3-450x450.jpg 450w, https:\/\/cardinal-tapes.com\/wp-content\/uploads\/as-50-ok_3-120x120.jpg 120w, https:\/\/cardinal-tapes.com\/wp-content\/uploads\/as-50-ok_3-80x80.jpg 80w, https:\/\/cardinal-tapes.com\/wp-content\/uploads\/as-50-ok_3-36x36.jpg 36w, https:\/\/cardinal-tapes.com\/wp-content\/uploads\/as-50-ok_3-180x180.jpg 180w, https:\/\/cardinal-tapes.com\/wp-content\/uploads\/as-50-ok_3-100x100.jpg 100w\" sizes=\"auto, (max-width: 450px) 100vw, 450px\" \/><span class=\"cart-loading\"><\/span><\/div><div class='inner_product_header'><div class='avia-arrow'><\/div><div class='inner_product_header_table'><div class='inner_product_header_cell'><span class=\"is-h2 woocommerce-loop-product__title\">h-old AS.40 Ruban adh\u00e9sif en aluminium<\/span>\t\t<div class=\"product-infos\">\n\t\t\t\t\t\t\t<span class='product-infos__item'><b>Rev\u00eatement:<\/b> d'un c\u00f4t\u00e9<\/span>\n\t\t\t\t\t\t\t\t\t\t<span class='product-infos__item'><b>Type de mat\u00e9riau:<\/b> Aluminium<\/span>\n\t\t\t\t\t\t\t\t\t\t<span class='product-infos__item'><b>Fabricant:<\/b> Saint-Gobain Performance Plastics<\/span>\n\t\t\t\t\t\t\t\t\t\t<span class='product-infos__item'><b>Prix sur demande<\/b><\/span>\n\t\t\t\t\t<\/div>\n\t<\/div><\/div><\/div><\/a><\/div><\/li>\n<li class=\"product type-product post-46662 status-publish instock product_cat-rubans-adhesifs-simple-face product_cat-ruban-adhesif-en-aluminium has-post-thumbnail taxable shipping-taxable purchasable product-type-variable\">\n\t<div class='inner_product main_color wrapped_style noLightbox  av-product-class-no_button'><a href=\"https:\/\/cardinal-tapes.com\/fr\/rubans-adh\u00e9sifs\/domaines-dapplication\/ruban-adhesif-en-aluminium\/ruban-adhesif-en-aluminium-ca-60\/\" class=\"woocommerce-LoopProduct-link woocommerce-loop-product__link\"><div class=\"thumbnail_container\"><img decoding=\"async\" loading=\"lazy\" width=\"450\" height=\"450\" src=\"https:\/\/cardinal-tapes.com\/wp-content\/uploads\/CA_61_03_retouched-450x450.jpg\" class=\"wp-image-26864 avia-img-lazy-loading-26864 attachment-shop_catalog size-shop_catalog wp-post-image\" alt=\"CA-60 Ruban adh\u00e9sif en aluminium - d&#039;un c\u00f4t\u00e9, Aluminium, Caoutchouc synth\u00e9tique - Illustration 26864\" srcset=\"https:\/\/cardinal-tapes.com\/wp-content\/uploads\/CA_61_03_retouched-450x450.jpg 450w, https:\/\/cardinal-tapes.com\/wp-content\/uploads\/CA_61_03_retouched-120x120.jpg 120w, https:\/\/cardinal-tapes.com\/wp-content\/uploads\/CA_61_03_retouched-80x80.jpg 80w, https:\/\/cardinal-tapes.com\/wp-content\/uploads\/CA_61_03_retouched-200x200.jpg 200w, https:\/\/cardinal-tapes.com\/wp-content\/uploads\/CA_61_03_retouched-768x768.jpg 768w, https:\/\/cardinal-tapes.com\/wp-content\/uploads\/CA_61_03_retouched-1030x1030.jpg 1030w, https:\/\/cardinal-tapes.com\/wp-content\/uploads\/CA_61_03_retouched-36x36.jpg 36w, https:\/\/cardinal-tapes.com\/wp-content\/uploads\/CA_61_03_retouched-180x180.jpg 180w, https:\/\/cardinal-tapes.com\/wp-content\/uploads\/CA_61_03_retouched-705x705.jpg 705w, https:\/\/cardinal-tapes.com\/wp-content\/uploads\/CA_61_03_retouched-100x100.jpg 100w, https:\/\/cardinal-tapes.com\/wp-content\/uploads\/CA_61_03_retouched.jpg 1400w\" sizes=\"auto, (max-width: 450px) 100vw, 450px\" \/><\/div><div class='inner_product_header'><div class='avia-arrow'><\/div><div class='inner_product_header_table'><div class='inner_product_header_cell'><span class=\"is-h2 woocommerce-loop-product__title\">CA-60 Ruban adh\u00e9sif en aluminium<\/span>\t\t<div class=\"product-infos\">\n\t\t\t\t\t\t\t<span class='product-infos__item'><b>Rev\u00eatement:<\/b> d'un c\u00f4t\u00e9<\/span>\n\t\t\t\t\t\t\t\t\t\t<span class='product-infos__item'><b>Type de mat\u00e9riau:<\/b> Aluminium<\/span>\n\t\t\t\t\t\t\t\t\t\t<span class='product-infos__item'><b>Fabricant:<\/b> cardinal GmbH<\/span>\n\t\t\t\t\t\t\t\t\t\t<span class='product-infos__item'><b>Prix sur demande<\/b><\/span>\n\t\t\t\t\t<\/div>\n\t<\/div><\/div><\/div><\/a><\/div><\/li>\n<li class=\"product type-product post-53662 status-publish instock product_cat-production-daluminium-traitement product_cat-ruban-adhesif-en-aluminium product_cat-industrie-electrique product_cat-technique-de-chauffage-et-de-climatisation product_cat-rubans-adhesifs-simple-face has-post-thumbnail taxable shipping-taxable purchasable product-type-variable\">\n\t<div class='inner_product main_color wrapped_style noLightbox  av-product-class-no_button'><a href=\"https:\/\/cardinal-tapes.com\/fr\/rubans-adh\u00e9sifs\/domaines-dapplication\/production-daluminium-traitement\/ruban-adhesif-en-aluminium-ca-61\/\" class=\"woocommerce-LoopProduct-link woocommerce-loop-product__link\"><div class=\"thumbnail_container\"><img decoding=\"async\" loading=\"lazy\" width=\"450\" height=\"450\" src=\"https:\/\/cardinal-tapes.com\/wp-content\/uploads\/CA_61_03_retouched-450x450.jpg\" class=\"wp-image-26864 avia-img-lazy-loading-26864 attachment-shop_catalog size-shop_catalog wp-post-image\" alt=\"CA-61 Ruban adh\u00e9sif en aluminium - d&#039;un c\u00f4t\u00e9, Aluminium, Acrylate de solvant - Illustration 26864\" srcset=\"https:\/\/cardinal-tapes.com\/wp-content\/uploads\/CA_61_03_retouched-450x450.jpg 450w, https:\/\/cardinal-tapes.com\/wp-content\/uploads\/CA_61_03_retouched-120x120.jpg 120w, https:\/\/cardinal-tapes.com\/wp-content\/uploads\/CA_61_03_retouched-80x80.jpg 80w, https:\/\/cardinal-tapes.com\/wp-content\/uploads\/CA_61_03_retouched-200x200.jpg 200w, https:\/\/cardinal-tapes.com\/wp-content\/uploads\/CA_61_03_retouched-768x768.jpg 768w, https:\/\/cardinal-tapes.com\/wp-content\/uploads\/CA_61_03_retouched-1030x1030.jpg 1030w, https:\/\/cardinal-tapes.com\/wp-content\/uploads\/CA_61_03_retouched-36x36.jpg 36w, https:\/\/cardinal-tapes.com\/wp-content\/uploads\/CA_61_03_retouched-180x180.jpg 180w, https:\/\/cardinal-tapes.com\/wp-content\/uploads\/CA_61_03_retouched-705x705.jpg 705w, https:\/\/cardinal-tapes.com\/wp-content\/uploads\/CA_61_03_retouched-100x100.jpg 100w, https:\/\/cardinal-tapes.com\/wp-content\/uploads\/CA_61_03_retouched.jpg 1400w\" sizes=\"auto, (max-width: 450px) 100vw, 450px\" \/><\/div><div class='inner_product_header'><div class='avia-arrow'><\/div><div class='inner_product_header_table'><div class='inner_product_header_cell'><span class=\"is-h2 woocommerce-loop-product__title\">CA-61 Ruban adh\u00e9sif en aluminium<\/span>\t\t<div class=\"product-infos\">\n\t\t\t\t\t\t\t<span class='product-infos__item'><b>Rev\u00eatement:<\/b> d'un c\u00f4t\u00e9<\/span>\n\t\t\t\t\t\t\t\t\t\t<span class='product-infos__item'><b>Type de mat\u00e9riau:<\/b> Aluminium<\/span>\n\t\t\t\t\t\t\t\t\t\t<span class='product-infos__item'><b>Fabricant:<\/b> cardinal GmbH<\/span>\n\t\t\t\t\t\t\t\t\t\t<span class='product-infos__item'><b>Prix sur demande<\/b><\/span>\n\t\t\t\t\t<\/div>\n\t<\/div><\/div><\/div><\/a><\/div><\/li>\n<li class=\"product type-product post-45911 status-publish last instock product_cat-ruban-adhesif-en-aluminium product_cat-rubans-adhesifs-simple-face has-post-thumbnail taxable shipping-taxable purchasable product-type-variable\">\n\t<div class='inner_product main_color wrapped_style noLightbox  av-product-class-no_button'><a href=\"https:\/\/cardinal-tapes.com\/fr\/rubans-adh\u00e9sifs\/domaines-dapplication\/ruban-adhesif-en-aluminium\/ca-633-pv1-bande-adhesive-en-aluminium\/\" class=\"woocommerce-LoopProduct-link woocommerce-loop-product__link\"><div class=\"thumbnail_container\"><img decoding=\"async\" loading=\"lazy\" width=\"450\" height=\"450\" src=\"https:\/\/cardinal-tapes.com\/wp-content\/uploads\/CA_633_retouched-450x450.jpg\" class=\"wp-image-27088 avia-img-lazy-loading-27088 attachment-shop_catalog size-shop_catalog wp-post-image\" alt=\"CA-633 PV1 Ruban adh\u00e9sif en aluminium - d&#039;un c\u00f4t\u00e9, M\u00e9tal, Acrylate de solvant - Illustration 27088\" srcset=\"https:\/\/cardinal-tapes.com\/wp-content\/uploads\/CA_633_retouched-450x450.jpg 450w, https:\/\/cardinal-tapes.com\/wp-content\/uploads\/CA_633_retouched-120x120.jpg 120w, https:\/\/cardinal-tapes.com\/wp-content\/uploads\/CA_633_retouched-100x100.jpg 100w, https:\/\/cardinal-tapes.com\/wp-content\/uploads\/CA_633_retouched-80x80.jpg 80w, https:\/\/cardinal-tapes.com\/wp-content\/uploads\/CA_633_retouched-36x36.jpg 36w, https:\/\/cardinal-tapes.com\/wp-content\/uploads\/CA_633_retouched-180x180.jpg 180w\" sizes=\"auto, (max-width: 450px) 100vw, 450px\" \/><\/div><div class='inner_product_header'><div class='avia-arrow'><\/div><div class='inner_product_header_table'><div class='inner_product_header_cell'><span class=\"is-h2 woocommerce-loop-product__title\">CA-633 PV1 Ruban adh\u00e9sif en aluminium<\/span>\t\t<div class=\"product-infos\">\n\t\t\t\t\t\t\t<span class='product-infos__item'><b>Rev\u00eatement:<\/b> d'un c\u00f4t\u00e9<\/span>\n\t\t\t\t\t\t\t\t\t\t<span class='product-infos__item'><b>Type de mat\u00e9riau:<\/b> M\u00e9tal<\/span>\n\t\t\t\t\t\t\t\t\t\t<span class='product-infos__item'><b>Fabricant:<\/b> cardinal GmbH<\/span>\n\t\t\t\t\t\t\t\t\t\t<span class='product-infos__item'><b>Prix sur demande<\/b><\/span>\n\t\t\t\t\t<\/div>\n\t<\/div><\/div><\/div><\/a><\/div><\/li>\n<\/ul><\/div><\/div><div class=\"clear\"><\/div><br \/>\n<div  class='avia-button-wrap av-2qmfg6-dd1772862c2f1646496b2076612ddd4c-wrap avia-button-left '><a href='https:\/\/cardinal-tapes.com\/klebebaender\/'  class='avia-button av-2qmfg6-dd1772862c2f1646496b2076612ddd4c avia-icon_select-no avia-size-medium avia-position-left avia-color-theme-color layout-border color-white'  ><span class='avia_iconbox_title' >Tous les produits<\/span><\/a><\/div><\/p><\/div>\n","protected":false},"excerpt":{"rendered":"","protected":false},"author":1,"featured_media":0,"parent":30749,"menu_order":36,"comment_status":"closed","ping_status":"closed","template":"","meta":{"_acf_changed":false,"footnotes":""},"class_list":["post-31366","page","type-page","status-publish","hentry"],"acf":[],"yoast_head":"<!-- This site is optimized with the Yoast SEO plugin v27.3 - https:\/\/yoast.com\/product\/yoast-seo-wordpress\/ -->\n<title>Rubans adh\u00e9sifs en aluminium - cardinal TAPES<\/title>\n<meta name=\"description\" content=\"Les rubans adh\u00e9sifs en aluminium sont constitu\u00e9s d&#039;une fine feuille d&#039;aluminium dont l&#039;une des faces est recouverte d&#039;un adh\u00e9sif. En savoir plus.\" \/>\n<meta name=\"robots\" content=\"index, follow, max-snippet:-1, max-image-preview:large, max-video-preview:-1\" \/>\n<link rel=\"canonical\" href=\"https:\/\/cardinal-tapes.com\/fr\/rubans-adhesifs-fr\/abc-du-ruban-adhesif\/rubans-adhesifs-en-aluminium\/\" \/>\n<meta property=\"og:locale\" content=\"fr_FR\" \/>\n<meta property=\"og:type\" content=\"article\" \/>\n<meta property=\"og:title\" content=\"Rubans adh\u00e9sifs en aluminium - cardinal TAPES\" \/>\n<meta property=\"og:description\" content=\"Les rubans adh\u00e9sifs en aluminium sont constitu\u00e9s d&#039;une fine feuille d&#039;aluminium dont l&#039;une des faces est recouverte d&#039;un adh\u00e9sif. En savoir plus.\" \/>\n<meta property=\"og:url\" content=\"https:\/\/cardinal-tapes.com\/fr\/rubans-adhesifs-fr\/abc-du-ruban-adhesif\/rubans-adhesifs-en-aluminium\/\" \/>\n<meta property=\"og:site_name\" content=\"cardinal TAPES\" \/>\n<meta property=\"article:modified_time\" content=\"2023-06-14T08:47:06+00:00\" \/>\n<meta name=\"twitter:card\" content=\"summary_large_image\" \/>\n<meta name=\"twitter:label1\" content=\"Dur\u00e9e de lecture estim\u00e9e\" \/>\n\t<meta name=\"twitter:data1\" content=\"15 minutes\" \/>\n<script type=\"application\/ld+json\" class=\"yoast-schema-graph\">{\"@context\":\"https:\\\/\\\/schema.org\",\"@graph\":[{\"@type\":\"WebPage\",\"@id\":\"https:\\\/\\\/cardinal-tapes.com\\\/fr\\\/rubans-adhesifs-fr\\\/abc-du-ruban-adhesif\\\/rubans-adhesifs-en-aluminium\\\/\",\"url\":\"https:\\\/\\\/cardinal-tapes.com\\\/fr\\\/rubans-adhesifs-fr\\\/abc-du-ruban-adhesif\\\/rubans-adhesifs-en-aluminium\\\/\",\"name\":\"Rubans adh\u00e9sifs en aluminium - cardinal TAPES\",\"isPartOf\":{\"@id\":\"https:\\\/\\\/cardinal-tapes.com\\\/#website\"},\"datePublished\":\"2023-06-02T08:59:43+00:00\",\"dateModified\":\"2023-06-14T08:47:06+00:00\",\"description\":\"Les rubans adh\u00e9sifs en aluminium sont constitu\u00e9s d'une fine feuille d'aluminium dont l'une des faces est recouverte d'un adh\u00e9sif. En savoir plus.\",\"breadcrumb\":{\"@id\":\"https:\\\/\\\/cardinal-tapes.com\\\/fr\\\/rubans-adhesifs-fr\\\/abc-du-ruban-adhesif\\\/rubans-adhesifs-en-aluminium\\\/#breadcrumb\"},\"inLanguage\":\"fr-FR\",\"potentialAction\":[{\"@type\":\"ReadAction\",\"target\":[\"https:\\\/\\\/cardinal-tapes.com\\\/fr\\\/rubans-adhesifs-fr\\\/abc-du-ruban-adhesif\\\/rubans-adhesifs-en-aluminium\\\/\"]}]},{\"@type\":\"BreadcrumbList\",\"@id\":\"https:\\\/\\\/cardinal-tapes.com\\\/fr\\\/rubans-adhesifs-fr\\\/abc-du-ruban-adhesif\\\/rubans-adhesifs-en-aluminium\\\/#breadcrumb\",\"itemListElement\":[{\"@type\":\"ListItem\",\"position\":1,\"name\":\"Startseite\",\"item\":\"https:\\\/\\\/cardinal-tapes.com\\\/fr\\\/accueil\\\/\"},{\"@type\":\"ListItem\",\"position\":2,\"name\":\"Rubans adh\u00e9sifs\",\"item\":\"https:\\\/\\\/cardinal-tapes.com\\\/fr\\\/rubans-adhesifs-fr\\\/\"},{\"@type\":\"ListItem\",\"position\":3,\"name\":\"ABC du ruban adh\u00e9sif\",\"item\":\"https:\\\/\\\/cardinal-tapes.com\\\/fr\\\/rubans-adhesifs-fr__trashed\\\/abc-du-ruban-adhesif\\\/\"},{\"@type\":\"ListItem\",\"position\":4,\"name\":\"Rubans adh\u00e9sifs en aluminium\"}]},{\"@type\":\"WebSite\",\"@id\":\"https:\\\/\\\/cardinal-tapes.com\\\/#website\",\"url\":\"https:\\\/\\\/cardinal-tapes.com\\\/\",\"name\":\"cardinal TAPES\",\"description\":\"Klebetechnik aus Wuppertal\",\"potentialAction\":[{\"@type\":\"SearchAction\",\"target\":{\"@type\":\"EntryPoint\",\"urlTemplate\":\"https:\\\/\\\/cardinal-tapes.com\\\/?s={search_term_string}\"},\"query-input\":{\"@type\":\"PropertyValueSpecification\",\"valueRequired\":true,\"valueName\":\"search_term_string\"}}],\"inLanguage\":\"fr-FR\"}]}<\/script>\n<!-- \/ Yoast SEO plugin. -->","yoast_head_json":{"title":"Rubans adh\u00e9sifs en aluminium - cardinal TAPES","description":"Les rubans adh\u00e9sifs en aluminium sont constitu\u00e9s d'une fine feuille d'aluminium dont l'une des faces est recouverte d'un adh\u00e9sif. En savoir plus.","robots":{"index":"index","follow":"follow","max-snippet":"max-snippet:-1","max-image-preview":"max-image-preview:large","max-video-preview":"max-video-preview:-1"},"canonical":"https:\/\/cardinal-tapes.com\/fr\/rubans-adhesifs-fr\/abc-du-ruban-adhesif\/rubans-adhesifs-en-aluminium\/","og_locale":"fr_FR","og_type":"article","og_title":"Rubans adh\u00e9sifs en aluminium - cardinal TAPES","og_description":"Les rubans adh\u00e9sifs en aluminium sont constitu\u00e9s d'une fine feuille d'aluminium dont l'une des faces est recouverte d'un adh\u00e9sif. En savoir plus.","og_url":"https:\/\/cardinal-tapes.com\/fr\/rubans-adhesifs-fr\/abc-du-ruban-adhesif\/rubans-adhesifs-en-aluminium\/","og_site_name":"cardinal TAPES","article_modified_time":"2023-06-14T08:47:06+00:00","twitter_card":"summary_large_image","twitter_misc":{"Dur\u00e9e de lecture estim\u00e9e":"15 minutes"},"schema":{"@context":"https:\/\/schema.org","@graph":[{"@type":"WebPage","@id":"https:\/\/cardinal-tapes.com\/fr\/rubans-adhesifs-fr\/abc-du-ruban-adhesif\/rubans-adhesifs-en-aluminium\/","url":"https:\/\/cardinal-tapes.com\/fr\/rubans-adhesifs-fr\/abc-du-ruban-adhesif\/rubans-adhesifs-en-aluminium\/","name":"Rubans adh\u00e9sifs en aluminium - cardinal TAPES","isPartOf":{"@id":"https:\/\/cardinal-tapes.com\/#website"},"datePublished":"2023-06-02T08:59:43+00:00","dateModified":"2023-06-14T08:47:06+00:00","description":"Les rubans adh\u00e9sifs en aluminium sont constitu\u00e9s d'une fine feuille d'aluminium dont l'une des faces est recouverte d'un adh\u00e9sif. En savoir plus.","breadcrumb":{"@id":"https:\/\/cardinal-tapes.com\/fr\/rubans-adhesifs-fr\/abc-du-ruban-adhesif\/rubans-adhesifs-en-aluminium\/#breadcrumb"},"inLanguage":"fr-FR","potentialAction":[{"@type":"ReadAction","target":["https:\/\/cardinal-tapes.com\/fr\/rubans-adhesifs-fr\/abc-du-ruban-adhesif\/rubans-adhesifs-en-aluminium\/"]}]},{"@type":"BreadcrumbList","@id":"https:\/\/cardinal-tapes.com\/fr\/rubans-adhesifs-fr\/abc-du-ruban-adhesif\/rubans-adhesifs-en-aluminium\/#breadcrumb","itemListElement":[{"@type":"ListItem","position":1,"name":"Startseite","item":"https:\/\/cardinal-tapes.com\/fr\/accueil\/"},{"@type":"ListItem","position":2,"name":"Rubans adh\u00e9sifs","item":"https:\/\/cardinal-tapes.com\/fr\/rubans-adhesifs-fr\/"},{"@type":"ListItem","position":3,"name":"ABC du ruban adh\u00e9sif","item":"https:\/\/cardinal-tapes.com\/fr\/rubans-adhesifs-fr__trashed\/abc-du-ruban-adhesif\/"},{"@type":"ListItem","position":4,"name":"Rubans adh\u00e9sifs en aluminium"}]},{"@type":"WebSite","@id":"https:\/\/cardinal-tapes.com\/#website","url":"https:\/\/cardinal-tapes.com\/","name":"cardinal TAPES","description":"Klebetechnik aus Wuppertal","potentialAction":[{"@type":"SearchAction","target":{"@type":"EntryPoint","urlTemplate":"https:\/\/cardinal-tapes.com\/?s={search_term_string}"},"query-input":{"@type":"PropertyValueSpecification","valueRequired":true,"valueName":"search_term_string"}}],"inLanguage":"fr-FR"}]}},"_links":{"self":[{"href":"https:\/\/cardinal-tapes.com\/fr\/wp-json\/wp\/v2\/pages\/31366","targetHints":{"allow":["GET"]}}],"collection":[{"href":"https:\/\/cardinal-tapes.com\/fr\/wp-json\/wp\/v2\/pages"}],"about":[{"href":"https:\/\/cardinal-tapes.com\/fr\/wp-json\/wp\/v2\/types\/page"}],"author":[{"embeddable":true,"href":"https:\/\/cardinal-tapes.com\/fr\/wp-json\/wp\/v2\/users\/1"}],"replies":[{"embeddable":true,"href":"https:\/\/cardinal-tapes.com\/fr\/wp-json\/wp\/v2\/comments?post=31366"}],"version-history":[{"count":0,"href":"https:\/\/cardinal-tapes.com\/fr\/wp-json\/wp\/v2\/pages\/31366\/revisions"}],"up":[{"embeddable":true,"href":"https:\/\/cardinal-tapes.com\/fr\/wp-json\/wp\/v2\/pages\/30749"}],"wp:attachment":[{"href":"https:\/\/cardinal-tapes.com\/fr\/wp-json\/wp\/v2\/media?parent=31366"}],"curies":[{"name":"wp","href":"https:\/\/api.w.org\/{rel}","templated":true}]}}