{"id":31355,"date":"2023-06-02T10:59:43","date_gmt":"2023-06-02T08:59:43","guid":{"rendered":"https:\/\/cardinal.pixel-tal.de\/rubans-adhesifs\/abc-du-ruban-adhesif\/papier-kraft\/"},"modified":"2023-06-02T11:12:19","modified_gmt":"2023-06-02T09:12:19","slug":"papier-kraft","status":"publish","type":"page","link":"https:\/\/cardinal-tapes.com\/fr\/rubans-adhesifs-fr\/abc-du-ruban-adhesif\/papier-kraft\/","title":{"rendered":"Papier kraft"},"content":{"rendered":"<div id='av_section_1'  class='avia-section av-7jeg2v-6daf5f4d4e888593b51af69796c6410e alternate_color avia-section-default avia-no-border-styling  avia-builder-el-0  avia-builder-el-no-sibling  avia-bg-style-scroll container_wrap fullsize'  ><div class='container av-section-cont-open' ><main  role=\"main\" itemprop=\"mainContentOfPage\"  class='template-page content  av-content-full alpha units'><div class='post-entry post-entry-type-page post-entry-31355'><div class='entry-content-wrapper clearfix'>\n<div  class='flex_column av-68pujb-0bac190290e65d665710f3d01db23e15 av_one_full  avia-builder-el-1  el_before_av_one_half  avia-builder-el-first  first flex_column_div  '     ><div class=\"pxl-headline pxl-hl hl-wrap | hl-sub--bot hl--align-left hl--no-margin    \">\n        <div class=\"hl-inner\">\n            <h2 class=\"hl-main hl-line |  hl_main--default  \">Papier kraft<\/h2>\n            \n    <\/div>\n<\/div><\/div><div  class='flex_column av-4tcs6f-781194d8f391c05be6235f0d745dd677 av_one_half  avia-builder-el-3  el_after_av_one_full  el_before_av_one_half  first flex_column_div  column-top-margin'     ><section  class='av_textblock_section av-5cqfx3-6ec232db7fb091e9e486bcad01b86b48 '   itemscope=\"itemscope\" itemtype=\"https:\/\/schema.org\/CreativeWork\" ><div class='avia_textblock'  itemprop=\"text\" ><p>Que ce soit pour l&#8217;aquarelle, le bricolage, les <a href=\"\/klebebaender\/anwendungsgebiete\/papierherstellung\/\">travaux de reliure ou la fixation de papier et de carton<\/a>, les rubans adh\u00e9sifs en papier kraft se distinguent par leurs multiples applications. Cela est possible gr\u00e2ce aux propri\u00e9t\u00e9s de leur mat\u00e9riau. Le papier kraft pr\u00e9sente avant tout une stabilit\u00e9 particuli\u00e8rement \u00e9lev\u00e9e. De plus, la colle en caoutchouc naturel utilis\u00e9e est une colle humide. De ce fait, les rubans sont souvent utilis\u00e9s par les peintres ou les bricoleurs. De plus, ils convainquent par leurs avantages \u00e9cologiques : Les <a href=\"\/klebebaender\/\">rubans adh\u00e9sifs<\/a> correspondants sont recyclables \u00e0 100 %.<\/p>\n<h4>Le papier kraft &#8211; un mat\u00e9riau solide et polyvalent<\/h4>\n<p>Les papiers kraft sont des types de papier pr\u00e9sentant une r\u00e9sistance particuli\u00e8rement \u00e9lev\u00e9e. Ils sont presque enti\u00e8rement compos\u00e9s de fibres naturelles pures. La plupart du temps, on utilise pour cela des bois de conif\u00e8res \u00e0 longues fibres comme l&#8217;\u00e9pic\u00e9a et le pin. Seuls l&#8217;amidon, l&#8217;alun et la colle sont ajout\u00e9s lors de la fabrication. Classiquement, le papier kraft est tr\u00e8s souvent utilis\u00e9 dans le domaine de l&#8217;emballage en raison de sa r\u00e9sistance \u00e0 la d\u00e9chirure, car il poss\u00e8de une r\u00e9sistance marqu\u00e9e aux contraintes m\u00e9caniques. La stabilit\u00e9 \u00e0 la dilatation particuli\u00e8rement \u00e9lev\u00e9e, m\u00eame en cas de variations de temp\u00e9rature significatives, constitue \u00e9galement un avantage. Pendant une courte p\u00e9riode, le mat\u00e9riau r\u00e9siste m\u00eame \u00e0 une amplitude de moins 30 \u00e0 plus 70 degr\u00e9s. De plus, comme les bandes sont fabriqu\u00e9es \u00e0 partir de composants purement naturels, elles sont particuli\u00e8rement respectueuses de l&#8217;environnement et d\u00e9gradables \u00e0 100 %.<\/p>\n<\/div><\/section><\/div><div  class='flex_column av-2ycg1j-c9d8423dbeda857653035f8df71435c8 av_one_half  avia-builder-el-5  el_after_av_one_half  avia-builder-el-last  flex_column_div  column-top-margin'     ><section  class='av_textblock_section av-2k599j-85bad7488664891c1fc46d1d3dbd6667 '   itemscope=\"itemscope\" itemtype=\"https:\/\/schema.org\/CreativeWork\" ><div class='avia_textblock'  itemprop=\"text\" ><h4>Applications multiples<\/h4>\n<p>Ses propri\u00e9t\u00e9s rendent le ruban adh\u00e9sif en papier kraft attrayant pour diff\u00e9rents utilisateurs. En raison de sa maniabilit\u00e9 et de sa grande r\u00e9sistance, il est par exemple tr\u00e8s appr\u00e9ci\u00e9 dans les services d&#8217;exp\u00e9dition et convient parfaitement \u00e0 l&#8217;emballage de cartons. Par exemple, malgr\u00e9 son \u00e9norme stabilit\u00e9, il peut \u00eatre facilement d\u00e9tach\u00e9 du rouleau de ruban adh\u00e9sif, sans aucun autre outil. Il est \u00e9galement tr\u00e8s recherch\u00e9 par les commer\u00e7ants de mat\u00e9riel artistique et les bricoleurs, car : Il convient tr\u00e8s bien aux travaux avec de la peinture ou en combinaison avec des mat\u00e9riaux comme le papier, par exemple pour les activit\u00e9s de reliure.<\/p>\n<p>Bien entendu, les rubans peuvent \u00eatre marqu\u00e9s et imprim\u00e9s individuellement. Comme pour tous nos produits, nous vous proposons de les <a href=\"https:\/\/cardinal-tapes.com\/fr\/confection\/\">confectionner selon vos souhaits<\/a>. N&#8217;h\u00e9sitez pas \u00e0 contacter nos experts de longue date pour de plus amples informations.<\/p>\n<\/div><\/section><\/div>\n","protected":false},"excerpt":{"rendered":"","protected":false},"author":1,"featured_media":0,"parent":30749,"menu_order":13,"comment_status":"closed","ping_status":"closed","template":"","meta":{"_acf_changed":false,"footnotes":""},"class_list":["post-31355","page","type-page","status-publish","hentry"],"acf":[],"yoast_head":"<!-- This site is optimized with the Yoast SEO plugin v27.3 - https:\/\/yoast.com\/product\/yoast-seo-wordpress\/ -->\n<title>Papier kraft - cardinal TAPES<\/title>\n<meta name=\"description\" content=\"Les rubans adh\u00e9sifs en papier kraft se distinguent par la diversit\u00e9 de leurs applications. Apprenez-en plus ici sur ce type particulier de rubans adh\u00e9sifs.\" \/>\n<meta name=\"robots\" content=\"index, follow, max-snippet:-1, max-image-preview:large, max-video-preview:-1\" \/>\n<link rel=\"canonical\" href=\"https:\/\/cardinal-tapes.com\/fr\/rubans-adhesifs-fr__trashed\/abc-du-ruban-adhesif\/papier-kraft\/\" \/>\n<meta property=\"og:locale\" content=\"fr_FR\" \/>\n<meta property=\"og:type\" content=\"article\" \/>\n<meta property=\"og:title\" content=\"Papier kraft - cardinal TAPES\" \/>\n<meta property=\"og:description\" content=\"Les rubans adh\u00e9sifs en papier kraft se distinguent par la diversit\u00e9 de leurs applications. Apprenez-en plus ici sur ce type particulier de rubans adh\u00e9sifs.\" \/>\n<meta property=\"og:url\" content=\"https:\/\/cardinal-tapes.com\/fr\/rubans-adhesifs-fr__trashed\/abc-du-ruban-adhesif\/papier-kraft\/\" \/>\n<meta property=\"og:site_name\" content=\"cardinal TAPES\" \/>\n<meta property=\"article:modified_time\" content=\"2023-06-02T09:12:19+00:00\" \/>\n<meta name=\"twitter:card\" content=\"summary_large_image\" \/>\n<meta name=\"twitter:label1\" content=\"Dur\u00e9e de lecture estim\u00e9e\" \/>\n\t<meta name=\"twitter:data1\" content=\"10 minutes\" \/>\n<script type=\"application\/ld+json\" class=\"yoast-schema-graph\">{\"@context\":\"https:\\\/\\\/schema.org\",\"@graph\":[{\"@type\":\"WebPage\",\"@id\":\"https:\\\/\\\/cardinal-tapes.com\\\/fr\\\/rubans-adhesifs-fr__trashed\\\/abc-du-ruban-adhesif\\\/papier-kraft\\\/\",\"url\":\"https:\\\/\\\/cardinal-tapes.com\\\/fr\\\/rubans-adhesifs-fr__trashed\\\/abc-du-ruban-adhesif\\\/papier-kraft\\\/\",\"name\":\"Papier kraft - cardinal TAPES\",\"isPartOf\":{\"@id\":\"https:\\\/\\\/cardinal-tapes.com\\\/#website\"},\"datePublished\":\"2023-06-02T08:59:43+00:00\",\"dateModified\":\"2023-06-02T09:12:19+00:00\",\"description\":\"Les rubans adh\u00e9sifs en papier kraft se distinguent par la diversit\u00e9 de leurs applications. Apprenez-en plus ici sur ce type particulier de rubans adh\u00e9sifs.\",\"breadcrumb\":{\"@id\":\"https:\\\/\\\/cardinal-tapes.com\\\/fr\\\/rubans-adhesifs-fr__trashed\\\/abc-du-ruban-adhesif\\\/papier-kraft\\\/#breadcrumb\"},\"inLanguage\":\"fr-FR\",\"potentialAction\":[{\"@type\":\"ReadAction\",\"target\":[\"https:\\\/\\\/cardinal-tapes.com\\\/fr\\\/rubans-adhesifs-fr__trashed\\\/abc-du-ruban-adhesif\\\/papier-kraft\\\/\"]}]},{\"@type\":\"BreadcrumbList\",\"@id\":\"https:\\\/\\\/cardinal-tapes.com\\\/fr\\\/rubans-adhesifs-fr__trashed\\\/abc-du-ruban-adhesif\\\/papier-kraft\\\/#breadcrumb\",\"itemListElement\":[{\"@type\":\"ListItem\",\"position\":1,\"name\":\"Startseite\",\"item\":\"https:\\\/\\\/cardinal-tapes.com\\\/fr\\\/accueil\\\/\"},{\"@type\":\"ListItem\",\"position\":2,\"name\":\"ABC du ruban adh\u00e9sif\",\"item\":\"https:\\\/\\\/cardinal-tapes.com\\\/fr\\\/rubans-adhesifs-fr__trashed\\\/abc-du-ruban-adhesif\\\/\"},{\"@type\":\"ListItem\",\"position\":3,\"name\":\"Papier kraft\"}]},{\"@type\":\"WebSite\",\"@id\":\"https:\\\/\\\/cardinal-tapes.com\\\/#website\",\"url\":\"https:\\\/\\\/cardinal-tapes.com\\\/\",\"name\":\"cardinal TAPES\",\"description\":\"Klebetechnik aus Wuppertal\",\"potentialAction\":[{\"@type\":\"SearchAction\",\"target\":{\"@type\":\"EntryPoint\",\"urlTemplate\":\"https:\\\/\\\/cardinal-tapes.com\\\/?s={search_term_string}\"},\"query-input\":{\"@type\":\"PropertyValueSpecification\",\"valueRequired\":true,\"valueName\":\"search_term_string\"}}],\"inLanguage\":\"fr-FR\"}]}<\/script>\n<!-- \/ Yoast SEO plugin. -->","yoast_head_json":{"title":"Papier kraft - cardinal TAPES","description":"Les rubans adh\u00e9sifs en papier kraft se distinguent par la diversit\u00e9 de leurs applications. Apprenez-en plus ici sur ce type particulier de rubans adh\u00e9sifs.","robots":{"index":"index","follow":"follow","max-snippet":"max-snippet:-1","max-image-preview":"max-image-preview:large","max-video-preview":"max-video-preview:-1"},"canonical":"https:\/\/cardinal-tapes.com\/fr\/rubans-adhesifs-fr__trashed\/abc-du-ruban-adhesif\/papier-kraft\/","og_locale":"fr_FR","og_type":"article","og_title":"Papier kraft - cardinal TAPES","og_description":"Les rubans adh\u00e9sifs en papier kraft se distinguent par la diversit\u00e9 de leurs applications. Apprenez-en plus ici sur ce type particulier de rubans adh\u00e9sifs.","og_url":"https:\/\/cardinal-tapes.com\/fr\/rubans-adhesifs-fr__trashed\/abc-du-ruban-adhesif\/papier-kraft\/","og_site_name":"cardinal TAPES","article_modified_time":"2023-06-02T09:12:19+00:00","twitter_card":"summary_large_image","twitter_misc":{"Dur\u00e9e de lecture estim\u00e9e":"10 minutes"},"schema":{"@context":"https:\/\/schema.org","@graph":[{"@type":"WebPage","@id":"https:\/\/cardinal-tapes.com\/fr\/rubans-adhesifs-fr__trashed\/abc-du-ruban-adhesif\/papier-kraft\/","url":"https:\/\/cardinal-tapes.com\/fr\/rubans-adhesifs-fr__trashed\/abc-du-ruban-adhesif\/papier-kraft\/","name":"Papier kraft - cardinal TAPES","isPartOf":{"@id":"https:\/\/cardinal-tapes.com\/#website"},"datePublished":"2023-06-02T08:59:43+00:00","dateModified":"2023-06-02T09:12:19+00:00","description":"Les rubans adh\u00e9sifs en papier kraft se distinguent par la diversit\u00e9 de leurs applications. Apprenez-en plus ici sur ce type particulier de rubans adh\u00e9sifs.","breadcrumb":{"@id":"https:\/\/cardinal-tapes.com\/fr\/rubans-adhesifs-fr__trashed\/abc-du-ruban-adhesif\/papier-kraft\/#breadcrumb"},"inLanguage":"fr-FR","potentialAction":[{"@type":"ReadAction","target":["https:\/\/cardinal-tapes.com\/fr\/rubans-adhesifs-fr__trashed\/abc-du-ruban-adhesif\/papier-kraft\/"]}]},{"@type":"BreadcrumbList","@id":"https:\/\/cardinal-tapes.com\/fr\/rubans-adhesifs-fr__trashed\/abc-du-ruban-adhesif\/papier-kraft\/#breadcrumb","itemListElement":[{"@type":"ListItem","position":1,"name":"Startseite","item":"https:\/\/cardinal-tapes.com\/fr\/accueil\/"},{"@type":"ListItem","position":2,"name":"ABC du ruban adh\u00e9sif","item":"https:\/\/cardinal-tapes.com\/fr\/rubans-adhesifs-fr__trashed\/abc-du-ruban-adhesif\/"},{"@type":"ListItem","position":3,"name":"Papier kraft"}]},{"@type":"WebSite","@id":"https:\/\/cardinal-tapes.com\/#website","url":"https:\/\/cardinal-tapes.com\/","name":"cardinal TAPES","description":"Klebetechnik aus Wuppertal","potentialAction":[{"@type":"SearchAction","target":{"@type":"EntryPoint","urlTemplate":"https:\/\/cardinal-tapes.com\/?s={search_term_string}"},"query-input":{"@type":"PropertyValueSpecification","valueRequired":true,"valueName":"search_term_string"}}],"inLanguage":"fr-FR"}]}},"_links":{"self":[{"href":"https:\/\/cardinal-tapes.com\/fr\/wp-json\/wp\/v2\/pages\/31355","targetHints":{"allow":["GET"]}}],"collection":[{"href":"https:\/\/cardinal-tapes.com\/fr\/wp-json\/wp\/v2\/pages"}],"about":[{"href":"https:\/\/cardinal-tapes.com\/fr\/wp-json\/wp\/v2\/types\/page"}],"author":[{"embeddable":true,"href":"https:\/\/cardinal-tapes.com\/fr\/wp-json\/wp\/v2\/users\/1"}],"replies":[{"embeddable":true,"href":"https:\/\/cardinal-tapes.com\/fr\/wp-json\/wp\/v2\/comments?post=31355"}],"version-history":[{"count":0,"href":"https:\/\/cardinal-tapes.com\/fr\/wp-json\/wp\/v2\/pages\/31355\/revisions"}],"up":[{"embeddable":true,"href":"https:\/\/cardinal-tapes.com\/fr\/wp-json\/wp\/v2\/pages\/30749"}],"wp:attachment":[{"href":"https:\/\/cardinal-tapes.com\/fr\/wp-json\/wp\/v2\/media?parent=31355"}],"curies":[{"name":"wp","href":"https:\/\/api.w.org\/{rel}","templated":true}]}}