{"id":31334,"date":"2023-06-02T10:59:42","date_gmt":"2023-06-02T08:59:42","guid":{"rendered":"https:\/\/cardinal.pixel-tal.de\/rubans-adhesifs\/abc-du-ruban-adhesif\/rubans-adhesifs-speciaux\/"},"modified":"2023-06-02T11:12:27","modified_gmt":"2023-06-02T09:12:27","slug":"rubans-adhesifs-speciaux","status":"publish","type":"page","link":"https:\/\/cardinal-tapes.com\/fr\/rubans-adhesifs-fr\/abc-du-ruban-adhesif\/rubans-adhesifs-speciaux\/","title":{"rendered":"Rubans adh\u00e9sifs sp\u00e9ciaux"},"content":{"rendered":"<div id='av_section_1'  class='avia-section av-6yvi08-c7c8b948e3f3395191acb1dcd2903423 alternate_color avia-section-default avia-no-border-styling  avia-builder-el-0  avia-builder-el-no-sibling  avia-bg-style-scroll container_wrap fullsize'  ><div class='container av-section-cont-open' ><main  role=\"main\" itemprop=\"mainContentOfPage\"  class='template-page content  av-content-full alpha units'><div class='post-entry post-entry-type-page post-entry-31334'><div class='entry-content-wrapper clearfix'>\n<div  class='flex_column av-674hi0-036be5d911dd70de883f42d36ca38359 av_one_full  avia-builder-el-1  el_before_av_one_half  avia-builder-el-first  first flex_column_div  '     ><div class=\"pxl-headline pxl-hl hl-wrap | hl-sub--off hl--align-left hl--no-margin    \">\n        <div class=\"hl-inner\">\n            <h2 class=\"hl-main hl-line |  hl_main--default  \">Rubans adh\u00e9sifs sp\u00e9ciaux<\/h2>\n            \n    <\/div>\n<\/div><\/div><div  class='flex_column av-4y7z20-edb1162d8e36e199e622b7a8783f9751 av_one_half  avia-builder-el-3  el_after_av_one_full  el_before_av_one_half  first flex_column_div  column-top-margin'     ><section  class='av_textblock_section av-5ay7yw-35ffcb0dcc42f464d70cdfba7791d6ae '   itemscope=\"itemscope\" itemtype=\"https:\/\/schema.org\/CreativeWork\" ><div class='avia_textblock'  itemprop=\"text\" ><p>Notre gamme de produits pour les rubans adh\u00e9sifs sp\u00e9ciaux sert d&#8217;aper\u00e7u g\u00e9n\u00e9ral. Vous trouverez ici une s\u00e9lection de rubans adh\u00e9sifs sp\u00e9cialement con\u00e7us pour les applications sp\u00e9cifiques de nos clients. Il faut commencer par d\u00e9terminer les propri\u00e9t\u00e9s dont le ruban adh\u00e9sif doit disposer pour vos besoins. Nous trouverons \u00e9galement des solutions optimales pour vos souhaits individuels. Le ruban adh\u00e9sif doit-il adh\u00e9rer bien au-del\u00e0 du point de cong\u00e9lation ou souhaitez-vous peut-\u00eatre stocker des cartons dans un environnement humide pendant une p\u00e9riode prolong\u00e9e ?<\/p>\n<\/div><\/section><\/div><div  class='flex_column av-1yinq0-d7a80ac250ff31a3e43a9c6e3ee92ae1 av_one_half  avia-builder-el-5  el_after_av_one_half  avia-builder-el-last  flex_column_div  column-top-margin'     ><section  class='av_textblock_section av-aodpk-36919d7fcd973038f98b6f32c978fa0c '   itemscope=\"itemscope\" itemtype=\"https:\/\/schema.org\/CreativeWork\" ><div class='avia_textblock'  itemprop=\"text\" ><h4>Nos rubans adh\u00e9sifs sp\u00e9ciaux<\/h4>\n<p>Nous vendons entre autres des bandes en silicone autosoudables, fabriqu\u00e9es \u00e0 partir d&#8217;un caoutchouc de silicone sp\u00e9cial, qui r\u00e9sistent m\u00eame \u00e0 des temp\u00e9ratures allant de -54\u00b0C \u00e0 +260\u00b0C ainsi qu&#8217;\u00e0 des influences environnementales extr\u00eames comme l&#8217;humidit\u00e9, l&#8217;oxyg\u00e8ne et l&#8217;ozone. Gr\u00e2ce \u00e0 ces propri\u00e9t\u00e9s particuli\u00e8res, nos bandes en silicone trouvent souvent des applications dans les domaines de l&#8217;\u00e9lectronique et de la m\u00e9canique. Apprenez-en plus sur notre bande en silicone ici.<\/p>\n<p>Nos rubans adh\u00e9sifs sp\u00e9ciaux sont utilis\u00e9s l\u00e0 o\u00f9 les rubans classiques ont depuis longtemps atteint leurs limites. M\u00eame dans les conditions les plus difficiles, le pouvoir adh\u00e9sif de nos rubans adh\u00e9sifs sp\u00e9ciaux r\u00e9siste et ne vous laisse pas tomber. Si vous ne trouvez pas ici de solution adapt\u00e9e \u00e0 vos besoins sp\u00e9cifiques, veuillez nous <a href=\"\/ueber-cardinal\/kontakt\/\">contacter<\/a> par t\u00e9l\u00e9phone ou utiliser notre formulaire de demande. Notre gamme de produits est constamment \u00e9largie et maintenue au niveau de d\u00e9veloppement le plus moderne.<\/p>\n<\/div><\/section><\/div>\n\n","protected":false},"excerpt":{"rendered":"","protected":false},"author":1,"featured_media":0,"parent":30749,"menu_order":30,"comment_status":"closed","ping_status":"closed","template":"","meta":{"_acf_changed":false,"footnotes":""},"class_list":["post-31334","page","type-page","status-publish","hentry"],"acf":[],"yoast_head":"<!-- This site is optimized with the Yoast SEO plugin v27.3 - https:\/\/yoast.com\/product\/yoast-seo-wordpress\/ -->\n<title>Rubans adh\u00e9sifs sp\u00e9ciaux - cardinal TAPES<\/title>\n<meta name=\"description\" content=\"Nos rubans adh\u00e9sifs sp\u00e9ciaux sont utilis\u00e9s l\u00e0 o\u00f9 les rubans classiques ont atteint leurs limites depuis longtemps. M\u00eame dans les conditions les plus difficiles, la force d&#039;adh\u00e9rence de nos rubans adh\u00e9sifs sp\u00e9ciaux persiste.\" \/>\n<meta name=\"robots\" content=\"index, follow, max-snippet:-1, max-image-preview:large, max-video-preview:-1\" \/>\n<link rel=\"canonical\" href=\"https:\/\/cardinal-tapes.com\/fr\/rubans-adhesifs-fr__trashed\/abc-du-ruban-adhesif\/rubans-adhesifs-speciaux\/\" \/>\n<meta property=\"og:locale\" content=\"fr_FR\" \/>\n<meta property=\"og:type\" content=\"article\" \/>\n<meta property=\"og:title\" content=\"Rubans adh\u00e9sifs sp\u00e9ciaux - cardinal TAPES\" \/>\n<meta property=\"og:description\" content=\"Nos rubans adh\u00e9sifs sp\u00e9ciaux sont utilis\u00e9s l\u00e0 o\u00f9 les rubans classiques ont atteint leurs limites depuis longtemps. M\u00eame dans les conditions les plus difficiles, la force d&#039;adh\u00e9rence de nos rubans adh\u00e9sifs sp\u00e9ciaux persiste.\" \/>\n<meta property=\"og:url\" content=\"https:\/\/cardinal-tapes.com\/fr\/rubans-adhesifs-fr__trashed\/abc-du-ruban-adhesif\/rubans-adhesifs-speciaux\/\" \/>\n<meta property=\"og:site_name\" content=\"cardinal TAPES\" \/>\n<meta property=\"article:modified_time\" content=\"2023-06-02T09:12:27+00:00\" \/>\n<meta name=\"twitter:card\" content=\"summary_large_image\" \/>\n<meta name=\"twitter:label1\" content=\"Dur\u00e9e de lecture estim\u00e9e\" \/>\n\t<meta name=\"twitter:data1\" content=\"9 minutes\" \/>\n<script type=\"application\/ld+json\" class=\"yoast-schema-graph\">{\"@context\":\"https:\\\/\\\/schema.org\",\"@graph\":[{\"@type\":\"WebPage\",\"@id\":\"https:\\\/\\\/cardinal-tapes.com\\\/fr\\\/rubans-adhesifs-fr__trashed\\\/abc-du-ruban-adhesif\\\/rubans-adhesifs-speciaux\\\/\",\"url\":\"https:\\\/\\\/cardinal-tapes.com\\\/fr\\\/rubans-adhesifs-fr__trashed\\\/abc-du-ruban-adhesif\\\/rubans-adhesifs-speciaux\\\/\",\"name\":\"Rubans adh\u00e9sifs sp\u00e9ciaux - cardinal TAPES\",\"isPartOf\":{\"@id\":\"https:\\\/\\\/cardinal-tapes.com\\\/#website\"},\"datePublished\":\"2023-06-02T08:59:42+00:00\",\"dateModified\":\"2023-06-02T09:12:27+00:00\",\"description\":\"Nos rubans adh\u00e9sifs sp\u00e9ciaux sont utilis\u00e9s l\u00e0 o\u00f9 les rubans classiques ont atteint leurs limites depuis longtemps. M\u00eame dans les conditions les plus difficiles, la force d'adh\u00e9rence de nos rubans adh\u00e9sifs sp\u00e9ciaux persiste.\",\"breadcrumb\":{\"@id\":\"https:\\\/\\\/cardinal-tapes.com\\\/fr\\\/rubans-adhesifs-fr__trashed\\\/abc-du-ruban-adhesif\\\/rubans-adhesifs-speciaux\\\/#breadcrumb\"},\"inLanguage\":\"fr-FR\",\"potentialAction\":[{\"@type\":\"ReadAction\",\"target\":[\"https:\\\/\\\/cardinal-tapes.com\\\/fr\\\/rubans-adhesifs-fr__trashed\\\/abc-du-ruban-adhesif\\\/rubans-adhesifs-speciaux\\\/\"]}]},{\"@type\":\"BreadcrumbList\",\"@id\":\"https:\\\/\\\/cardinal-tapes.com\\\/fr\\\/rubans-adhesifs-fr__trashed\\\/abc-du-ruban-adhesif\\\/rubans-adhesifs-speciaux\\\/#breadcrumb\",\"itemListElement\":[{\"@type\":\"ListItem\",\"position\":1,\"name\":\"Startseite\",\"item\":\"https:\\\/\\\/cardinal-tapes.com\\\/fr\\\/accueil\\\/\"},{\"@type\":\"ListItem\",\"position\":2,\"name\":\"ABC du ruban adh\u00e9sif\",\"item\":\"https:\\\/\\\/cardinal-tapes.com\\\/fr\\\/rubans-adhesifs-fr__trashed\\\/abc-du-ruban-adhesif\\\/\"},{\"@type\":\"ListItem\",\"position\":3,\"name\":\"Rubans adh\u00e9sifs sp\u00e9ciaux\"}]},{\"@type\":\"WebSite\",\"@id\":\"https:\\\/\\\/cardinal-tapes.com\\\/#website\",\"url\":\"https:\\\/\\\/cardinal-tapes.com\\\/\",\"name\":\"cardinal TAPES\",\"description\":\"Klebetechnik aus Wuppertal\",\"potentialAction\":[{\"@type\":\"SearchAction\",\"target\":{\"@type\":\"EntryPoint\",\"urlTemplate\":\"https:\\\/\\\/cardinal-tapes.com\\\/?s={search_term_string}\"},\"query-input\":{\"@type\":\"PropertyValueSpecification\",\"valueRequired\":true,\"valueName\":\"search_term_string\"}}],\"inLanguage\":\"fr-FR\"}]}<\/script>\n<!-- \/ Yoast SEO plugin. -->","yoast_head_json":{"title":"Rubans adh\u00e9sifs sp\u00e9ciaux - cardinal TAPES","description":"Nos rubans adh\u00e9sifs sp\u00e9ciaux sont utilis\u00e9s l\u00e0 o\u00f9 les rubans classiques ont atteint leurs limites depuis longtemps. M\u00eame dans les conditions les plus difficiles, la force d'adh\u00e9rence de nos rubans adh\u00e9sifs sp\u00e9ciaux persiste.","robots":{"index":"index","follow":"follow","max-snippet":"max-snippet:-1","max-image-preview":"max-image-preview:large","max-video-preview":"max-video-preview:-1"},"canonical":"https:\/\/cardinal-tapes.com\/fr\/rubans-adhesifs-fr__trashed\/abc-du-ruban-adhesif\/rubans-adhesifs-speciaux\/","og_locale":"fr_FR","og_type":"article","og_title":"Rubans adh\u00e9sifs sp\u00e9ciaux - cardinal TAPES","og_description":"Nos rubans adh\u00e9sifs sp\u00e9ciaux sont utilis\u00e9s l\u00e0 o\u00f9 les rubans classiques ont atteint leurs limites depuis longtemps. M\u00eame dans les conditions les plus difficiles, la force d'adh\u00e9rence de nos rubans adh\u00e9sifs sp\u00e9ciaux persiste.","og_url":"https:\/\/cardinal-tapes.com\/fr\/rubans-adhesifs-fr__trashed\/abc-du-ruban-adhesif\/rubans-adhesifs-speciaux\/","og_site_name":"cardinal TAPES","article_modified_time":"2023-06-02T09:12:27+00:00","twitter_card":"summary_large_image","twitter_misc":{"Dur\u00e9e de lecture estim\u00e9e":"9 minutes"},"schema":{"@context":"https:\/\/schema.org","@graph":[{"@type":"WebPage","@id":"https:\/\/cardinal-tapes.com\/fr\/rubans-adhesifs-fr__trashed\/abc-du-ruban-adhesif\/rubans-adhesifs-speciaux\/","url":"https:\/\/cardinal-tapes.com\/fr\/rubans-adhesifs-fr__trashed\/abc-du-ruban-adhesif\/rubans-adhesifs-speciaux\/","name":"Rubans adh\u00e9sifs sp\u00e9ciaux - cardinal TAPES","isPartOf":{"@id":"https:\/\/cardinal-tapes.com\/#website"},"datePublished":"2023-06-02T08:59:42+00:00","dateModified":"2023-06-02T09:12:27+00:00","description":"Nos rubans adh\u00e9sifs sp\u00e9ciaux sont utilis\u00e9s l\u00e0 o\u00f9 les rubans classiques ont atteint leurs limites depuis longtemps. M\u00eame dans les conditions les plus difficiles, la force d'adh\u00e9rence de nos rubans adh\u00e9sifs sp\u00e9ciaux persiste.","breadcrumb":{"@id":"https:\/\/cardinal-tapes.com\/fr\/rubans-adhesifs-fr__trashed\/abc-du-ruban-adhesif\/rubans-adhesifs-speciaux\/#breadcrumb"},"inLanguage":"fr-FR","potentialAction":[{"@type":"ReadAction","target":["https:\/\/cardinal-tapes.com\/fr\/rubans-adhesifs-fr__trashed\/abc-du-ruban-adhesif\/rubans-adhesifs-speciaux\/"]}]},{"@type":"BreadcrumbList","@id":"https:\/\/cardinal-tapes.com\/fr\/rubans-adhesifs-fr__trashed\/abc-du-ruban-adhesif\/rubans-adhesifs-speciaux\/#breadcrumb","itemListElement":[{"@type":"ListItem","position":1,"name":"Startseite","item":"https:\/\/cardinal-tapes.com\/fr\/accueil\/"},{"@type":"ListItem","position":2,"name":"ABC du ruban adh\u00e9sif","item":"https:\/\/cardinal-tapes.com\/fr\/rubans-adhesifs-fr__trashed\/abc-du-ruban-adhesif\/"},{"@type":"ListItem","position":3,"name":"Rubans adh\u00e9sifs sp\u00e9ciaux"}]},{"@type":"WebSite","@id":"https:\/\/cardinal-tapes.com\/#website","url":"https:\/\/cardinal-tapes.com\/","name":"cardinal TAPES","description":"Klebetechnik aus Wuppertal","potentialAction":[{"@type":"SearchAction","target":{"@type":"EntryPoint","urlTemplate":"https:\/\/cardinal-tapes.com\/?s={search_term_string}"},"query-input":{"@type":"PropertyValueSpecification","valueRequired":true,"valueName":"search_term_string"}}],"inLanguage":"fr-FR"}]}},"_links":{"self":[{"href":"https:\/\/cardinal-tapes.com\/fr\/wp-json\/wp\/v2\/pages\/31334","targetHints":{"allow":["GET"]}}],"collection":[{"href":"https:\/\/cardinal-tapes.com\/fr\/wp-json\/wp\/v2\/pages"}],"about":[{"href":"https:\/\/cardinal-tapes.com\/fr\/wp-json\/wp\/v2\/types\/page"}],"author":[{"embeddable":true,"href":"https:\/\/cardinal-tapes.com\/fr\/wp-json\/wp\/v2\/users\/1"}],"replies":[{"embeddable":true,"href":"https:\/\/cardinal-tapes.com\/fr\/wp-json\/wp\/v2\/comments?post=31334"}],"version-history":[{"count":0,"href":"https:\/\/cardinal-tapes.com\/fr\/wp-json\/wp\/v2\/pages\/31334\/revisions"}],"up":[{"embeddable":true,"href":"https:\/\/cardinal-tapes.com\/fr\/wp-json\/wp\/v2\/pages\/30749"}],"wp:attachment":[{"href":"https:\/\/cardinal-tapes.com\/fr\/wp-json\/wp\/v2\/media?parent=31334"}],"curies":[{"name":"wp","href":"https:\/\/api.w.org\/{rel}","templated":true}]}}