{"id":31325,"date":"2023-06-02T10:59:42","date_gmt":"2023-06-02T08:59:42","guid":{"rendered":"https:\/\/cardinal.pixel-tal.de\/rubans-adhesifs\/abc-du-ruban-adhesif\/rubans-adhesifs-en-acier-inoxydable\/"},"modified":"2023-06-02T11:12:19","modified_gmt":"2023-06-02T09:12:19","slug":"rubans-adhesifs-en-acier-inoxydable","status":"publish","type":"page","link":"https:\/\/cardinal-tapes.com\/fr\/rubans-adhesifs-fr\/abc-du-ruban-adhesif\/rubans-adhesifs-en-acier-inoxydable\/","title":{"rendered":"Rubans adh\u00e9sifs en acier inoxydable"},"content":{"rendered":"<div id='av_section_1'  class='avia-section av-828d2c-95bb43aaac6e88d2b9833aae4a663172 alternate_color avia-section-default avia-no-border-styling  avia-builder-el-0  avia-builder-el-no-sibling  avia-bg-style-scroll container_wrap fullsize'  ><div class='container av-section-cont-open' ><main  role=\"main\" itemprop=\"mainContentOfPage\"  class='template-page content  av-content-full alpha units'><div class='post-entry post-entry-type-page post-entry-31325'><div class='entry-content-wrapper clearfix'>\n<div  class='flex_column av-5y7y9g-0f82f12b83a1348fcd151994b79a228f av_one_full  avia-builder-el-1  el_before_av_one_half  avia-builder-el-first  first flex_column_div  '     ><div class=\"pxl-headline pxl-hl hl-wrap | hl-sub--off hl--align-left hl--no-margin    \">\n        <div class=\"hl-inner\">\n            <h2 class=\"hl-main hl-line |  hl_main--default  \">Rubans adh\u00e9sifs en acier inoxydable<\/h2>\n            \n    <\/div>\n<\/div><\/div><div  class='flex_column av-3qhsn8-8c914ba876b1a949c8b4a0ef8dba0b52 av_one_half  avia-builder-el-3  el_after_av_one_full  el_before_av_one_half  first flex_column_div  column-top-margin'     ><section  class='av_textblock_section av-6j2jv8-07b02b044d3702a69bce94a65f3d7287 '   itemscope=\"itemscope\" itemtype=\"https:\/\/schema.org\/CreativeWork\" ><div class='avia_textblock'  itemprop=\"text\" ><p>Les rubans adh\u00e9sifs en acier inoxydable sont utilis\u00e9s pour r\u00e9pondre \u00e0 des exigences sp\u00e9cifiques. Ces rubans adh\u00e9sifs sont particuli\u00e8rement importants pour le scellement ou la protection des surfaces en acier inoxydable. Ces propri\u00e9t\u00e9s sont particuli\u00e8rement importantes dans le <a href=\"https:\/\/cardinal-tapes.com\/fr\/rubans-adhesifs\/domaines-dapplication\/affinage-du-metal\/\">travail des m\u00e9taux<\/a>, mais aussi dans de nombreux autres domaines.<\/p>\n<\/div><\/section><\/div><div  class='flex_column av-345m10-bad35f5ee0334d1a7dacaa33260fa5f6 av_one_half  avia-builder-el-5  el_after_av_one_half  avia-builder-el-last  flex_column_div  column-top-margin'     ><section  class='av_textblock_section av-39lihw-f035db51393580342fe6cf97eeba16b3 '   itemscope=\"itemscope\" itemtype=\"https:\/\/schema.org\/CreativeWork\" ><div class='avia_textblock small'  itemprop=\"text\" ><h4>Les particularit\u00e9s des rubans adh\u00e9sifs en acier inoxydable<\/h4>\n<p>Les principales caract\u00e9ristiques des rubans adh\u00e9sifs en acier inoxydable sont qu&#8217;ils r\u00e9sistent \u00e0 la corrosion et qu&#8217;ils pr\u00e9sentent une bonne adh\u00e9rence sur les m\u00e9taux. Ils peuvent par exemple \u00eatre utilis\u00e9s pour le pon\u00e7age des m\u00e9taux et prot\u00e9ger ainsi diff\u00e9rentes zones du mat\u00e9riau. Ce ruban adh\u00e9sif joue \u00e9galement un r\u00f4le important dans la fixation de pi\u00e8ces en acier inoxydable.<\/p>\n<p>Dans notre boutique, vous trouverez divers rubans adh\u00e9sifs pour m\u00e9tal et acier inoxydable. Si, en plus de notre offre de produits, vous \u00eates int\u00e9ress\u00e9 par des rubans en acier inoxydable ou si vous avez besoin de <a href=\"https:\/\/cardinal-tapes.com\/fr\/confection\/\">confectionner des rubans adh\u00e9sifs<\/a>, n&#8217;h\u00e9sitez pas \u00e0 nous contacter. Nos experts exp\u00e9riment\u00e9s connaissent parfaitement les exigences individuelles des diff\u00e9rents secteurs et industries.<\/p>\n<\/div><\/section><\/div>\n\n","protected":false},"excerpt":{"rendered":"","protected":false},"author":1,"featured_media":0,"parent":30749,"menu_order":35,"comment_status":"closed","ping_status":"closed","template":"","meta":{"_acf_changed":false,"footnotes":""},"class_list":["post-31325","page","type-page","status-publish","hentry"],"acf":[],"yoast_head":"<!-- This site is optimized with the Yoast SEO plugin v27.3 - https:\/\/yoast.com\/product\/yoast-seo-wordpress\/ -->\n<title>Rubans adh\u00e9sifs en acier inoxydable - cardinal TAPES<\/title>\n<meta name=\"description\" content=\"Les rubans adh\u00e9sifs en acier inoxydable sont utilis\u00e9s pour r\u00e9pondre \u00e0 des exigences sp\u00e9cifiques. Les rubans adh\u00e9sifs sont particuli\u00e8rement importants pour le scellement des surfaces en acier inoxydable.\" \/>\n<meta name=\"robots\" content=\"index, follow, max-snippet:-1, max-image-preview:large, max-video-preview:-1\" \/>\n<link rel=\"canonical\" href=\"https:\/\/cardinal-tapes.com\/fr\/rubans-adhesifs-fr__trashed\/abc-du-ruban-adhesif\/rubans-adhesifs-en-acier-inoxydable\/\" \/>\n<meta property=\"og:locale\" content=\"fr_FR\" \/>\n<meta property=\"og:type\" content=\"article\" \/>\n<meta property=\"og:title\" content=\"Rubans adh\u00e9sifs en acier inoxydable - cardinal TAPES\" \/>\n<meta property=\"og:description\" content=\"Les rubans adh\u00e9sifs en acier inoxydable sont utilis\u00e9s pour r\u00e9pondre \u00e0 des exigences sp\u00e9cifiques. Les rubans adh\u00e9sifs sont particuli\u00e8rement importants pour le scellement des surfaces en acier inoxydable.\" \/>\n<meta property=\"og:url\" content=\"https:\/\/cardinal-tapes.com\/fr\/rubans-adhesifs-fr__trashed\/abc-du-ruban-adhesif\/rubans-adhesifs-en-acier-inoxydable\/\" \/>\n<meta property=\"og:site_name\" content=\"cardinal TAPES\" \/>\n<meta property=\"article:modified_time\" content=\"2023-06-02T09:12:19+00:00\" \/>\n<meta name=\"twitter:card\" content=\"summary_large_image\" \/>\n<meta name=\"twitter:label1\" content=\"Dur\u00e9e de lecture estim\u00e9e\" \/>\n\t<meta name=\"twitter:data1\" content=\"9 minutes\" \/>\n<script type=\"application\/ld+json\" class=\"yoast-schema-graph\">{\"@context\":\"https:\\\/\\\/schema.org\",\"@graph\":[{\"@type\":\"WebPage\",\"@id\":\"https:\\\/\\\/cardinal-tapes.com\\\/fr\\\/rubans-adhesifs-fr__trashed\\\/abc-du-ruban-adhesif\\\/rubans-adhesifs-en-acier-inoxydable\\\/\",\"url\":\"https:\\\/\\\/cardinal-tapes.com\\\/fr\\\/rubans-adhesifs-fr__trashed\\\/abc-du-ruban-adhesif\\\/rubans-adhesifs-en-acier-inoxydable\\\/\",\"name\":\"Rubans adh\u00e9sifs en acier inoxydable - cardinal TAPES\",\"isPartOf\":{\"@id\":\"https:\\\/\\\/cardinal-tapes.com\\\/#website\"},\"datePublished\":\"2023-06-02T08:59:42+00:00\",\"dateModified\":\"2023-06-02T09:12:19+00:00\",\"description\":\"Les rubans adh\u00e9sifs en acier inoxydable sont utilis\u00e9s pour r\u00e9pondre \u00e0 des exigences sp\u00e9cifiques. Les rubans adh\u00e9sifs sont particuli\u00e8rement importants pour le scellement des surfaces en acier inoxydable.\",\"breadcrumb\":{\"@id\":\"https:\\\/\\\/cardinal-tapes.com\\\/fr\\\/rubans-adhesifs-fr__trashed\\\/abc-du-ruban-adhesif\\\/rubans-adhesifs-en-acier-inoxydable\\\/#breadcrumb\"},\"inLanguage\":\"fr-FR\",\"potentialAction\":[{\"@type\":\"ReadAction\",\"target\":[\"https:\\\/\\\/cardinal-tapes.com\\\/fr\\\/rubans-adhesifs-fr__trashed\\\/abc-du-ruban-adhesif\\\/rubans-adhesifs-en-acier-inoxydable\\\/\"]}]},{\"@type\":\"BreadcrumbList\",\"@id\":\"https:\\\/\\\/cardinal-tapes.com\\\/fr\\\/rubans-adhesifs-fr__trashed\\\/abc-du-ruban-adhesif\\\/rubans-adhesifs-en-acier-inoxydable\\\/#breadcrumb\",\"itemListElement\":[{\"@type\":\"ListItem\",\"position\":1,\"name\":\"Startseite\",\"item\":\"https:\\\/\\\/cardinal-tapes.com\\\/fr\\\/accueil\\\/\"},{\"@type\":\"ListItem\",\"position\":2,\"name\":\"ABC du ruban adh\u00e9sif\",\"item\":\"https:\\\/\\\/cardinal-tapes.com\\\/fr\\\/rubans-adhesifs-fr__trashed\\\/abc-du-ruban-adhesif\\\/\"},{\"@type\":\"ListItem\",\"position\":3,\"name\":\"Rubans adh\u00e9sifs en acier inoxydable\"}]},{\"@type\":\"WebSite\",\"@id\":\"https:\\\/\\\/cardinal-tapes.com\\\/#website\",\"url\":\"https:\\\/\\\/cardinal-tapes.com\\\/\",\"name\":\"cardinal TAPES\",\"description\":\"Klebetechnik aus Wuppertal\",\"potentialAction\":[{\"@type\":\"SearchAction\",\"target\":{\"@type\":\"EntryPoint\",\"urlTemplate\":\"https:\\\/\\\/cardinal-tapes.com\\\/?s={search_term_string}\"},\"query-input\":{\"@type\":\"PropertyValueSpecification\",\"valueRequired\":true,\"valueName\":\"search_term_string\"}}],\"inLanguage\":\"fr-FR\"}]}<\/script>\n<!-- \/ Yoast SEO plugin. -->","yoast_head_json":{"title":"Rubans adh\u00e9sifs en acier inoxydable - cardinal TAPES","description":"Les rubans adh\u00e9sifs en acier inoxydable sont utilis\u00e9s pour r\u00e9pondre \u00e0 des exigences sp\u00e9cifiques. Les rubans adh\u00e9sifs sont particuli\u00e8rement importants pour le scellement des surfaces en acier inoxydable.","robots":{"index":"index","follow":"follow","max-snippet":"max-snippet:-1","max-image-preview":"max-image-preview:large","max-video-preview":"max-video-preview:-1"},"canonical":"https:\/\/cardinal-tapes.com\/fr\/rubans-adhesifs-fr__trashed\/abc-du-ruban-adhesif\/rubans-adhesifs-en-acier-inoxydable\/","og_locale":"fr_FR","og_type":"article","og_title":"Rubans adh\u00e9sifs en acier inoxydable - cardinal TAPES","og_description":"Les rubans adh\u00e9sifs en acier inoxydable sont utilis\u00e9s pour r\u00e9pondre \u00e0 des exigences sp\u00e9cifiques. Les rubans adh\u00e9sifs sont particuli\u00e8rement importants pour le scellement des surfaces en acier inoxydable.","og_url":"https:\/\/cardinal-tapes.com\/fr\/rubans-adhesifs-fr__trashed\/abc-du-ruban-adhesif\/rubans-adhesifs-en-acier-inoxydable\/","og_site_name":"cardinal TAPES","article_modified_time":"2023-06-02T09:12:19+00:00","twitter_card":"summary_large_image","twitter_misc":{"Dur\u00e9e de lecture estim\u00e9e":"9 minutes"},"schema":{"@context":"https:\/\/schema.org","@graph":[{"@type":"WebPage","@id":"https:\/\/cardinal-tapes.com\/fr\/rubans-adhesifs-fr__trashed\/abc-du-ruban-adhesif\/rubans-adhesifs-en-acier-inoxydable\/","url":"https:\/\/cardinal-tapes.com\/fr\/rubans-adhesifs-fr__trashed\/abc-du-ruban-adhesif\/rubans-adhesifs-en-acier-inoxydable\/","name":"Rubans adh\u00e9sifs en acier inoxydable - cardinal TAPES","isPartOf":{"@id":"https:\/\/cardinal-tapes.com\/#website"},"datePublished":"2023-06-02T08:59:42+00:00","dateModified":"2023-06-02T09:12:19+00:00","description":"Les rubans adh\u00e9sifs en acier inoxydable sont utilis\u00e9s pour r\u00e9pondre \u00e0 des exigences sp\u00e9cifiques. Les rubans adh\u00e9sifs sont particuli\u00e8rement importants pour le scellement des surfaces en acier inoxydable.","breadcrumb":{"@id":"https:\/\/cardinal-tapes.com\/fr\/rubans-adhesifs-fr__trashed\/abc-du-ruban-adhesif\/rubans-adhesifs-en-acier-inoxydable\/#breadcrumb"},"inLanguage":"fr-FR","potentialAction":[{"@type":"ReadAction","target":["https:\/\/cardinal-tapes.com\/fr\/rubans-adhesifs-fr__trashed\/abc-du-ruban-adhesif\/rubans-adhesifs-en-acier-inoxydable\/"]}]},{"@type":"BreadcrumbList","@id":"https:\/\/cardinal-tapes.com\/fr\/rubans-adhesifs-fr__trashed\/abc-du-ruban-adhesif\/rubans-adhesifs-en-acier-inoxydable\/#breadcrumb","itemListElement":[{"@type":"ListItem","position":1,"name":"Startseite","item":"https:\/\/cardinal-tapes.com\/fr\/accueil\/"},{"@type":"ListItem","position":2,"name":"ABC du ruban adh\u00e9sif","item":"https:\/\/cardinal-tapes.com\/fr\/rubans-adhesifs-fr__trashed\/abc-du-ruban-adhesif\/"},{"@type":"ListItem","position":3,"name":"Rubans adh\u00e9sifs en acier inoxydable"}]},{"@type":"WebSite","@id":"https:\/\/cardinal-tapes.com\/#website","url":"https:\/\/cardinal-tapes.com\/","name":"cardinal TAPES","description":"Klebetechnik aus Wuppertal","potentialAction":[{"@type":"SearchAction","target":{"@type":"EntryPoint","urlTemplate":"https:\/\/cardinal-tapes.com\/?s={search_term_string}"},"query-input":{"@type":"PropertyValueSpecification","valueRequired":true,"valueName":"search_term_string"}}],"inLanguage":"fr-FR"}]}},"_links":{"self":[{"href":"https:\/\/cardinal-tapes.com\/fr\/wp-json\/wp\/v2\/pages\/31325","targetHints":{"allow":["GET"]}}],"collection":[{"href":"https:\/\/cardinal-tapes.com\/fr\/wp-json\/wp\/v2\/pages"}],"about":[{"href":"https:\/\/cardinal-tapes.com\/fr\/wp-json\/wp\/v2\/types\/page"}],"author":[{"embeddable":true,"href":"https:\/\/cardinal-tapes.com\/fr\/wp-json\/wp\/v2\/users\/1"}],"replies":[{"embeddable":true,"href":"https:\/\/cardinal-tapes.com\/fr\/wp-json\/wp\/v2\/comments?post=31325"}],"version-history":[{"count":0,"href":"https:\/\/cardinal-tapes.com\/fr\/wp-json\/wp\/v2\/pages\/31325\/revisions"}],"up":[{"embeddable":true,"href":"https:\/\/cardinal-tapes.com\/fr\/wp-json\/wp\/v2\/pages\/30749"}],"wp:attachment":[{"href":"https:\/\/cardinal-tapes.com\/fr\/wp-json\/wp\/v2\/media?parent=31325"}],"curies":[{"name":"wp","href":"https:\/\/api.w.org\/{rel}","templated":true}]}}