{"id":31313,"date":"2023-06-02T10:59:28","date_gmt":"2023-06-02T08:59:28","guid":{"rendered":"https:\/\/cardinal.pixel-tal.de\/rubans-adhesifs\/abc-du-ruban-adhesif\/rubans-adhesifs-pour-sablage\/"},"modified":"2023-06-02T11:12:10","modified_gmt":"2023-06-02T09:12:10","slug":"rubans-adhesifs-pour-sablage","status":"publish","type":"page","link":"https:\/\/cardinal-tapes.com\/fr\/rubans-adhesifs-fr\/abc-du-ruban-adhesif\/rubans-adhesifs-pour-sablage\/","title":{"rendered":"Rubans adh\u00e9sifs pour sablage"},"content":{"rendered":"<div id='av_section_1'  class='avia-section av-27xzh0f-101b17f3ca22c97793a803b901610247 alternate_color avia-section-default avia-no-border-styling  avia-builder-el-0  avia-builder-el-no-sibling  avia-bg-style-scroll container_wrap fullsize'  ><div class='container av-section-cont-open' ><main  role=\"main\" itemprop=\"mainContentOfPage\"  class='template-page content  av-content-full alpha units'><div class='post-entry post-entry-type-page post-entry-31313'><div class='entry-content-wrapper clearfix'>\n<div  class='flex_column av-1jp3v0f-9f60e8446d21cb10880cd3107c06939f av_one_full  avia-builder-el-1  el_before_av_one_half  avia-builder-el-first  first flex_column_div  '     ><div class=\"pxl-headline pxl-hl hl-wrap | hl-sub--bot hl--align-left hl--no-margin    \">\n        <div class=\"hl-inner\">\n            <h2 class=\"hl-main hl-line |  hl_main--default  \">Rubans adh\u00e9sifs pour sablage<\/h2>\n            \n    <\/div>\n<\/div><\/div><div  class='flex_column av-17ot0nz-5cf171ed1da6d97d6ddfe6b33d9bc65e av_one_half  avia-builder-el-3  el_after_av_one_full  el_before_av_one_half  first flex_column_div  column-top-margin'     ><section  class='av_textblock_section av-2a4xjtr-d956b098d81dcfed45f21d2901649182 '   itemscope=\"itemscope\" itemtype=\"https:\/\/schema.org\/CreativeWork\" ><div class='avia_textblock'  itemprop=\"text\" ><p>Le sablage sert \u00e0 graver des motifs sur des surfaces dures, comme dans le cas de la gravure de pierres tombales, ou encore \u00e0 d\u00e9corer des surfaces en bois. Pour obtenir des r\u00e9sultats pr\u00e9cis sur des formes complexes, m\u00eame avec ce proc\u00e9d\u00e9 tr\u00e8s m\u00e9canique, on utilise un ruban adh\u00e9sif hautement sp\u00e9cialis\u00e9, appel\u00e9 ruban de sablage. Il se caract\u00e9rise par une bonne maniabilit\u00e9 et une grande r\u00e9sistance au sablage.<\/p>\n<\/div><\/section><\/div><div  class='flex_column av-krz36n-eed8327f2f4c32614537321e64746a7a av_one_half  avia-builder-el-5  el_after_av_one_half  avia-builder-el-last  flex_column_div  column-top-margin'     ><section  class='av_textblock_section av-16koehr-a12e32f2b0e575727702e980c28e8e33 '   itemscope=\"itemscope\" itemtype=\"https:\/\/schema.org\/CreativeWork\" ><div class='avia_textblock'  itemprop=\"text\" ><h4>Les avantages du ruban adh\u00e9sif pour sablage<\/h4>\n<p>Le ruban adh\u00e9sif pour sablage est compos\u00e9 d&#8217;un support en caoutchouc et d&#8217;un autre qui peut \u00eatre retir\u00e9 sans laisser de traces. La colle poss\u00e8de une forte adh\u00e9rence, surtout sur les surfaces polies et le bois. Gr\u00e2ce \u00e0 la densit\u00e9 uniforme du support, les utilisateurs peuvent tr\u00e8s bien d\u00e9couper ou poin\u00e7onner des formes complexes et cr\u00e9er ainsi des gabarits parfaitement ajust\u00e9s pour les travaux ult\u00e9rieurs. Le ruban adh\u00e9sif pour sablage est en outre r\u00e9sistant \u00e0 la chaleur jusqu&#8217;\u00e0 100 degr\u00e9s, de sorte que le mat\u00e9riau ne s&#8217;enflamme pas suite \u00e0 la sollicitation m\u00e9canique.<\/p>\n<p>Nous proposons \u00e0 nos clients de <a href=\"https:\/\/cardinal-tapes.com\/fr\/confection\/\">confectionner les rubans individuellement, selon leurs souhaits<\/a>. N&#8217;h\u00e9sitez pas \u00e0 contacter nos experts de longue date pour de plus amples informations.<\/p>\n<\/div><\/section><\/div>\n\n","protected":false},"excerpt":{"rendered":"","protected":false},"author":1,"featured_media":0,"parent":30749,"menu_order":9,"comment_status":"closed","ping_status":"closed","template":"","meta":{"_acf_changed":false,"footnotes":""},"class_list":["post-31313","page","type-page","status-publish","hentry"],"acf":[],"yoast_head":"<!-- This site is optimized with the Yoast SEO plugin v27.3 - https:\/\/yoast.com\/product\/yoast-seo-wordpress\/ -->\n<title>Rubans adh\u00e9sifs pour sablage du sp\u00e9cialiste | cardinal Tapes<\/title>\n<meta name=\"description\" content=\"Le ruban adh\u00e9sif pour sablage convient pour les applications dans des conditions de temp\u00e9rature et d&#039;effets m\u00e9caniques extr\u00eames. En savoir plus.\" \/>\n<meta name=\"robots\" content=\"index, follow, max-snippet:-1, max-image-preview:large, max-video-preview:-1\" \/>\n<link rel=\"canonical\" href=\"https:\/\/cardinal-tapes.com\/fr\/rubans-adhesifs-fr__trashed\/abc-du-ruban-adhesif\/rubans-adhesifs-pour-sablage\/\" \/>\n<meta property=\"og:locale\" content=\"fr_FR\" \/>\n<meta property=\"og:type\" content=\"article\" \/>\n<meta property=\"og:title\" content=\"Rubans adh\u00e9sifs pour sablage du sp\u00e9cialiste | cardinal Tapes\" \/>\n<meta property=\"og:description\" content=\"Le ruban adh\u00e9sif pour sablage convient pour les applications dans des conditions de temp\u00e9rature et d&#039;effets m\u00e9caniques extr\u00eames. En savoir plus.\" \/>\n<meta property=\"og:url\" content=\"https:\/\/cardinal-tapes.com\/fr\/rubans-adhesifs-fr__trashed\/abc-du-ruban-adhesif\/rubans-adhesifs-pour-sablage\/\" \/>\n<meta property=\"og:site_name\" content=\"cardinal TAPES\" \/>\n<meta property=\"article:modified_time\" content=\"2023-06-02T09:12:10+00:00\" \/>\n<meta name=\"twitter:card\" content=\"summary_large_image\" \/>\n<meta name=\"twitter:label1\" content=\"Dur\u00e9e de lecture estim\u00e9e\" \/>\n\t<meta name=\"twitter:data1\" content=\"9 minutes\" \/>\n<script type=\"application\/ld+json\" class=\"yoast-schema-graph\">{\"@context\":\"https:\\\/\\\/schema.org\",\"@graph\":[{\"@type\":\"WebPage\",\"@id\":\"https:\\\/\\\/cardinal-tapes.com\\\/fr\\\/rubans-adhesifs-fr__trashed\\\/abc-du-ruban-adhesif\\\/rubans-adhesifs-pour-sablage\\\/\",\"url\":\"https:\\\/\\\/cardinal-tapes.com\\\/fr\\\/rubans-adhesifs-fr__trashed\\\/abc-du-ruban-adhesif\\\/rubans-adhesifs-pour-sablage\\\/\",\"name\":\"Rubans adh\u00e9sifs pour sablage du sp\u00e9cialiste | cardinal Tapes\",\"isPartOf\":{\"@id\":\"https:\\\/\\\/cardinal-tapes.com\\\/#website\"},\"datePublished\":\"2023-06-02T08:59:28+00:00\",\"dateModified\":\"2023-06-02T09:12:10+00:00\",\"description\":\"Le ruban adh\u00e9sif pour sablage convient pour les applications dans des conditions de temp\u00e9rature et d'effets m\u00e9caniques extr\u00eames. En savoir plus.\",\"breadcrumb\":{\"@id\":\"https:\\\/\\\/cardinal-tapes.com\\\/fr\\\/rubans-adhesifs-fr__trashed\\\/abc-du-ruban-adhesif\\\/rubans-adhesifs-pour-sablage\\\/#breadcrumb\"},\"inLanguage\":\"fr-FR\",\"potentialAction\":[{\"@type\":\"ReadAction\",\"target\":[\"https:\\\/\\\/cardinal-tapes.com\\\/fr\\\/rubans-adhesifs-fr__trashed\\\/abc-du-ruban-adhesif\\\/rubans-adhesifs-pour-sablage\\\/\"]}]},{\"@type\":\"BreadcrumbList\",\"@id\":\"https:\\\/\\\/cardinal-tapes.com\\\/fr\\\/rubans-adhesifs-fr__trashed\\\/abc-du-ruban-adhesif\\\/rubans-adhesifs-pour-sablage\\\/#breadcrumb\",\"itemListElement\":[{\"@type\":\"ListItem\",\"position\":1,\"name\":\"Startseite\",\"item\":\"https:\\\/\\\/cardinal-tapes.com\\\/fr\\\/accueil\\\/\"},{\"@type\":\"ListItem\",\"position\":2,\"name\":\"ABC du ruban adh\u00e9sif\",\"item\":\"https:\\\/\\\/cardinal-tapes.com\\\/fr\\\/rubans-adhesifs-fr__trashed\\\/abc-du-ruban-adhesif\\\/\"},{\"@type\":\"ListItem\",\"position\":3,\"name\":\"Rubans adh\u00e9sifs pour sablage\"}]},{\"@type\":\"WebSite\",\"@id\":\"https:\\\/\\\/cardinal-tapes.com\\\/#website\",\"url\":\"https:\\\/\\\/cardinal-tapes.com\\\/\",\"name\":\"cardinal TAPES\",\"description\":\"Klebetechnik aus Wuppertal\",\"potentialAction\":[{\"@type\":\"SearchAction\",\"target\":{\"@type\":\"EntryPoint\",\"urlTemplate\":\"https:\\\/\\\/cardinal-tapes.com\\\/?s={search_term_string}\"},\"query-input\":{\"@type\":\"PropertyValueSpecification\",\"valueRequired\":true,\"valueName\":\"search_term_string\"}}],\"inLanguage\":\"fr-FR\"}]}<\/script>\n<!-- \/ Yoast SEO plugin. -->","yoast_head_json":{"title":"Rubans adh\u00e9sifs pour sablage du sp\u00e9cialiste | cardinal Tapes","description":"Le ruban adh\u00e9sif pour sablage convient pour les applications dans des conditions de temp\u00e9rature et d'effets m\u00e9caniques extr\u00eames. En savoir plus.","robots":{"index":"index","follow":"follow","max-snippet":"max-snippet:-1","max-image-preview":"max-image-preview:large","max-video-preview":"max-video-preview:-1"},"canonical":"https:\/\/cardinal-tapes.com\/fr\/rubans-adhesifs-fr__trashed\/abc-du-ruban-adhesif\/rubans-adhesifs-pour-sablage\/","og_locale":"fr_FR","og_type":"article","og_title":"Rubans adh\u00e9sifs pour sablage du sp\u00e9cialiste | cardinal Tapes","og_description":"Le ruban adh\u00e9sif pour sablage convient pour les applications dans des conditions de temp\u00e9rature et d'effets m\u00e9caniques extr\u00eames. En savoir plus.","og_url":"https:\/\/cardinal-tapes.com\/fr\/rubans-adhesifs-fr__trashed\/abc-du-ruban-adhesif\/rubans-adhesifs-pour-sablage\/","og_site_name":"cardinal TAPES","article_modified_time":"2023-06-02T09:12:10+00:00","twitter_card":"summary_large_image","twitter_misc":{"Dur\u00e9e de lecture estim\u00e9e":"9 minutes"},"schema":{"@context":"https:\/\/schema.org","@graph":[{"@type":"WebPage","@id":"https:\/\/cardinal-tapes.com\/fr\/rubans-adhesifs-fr__trashed\/abc-du-ruban-adhesif\/rubans-adhesifs-pour-sablage\/","url":"https:\/\/cardinal-tapes.com\/fr\/rubans-adhesifs-fr__trashed\/abc-du-ruban-adhesif\/rubans-adhesifs-pour-sablage\/","name":"Rubans adh\u00e9sifs pour sablage du sp\u00e9cialiste | cardinal Tapes","isPartOf":{"@id":"https:\/\/cardinal-tapes.com\/#website"},"datePublished":"2023-06-02T08:59:28+00:00","dateModified":"2023-06-02T09:12:10+00:00","description":"Le ruban adh\u00e9sif pour sablage convient pour les applications dans des conditions de temp\u00e9rature et d'effets m\u00e9caniques extr\u00eames. En savoir plus.","breadcrumb":{"@id":"https:\/\/cardinal-tapes.com\/fr\/rubans-adhesifs-fr__trashed\/abc-du-ruban-adhesif\/rubans-adhesifs-pour-sablage\/#breadcrumb"},"inLanguage":"fr-FR","potentialAction":[{"@type":"ReadAction","target":["https:\/\/cardinal-tapes.com\/fr\/rubans-adhesifs-fr__trashed\/abc-du-ruban-adhesif\/rubans-adhesifs-pour-sablage\/"]}]},{"@type":"BreadcrumbList","@id":"https:\/\/cardinal-tapes.com\/fr\/rubans-adhesifs-fr__trashed\/abc-du-ruban-adhesif\/rubans-adhesifs-pour-sablage\/#breadcrumb","itemListElement":[{"@type":"ListItem","position":1,"name":"Startseite","item":"https:\/\/cardinal-tapes.com\/fr\/accueil\/"},{"@type":"ListItem","position":2,"name":"ABC du ruban adh\u00e9sif","item":"https:\/\/cardinal-tapes.com\/fr\/rubans-adhesifs-fr__trashed\/abc-du-ruban-adhesif\/"},{"@type":"ListItem","position":3,"name":"Rubans adh\u00e9sifs pour sablage"}]},{"@type":"WebSite","@id":"https:\/\/cardinal-tapes.com\/#website","url":"https:\/\/cardinal-tapes.com\/","name":"cardinal TAPES","description":"Klebetechnik aus Wuppertal","potentialAction":[{"@type":"SearchAction","target":{"@type":"EntryPoint","urlTemplate":"https:\/\/cardinal-tapes.com\/?s={search_term_string}"},"query-input":{"@type":"PropertyValueSpecification","valueRequired":true,"valueName":"search_term_string"}}],"inLanguage":"fr-FR"}]}},"_links":{"self":[{"href":"https:\/\/cardinal-tapes.com\/fr\/wp-json\/wp\/v2\/pages\/31313","targetHints":{"allow":["GET"]}}],"collection":[{"href":"https:\/\/cardinal-tapes.com\/fr\/wp-json\/wp\/v2\/pages"}],"about":[{"href":"https:\/\/cardinal-tapes.com\/fr\/wp-json\/wp\/v2\/types\/page"}],"author":[{"embeddable":true,"href":"https:\/\/cardinal-tapes.com\/fr\/wp-json\/wp\/v2\/users\/1"}],"replies":[{"embeddable":true,"href":"https:\/\/cardinal-tapes.com\/fr\/wp-json\/wp\/v2\/comments?post=31313"}],"version-history":[{"count":0,"href":"https:\/\/cardinal-tapes.com\/fr\/wp-json\/wp\/v2\/pages\/31313\/revisions"}],"up":[{"embeddable":true,"href":"https:\/\/cardinal-tapes.com\/fr\/wp-json\/wp\/v2\/pages\/30749"}],"wp:attachment":[{"href":"https:\/\/cardinal-tapes.com\/fr\/wp-json\/wp\/v2\/media?parent=31313"}],"curies":[{"name":"wp","href":"https:\/\/api.w.org\/{rel}","templated":true}]}}