{"id":31270,"date":"2023-06-02T10:59:27","date_gmt":"2023-06-02T08:59:27","guid":{"rendered":"https:\/\/cardinal.pixel-tal.de\/rubans-adhesifs\/abc-du-ruban-adhesif\/colles-a-base-de-resine-epoxy\/"},"modified":"2023-06-02T11:12:01","modified_gmt":"2023-06-02T09:12:01","slug":"colles-a-base-de-resine-epoxy","status":"publish","type":"page","link":"https:\/\/cardinal-tapes.com\/fr\/rubans-adhesifs-fr\/abc-du-ruban-adhesif\/colles-a-base-de-resine-epoxy\/","title":{"rendered":"Colles \u00e0 base de r\u00e9sine \u00e9poxy"},"content":{"rendered":"<div id='av_section_1'  class='avia-section av-25v9lcb-d6f6731741ed8fa4611f4d24df10f1fe alternate_color avia-section-default avia-no-border-styling  avia-builder-el-0  avia-builder-el-no-sibling  avia-bg-style-scroll container_wrap fullsize'  ><div class='container av-section-cont-open' ><main  role=\"main\" itemprop=\"mainContentOfPage\"  class='template-page content  av-content-full alpha units'><div class='post-entry post-entry-type-page post-entry-31270'><div class='entry-content-wrapper clearfix'>\n<div  class='flex_column av-1njtvpn-9df0803e3c52194d7d983c45e5c832d7 av_one_full  avia-builder-el-1  el_before_av_one_half  avia-builder-el-first  first flex_column_div  '     ><div class=\"pxl-headline pxl-hl hl-wrap | hl-sub--off hl--align-left hl--no-margin    \">\n        <div class=\"hl-inner\">\n            <h2 class=\"hl-main hl-line |  hl_main--default  \">Colles \u00e0 base de r\u00e9sine \u00e9poxy<\/h2>\n            \n    <\/div>\n<\/div><\/div><div  class='flex_column av-4lrbgr-213977369ecee7d73b76f8a08fb713b9 av_one_half  avia-builder-el-3  el_after_av_one_full  el_before_av_one_half  first flex_column_div  column-top-margin'     ><section  class='av_textblock_section av-22eezsb-f70845df8fd12a415dcdc75d43203e96 '   itemscope=\"itemscope\" itemtype=\"https:\/\/schema.org\/CreativeWork\" ><div class='avia_textblock'  itemprop=\"text\" ><p>Les colles \u00e0 base de r\u00e9sine \u00e9poxy, \u00e9galement appel\u00e9es colles \u00e9poxy, disposent de deux composants : La r\u00e9sine et le durcisseur. La r\u00e9sine \u00e9poxy est constitu\u00e9e d&#8217;\u00e9l\u00e9ments polym\u00e8res \u00e0 l&#8217;extr\u00e9mit\u00e9 desquels se trouvent des groupes dits \u00e9poxy. Dans ce cas, on utilise le plus souvent des produits de r\u00e9action du bisph\u00e9nol A et de l&#8217;\u00e9pichlorhydrine qui, une fois m\u00e9lang\u00e9s \u00e0 l&#8217;agent de durcissement (contenant des groupes amino ou mercapto), forment une r\u00e9sine thermodurcissable stable. La r\u00e9action de durcissement se pr\u00eate aussi bien \u00e0 la temp\u00e9rature ambiante qu&#8217;\u00e0 des temp\u00e9ratures plus \u00e9lev\u00e9es. Si c&#8217;est le cas, le collage g\u00e9n\u00e8re g\u00e9n\u00e9ralement des r\u00e9sistances plus \u00e9lev\u00e9es.<\/p>\n<\/div><\/section><\/div><div  class='flex_column av-2csd6z-5b437578a99c160588b1644ef4149091 av_one_half  avia-builder-el-5  el_after_av_one_half  avia-builder-el-last  flex_column_div  column-top-margin'     ><section  class='av_textblock_section av-154xurv-0c7f8e88ff703c77583b63186f480f99 '   itemscope=\"itemscope\" itemtype=\"https:\/\/schema.org\/CreativeWork\" ><div class='avia_textblock'  itemprop=\"text\" ><h4>Domaines d&#8217;application des colles \u00e0 base de r\u00e9sine \u00e9poxyde<\/h4>\n<p>En raison de leur grande r\u00e9sistance, les colles \u00e9poxy durcies sont souvent utilis\u00e9es pour des collages structurels, par exemple dans la construction automobile ou a\u00e9ronautique.<\/p>\n<\/div><\/section><\/div>\n\n","protected":false},"excerpt":{"rendered":"","protected":false},"author":1,"featured_media":0,"parent":30749,"menu_order":3,"comment_status":"closed","ping_status":"closed","template":"","meta":{"_acf_changed":false,"footnotes":""},"class_list":["post-31270","page","type-page","status-publish","hentry"],"acf":[],"yoast_head":"<!-- This site is optimized with the Yoast SEO plugin v27.3 - https:\/\/yoast.com\/product\/yoast-seo-wordpress\/ -->\n<title>Colles \u00e0 base de r\u00e9sine \u00e9poxy - cardinal TAPES<\/title>\n<meta name=\"description\" content=\"Les colles \u00e0 base de r\u00e9sine \u00e9poxy, \u00e9galement appel\u00e9es colles \u00e9poxy, disposent de deux composants : La r\u00e9sine et le durcisseur. En savoir plus ici.\" \/>\n<meta name=\"robots\" content=\"index, follow, max-snippet:-1, max-image-preview:large, max-video-preview:-1\" \/>\n<link rel=\"canonical\" href=\"https:\/\/cardinal-tapes.com\/fr\/rubans-adhesifs-fr__trashed\/abc-du-ruban-adhesif\/colles-a-base-de-resine-epoxy\/\" \/>\n<meta property=\"og:locale\" content=\"fr_FR\" \/>\n<meta property=\"og:type\" content=\"article\" \/>\n<meta property=\"og:title\" content=\"Colles \u00e0 base de r\u00e9sine \u00e9poxy - cardinal TAPES\" \/>\n<meta property=\"og:description\" content=\"Les colles \u00e0 base de r\u00e9sine \u00e9poxy, \u00e9galement appel\u00e9es colles \u00e9poxy, disposent de deux composants : La r\u00e9sine et le durcisseur. En savoir plus ici.\" \/>\n<meta property=\"og:url\" content=\"https:\/\/cardinal-tapes.com\/fr\/rubans-adhesifs-fr__trashed\/abc-du-ruban-adhesif\/colles-a-base-de-resine-epoxy\/\" \/>\n<meta property=\"og:site_name\" content=\"cardinal TAPES\" \/>\n<meta property=\"article:modified_time\" content=\"2023-06-02T09:12:01+00:00\" \/>\n<meta name=\"twitter:card\" content=\"summary_large_image\" \/>\n<meta name=\"twitter:label1\" content=\"Dur\u00e9e de lecture estim\u00e9e\" \/>\n\t<meta name=\"twitter:data1\" content=\"9 minutes\" \/>\n<script type=\"application\/ld+json\" class=\"yoast-schema-graph\">{\"@context\":\"https:\\\/\\\/schema.org\",\"@graph\":[{\"@type\":\"WebPage\",\"@id\":\"https:\\\/\\\/cardinal-tapes.com\\\/fr\\\/rubans-adhesifs-fr__trashed\\\/abc-du-ruban-adhesif\\\/colles-a-base-de-resine-epoxy\\\/\",\"url\":\"https:\\\/\\\/cardinal-tapes.com\\\/fr\\\/rubans-adhesifs-fr__trashed\\\/abc-du-ruban-adhesif\\\/colles-a-base-de-resine-epoxy\\\/\",\"name\":\"Colles \u00e0 base de r\u00e9sine \u00e9poxy - cardinal TAPES\",\"isPartOf\":{\"@id\":\"https:\\\/\\\/cardinal-tapes.com\\\/#website\"},\"datePublished\":\"2023-06-02T08:59:27+00:00\",\"dateModified\":\"2023-06-02T09:12:01+00:00\",\"description\":\"Les colles \u00e0 base de r\u00e9sine \u00e9poxy, \u00e9galement appel\u00e9es colles \u00e9poxy, disposent de deux composants : La r\u00e9sine et le durcisseur. En savoir plus ici.\",\"breadcrumb\":{\"@id\":\"https:\\\/\\\/cardinal-tapes.com\\\/fr\\\/rubans-adhesifs-fr__trashed\\\/abc-du-ruban-adhesif\\\/colles-a-base-de-resine-epoxy\\\/#breadcrumb\"},\"inLanguage\":\"fr-FR\",\"potentialAction\":[{\"@type\":\"ReadAction\",\"target\":[\"https:\\\/\\\/cardinal-tapes.com\\\/fr\\\/rubans-adhesifs-fr__trashed\\\/abc-du-ruban-adhesif\\\/colles-a-base-de-resine-epoxy\\\/\"]}]},{\"@type\":\"BreadcrumbList\",\"@id\":\"https:\\\/\\\/cardinal-tapes.com\\\/fr\\\/rubans-adhesifs-fr__trashed\\\/abc-du-ruban-adhesif\\\/colles-a-base-de-resine-epoxy\\\/#breadcrumb\",\"itemListElement\":[{\"@type\":\"ListItem\",\"position\":1,\"name\":\"Startseite\",\"item\":\"https:\\\/\\\/cardinal-tapes.com\\\/fr\\\/accueil\\\/\"},{\"@type\":\"ListItem\",\"position\":2,\"name\":\"ABC du ruban adh\u00e9sif\",\"item\":\"https:\\\/\\\/cardinal-tapes.com\\\/fr\\\/rubans-adhesifs-fr__trashed\\\/abc-du-ruban-adhesif\\\/\"},{\"@type\":\"ListItem\",\"position\":3,\"name\":\"Colles \u00e0 base de r\u00e9sine \u00e9poxy\"}]},{\"@type\":\"WebSite\",\"@id\":\"https:\\\/\\\/cardinal-tapes.com\\\/#website\",\"url\":\"https:\\\/\\\/cardinal-tapes.com\\\/\",\"name\":\"cardinal TAPES\",\"description\":\"Klebetechnik aus Wuppertal\",\"potentialAction\":[{\"@type\":\"SearchAction\",\"target\":{\"@type\":\"EntryPoint\",\"urlTemplate\":\"https:\\\/\\\/cardinal-tapes.com\\\/?s={search_term_string}\"},\"query-input\":{\"@type\":\"PropertyValueSpecification\",\"valueRequired\":true,\"valueName\":\"search_term_string\"}}],\"inLanguage\":\"fr-FR\"}]}<\/script>\n<!-- \/ Yoast SEO plugin. -->","yoast_head_json":{"title":"Colles \u00e0 base de r\u00e9sine \u00e9poxy - cardinal TAPES","description":"Les colles \u00e0 base de r\u00e9sine \u00e9poxy, \u00e9galement appel\u00e9es colles \u00e9poxy, disposent de deux composants : La r\u00e9sine et le durcisseur. En savoir plus ici.","robots":{"index":"index","follow":"follow","max-snippet":"max-snippet:-1","max-image-preview":"max-image-preview:large","max-video-preview":"max-video-preview:-1"},"canonical":"https:\/\/cardinal-tapes.com\/fr\/rubans-adhesifs-fr__trashed\/abc-du-ruban-adhesif\/colles-a-base-de-resine-epoxy\/","og_locale":"fr_FR","og_type":"article","og_title":"Colles \u00e0 base de r\u00e9sine \u00e9poxy - cardinal TAPES","og_description":"Les colles \u00e0 base de r\u00e9sine \u00e9poxy, \u00e9galement appel\u00e9es colles \u00e9poxy, disposent de deux composants : La r\u00e9sine et le durcisseur. En savoir plus ici.","og_url":"https:\/\/cardinal-tapes.com\/fr\/rubans-adhesifs-fr__trashed\/abc-du-ruban-adhesif\/colles-a-base-de-resine-epoxy\/","og_site_name":"cardinal TAPES","article_modified_time":"2023-06-02T09:12:01+00:00","twitter_card":"summary_large_image","twitter_misc":{"Dur\u00e9e de lecture estim\u00e9e":"9 minutes"},"schema":{"@context":"https:\/\/schema.org","@graph":[{"@type":"WebPage","@id":"https:\/\/cardinal-tapes.com\/fr\/rubans-adhesifs-fr__trashed\/abc-du-ruban-adhesif\/colles-a-base-de-resine-epoxy\/","url":"https:\/\/cardinal-tapes.com\/fr\/rubans-adhesifs-fr__trashed\/abc-du-ruban-adhesif\/colles-a-base-de-resine-epoxy\/","name":"Colles \u00e0 base de r\u00e9sine \u00e9poxy - cardinal TAPES","isPartOf":{"@id":"https:\/\/cardinal-tapes.com\/#website"},"datePublished":"2023-06-02T08:59:27+00:00","dateModified":"2023-06-02T09:12:01+00:00","description":"Les colles \u00e0 base de r\u00e9sine \u00e9poxy, \u00e9galement appel\u00e9es colles \u00e9poxy, disposent de deux composants : La r\u00e9sine et le durcisseur. En savoir plus ici.","breadcrumb":{"@id":"https:\/\/cardinal-tapes.com\/fr\/rubans-adhesifs-fr__trashed\/abc-du-ruban-adhesif\/colles-a-base-de-resine-epoxy\/#breadcrumb"},"inLanguage":"fr-FR","potentialAction":[{"@type":"ReadAction","target":["https:\/\/cardinal-tapes.com\/fr\/rubans-adhesifs-fr__trashed\/abc-du-ruban-adhesif\/colles-a-base-de-resine-epoxy\/"]}]},{"@type":"BreadcrumbList","@id":"https:\/\/cardinal-tapes.com\/fr\/rubans-adhesifs-fr__trashed\/abc-du-ruban-adhesif\/colles-a-base-de-resine-epoxy\/#breadcrumb","itemListElement":[{"@type":"ListItem","position":1,"name":"Startseite","item":"https:\/\/cardinal-tapes.com\/fr\/accueil\/"},{"@type":"ListItem","position":2,"name":"ABC du ruban adh\u00e9sif","item":"https:\/\/cardinal-tapes.com\/fr\/rubans-adhesifs-fr__trashed\/abc-du-ruban-adhesif\/"},{"@type":"ListItem","position":3,"name":"Colles \u00e0 base de r\u00e9sine \u00e9poxy"}]},{"@type":"WebSite","@id":"https:\/\/cardinal-tapes.com\/#website","url":"https:\/\/cardinal-tapes.com\/","name":"cardinal TAPES","description":"Klebetechnik aus Wuppertal","potentialAction":[{"@type":"SearchAction","target":{"@type":"EntryPoint","urlTemplate":"https:\/\/cardinal-tapes.com\/?s={search_term_string}"},"query-input":{"@type":"PropertyValueSpecification","valueRequired":true,"valueName":"search_term_string"}}],"inLanguage":"fr-FR"}]}},"_links":{"self":[{"href":"https:\/\/cardinal-tapes.com\/fr\/wp-json\/wp\/v2\/pages\/31270","targetHints":{"allow":["GET"]}}],"collection":[{"href":"https:\/\/cardinal-tapes.com\/fr\/wp-json\/wp\/v2\/pages"}],"about":[{"href":"https:\/\/cardinal-tapes.com\/fr\/wp-json\/wp\/v2\/types\/page"}],"author":[{"embeddable":true,"href":"https:\/\/cardinal-tapes.com\/fr\/wp-json\/wp\/v2\/users\/1"}],"replies":[{"embeddable":true,"href":"https:\/\/cardinal-tapes.com\/fr\/wp-json\/wp\/v2\/comments?post=31270"}],"version-history":[{"count":0,"href":"https:\/\/cardinal-tapes.com\/fr\/wp-json\/wp\/v2\/pages\/31270\/revisions"}],"up":[{"embeddable":true,"href":"https:\/\/cardinal-tapes.com\/fr\/wp-json\/wp\/v2\/pages\/30749"}],"wp:attachment":[{"href":"https:\/\/cardinal-tapes.com\/fr\/wp-json\/wp\/v2\/media?parent=31270"}],"curies":[{"name":"wp","href":"https:\/\/api.w.org\/{rel}","templated":true}]}}