{"id":31244,"date":"2023-06-02T10:59:27","date_gmt":"2023-06-02T08:59:27","guid":{"rendered":"https:\/\/cardinal.pixel-tal.de\/rubans-adhesifs\/abc-du-ruban-adhesif\/bandes-renforcees-de-verre-avec-revetement-ptfe\/"},"modified":"2023-06-02T11:12:19","modified_gmt":"2023-06-02T09:12:19","slug":"bandes-renforcees-de-verre-avec-revetement-ptfe","status":"publish","type":"page","link":"https:\/\/cardinal-tapes.com\/fr\/rubans-adhesifs-fr\/abc-du-ruban-adhesif\/bandes-renforcees-de-verre-avec-revetement-ptfe\/","title":{"rendered":"Bandes renforc\u00e9es de verre avec rev\u00eatement PTFE"},"content":{"rendered":"<div id='av_section_1'  class='avia-section av-6s888q-970f19534e8b49f04750fd9cbbdaa538 alternate_color avia-section-default avia-no-border-styling  avia-builder-el-0  avia-builder-el-no-sibling  avia-bg-style-scroll container_wrap fullsize'  ><div class='container av-section-cont-open' ><main  role=\"main\" itemprop=\"mainContentOfPage\"  class='template-page content  av-content-full alpha units'><div class='post-entry post-entry-type-page post-entry-31244'><div class='entry-content-wrapper clearfix'>\n<div  class='flex_column av-1tj8hmi-7908129f3f2c70b32677506c1a4b506b av_one_full  avia-builder-el-1  el_before_av_one_half  avia-builder-el-first  first flex_column_div  '     ><div class=\"pxl-headline pxl-hl hl-wrap | hl-sub--off hl--align-left hl--no-margin    \">\n        <div class=\"hl-inner\">\n            <h2 class=\"hl-main hl-line |  hl_main--default  \">Rubans adh\u00e9sifs renforc\u00e9s de verre avec rev\u00eatement PTFE<\/h2>\n            \n    <\/div>\n<\/div><\/div><div  class='flex_column av-187squy-9c4fd27079e67151ec39d6bbce8de2ea av_one_half  avia-builder-el-3  el_after_av_one_full  el_before_av_one_half  first flex_column_div  column-top-margin'     ><section  class='av_textblock_section av-25ocxyy-4aafa9d6193fa6f0e1531f0180d57e0d '   itemscope=\"itemscope\" itemtype=\"https:\/\/schema.org\/CreativeWork\" ><div class='avia_textblock'  itemprop=\"text\" ><p>Que ce soit pour le thermoscellage ou comme mat\u00e9riau dans les machines d&#8217;emballage, que ce soit comme auxiliaire pour le repassage ou le pressage ou encore pour les rev\u00eatements de rouleaux, les rev\u00eatements de puits, les couches anti-adh\u00e9rentes et sur les outils de collage, les rubans renforc\u00e9s de verre conviennent \u00e0 un large domaine d&#8217;utilisation avec \u00e0 chaque fois des applications tr\u00e8s sp\u00e9cifiques. Cela est rendu possible par les propri\u00e9t\u00e9s particuli\u00e8res du mat\u00e9riau. Le tissu de verre se caract\u00e9rise par une grande r\u00e9sistance \u00e0 diverses influences. Il offre une excellente r\u00e9sistance aux temp\u00e9ratures de -70 \u00e0 260 degr\u00e9s Celsius. En outre, le mat\u00e9riau convainc par sa r\u00e9sistance \u00e9lectrique, sa solidit\u00e9 m\u00e9canique, sa r\u00e9sistance au feu et son rapport co\u00fbt-efficacit\u00e9.<\/p>\n<h4>Rubans adh\u00e9sifs renforc\u00e9s de verre avec rev\u00eatement PTFE pour de nombreuses industries<\/h4>\n<p>De plus, le tissu en fibre de verre tiss\u00e9 est enduit de polyt\u00e9trafluoro\u00e9thyl\u00e8ne (PTFE). Ce mat\u00e9riau, souvent appel\u00e9 t\u00e9flon dans le langage courant, est un polym\u00e8re de fluor et de carbone. Dot\u00e9e d&#8217;un adh\u00e9sif silicone, cette couche de PTFE offre une surface aux excellentes propri\u00e9t\u00e9s anti-adh\u00e9rentes pour une grande vari\u00e9t\u00e9 d&#8217;applications industrielles. Les rubans adh\u00e9sifs renforc\u00e9s de verre avec rev\u00eatement PTFE sont donc extr\u00eamement flexibles et r\u00e9pondent aux exigences les plus \u00e9lev\u00e9es.<\/p>\n<\/div><\/section><\/div><div  class='flex_column av-kfajzu-d50a19209035f7f22a75acf58a2c744a av_one_half  avia-builder-el-5  el_after_av_one_half  avia-builder-el-last  flex_column_div  column-top-margin'     ><section  class='av_textblock_section av-yw8ube-3c66a4d4b2856c1dcc03151bc89bf943 '   itemscope=\"itemscope\" itemtype=\"https:\/\/schema.org\/CreativeWork\" ><div class='avia_textblock'  itemprop=\"text\" ><h4>Rubans adh\u00e9sifs renforc\u00e9s de verre de haute qualit\u00e9 avec rev\u00eatement PTFE du revendeur sp\u00e9cialis\u00e9<\/h4>\n<p>En tant qu&#8217;experts en rubans adh\u00e9sifs renforc\u00e9s de verre avec rev\u00eatement PTFE, nous savons que ces rubans sont expos\u00e9s \u00e0 des conditions extr\u00eames. C&#8217;est pourquoi nous accordons une grande importance \u00e0 la qualit\u00e9 et au conseil. Cela fait de nous un partenaire solide pour les secteurs les plus divers. Il s&#8217;agit notamment de l&#8217;<a href=\"https:\/\/cardinal-tapes.com\/fr\/rubans-adhesifs\/domaines-dapplication\/industrie-textile\/\">industrie textile<\/a>, de l&#8217;<a href=\"https:\/\/cardinal-tapes.com\/fr\/rubans-adhesifs\/domaines-dapplication\/technique-evenementielle\/\">\u00e9v\u00e9nementiel<\/a>, de la <a href=\"https:\/\/cardinal-tapes.com\/fr\/rubans-adhesifs\/domaines-dapplication\/industrie-du-batiment\/\">construction<\/a>, de l&#8217;industrie du b\u00e9ton, de la <a href=\"https:\/\/cardinal-tapes.com\/fr\/rubans-adhesifs\/domaines-dapplication\/industrie-de-la-publicite\/\">publicit\u00e9<\/a>, de l&#8217;ennoblissement des m\u00e9taux et du <a href=\"https:\/\/cardinal-tapes.com\/fr\/rubans-adhesifs\/domaines-dapplication\/secteur-de-lautomobile\/\">secteur automobile<\/a>.<\/p>\n<\/div><\/section><\/div>\n\n","protected":false},"excerpt":{"rendered":"","protected":false},"author":1,"featured_media":0,"parent":30749,"menu_order":8,"comment_status":"closed","ping_status":"closed","template":"","meta":{"_acf_changed":false,"footnotes":""},"class_list":["post-31244","page","type-page","status-publish","hentry"],"acf":[],"yoast_head":"<!-- This site is optimized with the Yoast SEO plugin v27.3 - https:\/\/yoast.com\/product\/yoast-seo-wordpress\/ -->\n<title>Bandes renforc\u00e9es de verre avec rev\u00eatement PTFE | cardinal Tapes<\/title>\n<meta name=\"description\" content=\"En raison de leurs propri\u00e9t\u00e9s mat\u00e9rielles, les rubans renforc\u00e9s de verre avec rev\u00eatement PTFE font partie des rubans adh\u00e9sifs extr\u00eamement polyvalents.\" \/>\n<meta name=\"robots\" content=\"index, follow, max-snippet:-1, max-image-preview:large, max-video-preview:-1\" \/>\n<link rel=\"canonical\" href=\"https:\/\/cardinal-tapes.com\/fr\/rubans-adhesifs-fr__trashed\/abc-du-ruban-adhesif\/bandes-renforcees-de-verre-avec-revetement-ptfe\/\" \/>\n<meta property=\"og:locale\" content=\"fr_FR\" \/>\n<meta property=\"og:type\" content=\"article\" \/>\n<meta property=\"og:title\" content=\"Bandes renforc\u00e9es de verre avec rev\u00eatement PTFE | cardinal Tapes\" \/>\n<meta property=\"og:description\" content=\"En raison de leurs propri\u00e9t\u00e9s mat\u00e9rielles, les rubans renforc\u00e9s de verre avec rev\u00eatement PTFE font partie des rubans adh\u00e9sifs extr\u00eamement polyvalents.\" \/>\n<meta property=\"og:url\" content=\"https:\/\/cardinal-tapes.com\/fr\/rubans-adhesifs-fr__trashed\/abc-du-ruban-adhesif\/bandes-renforcees-de-verre-avec-revetement-ptfe\/\" \/>\n<meta property=\"og:site_name\" content=\"cardinal TAPES\" \/>\n<meta property=\"article:modified_time\" content=\"2023-06-02T09:12:19+00:00\" \/>\n<meta name=\"twitter:card\" content=\"summary_large_image\" \/>\n<meta name=\"twitter:label1\" content=\"Dur\u00e9e de lecture estim\u00e9e\" \/>\n\t<meta name=\"twitter:data1\" content=\"10 minutes\" \/>\n<script type=\"application\/ld+json\" class=\"yoast-schema-graph\">{\"@context\":\"https:\\\/\\\/schema.org\",\"@graph\":[{\"@type\":\"WebPage\",\"@id\":\"https:\\\/\\\/cardinal-tapes.com\\\/fr\\\/rubans-adhesifs-fr__trashed\\\/abc-du-ruban-adhesif\\\/bandes-renforcees-de-verre-avec-revetement-ptfe\\\/\",\"url\":\"https:\\\/\\\/cardinal-tapes.com\\\/fr\\\/rubans-adhesifs-fr__trashed\\\/abc-du-ruban-adhesif\\\/bandes-renforcees-de-verre-avec-revetement-ptfe\\\/\",\"name\":\"Bandes renforc\u00e9es de verre avec rev\u00eatement PTFE | cardinal Tapes\",\"isPartOf\":{\"@id\":\"https:\\\/\\\/cardinal-tapes.com\\\/#website\"},\"datePublished\":\"2023-06-02T08:59:27+00:00\",\"dateModified\":\"2023-06-02T09:12:19+00:00\",\"description\":\"En raison de leurs propri\u00e9t\u00e9s mat\u00e9rielles, les rubans renforc\u00e9s de verre avec rev\u00eatement PTFE font partie des rubans adh\u00e9sifs extr\u00eamement polyvalents.\",\"breadcrumb\":{\"@id\":\"https:\\\/\\\/cardinal-tapes.com\\\/fr\\\/rubans-adhesifs-fr__trashed\\\/abc-du-ruban-adhesif\\\/bandes-renforcees-de-verre-avec-revetement-ptfe\\\/#breadcrumb\"},\"inLanguage\":\"fr-FR\",\"potentialAction\":[{\"@type\":\"ReadAction\",\"target\":[\"https:\\\/\\\/cardinal-tapes.com\\\/fr\\\/rubans-adhesifs-fr__trashed\\\/abc-du-ruban-adhesif\\\/bandes-renforcees-de-verre-avec-revetement-ptfe\\\/\"]}]},{\"@type\":\"BreadcrumbList\",\"@id\":\"https:\\\/\\\/cardinal-tapes.com\\\/fr\\\/rubans-adhesifs-fr__trashed\\\/abc-du-ruban-adhesif\\\/bandes-renforcees-de-verre-avec-revetement-ptfe\\\/#breadcrumb\",\"itemListElement\":[{\"@type\":\"ListItem\",\"position\":1,\"name\":\"Startseite\",\"item\":\"https:\\\/\\\/cardinal-tapes.com\\\/fr\\\/accueil\\\/\"},{\"@type\":\"ListItem\",\"position\":2,\"name\":\"ABC du ruban adh\u00e9sif\",\"item\":\"https:\\\/\\\/cardinal-tapes.com\\\/fr\\\/rubans-adhesifs-fr__trashed\\\/abc-du-ruban-adhesif\\\/\"},{\"@type\":\"ListItem\",\"position\":3,\"name\":\"Bandes renforc\u00e9es de verre avec rev\u00eatement PTFE\"}]},{\"@type\":\"WebSite\",\"@id\":\"https:\\\/\\\/cardinal-tapes.com\\\/#website\",\"url\":\"https:\\\/\\\/cardinal-tapes.com\\\/\",\"name\":\"cardinal TAPES\",\"description\":\"Klebetechnik aus Wuppertal\",\"potentialAction\":[{\"@type\":\"SearchAction\",\"target\":{\"@type\":\"EntryPoint\",\"urlTemplate\":\"https:\\\/\\\/cardinal-tapes.com\\\/?s={search_term_string}\"},\"query-input\":{\"@type\":\"PropertyValueSpecification\",\"valueRequired\":true,\"valueName\":\"search_term_string\"}}],\"inLanguage\":\"fr-FR\"}]}<\/script>\n<!-- \/ Yoast SEO plugin. -->","yoast_head_json":{"title":"Bandes renforc\u00e9es de verre avec rev\u00eatement PTFE | cardinal Tapes","description":"En raison de leurs propri\u00e9t\u00e9s mat\u00e9rielles, les rubans renforc\u00e9s de verre avec rev\u00eatement PTFE font partie des rubans adh\u00e9sifs extr\u00eamement polyvalents.","robots":{"index":"index","follow":"follow","max-snippet":"max-snippet:-1","max-image-preview":"max-image-preview:large","max-video-preview":"max-video-preview:-1"},"canonical":"https:\/\/cardinal-tapes.com\/fr\/rubans-adhesifs-fr__trashed\/abc-du-ruban-adhesif\/bandes-renforcees-de-verre-avec-revetement-ptfe\/","og_locale":"fr_FR","og_type":"article","og_title":"Bandes renforc\u00e9es de verre avec rev\u00eatement PTFE | cardinal Tapes","og_description":"En raison de leurs propri\u00e9t\u00e9s mat\u00e9rielles, les rubans renforc\u00e9s de verre avec rev\u00eatement PTFE font partie des rubans adh\u00e9sifs extr\u00eamement polyvalents.","og_url":"https:\/\/cardinal-tapes.com\/fr\/rubans-adhesifs-fr__trashed\/abc-du-ruban-adhesif\/bandes-renforcees-de-verre-avec-revetement-ptfe\/","og_site_name":"cardinal TAPES","article_modified_time":"2023-06-02T09:12:19+00:00","twitter_card":"summary_large_image","twitter_misc":{"Dur\u00e9e de lecture estim\u00e9e":"10 minutes"},"schema":{"@context":"https:\/\/schema.org","@graph":[{"@type":"WebPage","@id":"https:\/\/cardinal-tapes.com\/fr\/rubans-adhesifs-fr__trashed\/abc-du-ruban-adhesif\/bandes-renforcees-de-verre-avec-revetement-ptfe\/","url":"https:\/\/cardinal-tapes.com\/fr\/rubans-adhesifs-fr__trashed\/abc-du-ruban-adhesif\/bandes-renforcees-de-verre-avec-revetement-ptfe\/","name":"Bandes renforc\u00e9es de verre avec rev\u00eatement PTFE | cardinal Tapes","isPartOf":{"@id":"https:\/\/cardinal-tapes.com\/#website"},"datePublished":"2023-06-02T08:59:27+00:00","dateModified":"2023-06-02T09:12:19+00:00","description":"En raison de leurs propri\u00e9t\u00e9s mat\u00e9rielles, les rubans renforc\u00e9s de verre avec rev\u00eatement PTFE font partie des rubans adh\u00e9sifs extr\u00eamement polyvalents.","breadcrumb":{"@id":"https:\/\/cardinal-tapes.com\/fr\/rubans-adhesifs-fr__trashed\/abc-du-ruban-adhesif\/bandes-renforcees-de-verre-avec-revetement-ptfe\/#breadcrumb"},"inLanguage":"fr-FR","potentialAction":[{"@type":"ReadAction","target":["https:\/\/cardinal-tapes.com\/fr\/rubans-adhesifs-fr__trashed\/abc-du-ruban-adhesif\/bandes-renforcees-de-verre-avec-revetement-ptfe\/"]}]},{"@type":"BreadcrumbList","@id":"https:\/\/cardinal-tapes.com\/fr\/rubans-adhesifs-fr__trashed\/abc-du-ruban-adhesif\/bandes-renforcees-de-verre-avec-revetement-ptfe\/#breadcrumb","itemListElement":[{"@type":"ListItem","position":1,"name":"Startseite","item":"https:\/\/cardinal-tapes.com\/fr\/accueil\/"},{"@type":"ListItem","position":2,"name":"ABC du ruban adh\u00e9sif","item":"https:\/\/cardinal-tapes.com\/fr\/rubans-adhesifs-fr__trashed\/abc-du-ruban-adhesif\/"},{"@type":"ListItem","position":3,"name":"Bandes renforc\u00e9es de verre avec rev\u00eatement PTFE"}]},{"@type":"WebSite","@id":"https:\/\/cardinal-tapes.com\/#website","url":"https:\/\/cardinal-tapes.com\/","name":"cardinal TAPES","description":"Klebetechnik aus Wuppertal","potentialAction":[{"@type":"SearchAction","target":{"@type":"EntryPoint","urlTemplate":"https:\/\/cardinal-tapes.com\/?s={search_term_string}"},"query-input":{"@type":"PropertyValueSpecification","valueRequired":true,"valueName":"search_term_string"}}],"inLanguage":"fr-FR"}]}},"_links":{"self":[{"href":"https:\/\/cardinal-tapes.com\/fr\/wp-json\/wp\/v2\/pages\/31244","targetHints":{"allow":["GET"]}}],"collection":[{"href":"https:\/\/cardinal-tapes.com\/fr\/wp-json\/wp\/v2\/pages"}],"about":[{"href":"https:\/\/cardinal-tapes.com\/fr\/wp-json\/wp\/v2\/types\/page"}],"author":[{"embeddable":true,"href":"https:\/\/cardinal-tapes.com\/fr\/wp-json\/wp\/v2\/users\/1"}],"replies":[{"embeddable":true,"href":"https:\/\/cardinal-tapes.com\/fr\/wp-json\/wp\/v2\/comments?post=31244"}],"version-history":[{"count":0,"href":"https:\/\/cardinal-tapes.com\/fr\/wp-json\/wp\/v2\/pages\/31244\/revisions"}],"up":[{"embeddable":true,"href":"https:\/\/cardinal-tapes.com\/fr\/wp-json\/wp\/v2\/pages\/30749"}],"wp:attachment":[{"href":"https:\/\/cardinal-tapes.com\/fr\/wp-json\/wp\/v2\/media?parent=31244"}],"curies":[{"name":"wp","href":"https:\/\/api.w.org\/{rel}","templated":true}]}}