{"id":31234,"date":"2019-05-06T11:37:44","date_gmt":"2019-05-06T09:37:44","guid":{"rendered":"https:\/\/cardinal.pixel-tal.de\/rubans-adhesifs\/abc-du-ruban-adhesif\/adhesifs-cyanoacrylates\/"},"modified":"2023-06-02T11:12:02","modified_gmt":"2023-06-02T09:12:02","slug":"adhesifs-cyanoacrylates","status":"publish","type":"page","link":"https:\/\/cardinal-tapes.com\/fr\/rubans-adhesifs-fr\/abc-du-ruban-adhesif\/adhesifs-cyanoacrylates\/","title":{"rendered":"Adh\u00e9sifs cyanoacrylates"},"content":{"rendered":"<div id='av_section_1'  class='avia-section av-208wctm-a92572d38bca8c9b0f1400fc947a119c alternate_color avia-section-default avia-no-border-styling  avia-builder-el-0  avia-builder-el-no-sibling  avia-bg-style-scroll container_wrap fullsize'  ><div class='container av-section-cont-open' ><main  role=\"main\" itemprop=\"mainContentOfPage\"  class='template-page content  av-content-full alpha units'><div class='post-entry post-entry-type-page post-entry-31234'><div class='entry-content-wrapper clearfix'>\n<div  class='flex_column av-5wqf3e-d0d8f44a847bb86786bb8e8e9699a784 av_one_full  avia-builder-el-1  el_before_av_one_half  avia-builder-el-first  first flex_column_div  '     ><div class=\"pxl-headline pxl-hl hl-wrap | hl-sub--off hl--align-left hl--no-margin    \">\n        <div class=\"hl-inner\">\n            <h2 class=\"hl-main hl-line |  hl_main--default  \">Adh\u00e9sifs cyanoacrylates<\/h2>\n            \n    <\/div>\n<\/div><\/div><div  class='flex_column av-17mub4a-57cab256630b8bdb37afd70dadcad3ca av_one_half  avia-builder-el-3  el_after_av_one_full  el_before_av_one_half  first flex_column_div  column-top-margin'     ><section  class='av_textblock_section av-820hey-fe91fe7c691468faf74f59fad806764c '   itemscope=\"itemscope\" itemtype=\"https:\/\/schema.org\/CreativeWork\" ><div class='avia_textblock'  itemprop=\"text\" ><p>Les colles cyanoacrylates sont g\u00e9n\u00e9ralement connues sous le nom de &#8220;colles instantan\u00e9es&#8221;. Il s&#8217;agit d&#8217;esters fluides ou volontairement \u00e9paissis de l&#8217;acide cyanoacrylique, disponibles dans le commerce sous forme de monom\u00e8res monocomposants, qui r\u00e9agissent par r\u00e9action de polym\u00e9risation dans l&#8217;espace d&#8217;assemblage pour former le polym\u00e8re adh\u00e9sif proprement dit. Pour que le durcissement puisse commencer, il faut que des groupes polaires, comme par exemple les ions OH dans la couche d&#8217;humidit\u00e9 \u00e0 la surface de la pi\u00e8ce \u00e0 assembler, soient pr\u00e9sents. Il s&#8217;agit d&#8217;une polym\u00e9risation anionique, c&#8217;est-\u00e0-dire de nucl\u00e9ophiles, tels que des compos\u00e9s organiques azot\u00e9s, des compos\u00e9s soufr\u00e9s ou des alcools et de l&#8217;eau, qui attaquent la double liaison dans la mol\u00e9cule du monom\u00e8re. Le processus de polym\u00e9risation est tr\u00e8s rapide, de sorte qu&#8217;une liaison solide se forme en quelques secondes.<\/p>\n<\/div><\/section><\/div><div  class='flex_column av-qkleay-83d1448fde64f1755f309f82c74c43df av_one_half  avia-builder-el-5  el_after_av_one_half  avia-builder-el-last  flex_column_div  column-top-margin'     ><section  class='av_textblock_section av-12uhbhm-4cec074c1455966d4c32c35e278a23b5 '   itemscope=\"itemscope\" itemtype=\"https:\/\/schema.org\/CreativeWork\" ><div class='avia_textblock'  itemprop=\"text\" ><h4>Adh\u00e9sifs cyanoacrylates &#8211; les applications<\/h4>\n<p>Parmi les substrats pr\u00e9f\u00e9r\u00e9s, on trouve les m\u00e9taux, le verre ou la c\u00e9ramique, qui permettent d&#8217;obtenir un espace de collage extr\u00eamement fin. Pour remplir des fentes un peu plus larges, la viscosit\u00e9 est augment\u00e9e par des additifs ou un \u00e9tat de gel est cr\u00e9\u00e9 par des agents thixothropiques. De tels types sont utilis\u00e9s de pr\u00e9f\u00e9rence pour le collage de joints en caoutchouc EPDM.<\/p>\n<\/div><\/section><\/div>\n\n","protected":false},"excerpt":{"rendered":"","protected":false},"author":1,"featured_media":27668,"parent":30749,"menu_order":2,"comment_status":"closed","ping_status":"closed","template":"","meta":{"_acf_changed":false,"footnotes":""},"class_list":["post-31234","page","type-page","status-publish","has-post-thumbnail","hentry"],"acf":[],"yoast_head":"<!-- This site is optimized with the Yoast SEO plugin v27.3 - https:\/\/yoast.com\/product\/yoast-seo-wordpress\/ -->\n<title>Adh\u00e9sifs cyanoacrylates - cardinal TAPES<\/title>\n<meta name=\"description\" content=\"Les colles cyanoacrylates sont g\u00e9n\u00e9ralement connues sous le nom de &quot;colles instantan\u00e9es&quot;. Il s&#039;agit d&#039;esters liquides ou d\u00e9lib\u00e9r\u00e9ment \u00e9paissis de l&#039;acide cyanoacrylique.\" \/>\n<meta name=\"robots\" content=\"index, follow, max-snippet:-1, max-image-preview:large, max-video-preview:-1\" \/>\n<link rel=\"canonical\" href=\"https:\/\/cardinal-tapes.com\/fr\/rubans-adhesifs-fr\/abc-du-ruban-adhesif\/adhesifs-cyanoacrylates\/\" \/>\n<meta property=\"og:locale\" content=\"fr_FR\" \/>\n<meta property=\"og:type\" content=\"article\" \/>\n<meta property=\"og:title\" content=\"Adh\u00e9sifs cyanoacrylates - cardinal TAPES\" \/>\n<meta property=\"og:description\" content=\"Les colles cyanoacrylates sont g\u00e9n\u00e9ralement connues sous le nom de &quot;colles instantan\u00e9es&quot;. Il s&#039;agit d&#039;esters liquides ou d\u00e9lib\u00e9r\u00e9ment \u00e9paissis de l&#039;acide cyanoacrylique.\" \/>\n<meta property=\"og:url\" content=\"https:\/\/cardinal-tapes.com\/fr\/rubans-adhesifs-fr\/abc-du-ruban-adhesif\/adhesifs-cyanoacrylates\/\" \/>\n<meta property=\"og:site_name\" content=\"cardinal TAPES\" \/>\n<meta property=\"article:modified_time\" content=\"2023-06-02T09:12:02+00:00\" \/>\n<meta property=\"og:image\" content=\"https:\/\/cardinal-tapes.com\/wp-content\/uploads\/kopfbild_folge_abc_cyanacrylat.jpg\" \/>\n\t<meta property=\"og:image:width\" content=\"1210\" \/>\n\t<meta property=\"og:image:height\" content=\"350\" \/>\n\t<meta property=\"og:image:type\" content=\"image\/jpeg\" \/>\n<meta name=\"twitter:card\" content=\"summary_large_image\" \/>\n<meta name=\"twitter:label1\" content=\"Dur\u00e9e de lecture estim\u00e9e\" \/>\n\t<meta name=\"twitter:data1\" content=\"9 minutes\" \/>\n<script type=\"application\/ld+json\" class=\"yoast-schema-graph\">{\"@context\":\"https:\\\/\\\/schema.org\",\"@graph\":[{\"@type\":\"WebPage\",\"@id\":\"https:\\\/\\\/cardinal-tapes.com\\\/fr\\\/rubans-adhesifs-fr\\\/abc-du-ruban-adhesif\\\/adhesifs-cyanoacrylates\\\/\",\"url\":\"https:\\\/\\\/cardinal-tapes.com\\\/fr\\\/rubans-adhesifs-fr\\\/abc-du-ruban-adhesif\\\/adhesifs-cyanoacrylates\\\/\",\"name\":\"Adh\u00e9sifs cyanoacrylates - cardinal TAPES\",\"isPartOf\":{\"@id\":\"https:\\\/\\\/cardinal-tapes.com\\\/#website\"},\"primaryImageOfPage\":{\"@id\":\"https:\\\/\\\/cardinal-tapes.com\\\/fr\\\/rubans-adhesifs-fr\\\/abc-du-ruban-adhesif\\\/adhesifs-cyanoacrylates\\\/#primaryimage\"},\"image\":{\"@id\":\"https:\\\/\\\/cardinal-tapes.com\\\/fr\\\/rubans-adhesifs-fr\\\/abc-du-ruban-adhesif\\\/adhesifs-cyanoacrylates\\\/#primaryimage\"},\"thumbnailUrl\":\"https:\\\/\\\/cardinal-tapes.com\\\/wp-content\\\/uploads\\\/kopfbild_folge_abc_cyanacrylat.jpg\",\"datePublished\":\"2019-05-06T09:37:44+00:00\",\"dateModified\":\"2023-06-02T09:12:02+00:00\",\"description\":\"Les colles cyanoacrylates sont g\u00e9n\u00e9ralement connues sous le nom de \\\"colles instantan\u00e9es\\\". Il s'agit d'esters liquides ou d\u00e9lib\u00e9r\u00e9ment \u00e9paissis de l'acide cyanoacrylique.\",\"breadcrumb\":{\"@id\":\"https:\\\/\\\/cardinal-tapes.com\\\/fr\\\/rubans-adhesifs-fr\\\/abc-du-ruban-adhesif\\\/adhesifs-cyanoacrylates\\\/#breadcrumb\"},\"inLanguage\":\"fr-FR\",\"potentialAction\":[{\"@type\":\"ReadAction\",\"target\":[\"https:\\\/\\\/cardinal-tapes.com\\\/fr\\\/rubans-adhesifs-fr\\\/abc-du-ruban-adhesif\\\/adhesifs-cyanoacrylates\\\/\"]}]},{\"@type\":\"ImageObject\",\"inLanguage\":\"fr-FR\",\"@id\":\"https:\\\/\\\/cardinal-tapes.com\\\/fr\\\/rubans-adhesifs-fr\\\/abc-du-ruban-adhesif\\\/adhesifs-cyanoacrylates\\\/#primaryimage\",\"url\":\"https:\\\/\\\/cardinal-tapes.com\\\/wp-content\\\/uploads\\\/kopfbild_folge_abc_cyanacrylat.jpg\",\"contentUrl\":\"https:\\\/\\\/cardinal-tapes.com\\\/wp-content\\\/uploads\\\/kopfbild_folge_abc_cyanacrylat.jpg\",\"width\":1210,\"height\":350},{\"@type\":\"BreadcrumbList\",\"@id\":\"https:\\\/\\\/cardinal-tapes.com\\\/fr\\\/rubans-adhesifs-fr\\\/abc-du-ruban-adhesif\\\/adhesifs-cyanoacrylates\\\/#breadcrumb\",\"itemListElement\":[{\"@type\":\"ListItem\",\"position\":1,\"name\":\"Startseite\",\"item\":\"https:\\\/\\\/cardinal-tapes.com\\\/fr\\\/accueil\\\/\"},{\"@type\":\"ListItem\",\"position\":2,\"name\":\"Rubans adh\u00e9sifs\",\"item\":\"https:\\\/\\\/cardinal-tapes.com\\\/fr\\\/rubans-adhesifs-fr\\\/\"},{\"@type\":\"ListItem\",\"position\":3,\"name\":\"ABC du ruban adh\u00e9sif\",\"item\":\"https:\\\/\\\/cardinal-tapes.com\\\/fr\\\/rubans-adhesifs-fr__trashed\\\/abc-du-ruban-adhesif\\\/\"},{\"@type\":\"ListItem\",\"position\":4,\"name\":\"Adh\u00e9sifs cyanoacrylates\"}]},{\"@type\":\"WebSite\",\"@id\":\"https:\\\/\\\/cardinal-tapes.com\\\/#website\",\"url\":\"https:\\\/\\\/cardinal-tapes.com\\\/\",\"name\":\"cardinal TAPES\",\"description\":\"Klebetechnik aus Wuppertal\",\"potentialAction\":[{\"@type\":\"SearchAction\",\"target\":{\"@type\":\"EntryPoint\",\"urlTemplate\":\"https:\\\/\\\/cardinal-tapes.com\\\/?s={search_term_string}\"},\"query-input\":{\"@type\":\"PropertyValueSpecification\",\"valueRequired\":true,\"valueName\":\"search_term_string\"}}],\"inLanguage\":\"fr-FR\"}]}<\/script>\n<!-- \/ Yoast SEO plugin. -->","yoast_head_json":{"title":"Adh\u00e9sifs cyanoacrylates - cardinal TAPES","description":"Les colles cyanoacrylates sont g\u00e9n\u00e9ralement connues sous le nom de \"colles instantan\u00e9es\". Il s'agit d'esters liquides ou d\u00e9lib\u00e9r\u00e9ment \u00e9paissis de l'acide cyanoacrylique.","robots":{"index":"index","follow":"follow","max-snippet":"max-snippet:-1","max-image-preview":"max-image-preview:large","max-video-preview":"max-video-preview:-1"},"canonical":"https:\/\/cardinal-tapes.com\/fr\/rubans-adhesifs-fr\/abc-du-ruban-adhesif\/adhesifs-cyanoacrylates\/","og_locale":"fr_FR","og_type":"article","og_title":"Adh\u00e9sifs cyanoacrylates - cardinal TAPES","og_description":"Les colles cyanoacrylates sont g\u00e9n\u00e9ralement connues sous le nom de \"colles instantan\u00e9es\". Il s'agit d'esters liquides ou d\u00e9lib\u00e9r\u00e9ment \u00e9paissis de l'acide cyanoacrylique.","og_url":"https:\/\/cardinal-tapes.com\/fr\/rubans-adhesifs-fr\/abc-du-ruban-adhesif\/adhesifs-cyanoacrylates\/","og_site_name":"cardinal TAPES","article_modified_time":"2023-06-02T09:12:02+00:00","og_image":[{"width":1210,"height":350,"url":"https:\/\/cardinal-tapes.com\/wp-content\/uploads\/kopfbild_folge_abc_cyanacrylat.jpg","type":"image\/jpeg"}],"twitter_card":"summary_large_image","twitter_misc":{"Dur\u00e9e de lecture estim\u00e9e":"9 minutes"},"schema":{"@context":"https:\/\/schema.org","@graph":[{"@type":"WebPage","@id":"https:\/\/cardinal-tapes.com\/fr\/rubans-adhesifs-fr\/abc-du-ruban-adhesif\/adhesifs-cyanoacrylates\/","url":"https:\/\/cardinal-tapes.com\/fr\/rubans-adhesifs-fr\/abc-du-ruban-adhesif\/adhesifs-cyanoacrylates\/","name":"Adh\u00e9sifs cyanoacrylates - cardinal TAPES","isPartOf":{"@id":"https:\/\/cardinal-tapes.com\/#website"},"primaryImageOfPage":{"@id":"https:\/\/cardinal-tapes.com\/fr\/rubans-adhesifs-fr\/abc-du-ruban-adhesif\/adhesifs-cyanoacrylates\/#primaryimage"},"image":{"@id":"https:\/\/cardinal-tapes.com\/fr\/rubans-adhesifs-fr\/abc-du-ruban-adhesif\/adhesifs-cyanoacrylates\/#primaryimage"},"thumbnailUrl":"https:\/\/cardinal-tapes.com\/wp-content\/uploads\/kopfbild_folge_abc_cyanacrylat.jpg","datePublished":"2019-05-06T09:37:44+00:00","dateModified":"2023-06-02T09:12:02+00:00","description":"Les colles cyanoacrylates sont g\u00e9n\u00e9ralement connues sous le nom de \"colles instantan\u00e9es\". Il s'agit d'esters liquides ou d\u00e9lib\u00e9r\u00e9ment \u00e9paissis de l'acide cyanoacrylique.","breadcrumb":{"@id":"https:\/\/cardinal-tapes.com\/fr\/rubans-adhesifs-fr\/abc-du-ruban-adhesif\/adhesifs-cyanoacrylates\/#breadcrumb"},"inLanguage":"fr-FR","potentialAction":[{"@type":"ReadAction","target":["https:\/\/cardinal-tapes.com\/fr\/rubans-adhesifs-fr\/abc-du-ruban-adhesif\/adhesifs-cyanoacrylates\/"]}]},{"@type":"ImageObject","inLanguage":"fr-FR","@id":"https:\/\/cardinal-tapes.com\/fr\/rubans-adhesifs-fr\/abc-du-ruban-adhesif\/adhesifs-cyanoacrylates\/#primaryimage","url":"https:\/\/cardinal-tapes.com\/wp-content\/uploads\/kopfbild_folge_abc_cyanacrylat.jpg","contentUrl":"https:\/\/cardinal-tapes.com\/wp-content\/uploads\/kopfbild_folge_abc_cyanacrylat.jpg","width":1210,"height":350},{"@type":"BreadcrumbList","@id":"https:\/\/cardinal-tapes.com\/fr\/rubans-adhesifs-fr\/abc-du-ruban-adhesif\/adhesifs-cyanoacrylates\/#breadcrumb","itemListElement":[{"@type":"ListItem","position":1,"name":"Startseite","item":"https:\/\/cardinal-tapes.com\/fr\/accueil\/"},{"@type":"ListItem","position":2,"name":"Rubans adh\u00e9sifs","item":"https:\/\/cardinal-tapes.com\/fr\/rubans-adhesifs-fr\/"},{"@type":"ListItem","position":3,"name":"ABC du ruban adh\u00e9sif","item":"https:\/\/cardinal-tapes.com\/fr\/rubans-adhesifs-fr__trashed\/abc-du-ruban-adhesif\/"},{"@type":"ListItem","position":4,"name":"Adh\u00e9sifs cyanoacrylates"}]},{"@type":"WebSite","@id":"https:\/\/cardinal-tapes.com\/#website","url":"https:\/\/cardinal-tapes.com\/","name":"cardinal TAPES","description":"Klebetechnik aus Wuppertal","potentialAction":[{"@type":"SearchAction","target":{"@type":"EntryPoint","urlTemplate":"https:\/\/cardinal-tapes.com\/?s={search_term_string}"},"query-input":{"@type":"PropertyValueSpecification","valueRequired":true,"valueName":"search_term_string"}}],"inLanguage":"fr-FR"}]}},"_links":{"self":[{"href":"https:\/\/cardinal-tapes.com\/fr\/wp-json\/wp\/v2\/pages\/31234","targetHints":{"allow":["GET"]}}],"collection":[{"href":"https:\/\/cardinal-tapes.com\/fr\/wp-json\/wp\/v2\/pages"}],"about":[{"href":"https:\/\/cardinal-tapes.com\/fr\/wp-json\/wp\/v2\/types\/page"}],"author":[{"embeddable":true,"href":"https:\/\/cardinal-tapes.com\/fr\/wp-json\/wp\/v2\/users\/1"}],"replies":[{"embeddable":true,"href":"https:\/\/cardinal-tapes.com\/fr\/wp-json\/wp\/v2\/comments?post=31234"}],"version-history":[{"count":0,"href":"https:\/\/cardinal-tapes.com\/fr\/wp-json\/wp\/v2\/pages\/31234\/revisions"}],"up":[{"embeddable":true,"href":"https:\/\/cardinal-tapes.com\/fr\/wp-json\/wp\/v2\/pages\/30749"}],"wp:featuredmedia":[{"embeddable":true,"href":"https:\/\/cardinal-tapes.com\/fr\/wp-json\/wp\/v2\/media\/27668"}],"wp:attachment":[{"href":"https:\/\/cardinal-tapes.com\/fr\/wp-json\/wp\/v2\/media?parent=31234"}],"curies":[{"name":"wp","href":"https:\/\/api.w.org\/{rel}","templated":true}]}}