{"id":31191,"date":"2023-06-02T10:59:26","date_gmt":"2023-06-02T08:59:26","guid":{"rendered":"https:\/\/cardinal.pixel-tal.de\/rubans-adhesifs\/abc-du-ruban-adhesif\/ruban-adhesif-de-transfert\/"},"modified":"2023-06-14T10:47:09","modified_gmt":"2023-06-14T08:47:09","slug":"ruban-adhesif-de-transfert","status":"publish","type":"page","link":"https:\/\/cardinal-tapes.com\/fr\/rubans-adhesifs-fr\/abc-du-ruban-adhesif\/ruban-adhesif-de-transfert\/","title":{"rendered":"Ruban adh\u00e9sif de transfert"},"content":{"rendered":"<div id='av_section_1'  class='avia-section av-3hysj8r-88e2d18683ece1e0c16262f3aabcbd15 alternate_color avia-section-default avia-no-border-styling  avia-builder-el-0  el_before_av_section  avia-builder-el-first  avia-bg-style-scroll container_wrap fullsize'  ><div class='container av-section-cont-open' ><main  role=\"main\" itemprop=\"mainContentOfPage\"  class='template-page content  av-content-full alpha units'><div class='post-entry post-entry-type-page post-entry-31191'><div class='entry-content-wrapper clearfix'>\n<div  class='flex_column av-2ucyecr-07eb1576d0e3330d06eeae29523c41c2 av_one_full  avia-builder-el-1  el_before_av_one_half  avia-builder-el-first  first flex_column_div  '     ><div class=\"pxl-headline pxl-hl hl-wrap | hl-sub--off hl--align-left hl--no-margin    \">\n        <div class=\"hl-inner\">\n            <h2 class=\"hl-main hl-line |  hl_main--default  \">Ruban adh\u00e9sif de transfert<\/h2>\n            \n    <\/div>\n<\/div><\/div><div  class='flex_column av-2mng9aj-3c56a91b56804b6c67366dfdf0ee5cdd av_one_half  avia-builder-el-3  el_after_av_one_full  el_before_av_one_half  first flex_column_div  column-top-margin'     ><section  class='av_textblock_section av-2uclje3-c11f71b4d87657e431061aadcd74c257 '   itemscope=\"itemscope\" itemtype=\"https:\/\/schema.org\/CreativeWork\" ><div class='avia_textblock'  itemprop=\"text\" ><p>Dans l&#8217;industrie, et en particulier dans le domaine de la production automobile, il existe de nombreux cas d&#8217;application pour lesquels des rubans adh\u00e9sifs double face sp\u00e9ciaux, appel\u00e9s rubans de transfert, sont n\u00e9cessaires. Ils se distinguent par leur colle acrylique tr\u00e8s adh\u00e9sive, qui se colle sans support. Les rubans adh\u00e9sifs de transfert sont ainsi particuli\u00e8rement plats, ce qui signifie que les diff\u00e9rents composants peuvent \u00eatre coll\u00e9s sans raccord. De plus, des films adh\u00e9sifs extr\u00eamement adh\u00e9rents sont utilis\u00e9s pour les rubans afin de garantir une tenue fiable. Ainsi, les rubans adh\u00e9sifs de transfert sont adapt\u00e9s \u00e0 diff\u00e9rents types de collage final. De tr\u00e8s bons r\u00e9sultats sont obtenus sur les surfaces \u00e0 base d&#8217;acier (8, N\/cm), de polycarbonate (7,6 N\/cm) et de polystyr\u00e8ne (7,2 N\/cm). De plus, les rubans adh\u00e9sifs de transfert sont extr\u00eamement r\u00e9sistants aux effets du vieillissement, tels que la lumi\u00e8re UV et l&#8217;humidit\u00e9. Ils peuvent r\u00e9sister \u00e0 des temp\u00e9ratures allant jusqu&#8217;\u00e0 200 degr\u00e9s \u00e0 court terme et jusqu&#8217;\u00e0 80 degr\u00e9s \u00e0 long terme.<\/p>\n<\/div><\/section><\/div><div  class='flex_column av-248fy17-2e5bebc5725a65b7a770f95ce58d54c9 av_one_half  avia-builder-el-5  el_after_av_one_half  avia-builder-el-last  flex_column_div  column-top-margin'     ><section  class='av_textblock_section av-1xhvy6j-b4324e012f51c195f4471ae8bae178ea '   itemscope=\"itemscope\" itemtype=\"https:\/\/schema.org\/CreativeWork\" ><div class='avia_textblock'  itemprop=\"text\" ><h4>Rubans adh\u00e9sifs de transfert &#8211; Des produits polyvalents sans support<\/h4>\n<p>Les rubans adh\u00e9sifs de transfert se distinguent par leur film de colle sans support. Le ruban adh\u00e9sif proprement dit se compose donc uniquement d&#8217;un film de colle entour\u00e9 d&#8217;un papier silicon\u00e9 protecteur sur l&#8217;une ou les deux faces. Celle-ci est d\u00e9tach\u00e9e du ruban pour l&#8217;application, de sorte que l&#8217;adh\u00e9sif acrylique autocollant soit expos\u00e9. Comme le ruban adh\u00e9sif proprement dit ne se compose que de cette couche adh\u00e9sive plate, il convient parfaitement au collage sans raccord de mat\u00e9riaux lisses ou minces ainsi que de surfaces ferm\u00e9es et l\u00e9g\u00e8rement structur\u00e9es. Selon l&#8217;adh\u00e9sif acrylique utilis\u00e9, les rubans adh\u00e9sifs de transfert sont utilis\u00e9s dans les secteurs les plus divers.<\/p>\n<p>Nous proposons \u00e0 nos clients de <a href=\"https:\/\/cardinal-tapes.com\/fr\/confection\/\">confectionner les rubans individuellement, selon leurs souhaits<\/a>. N&#8217;h\u00e9sitez pas \u00e0 contacter nos experts de longue date pour de plus amples informations.<\/p>\n<\/div><\/section><\/div>\n\n<\/div><\/div><\/main><!-- close content main element --><\/div><\/div><div id='av_section_2'  class='avia-section av-1hz0cmj-594fb20bacd143774c2e3718f6d5a9c0 main_color avia-section-default avia-no-border-styling  avia-builder-el-7  el_after_av_section  avia-builder-el-last  gradient-section avia-bg-style-scroll container_wrap fullsize'  ><div class='container av-section-cont-open' ><div class='template-page content  av-content-full alpha units'><div class='post-entry post-entry-type-page post-entry-31191'><div class='entry-content-wrapper clearfix'>\n<div  class='flex_column av-ziovu3-d271f459d5e2e429f888d01195a77e11 av_one_full  avia-builder-el-8  avia-builder-el-no-sibling  first flex_column_div  '     ><p><div class=\"pxl-headline pxl-hl hl-wrap | hl-sub--off hl--align-left hl--no-margin    \">\n        <div class=\"hl-inner\">\n            <h2 class=\"hl-main hl-line |  hl_main--default  \">Produits int\u00e9ressants<\/h2>\n            \n    <\/div>\n<\/div>\n<br \/>\n<div   data-autoplay=''  data-interval='5'  data-animation='fade'  data-hoverpause='1'  class='template-shop avia-content-slider avia-content-slider-active avia-product-slider1 avia-content-slider-even  avia-builder-el-10  el_after_pixel_sc_headline  el_before_av_button   shop_columns_4' ><div class='avia-content-slider-inner'><ul class=\"products slide-entry-wrap\"><li class=\"product type-product post-47904 status-publish first instock product_cat-industrie-electrique product_cat-acier-et-verre product_cat-ruban-adhesif-de-transfert product_cat-rubans-adhesifs-double-face has-post-thumbnail taxable shipping-taxable purchasable product-type-variable\">\n\t<div class='inner_product main_color wrapped_style noLightbox  av-product-class-no_button'><a href=\"https:\/\/cardinal-tapes.com\/fr\/rubans-adh\u00e9sifs\/domaines-dapplication\/industrie-electrique\/3m-467-mp-transfert-ruban-adhesif\/\" class=\"woocommerce-LoopProduct-link woocommerce-loop-product__link\"><div class=\"thumbnail_container\"><img decoding=\"async\" loading=\"lazy\" width=\"450\" height=\"450\" src=\"https:\/\/cardinal-tapes.com\/wp-content\/uploads\/3m-467mp-klebstoffserie-200mp-450x450.jpg\" class=\"wp-image-26796 avia-img-lazy-loading-26796 attachment-shop_catalog size-shop_catalog wp-post-image\" alt=\"3M\u2122 Ruban adh\u00e9sif de transfert 467 MP - double face, papier enduit de PE, Sans bretelles, Transfert, Acrylate - Illustration 26796\" srcset=\"https:\/\/cardinal-tapes.com\/wp-content\/uploads\/3m-467mp-klebstoffserie-200mp-450x450.jpg 450w, https:\/\/cardinal-tapes.com\/wp-content\/uploads\/3m-467mp-klebstoffserie-200mp-120x120.jpg 120w, https:\/\/cardinal-tapes.com\/wp-content\/uploads\/3m-467mp-klebstoffserie-200mp-80x80.jpg 80w, https:\/\/cardinal-tapes.com\/wp-content\/uploads\/3m-467mp-klebstoffserie-200mp-36x36.jpg 36w, https:\/\/cardinal-tapes.com\/wp-content\/uploads\/3m-467mp-klebstoffserie-200mp-180x180.jpg 180w, https:\/\/cardinal-tapes.com\/wp-content\/uploads\/3m-467mp-klebstoffserie-200mp-100x100.jpg 100w\" sizes=\"auto, (max-width: 450px) 100vw, 450px\" \/><\/div><div class='inner_product_header'><div class='avia-arrow'><\/div><div class='inner_product_header_table'><div class='inner_product_header_cell'><span class=\"is-h2 woocommerce-loop-product__title\">3M\u2122 Ruban adh\u00e9sif de transfert 467 MP<\/span>\t\t<div class=\"product-infos\">\n\t\t\t\t\t\t\t<span class='product-infos__item'><b>Rev\u00eatement:<\/b> double face<\/span>\n\t\t\t\t\t\t\t\t\t\t<span class='product-infos__item'><b>Type de mat\u00e9riau:<\/b> papier enduit de PE, Sans bretelles, Transfert<\/span>\n\t\t\t\t\t\t\t\t\t\t<span class='product-infos__item'><b>Fabricant:<\/b> 3M<\/span>\n\t\t\t\t\t\t\t\t\t\t<span class='product-infos__item'><b>Prix sur demande<\/b><\/span>\n\t\t\t\t\t<\/div>\n\t<\/div><\/div><\/div><\/a><\/div><\/li>\n<li class=\"product type-product post-38168 status-publish instock product_cat-industrie-des-matieres-plastiques product_cat-ruban-adhesif-de-transfert product_cat-rubans-adhesifs-double-face has-post-thumbnail taxable shipping-taxable purchasable product-type-variable\">\n\t<div class='inner_product main_color wrapped_style noLightbox  av-product-class-no_button'><a href=\"https:\/\/cardinal-tapes.com\/fr\/rubans-adh\u00e9sifs\/domaines-dapplication\/industrie-des-matieres-plastiques\/orabond-1360-se-bande-adhesive-en-tissu\/\" class=\"woocommerce-LoopProduct-link woocommerce-loop-product__link\"><div class=\"thumbnail_container\"><img decoding=\"async\" loading=\"lazy\" width=\"450\" height=\"450\" src=\"https:\/\/cardinal-tapes.com\/wp-content\/uploads\/ORABOND-1360SE-1-450x450.jpg\" class=\"wp-image-29244 avia-img-lazy-loading-29244 attachment-shop_catalog size-shop_catalog wp-post-image\" alt=\"ORABOND\u00ae 1360 SE Ruban adh\u00e9sif tiss\u00e9 - double face, Polyamide tiss\u00e9, Acrylate de dispersion - Illustration 29244\" srcset=\"https:\/\/cardinal-tapes.com\/wp-content\/uploads\/ORABOND-1360SE-1-450x450.jpg 450w, https:\/\/cardinal-tapes.com\/wp-content\/uploads\/ORABOND-1360SE-1-80x80.jpg 80w, https:\/\/cardinal-tapes.com\/wp-content\/uploads\/ORABOND-1360SE-1-36x36.jpg 36w, https:\/\/cardinal-tapes.com\/wp-content\/uploads\/ORABOND-1360SE-1-180x180.jpg 180w, https:\/\/cardinal-tapes.com\/wp-content\/uploads\/ORABOND-1360SE-1-120x120.jpg 120w, https:\/\/cardinal-tapes.com\/wp-content\/uploads\/ORABOND-1360SE-1-100x100.jpg 100w\" sizes=\"auto, (max-width: 450px) 100vw, 450px\" \/><\/div><div class='inner_product_header'><div class='avia-arrow'><\/div><div class='inner_product_header_table'><div class='inner_product_header_cell'><span class=\"is-h2 woocommerce-loop-product__title\">ORABOND\u00ae 1360 SE Ruban adh\u00e9sif tiss\u00e9<\/span>\t\t<div class=\"product-infos\">\n\t\t\t\t\t\t\t<span class='product-infos__item'><b>Rev\u00eatement:<\/b> double face<\/span>\n\t\t\t\t\t\t\t\t\t\t<span class='product-infos__item'><b>Type de mat\u00e9riau:<\/b> Polyamide tiss\u00e9<\/span>\n\t\t\t\t\t\t\t\t\t\t<span class='product-infos__item'><b>Fabricant:<\/b> ORAFOL<\/span>\n\t\t\t\t\t\t\t\t\t\t<span class='product-infos__item'><b>Prix sur demande<\/b><\/span>\n\t\t\t\t\t<\/div>\n\t<\/div><\/div><\/div><\/a><\/div><\/li>\n<li class=\"product type-product post-38167 status-publish instock product_cat-rubans-adhesifs-double-face product_cat-production-daluminium-traitement product_cat-industrie-electrique product_cat-fabrication-de-films product_cat-industrie-des-matieres-plastiques product_cat-construction-de-machines product_cat-industrie-textile product_cat-ruban-adhesif-de-transfert has-post-thumbnail taxable shipping-taxable purchasable product-type-variable\">\n\t<div class='inner_product main_color wrapped_style noLightbox  av-product-class-no_button'><a href=\"https:\/\/cardinal-tapes.com\/fr\/rubans-adh\u00e9sifs\/domaines-dapplication\/production-daluminium-traitement\/orabond-1377-bande-adhesive-de-transfert\/\" class=\"woocommerce-LoopProduct-link woocommerce-loop-product__link\"><div class=\"thumbnail_container\"><img decoding=\"async\" loading=\"lazy\" width=\"450\" height=\"450\" src=\"https:\/\/cardinal-tapes.com\/wp-content\/uploads\/1375_1377-450x450.jpg\" class=\"wp-image-29200 avia-img-lazy-loading-29200 attachment-shop_catalog size-shop_catalog wp-post-image\" alt=\"ORABOND\u00ae 1377 Ruban adh\u00e9sif de transfert - double face, Sans bretelles, Acrylate - Illustration 29200\" srcset=\"https:\/\/cardinal-tapes.com\/wp-content\/uploads\/1375_1377-450x450.jpg 450w, https:\/\/cardinal-tapes.com\/wp-content\/uploads\/1375_1377-80x80.jpg 80w, https:\/\/cardinal-tapes.com\/wp-content\/uploads\/1375_1377-36x36.jpg 36w, https:\/\/cardinal-tapes.com\/wp-content\/uploads\/1375_1377-180x180.jpg 180w, https:\/\/cardinal-tapes.com\/wp-content\/uploads\/1375_1377-120x120.jpg 120w, https:\/\/cardinal-tapes.com\/wp-content\/uploads\/1375_1377-100x100.jpg 100w\" sizes=\"auto, (max-width: 450px) 100vw, 450px\" \/><\/div><div class='inner_product_header'><div class='avia-arrow'><\/div><div class='inner_product_header_table'><div class='inner_product_header_cell'><span class=\"is-h2 woocommerce-loop-product__title\">ORABOND\u00ae 1377 Ruban adh\u00e9sif de transfert<\/span>\t\t<div class=\"product-infos\">\n\t\t\t\t\t\t\t<span class='product-infos__item'><b>Rev\u00eatement:<\/b> double face<\/span>\n\t\t\t\t\t\t\t\t\t\t<span class='product-infos__item'><b>Type de mat\u00e9riau:<\/b> Sans bretelles<\/span>\n\t\t\t\t\t\t\t\t\t\t<span class='product-infos__item'><b>Fabricant:<\/b> ORAFOL<\/span>\n\t\t\t\t\t\t\t\t\t\t<span class='product-infos__item'><b>Prix sur demande<\/b><\/span>\n\t\t\t\t\t<\/div>\n\t<\/div><\/div><\/div><\/a><\/div><\/li>\n<li class=\"product type-product post-45146 status-publish last instock product_cat-ruban-adhesif-de-transfert product_cat-rubans-adhesifs-double-face has-post-thumbnail taxable shipping-taxable purchasable product-type-variable\">\n\t<div class='inner_product main_color wrapped_style noLightbox  av-product-class-no_button'><a href=\"https:\/\/cardinal-tapes.com\/fr\/rubans-adh\u00e9sifs\/domaines-dapplication\/ruban-adhesif-de-transfert\/ca-452-bande-adhesive-de-transfert\/\" class=\"woocommerce-LoopProduct-link woocommerce-loop-product__link\"><div class=\"thumbnail_container\"><img decoding=\"async\" loading=\"lazy\" width=\"450\" height=\"450\" src=\"https:\/\/cardinal-tapes.com\/wp-content\/uploads\/CA_452_retouched-450x450.jpg\" class=\"wp-image-27080 avia-img-lazy-loading-27080 attachment-shop_catalog size-shop_catalog wp-post-image\" alt=\"CA-452 Ruban adh\u00e9sif de transfert - double face, Sans bretelles, Acrylate de dispersion - Illustration 27080\" srcset=\"https:\/\/cardinal-tapes.com\/wp-content\/uploads\/CA_452_retouched-450x450.jpg 450w, https:\/\/cardinal-tapes.com\/wp-content\/uploads\/CA_452_retouched-120x120.jpg 120w, https:\/\/cardinal-tapes.com\/wp-content\/uploads\/CA_452_retouched-80x80.jpg 80w, https:\/\/cardinal-tapes.com\/wp-content\/uploads\/CA_452_retouched-36x36.jpg 36w, https:\/\/cardinal-tapes.com\/wp-content\/uploads\/CA_452_retouched-180x180.jpg 180w, https:\/\/cardinal-tapes.com\/wp-content\/uploads\/CA_452_retouched-100x100.jpg 100w\" sizes=\"auto, (max-width: 450px) 100vw, 450px\" \/><\/div><div class='inner_product_header'><div class='avia-arrow'><\/div><div class='inner_product_header_table'><div class='inner_product_header_cell'><span class=\"is-h2 woocommerce-loop-product__title\">CA-452 Ruban adh\u00e9sif de transfert<\/span>\t\t<div class=\"product-infos\">\n\t\t\t\t\t\t\t<span class='product-infos__item'><b>Rev\u00eatement:<\/b> double face<\/span>\n\t\t\t\t\t\t\t\t\t\t<span class='product-infos__item'><b>Type de mat\u00e9riau:<\/b> Sans bretelles<\/span>\n\t\t\t\t\t\t\t\t\t\t<span class='product-infos__item'><b>Fabricant:<\/b> cardinal GmbH<\/span>\n\t\t\t\t\t\t\t\t\t\t<span class='product-infos__item'><b>Prix sur demande<\/b><\/span>\n\t\t\t\t\t<\/div>\n\t<\/div><\/div><\/div><\/a><\/div><\/li>\n<\/ul><\/div><\/div><div class=\"clear\"><\/div><br \/>\n<div  class='avia-button-wrap av-nhfqx7-0cffc60dcbc7f82f7fdce2a4d29f46e3-wrap avia-button-left '><a href='https:\/\/cardinal-tapes.com\/klebebaender\/'  class='avia-button av-nhfqx7-0cffc60dcbc7f82f7fdce2a4d29f46e3 avia-icon_select-no avia-size-medium avia-position-left avia-color-theme-color layout-border color-white'  ><span class='avia_iconbox_title' >Tous les produits<\/span><\/a><\/div><\/p><\/div>\n","protected":false},"excerpt":{"rendered":"","protected":false},"author":1,"featured_media":0,"parent":30749,"menu_order":12,"comment_status":"closed","ping_status":"closed","template":"","meta":{"_acf_changed":false,"footnotes":""},"class_list":["post-31191","page","type-page","status-publish","hentry"],"acf":[],"yoast_head":"<!-- This site is optimized with the Yoast SEO plugin v27.3 - https:\/\/yoast.com\/product\/yoast-seo-wordpress\/ -->\n<title>Ruban adh\u00e9sif de transfert par le sp\u00e9cialiste - cardinal TAPES<\/title>\n<meta name=\"description\" content=\"Le ruban adh\u00e9sif de transfert est un produit polyvalent sans support qui convient pour le collage sans raccord de diff\u00e9rents composants. En savoir plus.\" \/>\n<meta name=\"robots\" content=\"index, follow, max-snippet:-1, max-image-preview:large, max-video-preview:-1\" \/>\n<link rel=\"canonical\" href=\"https:\/\/cardinal-tapes.com\/fr\/rubans-adhesifs-fr\/abc-du-ruban-adhesif\/ruban-adhesif-de-transfert\/\" \/>\n<meta property=\"og:locale\" content=\"fr_FR\" \/>\n<meta property=\"og:type\" content=\"article\" \/>\n<meta property=\"og:title\" content=\"Ruban adh\u00e9sif de transfert par le sp\u00e9cialiste - cardinal TAPES\" \/>\n<meta property=\"og:description\" content=\"Le ruban adh\u00e9sif de transfert est un produit polyvalent sans support qui convient pour le collage sans raccord de diff\u00e9rents composants. En savoir plus.\" \/>\n<meta property=\"og:url\" content=\"https:\/\/cardinal-tapes.com\/fr\/rubans-adhesifs-fr\/abc-du-ruban-adhesif\/ruban-adhesif-de-transfert\/\" \/>\n<meta property=\"og:site_name\" content=\"cardinal TAPES\" \/>\n<meta property=\"article:modified_time\" content=\"2023-06-14T08:47:09+00:00\" \/>\n<meta name=\"twitter:card\" content=\"summary_large_image\" \/>\n<meta name=\"twitter:label1\" content=\"Dur\u00e9e de lecture estim\u00e9e\" \/>\n\t<meta name=\"twitter:data1\" content=\"15 minutes\" \/>\n<script type=\"application\/ld+json\" class=\"yoast-schema-graph\">{\"@context\":\"https:\\\/\\\/schema.org\",\"@graph\":[{\"@type\":\"WebPage\",\"@id\":\"https:\\\/\\\/cardinal-tapes.com\\\/fr\\\/rubans-adhesifs-fr\\\/abc-du-ruban-adhesif\\\/ruban-adhesif-de-transfert\\\/\",\"url\":\"https:\\\/\\\/cardinal-tapes.com\\\/fr\\\/rubans-adhesifs-fr\\\/abc-du-ruban-adhesif\\\/ruban-adhesif-de-transfert\\\/\",\"name\":\"Ruban adh\u00e9sif de transfert par le sp\u00e9cialiste - cardinal TAPES\",\"isPartOf\":{\"@id\":\"https:\\\/\\\/cardinal-tapes.com\\\/#website\"},\"datePublished\":\"2023-06-02T08:59:26+00:00\",\"dateModified\":\"2023-06-14T08:47:09+00:00\",\"description\":\"Le ruban adh\u00e9sif de transfert est un produit polyvalent sans support qui convient pour le collage sans raccord de diff\u00e9rents composants. En savoir plus.\",\"breadcrumb\":{\"@id\":\"https:\\\/\\\/cardinal-tapes.com\\\/fr\\\/rubans-adhesifs-fr\\\/abc-du-ruban-adhesif\\\/ruban-adhesif-de-transfert\\\/#breadcrumb\"},\"inLanguage\":\"fr-FR\",\"potentialAction\":[{\"@type\":\"ReadAction\",\"target\":[\"https:\\\/\\\/cardinal-tapes.com\\\/fr\\\/rubans-adhesifs-fr\\\/abc-du-ruban-adhesif\\\/ruban-adhesif-de-transfert\\\/\"]}]},{\"@type\":\"BreadcrumbList\",\"@id\":\"https:\\\/\\\/cardinal-tapes.com\\\/fr\\\/rubans-adhesifs-fr\\\/abc-du-ruban-adhesif\\\/ruban-adhesif-de-transfert\\\/#breadcrumb\",\"itemListElement\":[{\"@type\":\"ListItem\",\"position\":1,\"name\":\"Startseite\",\"item\":\"https:\\\/\\\/cardinal-tapes.com\\\/fr\\\/accueil\\\/\"},{\"@type\":\"ListItem\",\"position\":2,\"name\":\"Rubans adh\u00e9sifs\",\"item\":\"https:\\\/\\\/cardinal-tapes.com\\\/fr\\\/rubans-adhesifs-fr\\\/\"},{\"@type\":\"ListItem\",\"position\":3,\"name\":\"ABC du ruban adh\u00e9sif\",\"item\":\"https:\\\/\\\/cardinal-tapes.com\\\/fr\\\/rubans-adhesifs-fr__trashed\\\/abc-du-ruban-adhesif\\\/\"},{\"@type\":\"ListItem\",\"position\":4,\"name\":\"Ruban adh\u00e9sif de transfert\"}]},{\"@type\":\"WebSite\",\"@id\":\"https:\\\/\\\/cardinal-tapes.com\\\/#website\",\"url\":\"https:\\\/\\\/cardinal-tapes.com\\\/\",\"name\":\"cardinal TAPES\",\"description\":\"Klebetechnik aus Wuppertal\",\"potentialAction\":[{\"@type\":\"SearchAction\",\"target\":{\"@type\":\"EntryPoint\",\"urlTemplate\":\"https:\\\/\\\/cardinal-tapes.com\\\/?s={search_term_string}\"},\"query-input\":{\"@type\":\"PropertyValueSpecification\",\"valueRequired\":true,\"valueName\":\"search_term_string\"}}],\"inLanguage\":\"fr-FR\"}]}<\/script>\n<!-- \/ Yoast SEO plugin. -->","yoast_head_json":{"title":"Ruban adh\u00e9sif de transfert par le sp\u00e9cialiste - cardinal TAPES","description":"Le ruban adh\u00e9sif de transfert est un produit polyvalent sans support qui convient pour le collage sans raccord de diff\u00e9rents composants. En savoir plus.","robots":{"index":"index","follow":"follow","max-snippet":"max-snippet:-1","max-image-preview":"max-image-preview:large","max-video-preview":"max-video-preview:-1"},"canonical":"https:\/\/cardinal-tapes.com\/fr\/rubans-adhesifs-fr\/abc-du-ruban-adhesif\/ruban-adhesif-de-transfert\/","og_locale":"fr_FR","og_type":"article","og_title":"Ruban adh\u00e9sif de transfert par le sp\u00e9cialiste - cardinal TAPES","og_description":"Le ruban adh\u00e9sif de transfert est un produit polyvalent sans support qui convient pour le collage sans raccord de diff\u00e9rents composants. En savoir plus.","og_url":"https:\/\/cardinal-tapes.com\/fr\/rubans-adhesifs-fr\/abc-du-ruban-adhesif\/ruban-adhesif-de-transfert\/","og_site_name":"cardinal TAPES","article_modified_time":"2023-06-14T08:47:09+00:00","twitter_card":"summary_large_image","twitter_misc":{"Dur\u00e9e de lecture estim\u00e9e":"15 minutes"},"schema":{"@context":"https:\/\/schema.org","@graph":[{"@type":"WebPage","@id":"https:\/\/cardinal-tapes.com\/fr\/rubans-adhesifs-fr\/abc-du-ruban-adhesif\/ruban-adhesif-de-transfert\/","url":"https:\/\/cardinal-tapes.com\/fr\/rubans-adhesifs-fr\/abc-du-ruban-adhesif\/ruban-adhesif-de-transfert\/","name":"Ruban adh\u00e9sif de transfert par le sp\u00e9cialiste - cardinal TAPES","isPartOf":{"@id":"https:\/\/cardinal-tapes.com\/#website"},"datePublished":"2023-06-02T08:59:26+00:00","dateModified":"2023-06-14T08:47:09+00:00","description":"Le ruban adh\u00e9sif de transfert est un produit polyvalent sans support qui convient pour le collage sans raccord de diff\u00e9rents composants. En savoir plus.","breadcrumb":{"@id":"https:\/\/cardinal-tapes.com\/fr\/rubans-adhesifs-fr\/abc-du-ruban-adhesif\/ruban-adhesif-de-transfert\/#breadcrumb"},"inLanguage":"fr-FR","potentialAction":[{"@type":"ReadAction","target":["https:\/\/cardinal-tapes.com\/fr\/rubans-adhesifs-fr\/abc-du-ruban-adhesif\/ruban-adhesif-de-transfert\/"]}]},{"@type":"BreadcrumbList","@id":"https:\/\/cardinal-tapes.com\/fr\/rubans-adhesifs-fr\/abc-du-ruban-adhesif\/ruban-adhesif-de-transfert\/#breadcrumb","itemListElement":[{"@type":"ListItem","position":1,"name":"Startseite","item":"https:\/\/cardinal-tapes.com\/fr\/accueil\/"},{"@type":"ListItem","position":2,"name":"Rubans adh\u00e9sifs","item":"https:\/\/cardinal-tapes.com\/fr\/rubans-adhesifs-fr\/"},{"@type":"ListItem","position":3,"name":"ABC du ruban adh\u00e9sif","item":"https:\/\/cardinal-tapes.com\/fr\/rubans-adhesifs-fr__trashed\/abc-du-ruban-adhesif\/"},{"@type":"ListItem","position":4,"name":"Ruban adh\u00e9sif de transfert"}]},{"@type":"WebSite","@id":"https:\/\/cardinal-tapes.com\/#website","url":"https:\/\/cardinal-tapes.com\/","name":"cardinal TAPES","description":"Klebetechnik aus Wuppertal","potentialAction":[{"@type":"SearchAction","target":{"@type":"EntryPoint","urlTemplate":"https:\/\/cardinal-tapes.com\/?s={search_term_string}"},"query-input":{"@type":"PropertyValueSpecification","valueRequired":true,"valueName":"search_term_string"}}],"inLanguage":"fr-FR"}]}},"_links":{"self":[{"href":"https:\/\/cardinal-tapes.com\/fr\/wp-json\/wp\/v2\/pages\/31191","targetHints":{"allow":["GET"]}}],"collection":[{"href":"https:\/\/cardinal-tapes.com\/fr\/wp-json\/wp\/v2\/pages"}],"about":[{"href":"https:\/\/cardinal-tapes.com\/fr\/wp-json\/wp\/v2\/types\/page"}],"author":[{"embeddable":true,"href":"https:\/\/cardinal-tapes.com\/fr\/wp-json\/wp\/v2\/users\/1"}],"replies":[{"embeddable":true,"href":"https:\/\/cardinal-tapes.com\/fr\/wp-json\/wp\/v2\/comments?post=31191"}],"version-history":[{"count":0,"href":"https:\/\/cardinal-tapes.com\/fr\/wp-json\/wp\/v2\/pages\/31191\/revisions"}],"up":[{"embeddable":true,"href":"https:\/\/cardinal-tapes.com\/fr\/wp-json\/wp\/v2\/pages\/30749"}],"wp:attachment":[{"href":"https:\/\/cardinal-tapes.com\/fr\/wp-json\/wp\/v2\/media?parent=31191"}],"curies":[{"name":"wp","href":"https:\/\/api.w.org\/{rel}","templated":true}]}}