{"id":31164,"date":"2023-06-02T10:59:26","date_gmt":"2023-06-02T08:59:26","guid":{"rendered":"https:\/\/cardinal.pixel-tal.de\/rubans-adhesifs\/abc-du-ruban-adhesif\/rubans-adhesifs-pour-tapis\/"},"modified":"2023-06-02T11:12:11","modified_gmt":"2023-06-02T09:12:11","slug":"rubans-adhesifs-pour-tapis","status":"publish","type":"page","link":"https:\/\/cardinal-tapes.com\/fr\/rubans-adhesifs-fr\/abc-du-ruban-adhesif\/rubans-adhesifs-pour-tapis\/","title":{"rendered":"Rubans adh\u00e9sifs pour tapis"},"content":{"rendered":"<div id='av_section_1'  class='avia-section av-2a43jl4-ceb2e3143f14efad2ca4bd7781be5e62 alternate_color avia-section-default avia-no-border-styling  avia-builder-el-0  avia-builder-el-no-sibling  avia-bg-style-scroll container_wrap fullsize'  ><div class='container av-section-cont-open' ><main  role=\"main\" itemprop=\"mainContentOfPage\"  class='template-page content  av-content-full alpha units'><div class='post-entry post-entry-type-page post-entry-31164'><div class='entry-content-wrapper clearfix'>\n<div  class='flex_column av-5apcyw-c553d7c50c4508b7c8fb2d2dc3c4fe53 av_one_full  avia-builder-el-1  el_before_av_one_half  avia-builder-el-first  first flex_column_div  '     ><div class=\"pxl-headline pxl-hl hl-wrap | hl-sub--bot hl--align-left hl--no-margin    \">\n        <div class=\"hl-inner\">\n            <h2 class=\"hl-main hl-line |  hl_main--default  \">Rubans adh\u00e9sifs pour tapis<\/h2>\n            \n    <\/div>\n<\/div><\/div><div  class='flex_column av-150h2zs-edf57c3750b8ab9fb3c2f077d4665a8e av_one_half  avia-builder-el-3  el_after_av_one_full  el_before_av_one_half  first flex_column_div  column-top-margin'     ><section  class='av_textblock_section av-7gtfjc-d42b8c0efde72b4c9554728abbba14db '   itemscope=\"itemscope\" itemtype=\"https:\/\/schema.org\/CreativeWork\" ><div class='avia_textblock'  itemprop=\"text\" ><p>Le ruban adh\u00e9sif pour moquette, ou parfois appel\u00e9 ruban de pose, est un ruban double face solide dot\u00e9 d&#8217;un excellent pouvoir adh\u00e9sif. Il est utilis\u00e9 pour fixer solidement les tapis et autres rev\u00eatements de sol au support. Le ruban adh\u00e9sif pour moquette est utilis\u00e9 aussi bien chez les particuliers que dans les grandes entreprises. Dans ce contexte, ce sont surtout les artisans et les transporteurs qui se procurent du ruban adh\u00e9sif de pose ou du scotch correspondant pour fixer les tapis et autres rev\u00eatements de sol et pr\u00e9venir ainsi tout risque d&#8217;accident.<\/p>\n<h4>Les avantages du ruban adh\u00e9sif pour moquette<\/h4>\n<p>Le ruban adh\u00e9sif pour moquette convient \u00e0 toutes les moquettes et \u00e0 tous les rev\u00eatements de sol en PVC et peut \u00eatre retir\u00e9 sans laisser de traces ni de dommages, quelle que soit la force d&#8217;adh\u00e9rence ou l&#8217;\u00e9paisseur du ruban utilis\u00e9. Le ruban adh\u00e9sif extra fort adh\u00e8re \u00e0 presque toutes les surfaces comme le carrelage, le marbre, le vinyle et d&#8217;autres structures lisses \u00e0 l&#8217;int\u00e9rieur. L&#8217;installation de la bande de moquette est simple. Une fois appliqu\u00e9 sur le support, le ruban adh\u00e9sif pour moquette peut \u00eatre d\u00e9chir\u00e9 manuellement. Ensuite, on retire le film plastique de protection de la face arri\u00e8re, \u00e9galement adh\u00e9sive, et on peut appliquer le rev\u00eatement de sol \u00e0 fixer.<\/p>\n<\/div><\/section><\/div><div  class='flex_column av-qanfrc-45f623f61854042501de0d6c42938501 av_one_half  avia-builder-el-5  el_after_av_one_half  avia-builder-el-last  flex_column_div  column-top-margin'     ><section  class='av_textblock_section av-1346nwo-cab88eddba94c5372e1adc122b81dbb9 '   itemscope=\"itemscope\" itemtype=\"https:\/\/schema.org\/CreativeWork\" ><div class='avia_textblock'  itemprop=\"text\" ><h4>Ruban adh\u00e9sif pour moquette de qualit\u00e9 sup\u00e9rieure<\/h4>\n<p>En tant qu&#8217;expert en <a href=\"https:\/\/cardinal-tapes.com\/klebebaender\/\">rubans adh\u00e9sifs<\/a>, nous ne misons que sur des marques fortes et renomm\u00e9es comme tesa ou 3M par exemple. De plus, nous vous conseillons dans le choix du ruban adh\u00e9sif appropri\u00e9 ou nous effectuons \u00e9galement des confections individuelles afin de vous offrir un service global. Si vous avez des questions sur notre ruban adh\u00e9sif puissant pour moquette, n&#8217;h\u00e9sitez pas \u00e0 contacter directement nos experts. Ensemble, nous trouverons la bande de moquette adapt\u00e9e \u00e0 vos besoins individuels.<\/p>\n<\/div><\/section><\/div>\n\n","protected":false},"excerpt":{"rendered":"","protected":false},"author":1,"featured_media":0,"parent":30749,"menu_order":11,"comment_status":"closed","ping_status":"closed","template":"","meta":{"_acf_changed":false,"footnotes":""},"class_list":["post-31164","page","type-page","status-publish","hentry"],"acf":[],"yoast_head":"<!-- This site is optimized with the Yoast SEO plugin v27.3 - https:\/\/yoast.com\/product\/yoast-seo-wordpress\/ -->\n<title>Rubans adh\u00e9sifs pour tapis par le sp\u00e9cialiste - cardinal TAPES<\/title>\n<meta name=\"description\" content=\"Les rubans adh\u00e9sifs pour tapis ou les rubans de pose conviennent pour fixer les rev\u00eatements de sol comme la moquette et pr\u00e9venir les accidents. En savoir plus.\" \/>\n<meta name=\"robots\" content=\"index, follow, max-snippet:-1, max-image-preview:large, max-video-preview:-1\" \/>\n<link rel=\"canonical\" href=\"https:\/\/cardinal-tapes.com\/fr\/rubans-adhesifs-fr__trashed\/abc-du-ruban-adhesif\/rubans-adhesifs-pour-tapis\/\" \/>\n<meta property=\"og:locale\" content=\"fr_FR\" \/>\n<meta property=\"og:type\" content=\"article\" \/>\n<meta property=\"og:title\" content=\"Rubans adh\u00e9sifs pour tapis par le sp\u00e9cialiste - cardinal TAPES\" \/>\n<meta property=\"og:description\" content=\"Les rubans adh\u00e9sifs pour tapis ou les rubans de pose conviennent pour fixer les rev\u00eatements de sol comme la moquette et pr\u00e9venir les accidents. En savoir plus.\" \/>\n<meta property=\"og:url\" content=\"https:\/\/cardinal-tapes.com\/fr\/rubans-adhesifs-fr__trashed\/abc-du-ruban-adhesif\/rubans-adhesifs-pour-tapis\/\" \/>\n<meta property=\"og:site_name\" content=\"cardinal TAPES\" \/>\n<meta property=\"article:modified_time\" content=\"2023-06-02T09:12:11+00:00\" \/>\n<meta name=\"twitter:card\" content=\"summary_large_image\" \/>\n<meta name=\"twitter:label1\" content=\"Dur\u00e9e de lecture estim\u00e9e\" \/>\n\t<meta name=\"twitter:data1\" content=\"9 minutes\" \/>\n<script type=\"application\/ld+json\" class=\"yoast-schema-graph\">{\"@context\":\"https:\\\/\\\/schema.org\",\"@graph\":[{\"@type\":\"WebPage\",\"@id\":\"https:\\\/\\\/cardinal-tapes.com\\\/fr\\\/rubans-adhesifs-fr__trashed\\\/abc-du-ruban-adhesif\\\/rubans-adhesifs-pour-tapis\\\/\",\"url\":\"https:\\\/\\\/cardinal-tapes.com\\\/fr\\\/rubans-adhesifs-fr__trashed\\\/abc-du-ruban-adhesif\\\/rubans-adhesifs-pour-tapis\\\/\",\"name\":\"Rubans adh\u00e9sifs pour tapis par le sp\u00e9cialiste - cardinal TAPES\",\"isPartOf\":{\"@id\":\"https:\\\/\\\/cardinal-tapes.com\\\/#website\"},\"datePublished\":\"2023-06-02T08:59:26+00:00\",\"dateModified\":\"2023-06-02T09:12:11+00:00\",\"description\":\"Les rubans adh\u00e9sifs pour tapis ou les rubans de pose conviennent pour fixer les rev\u00eatements de sol comme la moquette et pr\u00e9venir les accidents. En savoir plus.\",\"breadcrumb\":{\"@id\":\"https:\\\/\\\/cardinal-tapes.com\\\/fr\\\/rubans-adhesifs-fr__trashed\\\/abc-du-ruban-adhesif\\\/rubans-adhesifs-pour-tapis\\\/#breadcrumb\"},\"inLanguage\":\"fr-FR\",\"potentialAction\":[{\"@type\":\"ReadAction\",\"target\":[\"https:\\\/\\\/cardinal-tapes.com\\\/fr\\\/rubans-adhesifs-fr__trashed\\\/abc-du-ruban-adhesif\\\/rubans-adhesifs-pour-tapis\\\/\"]}]},{\"@type\":\"BreadcrumbList\",\"@id\":\"https:\\\/\\\/cardinal-tapes.com\\\/fr\\\/rubans-adhesifs-fr__trashed\\\/abc-du-ruban-adhesif\\\/rubans-adhesifs-pour-tapis\\\/#breadcrumb\",\"itemListElement\":[{\"@type\":\"ListItem\",\"position\":1,\"name\":\"Startseite\",\"item\":\"https:\\\/\\\/cardinal-tapes.com\\\/fr\\\/accueil\\\/\"},{\"@type\":\"ListItem\",\"position\":2,\"name\":\"ABC du ruban adh\u00e9sif\",\"item\":\"https:\\\/\\\/cardinal-tapes.com\\\/fr\\\/rubans-adhesifs-fr__trashed\\\/abc-du-ruban-adhesif\\\/\"},{\"@type\":\"ListItem\",\"position\":3,\"name\":\"Rubans adh\u00e9sifs pour tapis\"}]},{\"@type\":\"WebSite\",\"@id\":\"https:\\\/\\\/cardinal-tapes.com\\\/#website\",\"url\":\"https:\\\/\\\/cardinal-tapes.com\\\/\",\"name\":\"cardinal TAPES\",\"description\":\"Klebetechnik aus Wuppertal\",\"potentialAction\":[{\"@type\":\"SearchAction\",\"target\":{\"@type\":\"EntryPoint\",\"urlTemplate\":\"https:\\\/\\\/cardinal-tapes.com\\\/?s={search_term_string}\"},\"query-input\":{\"@type\":\"PropertyValueSpecification\",\"valueRequired\":true,\"valueName\":\"search_term_string\"}}],\"inLanguage\":\"fr-FR\"}]}<\/script>\n<!-- \/ Yoast SEO plugin. -->","yoast_head_json":{"title":"Rubans adh\u00e9sifs pour tapis par le sp\u00e9cialiste - cardinal TAPES","description":"Les rubans adh\u00e9sifs pour tapis ou les rubans de pose conviennent pour fixer les rev\u00eatements de sol comme la moquette et pr\u00e9venir les accidents. En savoir plus.","robots":{"index":"index","follow":"follow","max-snippet":"max-snippet:-1","max-image-preview":"max-image-preview:large","max-video-preview":"max-video-preview:-1"},"canonical":"https:\/\/cardinal-tapes.com\/fr\/rubans-adhesifs-fr__trashed\/abc-du-ruban-adhesif\/rubans-adhesifs-pour-tapis\/","og_locale":"fr_FR","og_type":"article","og_title":"Rubans adh\u00e9sifs pour tapis par le sp\u00e9cialiste - cardinal TAPES","og_description":"Les rubans adh\u00e9sifs pour tapis ou les rubans de pose conviennent pour fixer les rev\u00eatements de sol comme la moquette et pr\u00e9venir les accidents. En savoir plus.","og_url":"https:\/\/cardinal-tapes.com\/fr\/rubans-adhesifs-fr__trashed\/abc-du-ruban-adhesif\/rubans-adhesifs-pour-tapis\/","og_site_name":"cardinal TAPES","article_modified_time":"2023-06-02T09:12:11+00:00","twitter_card":"summary_large_image","twitter_misc":{"Dur\u00e9e de lecture estim\u00e9e":"9 minutes"},"schema":{"@context":"https:\/\/schema.org","@graph":[{"@type":"WebPage","@id":"https:\/\/cardinal-tapes.com\/fr\/rubans-adhesifs-fr__trashed\/abc-du-ruban-adhesif\/rubans-adhesifs-pour-tapis\/","url":"https:\/\/cardinal-tapes.com\/fr\/rubans-adhesifs-fr__trashed\/abc-du-ruban-adhesif\/rubans-adhesifs-pour-tapis\/","name":"Rubans adh\u00e9sifs pour tapis par le sp\u00e9cialiste - cardinal TAPES","isPartOf":{"@id":"https:\/\/cardinal-tapes.com\/#website"},"datePublished":"2023-06-02T08:59:26+00:00","dateModified":"2023-06-02T09:12:11+00:00","description":"Les rubans adh\u00e9sifs pour tapis ou les rubans de pose conviennent pour fixer les rev\u00eatements de sol comme la moquette et pr\u00e9venir les accidents. En savoir plus.","breadcrumb":{"@id":"https:\/\/cardinal-tapes.com\/fr\/rubans-adhesifs-fr__trashed\/abc-du-ruban-adhesif\/rubans-adhesifs-pour-tapis\/#breadcrumb"},"inLanguage":"fr-FR","potentialAction":[{"@type":"ReadAction","target":["https:\/\/cardinal-tapes.com\/fr\/rubans-adhesifs-fr__trashed\/abc-du-ruban-adhesif\/rubans-adhesifs-pour-tapis\/"]}]},{"@type":"BreadcrumbList","@id":"https:\/\/cardinal-tapes.com\/fr\/rubans-adhesifs-fr__trashed\/abc-du-ruban-adhesif\/rubans-adhesifs-pour-tapis\/#breadcrumb","itemListElement":[{"@type":"ListItem","position":1,"name":"Startseite","item":"https:\/\/cardinal-tapes.com\/fr\/accueil\/"},{"@type":"ListItem","position":2,"name":"ABC du ruban adh\u00e9sif","item":"https:\/\/cardinal-tapes.com\/fr\/rubans-adhesifs-fr__trashed\/abc-du-ruban-adhesif\/"},{"@type":"ListItem","position":3,"name":"Rubans adh\u00e9sifs pour tapis"}]},{"@type":"WebSite","@id":"https:\/\/cardinal-tapes.com\/#website","url":"https:\/\/cardinal-tapes.com\/","name":"cardinal TAPES","description":"Klebetechnik aus Wuppertal","potentialAction":[{"@type":"SearchAction","target":{"@type":"EntryPoint","urlTemplate":"https:\/\/cardinal-tapes.com\/?s={search_term_string}"},"query-input":{"@type":"PropertyValueSpecification","valueRequired":true,"valueName":"search_term_string"}}],"inLanguage":"fr-FR"}]}},"_links":{"self":[{"href":"https:\/\/cardinal-tapes.com\/fr\/wp-json\/wp\/v2\/pages\/31164","targetHints":{"allow":["GET"]}}],"collection":[{"href":"https:\/\/cardinal-tapes.com\/fr\/wp-json\/wp\/v2\/pages"}],"about":[{"href":"https:\/\/cardinal-tapes.com\/fr\/wp-json\/wp\/v2\/types\/page"}],"author":[{"embeddable":true,"href":"https:\/\/cardinal-tapes.com\/fr\/wp-json\/wp\/v2\/users\/1"}],"replies":[{"embeddable":true,"href":"https:\/\/cardinal-tapes.com\/fr\/wp-json\/wp\/v2\/comments?post=31164"}],"version-history":[{"count":0,"href":"https:\/\/cardinal-tapes.com\/fr\/wp-json\/wp\/v2\/pages\/31164\/revisions"}],"up":[{"embeddable":true,"href":"https:\/\/cardinal-tapes.com\/fr\/wp-json\/wp\/v2\/pages\/30749"}],"wp:attachment":[{"href":"https:\/\/cardinal-tapes.com\/fr\/wp-json\/wp\/v2\/media?parent=31164"}],"curies":[{"name":"wp","href":"https:\/\/api.w.org\/{rel}","templated":true}]}}