{"id":31129,"date":"2023-06-02T10:59:25","date_gmt":"2023-06-02T08:59:25","guid":{"rendered":"https:\/\/cardinal.pixel-tal.de\/rubans-adhesifs\/abc-du-ruban-adhesif\/rubans-adhesifs-reutilisables\/"},"modified":"2023-06-02T11:12:26","modified_gmt":"2023-06-02T09:12:26","slug":"rubans-adhesifs-reutilisables","status":"publish","type":"page","link":"https:\/\/cardinal-tapes.com\/fr\/rubans-adhesifs-fr\/abc-du-ruban-adhesif\/rubans-adhesifs-reutilisables\/","title":{"rendered":"Rubans adh\u00e9sifs r\u00e9utilisables"},"content":{"rendered":"<div id='av_section_1'  class='avia-section av-b2juvj-1421f1bd15e31483742a49140e52d3c6 alternate_color avia-section-default avia-no-border-styling  avia-builder-el-0  avia-builder-el-no-sibling  avia-bg-style-scroll container_wrap fullsize'  ><div class='container av-section-cont-open' ><main  role=\"main\" itemprop=\"mainContentOfPage\"  class='template-page content  av-content-full alpha units'><div class='post-entry post-entry-type-page post-entry-31129'><div class='entry-content-wrapper clearfix'>\n<div  class='flex_column av-9isecv-113b09893045bf18fa33ab876cfa6c07 av_one_full  avia-builder-el-1  el_before_av_one_half  avia-builder-el-first  first flex_column_div  '     ><div class=\"pxl-headline pxl-hl hl-wrap | hl-sub--off hl--align-left hl--no-margin    \">\n        <div class=\"hl-inner\">\n            <h2 class=\"hl-main hl-line |  hl_main--default  \">Rubans adh\u00e9sifs r\u00e9utilisables  <\/h2>\n            \n    <\/div>\n<\/div><\/div><div  class='flex_column av-704q2n-9e03c15287bd5d3b313359276165feb6 av_one_half  avia-builder-el-3  el_after_av_one_full  el_before_av_one_half  first flex_column_div  column-top-margin'     ><section  class='av_textblock_section av-5ei6fj-cf60d2e8870c570ba2f183384692cdc5 '   itemscope=\"itemscope\" itemtype=\"https:\/\/schema.org\/CreativeWork\" ><div class='avia_textblock'  itemprop=\"text\" ><p>Que ce soit pour l&#8217;isolation, la fixation de composants ou encore la pose d&#8217;\u00e9l\u00e9ments visuels et d\u00e9coratifs, les rubans adh\u00e9sifs hautement sp\u00e9cialis\u00e9s jouent un r\u00f4le crucial dans le secteur automobile.  <\/p>\n<p>En tant que fournisseur de rubans adh\u00e9sifs pour le secteur automobile, nous sommes un partenaire solide pour de nombreuses marques automobiles haut de gamme et leurs fournisseurs : Nous proposons un grand choix de solutions diff\u00e9rentes. De plus, nous disposons de l&#8217;expertise n\u00e9cessaire pour conseiller efficacement nos clients sur leur cas d&#8217;application individuel. En outre, nous sommes votre partenaire pour les rubans adh\u00e9sifs confectionn\u00e9s, de sorte que nous sommes en mesure, gr\u00e2ce \u00e0 une technique moderne, de cr\u00e9er des solutions sur mesure pour vous.<\/p>\n<\/div><\/section><\/div><div  class='flex_column av-45mya7-960774b81cbab31ae5dc5a8210168bb9 av_one_half  avia-builder-el-5  el_after_av_one_half  avia-builder-el-last  flex_column_div  column-top-margin'     ><section  class='av_textblock_section av-2ptt7z-78505757d73709f224e78109b1723d50 '   itemscope=\"itemscope\" itemtype=\"https:\/\/schema.org\/CreativeWork\" ><div class='avia_textblock'  itemprop=\"text\" ><p>Que ce soit pour l&#8217;isolation, la fixation de composants ou encore la pose d&#8217;\u00e9l\u00e9ments visuels et d\u00e9coratifs, les rubans adh\u00e9sifs hautement sp\u00e9cialis\u00e9s jouent un r\u00f4le crucial dans le secteur automobile.  <\/p>\n<p>En tant que fournisseur de rubans adh\u00e9sifs pour le secteur automobile, nous sommes un partenaire solide pour de nombreuses marques automobiles haut de gamme et leurs fournisseurs : Nous proposons un grand choix de solutions diff\u00e9rentes. De plus, nous disposons de l&#8217;expertise n\u00e9cessaire pour conseiller efficacement nos clients sur leur cas d&#8217;application individuel. En outre, nous sommes votre partenaire pour les rubans adh\u00e9sifs confectionn\u00e9s, de sorte que nous sommes en mesure, gr\u00e2ce \u00e0 une technique moderne, de cr\u00e9er des solutions sur mesure pour vous.<\/p>\n<\/div><\/section><\/div>\n\n","protected":false},"excerpt":{"rendered":"","protected":false},"author":1,"featured_media":0,"parent":30749,"menu_order":21,"comment_status":"closed","ping_status":"closed","template":"","meta":{"_acf_changed":false,"footnotes":""},"class_list":["post-31129","page","type-page","status-publish","hentry"],"acf":[],"yoast_head":"<!-- This site is optimized with the Yoast SEO plugin v27.3 - https:\/\/yoast.com\/product\/yoast-seo-wordpress\/ -->\n<title>Rubans adh\u00e9sifs r\u00e9utilisables - cardinal TAPES<\/title>\n<meta name=\"description\" content=\"En tant que distributeur exclusif des produits ORAFIX, nous vous proposons une gamme compl\u00e8te pour toutes les applications dans l&#039;industrie du papier et de l&#039;impression.\" \/>\n<meta name=\"robots\" content=\"index, follow, max-snippet:-1, max-image-preview:large, max-video-preview:-1\" \/>\n<link rel=\"canonical\" href=\"https:\/\/cardinal-tapes.com\/fr\/rubans-adhesifs-fr__trashed\/abc-du-ruban-adhesif\/rubans-adhesifs-reutilisables\/\" \/>\n<meta property=\"og:locale\" content=\"fr_FR\" \/>\n<meta property=\"og:type\" content=\"article\" \/>\n<meta property=\"og:title\" content=\"Rubans adh\u00e9sifs r\u00e9utilisables - cardinal TAPES\" \/>\n<meta property=\"og:description\" content=\"En tant que distributeur exclusif des produits ORAFIX, nous vous proposons une gamme compl\u00e8te pour toutes les applications dans l&#039;industrie du papier et de l&#039;impression.\" \/>\n<meta property=\"og:url\" content=\"https:\/\/cardinal-tapes.com\/fr\/rubans-adhesifs-fr__trashed\/abc-du-ruban-adhesif\/rubans-adhesifs-reutilisables\/\" \/>\n<meta property=\"og:site_name\" content=\"cardinal TAPES\" \/>\n<meta property=\"article:modified_time\" content=\"2023-06-02T09:12:26+00:00\" \/>\n<meta name=\"twitter:card\" content=\"summary_large_image\" \/>\n<meta name=\"twitter:label1\" content=\"Dur\u00e9e de lecture estim\u00e9e\" \/>\n\t<meta name=\"twitter:data1\" content=\"9 minutes\" \/>\n<script type=\"application\/ld+json\" class=\"yoast-schema-graph\">{\"@context\":\"https:\\\/\\\/schema.org\",\"@graph\":[{\"@type\":\"WebPage\",\"@id\":\"https:\\\/\\\/cardinal-tapes.com\\\/fr\\\/rubans-adhesifs-fr__trashed\\\/abc-du-ruban-adhesif\\\/rubans-adhesifs-reutilisables\\\/\",\"url\":\"https:\\\/\\\/cardinal-tapes.com\\\/fr\\\/rubans-adhesifs-fr__trashed\\\/abc-du-ruban-adhesif\\\/rubans-adhesifs-reutilisables\\\/\",\"name\":\"Rubans adh\u00e9sifs r\u00e9utilisables - cardinal TAPES\",\"isPartOf\":{\"@id\":\"https:\\\/\\\/cardinal-tapes.com\\\/#website\"},\"datePublished\":\"2023-06-02T08:59:25+00:00\",\"dateModified\":\"2023-06-02T09:12:26+00:00\",\"description\":\"En tant que distributeur exclusif des produits ORAFIX, nous vous proposons une gamme compl\u00e8te pour toutes les applications dans l'industrie du papier et de l'impression.\",\"breadcrumb\":{\"@id\":\"https:\\\/\\\/cardinal-tapes.com\\\/fr\\\/rubans-adhesifs-fr__trashed\\\/abc-du-ruban-adhesif\\\/rubans-adhesifs-reutilisables\\\/#breadcrumb\"},\"inLanguage\":\"fr-FR\",\"potentialAction\":[{\"@type\":\"ReadAction\",\"target\":[\"https:\\\/\\\/cardinal-tapes.com\\\/fr\\\/rubans-adhesifs-fr__trashed\\\/abc-du-ruban-adhesif\\\/rubans-adhesifs-reutilisables\\\/\"]}]},{\"@type\":\"BreadcrumbList\",\"@id\":\"https:\\\/\\\/cardinal-tapes.com\\\/fr\\\/rubans-adhesifs-fr__trashed\\\/abc-du-ruban-adhesif\\\/rubans-adhesifs-reutilisables\\\/#breadcrumb\",\"itemListElement\":[{\"@type\":\"ListItem\",\"position\":1,\"name\":\"Startseite\",\"item\":\"https:\\\/\\\/cardinal-tapes.com\\\/fr\\\/accueil\\\/\"},{\"@type\":\"ListItem\",\"position\":2,\"name\":\"ABC du ruban adh\u00e9sif\",\"item\":\"https:\\\/\\\/cardinal-tapes.com\\\/fr\\\/rubans-adhesifs-fr__trashed\\\/abc-du-ruban-adhesif\\\/\"},{\"@type\":\"ListItem\",\"position\":3,\"name\":\"Rubans adh\u00e9sifs r\u00e9utilisables\"}]},{\"@type\":\"WebSite\",\"@id\":\"https:\\\/\\\/cardinal-tapes.com\\\/#website\",\"url\":\"https:\\\/\\\/cardinal-tapes.com\\\/\",\"name\":\"cardinal TAPES\",\"description\":\"Klebetechnik aus Wuppertal\",\"potentialAction\":[{\"@type\":\"SearchAction\",\"target\":{\"@type\":\"EntryPoint\",\"urlTemplate\":\"https:\\\/\\\/cardinal-tapes.com\\\/?s={search_term_string}\"},\"query-input\":{\"@type\":\"PropertyValueSpecification\",\"valueRequired\":true,\"valueName\":\"search_term_string\"}}],\"inLanguage\":\"fr-FR\"}]}<\/script>\n<!-- \/ Yoast SEO plugin. -->","yoast_head_json":{"title":"Rubans adh\u00e9sifs r\u00e9utilisables - cardinal TAPES","description":"En tant que distributeur exclusif des produits ORAFIX, nous vous proposons une gamme compl\u00e8te pour toutes les applications dans l'industrie du papier et de l'impression.","robots":{"index":"index","follow":"follow","max-snippet":"max-snippet:-1","max-image-preview":"max-image-preview:large","max-video-preview":"max-video-preview:-1"},"canonical":"https:\/\/cardinal-tapes.com\/fr\/rubans-adhesifs-fr__trashed\/abc-du-ruban-adhesif\/rubans-adhesifs-reutilisables\/","og_locale":"fr_FR","og_type":"article","og_title":"Rubans adh\u00e9sifs r\u00e9utilisables - cardinal TAPES","og_description":"En tant que distributeur exclusif des produits ORAFIX, nous vous proposons une gamme compl\u00e8te pour toutes les applications dans l'industrie du papier et de l'impression.","og_url":"https:\/\/cardinal-tapes.com\/fr\/rubans-adhesifs-fr__trashed\/abc-du-ruban-adhesif\/rubans-adhesifs-reutilisables\/","og_site_name":"cardinal TAPES","article_modified_time":"2023-06-02T09:12:26+00:00","twitter_card":"summary_large_image","twitter_misc":{"Dur\u00e9e de lecture estim\u00e9e":"9 minutes"},"schema":{"@context":"https:\/\/schema.org","@graph":[{"@type":"WebPage","@id":"https:\/\/cardinal-tapes.com\/fr\/rubans-adhesifs-fr__trashed\/abc-du-ruban-adhesif\/rubans-adhesifs-reutilisables\/","url":"https:\/\/cardinal-tapes.com\/fr\/rubans-adhesifs-fr__trashed\/abc-du-ruban-adhesif\/rubans-adhesifs-reutilisables\/","name":"Rubans adh\u00e9sifs r\u00e9utilisables - cardinal TAPES","isPartOf":{"@id":"https:\/\/cardinal-tapes.com\/#website"},"datePublished":"2023-06-02T08:59:25+00:00","dateModified":"2023-06-02T09:12:26+00:00","description":"En tant que distributeur exclusif des produits ORAFIX, nous vous proposons une gamme compl\u00e8te pour toutes les applications dans l'industrie du papier et de l'impression.","breadcrumb":{"@id":"https:\/\/cardinal-tapes.com\/fr\/rubans-adhesifs-fr__trashed\/abc-du-ruban-adhesif\/rubans-adhesifs-reutilisables\/#breadcrumb"},"inLanguage":"fr-FR","potentialAction":[{"@type":"ReadAction","target":["https:\/\/cardinal-tapes.com\/fr\/rubans-adhesifs-fr__trashed\/abc-du-ruban-adhesif\/rubans-adhesifs-reutilisables\/"]}]},{"@type":"BreadcrumbList","@id":"https:\/\/cardinal-tapes.com\/fr\/rubans-adhesifs-fr__trashed\/abc-du-ruban-adhesif\/rubans-adhesifs-reutilisables\/#breadcrumb","itemListElement":[{"@type":"ListItem","position":1,"name":"Startseite","item":"https:\/\/cardinal-tapes.com\/fr\/accueil\/"},{"@type":"ListItem","position":2,"name":"ABC du ruban adh\u00e9sif","item":"https:\/\/cardinal-tapes.com\/fr\/rubans-adhesifs-fr__trashed\/abc-du-ruban-adhesif\/"},{"@type":"ListItem","position":3,"name":"Rubans adh\u00e9sifs r\u00e9utilisables"}]},{"@type":"WebSite","@id":"https:\/\/cardinal-tapes.com\/#website","url":"https:\/\/cardinal-tapes.com\/","name":"cardinal TAPES","description":"Klebetechnik aus Wuppertal","potentialAction":[{"@type":"SearchAction","target":{"@type":"EntryPoint","urlTemplate":"https:\/\/cardinal-tapes.com\/?s={search_term_string}"},"query-input":{"@type":"PropertyValueSpecification","valueRequired":true,"valueName":"search_term_string"}}],"inLanguage":"fr-FR"}]}},"_links":{"self":[{"href":"https:\/\/cardinal-tapes.com\/fr\/wp-json\/wp\/v2\/pages\/31129","targetHints":{"allow":["GET"]}}],"collection":[{"href":"https:\/\/cardinal-tapes.com\/fr\/wp-json\/wp\/v2\/pages"}],"about":[{"href":"https:\/\/cardinal-tapes.com\/fr\/wp-json\/wp\/v2\/types\/page"}],"author":[{"embeddable":true,"href":"https:\/\/cardinal-tapes.com\/fr\/wp-json\/wp\/v2\/users\/1"}],"replies":[{"embeddable":true,"href":"https:\/\/cardinal-tapes.com\/fr\/wp-json\/wp\/v2\/comments?post=31129"}],"version-history":[{"count":0,"href":"https:\/\/cardinal-tapes.com\/fr\/wp-json\/wp\/v2\/pages\/31129\/revisions"}],"up":[{"embeddable":true,"href":"https:\/\/cardinal-tapes.com\/fr\/wp-json\/wp\/v2\/pages\/30749"}],"wp:attachment":[{"href":"https:\/\/cardinal-tapes.com\/fr\/wp-json\/wp\/v2\/media?parent=31129"}],"curies":[{"name":"wp","href":"https:\/\/api.w.org\/{rel}","templated":true}]}}