{"id":31124,"date":"2023-06-02T10:59:25","date_gmt":"2023-06-02T08:59:25","guid":{"rendered":"https:\/\/cardinal.pixel-tal.de\/rubans-adhesifs\/abc-du-ruban-adhesif\/colle-hotmelt-colle-thermofusible\/"},"modified":"2023-06-02T11:12:02","modified_gmt":"2023-06-02T09:12:02","slug":"colle-hotmelt-colle-thermofusible","status":"publish","type":"page","link":"https:\/\/cardinal-tapes.com\/fr\/rubans-adhesifs-fr\/abc-du-ruban-adhesif\/colle-hotmelt-colle-thermofusible\/","title":{"rendered":"Colle hotmelt \/ colle thermofusible"},"content":{"rendered":"<div id='av_section_1'  class='avia-section av-20ut3vw-cf3278f8854803a74dc999e34a15f84a alternate_color avia-section-default avia-no-border-styling  avia-builder-el-0  avia-builder-el-no-sibling  avia-bg-style-scroll container_wrap fullsize'  ><div class='container av-section-cont-open' ><main  role=\"main\" itemprop=\"mainContentOfPage\"  class='template-page content  av-content-full alpha units'><div class='post-entry post-entry-type-page post-entry-31124'><div class='entry-content-wrapper clearfix'>\n<div  class='flex_column av-1s5p8uk-33b8bde28d473573e33c3ed8ae7cf09b av_one_full  avia-builder-el-1  el_before_av_one_half  avia-builder-el-first  first flex_column_div  '     ><div class=\"pxl-headline pxl-hl hl-wrap | hl-sub--off hl--align-left hl--no-margin    \">\n        <div class=\"hl-inner\">\n            <h2 class=\"hl-main hl-line |  hl_main--default  \">Colle hotmelt \/ colle thermofusible<\/h2>\n            \n    <\/div>\n<\/div><\/div><div  class='flex_column av-4gmznw-b199631b3720051d109be64ccadbe7c3 av_one_half  avia-builder-el-3  el_after_av_one_full  el_before_av_one_half  first flex_column_div  column-top-margin'     ><section  class='av_textblock_section av-243bmz0-b067fe41fb530645f6f8510ea44e34be '   itemscope=\"itemscope\" itemtype=\"https:\/\/schema.org\/CreativeWork\" ><div class='avia_textblock'  itemprop=\"text\" ><p>Les colles hotmelt \/ thermofusibles sont des syst\u00e8mes 100% sans solvant pour l&#8217;application de la colle. La r\u00e9sine adh\u00e9sive est fondue et se solidifie lorsqu&#8217;elle est appliqu\u00e9e sur le film. La post-r\u00e9ticulation permet en outre d&#8217;obtenir des r\u00e9glages tr\u00e8s r\u00e9sistants \u00e0 la temp\u00e9rature. Le ruban adh\u00e9sif est autocollant \u00e0 temp\u00e9rature ambiante, de mani\u00e8re similaire \u00e0 un adh\u00e9sif en caoutchouc ou en acrylate.<\/p>\n<\/div><\/section><\/div><div  class='flex_column av-lhc6b0-b2bfa87dc7195a49b8f4d4ac85f6162b av_one_half  avia-builder-el-5  el_after_av_one_half  avia-builder-el-last  flex_column_div  column-top-margin'     ><section  class='av_textblock_section av-12tclfw-60226bc4591736d7a87017709ef74ac9 '   itemscope=\"itemscope\" itemtype=\"https:\/\/schema.org\/CreativeWork\" ><div class='avia_textblock'  itemprop=\"text\" ><h4>Colles thermofusibles &#8211; les avantages<\/h4>\n<p>Les colles thermofusibles ne contiennent pas de solvants, mais leur utilisation est limit\u00e9e aux mat\u00e9riaux r\u00e9sistants \u00e0 la temp\u00e9rature en raison des temp\u00e9ratures de traitement \u00e9lev\u00e9es. D&#8217;autre part, la colle se comporte de mani\u00e8re r\u00e9versible, c&#8217;est-\u00e0-dire qu&#8217;elle redevient molle lorsque la temp\u00e9rature augmente. En raison de cette propri\u00e9t\u00e9, sa r\u00e9sistance \u00e0 la chaleur est limit\u00e9e (voir aussi les colles thermofusibles r\u00e9actives).<\/p>\n<\/div><\/section><\/div>\n\n","protected":false},"excerpt":{"rendered":"","protected":false},"author":1,"featured_media":0,"parent":30749,"menu_order":4,"comment_status":"closed","ping_status":"closed","template":"","meta":{"_acf_changed":false,"footnotes":""},"class_list":["post-31124","page","type-page","status-publish","hentry"],"acf":[],"yoast_head":"<!-- This site is optimized with the Yoast SEO plugin v27.3 - https:\/\/yoast.com\/product\/yoast-seo-wordpress\/ -->\n<title>Colle hotmelt \/ colle thermofusible - cardinal TAPES<\/title>\n<meta name=\"description\" content=\"Les colles hotmelt \/ thermofusibles sont des syst\u00e8mes 100% sans solvant pour l&#039;application de la colle.\" \/>\n<meta name=\"robots\" content=\"index, follow, max-snippet:-1, max-image-preview:large, max-video-preview:-1\" \/>\n<link rel=\"canonical\" href=\"https:\/\/cardinal-tapes.com\/fr\/rubans-adhesifs-fr__trashed\/abc-du-ruban-adhesif\/colle-hotmelt-colle-thermofusible\/\" \/>\n<meta property=\"og:locale\" content=\"fr_FR\" \/>\n<meta property=\"og:type\" content=\"article\" \/>\n<meta property=\"og:title\" content=\"Colle hotmelt \/ colle thermofusible - cardinal TAPES\" \/>\n<meta property=\"og:description\" content=\"Les colles hotmelt \/ thermofusibles sont des syst\u00e8mes 100% sans solvant pour l&#039;application de la colle.\" \/>\n<meta property=\"og:url\" content=\"https:\/\/cardinal-tapes.com\/fr\/rubans-adhesifs-fr__trashed\/abc-du-ruban-adhesif\/colle-hotmelt-colle-thermofusible\/\" \/>\n<meta property=\"og:site_name\" content=\"cardinal TAPES\" \/>\n<meta property=\"article:modified_time\" content=\"2023-06-02T09:12:02+00:00\" \/>\n<meta name=\"twitter:card\" content=\"summary_large_image\" \/>\n<meta name=\"twitter:label1\" content=\"Dur\u00e9e de lecture estim\u00e9e\" \/>\n\t<meta name=\"twitter:data1\" content=\"9 minutes\" \/>\n<script type=\"application\/ld+json\" class=\"yoast-schema-graph\">{\"@context\":\"https:\\\/\\\/schema.org\",\"@graph\":[{\"@type\":\"WebPage\",\"@id\":\"https:\\\/\\\/cardinal-tapes.com\\\/fr\\\/rubans-adhesifs-fr__trashed\\\/abc-du-ruban-adhesif\\\/colle-hotmelt-colle-thermofusible\\\/\",\"url\":\"https:\\\/\\\/cardinal-tapes.com\\\/fr\\\/rubans-adhesifs-fr__trashed\\\/abc-du-ruban-adhesif\\\/colle-hotmelt-colle-thermofusible\\\/\",\"name\":\"Colle hotmelt \\\/ colle thermofusible - cardinal TAPES\",\"isPartOf\":{\"@id\":\"https:\\\/\\\/cardinal-tapes.com\\\/#website\"},\"datePublished\":\"2023-06-02T08:59:25+00:00\",\"dateModified\":\"2023-06-02T09:12:02+00:00\",\"description\":\"Les colles hotmelt \\\/ thermofusibles sont des syst\u00e8mes 100% sans solvant pour l'application de la colle.\",\"breadcrumb\":{\"@id\":\"https:\\\/\\\/cardinal-tapes.com\\\/fr\\\/rubans-adhesifs-fr__trashed\\\/abc-du-ruban-adhesif\\\/colle-hotmelt-colle-thermofusible\\\/#breadcrumb\"},\"inLanguage\":\"fr-FR\",\"potentialAction\":[{\"@type\":\"ReadAction\",\"target\":[\"https:\\\/\\\/cardinal-tapes.com\\\/fr\\\/rubans-adhesifs-fr__trashed\\\/abc-du-ruban-adhesif\\\/colle-hotmelt-colle-thermofusible\\\/\"]}]},{\"@type\":\"BreadcrumbList\",\"@id\":\"https:\\\/\\\/cardinal-tapes.com\\\/fr\\\/rubans-adhesifs-fr__trashed\\\/abc-du-ruban-adhesif\\\/colle-hotmelt-colle-thermofusible\\\/#breadcrumb\",\"itemListElement\":[{\"@type\":\"ListItem\",\"position\":1,\"name\":\"Startseite\",\"item\":\"https:\\\/\\\/cardinal-tapes.com\\\/fr\\\/accueil\\\/\"},{\"@type\":\"ListItem\",\"position\":2,\"name\":\"ABC du ruban adh\u00e9sif\",\"item\":\"https:\\\/\\\/cardinal-tapes.com\\\/fr\\\/rubans-adhesifs-fr__trashed\\\/abc-du-ruban-adhesif\\\/\"},{\"@type\":\"ListItem\",\"position\":3,\"name\":\"Colle hotmelt \\\/ colle thermofusible\"}]},{\"@type\":\"WebSite\",\"@id\":\"https:\\\/\\\/cardinal-tapes.com\\\/#website\",\"url\":\"https:\\\/\\\/cardinal-tapes.com\\\/\",\"name\":\"cardinal TAPES\",\"description\":\"Klebetechnik aus Wuppertal\",\"potentialAction\":[{\"@type\":\"SearchAction\",\"target\":{\"@type\":\"EntryPoint\",\"urlTemplate\":\"https:\\\/\\\/cardinal-tapes.com\\\/?s={search_term_string}\"},\"query-input\":{\"@type\":\"PropertyValueSpecification\",\"valueRequired\":true,\"valueName\":\"search_term_string\"}}],\"inLanguage\":\"fr-FR\"}]}<\/script>\n<!-- \/ Yoast SEO plugin. -->","yoast_head_json":{"title":"Colle hotmelt \/ colle thermofusible - cardinal TAPES","description":"Les colles hotmelt \/ thermofusibles sont des syst\u00e8mes 100% sans solvant pour l'application de la colle.","robots":{"index":"index","follow":"follow","max-snippet":"max-snippet:-1","max-image-preview":"max-image-preview:large","max-video-preview":"max-video-preview:-1"},"canonical":"https:\/\/cardinal-tapes.com\/fr\/rubans-adhesifs-fr__trashed\/abc-du-ruban-adhesif\/colle-hotmelt-colle-thermofusible\/","og_locale":"fr_FR","og_type":"article","og_title":"Colle hotmelt \/ colle thermofusible - cardinal TAPES","og_description":"Les colles hotmelt \/ thermofusibles sont des syst\u00e8mes 100% sans solvant pour l'application de la colle.","og_url":"https:\/\/cardinal-tapes.com\/fr\/rubans-adhesifs-fr__trashed\/abc-du-ruban-adhesif\/colle-hotmelt-colle-thermofusible\/","og_site_name":"cardinal TAPES","article_modified_time":"2023-06-02T09:12:02+00:00","twitter_card":"summary_large_image","twitter_misc":{"Dur\u00e9e de lecture estim\u00e9e":"9 minutes"},"schema":{"@context":"https:\/\/schema.org","@graph":[{"@type":"WebPage","@id":"https:\/\/cardinal-tapes.com\/fr\/rubans-adhesifs-fr__trashed\/abc-du-ruban-adhesif\/colle-hotmelt-colle-thermofusible\/","url":"https:\/\/cardinal-tapes.com\/fr\/rubans-adhesifs-fr__trashed\/abc-du-ruban-adhesif\/colle-hotmelt-colle-thermofusible\/","name":"Colle hotmelt \/ colle thermofusible - cardinal TAPES","isPartOf":{"@id":"https:\/\/cardinal-tapes.com\/#website"},"datePublished":"2023-06-02T08:59:25+00:00","dateModified":"2023-06-02T09:12:02+00:00","description":"Les colles hotmelt \/ thermofusibles sont des syst\u00e8mes 100% sans solvant pour l'application de la colle.","breadcrumb":{"@id":"https:\/\/cardinal-tapes.com\/fr\/rubans-adhesifs-fr__trashed\/abc-du-ruban-adhesif\/colle-hotmelt-colle-thermofusible\/#breadcrumb"},"inLanguage":"fr-FR","potentialAction":[{"@type":"ReadAction","target":["https:\/\/cardinal-tapes.com\/fr\/rubans-adhesifs-fr__trashed\/abc-du-ruban-adhesif\/colle-hotmelt-colle-thermofusible\/"]}]},{"@type":"BreadcrumbList","@id":"https:\/\/cardinal-tapes.com\/fr\/rubans-adhesifs-fr__trashed\/abc-du-ruban-adhesif\/colle-hotmelt-colle-thermofusible\/#breadcrumb","itemListElement":[{"@type":"ListItem","position":1,"name":"Startseite","item":"https:\/\/cardinal-tapes.com\/fr\/accueil\/"},{"@type":"ListItem","position":2,"name":"ABC du ruban adh\u00e9sif","item":"https:\/\/cardinal-tapes.com\/fr\/rubans-adhesifs-fr__trashed\/abc-du-ruban-adhesif\/"},{"@type":"ListItem","position":3,"name":"Colle hotmelt \/ colle thermofusible"}]},{"@type":"WebSite","@id":"https:\/\/cardinal-tapes.com\/#website","url":"https:\/\/cardinal-tapes.com\/","name":"cardinal TAPES","description":"Klebetechnik aus Wuppertal","potentialAction":[{"@type":"SearchAction","target":{"@type":"EntryPoint","urlTemplate":"https:\/\/cardinal-tapes.com\/?s={search_term_string}"},"query-input":{"@type":"PropertyValueSpecification","valueRequired":true,"valueName":"search_term_string"}}],"inLanguage":"fr-FR"}]}},"_links":{"self":[{"href":"https:\/\/cardinal-tapes.com\/fr\/wp-json\/wp\/v2\/pages\/31124","targetHints":{"allow":["GET"]}}],"collection":[{"href":"https:\/\/cardinal-tapes.com\/fr\/wp-json\/wp\/v2\/pages"}],"about":[{"href":"https:\/\/cardinal-tapes.com\/fr\/wp-json\/wp\/v2\/types\/page"}],"author":[{"embeddable":true,"href":"https:\/\/cardinal-tapes.com\/fr\/wp-json\/wp\/v2\/users\/1"}],"replies":[{"embeddable":true,"href":"https:\/\/cardinal-tapes.com\/fr\/wp-json\/wp\/v2\/comments?post=31124"}],"version-history":[{"count":0,"href":"https:\/\/cardinal-tapes.com\/fr\/wp-json\/wp\/v2\/pages\/31124\/revisions"}],"up":[{"embeddable":true,"href":"https:\/\/cardinal-tapes.com\/fr\/wp-json\/wp\/v2\/pages\/30749"}],"wp:attachment":[{"href":"https:\/\/cardinal-tapes.com\/fr\/wp-json\/wp\/v2\/media?parent=31124"}],"curies":[{"name":"wp","href":"https:\/\/api.w.org\/{rel}","templated":true}]}}