{"id":31019,"date":"2023-06-02T10:59:07","date_gmt":"2023-06-02T08:59:07","guid":{"rendered":"https:\/\/cardinal.pixel-tal.de\/rubans-adhesifs\/abc-du-ruban-adhesif\/adhesifs-sensibles-a-la-pression\/"},"modified":"2023-06-14T10:47:04","modified_gmt":"2023-06-14T08:47:04","slug":"adhesifs-sensibles-a-la-pression","status":"publish","type":"page","link":"https:\/\/cardinal-tapes.com\/fr\/rubans-adhesifs-fr\/abc-du-ruban-adhesif\/adhesifs-sensibles-a-la-pression\/","title":{"rendered":"Adh\u00e9sifs sensibles \u00e0 la pression"},"content":{"rendered":"<div id='av_section_1'  class='avia-section av-428yka6-088d98541b4bd194418ed1df5e5c67ea alternate_color avia-section-default avia-no-border-styling  avia-builder-el-0  el_before_av_section  avia-builder-el-first  avia-bg-style-scroll container_wrap fullsize'  ><div class='container av-section-cont-open' ><main  role=\"main\" itemprop=\"mainContentOfPage\"  class='template-page content  av-content-full alpha units'><div class='post-entry post-entry-type-page post-entry-31019'><div class='entry-content-wrapper clearfix'>\n<div  class='flex_column av-3mfd5u6-657ec450b8f486884911c28968c4ff9e av_one_full  avia-builder-el-1  el_before_av_one_half  avia-builder-el-first  first flex_column_div  '     ><div class=\"pxl-headline pxl-hl hl-wrap | hl-sub--bot hl--align-left hl--no-margin    \">\n        <div class=\"hl-inner\">\n            <h2 class=\"hl-main hl-line |  hl_main--default  \">Adh\u00e9sifs sensibles \u00e0 la pression<\/h2>\n            \n    <\/div>\n<\/div><\/div><div  class='flex_column av-33you32-0cf159cb7c2364e8f11cc1ca743a02cf av_one_half  avia-builder-el-3  el_after_av_one_full  el_before_av_one_half  first flex_column_div  column-top-margin'     ><section  class='av_textblock_section av-300iitq-90f475b1d3c891b347fa2fae605c5e00 '   itemscope=\"itemscope\" itemtype=\"https:\/\/schema.org\/CreativeWork\" ><div class='avia_textblock'  itemprop=\"text\" ><p>Les adh\u00e9sifs sensibles \u00e0 la pression restent tr\u00e8s visqueux et collants en permanence apr\u00e8s avoir \u00e9t\u00e9 appliqu\u00e9s sur un support, puis peuvent \u00eatre appliqu\u00e9s par pression sur un substrat o\u00f9 ils restent alors coll\u00e9s.<\/p>\n<\/div><\/section><\/div><div  class='flex_column av-2hve07i-652db275b2ebcb16223ac8173a0b7ad6 av_one_half  avia-builder-el-5  el_after_av_one_half  avia-builder-el-last  flex_column_div  column-top-margin'     ><section  class='av_textblock_section av-27n7jpq-23185d224dd84d55473b2f7f59cf22cb '   itemscope=\"itemscope\" itemtype=\"https:\/\/schema.org\/CreativeWork\" ><div class='avia_textblock'  itemprop=\"text\" ><h4>Adh\u00e9sifs sensibles \u00e0 la pression &#8211; les applications<\/h4>\n<p>Les adh\u00e9sifs sensibles \u00e0 la pression sont utilis\u00e9s comme colle en spray ou comme colle de transfert (ruban adh\u00e9sif double face sans support), mais ils sont \u00e9galement utilis\u00e9s comme rev\u00eatement de rubans adh\u00e9sifs, d&#8217;\u00e9tiquettes autocollantes, etc. Application.<\/p>\n<\/div><\/section><\/div>\n\n<\/div><\/div><\/main><!-- close content main element --><\/div><\/div><div id='av_section_2'  class='avia-section av-23jz1ta-fb1ed2230ebab15725efccdeb2a3ecd6 main_color avia-section-default avia-no-border-styling  avia-builder-el-7  el_after_av_section  avia-builder-el-last  gradient-section avia-bg-style-scroll container_wrap fullsize'  ><div class='container av-section-cont-open' ><div class='template-page content  av-content-full alpha units'><div class='post-entry post-entry-type-page post-entry-31019'><div class='entry-content-wrapper clearfix'>\n<div  class='flex_column av-1mv28y6-bcb2a9efd73400de2edeecf7d5e87e58 av_one_full  avia-builder-el-8  avia-builder-el-no-sibling  first flex_column_div  '     ><p><div class=\"pxl-headline pxl-hl hl-wrap | hl-sub--off hl--align-left hl--no-margin    \">\n        <div class=\"hl-inner\">\n            <h2 class=\"hl-main hl-line |  hl_main--default  \">Produits int\u00e9ressants<\/h2>\n            \n    <\/div>\n<\/div>\n<br \/>\n<div   data-autoplay=''  data-interval='5'  data-animation='fade'  data-hoverpause='1'  class='template-shop avia-content-slider avia-content-slider-active avia-product-slider1 avia-content-slider-even  avia-builder-el-10  el_after_pixel_sc_headline  el_before_av_button   shop_columns_4' ><div class='avia-content-slider-inner'><ul class=\"products slide-entry-wrap\"><li class=\"product type-product post-51558 status-publish first instock product_cat-ruban-adhesif-en-tissu product_cat-ruban-enduit-de-plastique product_cat-rubans-adhesifs-simple-face product_cat-ruban-enduit-de-pe has-post-thumbnail taxable shipping-taxable purchasable product-type-variable\">\n\t<div class='inner_product main_color wrapped_style noLightbox  av-product-class-no_button'><a href=\"https:\/\/cardinal-tapes.com\/fr\/rubans-adh\u00e9sifs\/rubans-adhesifs-simple-face\/ruban-enduit-de-pe\/ca-33-pe-bande-adhesive-tissee-enduite\/\" class=\"woocommerce-LoopProduct-link woocommerce-loop-product__link\"><div class=\"thumbnail_container\"><img decoding=\"async\" loading=\"lazy\" width=\"450\" height=\"450\" src=\"https:\/\/cardinal-tapes.com\/wp-content\/uploads\/ca-33_01-450x450.jpg\" class=\"wp-image-27824 avia-img-lazy-loading-27824 attachment-shop_catalog size-shop_catalog wp-post-image\" alt=\"CA-33 Bordure de tapis plastifi\u00e9e - d&#039;un c\u00f4t\u00e9, Tissu, Caoutchouc naturel - Illustration 27824\" srcset=\"https:\/\/cardinal-tapes.com\/wp-content\/uploads\/ca-33_01-450x450.jpg 450w, https:\/\/cardinal-tapes.com\/wp-content\/uploads\/ca-33_01-120x120.jpg 120w, https:\/\/cardinal-tapes.com\/wp-content\/uploads\/ca-33_01-80x80.jpg 80w, https:\/\/cardinal-tapes.com\/wp-content\/uploads\/ca-33_01-200x200.jpg 200w, https:\/\/cardinal-tapes.com\/wp-content\/uploads\/ca-33_01-768x768.jpg 768w, https:\/\/cardinal-tapes.com\/wp-content\/uploads\/ca-33_01-1030x1030.jpg 1030w, https:\/\/cardinal-tapes.com\/wp-content\/uploads\/ca-33_01-36x36.jpg 36w, https:\/\/cardinal-tapes.com\/wp-content\/uploads\/ca-33_01-180x180.jpg 180w, https:\/\/cardinal-tapes.com\/wp-content\/uploads\/ca-33_01-705x705.jpg 705w, https:\/\/cardinal-tapes.com\/wp-content\/uploads\/ca-33_01-100x100.jpg 100w, https:\/\/cardinal-tapes.com\/wp-content\/uploads\/ca-33_01.jpg 1400w\" sizes=\"auto, (max-width: 450px) 100vw, 450px\" \/><\/div><div class='inner_product_header'><div class='avia-arrow'><\/div><div class='inner_product_header_table'><div class='inner_product_header_cell'><span class=\"is-h2 woocommerce-loop-product__title\">CA-33 Bordure de tapis plastifi\u00e9e<\/span>\t\t<div class=\"product-infos\">\n\t\t\t\t\t\t\t<span class='product-infos__item'><b>Rev\u00eatement:<\/b> d'un c\u00f4t\u00e9<\/span>\n\t\t\t\t\t\t\t\t\t\t<span class='product-infos__item'><b>Type de mat\u00e9riau:<\/b> Tissu<\/span>\n\t\t\t\t\t\t\t\t\t\t<span class='product-infos__item'><b>Fabricant:<\/b> cardinal GmbH<\/span>\n\t\t\t\t\t\t\t\t\t\t<span class='product-infos__item'><b>Prix sur demande<\/b><\/span>\n\t\t\t\t\t<\/div>\n\t<\/div><\/div><\/div><\/a><\/div><\/li>\n<li class=\"product type-product post-41780 status-publish instock product_cat-ruban-adhesif-en-tissu product_cat-ruban-enduit-de-plastique product_cat-rubans-adhesifs-simple-face product_cat-ruban-enduit-de-pe has-post-thumbnail taxable shipping-taxable purchasable product-type-variable\">\n\t<div class='inner_product main_color wrapped_style noLightbox  av-product-class-no_button'><a href=\"https:\/\/cardinal-tapes.com\/fr\/rubans-adh\u00e9sifs\/rubans-adhesifs-simple-face\/ruban-enduit-de-pe\/at160-bande-tissu-etanche-de-qualite-premiere-surface-mat\/\" class=\"woocommerce-LoopProduct-link woocommerce-loop-product__link\"><div class=\"thumbnail_container\"><img decoding=\"async\" loading=\"lazy\" width=\"450\" height=\"450\" src=\"https:\/\/cardinal-tapes.com\/wp-content\/uploads\/Advance-Tapes_AT160_Group-450x450.jpg\" class=\"wp-image-28612 avia-img-lazy-loading-28612 attachment-shop_catalog size-shop_catalog wp-post-image\" alt=\"AT160 Bande tiss\u00e9e \u00e9tanche avec surface mate - d&#039;un c\u00f4t\u00e9, Tissu, Caoutchouc naturel - Illustration 28612\" srcset=\"https:\/\/cardinal-tapes.com\/wp-content\/uploads\/Advance-Tapes_AT160_Group-450x450.jpg 450w, https:\/\/cardinal-tapes.com\/wp-content\/uploads\/Advance-Tapes_AT160_Group-120x120.jpg 120w, https:\/\/cardinal-tapes.com\/wp-content\/uploads\/Advance-Tapes_AT160_Group-80x80.jpg 80w, https:\/\/cardinal-tapes.com\/wp-content\/uploads\/Advance-Tapes_AT160_Group-200x200.jpg 200w, https:\/\/cardinal-tapes.com\/wp-content\/uploads\/Advance-Tapes_AT160_Group-36x36.jpg 36w, https:\/\/cardinal-tapes.com\/wp-content\/uploads\/Advance-Tapes_AT160_Group-180x180.jpg 180w, https:\/\/cardinal-tapes.com\/wp-content\/uploads\/Advance-Tapes_AT160_Group-100x100.jpg 100w, https:\/\/cardinal-tapes.com\/wp-content\/uploads\/Advance-Tapes_AT160_Group.jpg 600w\" sizes=\"auto, (max-width: 450px) 100vw, 450px\" \/><\/div><div class='inner_product_header'><div class='avia-arrow'><\/div><div class='inner_product_header_table'><div class='inner_product_header_cell'><span class=\"is-h2 woocommerce-loop-product__title\">AT160 Bande tiss\u00e9e \u00e9tanche avec surface mate<\/span>\t\t<div class=\"product-infos\">\n\t\t\t\t\t\t\t<span class='product-infos__item'><b>Rev\u00eatement:<\/b> d'un c\u00f4t\u00e9<\/span>\n\t\t\t\t\t\t\t\t\t\t<span class='product-infos__item'><b>Type de mat\u00e9riau:<\/b> Tissu<\/span>\n\t\t\t\t\t\t\t\t\t\t<span class='product-infos__item'><b>Fabricant:<\/b> Advance Tapes<\/span>\n\t\t\t\t\t\t\t\t\t\t<span class='product-infos__item'><b>Prix sur demande<\/b><\/span>\n\t\t\t\t\t<\/div>\n\t<\/div><\/div><\/div><\/a><\/div><\/li>\n<li class=\"product type-product post-42392 status-publish instock product_cat-ruban-adhesif-en-tissu product_cat-ruban-enduit-de-plastique product_cat-rubans-adhesifs-simple-face product_cat-ruban-enduit-de-pe has-post-thumbnail taxable shipping-taxable purchasable product-type-variable\">\n\t<div class='inner_product main_color wrapped_style noLightbox  av-product-class-no_button'><a href=\"https:\/\/cardinal-tapes.com\/fr\/rubans-adh\u00e9sifs\/rubans-adhesifs-simple-face\/ruban-enduit-de-pe\/at159-bande-tissu-resistant-a-leau-avec-surface-matiere\/\" class=\"woocommerce-LoopProduct-link woocommerce-loop-product__link\"><div class=\"thumbnail_container\"><img decoding=\"async\" loading=\"lazy\" width=\"450\" height=\"450\" src=\"https:\/\/cardinal-tapes.com\/wp-content\/uploads\/Advance-Tapes_AT160_Group-450x450.jpg\" class=\"wp-image-28612 avia-img-lazy-loading-28612 attachment-shop_catalog size-shop_catalog wp-post-image\" alt=\"AT159 Bande tiss\u00e9e r\u00e9sistante \u00e0 l&#039;eau avec surface mate - d&#039;un c\u00f4t\u00e9, Tissu, Caoutchouc naturel - Illustration 28612\" srcset=\"https:\/\/cardinal-tapes.com\/wp-content\/uploads\/Advance-Tapes_AT160_Group-450x450.jpg 450w, https:\/\/cardinal-tapes.com\/wp-content\/uploads\/Advance-Tapes_AT160_Group-120x120.jpg 120w, https:\/\/cardinal-tapes.com\/wp-content\/uploads\/Advance-Tapes_AT160_Group-80x80.jpg 80w, https:\/\/cardinal-tapes.com\/wp-content\/uploads\/Advance-Tapes_AT160_Group-200x200.jpg 200w, https:\/\/cardinal-tapes.com\/wp-content\/uploads\/Advance-Tapes_AT160_Group-36x36.jpg 36w, https:\/\/cardinal-tapes.com\/wp-content\/uploads\/Advance-Tapes_AT160_Group-180x180.jpg 180w, https:\/\/cardinal-tapes.com\/wp-content\/uploads\/Advance-Tapes_AT160_Group-100x100.jpg 100w, https:\/\/cardinal-tapes.com\/wp-content\/uploads\/Advance-Tapes_AT160_Group.jpg 600w\" sizes=\"auto, (max-width: 450px) 100vw, 450px\" \/><\/div><div class='inner_product_header'><div class='avia-arrow'><\/div><div class='inner_product_header_table'><div class='inner_product_header_cell'><span class=\"is-h2 woocommerce-loop-product__title\">AT159 Bande tiss\u00e9e r\u00e9sistante \u00e0 l&#8217;eau avec surface mate<\/span>\t\t<div class=\"product-infos\">\n\t\t\t\t\t\t\t<span class='product-infos__item'><b>Rev\u00eatement:<\/b> d'un c\u00f4t\u00e9<\/span>\n\t\t\t\t\t\t\t\t\t\t<span class='product-infos__item'><b>Type de mat\u00e9riau:<\/b> Tissu<\/span>\n\t\t\t\t\t\t\t\t\t\t<span class='product-infos__item'><b>Fabricant:<\/b> Advance Tapes<\/span>\n\t\t\t\t\t\t\t\t\t\t<span class='product-infos__item'><b>Prix sur demande<\/b><\/span>\n\t\t\t\t\t<\/div>\n\t<\/div><\/div><\/div><\/a><\/div><\/li>\n<li class=\"product type-product post-55194 status-publish last instock product_cat-rubans-adhesifs-simple-face product_cat-ruban-enduit-de-pe has-post-thumbnail taxable shipping-taxable purchasable product-type-variable\">\n\t<div class='inner_product main_color wrapped_style noLightbox  av-product-class-no_button'><a href=\"https:\/\/cardinal-tapes.com\/fr\/rubans-adh\u00e9sifs\/rubans-adhesifs-simple-face\/ruban-enduit-de-pe\/ca-773-pe-bande-adhesive\/\" class=\"woocommerce-LoopProduct-link woocommerce-loop-product__link\"><div class=\"thumbnail_container\"><img decoding=\"async\" loading=\"lazy\" width=\"450\" height=\"450\" src=\"https:\/\/cardinal-tapes.com\/wp-content\/uploads\/CA_773_02-1-450x450.jpg\" class=\"wp-image-26916 avia-img-lazy-loading-26916 attachment-shop_catalog size-shop_catalog wp-post-image\" alt=\"CA-773 Ruban adh\u00e9sif PE - d&#039;un c\u00f4t\u00e9, Film PE, Caoutchouc naturel - Illustration 26916\" srcset=\"https:\/\/cardinal-tapes.com\/wp-content\/uploads\/CA_773_02-1-450x450.jpg 450w, https:\/\/cardinal-tapes.com\/wp-content\/uploads\/CA_773_02-1-120x120.jpg 120w, https:\/\/cardinal-tapes.com\/wp-content\/uploads\/CA_773_02-1-80x80.jpg 80w, https:\/\/cardinal-tapes.com\/wp-content\/uploads\/CA_773_02-1-200x200.jpg 200w, https:\/\/cardinal-tapes.com\/wp-content\/uploads\/CA_773_02-1-768x768.jpg 768w, https:\/\/cardinal-tapes.com\/wp-content\/uploads\/CA_773_02-1-1030x1030.jpg 1030w, https:\/\/cardinal-tapes.com\/wp-content\/uploads\/CA_773_02-1-36x36.jpg 36w, https:\/\/cardinal-tapes.com\/wp-content\/uploads\/CA_773_02-1-180x180.jpg 180w, https:\/\/cardinal-tapes.com\/wp-content\/uploads\/CA_773_02-1-705x705.jpg 705w, https:\/\/cardinal-tapes.com\/wp-content\/uploads\/CA_773_02-1-100x100.jpg 100w, https:\/\/cardinal-tapes.com\/wp-content\/uploads\/CA_773_02-1.jpg 1400w\" sizes=\"auto, (max-width: 450px) 100vw, 450px\" \/><\/div><div class='inner_product_header'><div class='avia-arrow'><\/div><div class='inner_product_header_table'><div class='inner_product_header_cell'><span class=\"is-h2 woocommerce-loop-product__title\">CA-773 Ruban adh\u00e9sif PE<\/span>\t\t<div class=\"product-infos\">\n\t\t\t\t\t\t\t<span class='product-infos__item'><b>Rev\u00eatement:<\/b> d'un c\u00f4t\u00e9<\/span>\n\t\t\t\t\t\t\t\t\t\t<span class='product-infos__item'><b>Type de mat\u00e9riau:<\/b> Film PE<\/span>\n\t\t\t\t\t\t\t\t\t\t<span class='product-infos__item'><b>Fabricant:<\/b> cardinal GmbH<\/span>\n\t\t\t\t\t\t\t\t\t\t<span class='product-infos__item'><b>Prix sur demande<\/b><\/span>\n\t\t\t\t\t<\/div>\n\t<\/div><\/div><\/div><\/a><\/div><\/li>\n<\/ul><\/div><\/div><div class=\"clear\"><\/div><br \/>\n<div  class='avia-button-wrap av-q9eg4u-1e841f34b8cf4623f1d43d79df66aecd-wrap avia-button-left '><a href='https:\/\/cardinal-tapes.com\/klebebaender\/'  class='avia-button av-q9eg4u-1e841f34b8cf4623f1d43d79df66aecd avia-icon_select-no avia-size-medium avia-position-left avia-color-theme-color layout-border color-white'  ><span class='avia_iconbox_title' >Tous les produits<\/span><\/a><\/div><\/p><\/div>\n","protected":false},"excerpt":{"rendered":"","protected":false},"author":1,"featured_media":0,"parent":30749,"menu_order":6,"comment_status":"closed","ping_status":"closed","template":"","meta":{"_acf_changed":false,"footnotes":""},"class_list":["post-31019","page","type-page","status-publish","hentry"],"acf":[],"yoast_head":"<!-- This site is optimized with the Yoast SEO plugin v27.4 - https:\/\/yoast.com\/product\/yoast-seo-wordpress\/ -->\n<title>Adh\u00e9sifs sensibles \u00e0 la pression - cardinal TAPES<\/title>\n<meta name=\"description\" content=\"Les adh\u00e9sifs sensibles \u00e0 la pression restent tr\u00e8s visqueux et collent en permanence apr\u00e8s avoir \u00e9t\u00e9 appliqu\u00e9s sur un support. En savoir plus ici.\" \/>\n<meta name=\"robots\" content=\"index, follow, max-snippet:-1, max-image-preview:large, max-video-preview:-1\" \/>\n<link rel=\"canonical\" href=\"https:\/\/cardinal-tapes.com\/fr\/rubans-adhesifs-fr\/abc-du-ruban-adhesif\/adhesifs-sensibles-a-la-pression\/\" \/>\n<meta property=\"og:locale\" content=\"fr_FR\" \/>\n<meta property=\"og:type\" content=\"article\" \/>\n<meta property=\"og:title\" content=\"Adh\u00e9sifs sensibles \u00e0 la pression - cardinal TAPES\" \/>\n<meta property=\"og:description\" content=\"Les adh\u00e9sifs sensibles \u00e0 la pression restent tr\u00e8s visqueux et collent en permanence apr\u00e8s avoir \u00e9t\u00e9 appliqu\u00e9s sur un support. En savoir plus ici.\" \/>\n<meta property=\"og:url\" content=\"https:\/\/cardinal-tapes.com\/fr\/rubans-adhesifs-fr\/abc-du-ruban-adhesif\/adhesifs-sensibles-a-la-pression\/\" \/>\n<meta property=\"og:site_name\" content=\"cardinal TAPES\" \/>\n<meta property=\"article:modified_time\" content=\"2023-06-14T08:47:04+00:00\" \/>\n<meta name=\"twitter:card\" content=\"summary_large_image\" \/>\n<meta name=\"twitter:label1\" content=\"Dur\u00e9e de lecture estim\u00e9e\" \/>\n\t<meta name=\"twitter:data1\" content=\"14 minutes\" \/>\n<script type=\"application\/ld+json\" class=\"yoast-schema-graph\">{\"@context\":\"https:\\\/\\\/schema.org\",\"@graph\":[{\"@type\":\"WebPage\",\"@id\":\"https:\\\/\\\/cardinal-tapes.com\\\/fr\\\/rubans-adhesifs-fr\\\/abc-du-ruban-adhesif\\\/adhesifs-sensibles-a-la-pression\\\/\",\"url\":\"https:\\\/\\\/cardinal-tapes.com\\\/fr\\\/rubans-adhesifs-fr\\\/abc-du-ruban-adhesif\\\/adhesifs-sensibles-a-la-pression\\\/\",\"name\":\"Adh\u00e9sifs sensibles \u00e0 la pression - cardinal TAPES\",\"isPartOf\":{\"@id\":\"https:\\\/\\\/cardinal-tapes.com\\\/#website\"},\"datePublished\":\"2023-06-02T08:59:07+00:00\",\"dateModified\":\"2023-06-14T08:47:04+00:00\",\"description\":\"Les adh\u00e9sifs sensibles \u00e0 la pression restent tr\u00e8s visqueux et collent en permanence apr\u00e8s avoir \u00e9t\u00e9 appliqu\u00e9s sur un support. En savoir plus ici.\",\"breadcrumb\":{\"@id\":\"https:\\\/\\\/cardinal-tapes.com\\\/fr\\\/rubans-adhesifs-fr\\\/abc-du-ruban-adhesif\\\/adhesifs-sensibles-a-la-pression\\\/#breadcrumb\"},\"inLanguage\":\"fr-FR\",\"potentialAction\":[{\"@type\":\"ReadAction\",\"target\":[\"https:\\\/\\\/cardinal-tapes.com\\\/fr\\\/rubans-adhesifs-fr\\\/abc-du-ruban-adhesif\\\/adhesifs-sensibles-a-la-pression\\\/\"]}]},{\"@type\":\"BreadcrumbList\",\"@id\":\"https:\\\/\\\/cardinal-tapes.com\\\/fr\\\/rubans-adhesifs-fr\\\/abc-du-ruban-adhesif\\\/adhesifs-sensibles-a-la-pression\\\/#breadcrumb\",\"itemListElement\":[{\"@type\":\"ListItem\",\"position\":1,\"name\":\"Startseite\",\"item\":\"https:\\\/\\\/cardinal-tapes.com\\\/fr\\\/accueil\\\/\"},{\"@type\":\"ListItem\",\"position\":2,\"name\":\"Rubans adh\u00e9sifs\",\"item\":\"https:\\\/\\\/cardinal-tapes.com\\\/fr\\\/rubans-adhesifs-fr\\\/\"},{\"@type\":\"ListItem\",\"position\":3,\"name\":\"ABC du ruban adh\u00e9sif\",\"item\":\"https:\\\/\\\/cardinal-tapes.com\\\/fr\\\/rubans-adhesifs-fr__trashed\\\/abc-du-ruban-adhesif\\\/\"},{\"@type\":\"ListItem\",\"position\":4,\"name\":\"Adh\u00e9sifs sensibles \u00e0 la pression\"}]},{\"@type\":\"WebSite\",\"@id\":\"https:\\\/\\\/cardinal-tapes.com\\\/#website\",\"url\":\"https:\\\/\\\/cardinal-tapes.com\\\/\",\"name\":\"cardinal TAPES\",\"description\":\"Klebetechnik aus Wuppertal\",\"potentialAction\":[{\"@type\":\"SearchAction\",\"target\":{\"@type\":\"EntryPoint\",\"urlTemplate\":\"https:\\\/\\\/cardinal-tapes.com\\\/?s={search_term_string}\"},\"query-input\":{\"@type\":\"PropertyValueSpecification\",\"valueRequired\":true,\"valueName\":\"search_term_string\"}}],\"inLanguage\":\"fr-FR\"}]}<\/script>\n<!-- \/ Yoast SEO plugin. -->","yoast_head_json":{"title":"Adh\u00e9sifs sensibles \u00e0 la pression - cardinal TAPES","description":"Les adh\u00e9sifs sensibles \u00e0 la pression restent tr\u00e8s visqueux et collent en permanence apr\u00e8s avoir \u00e9t\u00e9 appliqu\u00e9s sur un support. En savoir plus ici.","robots":{"index":"index","follow":"follow","max-snippet":"max-snippet:-1","max-image-preview":"max-image-preview:large","max-video-preview":"max-video-preview:-1"},"canonical":"https:\/\/cardinal-tapes.com\/fr\/rubans-adhesifs-fr\/abc-du-ruban-adhesif\/adhesifs-sensibles-a-la-pression\/","og_locale":"fr_FR","og_type":"article","og_title":"Adh\u00e9sifs sensibles \u00e0 la pression - cardinal TAPES","og_description":"Les adh\u00e9sifs sensibles \u00e0 la pression restent tr\u00e8s visqueux et collent en permanence apr\u00e8s avoir \u00e9t\u00e9 appliqu\u00e9s sur un support. En savoir plus ici.","og_url":"https:\/\/cardinal-tapes.com\/fr\/rubans-adhesifs-fr\/abc-du-ruban-adhesif\/adhesifs-sensibles-a-la-pression\/","og_site_name":"cardinal TAPES","article_modified_time":"2023-06-14T08:47:04+00:00","twitter_card":"summary_large_image","twitter_misc":{"Dur\u00e9e de lecture estim\u00e9e":"14 minutes"},"schema":{"@context":"https:\/\/schema.org","@graph":[{"@type":"WebPage","@id":"https:\/\/cardinal-tapes.com\/fr\/rubans-adhesifs-fr\/abc-du-ruban-adhesif\/adhesifs-sensibles-a-la-pression\/","url":"https:\/\/cardinal-tapes.com\/fr\/rubans-adhesifs-fr\/abc-du-ruban-adhesif\/adhesifs-sensibles-a-la-pression\/","name":"Adh\u00e9sifs sensibles \u00e0 la pression - cardinal TAPES","isPartOf":{"@id":"https:\/\/cardinal-tapes.com\/#website"},"datePublished":"2023-06-02T08:59:07+00:00","dateModified":"2023-06-14T08:47:04+00:00","description":"Les adh\u00e9sifs sensibles \u00e0 la pression restent tr\u00e8s visqueux et collent en permanence apr\u00e8s avoir \u00e9t\u00e9 appliqu\u00e9s sur un support. En savoir plus ici.","breadcrumb":{"@id":"https:\/\/cardinal-tapes.com\/fr\/rubans-adhesifs-fr\/abc-du-ruban-adhesif\/adhesifs-sensibles-a-la-pression\/#breadcrumb"},"inLanguage":"fr-FR","potentialAction":[{"@type":"ReadAction","target":["https:\/\/cardinal-tapes.com\/fr\/rubans-adhesifs-fr\/abc-du-ruban-adhesif\/adhesifs-sensibles-a-la-pression\/"]}]},{"@type":"BreadcrumbList","@id":"https:\/\/cardinal-tapes.com\/fr\/rubans-adhesifs-fr\/abc-du-ruban-adhesif\/adhesifs-sensibles-a-la-pression\/#breadcrumb","itemListElement":[{"@type":"ListItem","position":1,"name":"Startseite","item":"https:\/\/cardinal-tapes.com\/fr\/accueil\/"},{"@type":"ListItem","position":2,"name":"Rubans adh\u00e9sifs","item":"https:\/\/cardinal-tapes.com\/fr\/rubans-adhesifs-fr\/"},{"@type":"ListItem","position":3,"name":"ABC du ruban adh\u00e9sif","item":"https:\/\/cardinal-tapes.com\/fr\/rubans-adhesifs-fr__trashed\/abc-du-ruban-adhesif\/"},{"@type":"ListItem","position":4,"name":"Adh\u00e9sifs sensibles \u00e0 la pression"}]},{"@type":"WebSite","@id":"https:\/\/cardinal-tapes.com\/#website","url":"https:\/\/cardinal-tapes.com\/","name":"cardinal TAPES","description":"Klebetechnik aus Wuppertal","potentialAction":[{"@type":"SearchAction","target":{"@type":"EntryPoint","urlTemplate":"https:\/\/cardinal-tapes.com\/?s={search_term_string}"},"query-input":{"@type":"PropertyValueSpecification","valueRequired":true,"valueName":"search_term_string"}}],"inLanguage":"fr-FR"}]}},"_links":{"self":[{"href":"https:\/\/cardinal-tapes.com\/fr\/wp-json\/wp\/v2\/pages\/31019","targetHints":{"allow":["GET"]}}],"collection":[{"href":"https:\/\/cardinal-tapes.com\/fr\/wp-json\/wp\/v2\/pages"}],"about":[{"href":"https:\/\/cardinal-tapes.com\/fr\/wp-json\/wp\/v2\/types\/page"}],"author":[{"embeddable":true,"href":"https:\/\/cardinal-tapes.com\/fr\/wp-json\/wp\/v2\/users\/1"}],"replies":[{"embeddable":true,"href":"https:\/\/cardinal-tapes.com\/fr\/wp-json\/wp\/v2\/comments?post=31019"}],"version-history":[{"count":0,"href":"https:\/\/cardinal-tapes.com\/fr\/wp-json\/wp\/v2\/pages\/31019\/revisions"}],"up":[{"embeddable":true,"href":"https:\/\/cardinal-tapes.com\/fr\/wp-json\/wp\/v2\/pages\/30749"}],"wp:attachment":[{"href":"https:\/\/cardinal-tapes.com\/fr\/wp-json\/wp\/v2\/media?parent=31019"}],"curies":[{"name":"wp","href":"https:\/\/api.w.org\/{rel}","templated":true}]}}