{"id":30997,"date":"2023-06-02T10:59:06","date_gmt":"2023-06-02T08:59:06","guid":{"rendered":"https:\/\/cardinal.pixel-tal.de\/rubans-adhesifs\/abc-du-ruban-adhesif\/ruban-de-signalisation-2\/"},"modified":"2023-06-02T11:11:44","modified_gmt":"2023-06-02T09:11:44","slug":"ruban-de-signalisation-2","status":"publish","type":"page","link":"https:\/\/cardinal-tapes.com\/fr\/rubans-adhesifs-fr\/abc-du-ruban-adhesif\/ruban-de-signalisation-2\/","title":{"rendered":"Ruban de signalisation"},"content":{"rendered":"<div id='av_section_1'  class='avia-section av-7ryacx-7f2e200a8dd933572df1317412acfd5a alternate_color avia-section-default avia-no-border-styling  avia-builder-el-0  avia-builder-el-no-sibling  avia-bg-style-scroll container_wrap fullsize'  ><div class='container av-section-cont-open' ><main  role=\"main\" itemprop=\"mainContentOfPage\"  class='template-page content  av-content-full alpha units'><div class='post-entry post-entry-type-page post-entry-30997'><div class='entry-content-wrapper clearfix'>\n<div  class='flex_column av-1s5a9sh-32bd05b41063648bb186e19a9a023188 av_one_full  avia-builder-el-1  el_before_av_one_half  avia-builder-el-first  first flex_column_div  '     ><div class=\"pxl-headline pxl-hl hl-wrap | hl-sub--off hl--align-left hl--no-margin    \">\n        <div class=\"hl-inner\">\n            <h2 class=\"hl-main hl-line |  hl_main--default  \">Ruban de signalisation<\/h2>\n            \n    <\/div>\n<\/div><\/div><div  class='flex_column av-149v229-ac209dca18e54170ff85b905913d52ca av_one_half  avia-builder-el-3  el_after_av_one_full  el_before_av_one_half  first flex_column_div  column-top-margin'     ><section  class='av_textblock_section av-ad9sjc-d628d416ebc078b503edc9f8049c1d5d '   itemscope=\"itemscope\" itemtype=\"https:\/\/schema.org\/CreativeWork\" ><div class='avia_textblock'  itemprop=\"text\" ><p>Vous souhaitez acheter du ruban de signalisation en ligne et profiter d&#8217;un large choix ? Dans notre boutique en ligne, nous vous proposons une large gamme de produits destin\u00e9s \u00e0 un usage personnel important ainsi qu&#8217;\u00e0 un usage officiel et professionnel. Vous souhaitez obtenir un conseil ? Pour cela, le mieux est de prendre contact d\u00e8s maintenant. Nos experts vous informeront \u00e9galement sur les possibilit\u00e9s de confectionner votre ruban de signalisation de mani\u00e8re individuelle.<\/p>\n<h4>Acheter du ruban de signalisation en ligne &#8211; Comment prot\u00e9ger les tiers<\/h4>\n<p>Les rubans de d\u00e9limitation servent g\u00e9n\u00e9ralement \u00e0 interdire l&#8217;acc\u00e8s \u00e0 certaines zones. L&#8217;objectif est ici d&#8217;emp\u00eacher l&#8217;acc\u00e8s aux personnes non autoris\u00e9es. Le ruban de signalisation sert essentiellement \u00e0 cette application, mais son intention est diff\u00e9rente : les passants doivent \u00eatre avertis d&#8217;une zone dangereuse par des couleurs voyantes. Parmi ces zones dangereuses, on trouve par exemple<\/p>\n<ul>\n<li>Chantiers<\/li>\n<li>Lieux d&#8217;accidents<\/li>\n<li>Machines et appareils d\u00e9fectueux<\/li>\n<li>Lieux d&#8217;enqu\u00eates administratives<\/li>\n<\/ul>\n<p>Il n&#8217;est pas toujours n\u00e9cessaire d&#8217;acheter un ruban de signalisation en ligne pour votre usage. Parfois, un ruban de d\u00e9limitation ordinaire r\u00e9pond tout aussi bien \u00e0 vos exigences. Nous vous recommandons de consulter nos collaborateurs pour toute question en suspens.<\/p>\n<\/div><\/section><\/div><div  class='flex_column av-l06x5d-3d4293089f05c7254a15c1a2765abfae av_one_half  avia-builder-el-5  el_after_av_one_half  avia-builder-el-last  flex_column_div  column-top-margin'     ><section  class='av_textblock_section av-7y806g-bfc615d1c0a6dc6cf43b39484da862b3 '   itemscope=\"itemscope\" itemtype=\"https:\/\/schema.org\/CreativeWork\" ><div class='avia_textblock'  itemprop=\"text\" ><h4>Faites attention au mat\u00e9riau lorsque vous achetez du ruban de signalisation en ligne<\/h4>\n<p>Surtout si vous souhaitez s\u00e9curiser une zone dangereuse, vous devez veiller \u00e0 la durabilit\u00e9 du produit lors du choix du mat\u00e9riau de votre ruban de signalisation. Le ruban de signalisation en poly\u00e9thyl\u00e8ne HD, un plastique \u00e9lastique qui permet au ruban de signalisation de rester intact m\u00eame sous tension, est consid\u00e9r\u00e9 comme particuli\u00e8rement r\u00e9sistant. Ceux qui souhaitent utiliser une variante plus respectueuse de l&#8217;environnement peuvent utiliser des produits \u00e0 base de film PE-LD.<\/p>\n<h4>Diff\u00e9rentes dimensions et couleurs pour votre ruban d&#8217;avertissement<\/h4>\n<p>Les personnes qui ach\u00e8tent du ruban de signalisation en ligne souhaitent profiter d&#8217;un large assortiment. Nous disposons de dimensions standard et de combinaisons de couleurs courantes pour votre ruban de signalisation, comme le rouge et le blanc et le jaune et noir. Ces combinaisons de couleurs ne se r\u00e9v\u00e8lent pas seulement voyantes, mais se sont d\u00e9j\u00e0 \u00e9tablies comme couleurs d&#8217;avertissement.<\/p>\n<h4>Acheter du ruban de signalisation en ligne et le confectionner de mani\u00e8re adapt\u00e9e<\/h4>\n<p>Vous avez besoin d&#8217;un marquage suppl\u00e9mentaire pour votre ruban de signalisation noir et jaune ou rouge et blanc ? Les dimensions standard ne correspondent pas \u00e0 votre application ? Nous sommes alors \u00e0 vos c\u00f4t\u00e9s avec diff\u00e9rents proc\u00e9d\u00e9s dans le domaine de la <a href=\"https:\/\/cardinal-tapes.com\/fr\/confection\/\">confection<\/a>. Vous obtenez ainsi le produit optimal pour vos besoins.<\/p>\n<\/div><\/section><\/div>\n\n","protected":false},"excerpt":{"rendered":"","protected":false},"author":1,"featured_media":0,"parent":30749,"menu_order":24,"comment_status":"closed","ping_status":"closed","template":"","meta":{"_acf_changed":false,"footnotes":""},"class_list":["post-30997","page","type-page","status-publish","hentry"],"acf":[],"yoast_head":"<!-- This site is optimized with the Yoast SEO plugin v27.3 - https:\/\/yoast.com\/product\/yoast-seo-wordpress\/ -->\n<title>Acheter du ruban de signalisation en ligne - Diff\u00e9rentes couleurs et dimensions | Cardinal Tapes<\/title>\n<meta name=\"description\" content=\"Acheter du ruban de signalisation en ligne \u2713 Grand choix \u2713 Conseil personnalis\u00e9 \u2713 Prix attractifs \u2713 Confection individuelle \u2713 D\u00e9marrer une demande maintenant\" \/>\n<meta name=\"robots\" content=\"index, follow, max-snippet:-1, max-image-preview:large, max-video-preview:-1\" \/>\n<link rel=\"canonical\" href=\"https:\/\/cardinal-tapes.com\/fr\/rubans-adhesifs-fr__trashed\/abc-du-ruban-adhesif\/ruban-de-signalisation-2\/\" \/>\n<meta property=\"og:locale\" content=\"fr_FR\" \/>\n<meta property=\"og:type\" content=\"article\" \/>\n<meta property=\"og:title\" content=\"Acheter du ruban de signalisation en ligne - Diff\u00e9rentes couleurs et dimensions | Cardinal Tapes\" \/>\n<meta property=\"og:description\" content=\"Acheter du ruban de signalisation en ligne \u2713 Grand choix \u2713 Conseil personnalis\u00e9 \u2713 Prix attractifs \u2713 Confection individuelle \u2713 D\u00e9marrer une demande maintenant\" \/>\n<meta property=\"og:url\" content=\"https:\/\/cardinal-tapes.com\/fr\/rubans-adhesifs-fr__trashed\/abc-du-ruban-adhesif\/ruban-de-signalisation-2\/\" \/>\n<meta property=\"og:site_name\" content=\"cardinal TAPES\" \/>\n<meta property=\"article:modified_time\" content=\"2023-06-02T09:11:44+00:00\" \/>\n<meta name=\"twitter:card\" content=\"summary_large_image\" \/>\n<meta name=\"twitter:label1\" content=\"Dur\u00e9e de lecture estim\u00e9e\" \/>\n\t<meta name=\"twitter:data1\" content=\"10 minutes\" \/>\n<script type=\"application\/ld+json\" class=\"yoast-schema-graph\">{\"@context\":\"https:\\\/\\\/schema.org\",\"@graph\":[{\"@type\":\"WebPage\",\"@id\":\"https:\\\/\\\/cardinal-tapes.com\\\/fr\\\/rubans-adhesifs-fr__trashed\\\/abc-du-ruban-adhesif\\\/ruban-de-signalisation-2\\\/\",\"url\":\"https:\\\/\\\/cardinal-tapes.com\\\/fr\\\/rubans-adhesifs-fr__trashed\\\/abc-du-ruban-adhesif\\\/ruban-de-signalisation-2\\\/\",\"name\":\"Acheter du ruban de signalisation en ligne - Diff\u00e9rentes couleurs et dimensions | Cardinal Tapes\",\"isPartOf\":{\"@id\":\"https:\\\/\\\/cardinal-tapes.com\\\/#website\"},\"datePublished\":\"2023-06-02T08:59:06+00:00\",\"dateModified\":\"2023-06-02T09:11:44+00:00\",\"description\":\"Acheter du ruban de signalisation en ligne \u2713 Grand choix \u2713 Conseil personnalis\u00e9 \u2713 Prix attractifs \u2713 Confection individuelle \u2713 D\u00e9marrer une demande maintenant\",\"breadcrumb\":{\"@id\":\"https:\\\/\\\/cardinal-tapes.com\\\/fr\\\/rubans-adhesifs-fr__trashed\\\/abc-du-ruban-adhesif\\\/ruban-de-signalisation-2\\\/#breadcrumb\"},\"inLanguage\":\"fr-FR\",\"potentialAction\":[{\"@type\":\"ReadAction\",\"target\":[\"https:\\\/\\\/cardinal-tapes.com\\\/fr\\\/rubans-adhesifs-fr__trashed\\\/abc-du-ruban-adhesif\\\/ruban-de-signalisation-2\\\/\"]}]},{\"@type\":\"BreadcrumbList\",\"@id\":\"https:\\\/\\\/cardinal-tapes.com\\\/fr\\\/rubans-adhesifs-fr__trashed\\\/abc-du-ruban-adhesif\\\/ruban-de-signalisation-2\\\/#breadcrumb\",\"itemListElement\":[{\"@type\":\"ListItem\",\"position\":1,\"name\":\"Startseite\",\"item\":\"https:\\\/\\\/cardinal-tapes.com\\\/fr\\\/accueil\\\/\"},{\"@type\":\"ListItem\",\"position\":2,\"name\":\"ABC du ruban adh\u00e9sif\",\"item\":\"https:\\\/\\\/cardinal-tapes.com\\\/fr\\\/rubans-adhesifs-fr__trashed\\\/abc-du-ruban-adhesif\\\/\"},{\"@type\":\"ListItem\",\"position\":3,\"name\":\"Ruban de signalisation\"}]},{\"@type\":\"WebSite\",\"@id\":\"https:\\\/\\\/cardinal-tapes.com\\\/#website\",\"url\":\"https:\\\/\\\/cardinal-tapes.com\\\/\",\"name\":\"cardinal TAPES\",\"description\":\"Klebetechnik aus Wuppertal\",\"potentialAction\":[{\"@type\":\"SearchAction\",\"target\":{\"@type\":\"EntryPoint\",\"urlTemplate\":\"https:\\\/\\\/cardinal-tapes.com\\\/?s={search_term_string}\"},\"query-input\":{\"@type\":\"PropertyValueSpecification\",\"valueRequired\":true,\"valueName\":\"search_term_string\"}}],\"inLanguage\":\"fr-FR\"}]}<\/script>\n<!-- \/ Yoast SEO plugin. -->","yoast_head_json":{"title":"Acheter du ruban de signalisation en ligne - Diff\u00e9rentes couleurs et dimensions | Cardinal Tapes","description":"Acheter du ruban de signalisation en ligne \u2713 Grand choix \u2713 Conseil personnalis\u00e9 \u2713 Prix attractifs \u2713 Confection individuelle \u2713 D\u00e9marrer une demande maintenant","robots":{"index":"index","follow":"follow","max-snippet":"max-snippet:-1","max-image-preview":"max-image-preview:large","max-video-preview":"max-video-preview:-1"},"canonical":"https:\/\/cardinal-tapes.com\/fr\/rubans-adhesifs-fr__trashed\/abc-du-ruban-adhesif\/ruban-de-signalisation-2\/","og_locale":"fr_FR","og_type":"article","og_title":"Acheter du ruban de signalisation en ligne - Diff\u00e9rentes couleurs et dimensions | Cardinal Tapes","og_description":"Acheter du ruban de signalisation en ligne \u2713 Grand choix \u2713 Conseil personnalis\u00e9 \u2713 Prix attractifs \u2713 Confection individuelle \u2713 D\u00e9marrer une demande maintenant","og_url":"https:\/\/cardinal-tapes.com\/fr\/rubans-adhesifs-fr__trashed\/abc-du-ruban-adhesif\/ruban-de-signalisation-2\/","og_site_name":"cardinal TAPES","article_modified_time":"2023-06-02T09:11:44+00:00","twitter_card":"summary_large_image","twitter_misc":{"Dur\u00e9e de lecture estim\u00e9e":"10 minutes"},"schema":{"@context":"https:\/\/schema.org","@graph":[{"@type":"WebPage","@id":"https:\/\/cardinal-tapes.com\/fr\/rubans-adhesifs-fr__trashed\/abc-du-ruban-adhesif\/ruban-de-signalisation-2\/","url":"https:\/\/cardinal-tapes.com\/fr\/rubans-adhesifs-fr__trashed\/abc-du-ruban-adhesif\/ruban-de-signalisation-2\/","name":"Acheter du ruban de signalisation en ligne - Diff\u00e9rentes couleurs et dimensions | Cardinal Tapes","isPartOf":{"@id":"https:\/\/cardinal-tapes.com\/#website"},"datePublished":"2023-06-02T08:59:06+00:00","dateModified":"2023-06-02T09:11:44+00:00","description":"Acheter du ruban de signalisation en ligne \u2713 Grand choix \u2713 Conseil personnalis\u00e9 \u2713 Prix attractifs \u2713 Confection individuelle \u2713 D\u00e9marrer une demande maintenant","breadcrumb":{"@id":"https:\/\/cardinal-tapes.com\/fr\/rubans-adhesifs-fr__trashed\/abc-du-ruban-adhesif\/ruban-de-signalisation-2\/#breadcrumb"},"inLanguage":"fr-FR","potentialAction":[{"@type":"ReadAction","target":["https:\/\/cardinal-tapes.com\/fr\/rubans-adhesifs-fr__trashed\/abc-du-ruban-adhesif\/ruban-de-signalisation-2\/"]}]},{"@type":"BreadcrumbList","@id":"https:\/\/cardinal-tapes.com\/fr\/rubans-adhesifs-fr__trashed\/abc-du-ruban-adhesif\/ruban-de-signalisation-2\/#breadcrumb","itemListElement":[{"@type":"ListItem","position":1,"name":"Startseite","item":"https:\/\/cardinal-tapes.com\/fr\/accueil\/"},{"@type":"ListItem","position":2,"name":"ABC du ruban adh\u00e9sif","item":"https:\/\/cardinal-tapes.com\/fr\/rubans-adhesifs-fr__trashed\/abc-du-ruban-adhesif\/"},{"@type":"ListItem","position":3,"name":"Ruban de signalisation"}]},{"@type":"WebSite","@id":"https:\/\/cardinal-tapes.com\/#website","url":"https:\/\/cardinal-tapes.com\/","name":"cardinal TAPES","description":"Klebetechnik aus Wuppertal","potentialAction":[{"@type":"SearchAction","target":{"@type":"EntryPoint","urlTemplate":"https:\/\/cardinal-tapes.com\/?s={search_term_string}"},"query-input":{"@type":"PropertyValueSpecification","valueRequired":true,"valueName":"search_term_string"}}],"inLanguage":"fr-FR"}]}},"_links":{"self":[{"href":"https:\/\/cardinal-tapes.com\/fr\/wp-json\/wp\/v2\/pages\/30997","targetHints":{"allow":["GET"]}}],"collection":[{"href":"https:\/\/cardinal-tapes.com\/fr\/wp-json\/wp\/v2\/pages"}],"about":[{"href":"https:\/\/cardinal-tapes.com\/fr\/wp-json\/wp\/v2\/types\/page"}],"author":[{"embeddable":true,"href":"https:\/\/cardinal-tapes.com\/fr\/wp-json\/wp\/v2\/users\/1"}],"replies":[{"embeddable":true,"href":"https:\/\/cardinal-tapes.com\/fr\/wp-json\/wp\/v2\/comments?post=30997"}],"version-history":[{"count":0,"href":"https:\/\/cardinal-tapes.com\/fr\/wp-json\/wp\/v2\/pages\/30997\/revisions"}],"up":[{"embeddable":true,"href":"https:\/\/cardinal-tapes.com\/fr\/wp-json\/wp\/v2\/pages\/30749"}],"wp:attachment":[{"href":"https:\/\/cardinal-tapes.com\/fr\/wp-json\/wp\/v2\/media?parent=30997"}],"curies":[{"name":"wp","href":"https:\/\/api.w.org\/{rel}","templated":true}]}}