{"id":30965,"date":"2023-06-02T10:59:06","date_gmt":"2023-06-02T08:59:06","guid":{"rendered":"https:\/\/cardinal.pixel-tal.de\/rubans-adhesifs\/abc-du-ruban-adhesif\/films-pa\/"},"modified":"2023-06-02T11:11:52","modified_gmt":"2023-06-02T09:11:52","slug":"films-pa","status":"publish","type":"page","link":"https:\/\/cardinal-tapes.com\/fr\/rubans-adhesifs-fr\/abc-du-ruban-adhesif\/films-pa\/","title":{"rendered":"Films PA"},"content":{"rendered":"<div id='av_section_1'  class='avia-section av-711h10-9e738d75133c7a93f1ca94d4a0634a61 alternate_color avia-section-default avia-no-border-styling  avia-builder-el-0  avia-builder-el-no-sibling  avia-bg-style-scroll container_wrap fullsize'  ><div class='container av-section-cont-open' ><main  role=\"main\" itemprop=\"mainContentOfPage\"  class='template-page content  av-content-full alpha units'><div class='post-entry post-entry-type-page post-entry-30965'><div class='entry-content-wrapper clearfix'>\n<div  class='flex_column av-1ph4qt0-d1844c0d98824c3056598db64795cdf1 av_one_full  avia-builder-el-1  el_before_av_one_half  avia-builder-el-first  first flex_column_div  '     ><div class=\"pxl-headline pxl-hl hl-wrap | hl-sub--off hl--align-left hl--no-margin    \">\n        <div class=\"hl-inner\">\n            <h2 class=\"hl-main hl-line |  hl_main--default  \">Films PA - Les nombreux avantages des adh\u00e9sifs \u00e0 base de polyamide<\/h2>\n            \n    <\/div>\n<\/div><\/div><div  class='flex_column av-1cwvvp0-1d9e311a37bd522e4e595c61c5c5c024 av_one_half  avia-builder-el-3  el_after_av_one_full  el_before_av_one_half  first flex_column_div  column-top-margin'     ><section  class='av_textblock_section av-22jw6tw-c0c382d5e2410762c78a592d436d1ddc '   itemscope=\"itemscope\" itemtype=\"https:\/\/schema.org\/CreativeWork\" ><div class='avia_textblock'  itemprop=\"text\" ><p>Le polyamide ou les films PA pr\u00e9sentent une tr\u00e8s grande r\u00e9sistance \u00e0 la chaleur et sont extr\u00eamement r\u00e9sistants \u00e0 la d\u00e9chirure. \u00c0 cela s&#8217;ajoute une bonne r\u00e9sistance \u00e0 l&#8217;abrasion, comme par exemple pour les rubans adh\u00e9sifs avec tissu PA et PA-Velour, qui appartiennent \u00e0 la classe d&#8217;abrasion la plus \u00e9lev\u00e9e (selon LV 312). Les films en polyamide sont souvent utilis\u00e9s dans l&#8217;industrie \u00e9lectrique.<\/p>\n<h4>Films PA &#8211; Les avantages des adh\u00e9sifs \u00e0 base de polyamide<\/h4>\n<p>Les avantages du polyamide ou des films PA sont nombreux. La colle PA ne se distingue pas seulement par sa robustesse m\u00e9canique. A cela s&#8217;ajoute une grande r\u00e9sistance aux effets de la chaleur. Mais en m\u00eame temps, le comportement au froid est excellent. Ainsi, les films PA r\u00e9sistent aux exigences de temp\u00e9rature \u00e9lev\u00e9es de nombreux secteurs. De m\u00eame, les colles \u00e0 base de polyamide sont tr\u00e8s r\u00e9sistantes \u00e0 de nombreux produits chimiques et plastifiants.<\/p>\n<\/div><\/section><\/div><div  class='flex_column av-imr71w-0a6f4cd8b92d1fca86c5468dea2407a5 av_one_half  avia-builder-el-5  el_after_av_one_half  avia-builder-el-last  flex_column_div  column-top-margin'     ><section  class='av_textblock_section av-14djx84-b82a2fab55f8b79fcd892d0e6fd3ddf7 '   itemscope=\"itemscope\" itemtype=\"https:\/\/schema.org\/CreativeWork\" ><div class='avia_textblock small'  itemprop=\"text\" ><h4>Films PA &#8211; Ces secteurs utilisent des adh\u00e9sifs polyamides<\/h4>\n<p>En raison de leurs pr\u00e9cieuses propri\u00e9t\u00e9s adh\u00e9sives, les films PA sont utilis\u00e9s dans de nombreux secteurs. Par exemple, l&#8217;industrie \u00e9lectrique, l&#8217;industrie du b\u00e2timent et l&#8217;industrie automobile utilisent des colles \u00e0 base de polyamide. Vous ne savez pas si nos films PA sont adapt\u00e9s \u00e0 votre application sectorielle ? N&#8217;h\u00e9sitez pas \u00e0 demander conseil \u00e0 nos experts et \u00e0 prendre contact avec nous. \u00c9galement int\u00e9ressant : nous vous proposons diff\u00e9rentes possibilit\u00e9s de confectionner des produits en fonction de vos besoins.<\/p>\n<\/div><\/section><\/div>\n\n","protected":false},"excerpt":{"rendered":"","protected":false},"author":1,"featured_media":0,"parent":30749,"menu_order":1,"comment_status":"closed","ping_status":"closed","template":"","meta":{"_acf_changed":false,"footnotes":""},"class_list":["post-30965","page","type-page","status-publish","hentry"],"acf":[],"yoast_head":"<!-- This site is optimized with the Yoast SEO plugin v27.3 - https:\/\/yoast.com\/product\/yoast-seo-wordpress\/ -->\n<title>Films PA - Les nombreux avantages des adh\u00e9sifs<\/title>\n<meta name=\"description\" content=\"Le polyamide ou les films PA pr\u00e9sentent une tr\u00e8s grande r\u00e9sistance \u00e0 la chaleur et sont extr\u00eamement r\u00e9sistants \u00e0 la d\u00e9chirure. En savoir plus sur cet adh\u00e9sif performant.\" \/>\n<meta name=\"robots\" content=\"index, follow, max-snippet:-1, max-image-preview:large, max-video-preview:-1\" \/>\n<link rel=\"canonical\" href=\"https:\/\/cardinal-tapes.com\/fr\/rubans-adhesifs-fr__trashed\/abc-du-ruban-adhesif\/films-pa\/\" \/>\n<meta property=\"og:locale\" content=\"fr_FR\" \/>\n<meta property=\"og:type\" content=\"article\" \/>\n<meta property=\"og:title\" content=\"Films PA - Les nombreux avantages des adh\u00e9sifs\" \/>\n<meta property=\"og:description\" content=\"Le polyamide ou les films PA pr\u00e9sentent une tr\u00e8s grande r\u00e9sistance \u00e0 la chaleur et sont extr\u00eamement r\u00e9sistants \u00e0 la d\u00e9chirure. En savoir plus sur cet adh\u00e9sif performant.\" \/>\n<meta property=\"og:url\" content=\"https:\/\/cardinal-tapes.com\/fr\/rubans-adhesifs-fr__trashed\/abc-du-ruban-adhesif\/films-pa\/\" \/>\n<meta property=\"og:site_name\" content=\"cardinal TAPES\" \/>\n<meta property=\"article:modified_time\" content=\"2023-06-02T09:11:52+00:00\" \/>\n<meta name=\"twitter:card\" content=\"summary_large_image\" \/>\n<meta name=\"twitter:label1\" content=\"Dur\u00e9e de lecture estim\u00e9e\" \/>\n\t<meta name=\"twitter:data1\" content=\"9 minutes\" \/>\n<script type=\"application\/ld+json\" class=\"yoast-schema-graph\">{\"@context\":\"https:\\\/\\\/schema.org\",\"@graph\":[{\"@type\":\"WebPage\",\"@id\":\"https:\\\/\\\/cardinal-tapes.com\\\/fr\\\/rubans-adhesifs-fr__trashed\\\/abc-du-ruban-adhesif\\\/films-pa\\\/\",\"url\":\"https:\\\/\\\/cardinal-tapes.com\\\/fr\\\/rubans-adhesifs-fr__trashed\\\/abc-du-ruban-adhesif\\\/films-pa\\\/\",\"name\":\"Films PA - Les nombreux avantages des adh\u00e9sifs\",\"isPartOf\":{\"@id\":\"https:\\\/\\\/cardinal-tapes.com\\\/#website\"},\"datePublished\":\"2023-06-02T08:59:06+00:00\",\"dateModified\":\"2023-06-02T09:11:52+00:00\",\"description\":\"Le polyamide ou les films PA pr\u00e9sentent une tr\u00e8s grande r\u00e9sistance \u00e0 la chaleur et sont extr\u00eamement r\u00e9sistants \u00e0 la d\u00e9chirure. En savoir plus sur cet adh\u00e9sif performant.\",\"breadcrumb\":{\"@id\":\"https:\\\/\\\/cardinal-tapes.com\\\/fr\\\/rubans-adhesifs-fr__trashed\\\/abc-du-ruban-adhesif\\\/films-pa\\\/#breadcrumb\"},\"inLanguage\":\"fr-FR\",\"potentialAction\":[{\"@type\":\"ReadAction\",\"target\":[\"https:\\\/\\\/cardinal-tapes.com\\\/fr\\\/rubans-adhesifs-fr__trashed\\\/abc-du-ruban-adhesif\\\/films-pa\\\/\"]}]},{\"@type\":\"BreadcrumbList\",\"@id\":\"https:\\\/\\\/cardinal-tapes.com\\\/fr\\\/rubans-adhesifs-fr__trashed\\\/abc-du-ruban-adhesif\\\/films-pa\\\/#breadcrumb\",\"itemListElement\":[{\"@type\":\"ListItem\",\"position\":1,\"name\":\"Startseite\",\"item\":\"https:\\\/\\\/cardinal-tapes.com\\\/fr\\\/accueil\\\/\"},{\"@type\":\"ListItem\",\"position\":2,\"name\":\"ABC du ruban adh\u00e9sif\",\"item\":\"https:\\\/\\\/cardinal-tapes.com\\\/fr\\\/rubans-adhesifs-fr__trashed\\\/abc-du-ruban-adhesif\\\/\"},{\"@type\":\"ListItem\",\"position\":3,\"name\":\"Films PA\"}]},{\"@type\":\"WebSite\",\"@id\":\"https:\\\/\\\/cardinal-tapes.com\\\/#website\",\"url\":\"https:\\\/\\\/cardinal-tapes.com\\\/\",\"name\":\"cardinal TAPES\",\"description\":\"Klebetechnik aus Wuppertal\",\"potentialAction\":[{\"@type\":\"SearchAction\",\"target\":{\"@type\":\"EntryPoint\",\"urlTemplate\":\"https:\\\/\\\/cardinal-tapes.com\\\/?s={search_term_string}\"},\"query-input\":{\"@type\":\"PropertyValueSpecification\",\"valueRequired\":true,\"valueName\":\"search_term_string\"}}],\"inLanguage\":\"fr-FR\"}]}<\/script>\n<!-- \/ Yoast SEO plugin. -->","yoast_head_json":{"title":"Films PA - Les nombreux avantages des adh\u00e9sifs","description":"Le polyamide ou les films PA pr\u00e9sentent une tr\u00e8s grande r\u00e9sistance \u00e0 la chaleur et sont extr\u00eamement r\u00e9sistants \u00e0 la d\u00e9chirure. En savoir plus sur cet adh\u00e9sif performant.","robots":{"index":"index","follow":"follow","max-snippet":"max-snippet:-1","max-image-preview":"max-image-preview:large","max-video-preview":"max-video-preview:-1"},"canonical":"https:\/\/cardinal-tapes.com\/fr\/rubans-adhesifs-fr__trashed\/abc-du-ruban-adhesif\/films-pa\/","og_locale":"fr_FR","og_type":"article","og_title":"Films PA - Les nombreux avantages des adh\u00e9sifs","og_description":"Le polyamide ou les films PA pr\u00e9sentent une tr\u00e8s grande r\u00e9sistance \u00e0 la chaleur et sont extr\u00eamement r\u00e9sistants \u00e0 la d\u00e9chirure. En savoir plus sur cet adh\u00e9sif performant.","og_url":"https:\/\/cardinal-tapes.com\/fr\/rubans-adhesifs-fr__trashed\/abc-du-ruban-adhesif\/films-pa\/","og_site_name":"cardinal TAPES","article_modified_time":"2023-06-02T09:11:52+00:00","twitter_card":"summary_large_image","twitter_misc":{"Dur\u00e9e de lecture estim\u00e9e":"9 minutes"},"schema":{"@context":"https:\/\/schema.org","@graph":[{"@type":"WebPage","@id":"https:\/\/cardinal-tapes.com\/fr\/rubans-adhesifs-fr__trashed\/abc-du-ruban-adhesif\/films-pa\/","url":"https:\/\/cardinal-tapes.com\/fr\/rubans-adhesifs-fr__trashed\/abc-du-ruban-adhesif\/films-pa\/","name":"Films PA - Les nombreux avantages des adh\u00e9sifs","isPartOf":{"@id":"https:\/\/cardinal-tapes.com\/#website"},"datePublished":"2023-06-02T08:59:06+00:00","dateModified":"2023-06-02T09:11:52+00:00","description":"Le polyamide ou les films PA pr\u00e9sentent une tr\u00e8s grande r\u00e9sistance \u00e0 la chaleur et sont extr\u00eamement r\u00e9sistants \u00e0 la d\u00e9chirure. En savoir plus sur cet adh\u00e9sif performant.","breadcrumb":{"@id":"https:\/\/cardinal-tapes.com\/fr\/rubans-adhesifs-fr__trashed\/abc-du-ruban-adhesif\/films-pa\/#breadcrumb"},"inLanguage":"fr-FR","potentialAction":[{"@type":"ReadAction","target":["https:\/\/cardinal-tapes.com\/fr\/rubans-adhesifs-fr__trashed\/abc-du-ruban-adhesif\/films-pa\/"]}]},{"@type":"BreadcrumbList","@id":"https:\/\/cardinal-tapes.com\/fr\/rubans-adhesifs-fr__trashed\/abc-du-ruban-adhesif\/films-pa\/#breadcrumb","itemListElement":[{"@type":"ListItem","position":1,"name":"Startseite","item":"https:\/\/cardinal-tapes.com\/fr\/accueil\/"},{"@type":"ListItem","position":2,"name":"ABC du ruban adh\u00e9sif","item":"https:\/\/cardinal-tapes.com\/fr\/rubans-adhesifs-fr__trashed\/abc-du-ruban-adhesif\/"},{"@type":"ListItem","position":3,"name":"Films PA"}]},{"@type":"WebSite","@id":"https:\/\/cardinal-tapes.com\/#website","url":"https:\/\/cardinal-tapes.com\/","name":"cardinal TAPES","description":"Klebetechnik aus Wuppertal","potentialAction":[{"@type":"SearchAction","target":{"@type":"EntryPoint","urlTemplate":"https:\/\/cardinal-tapes.com\/?s={search_term_string}"},"query-input":{"@type":"PropertyValueSpecification","valueRequired":true,"valueName":"search_term_string"}}],"inLanguage":"fr-FR"}]}},"_links":{"self":[{"href":"https:\/\/cardinal-tapes.com\/fr\/wp-json\/wp\/v2\/pages\/30965","targetHints":{"allow":["GET"]}}],"collection":[{"href":"https:\/\/cardinal-tapes.com\/fr\/wp-json\/wp\/v2\/pages"}],"about":[{"href":"https:\/\/cardinal-tapes.com\/fr\/wp-json\/wp\/v2\/types\/page"}],"author":[{"embeddable":true,"href":"https:\/\/cardinal-tapes.com\/fr\/wp-json\/wp\/v2\/users\/1"}],"replies":[{"embeddable":true,"href":"https:\/\/cardinal-tapes.com\/fr\/wp-json\/wp\/v2\/comments?post=30965"}],"version-history":[{"count":0,"href":"https:\/\/cardinal-tapes.com\/fr\/wp-json\/wp\/v2\/pages\/30965\/revisions"}],"up":[{"embeddable":true,"href":"https:\/\/cardinal-tapes.com\/fr\/wp-json\/wp\/v2\/pages\/30749"}],"wp:attachment":[{"href":"https:\/\/cardinal-tapes.com\/fr\/wp-json\/wp\/v2\/media?parent=30965"}],"curies":[{"name":"wp","href":"https:\/\/api.w.org\/{rel}","templated":true}]}}