{"id":30936,"date":"2023-06-02T10:59:05","date_gmt":"2023-06-02T08:59:05","guid":{"rendered":"https:\/\/cardinal.pixel-tal.de\/rubans-adhesifs\/abc-du-ruban-adhesif\/films-en-pp\/"},"modified":"2023-06-02T11:11:53","modified_gmt":"2023-06-02T09:11:53","slug":"films-en-pp","status":"publish","type":"page","link":"https:\/\/cardinal-tapes.com\/fr\/rubans-adhesifs-fr\/abc-du-ruban-adhesif\/films-en-pp\/","title":{"rendered":"Films en PP"},"content":{"rendered":"<div id='av_section_1'  class='avia-section av-22m1cly-140093dea3adb0f8a453f28544f589f5 alternate_color avia-section-default avia-no-border-styling  avia-builder-el-0  avia-builder-el-no-sibling  avia-bg-style-scroll container_wrap fullsize'  ><div class='container av-section-cont-open' ><main  role=\"main\" itemprop=\"mainContentOfPage\"  class='template-page content  av-content-full alpha units'><div class='post-entry post-entry-type-page post-entry-30936'><div class='entry-content-wrapper clearfix'>\n<div  class='flex_column av-1iyjygm-c546eb100614435f02a94521fba2009e av_one_full  avia-builder-el-1  el_before_av_one_half  avia-builder-el-first  first flex_column_div  '     ><div class=\"pxl-headline pxl-hl hl-wrap | hl-sub--off hl--align-left hl--no-margin    \">\n        <div class=\"hl-inner\">\n            <h2 class=\"hl-main hl-line |  hl_main--default  \">Films PP pour la pose de moquettes<\/h2>\n            \n    <\/div>\n<\/div><\/div><div  class='flex_column av-1cfi0ty-d4bbc177ebd2e2c106893f3e8baa0ece av_one_half  avia-builder-el-3  el_after_av_one_full  el_before_av_one_half  first flex_column_div  column-top-margin'     ><section  class='av_textblock_section av-pb652-05381d0e4eaa9ecf924a45169b9ab52a '   itemscope=\"itemscope\" itemtype=\"https:\/\/schema.org\/CreativeWork\" ><div class='avia_textblock'  itemprop=\"text\" ><p>La fixation fiable des tapis est importante pour garantir la s\u00e9curit\u00e9. Dans le cas contraire, les rev\u00eatements de sol glissants constituent un risque d&#8217;accident permanent. Outre les rubans adh\u00e9sifs pour moquette, nos films PP (films en polypropyl\u00e8ne) sont \u00e9galement parfaits pour fixer les moquettes en toute s\u00e9curit\u00e9. Cela est d\u00fb \u00e0 un certain nombre de propri\u00e9t\u00e9s avantageuses du polypropyl\u00e8ne.<\/p>\n<h4>Films PP &#8211; R\u00e9sistants \u00e0 la temp\u00e9rature et \u00e0 l&#8217;eau<\/h4>\n<p>Le fait que les rubans adh\u00e9sifs pour moquettes ne suffisent pas toujours \u00e0 fixer les moquettes de mani\u00e8re fiable est d\u00fb aux conditions d&#8217;utilisation parfois extr\u00eames. Par exemple, des temp\u00e9ratures \u00e9lev\u00e9es, l&#8217;humidit\u00e9 ou encore une charge m\u00e9canique importante peuvent nuire \u00e0 la fixation par le ruban adh\u00e9sif pour moquette. Les films PP sont beaucoup plus performants \u00e0 cet \u00e9gard. Les films \u00e0 base de polypropyl\u00e8ne b\u00e9n\u00e9ficient ici d&#8217;une r\u00e9sistance \u00e9lev\u00e9e \u00e0 la temp\u00e9rature ainsi que d&#8217;une faible absorption d&#8217;humidit\u00e9. De plus, le polypropyl\u00e8ne est extr\u00eamement stable, de sorte que m\u00eame les effets m\u00e9caniques importants n&#8217;ont que peu d&#8217;impact sur le film PP. Le mat\u00e9riau r\u00e9pond en outre aux crit\u00e8res de la Commission europ\u00e9enne pour l&#8217;environnement et est donc extr\u00eamement respectueux de l&#8217;environnement.<\/p>\n<\/div><\/section><\/div><div  class='flex_column av-1u9sk6-30ad235fd4a419f65cf71e8705617e84 av_one_half  avia-builder-el-5  el_after_av_one_half  avia-builder-el-last  flex_column_div  column-top-margin'     ><section  class='av_textblock_section av-125w4hi-ddcb94e649c8a20caac7adab9c3bb208 '   itemscope=\"itemscope\" itemtype=\"https:\/\/schema.org\/CreativeWork\" ><div class='avia_textblock'  itemprop=\"text\" ><h4>Films PP &#8211; D\u00e9coup\u00e9s sur mesure pour vous<\/h4>\n<p>En tant qu&#8217;expert en rubans adh\u00e9sifs et en solutions proches de l&#8217;application, nous offrons \u00e0 nos clients plus que la simple distribution de produits. N&#8217;h\u00e9sitez pas \u00e0 vous renseigner sur nos prestations dans le domaine de la confection afin de modifier sp\u00e9cifiquement vos films PP en fonction de vos exigences. De plus, nos collaborateurs r\u00e9pondront volontiers \u00e0 toutes les questions que vous vous posez sur nos films en polypropyl\u00e8ne. N&#8217;h\u00e9sitez pas \u00e0 prendre contact avec nous.<\/p>\n<\/div><\/section><\/div>\n\n","protected":false},"excerpt":{"rendered":"","protected":false},"author":1,"featured_media":0,"parent":30749,"menu_order":7,"comment_status":"closed","ping_status":"closed","template":"","meta":{"_acf_changed":false,"footnotes":""},"class_list":["post-30936","page","type-page","status-publish","hentry"],"acf":[],"yoast_head":"<!-- This site is optimized with the Yoast SEO plugin v27.4 - https:\/\/yoast.com\/product\/yoast-seo-wordpress\/ -->\n<title>Films PP pour la pose de moquettes | cardinal Tapes<\/title>\n<meta name=\"description\" content=\"Les films PP conviennent parfaitement \u00e0 la pose de moquettes. Le polypropyl\u00e8ne est r\u00e9sistant \u00e0 la chaleur et \u00e0 l&#039;humidit\u00e9.\" \/>\n<meta name=\"robots\" content=\"index, follow, max-snippet:-1, max-image-preview:large, max-video-preview:-1\" \/>\n<link rel=\"canonical\" href=\"https:\/\/cardinal-tapes.com\/fr\/rubans-adhesifs-fr__trashed\/abc-du-ruban-adhesif\/films-en-pp\/\" \/>\n<meta property=\"og:locale\" content=\"fr_FR\" \/>\n<meta property=\"og:type\" content=\"article\" \/>\n<meta property=\"og:title\" content=\"Films PP pour la pose de moquettes | cardinal Tapes\" \/>\n<meta property=\"og:description\" content=\"Les films PP conviennent parfaitement \u00e0 la pose de moquettes. Le polypropyl\u00e8ne est r\u00e9sistant \u00e0 la chaleur et \u00e0 l&#039;humidit\u00e9.\" \/>\n<meta property=\"og:url\" content=\"https:\/\/cardinal-tapes.com\/fr\/rubans-adhesifs-fr__trashed\/abc-du-ruban-adhesif\/films-en-pp\/\" \/>\n<meta property=\"og:site_name\" content=\"cardinal TAPES\" \/>\n<meta property=\"article:modified_time\" content=\"2023-06-02T09:11:53+00:00\" \/>\n<meta name=\"twitter:card\" content=\"summary_large_image\" \/>\n<meta name=\"twitter:label1\" content=\"Dur\u00e9e de lecture estim\u00e9e\" \/>\n\t<meta name=\"twitter:data1\" content=\"9 minutes\" \/>\n<script type=\"application\/ld+json\" class=\"yoast-schema-graph\">{\"@context\":\"https:\\\/\\\/schema.org\",\"@graph\":[{\"@type\":\"WebPage\",\"@id\":\"https:\\\/\\\/cardinal-tapes.com\\\/fr\\\/rubans-adhesifs-fr__trashed\\\/abc-du-ruban-adhesif\\\/films-en-pp\\\/\",\"url\":\"https:\\\/\\\/cardinal-tapes.com\\\/fr\\\/rubans-adhesifs-fr__trashed\\\/abc-du-ruban-adhesif\\\/films-en-pp\\\/\",\"name\":\"Films PP pour la pose de moquettes | cardinal Tapes\",\"isPartOf\":{\"@id\":\"https:\\\/\\\/cardinal-tapes.com\\\/#website\"},\"datePublished\":\"2023-06-02T08:59:05+00:00\",\"dateModified\":\"2023-06-02T09:11:53+00:00\",\"description\":\"Les films PP conviennent parfaitement \u00e0 la pose de moquettes. Le polypropyl\u00e8ne est r\u00e9sistant \u00e0 la chaleur et \u00e0 l'humidit\u00e9.\",\"breadcrumb\":{\"@id\":\"https:\\\/\\\/cardinal-tapes.com\\\/fr\\\/rubans-adhesifs-fr__trashed\\\/abc-du-ruban-adhesif\\\/films-en-pp\\\/#breadcrumb\"},\"inLanguage\":\"fr-FR\",\"potentialAction\":[{\"@type\":\"ReadAction\",\"target\":[\"https:\\\/\\\/cardinal-tapes.com\\\/fr\\\/rubans-adhesifs-fr__trashed\\\/abc-du-ruban-adhesif\\\/films-en-pp\\\/\"]}]},{\"@type\":\"BreadcrumbList\",\"@id\":\"https:\\\/\\\/cardinal-tapes.com\\\/fr\\\/rubans-adhesifs-fr__trashed\\\/abc-du-ruban-adhesif\\\/films-en-pp\\\/#breadcrumb\",\"itemListElement\":[{\"@type\":\"ListItem\",\"position\":1,\"name\":\"Startseite\",\"item\":\"https:\\\/\\\/cardinal-tapes.com\\\/fr\\\/accueil\\\/\"},{\"@type\":\"ListItem\",\"position\":2,\"name\":\"ABC du ruban adh\u00e9sif\",\"item\":\"https:\\\/\\\/cardinal-tapes.com\\\/fr\\\/rubans-adhesifs-fr__trashed\\\/abc-du-ruban-adhesif\\\/\"},{\"@type\":\"ListItem\",\"position\":3,\"name\":\"Films en PP\"}]},{\"@type\":\"WebSite\",\"@id\":\"https:\\\/\\\/cardinal-tapes.com\\\/#website\",\"url\":\"https:\\\/\\\/cardinal-tapes.com\\\/\",\"name\":\"cardinal TAPES\",\"description\":\"Klebetechnik aus Wuppertal\",\"potentialAction\":[{\"@type\":\"SearchAction\",\"target\":{\"@type\":\"EntryPoint\",\"urlTemplate\":\"https:\\\/\\\/cardinal-tapes.com\\\/?s={search_term_string}\"},\"query-input\":{\"@type\":\"PropertyValueSpecification\",\"valueRequired\":true,\"valueName\":\"search_term_string\"}}],\"inLanguage\":\"fr-FR\"}]}<\/script>\n<!-- \/ Yoast SEO plugin. -->","yoast_head_json":{"title":"Films PP pour la pose de moquettes | cardinal Tapes","description":"Les films PP conviennent parfaitement \u00e0 la pose de moquettes. Le polypropyl\u00e8ne est r\u00e9sistant \u00e0 la chaleur et \u00e0 l'humidit\u00e9.","robots":{"index":"index","follow":"follow","max-snippet":"max-snippet:-1","max-image-preview":"max-image-preview:large","max-video-preview":"max-video-preview:-1"},"canonical":"https:\/\/cardinal-tapes.com\/fr\/rubans-adhesifs-fr__trashed\/abc-du-ruban-adhesif\/films-en-pp\/","og_locale":"fr_FR","og_type":"article","og_title":"Films PP pour la pose de moquettes | cardinal Tapes","og_description":"Les films PP conviennent parfaitement \u00e0 la pose de moquettes. Le polypropyl\u00e8ne est r\u00e9sistant \u00e0 la chaleur et \u00e0 l'humidit\u00e9.","og_url":"https:\/\/cardinal-tapes.com\/fr\/rubans-adhesifs-fr__trashed\/abc-du-ruban-adhesif\/films-en-pp\/","og_site_name":"cardinal TAPES","article_modified_time":"2023-06-02T09:11:53+00:00","twitter_card":"summary_large_image","twitter_misc":{"Dur\u00e9e de lecture estim\u00e9e":"9 minutes"},"schema":{"@context":"https:\/\/schema.org","@graph":[{"@type":"WebPage","@id":"https:\/\/cardinal-tapes.com\/fr\/rubans-adhesifs-fr__trashed\/abc-du-ruban-adhesif\/films-en-pp\/","url":"https:\/\/cardinal-tapes.com\/fr\/rubans-adhesifs-fr__trashed\/abc-du-ruban-adhesif\/films-en-pp\/","name":"Films PP pour la pose de moquettes | cardinal Tapes","isPartOf":{"@id":"https:\/\/cardinal-tapes.com\/#website"},"datePublished":"2023-06-02T08:59:05+00:00","dateModified":"2023-06-02T09:11:53+00:00","description":"Les films PP conviennent parfaitement \u00e0 la pose de moquettes. Le polypropyl\u00e8ne est r\u00e9sistant \u00e0 la chaleur et \u00e0 l'humidit\u00e9.","breadcrumb":{"@id":"https:\/\/cardinal-tapes.com\/fr\/rubans-adhesifs-fr__trashed\/abc-du-ruban-adhesif\/films-en-pp\/#breadcrumb"},"inLanguage":"fr-FR","potentialAction":[{"@type":"ReadAction","target":["https:\/\/cardinal-tapes.com\/fr\/rubans-adhesifs-fr__trashed\/abc-du-ruban-adhesif\/films-en-pp\/"]}]},{"@type":"BreadcrumbList","@id":"https:\/\/cardinal-tapes.com\/fr\/rubans-adhesifs-fr__trashed\/abc-du-ruban-adhesif\/films-en-pp\/#breadcrumb","itemListElement":[{"@type":"ListItem","position":1,"name":"Startseite","item":"https:\/\/cardinal-tapes.com\/fr\/accueil\/"},{"@type":"ListItem","position":2,"name":"ABC du ruban adh\u00e9sif","item":"https:\/\/cardinal-tapes.com\/fr\/rubans-adhesifs-fr__trashed\/abc-du-ruban-adhesif\/"},{"@type":"ListItem","position":3,"name":"Films en PP"}]},{"@type":"WebSite","@id":"https:\/\/cardinal-tapes.com\/#website","url":"https:\/\/cardinal-tapes.com\/","name":"cardinal TAPES","description":"Klebetechnik aus Wuppertal","potentialAction":[{"@type":"SearchAction","target":{"@type":"EntryPoint","urlTemplate":"https:\/\/cardinal-tapes.com\/?s={search_term_string}"},"query-input":{"@type":"PropertyValueSpecification","valueRequired":true,"valueName":"search_term_string"}}],"inLanguage":"fr-FR"}]}},"_links":{"self":[{"href":"https:\/\/cardinal-tapes.com\/fr\/wp-json\/wp\/v2\/pages\/30936","targetHints":{"allow":["GET"]}}],"collection":[{"href":"https:\/\/cardinal-tapes.com\/fr\/wp-json\/wp\/v2\/pages"}],"about":[{"href":"https:\/\/cardinal-tapes.com\/fr\/wp-json\/wp\/v2\/types\/page"}],"author":[{"embeddable":true,"href":"https:\/\/cardinal-tapes.com\/fr\/wp-json\/wp\/v2\/users\/1"}],"replies":[{"embeddable":true,"href":"https:\/\/cardinal-tapes.com\/fr\/wp-json\/wp\/v2\/comments?post=30936"}],"version-history":[{"count":0,"href":"https:\/\/cardinal-tapes.com\/fr\/wp-json\/wp\/v2\/pages\/30936\/revisions"}],"up":[{"embeddable":true,"href":"https:\/\/cardinal-tapes.com\/fr\/wp-json\/wp\/v2\/pages\/30749"}],"wp:attachment":[{"href":"https:\/\/cardinal-tapes.com\/fr\/wp-json\/wp\/v2\/media?parent=30936"}],"curies":[{"name":"wp","href":"https:\/\/api.w.org\/{rel}","templated":true}]}}