{"id":30897,"date":"2020-04-08T08:47:19","date_gmt":"2020-04-08T06:47:19","guid":{"rendered":"https:\/\/cardinal.pixel-tal.de\/rubans-adhesifs\/abc-du-ruban-adhesif\/ruban-de-tracage\/"},"modified":"2023-06-02T11:11:44","modified_gmt":"2023-06-02T09:11:44","slug":"ruban-de-tracage","status":"publish","type":"page","link":"https:\/\/cardinal-tapes.com\/fr\/rubans-adhesifs-fr\/abc-du-ruban-adhesif\/ruban-de-tracage\/","title":{"rendered":"Ruban de tra\u00e7age"},"content":{"rendered":"<div id='av_section_1'  class='avia-section av-1yovhuv-c94a907eb5ccba7caa93ba9535c2d01c alternate_color avia-section-default avia-no-border-styling  avia-builder-el-0  avia-builder-el-no-sibling  avia-bg-style-scroll container_wrap fullsize'  ><div class='container av-section-cont-open' ><main  role=\"main\" itemprop=\"mainContentOfPage\"  class='template-page content  av-content-full alpha units'><div class='post-entry post-entry-type-page post-entry-30897'><div class='entry-content-wrapper clearfix'>\n<div  class='flex_column av-1hlfptz-4ef05397f20ee7133557bfb8206b3952 av_one_full  avia-builder-el-1  el_before_av_one_half  avia-builder-el-first  first flex_column_div  '     ><div class=\"pxl-headline pxl-hl hl-wrap | hl-sub--off hl--align-left hl--no-margin    \">\n        <div class=\"hl-inner\">\n            <h2 class=\"hl-main hl-line |  hl_main--default  \">Ruban de tra\u00e7age<\/h2>\n            \n    <\/div>\n<\/div><\/div><div  class='flex_column av-15ajcx3-60073a9a678c8d0aefb4dce47f4505a0 av_one_half  avia-builder-el-3  el_after_av_one_full  el_before_av_one_half  first flex_column_div  column-top-margin'     ><section  class='av_textblock_section av-ad9sjc-d628d416ebc078b503edc9f8049c1d5d '   itemscope=\"itemscope\" itemtype=\"https:\/\/schema.org\/CreativeWork\" ><div class='avia_textblock'  itemprop=\"text\" ><p>Vous avez besoin de ruban de tra\u00e7age ? Chez nous, vous pouvez acheter facilement en ligne du ruban de tra\u00e7age pour vos propres besoins ou \u00e0 des fins commerciales ou administratives. Comme le choix du mat\u00e9riau d\u00e9pend fortement de votre application, nos experts se tiennent \u00e0 votre disposition pour vous fournir des conseils d\u00e9taill\u00e9s. Pour cela, le mieux est de prendre <a href=\"\/ueber-cardinal\/kontakt\/\">contact<\/a> d\u00e8s maintenant.<\/p>\n<h4>Acheter du ruban de tra\u00e7age en ligne &#8211; Une question d&#8217;application<\/h4>\n<p>Comme tout ruban de d\u00e9limitation, le ruban de tra\u00e7age est utilis\u00e9 pour d\u00e9limiter des zones. Le plus souvent, on utilise le terme de ruban de tra\u00e7age lorsqu&#8217;il s&#8217;agit d&#8217;un usage militaire. L&#8217;arm\u00e9e allemande, par exemple, utilise du ruban de tra\u00e7age pour interdire aux personnes non autoris\u00e9es l&#8217;acc\u00e8s \u00e0 des zones dangereuses. Bien s\u00fbr, il existe aussi des applications beaucoup plus courantes pour le ruban de tra\u00e7age. Il s&#8217;agit par exemple de<\/p>\n<ul>\n<li>Chantiers<\/li>\n<li>Lieux d&#8217;accidents<\/li>\n<li>Machines et appareils d\u00e9fectueux<\/li>\n<li>Lieux d&#8217;enqu\u00eates administratives<\/li>\n<\/ul>\n<p>Il n&#8217;est pas toujours facile de savoir quel ruban de tra\u00e7age acheter en ligne pour une utilisation donn\u00e9e, car : Tout d\u00e9pend des propri\u00e9t\u00e9s du mat\u00e9riau. En cas de doute, nous vous recommandons de vous entretenir avec nos experts.<\/p>\n<\/div><\/section><\/div><div  class='flex_column av-ijawiv-5f792cc3549b975fbfcb15a7635a6f39 av_one_half  avia-builder-el-5  el_after_av_one_half  avia-builder-el-last  flex_column_div  column-top-margin'     ><section  class='av_textblock_section av-7y806g-b9a32dd903fbfe5c19780cfe2c54cd88 '   itemscope=\"itemscope\" itemtype=\"https:\/\/schema.org\/CreativeWork\" ><div class='avia_textblock small'  itemprop=\"text\" ><h4>Attention au mat\u00e9riau lors de l&#8217;achat en ligne de ruban de tra\u00e7age<\/h4>\n<p>R\u00e9sistant \u00e0 la d\u00e9chirure et aux intemp\u00e9ries ? Tout en respectant l&#8217;environnement ? Et si on veut l&#8217;arracher \u00e0 la main ? Les personnes qui ach\u00e8tent du ruban de tra\u00e7age en ligne ont l&#8217;embarras du choix : selon le mat\u00e9riau, les produits se diff\u00e9rencient fortement les uns des autres. Les produits \u00e0 base de film PE-LD, par exemple, sont robustes tout en \u00e9tant respectueux de l&#8217;environnement. En revanche, pour les rubans de tra\u00e7age plus r\u00e9sistants, comme ceux utilis\u00e9s par l&#8217;arm\u00e9e allemande, il faudrait utiliser des mati\u00e8res plastiques comme le poly\u00e9thyl\u00e8ne HD. Ils conviennent \u00e9galement pour une utilisation lorsque le produit est sous tension.<\/p>\n<h4>Acheter du ruban de tra\u00e7age en ligne et le confectionner directement<\/h4>\n<p>Les dimensions et les couleurs de notre ruban de tra\u00e7age ne correspondent pas \u00e0 vos exigences ? Pas de probl\u00e8me : nous disposons de diff\u00e9rents proc\u00e9d\u00e9s dans le domaine de la <a href=\"https:\/\/cardinal-tapes.com\/fr\/confection\/\">confection<\/a>. Il s&#8217;agit par exemple de d\u00e9coupes individuelles ou d&#8217;inscriptions sur demande. Ainsi, nous pouvons adapter les produits \u00e0 vos exigences individuelles.<\/p>\n<\/div><\/section><\/div>\n\n","protected":false},"excerpt":{"rendered":"","protected":false},"author":1,"featured_media":0,"parent":30749,"menu_order":22,"comment_status":"closed","ping_status":"closed","template":"","meta":{"_acf_changed":false,"footnotes":""},"class_list":["post-30897","page","type-page","status-publish","hentry"],"acf":[],"yoast_head":"<!-- This site is optimized with the Yoast SEO plugin v27.3 - https:\/\/yoast.com\/product\/yoast-seo-wordpress\/ -->\n<title>Acheter du ruban de tra\u00e7age en ligne - Nous vous conseillons individuellement | Cardinal Tapes<\/title>\n<meta name=\"description\" content=\"Acheter du ruban de tra\u00e7age en ligne \u2713 Grand choix \u2713 Conseil personnalis\u00e9 \u2713 Prix attractifs \u2713 Confection individuelle \u2713 Lancer une demande maintenant\" \/>\n<meta name=\"robots\" content=\"noindex, follow\" \/>\n<meta property=\"og:locale\" content=\"fr_FR\" \/>\n<meta property=\"og:type\" content=\"article\" \/>\n<meta property=\"og:title\" content=\"Acheter du ruban de tra\u00e7age en ligne - Nous vous conseillons individuellement | Cardinal Tapes\" \/>\n<meta property=\"og:description\" content=\"Acheter du ruban de tra\u00e7age en ligne \u2713 Grand choix \u2713 Conseil personnalis\u00e9 \u2713 Prix attractifs \u2713 Confection individuelle \u2713 Lancer une demande maintenant\" \/>\n<meta property=\"og:url\" content=\"https:\/\/cardinal-tapes.com\/fr\/rubans-adhesifs-fr\/abc-du-ruban-adhesif\/ruban-de-tracage\/\" \/>\n<meta property=\"og:site_name\" content=\"cardinal TAPES\" \/>\n<meta property=\"article:modified_time\" content=\"2023-06-02T09:11:44+00:00\" \/>\n<meta name=\"twitter:card\" content=\"summary_large_image\" \/>\n<meta name=\"twitter:label1\" content=\"Dur\u00e9e de lecture estim\u00e9e\" \/>\n\t<meta name=\"twitter:data1\" content=\"10 minutes\" \/>\n<script type=\"application\/ld+json\" class=\"yoast-schema-graph\">{\"@context\":\"https:\\\/\\\/schema.org\",\"@graph\":[{\"@type\":\"WebPage\",\"@id\":\"https:\\\/\\\/cardinal-tapes.com\\\/fr\\\/rubans-adhesifs-fr\\\/abc-du-ruban-adhesif\\\/ruban-de-tracage\\\/\",\"url\":\"https:\\\/\\\/cardinal-tapes.com\\\/fr\\\/rubans-adhesifs-fr\\\/abc-du-ruban-adhesif\\\/ruban-de-tracage\\\/\",\"name\":\"Acheter du ruban de tra\u00e7age en ligne - Nous vous conseillons individuellement | Cardinal Tapes\",\"isPartOf\":{\"@id\":\"https:\\\/\\\/cardinal-tapes.com\\\/#website\"},\"datePublished\":\"2020-04-08T06:47:19+00:00\",\"dateModified\":\"2023-06-02T09:11:44+00:00\",\"description\":\"Acheter du ruban de tra\u00e7age en ligne \u2713 Grand choix \u2713 Conseil personnalis\u00e9 \u2713 Prix attractifs \u2713 Confection individuelle \u2713 Lancer une demande maintenant\",\"breadcrumb\":{\"@id\":\"https:\\\/\\\/cardinal-tapes.com\\\/fr\\\/rubans-adhesifs-fr\\\/abc-du-ruban-adhesif\\\/ruban-de-tracage\\\/#breadcrumb\"},\"inLanguage\":\"fr-FR\",\"potentialAction\":[{\"@type\":\"ReadAction\",\"target\":[\"https:\\\/\\\/cardinal-tapes.com\\\/fr\\\/rubans-adhesifs-fr\\\/abc-du-ruban-adhesif\\\/ruban-de-tracage\\\/\"]}]},{\"@type\":\"BreadcrumbList\",\"@id\":\"https:\\\/\\\/cardinal-tapes.com\\\/fr\\\/rubans-adhesifs-fr\\\/abc-du-ruban-adhesif\\\/ruban-de-tracage\\\/#breadcrumb\",\"itemListElement\":[{\"@type\":\"ListItem\",\"position\":1,\"name\":\"Startseite\",\"item\":\"https:\\\/\\\/cardinal-tapes.com\\\/fr\\\/accueil\\\/\"},{\"@type\":\"ListItem\",\"position\":2,\"name\":\"Rubans adh\u00e9sifs\",\"item\":\"https:\\\/\\\/cardinal-tapes.com\\\/fr\\\/rubans-adhesifs-fr\\\/\"},{\"@type\":\"ListItem\",\"position\":3,\"name\":\"ABC du ruban adh\u00e9sif\",\"item\":\"https:\\\/\\\/cardinal-tapes.com\\\/fr\\\/rubans-adhesifs-fr__trashed\\\/abc-du-ruban-adhesif\\\/\"},{\"@type\":\"ListItem\",\"position\":4,\"name\":\"Ruban de tra\u00e7age\"}]},{\"@type\":\"WebSite\",\"@id\":\"https:\\\/\\\/cardinal-tapes.com\\\/#website\",\"url\":\"https:\\\/\\\/cardinal-tapes.com\\\/\",\"name\":\"cardinal TAPES\",\"description\":\"Klebetechnik aus Wuppertal\",\"potentialAction\":[{\"@type\":\"SearchAction\",\"target\":{\"@type\":\"EntryPoint\",\"urlTemplate\":\"https:\\\/\\\/cardinal-tapes.com\\\/?s={search_term_string}\"},\"query-input\":{\"@type\":\"PropertyValueSpecification\",\"valueRequired\":true,\"valueName\":\"search_term_string\"}}],\"inLanguage\":\"fr-FR\"}]}<\/script>\n<!-- \/ Yoast SEO plugin. -->","yoast_head_json":{"title":"Acheter du ruban de tra\u00e7age en ligne - Nous vous conseillons individuellement | Cardinal Tapes","description":"Acheter du ruban de tra\u00e7age en ligne \u2713 Grand choix \u2713 Conseil personnalis\u00e9 \u2713 Prix attractifs \u2713 Confection individuelle \u2713 Lancer une demande maintenant","robots":{"index":"noindex","follow":"follow"},"og_locale":"fr_FR","og_type":"article","og_title":"Acheter du ruban de tra\u00e7age en ligne - Nous vous conseillons individuellement | Cardinal Tapes","og_description":"Acheter du ruban de tra\u00e7age en ligne \u2713 Grand choix \u2713 Conseil personnalis\u00e9 \u2713 Prix attractifs \u2713 Confection individuelle \u2713 Lancer une demande maintenant","og_url":"https:\/\/cardinal-tapes.com\/fr\/rubans-adhesifs-fr\/abc-du-ruban-adhesif\/ruban-de-tracage\/","og_site_name":"cardinal TAPES","article_modified_time":"2023-06-02T09:11:44+00:00","twitter_card":"summary_large_image","twitter_misc":{"Dur\u00e9e de lecture estim\u00e9e":"10 minutes"},"schema":{"@context":"https:\/\/schema.org","@graph":[{"@type":"WebPage","@id":"https:\/\/cardinal-tapes.com\/fr\/rubans-adhesifs-fr\/abc-du-ruban-adhesif\/ruban-de-tracage\/","url":"https:\/\/cardinal-tapes.com\/fr\/rubans-adhesifs-fr\/abc-du-ruban-adhesif\/ruban-de-tracage\/","name":"Acheter du ruban de tra\u00e7age en ligne - Nous vous conseillons individuellement | Cardinal Tapes","isPartOf":{"@id":"https:\/\/cardinal-tapes.com\/#website"},"datePublished":"2020-04-08T06:47:19+00:00","dateModified":"2023-06-02T09:11:44+00:00","description":"Acheter du ruban de tra\u00e7age en ligne \u2713 Grand choix \u2713 Conseil personnalis\u00e9 \u2713 Prix attractifs \u2713 Confection individuelle \u2713 Lancer une demande maintenant","breadcrumb":{"@id":"https:\/\/cardinal-tapes.com\/fr\/rubans-adhesifs-fr\/abc-du-ruban-adhesif\/ruban-de-tracage\/#breadcrumb"},"inLanguage":"fr-FR","potentialAction":[{"@type":"ReadAction","target":["https:\/\/cardinal-tapes.com\/fr\/rubans-adhesifs-fr\/abc-du-ruban-adhesif\/ruban-de-tracage\/"]}]},{"@type":"BreadcrumbList","@id":"https:\/\/cardinal-tapes.com\/fr\/rubans-adhesifs-fr\/abc-du-ruban-adhesif\/ruban-de-tracage\/#breadcrumb","itemListElement":[{"@type":"ListItem","position":1,"name":"Startseite","item":"https:\/\/cardinal-tapes.com\/fr\/accueil\/"},{"@type":"ListItem","position":2,"name":"Rubans adh\u00e9sifs","item":"https:\/\/cardinal-tapes.com\/fr\/rubans-adhesifs-fr\/"},{"@type":"ListItem","position":3,"name":"ABC du ruban adh\u00e9sif","item":"https:\/\/cardinal-tapes.com\/fr\/rubans-adhesifs-fr__trashed\/abc-du-ruban-adhesif\/"},{"@type":"ListItem","position":4,"name":"Ruban de tra\u00e7age"}]},{"@type":"WebSite","@id":"https:\/\/cardinal-tapes.com\/#website","url":"https:\/\/cardinal-tapes.com\/","name":"cardinal TAPES","description":"Klebetechnik aus Wuppertal","potentialAction":[{"@type":"SearchAction","target":{"@type":"EntryPoint","urlTemplate":"https:\/\/cardinal-tapes.com\/?s={search_term_string}"},"query-input":{"@type":"PropertyValueSpecification","valueRequired":true,"valueName":"search_term_string"}}],"inLanguage":"fr-FR"}]}},"_links":{"self":[{"href":"https:\/\/cardinal-tapes.com\/fr\/wp-json\/wp\/v2\/pages\/30897","targetHints":{"allow":["GET"]}}],"collection":[{"href":"https:\/\/cardinal-tapes.com\/fr\/wp-json\/wp\/v2\/pages"}],"about":[{"href":"https:\/\/cardinal-tapes.com\/fr\/wp-json\/wp\/v2\/types\/page"}],"author":[{"embeddable":true,"href":"https:\/\/cardinal-tapes.com\/fr\/wp-json\/wp\/v2\/users\/1"}],"replies":[{"embeddable":true,"href":"https:\/\/cardinal-tapes.com\/fr\/wp-json\/wp\/v2\/comments?post=30897"}],"version-history":[{"count":0,"href":"https:\/\/cardinal-tapes.com\/fr\/wp-json\/wp\/v2\/pages\/30897\/revisions"}],"up":[{"embeddable":true,"href":"https:\/\/cardinal-tapes.com\/fr\/wp-json\/wp\/v2\/pages\/30749"}],"wp:attachment":[{"href":"https:\/\/cardinal-tapes.com\/fr\/wp-json\/wp\/v2\/media?parent=30897"}],"curies":[{"name":"wp","href":"https:\/\/api.w.org\/{rel}","templated":true}]}}