{"id":30895,"date":"2023-06-02T10:59:04","date_gmt":"2023-06-02T08:59:04","guid":{"rendered":"https:\/\/cardinal.pixel-tal.de\/rubans-adhesifs\/abc-du-ruban-adhesif\/bandes-plastifiees\/"},"modified":"2023-06-14T10:47:05","modified_gmt":"2023-06-14T08:47:05","slug":"bandes-plastifiees","status":"publish","type":"page","link":"https:\/\/cardinal-tapes.com\/fr\/rubans-adhesifs-fr\/abc-du-ruban-adhesif\/bandes-plastifiees\/","title":{"rendered":"Bandes plastifi\u00e9es"},"content":{"rendered":"<div id='av_section_1'  class='avia-section av-3zwppx1-39b6977ca30550ebce10a915e14fed34 alternate_color avia-section-default avia-no-border-styling  avia-builder-el-0  el_before_av_section  avia-builder-el-first  avia-bg-style-scroll container_wrap fullsize'  ><div class='container av-section-cont-open' ><main  role=\"main\" itemprop=\"mainContentOfPage\"  class='template-page content  av-content-full alpha units'><div class='post-entry post-entry-type-page post-entry-30895'><div class='entry-content-wrapper clearfix'>\n<div  class='flex_column av-3gw5ik5-7dfb9e1649cec56fb67dc965e99c700a av_one_full  avia-builder-el-1  el_before_av_one_half  avia-builder-el-first  first flex_column_div  '     ><div class=\"pxl-headline pxl-hl hl-wrap | hl-sub--off hl--align-left hl--no-margin    \">\n        <div class=\"hl-inner\">\n            <h2 class=\"hl-main hl-line |  hl_main--default  \">Bandes rev\u00eatues de PE<\/h2>\n            \n    <\/div>\n<\/div><\/div><div  class='flex_column av-2m5nes5-bce103d7e3a02ee63f878b82d3abc50b av_one_half  avia-builder-el-3  el_after_av_one_full  el_before_av_one_half  first flex_column_div  column-top-margin'     ><section  class='av_textblock_section av-2wney45-95abbf5546702d023910133cfa9c09da '   itemscope=\"itemscope\" itemtype=\"https:\/\/schema.org\/CreativeWork\" ><div class='avia_textblock'  itemprop=\"text\" ><p>Les rubans plastifi\u00e9s sont des rubans tiss\u00e9s enduits d&#8217;acrylate qui, gr\u00e2ce \u00e0 une r\u00e9sistance \u00e0 la temp\u00e9rature de 100\u00b0C, peuvent \u00eatre utilis\u00e9s de mani\u00e8re universelle pour r\u00e9parer, marquer et banderoler. L&#8217;excellente r\u00e9sistance au froid et \u00e0 la chaleur ainsi que les tr\u00e8s bonnes propri\u00e9t\u00e9s \u00e9lectriques rendent les bandes plastifi\u00e9es int\u00e9ressantes pour de nombreux domaines d&#8217;application. En tant qu&#8217;experts en rubans adh\u00e9sifs, nos experts se feront un plaisir de vous conseiller sur votre cas d&#8217;application individuel. <a href=\"https:\/\/cardinal-tapes.com\/ueber-cardinal\/kontakt\/\">Contactez-nous<\/a> d\u00e8s maintenant si vous avez des questions.<\/p>\n<h4><strong>Bandes plastifi\u00e9es &#8211; Dans l&#8217;industrie et l&#8217;artisanat<\/strong><\/h4>\n<p>Les bandes plastifi\u00e9es sont utilis\u00e9es, entre autres, dans diff\u00e9rents secteurs de l&#8217;industrie et de l&#8217;artisanat. Ils convainquent ici par leur pouvoir adh\u00e9sif \u00e9lev\u00e9, mais aussi par leur r\u00e9sistance aux produits chimiques. L&#8217;excellente r\u00e9sistance au vieillissement des rubans adh\u00e9sifs plastifi\u00e9s garantit une fixation s\u00fbre des machines et des constructions, m\u00eame apr\u00e8s plusieurs ann\u00e9es. Les bandes plastifi\u00e9es adh\u00e8rent particuli\u00e8rement bien \u00e0 l&#8217;acier.<\/p>\n<\/div><\/section><\/div><div  class='flex_column av-23bgjlh-75ceb98f134d155769fad7129c43e506 av_one_half  avia-builder-el-5  el_after_av_one_half  avia-builder-el-last  flex_column_div  column-top-margin'     ><section  class='av_textblock_section av-1wmmped-d1c97bd217440a7c2c6c8b11fc9d412b '   itemscope=\"itemscope\" itemtype=\"https:\/\/schema.org\/CreativeWork\" ><div class='avia_textblock'  itemprop=\"text\" ><h4><strong>Bandes plastifi\u00e9es &#8211; Convaincre dans le commerce<\/strong><\/h4>\n<p>Les bandes plastifi\u00e9es sont notamment tr\u00e8s utilis\u00e9es dans le commerce. Elles permettent une bonne inscription et convainquent en outre par le fait qu&#8217;elles peuvent \u00eatre d\u00e9chir\u00e9es manuellement. En outre, les rubans plastifi\u00e9s sont souvent utilis\u00e9s dans le commerce pour fermer les emballages en toute s\u00e9curit\u00e9. Nous vous soutenons volontiers dans cette t\u00e2che gr\u00e2ce \u00e0 nos vastes <a href=\"https:\/\/cardinal-tapes.com\/fr\/confection\/\">prestations dans le domaine de la confection<\/a>. Vous b\u00e9n\u00e9ficiez ainsi de solutions individuelles adapt\u00e9es \u00e0 vos besoins sp\u00e9cifiques.<\/p>\n<\/div><\/section><\/div>\n\n<\/div><\/div><\/main><!-- close content main element --><\/div><\/div><div id='av_section_2'  class='avia-section av-1gv26et-bce8c26393174e4dd57f19a0f03cf7f0 main_color avia-section-default avia-no-border-styling  avia-builder-el-7  el_after_av_section  avia-builder-el-last  gradient-section avia-bg-style-scroll container_wrap fullsize'  ><div class='container av-section-cont-open' ><div class='template-page content  av-content-full alpha units'><div class='post-entry post-entry-type-page post-entry-30895'><div class='entry-content-wrapper clearfix'>\n<div  class='flex_column av-1baf3jp-662f91f71de1ff53a7e37b87202ab35f av_one_full  avia-builder-el-8  avia-builder-el-no-sibling  first flex_column_div  '     ><p><div class=\"pxl-headline pxl-hl hl-wrap | hl-sub--off hl--align-left hl--no-margin    \">\n        <div class=\"hl-inner\">\n            <h2 class=\"hl-main hl-line |  hl_main--default  \">Produits int\u00e9ressants<\/h2>\n            \n    <\/div>\n<\/div>\n<br \/>\n<div   data-autoplay=''  data-interval='5'  data-animation='fade'  data-hoverpause='1'  class='template-shop avia-content-slider avia-content-slider-active avia-product-slider1 avia-content-slider-even  avia-builder-el-10  el_after_pixel_sc_headline  el_before_av_button   shop_columns_4' ><div class='avia-content-slider-inner'><ul class=\"products slide-entry-wrap\"><li class=\"product type-product post-55187 status-publish first instock product_cat-rubans-adhesifs-double-face product_cat-ruban-adhesif-double-face-en-tissu has-post-thumbnail taxable shipping-taxable purchasable product-type-variable\">\n\t<div class='inner_product main_color wrapped_style noLightbox  av-product-class-no_button'><a href=\"https:\/\/cardinal-tapes.com\/fr\/rubans-adh\u00e9sifs\/rubans-adhesifs-double-face\/ruban-adhesif-double-face-en-tissu\/ca-457-bande-adhesive-en-tissu-de-coton\/\" class=\"woocommerce-LoopProduct-link woocommerce-loop-product__link\"><div class=\"thumbnail_container\"><img decoding=\"async\" loading=\"lazy\" width=\"450\" height=\"450\" src=\"https:\/\/cardinal-tapes.com\/wp-content\/uploads\/CA_457_retouched-450x450.jpg\" class=\"wp-image-27136 avia-img-lazy-loading-27136 attachment-shop_catalog size-shop_catalog wp-post-image\" alt=\"CA-457 PV1 Ruban adh\u00e9sif en coton tiss\u00e9, fort (ouvert) \/ faible - double face, Tissu, Acrylate de dispersion, Caoutchouc synth\u00e9tique - Illustration 27136\" srcset=\"https:\/\/cardinal-tapes.com\/wp-content\/uploads\/CA_457_retouched-450x450.jpg 450w, https:\/\/cardinal-tapes.com\/wp-content\/uploads\/CA_457_retouched-120x120.jpg 120w, https:\/\/cardinal-tapes.com\/wp-content\/uploads\/CA_457_retouched-80x80.jpg 80w, https:\/\/cardinal-tapes.com\/wp-content\/uploads\/CA_457_retouched-36x36.jpg 36w, https:\/\/cardinal-tapes.com\/wp-content\/uploads\/CA_457_retouched-180x180.jpg 180w, https:\/\/cardinal-tapes.com\/wp-content\/uploads\/CA_457_retouched-100x100.jpg 100w\" sizes=\"auto, (max-width: 450px) 100vw, 450px\" \/><\/div><div class='inner_product_header'><div class='avia-arrow'><\/div><div class='inner_product_header_table'><div class='inner_product_header_cell'><span class=\"is-h2 woocommerce-loop-product__title\">CA-457 PV1 Ruban adh\u00e9sif en coton tiss\u00e9, fort (ouvert) \/ faible<\/span>\t\t<div class=\"product-infos\">\n\t\t\t\t\t\t\t<span class='product-infos__item'><b>Rev\u00eatement:<\/b> double face<\/span>\n\t\t\t\t\t\t\t\t\t\t<span class='product-infos__item'><b>Type de mat\u00e9riau:<\/b> Tissu<\/span>\n\t\t\t\t\t\t\t\t\t\t<span class='product-infos__item'><b>Fabricant:<\/b> cardinal GmbH<\/span>\n\t\t\t\t\t\t\t\t\t\t<span class='product-infos__item'><b>Prix sur demande<\/b><\/span>\n\t\t\t\t\t<\/div>\n\t<\/div><\/div><\/div><\/a><\/div><\/li>\n<li class=\"product type-product post-58530 status-publish instock product_cat-bande-de-mousse-pe product_cat-rubans-adhesifs-double-face product_cat-ruban-adhesif-double-face-en-tissu has-post-thumbnail taxable shipping-taxable purchasable product-type-variable\">\n\t<div class='inner_product main_color wrapped_style noLightbox  av-product-class-no_button'><a href=\"https:\/\/cardinal-tapes.com\/fr\/rubans-adh\u00e9sifs\/rubans-adhesifs-double-face\/ruban-adhesif-double-face-en-tissu\/tesa-64958-adhesif-double-face-pe-mousse\/\" class=\"woocommerce-LoopProduct-link woocommerce-loop-product__link\"><div class=\"thumbnail_container\"><img decoding=\"async\" loading=\"lazy\" width=\"450\" height=\"450\" src=\"https:\/\/cardinal-tapes.com\/wp-content\/uploads\/tesa-double-sided-pe-foam-white-liner-yellow-pr-001172014_canvas1x1_6-450x450.jpg\" class=\"wp-image-26056 avia-img-lazy-loading-26056 attachment-shop_catalog size-shop_catalog wp-post-image\" alt=\"tesa\u00ae 64958 Ruban adh\u00e9sif double face en mousse PE - double face, Mousse PE, Caoutchouc synth\u00e9tique - Illustration 26056\" srcset=\"https:\/\/cardinal-tapes.com\/wp-content\/uploads\/tesa-double-sided-pe-foam-white-liner-yellow-pr-001172014_canvas1x1_6-450x450.jpg 450w, https:\/\/cardinal-tapes.com\/wp-content\/uploads\/tesa-double-sided-pe-foam-white-liner-yellow-pr-001172014_canvas1x1_6-120x120.jpg 120w, https:\/\/cardinal-tapes.com\/wp-content\/uploads\/tesa-double-sided-pe-foam-white-liner-yellow-pr-001172014_canvas1x1_6-80x80.jpg 80w, https:\/\/cardinal-tapes.com\/wp-content\/uploads\/tesa-double-sided-pe-foam-white-liner-yellow-pr-001172014_canvas1x1_6-200x200.jpg 200w, https:\/\/cardinal-tapes.com\/wp-content\/uploads\/tesa-double-sided-pe-foam-white-liner-yellow-pr-001172014_canvas1x1_6-36x36.jpg 36w, https:\/\/cardinal-tapes.com\/wp-content\/uploads\/tesa-double-sided-pe-foam-white-liner-yellow-pr-001172014_canvas1x1_6-180x180.jpg 180w, https:\/\/cardinal-tapes.com\/wp-content\/uploads\/tesa-double-sided-pe-foam-white-liner-yellow-pr-001172014_canvas1x1_6-100x100.jpg 100w, https:\/\/cardinal-tapes.com\/wp-content\/uploads\/tesa-double-sided-pe-foam-white-liner-yellow-pr-001172014_canvas1x1_6.jpg 640w\" sizes=\"auto, (max-width: 450px) 100vw, 450px\" \/><\/div><div class='inner_product_header'><div class='avia-arrow'><\/div><div class='inner_product_header_table'><div class='inner_product_header_cell'><span class=\"is-h2 woocommerce-loop-product__title\">tesa\u00ae 64958 Ruban adh\u00e9sif double face en mousse PE<\/span>\t\t<div class=\"product-infos\">\n\t\t\t\t\t\t\t<span class='product-infos__item'><b>Rev\u00eatement:<\/b> double face<\/span>\n\t\t\t\t\t\t\t\t\t\t<span class='product-infos__item'><b>Type de mat\u00e9riau:<\/b> Mousse PE<\/span>\n\t\t\t\t\t\t\t\t\t\t<span class='product-infos__item'><b>Fabricant:<\/b> tesa<\/span>\n\t\t\t\t\t\t\t\t\t\t<span class='product-infos__item'><b>Prix sur demande<\/b><\/span>\n\t\t\t\t\t<\/div>\n\t<\/div><\/div><\/div><\/a><\/div><\/li>\n<\/ul><\/div><\/div><div class=\"clear\"><\/div><br \/>\n<div  class='avia-button-wrap av-rpk0gl-d1599428e575a514594080081ee1117b-wrap avia-button-left '><a href='https:\/\/cardinal-tapes.com\/klebebaender\/'  class='avia-button av-rpk0gl-d1599428e575a514594080081ee1117b avia-icon_select-no avia-size-medium avia-position-left avia-color-theme-color layout-border color-white'  ><span class='avia_iconbox_title' >Tous les produits<\/span><\/a><\/div><\/p><\/div>\n","protected":false},"excerpt":{"rendered":"","protected":false},"author":1,"featured_media":0,"parent":30749,"menu_order":15,"comment_status":"closed","ping_status":"closed","template":"","meta":{"_acf_changed":false,"footnotes":""},"class_list":["post-30895","page","type-page","status-publish","hentry"],"acf":[],"yoast_head":"<!-- This site is optimized with the Yoast SEO plugin v27.3 - https:\/\/yoast.com\/product\/yoast-seo-wordpress\/ -->\n<title>Bandes plastifi\u00e9es demande | %<\/title>\n<meta name=\"description\" content=\"Acheter des bandes plastifi\u00e9es \u2714 Large gamme de produits \u2714 Confection et pi\u00e8ces d\u00e9coup\u00e9es \u2714 Conseils personnalis\u00e9s \u2714 Diff\u00e9rentes applications \u2714\" \/>\n<meta name=\"robots\" content=\"index, follow, max-snippet:-1, max-image-preview:large, max-video-preview:-1\" \/>\n<link rel=\"canonical\" href=\"https:\/\/cardinal-tapes.com\/fr\/rubans-adhesifs-fr\/abc-du-ruban-adhesif\/bandes-plastifiees\/\" \/>\n<meta property=\"og:locale\" content=\"fr_FR\" \/>\n<meta property=\"og:type\" content=\"article\" \/>\n<meta property=\"og:title\" content=\"Bandes plastifi\u00e9es demande | %\" \/>\n<meta property=\"og:description\" content=\"Acheter des bandes plastifi\u00e9es \u2714 Large gamme de produits \u2714 Confection et pi\u00e8ces d\u00e9coup\u00e9es \u2714 Conseils personnalis\u00e9s \u2714 Diff\u00e9rentes applications \u2714\" \/>\n<meta property=\"og:url\" content=\"https:\/\/cardinal-tapes.com\/fr\/rubans-adhesifs-fr\/abc-du-ruban-adhesif\/bandes-plastifiees\/\" \/>\n<meta property=\"og:site_name\" content=\"cardinal TAPES\" \/>\n<meta property=\"article:modified_time\" content=\"2023-06-14T08:47:05+00:00\" \/>\n<meta name=\"twitter:card\" content=\"summary_large_image\" \/>\n<meta name=\"twitter:label1\" content=\"Dur\u00e9e de lecture estim\u00e9e\" \/>\n\t<meta name=\"twitter:data1\" content=\"15 minutes\" \/>\n<script type=\"application\/ld+json\" class=\"yoast-schema-graph\">{\"@context\":\"https:\\\/\\\/schema.org\",\"@graph\":[{\"@type\":\"WebPage\",\"@id\":\"https:\\\/\\\/cardinal-tapes.com\\\/fr\\\/rubans-adhesifs-fr\\\/abc-du-ruban-adhesif\\\/bandes-plastifiees\\\/\",\"url\":\"https:\\\/\\\/cardinal-tapes.com\\\/fr\\\/rubans-adhesifs-fr\\\/abc-du-ruban-adhesif\\\/bandes-plastifiees\\\/\",\"name\":\"Bandes plastifi\u00e9es demande | %\",\"isPartOf\":{\"@id\":\"https:\\\/\\\/cardinal-tapes.com\\\/#website\"},\"datePublished\":\"2023-06-02T08:59:04+00:00\",\"dateModified\":\"2023-06-14T08:47:05+00:00\",\"description\":\"Acheter des bandes plastifi\u00e9es \u2714 Large gamme de produits \u2714 Confection et pi\u00e8ces d\u00e9coup\u00e9es \u2714 Conseils personnalis\u00e9s \u2714 Diff\u00e9rentes applications \u2714\",\"breadcrumb\":{\"@id\":\"https:\\\/\\\/cardinal-tapes.com\\\/fr\\\/rubans-adhesifs-fr\\\/abc-du-ruban-adhesif\\\/bandes-plastifiees\\\/#breadcrumb\"},\"inLanguage\":\"fr-FR\",\"potentialAction\":[{\"@type\":\"ReadAction\",\"target\":[\"https:\\\/\\\/cardinal-tapes.com\\\/fr\\\/rubans-adhesifs-fr\\\/abc-du-ruban-adhesif\\\/bandes-plastifiees\\\/\"]}]},{\"@type\":\"BreadcrumbList\",\"@id\":\"https:\\\/\\\/cardinal-tapes.com\\\/fr\\\/rubans-adhesifs-fr\\\/abc-du-ruban-adhesif\\\/bandes-plastifiees\\\/#breadcrumb\",\"itemListElement\":[{\"@type\":\"ListItem\",\"position\":1,\"name\":\"Startseite\",\"item\":\"https:\\\/\\\/cardinal-tapes.com\\\/fr\\\/accueil\\\/\"},{\"@type\":\"ListItem\",\"position\":2,\"name\":\"Rubans adh\u00e9sifs\",\"item\":\"https:\\\/\\\/cardinal-tapes.com\\\/fr\\\/rubans-adhesifs-fr\\\/\"},{\"@type\":\"ListItem\",\"position\":3,\"name\":\"ABC du ruban adh\u00e9sif\",\"item\":\"https:\\\/\\\/cardinal-tapes.com\\\/fr\\\/rubans-adhesifs-fr__trashed\\\/abc-du-ruban-adhesif\\\/\"},{\"@type\":\"ListItem\",\"position\":4,\"name\":\"Bandes plastifi\u00e9es\"}]},{\"@type\":\"WebSite\",\"@id\":\"https:\\\/\\\/cardinal-tapes.com\\\/#website\",\"url\":\"https:\\\/\\\/cardinal-tapes.com\\\/\",\"name\":\"cardinal TAPES\",\"description\":\"Klebetechnik aus Wuppertal\",\"potentialAction\":[{\"@type\":\"SearchAction\",\"target\":{\"@type\":\"EntryPoint\",\"urlTemplate\":\"https:\\\/\\\/cardinal-tapes.com\\\/?s={search_term_string}\"},\"query-input\":{\"@type\":\"PropertyValueSpecification\",\"valueRequired\":true,\"valueName\":\"search_term_string\"}}],\"inLanguage\":\"fr-FR\"}]}<\/script>\n<!-- \/ Yoast SEO plugin. -->","yoast_head_json":{"title":"Bandes plastifi\u00e9es demande | %","description":"Acheter des bandes plastifi\u00e9es \u2714 Large gamme de produits \u2714 Confection et pi\u00e8ces d\u00e9coup\u00e9es \u2714 Conseils personnalis\u00e9s \u2714 Diff\u00e9rentes applications \u2714","robots":{"index":"index","follow":"follow","max-snippet":"max-snippet:-1","max-image-preview":"max-image-preview:large","max-video-preview":"max-video-preview:-1"},"canonical":"https:\/\/cardinal-tapes.com\/fr\/rubans-adhesifs-fr\/abc-du-ruban-adhesif\/bandes-plastifiees\/","og_locale":"fr_FR","og_type":"article","og_title":"Bandes plastifi\u00e9es demande | %","og_description":"Acheter des bandes plastifi\u00e9es \u2714 Large gamme de produits \u2714 Confection et pi\u00e8ces d\u00e9coup\u00e9es \u2714 Conseils personnalis\u00e9s \u2714 Diff\u00e9rentes applications \u2714","og_url":"https:\/\/cardinal-tapes.com\/fr\/rubans-adhesifs-fr\/abc-du-ruban-adhesif\/bandes-plastifiees\/","og_site_name":"cardinal TAPES","article_modified_time":"2023-06-14T08:47:05+00:00","twitter_card":"summary_large_image","twitter_misc":{"Dur\u00e9e de lecture estim\u00e9e":"15 minutes"},"schema":{"@context":"https:\/\/schema.org","@graph":[{"@type":"WebPage","@id":"https:\/\/cardinal-tapes.com\/fr\/rubans-adhesifs-fr\/abc-du-ruban-adhesif\/bandes-plastifiees\/","url":"https:\/\/cardinal-tapes.com\/fr\/rubans-adhesifs-fr\/abc-du-ruban-adhesif\/bandes-plastifiees\/","name":"Bandes plastifi\u00e9es demande | %","isPartOf":{"@id":"https:\/\/cardinal-tapes.com\/#website"},"datePublished":"2023-06-02T08:59:04+00:00","dateModified":"2023-06-14T08:47:05+00:00","description":"Acheter des bandes plastifi\u00e9es \u2714 Large gamme de produits \u2714 Confection et pi\u00e8ces d\u00e9coup\u00e9es \u2714 Conseils personnalis\u00e9s \u2714 Diff\u00e9rentes applications \u2714","breadcrumb":{"@id":"https:\/\/cardinal-tapes.com\/fr\/rubans-adhesifs-fr\/abc-du-ruban-adhesif\/bandes-plastifiees\/#breadcrumb"},"inLanguage":"fr-FR","potentialAction":[{"@type":"ReadAction","target":["https:\/\/cardinal-tapes.com\/fr\/rubans-adhesifs-fr\/abc-du-ruban-adhesif\/bandes-plastifiees\/"]}]},{"@type":"BreadcrumbList","@id":"https:\/\/cardinal-tapes.com\/fr\/rubans-adhesifs-fr\/abc-du-ruban-adhesif\/bandes-plastifiees\/#breadcrumb","itemListElement":[{"@type":"ListItem","position":1,"name":"Startseite","item":"https:\/\/cardinal-tapes.com\/fr\/accueil\/"},{"@type":"ListItem","position":2,"name":"Rubans adh\u00e9sifs","item":"https:\/\/cardinal-tapes.com\/fr\/rubans-adhesifs-fr\/"},{"@type":"ListItem","position":3,"name":"ABC du ruban adh\u00e9sif","item":"https:\/\/cardinal-tapes.com\/fr\/rubans-adhesifs-fr__trashed\/abc-du-ruban-adhesif\/"},{"@type":"ListItem","position":4,"name":"Bandes plastifi\u00e9es"}]},{"@type":"WebSite","@id":"https:\/\/cardinal-tapes.com\/#website","url":"https:\/\/cardinal-tapes.com\/","name":"cardinal TAPES","description":"Klebetechnik aus Wuppertal","potentialAction":[{"@type":"SearchAction","target":{"@type":"EntryPoint","urlTemplate":"https:\/\/cardinal-tapes.com\/?s={search_term_string}"},"query-input":{"@type":"PropertyValueSpecification","valueRequired":true,"valueName":"search_term_string"}}],"inLanguage":"fr-FR"}]}},"_links":{"self":[{"href":"https:\/\/cardinal-tapes.com\/fr\/wp-json\/wp\/v2\/pages\/30895","targetHints":{"allow":["GET"]}}],"collection":[{"href":"https:\/\/cardinal-tapes.com\/fr\/wp-json\/wp\/v2\/pages"}],"about":[{"href":"https:\/\/cardinal-tapes.com\/fr\/wp-json\/wp\/v2\/types\/page"}],"author":[{"embeddable":true,"href":"https:\/\/cardinal-tapes.com\/fr\/wp-json\/wp\/v2\/users\/1"}],"replies":[{"embeddable":true,"href":"https:\/\/cardinal-tapes.com\/fr\/wp-json\/wp\/v2\/comments?post=30895"}],"version-history":[{"count":0,"href":"https:\/\/cardinal-tapes.com\/fr\/wp-json\/wp\/v2\/pages\/30895\/revisions"}],"up":[{"embeddable":true,"href":"https:\/\/cardinal-tapes.com\/fr\/wp-json\/wp\/v2\/pages\/30749"}],"wp:attachment":[{"href":"https:\/\/cardinal-tapes.com\/fr\/wp-json\/wp\/v2\/media?parent=30895"}],"curies":[{"name":"wp","href":"https:\/\/api.w.org\/{rel}","templated":true}]}}