{"id":30867,"date":"2023-06-02T10:59:04","date_gmt":"2023-06-02T08:59:04","guid":{"rendered":"https:\/\/cardinal.pixel-tal.de\/rubans-adhesifs\/abc-du-ruban-adhesif\/ruban-de-signalisation\/"},"modified":"2023-06-14T10:47:09","modified_gmt":"2023-06-14T08:47:09","slug":"ruban-de-signalisation","status":"publish","type":"page","link":"https:\/\/cardinal-tapes.com\/fr\/rubans-adhesifs-fr\/abc-du-ruban-adhesif\/ruban-de-signalisation\/","title":{"rendered":"Ruban de signalisation"},"content":{"rendered":"<div id='av_section_1'  class='avia-section av-3kt4zp4-7981db0a9b6ad76c976bf91968777e06 alternate_color avia-section-default avia-no-border-styling  avia-builder-el-0  el_before_av_section  avia-builder-el-first  avia-bg-style-scroll container_wrap fullsize'  ><div class='container av-section-cont-open' ><main  role=\"main\" itemprop=\"mainContentOfPage\"  class='template-page content  av-content-full alpha units'><div class='post-entry post-entry-type-page post-entry-30867'><div class='entry-content-wrapper clearfix'>\n<div  class='flex_column av-add6xk-1972a486a480ff02fac1fb239c1dc36e av_one_full  avia-builder-el-1  el_before_av_one_half  avia-builder-el-first  first flex_column_div  '     ><div class=\"pxl-headline pxl-hl hl-wrap | hl-sub--off hl--align-left hl--no-margin    \">\n        <div class=\"hl-inner\">\n            <h2 class=\"hl-main hl-line |  hl_main--default  \">Ruban de signalisation<\/h2>\n            \n    <\/div>\n<\/div><\/div><div  class='flex_column av-2kd41w8-d3c45ba23e39802be7ee147e410fcb29 av_one_half  avia-builder-el-3  el_after_av_one_full  el_before_av_one_half  first flex_column_div  column-top-margin'     ><section  class='av_textblock_section av-11dvvx-2fda3b51363ca4c68d6e5f503353f7f2 '   itemscope=\"itemscope\" itemtype=\"https:\/\/schema.org\/CreativeWork\" ><div class='avia_textblock'  itemprop=\"text\" ><p>Vous souhaitez acheter du ruban de d\u00e9limitation en ligne pour vos clients ou pour vos propres besoins plus importants ? En tant que distributeur, nous sommes sp\u00e9cialis\u00e9s dans les rubans adh\u00e9sifs et les rubans de d\u00e9limitation. Dans notre assortiment en constante \u00e9volution, vous trouverez un grand choix de rubans de signalisation diff\u00e9rents. Si vous avez en outre des souhaits particuliers, nous pouvons \u00e9galement <a href=\"https:\/\/cardinal-tapes.com\/fr\/confection\/\">confectionner<\/a> votre ruban de d\u00e9limitation. Vous avez des questions \u00e0 ce sujet ? N&#8217;h\u00e9sitez pas \u00e0 prendre <a href=\"\/ueber-cardinal\/kontakt\/\">contact<\/a> avec nos experts.<\/p>\n<h4>Ruban de d\u00e9limitation &#8211; De nombreuses applications<\/h4>\n<p>Le but de l&#8217;utilisation d&#8217;un ruban de d\u00e9limitation est \u00e9vident : il s&#8217;agit de d\u00e9limiter certaines zones afin d&#8217;en interdire l&#8217;acc\u00e8s aux personnes non autoris\u00e9es. Les exemples les plus courants sont les chantiers de construction, les lieux d&#8217;accidents, les lieux d&#8217;enqu\u00eates polici\u00e8res, etc. Si vous souhaitez acheter un ruban de d\u00e9limitation, mais que vous ne savez pas si nos produits sont adapt\u00e9s \u00e0 votre application, nous vous conseillerons volontiers \u00e0 ce sujet.<\/p>\n<h4>Faire attention au mat\u00e9riau des rubans de d\u00e9limitation<\/h4>\n<p>Les rubans de d\u00e9limitation restent souvent longtemps \u00e0 l&#8217;air libre. Cela signifie qu&#8217;ils doivent \u00eatre r\u00e9sistants et r\u00e9sister aux influences environnementales. N\u00e9anmoins, le mat\u00e9riau doit \u00eatre respectueux de l&#8217;environnement. Les rubans de d\u00e9limitation \u00e0 base de film PE-LD conviennent g\u00e9n\u00e9ralement \u00e0 cet effet.<\/p>\n<\/div><\/section><\/div><div  class='flex_column av-22hxh2w-96870fa7f41b8e3d42a92ad17f339813 av_one_half  avia-builder-el-5  el_after_av_one_half  avia-builder-el-last  flex_column_div  column-top-margin'     ><section  class='av_textblock_section av-7jjge5-22130320851b68ee7f15493218843b69 '   itemscope=\"itemscope\" itemtype=\"https:\/\/schema.org\/CreativeWork\" ><div class='avia_textblock'  itemprop=\"text\" ><p>En revanche, pour d&#8217;autres applications, lorsque les bandes sont par exemple sous tension, les mati\u00e8res plastiques comme le poly\u00e9thyl\u00e8ne HD sont plus adapt\u00e9es. De m\u00eame, la question de savoir si le ruban doit \u00eatre d\u00e9chirable \u00e0 la main joue un r\u00f4le. Si vous souhaitez donc acheter du ruban de d\u00e9limitation en ligne, il faut tenir compte de nombreux facteurs<\/p>\n<h4>Couleur et dimensions des rubans de d\u00e9limitation<\/h4>\n<p>Les rubans de d\u00e9limitation noirs et jaunes et les rubans de d\u00e9limitation rouges et blancs sont typiques. Cela s&#8217;explique par le fait que ces couleurs servent de couleurs de signalisation. Il est possible qu&#8217;un <u>ruban de signalisation<\/u> soit plus adapt\u00e9 \u00e0 votre application. Outre le choix des couleurs, les dimensions jouent \u00e9galement un r\u00f4le d\u00e9cisif. C&#8217;est pourquoi nous vous proposons un grand assortiment de rubans de d\u00e9limitation en noir-jaune et rouge-blanc de diff\u00e9rentes tailles.<\/p>\n<h4>Bandes de d\u00e9limitation individuelles<\/h4>\n<p>Pour certaines applications, les rubans de d\u00e9limitation devraient \u00eatre trait\u00e9s par confection. Cela peut par exemple faciliter la manipulation dans la pratique. Nous utilisons pour cela les proc\u00e9d\u00e9s les plus modernes et vous proposons des rubans d\u00e9coup\u00e9s individuellement ou des produits avec des inscriptions. Le ruban de d\u00e9limitation noir et jaune ou rouge et blanc ne convient pas \u00e0 votre application ? Dans ce cas, n&#8217;h\u00e9sitez pas \u00e0 nous demander d&#8217;autres configurations de couleurs. Nos collaborateurs se r\u00e9jouissent de votre <a href=\"\/ueber-cardinal\/kontakt\/\">prise de contact<\/a>.<\/p>\n<\/div><\/section><\/div>\n\n<\/div><\/div><\/main><!-- close content main element --><\/div><\/div><div id='av_section_2'  class='avia-section av-1nuwke0-babfb0980c8484b4ed2ac5359e585391 main_color avia-section-default avia-no-border-styling  avia-builder-el-7  el_after_av_section  avia-builder-el-last  gradient-section avia-bg-style-scroll container_wrap fullsize'  ><div class='container av-section-cont-open' ><div class='template-page content  av-content-full alpha units'><div class='post-entry post-entry-type-page post-entry-30867'><div class='entry-content-wrapper clearfix'>\n<div  class='flex_column av-1527a7s-c9dc73e716e67288f3d7e0b443273665 av_one_full  avia-builder-el-8  avia-builder-el-no-sibling  first flex_column_div  '     ><p><div class=\"pxl-headline pxl-hl hl-wrap | hl-sub--off hl--align-left hl--no-margin    \">\n        <div class=\"hl-inner\">\n            <h2 class=\"hl-main hl-line |  hl_main--default  \">Produits int\u00e9ressants<\/h2>\n            \n    <\/div>\n<\/div>\n<br \/>\n<div   data-autoplay=''  data-interval='5'  data-animation='fade'  data-hoverpause='1'  class='template-shop avia-content-slider avia-content-slider-active avia-product-slider1 avia-content-slider-even  avia-builder-el-10  el_after_pixel_sc_headline  el_before_av_button   shop_columns_4' ><div class='avia-content-slider-inner'><ul class=\"products slide-entry-wrap\"><li class=\"product type-product post-41774 status-publish first instock product_cat-ruban-adhesif-de-marquage-au-sol product_cat-ruban-adhesif-en-tissu product_cat-rubans-adhesifs-simple-face product_cat-film-pvc has-post-thumbnail sale taxable shipping-taxable purchasable product-type-variable\">\n\t<div class='inner_product main_color wrapped_style noLightbox product_on_sale av-product-class-no_button'><a href=\"https:\/\/cardinal-tapes.com\/fr\/rubans-adh\u00e9sifs\/rubans-adhesifs-simple-face\/film-pvc\/bande-de-marquage-au-sol-at8\/\" class=\"woocommerce-LoopProduct-link woocommerce-loop-product__link\"><div class=\"thumbnail_container\"><img decoding=\"async\" loading=\"lazy\" width=\"450\" height=\"450\" src=\"https:\/\/cardinal-tapes.com\/wp-content\/uploads\/Advance-Tapes_AT0008_Group-450x450.jpg\" class=\"wp-image-28616 avia-img-lazy-loading-28616 attachment-shop_catalog size-shop_catalog wp-post-image\" alt=\"AT8 Bande de marquage au sol - d&#039;un c\u00f4t\u00e9, Film PVC, Caoutchouc naturel - Illustration 28616\" srcset=\"https:\/\/cardinal-tapes.com\/wp-content\/uploads\/Advance-Tapes_AT0008_Group-450x450.jpg 450w, https:\/\/cardinal-tapes.com\/wp-content\/uploads\/Advance-Tapes_AT0008_Group-120x120.jpg 120w, https:\/\/cardinal-tapes.com\/wp-content\/uploads\/Advance-Tapes_AT0008_Group-80x80.jpg 80w, https:\/\/cardinal-tapes.com\/wp-content\/uploads\/Advance-Tapes_AT0008_Group-200x200.jpg 200w, https:\/\/cardinal-tapes.com\/wp-content\/uploads\/Advance-Tapes_AT0008_Group-36x36.jpg 36w, https:\/\/cardinal-tapes.com\/wp-content\/uploads\/Advance-Tapes_AT0008_Group-180x180.jpg 180w, https:\/\/cardinal-tapes.com\/wp-content\/uploads\/Advance-Tapes_AT0008_Group-100x100.jpg 100w, https:\/\/cardinal-tapes.com\/wp-content\/uploads\/Advance-Tapes_AT0008_Group.jpg 600w\" sizes=\"auto, (max-width: 450px) 100vw, 450px\" \/><\/div><div class='inner_product_header'><div class='avia-arrow'><\/div><div class='inner_product_header_table'><div class='inner_product_header_cell'><span class=\"is-h2 woocommerce-loop-product__title\">AT8 Bande de marquage au sol<\/span>\t\t<div class=\"product-infos\">\n\t\t\t\t\t\t\t<span class='product-infos__item'><b>Rev\u00eatement:<\/b> d'un c\u00f4t\u00e9<\/span>\n\t\t\t\t\t\t\t\t\t\t<span class='product-infos__item'><b>Type de mat\u00e9riau:<\/b> Film PVC<\/span>\n\t\t\t\t\t\t\t\t\t\t<span class='product-infos__item'><b>Fabricant:<\/b> Advance Tapes<\/span>\n\t\t\t\t\t\t\t\t\t\t<span class='product-infos__item'><b>Prix sur demande<\/b><\/span>\n\t\t\t\t\t<\/div>\n\t\n\t<span class=\"onsale\">Promo\u00a0!<\/span>\n\t<\/div><\/div><\/div><\/a><\/div><\/li>\n<li class=\"product type-product post-55169 status-publish instock product_cat-ruban-adhesif-de-marquage-au-sol product_cat-ruban-adhesif-en-tissu product_cat-rubans-adhesifs-simple-face has-post-thumbnail taxable shipping-taxable purchasable product-type-variable\">\n\t<div class='inner_product main_color wrapped_style noLightbox  av-product-class-no_button'><a href=\"https:\/\/cardinal-tapes.com\/fr\/rubans-adh\u00e9sifs\/domaines-dapplication\/ruban-adhesif-de-marquage-au-sol\/ca-345-pe-bande-adhesive-tissu-revetue\/\" class=\"woocommerce-LoopProduct-link woocommerce-loop-product__link\"><div class=\"thumbnail_container\"><img decoding=\"async\" loading=\"lazy\" width=\"450\" height=\"450\" src=\"https:\/\/cardinal-tapes.com\/wp-content\/uploads\/CA_345_retouched-450x450.jpg\" class=\"wp-image-27116 avia-img-lazy-loading-27116 attachment-shop_catalog size-shop_catalog wp-post-image\" alt=\"CA-345 Ruban adh\u00e9sif en tissu enduit de PE -Bande de signalisation - d&#039;un c\u00f4t\u00e9, Tissu, Caoutchouc naturel - Illustration 27116\" srcset=\"https:\/\/cardinal-tapes.com\/wp-content\/uploads\/CA_345_retouched-450x450.jpg 450w, https:\/\/cardinal-tapes.com\/wp-content\/uploads\/CA_345_retouched-120x120.jpg 120w, https:\/\/cardinal-tapes.com\/wp-content\/uploads\/CA_345_retouched-80x80.jpg 80w, https:\/\/cardinal-tapes.com\/wp-content\/uploads\/CA_345_retouched-36x36.jpg 36w, https:\/\/cardinal-tapes.com\/wp-content\/uploads\/CA_345_retouched-180x180.jpg 180w, https:\/\/cardinal-tapes.com\/wp-content\/uploads\/CA_345_retouched-100x100.jpg 100w\" sizes=\"auto, (max-width: 450px) 100vw, 450px\" \/><\/div><div class='inner_product_header'><div class='avia-arrow'><\/div><div class='inner_product_header_table'><div class='inner_product_header_cell'><span class=\"is-h2 woocommerce-loop-product__title\">CA-345 Ruban adh\u00e9sif en tissu enduit de PE -Bande de signalisation<\/span>\t\t<div class=\"product-infos\">\n\t\t\t\t\t\t\t<span class='product-infos__item'><b>Rev\u00eatement:<\/b> d'un c\u00f4t\u00e9<\/span>\n\t\t\t\t\t\t\t\t\t\t<span class='product-infos__item'><b>Type de mat\u00e9riau:<\/b> Tissu<\/span>\n\t\t\t\t\t\t\t\t\t\t<span class='product-infos__item'><b>Fabricant:<\/b> cardinal GmbH<\/span>\n\t\t\t\t\t\t\t\t\t\t<span class='product-infos__item'><b>Prix sur demande<\/b><\/span>\n\t\t\t\t\t<\/div>\n\t<\/div><\/div><\/div><\/a><\/div><\/li>\n<li class=\"product type-product post-55184 status-publish instock product_cat-ruban-adhesif-de-marquage-au-sol product_cat-rubans-adhesifs-simple-face has-post-thumbnail taxable shipping-taxable purchasable product-type-variable\">\n\t<div class='inner_product main_color wrapped_style noLightbox  av-product-class-no_button'><a href=\"https:\/\/cardinal-tapes.com\/fr\/rubans-adh\u00e9sifs\/domaines-dapplication\/ruban-adhesif-de-marquage-au-sol\/ca-537-bande-adhesive-de-marquage-de-sol-en-pvc\/\" class=\"woocommerce-LoopProduct-link woocommerce-loop-product__link\"><div class=\"thumbnail_container\"><img decoding=\"async\" loading=\"lazy\" width=\"450\" height=\"450\" src=\"https:\/\/cardinal-tapes.com\/wp-content\/uploads\/CA_Mix02_01-450x450.jpg\" class=\"wp-image-26936 avia-img-lazy-loading-26936 attachment-shop_catalog size-shop_catalog wp-post-image\" alt=\"CA-537 Ruban adh\u00e9sif de marquage au sol en PVC - d&#039;un c\u00f4t\u00e9, Film PVC, Caoutchouc naturel - Illustration 26936\" srcset=\"https:\/\/cardinal-tapes.com\/wp-content\/uploads\/CA_Mix02_01-450x450.jpg 450w, https:\/\/cardinal-tapes.com\/wp-content\/uploads\/CA_Mix02_01-120x120.jpg 120w, https:\/\/cardinal-tapes.com\/wp-content\/uploads\/CA_Mix02_01-80x80.jpg 80w, https:\/\/cardinal-tapes.com\/wp-content\/uploads\/CA_Mix02_01-36x36.jpg 36w, https:\/\/cardinal-tapes.com\/wp-content\/uploads\/CA_Mix02_01-180x180.jpg 180w, https:\/\/cardinal-tapes.com\/wp-content\/uploads\/CA_Mix02_01-100x100.jpg 100w\" sizes=\"auto, (max-width: 450px) 100vw, 450px\" \/><\/div><div class='inner_product_header'><div class='avia-arrow'><\/div><div class='inner_product_header_table'><div class='inner_product_header_cell'><span class=\"is-h2 woocommerce-loop-product__title\">CA-537 Ruban adh\u00e9sif de marquage au sol en PVC<\/span>\t\t<div class=\"product-infos\">\n\t\t\t\t\t\t\t<span class='product-infos__item'><b>Rev\u00eatement:<\/b> d'un c\u00f4t\u00e9<\/span>\n\t\t\t\t\t\t\t\t\t\t<span class='product-infos__item'><b>Type de mat\u00e9riau:<\/b> Film PVC<\/span>\n\t\t\t\t\t\t\t\t\t\t<span class='product-infos__item'><b>Fabricant:<\/b> cardinal GmbH<\/span>\n\t\t\t\t\t\t\t\t\t\t<span class='product-infos__item'><b>Prix sur demande<\/b><\/span>\n\t\t\t\t\t<\/div>\n\t<\/div><\/div><\/div><\/a><\/div><\/li>\n<li class=\"product type-product post-45864 status-publish last instock product_cat-rubans-adhesifs-simple-face product_cat-systemes-demballage product_cat-ruban-adhesif-de-marquage-au-sol has-post-thumbnail taxable shipping-taxable purchasable product-type-simple\">\n\t<div class='inner_product main_color wrapped_style noLightbox  av-product-class-no_button'><a href=\"https:\/\/cardinal-tapes.com\/fr\/rubans-adh\u00e9sifs\/domaines-dapplication\/ruban-adhesif-de-marquage-au-sol\/ca-3071-derouleur-bande-de-marquage-au-sol\/\" class=\"woocommerce-LoopProduct-link woocommerce-loop-product__link\"><div class=\"thumbnail_container\"><img decoding=\"async\" loading=\"lazy\" width=\"450\" height=\"450\" src=\"https:\/\/cardinal-tapes.com\/wp-content\/uploads\/Bild-2-Verarbeitsger\u00e4t-Bodenmarkierung-450x450.jpg\" class=\"wp-image-26992 avia-img-lazy-loading-26992 attachment-shop_catalog size-shop_catalog wp-post-image\" alt=\"CA-3071 D\u00e9rouleur pour ruban de marquage au sol - , M\u00e9tal,  - Illustration 26992\" srcset=\"https:\/\/cardinal-tapes.com\/wp-content\/uploads\/Bild-2-Verarbeitsger\u00e4t-Bodenmarkierung-450x450.jpg 450w, https:\/\/cardinal-tapes.com\/wp-content\/uploads\/Bild-2-Verarbeitsger\u00e4t-Bodenmarkierung-120x120.jpg 120w, https:\/\/cardinal-tapes.com\/wp-content\/uploads\/Bild-2-Verarbeitsger\u00e4t-Bodenmarkierung-80x80.jpg 80w, https:\/\/cardinal-tapes.com\/wp-content\/uploads\/Bild-2-Verarbeitsger\u00e4t-Bodenmarkierung-200x200.jpg 200w, https:\/\/cardinal-tapes.com\/wp-content\/uploads\/Bild-2-Verarbeitsger\u00e4t-Bodenmarkierung-768x768.jpg 768w, https:\/\/cardinal-tapes.com\/wp-content\/uploads\/Bild-2-Verarbeitsger\u00e4t-Bodenmarkierung-1030x1030.jpg 1030w, https:\/\/cardinal-tapes.com\/wp-content\/uploads\/Bild-2-Verarbeitsger\u00e4t-Bodenmarkierung-1536x1536.jpg 1536w, https:\/\/cardinal-tapes.com\/wp-content\/uploads\/Bild-2-Verarbeitsger\u00e4t-Bodenmarkierung-36x36.jpg 36w, https:\/\/cardinal-tapes.com\/wp-content\/uploads\/Bild-2-Verarbeitsger\u00e4t-Bodenmarkierung-180x180.jpg 180w, https:\/\/cardinal-tapes.com\/wp-content\/uploads\/Bild-2-Verarbeitsger\u00e4t-Bodenmarkierung-1500x1500.jpg 1500w, https:\/\/cardinal-tapes.com\/wp-content\/uploads\/Bild-2-Verarbeitsger\u00e4t-Bodenmarkierung-705x705.jpg 705w, https:\/\/cardinal-tapes.com\/wp-content\/uploads\/Bild-2-Verarbeitsger\u00e4t-Bodenmarkierung-100x100.jpg 100w, https:\/\/cardinal-tapes.com\/wp-content\/uploads\/Bild-2-Verarbeitsger\u00e4t-Bodenmarkierung.jpg 1722w\" sizes=\"auto, (max-width: 450px) 100vw, 450px\" \/><span class=\"cart-loading\"><\/span><\/div><div class='inner_product_header'><div class='avia-arrow'><\/div><div class='inner_product_header_table'><div class='inner_product_header_cell'><span class=\"is-h2 woocommerce-loop-product__title\">CA-3071 D\u00e9rouleur pour ruban de marquage au sol<\/span>\t\t<div class=\"product-infos\">\n\t\t\t\t\t\t\t\t\t\t<span class='product-infos__item'><b>Type de mat\u00e9riau:<\/b> M\u00e9tal<\/span>\n\t\t\t\t\t\t\t\t\t\t<span class='product-infos__item'><b>Fabricant:<\/b> cardinal GmbH<\/span>\n\t\t\t\t\t\t\t\t\t\t<span class='product-infos__item'><b>Prix sur demande<\/b><\/span>\n\t\t\t\t\t<\/div>\n\t<\/div><\/div><\/div><\/a><\/div><\/li>\n<\/ul><\/div><\/div><div class=\"clear\"><\/div><br \/>\n<div  class='avia-button-wrap av-lislfeqp-69e9bee4a1bda4c30068ce1b3b82687e-wrap avia-button-left '><a href='https:\/\/cardinal-tapes.com\/klebebaender\/'  class='avia-button av-lislfeqp-69e9bee4a1bda4c30068ce1b3b82687e avia-icon_select-no avia-size-medium avia-position-left avia-color-theme-color layout-border color-white'  ><span class='avia_iconbox_title' >Tous les produits<\/span><\/a><\/div><\/p><\/div>\n","protected":false},"excerpt":{"rendered":"","protected":false},"author":1,"featured_media":0,"parent":30749,"menu_order":20,"comment_status":"closed","ping_status":"closed","template":"","meta":{"_acf_changed":false,"footnotes":""},"class_list":["post-30867","page","type-page","status-publish","hentry"],"acf":[],"yoast_head":"<!-- This site is optimized with the Yoast SEO plugin v27.3 - https:\/\/yoast.com\/product\/yoast-seo-wordpress\/ -->\n<title>Acheter du ruban de balisage en ligne - Grand assortiment de Cardinal Tapes<\/title>\n<meta name=\"description\" content=\"Acheter ruban de d\u00e9limitation en ligne \u2713 Ruban de d\u00e9limitation rouge blanc \u2713 Ruban de d\u00e9limitation noir jaune \u2713 Diff\u00e9rentes dimensions \u2713 Rubans de d\u00e9limitation individuels pour de multiples applications \u2713\" \/>\n<meta name=\"robots\" content=\"index, follow, max-snippet:-1, max-image-preview:large, max-video-preview:-1\" \/>\n<link rel=\"canonical\" href=\"https:\/\/cardinal-tapes.com\/fr\/rubans-adhesifs-fr\/abc-du-ruban-adhesif\/ruban-de-signalisation\/\" \/>\n<meta property=\"og:locale\" content=\"fr_FR\" \/>\n<meta property=\"og:type\" content=\"article\" \/>\n<meta property=\"og:title\" content=\"Acheter du ruban de balisage en ligne - Grand assortiment de Cardinal Tapes\" \/>\n<meta property=\"og:description\" content=\"Acheter ruban de d\u00e9limitation en ligne \u2713 Ruban de d\u00e9limitation rouge blanc \u2713 Ruban de d\u00e9limitation noir jaune \u2713 Diff\u00e9rentes dimensions \u2713 Rubans de d\u00e9limitation individuels pour de multiples applications \u2713\" \/>\n<meta property=\"og:url\" content=\"https:\/\/cardinal-tapes.com\/fr\/rubans-adhesifs-fr\/abc-du-ruban-adhesif\/ruban-de-signalisation\/\" \/>\n<meta property=\"og:site_name\" content=\"cardinal TAPES\" \/>\n<meta property=\"article:modified_time\" content=\"2023-06-14T08:47:09+00:00\" \/>\n<meta name=\"twitter:card\" content=\"summary_large_image\" \/>\n<meta name=\"twitter:label1\" content=\"Dur\u00e9e de lecture estim\u00e9e\" \/>\n\t<meta name=\"twitter:data1\" content=\"16 minutes\" \/>\n<script type=\"application\/ld+json\" class=\"yoast-schema-graph\">{\"@context\":\"https:\\\/\\\/schema.org\",\"@graph\":[{\"@type\":\"WebPage\",\"@id\":\"https:\\\/\\\/cardinal-tapes.com\\\/fr\\\/rubans-adhesifs-fr\\\/abc-du-ruban-adhesif\\\/ruban-de-signalisation\\\/\",\"url\":\"https:\\\/\\\/cardinal-tapes.com\\\/fr\\\/rubans-adhesifs-fr\\\/abc-du-ruban-adhesif\\\/ruban-de-signalisation\\\/\",\"name\":\"Acheter du ruban de balisage en ligne - Grand assortiment de Cardinal Tapes\",\"isPartOf\":{\"@id\":\"https:\\\/\\\/cardinal-tapes.com\\\/#website\"},\"datePublished\":\"2023-06-02T08:59:04+00:00\",\"dateModified\":\"2023-06-14T08:47:09+00:00\",\"description\":\"Acheter ruban de d\u00e9limitation en ligne \u2713 Ruban de d\u00e9limitation rouge blanc \u2713 Ruban de d\u00e9limitation noir jaune \u2713 Diff\u00e9rentes dimensions \u2713 Rubans de d\u00e9limitation individuels pour de multiples applications \u2713\",\"breadcrumb\":{\"@id\":\"https:\\\/\\\/cardinal-tapes.com\\\/fr\\\/rubans-adhesifs-fr\\\/abc-du-ruban-adhesif\\\/ruban-de-signalisation\\\/#breadcrumb\"},\"inLanguage\":\"fr-FR\",\"potentialAction\":[{\"@type\":\"ReadAction\",\"target\":[\"https:\\\/\\\/cardinal-tapes.com\\\/fr\\\/rubans-adhesifs-fr\\\/abc-du-ruban-adhesif\\\/ruban-de-signalisation\\\/\"]}]},{\"@type\":\"BreadcrumbList\",\"@id\":\"https:\\\/\\\/cardinal-tapes.com\\\/fr\\\/rubans-adhesifs-fr\\\/abc-du-ruban-adhesif\\\/ruban-de-signalisation\\\/#breadcrumb\",\"itemListElement\":[{\"@type\":\"ListItem\",\"position\":1,\"name\":\"Startseite\",\"item\":\"https:\\\/\\\/cardinal-tapes.com\\\/fr\\\/accueil\\\/\"},{\"@type\":\"ListItem\",\"position\":2,\"name\":\"Rubans adh\u00e9sifs\",\"item\":\"https:\\\/\\\/cardinal-tapes.com\\\/fr\\\/rubans-adhesifs-fr\\\/\"},{\"@type\":\"ListItem\",\"position\":3,\"name\":\"ABC du ruban adh\u00e9sif\",\"item\":\"https:\\\/\\\/cardinal-tapes.com\\\/fr\\\/rubans-adhesifs-fr__trashed\\\/abc-du-ruban-adhesif\\\/\"},{\"@type\":\"ListItem\",\"position\":4,\"name\":\"Ruban de signalisation\"}]},{\"@type\":\"WebSite\",\"@id\":\"https:\\\/\\\/cardinal-tapes.com\\\/#website\",\"url\":\"https:\\\/\\\/cardinal-tapes.com\\\/\",\"name\":\"cardinal TAPES\",\"description\":\"Klebetechnik aus Wuppertal\",\"potentialAction\":[{\"@type\":\"SearchAction\",\"target\":{\"@type\":\"EntryPoint\",\"urlTemplate\":\"https:\\\/\\\/cardinal-tapes.com\\\/?s={search_term_string}\"},\"query-input\":{\"@type\":\"PropertyValueSpecification\",\"valueRequired\":true,\"valueName\":\"search_term_string\"}}],\"inLanguage\":\"fr-FR\"}]}<\/script>\n<!-- \/ Yoast SEO plugin. -->","yoast_head_json":{"title":"Acheter du ruban de balisage en ligne - Grand assortiment de Cardinal Tapes","description":"Acheter ruban de d\u00e9limitation en ligne \u2713 Ruban de d\u00e9limitation rouge blanc \u2713 Ruban de d\u00e9limitation noir jaune \u2713 Diff\u00e9rentes dimensions \u2713 Rubans de d\u00e9limitation individuels pour de multiples applications \u2713","robots":{"index":"index","follow":"follow","max-snippet":"max-snippet:-1","max-image-preview":"max-image-preview:large","max-video-preview":"max-video-preview:-1"},"canonical":"https:\/\/cardinal-tapes.com\/fr\/rubans-adhesifs-fr\/abc-du-ruban-adhesif\/ruban-de-signalisation\/","og_locale":"fr_FR","og_type":"article","og_title":"Acheter du ruban de balisage en ligne - Grand assortiment de Cardinal Tapes","og_description":"Acheter ruban de d\u00e9limitation en ligne \u2713 Ruban de d\u00e9limitation rouge blanc \u2713 Ruban de d\u00e9limitation noir jaune \u2713 Diff\u00e9rentes dimensions \u2713 Rubans de d\u00e9limitation individuels pour de multiples applications \u2713","og_url":"https:\/\/cardinal-tapes.com\/fr\/rubans-adhesifs-fr\/abc-du-ruban-adhesif\/ruban-de-signalisation\/","og_site_name":"cardinal TAPES","article_modified_time":"2023-06-14T08:47:09+00:00","twitter_card":"summary_large_image","twitter_misc":{"Dur\u00e9e de lecture estim\u00e9e":"16 minutes"},"schema":{"@context":"https:\/\/schema.org","@graph":[{"@type":"WebPage","@id":"https:\/\/cardinal-tapes.com\/fr\/rubans-adhesifs-fr\/abc-du-ruban-adhesif\/ruban-de-signalisation\/","url":"https:\/\/cardinal-tapes.com\/fr\/rubans-adhesifs-fr\/abc-du-ruban-adhesif\/ruban-de-signalisation\/","name":"Acheter du ruban de balisage en ligne - Grand assortiment de Cardinal Tapes","isPartOf":{"@id":"https:\/\/cardinal-tapes.com\/#website"},"datePublished":"2023-06-02T08:59:04+00:00","dateModified":"2023-06-14T08:47:09+00:00","description":"Acheter ruban de d\u00e9limitation en ligne \u2713 Ruban de d\u00e9limitation rouge blanc \u2713 Ruban de d\u00e9limitation noir jaune \u2713 Diff\u00e9rentes dimensions \u2713 Rubans de d\u00e9limitation individuels pour de multiples applications \u2713","breadcrumb":{"@id":"https:\/\/cardinal-tapes.com\/fr\/rubans-adhesifs-fr\/abc-du-ruban-adhesif\/ruban-de-signalisation\/#breadcrumb"},"inLanguage":"fr-FR","potentialAction":[{"@type":"ReadAction","target":["https:\/\/cardinal-tapes.com\/fr\/rubans-adhesifs-fr\/abc-du-ruban-adhesif\/ruban-de-signalisation\/"]}]},{"@type":"BreadcrumbList","@id":"https:\/\/cardinal-tapes.com\/fr\/rubans-adhesifs-fr\/abc-du-ruban-adhesif\/ruban-de-signalisation\/#breadcrumb","itemListElement":[{"@type":"ListItem","position":1,"name":"Startseite","item":"https:\/\/cardinal-tapes.com\/fr\/accueil\/"},{"@type":"ListItem","position":2,"name":"Rubans adh\u00e9sifs","item":"https:\/\/cardinal-tapes.com\/fr\/rubans-adhesifs-fr\/"},{"@type":"ListItem","position":3,"name":"ABC du ruban adh\u00e9sif","item":"https:\/\/cardinal-tapes.com\/fr\/rubans-adhesifs-fr__trashed\/abc-du-ruban-adhesif\/"},{"@type":"ListItem","position":4,"name":"Ruban de signalisation"}]},{"@type":"WebSite","@id":"https:\/\/cardinal-tapes.com\/#website","url":"https:\/\/cardinal-tapes.com\/","name":"cardinal TAPES","description":"Klebetechnik aus Wuppertal","potentialAction":[{"@type":"SearchAction","target":{"@type":"EntryPoint","urlTemplate":"https:\/\/cardinal-tapes.com\/?s={search_term_string}"},"query-input":{"@type":"PropertyValueSpecification","valueRequired":true,"valueName":"search_term_string"}}],"inLanguage":"fr-FR"}]}},"_links":{"self":[{"href":"https:\/\/cardinal-tapes.com\/fr\/wp-json\/wp\/v2\/pages\/30867","targetHints":{"allow":["GET"]}}],"collection":[{"href":"https:\/\/cardinal-tapes.com\/fr\/wp-json\/wp\/v2\/pages"}],"about":[{"href":"https:\/\/cardinal-tapes.com\/fr\/wp-json\/wp\/v2\/types\/page"}],"author":[{"embeddable":true,"href":"https:\/\/cardinal-tapes.com\/fr\/wp-json\/wp\/v2\/users\/1"}],"replies":[{"embeddable":true,"href":"https:\/\/cardinal-tapes.com\/fr\/wp-json\/wp\/v2\/comments?post=30867"}],"version-history":[{"count":0,"href":"https:\/\/cardinal-tapes.com\/fr\/wp-json\/wp\/v2\/pages\/30867\/revisions"}],"up":[{"embeddable":true,"href":"https:\/\/cardinal-tapes.com\/fr\/wp-json\/wp\/v2\/pages\/30749"}],"wp:attachment":[{"href":"https:\/\/cardinal-tapes.com\/fr\/wp-json\/wp\/v2\/media?parent=30867"}],"curies":[{"name":"wp","href":"https:\/\/api.w.org\/{rel}","templated":true}]}}