{"id":30836,"date":"2023-06-02T10:57:56","date_gmt":"2023-06-02T08:57:56","guid":{"rendered":"https:\/\/cardinal.pixel-tal.de\/infotheque\/instructions-de-traitement\/"},"modified":"2023-06-12T14:22:48","modified_gmt":"2023-06-12T12:22:48","slug":"instructions-de-traitement","status":"publish","type":"page","link":"https:\/\/cardinal-tapes.com\/fr\/infotheque\/instructions-de-traitement\/","title":{"rendered":"Instructions de traitement"},"content":{"rendered":"<div id='av_section_1'  class='avia-section av-59opr9-38a5fd60cb06c8d7b95ab1bc7c88bbb1 main_color avia-section-default avia-no-shadow  avia-builder-el-0  avia-builder-el-no-sibling  avia-bg-style-scroll container_wrap fullsize'  ><div class='container av-section-cont-open' ><main  role=\"main\" itemprop=\"mainContentOfPage\"  class='template-page content  av-content-full alpha units'><div class='post-entry post-entry-type-page post-entry-30836'><div class='entry-content-wrapper clearfix'>\n\n<style type=\"text\/css\" data-created_by=\"avia_inline_auto\" id=\"style-css-av-ibzol-3c16371d6ac5dfbb202655e6d1c677ba\">\n.flex_column.av-ibzol-3c16371d6ac5dfbb202655e6d1c677ba{\nborder-radius:0px 0px 0px 0px;\npadding:0px 0px 0px 0px;\n}\n<\/style>\n<div  class='flex_column av-ibzol-3c16371d6ac5dfbb202655e6d1c677ba av_three_fourth  avia-builder-el-1  el_before_av_codeblock  avia-builder-el-first  max-width-col three-fourth first flex_column_div av-animated-generic left-to-right av-zero-column-padding  '     ><p><div class=\"pxl-headline pxl-hl hl-wrap | hl-sub--bot hl--align-left hl--std-margin    \">\n        <div class=\"hl-inner\">\n            <h1 class=\"hl-main hl-line |  hl_main--default  \">Instructions de traitement<\/h1>\n            <span class=\"hl-sub hl-line |  hl_sub--default  \">Conseils importants pour l\u2019utilisation de nos produits<\/span>\n    <\/div>\n<\/div>\n<br \/>\n<section  class='av_textblock_section av-lhos7kmg-861e538d039f1b0a9b06ad070313ab17 '   itemscope=\"itemscope\" itemtype=\"https:\/\/schema.org\/CreativeWork\" ><div class='avia_textblock'  itemprop=\"text\" ><p>Les conseils de traitement suivants sont des conseils g\u00e9n\u00e9raux et s&#8217;appliquent \u00e0 une grande partie de notre assortiment standard. Mais comme il existe bien s\u00fbr quelques exceptions, il convient de toujours suivre les instructions d&#8217;utilisation sp\u00e9cifiques au produit. Si vous manquez d&#8217;informations \u00e0 ce sujet, nous pouvons vous aider.<\/p>\n<\/div><\/section><\/p><\/div>\n\n<style type=\"text\/css\" data-created_by=\"avia_inline_auto\" id=\"style-css-av-47d99h-1b08b994b3b3cc46ac25ac7ee02f6573\">\n.flex_column.av-47d99h-1b08b994b3b3cc46ac25ac7ee02f6573{\nborder-radius:0px 0px 0px 0px;\npadding:0px 0px 0px 0px;\nbackground-color:#ffffff;\n}\n<\/style>\n<div  class='flex_column av-47d99h-1b08b994b3b3cc46ac25ac7ee02f6573 av_one_third  avia-builder-el-5  el_after_av_codeblock  el_before_av_one_third  greybox first flex_column_div av-animated-generic left-to-right av-zero-column-padding  '     ><p>\n<style type=\"text\/css\" data-created_by=\"avia_inline_auto\" id=\"style-css-av-41sfbp-621327561b35b8af9af211c86c4687ec\">\n.avia-image-container.av-41sfbp-621327561b35b8af9af211c86c4687ec img.avia_image{\nbox-shadow:none;\n}\n.avia-image-container.av-41sfbp-621327561b35b8af9af211c86c4687ec .av-image-caption-overlay-center{\ncolor:#ffffff;\n}\n<\/style>\n<div  class='avia-image-container av-41sfbp-621327561b35b8af9af211c86c4687ec av-styling-no-styling avia-align-center  avia-builder-el-6  el_before_av_textblock  avia-builder-el-first '   itemprop=\"image\" itemscope=\"itemscope\" itemtype=\"https:\/\/schema.org\/ImageObject\" ><div class=\"avia-image-container-inner\"><div class=\"avia-image-overlay-wrap\"><img decoding=\"async\" fetchpriority=\"high\" class='wp-image-29392 avia-img-lazy-loading-not-29392 avia_image ' src=\"https:\/\/cardinal-tapes.com\/wp-content\/uploads\/cardinal-content-abbriebbestaendigkeit.jpg\" alt='' title='cardinal-content-abbriebbestaendigkeit'  height=\"564\" width=\"880\"  itemprop=\"thumbnailUrl\" srcset=\"https:\/\/cardinal-tapes.com\/wp-content\/uploads\/cardinal-content-abbriebbestaendigkeit.jpg 880w, https:\/\/cardinal-tapes.com\/wp-content\/uploads\/cardinal-content-abbriebbestaendigkeit-200x128.jpg 200w, https:\/\/cardinal-tapes.com\/wp-content\/uploads\/cardinal-content-abbriebbestaendigkeit-768x492.jpg 768w, https:\/\/cardinal-tapes.com\/wp-content\/uploads\/cardinal-content-abbriebbestaendigkeit-705x452.jpg 705w, https:\/\/cardinal-tapes.com\/wp-content\/uploads\/cardinal-content-abbriebbestaendigkeit-450x288.jpg 450w\" sizes=\"(max-width: 880px) 100vw, 880px\" \/><\/div><\/div><\/div><br \/>\n<section  class='av_textblock_section av-3orv9p-4cda6a064f76617c7ed3823cce2fda4e '   itemscope=\"itemscope\" itemtype=\"https:\/\/schema.org\/CreativeWork\" ><div class='avia_textblock'  itemprop=\"text\" ><h4>R\u00e9sistance \u00e0 l&#8217;abrasion<\/h4>\n<ul>\n<li>Pour obtenir une adh\u00e9rence optimale, les supports \u00e0 coller doivent \u00eatre propres, secs et exempts de graisse.<\/li>\n<li>Les substances de surface antiadh\u00e9sives telles que la poussi\u00e8re, les agents de d\u00e9moulage, les graisses ou les cires doivent \u00eatre \u00e9limin\u00e9es avant le collage.<\/li>\n<li>Dans la mesure du possible, s&#8217;assurer que le support est exempt de plastifiant.<\/li>\n<\/ul>\n<\/div><\/section><\/p><\/div>\n<style type=\"text\/css\" data-created_by=\"avia_inline_auto\" id=\"style-css-av-3mj1jp-b122fe5a638a1e9f8fc67923a0433cb5\">\n.flex_column.av-3mj1jp-b122fe5a638a1e9f8fc67923a0433cb5{\nborder-radius:0px 0px 0px 0px;\npadding:0px 0px 0px 0px;\nbackground-color:#ffffff;\n}\n<\/style>\n<div  class='flex_column av-3mj1jp-b122fe5a638a1e9f8fc67923a0433cb5 av_one_third  avia-builder-el-8  el_after_av_one_third  el_before_av_one_third  greybox flex_column_div av-animated-generic fade-in av-zero-column-padding  '     ><p>\n<style type=\"text\/css\" data-created_by=\"avia_inline_auto\" id=\"style-css-av-3e29bp-339ad7c2287def8dd9c969c475a5b349\">\n.avia-image-container.av-3e29bp-339ad7c2287def8dd9c969c475a5b349 img.avia_image{\nbox-shadow:none;\n}\n.avia-image-container.av-3e29bp-339ad7c2287def8dd9c969c475a5b349 .av-image-caption-overlay-center{\ncolor:#ffffff;\n}\n<\/style>\n<div  class='avia-image-container av-3e29bp-339ad7c2287def8dd9c969c475a5b349 av-styling-no-styling avia-align-center  avia-builder-el-9  el_before_av_textblock  avia-builder-el-first '   itemprop=\"image\" itemscope=\"itemscope\" itemtype=\"https:\/\/schema.org\/ImageObject\" ><div class=\"avia-image-container-inner\"><div class=\"avia-image-overlay-wrap\"><img decoding=\"async\" fetchpriority=\"high\" class='wp-image-29396 avia-img-lazy-loading-not-29396 avia_image ' src=\"https:\/\/cardinal-tapes.com\/wp-content\/uploads\/cardinal-content-unebenheiten.jpg\" alt='' title='cardinal-content-unebenheiten'  height=\"564\" width=\"880\"  itemprop=\"thumbnailUrl\" srcset=\"https:\/\/cardinal-tapes.com\/wp-content\/uploads\/cardinal-content-unebenheiten.jpg 880w, https:\/\/cardinal-tapes.com\/wp-content\/uploads\/cardinal-content-unebenheiten-200x128.jpg 200w, https:\/\/cardinal-tapes.com\/wp-content\/uploads\/cardinal-content-unebenheiten-768x492.jpg 768w, https:\/\/cardinal-tapes.com\/wp-content\/uploads\/cardinal-content-unebenheiten-705x452.jpg 705w, https:\/\/cardinal-tapes.com\/wp-content\/uploads\/cardinal-content-unebenheiten-450x288.jpg 450w\" sizes=\"(max-width: 880px) 100vw, 880px\" \/><\/div><\/div><\/div><br \/>\n<section  class='av_textblock_section av-314knx-ac6e447da971145ad406d10614759134 '   itemscope=\"itemscope\" itemtype=\"https:\/\/schema.org\/CreativeWork\" ><div class='avia_textblock'  itemprop=\"text\" ><h4>In\u00e9galit\u00e9s<\/h4>\n<ul>\n<li>Pour les supports rugueux et irr\u00e9guliers, utiliser des rubans adh\u00e9sifs plus \u00e9pais et \u00e9galisateurs.<\/li>\n<\/ul>\n<\/div><\/section><\/p><\/div>\n<style type=\"text\/css\" data-created_by=\"avia_inline_auto\" id=\"style-css-av-2z0m3h-178f25d703f84e0062fdff03d9130d44\">\n.flex_column.av-2z0m3h-178f25d703f84e0062fdff03d9130d44{\nborder-radius:0px 0px 0px 0px;\npadding:0px 0px 0px 0px;\nbackground-color:#ffffff;\n}\n<\/style>\n<div  class='flex_column av-2z0m3h-178f25d703f84e0062fdff03d9130d44 av_one_third  avia-builder-el-11  el_after_av_one_third  el_before_av_one_third  greybox flex_column_div av-animated-generic right-to-left av-zero-column-padding  '     ><p>\n<style type=\"text\/css\" data-created_by=\"avia_inline_auto\" id=\"style-css-av-2p0uph-45b18b4b0eb8c8ce441918cfb002033f\">\n.avia-image-container.av-2p0uph-45b18b4b0eb8c8ce441918cfb002033f img.avia_image{\nbox-shadow:none;\n}\n.avia-image-container.av-2p0uph-45b18b4b0eb8c8ce441918cfb002033f .av-image-caption-overlay-center{\ncolor:#ffffff;\n}\n<\/style>\n<div  class='avia-image-container av-2p0uph-45b18b4b0eb8c8ce441918cfb002033f av-styling-no-styling avia-align-center  avia-builder-el-12  el_before_av_textblock  avia-builder-el-first '   itemprop=\"image\" itemscope=\"itemscope\" itemtype=\"https:\/\/schema.org\/ImageObject\" ><div class=\"avia-image-container-inner\"><div class=\"avia-image-overlay-wrap\"><img decoding=\"async\" fetchpriority=\"high\" class='wp-image-29400 avia-img-lazy-loading-not-29400 avia_image ' src=\"https:\/\/cardinal-tapes.com\/wp-content\/uploads\/cardinal-content-temperatur.png\" alt='' title='cardinal-content-temperatur'  height=\"564\" width=\"880\"  itemprop=\"thumbnailUrl\" srcset=\"https:\/\/cardinal-tapes.com\/wp-content\/uploads\/cardinal-content-temperatur.png 880w, https:\/\/cardinal-tapes.com\/wp-content\/uploads\/cardinal-content-temperatur-200x128.png 200w, https:\/\/cardinal-tapes.com\/wp-content\/uploads\/cardinal-content-temperatur-768x492.png 768w, https:\/\/cardinal-tapes.com\/wp-content\/uploads\/cardinal-content-temperatur-705x452.png 705w, https:\/\/cardinal-tapes.com\/wp-content\/uploads\/cardinal-content-temperatur-450x288.png 450w\" sizes=\"(max-width: 880px) 100vw, 880px\" \/><\/div><\/div><\/div><br \/>\n<section  class='av_textblock_section av-2c3nsl-8051de2333d6979a7a29df9f9e9e10ad '   itemscope=\"itemscope\" itemtype=\"https:\/\/schema.org\/CreativeWork\" ><div class='avia_textblock'  itemprop=\"text\" ><h4>Temp\u00e9rature<\/h4>\n<ul>\n<li>La temp\u00e9rature optimale de collage se situe entre 20 et 30\u00b0C dans des locaux secs. Dans la mesure du possible, ne travaillez pas \u00e0 des temp\u00e9ratures inf\u00e9rieures \u00e0 10\u00b0C.<\/li>\n<\/ul>\n<\/div><\/section><\/p><\/div>\n<style type=\"text\/css\" data-created_by=\"avia_inline_auto\" id=\"style-css-av-24wjv1-5d157cfffebc5dfbdd36da7d9d58c3a8\">\n.flex_column.av-24wjv1-5d157cfffebc5dfbdd36da7d9d58c3a8{\nborder-radius:0px 0px 0px 0px;\npadding:0px 0px 0px 0px;\nbackground-color:#ffffff;\n}\n<\/style>\n<div  class='flex_column av-24wjv1-5d157cfffebc5dfbdd36da7d9d58c3a8 av_one_third  avia-builder-el-14  el_after_av_one_third  el_before_av_one_third  greybox first flex_column_div av-animated-generic left-to-right av-zero-column-padding  column-top-margin'     ><p>\n<style type=\"text\/css\" data-created_by=\"avia_inline_auto\" id=\"style-css-av-1ukmz1-491d54e111de3e33323257875ee5ffb2\">\n.avia-image-container.av-1ukmz1-491d54e111de3e33323257875ee5ffb2 img.avia_image{\nbox-shadow:none;\n}\n.avia-image-container.av-1ukmz1-491d54e111de3e33323257875ee5ffb2 .av-image-caption-overlay-center{\ncolor:#ffffff;\n}\n<\/style>\n<div  class='avia-image-container av-1ukmz1-491d54e111de3e33323257875ee5ffb2 av-styling-no-styling avia-align-center  avia-builder-el-15  el_before_av_textblock  avia-builder-el-first '   itemprop=\"image\" itemscope=\"itemscope\" itemtype=\"https:\/\/schema.org\/ImageObject\" ><div class=\"avia-image-container-inner\"><div class=\"avia-image-overlay-wrap\"><img decoding=\"async\" fetchpriority=\"high\" class='wp-image-29404 avia-img-lazy-loading-not-29404 avia_image ' src=\"https:\/\/cardinal-tapes.com\/wp-content\/uploads\/cardinal-content-applikation.jpg\" alt='' title='cardinal-content-applikation'  height=\"564\" width=\"880\"  itemprop=\"thumbnailUrl\" srcset=\"https:\/\/cardinal-tapes.com\/wp-content\/uploads\/cardinal-content-applikation.jpg 880w, https:\/\/cardinal-tapes.com\/wp-content\/uploads\/cardinal-content-applikation-200x128.jpg 200w, https:\/\/cardinal-tapes.com\/wp-content\/uploads\/cardinal-content-applikation-768x492.jpg 768w, https:\/\/cardinal-tapes.com\/wp-content\/uploads\/cardinal-content-applikation-705x452.jpg 705w, https:\/\/cardinal-tapes.com\/wp-content\/uploads\/cardinal-content-applikation-450x288.jpg 450w\" sizes=\"(max-width: 880px) 100vw, 880px\" \/><\/div><\/div><\/div><br \/>\n<section  class='av_textblock_section av-1ifxit-a0110023f2b3438145c7bae640aab1d7 '   itemscope=\"itemscope\" itemtype=\"https:\/\/schema.org\/CreativeWork\" ><div class='avia_textblock'  itemprop=\"text\" ><h4>Application<\/h4>\n<ul>\n<li>Le couvercle de s\u00e9paration doit \u00eatre enti\u00e8rement retir\u00e9.<\/li>\n<li>Apr\u00e8s l&#8217;assemblage, presser les pi\u00e8ces l&#8217;une contre l&#8217;autre avec une pression de contact suffisante et r\u00e9guli\u00e8re (env. 20 N\/cm\u00b2).<\/li>\n<li>Pour un collage optimal, utilisez un rouleau presseur.<\/li>\n<li>Veiller \u00e0 ce que le mat\u00e9riel d&#8217;application (y compris les mains) soit exempt d&#8217;agent de s\u00e9paration.<\/li>\n<\/ul>\n<\/div><\/section><\/p><\/div>\n<style type=\"text\/css\" data-created_by=\"avia_inline_auto\" id=\"style-css-av-1d267p-ead75e973fd4644aa6a8dc7d45d35ab8\">\n.flex_column.av-1d267p-ead75e973fd4644aa6a8dc7d45d35ab8{\nborder-radius:0px 0px 0px 0px;\npadding:0px 0px 0px 0px;\nbackground-color:#ffffff;\n}\n<\/style>\n<div  class='flex_column av-1d267p-ead75e973fd4644aa6a8dc7d45d35ab8 av_one_third  avia-builder-el-17  el_after_av_one_third  el_before_av_one_third  greybox flex_column_div av-animated-generic fade-in av-zero-column-padding  column-top-margin'     ><p>\n<style type=\"text\/css\" data-created_by=\"avia_inline_auto\" id=\"style-css-av-19qaml-147910e5aeb505d34beb867687c99005\">\n.avia-image-container.av-19qaml-147910e5aeb505d34beb867687c99005 img.avia_image{\nbox-shadow:none;\n}\n.avia-image-container.av-19qaml-147910e5aeb505d34beb867687c99005 .av-image-caption-overlay-center{\ncolor:#ffffff;\n}\n<\/style>\n<div  class='avia-image-container av-19qaml-147910e5aeb505d34beb867687c99005 av-styling-no-styling avia-align-center  avia-builder-el-18  el_before_av_textblock  avia-builder-el-first '   itemprop=\"image\" itemscope=\"itemscope\" itemtype=\"https:\/\/schema.org\/ImageObject\" ><div class=\"avia-image-container-inner\"><div class=\"avia-image-overlay-wrap\"><img decoding=\"async\" fetchpriority=\"high\" class='wp-image-29408 avia-img-lazy-loading-not-29408 avia_image ' src=\"https:\/\/cardinal-tapes.com\/wp-content\/uploads\/cardinal-content-endklebkraft.png\" alt='' title='cardinal-content-endklebkraft'  height=\"564\" width=\"880\"  itemprop=\"thumbnailUrl\" srcset=\"https:\/\/cardinal-tapes.com\/wp-content\/uploads\/cardinal-content-endklebkraft.png 880w, https:\/\/cardinal-tapes.com\/wp-content\/uploads\/cardinal-content-endklebkraft-200x128.png 200w, https:\/\/cardinal-tapes.com\/wp-content\/uploads\/cardinal-content-endklebkraft-768x492.png 768w, https:\/\/cardinal-tapes.com\/wp-content\/uploads\/cardinal-content-endklebkraft-705x452.png 705w, https:\/\/cardinal-tapes.com\/wp-content\/uploads\/cardinal-content-endklebkraft-450x288.png 450w\" sizes=\"(max-width: 880px) 100vw, 880px\" \/><\/div><\/div><\/div><br \/>\n<section  class='av_textblock_section av-vwp1p-d2fb57dd8b43f2ad12a3f4f88fb99a1a '   itemscope=\"itemscope\" itemtype=\"https:\/\/schema.org\/CreativeWork\" ><div class='avia_textblock'  itemprop=\"text\" ><h4>Adh\u00e9sivit\u00e9 finale<\/h4>\n<ul>\n<li>Pour obtenir une force adh\u00e9sive finale g\u00e9n\u00e9ralement plus \u00e9lev\u00e9e, un temps de pose pouvant aller jusqu&#8217;\u00e0 48 heures est n\u00e9cessaire.<\/li>\n<\/ul>\n<\/div><\/section><\/p><\/div>\n<style type=\"text\/css\" data-created_by=\"avia_inline_auto\" id=\"style-css-av-t9zbp-684a9486375d92b7a07085a43e7d23ee\">\n.flex_column.av-t9zbp-684a9486375d92b7a07085a43e7d23ee{\nborder-radius:0px 0px 0px 0px;\npadding:0px 0px 0px 0px;\nbackground-color:#ffffff;\n}\n<\/style>\n<div  class='flex_column av-t9zbp-684a9486375d92b7a07085a43e7d23ee av_one_third  avia-builder-el-20  el_after_av_one_third  el_before_av_codeblock  greybox flex_column_div av-animated-generic right-to-left av-zero-column-padding  column-top-margin'     ><p>\n<style type=\"text\/css\" data-created_by=\"avia_inline_auto\" id=\"style-css-av-m0665-2988933067a4487578a8d104ccb9a494\">\n.avia-image-container.av-m0665-2988933067a4487578a8d104ccb9a494 img.avia_image{\nbox-shadow:none;\n}\n.avia-image-container.av-m0665-2988933067a4487578a8d104ccb9a494 .av-image-caption-overlay-center{\ncolor:#ffffff;\n}\n<\/style>\n<div  class='avia-image-container av-m0665-2988933067a4487578a8d104ccb9a494 av-styling-no-styling avia-align-center  avia-builder-el-21  el_before_av_textblock  avia-builder-el-first '   itemprop=\"image\" itemscope=\"itemscope\" itemtype=\"https:\/\/schema.org\/ImageObject\" ><div class=\"avia-image-container-inner\"><div class=\"avia-image-overlay-wrap\"><img decoding=\"async\" fetchpriority=\"high\" class='wp-image-29416 avia-img-lazy-loading-not-29416 avia_image ' src=\"https:\/\/cardinal-tapes.com\/wp-content\/uploads\/cardinal-content-lagerung-1.jpg\" alt='' title='cardinal-content-lagerung'  height=\"564\" width=\"880\"  itemprop=\"thumbnailUrl\" srcset=\"https:\/\/cardinal-tapes.com\/wp-content\/uploads\/cardinal-content-lagerung-1.jpg 880w, https:\/\/cardinal-tapes.com\/wp-content\/uploads\/cardinal-content-lagerung-1-200x128.jpg 200w, https:\/\/cardinal-tapes.com\/wp-content\/uploads\/cardinal-content-lagerung-1-768x492.jpg 768w, https:\/\/cardinal-tapes.com\/wp-content\/uploads\/cardinal-content-lagerung-1-705x452.jpg 705w, https:\/\/cardinal-tapes.com\/wp-content\/uploads\/cardinal-content-lagerung-1-450x288.jpg 450w\" sizes=\"(max-width: 880px) 100vw, 880px\" \/><\/div><\/div><\/div><br \/>\n<section  class='av_textblock_section av-7sd0l-905d679f439b4f85516c5f55212fb889 '   itemscope=\"itemscope\" itemtype=\"https:\/\/schema.org\/CreativeWork\" ><div class='avia_textblock'  itemprop=\"text\" ><h4>Stockage<\/h4>\n<ul>\n<li>  Stockage du ruban adh\u00e9sif dans son emballage d&#8217;origine \u00e0 temp\u00e9rature ambiante (optimale : 18\u00b0C et 55% d&#8217;humidit\u00e9 relative).<\/li>\n<\/ul>\n<\/div><\/section><\/p><\/div>\n\n","protected":false},"excerpt":{"rendered":"","protected":false},"author":1,"featured_media":0,"parent":30176,"menu_order":2,"comment_status":"closed","ping_status":"closed","template":"","meta":{"_acf_changed":false,"footnotes":""},"class_list":["post-30836","page","type-page","status-publish","hentry"],"acf":[],"yoast_head":"<!-- This site is optimized with the Yoast SEO plugin v27.3 - https:\/\/yoast.com\/product\/yoast-seo-wordpress\/ -->\n<title>Instructions de pose pour les rubans adh\u00e9sifs | cardinal TAPES<\/title>\n<meta name=\"description\" content=\"Le traitement des rubans adh\u00e9sifs est bien s\u00fbr particuli\u00e8rement important. Vous trouverez ici les principales instructions de traitement des rubans adh\u00e9sifs.\" \/>\n<meta name=\"robots\" content=\"index, follow, max-snippet:-1, max-image-preview:large, max-video-preview:-1\" \/>\n<link rel=\"canonical\" href=\"https:\/\/cardinal-tapes.com\/fr\/infotheque\/instructions-de-traitement\/\" \/>\n<meta property=\"og:locale\" content=\"fr_FR\" \/>\n<meta property=\"og:type\" content=\"article\" \/>\n<meta property=\"og:title\" content=\"Instructions de pose pour les rubans adh\u00e9sifs | cardinal TAPES\" \/>\n<meta property=\"og:description\" content=\"Le traitement des rubans adh\u00e9sifs est bien s\u00fbr particuli\u00e8rement important. Vous trouverez ici les principales instructions de traitement des rubans adh\u00e9sifs.\" \/>\n<meta property=\"og:url\" content=\"https:\/\/cardinal-tapes.com\/fr\/infotheque\/instructions-de-traitement\/\" \/>\n<meta property=\"og:site_name\" content=\"cardinal TAPES\" \/>\n<meta property=\"article:modified_time\" content=\"2023-06-12T12:22:48+00:00\" \/>\n<meta name=\"twitter:card\" content=\"summary_large_image\" \/>\n<meta name=\"twitter:label1\" content=\"Dur\u00e9e de lecture estim\u00e9e\" \/>\n\t<meta name=\"twitter:data1\" content=\"29 minutes\" \/>\n<script type=\"application\/ld+json\" class=\"yoast-schema-graph\">{\"@context\":\"https:\\\/\\\/schema.org\",\"@graph\":[{\"@type\":\"WebPage\",\"@id\":\"https:\\\/\\\/cardinal-tapes.com\\\/fr\\\/infotheque\\\/instructions-de-traitement\\\/\",\"url\":\"https:\\\/\\\/cardinal-tapes.com\\\/fr\\\/infotheque\\\/instructions-de-traitement\\\/\",\"name\":\"Instructions de pose pour les rubans adh\u00e9sifs | cardinal TAPES\",\"isPartOf\":{\"@id\":\"https:\\\/\\\/cardinal-tapes.com\\\/#website\"},\"datePublished\":\"2023-06-02T08:57:56+00:00\",\"dateModified\":\"2023-06-12T12:22:48+00:00\",\"description\":\"Le traitement des rubans adh\u00e9sifs est bien s\u00fbr particuli\u00e8rement important. Vous trouverez ici les principales instructions de traitement des rubans adh\u00e9sifs.\",\"breadcrumb\":{\"@id\":\"https:\\\/\\\/cardinal-tapes.com\\\/fr\\\/infotheque\\\/instructions-de-traitement\\\/#breadcrumb\"},\"inLanguage\":\"fr-FR\",\"potentialAction\":[{\"@type\":\"ReadAction\",\"target\":[\"https:\\\/\\\/cardinal-tapes.com\\\/fr\\\/infotheque\\\/instructions-de-traitement\\\/\"]}]},{\"@type\":\"BreadcrumbList\",\"@id\":\"https:\\\/\\\/cardinal-tapes.com\\\/fr\\\/infotheque\\\/instructions-de-traitement\\\/#breadcrumb\",\"itemListElement\":[{\"@type\":\"ListItem\",\"position\":1,\"name\":\"Startseite\",\"item\":\"https:\\\/\\\/cardinal-tapes.com\\\/fr\\\/accueil\\\/\"},{\"@type\":\"ListItem\",\"position\":2,\"name\":\"Infoth\u00e8que\",\"item\":\"https:\\\/\\\/cardinal-tapes.com\\\/fr\\\/infotheque\\\/\"},{\"@type\":\"ListItem\",\"position\":3,\"name\":\"Instructions de traitement\"}]},{\"@type\":\"WebSite\",\"@id\":\"https:\\\/\\\/cardinal-tapes.com\\\/#website\",\"url\":\"https:\\\/\\\/cardinal-tapes.com\\\/\",\"name\":\"cardinal TAPES\",\"description\":\"Klebetechnik aus Wuppertal\",\"potentialAction\":[{\"@type\":\"SearchAction\",\"target\":{\"@type\":\"EntryPoint\",\"urlTemplate\":\"https:\\\/\\\/cardinal-tapes.com\\\/?s={search_term_string}\"},\"query-input\":{\"@type\":\"PropertyValueSpecification\",\"valueRequired\":true,\"valueName\":\"search_term_string\"}}],\"inLanguage\":\"fr-FR\"}]}<\/script>\n<!-- \/ Yoast SEO plugin. -->","yoast_head_json":{"title":"Instructions de pose pour les rubans adh\u00e9sifs | cardinal TAPES","description":"Le traitement des rubans adh\u00e9sifs est bien s\u00fbr particuli\u00e8rement important. Vous trouverez ici les principales instructions de traitement des rubans adh\u00e9sifs.","robots":{"index":"index","follow":"follow","max-snippet":"max-snippet:-1","max-image-preview":"max-image-preview:large","max-video-preview":"max-video-preview:-1"},"canonical":"https:\/\/cardinal-tapes.com\/fr\/infotheque\/instructions-de-traitement\/","og_locale":"fr_FR","og_type":"article","og_title":"Instructions de pose pour les rubans adh\u00e9sifs | cardinal TAPES","og_description":"Le traitement des rubans adh\u00e9sifs est bien s\u00fbr particuli\u00e8rement important. Vous trouverez ici les principales instructions de traitement des rubans adh\u00e9sifs.","og_url":"https:\/\/cardinal-tapes.com\/fr\/infotheque\/instructions-de-traitement\/","og_site_name":"cardinal TAPES","article_modified_time":"2023-06-12T12:22:48+00:00","twitter_card":"summary_large_image","twitter_misc":{"Dur\u00e9e de lecture estim\u00e9e":"29 minutes"},"schema":{"@context":"https:\/\/schema.org","@graph":[{"@type":"WebPage","@id":"https:\/\/cardinal-tapes.com\/fr\/infotheque\/instructions-de-traitement\/","url":"https:\/\/cardinal-tapes.com\/fr\/infotheque\/instructions-de-traitement\/","name":"Instructions de pose pour les rubans adh\u00e9sifs | cardinal TAPES","isPartOf":{"@id":"https:\/\/cardinal-tapes.com\/#website"},"datePublished":"2023-06-02T08:57:56+00:00","dateModified":"2023-06-12T12:22:48+00:00","description":"Le traitement des rubans adh\u00e9sifs est bien s\u00fbr particuli\u00e8rement important. Vous trouverez ici les principales instructions de traitement des rubans adh\u00e9sifs.","breadcrumb":{"@id":"https:\/\/cardinal-tapes.com\/fr\/infotheque\/instructions-de-traitement\/#breadcrumb"},"inLanguage":"fr-FR","potentialAction":[{"@type":"ReadAction","target":["https:\/\/cardinal-tapes.com\/fr\/infotheque\/instructions-de-traitement\/"]}]},{"@type":"BreadcrumbList","@id":"https:\/\/cardinal-tapes.com\/fr\/infotheque\/instructions-de-traitement\/#breadcrumb","itemListElement":[{"@type":"ListItem","position":1,"name":"Startseite","item":"https:\/\/cardinal-tapes.com\/fr\/accueil\/"},{"@type":"ListItem","position":2,"name":"Infoth\u00e8que","item":"https:\/\/cardinal-tapes.com\/fr\/infotheque\/"},{"@type":"ListItem","position":3,"name":"Instructions de traitement"}]},{"@type":"WebSite","@id":"https:\/\/cardinal-tapes.com\/#website","url":"https:\/\/cardinal-tapes.com\/","name":"cardinal TAPES","description":"Klebetechnik aus Wuppertal","potentialAction":[{"@type":"SearchAction","target":{"@type":"EntryPoint","urlTemplate":"https:\/\/cardinal-tapes.com\/?s={search_term_string}"},"query-input":{"@type":"PropertyValueSpecification","valueRequired":true,"valueName":"search_term_string"}}],"inLanguage":"fr-FR"}]}},"_links":{"self":[{"href":"https:\/\/cardinal-tapes.com\/fr\/wp-json\/wp\/v2\/pages\/30836","targetHints":{"allow":["GET"]}}],"collection":[{"href":"https:\/\/cardinal-tapes.com\/fr\/wp-json\/wp\/v2\/pages"}],"about":[{"href":"https:\/\/cardinal-tapes.com\/fr\/wp-json\/wp\/v2\/types\/page"}],"author":[{"embeddable":true,"href":"https:\/\/cardinal-tapes.com\/fr\/wp-json\/wp\/v2\/users\/1"}],"replies":[{"embeddable":true,"href":"https:\/\/cardinal-tapes.com\/fr\/wp-json\/wp\/v2\/comments?post=30836"}],"version-history":[{"count":0,"href":"https:\/\/cardinal-tapes.com\/fr\/wp-json\/wp\/v2\/pages\/30836\/revisions"}],"up":[{"embeddable":true,"href":"https:\/\/cardinal-tapes.com\/fr\/wp-json\/wp\/v2\/pages\/30176"}],"wp:attachment":[{"href":"https:\/\/cardinal-tapes.com\/fr\/wp-json\/wp\/v2\/media?parent=30836"}],"curies":[{"name":"wp","href":"https:\/\/api.w.org\/{rel}","templated":true}]}}