{"id":30790,"date":"2023-06-02T10:57:54","date_gmt":"2023-06-02T08:57:54","guid":{"rendered":"https:\/\/cardinal.pixel-tal.de\/infotheque\/methodes-de-test\/"},"modified":"2023-06-12T14:24:37","modified_gmt":"2023-06-12T12:24:37","slug":"methodes-de-test","status":"publish","type":"page","link":"https:\/\/cardinal-tapes.com\/fr\/infotheque\/methodes-de-test\/","title":{"rendered":"M\u00e9thodes de test"},"content":{"rendered":"<div id='av_section_1'  class='avia-section av-2vauhv-a76f8a89034928afad3353f92bea1da5 main_color avia-section-default avia-no-shadow  avia-builder-el-0  avia-builder-el-no-sibling  avia-bg-style-scroll container_wrap fullsize'  ><div class='container av-section-cont-open' ><main  role=\"main\" itemprop=\"mainContentOfPage\"  class='template-page content  av-content-full alpha units'><div class='post-entry post-entry-type-page post-entry-30790'><div class='entry-content-wrapper clearfix'>\n\n<style type=\"text\/css\" data-created_by=\"avia_inline_auto\" id=\"style-css-av-2ruxuj-b5284e34876ac82a706c357b3663bdc9\">\n.flex_column.av-2ruxuj-b5284e34876ac82a706c357b3663bdc9{\nborder-radius:0px 0px 0px 0px;\npadding:0px 0px 0px 0px;\n}\n<\/style>\n<div  class='flex_column av-2ruxuj-b5284e34876ac82a706c357b3663bdc9 av_one_full  avia-builder-el-1  el_before_av_codeblock  avia-builder-el-first  first flex_column_div av-animated-generic left-to-right av-zero-column-padding  '     ><div class=\"pxl-headline pxl-hl hl-wrap | hl-sub--bot hl--align-left hl--no-margin    \">\n        <div class=\"hl-inner\">\n            <h1 class=\"hl-main hl-line |  hl_main--default  \">M\u00e9thodes de test<\/h1>\n            <span class=\"hl-sub hl-line |  hl_sub--default  \">Nous garantissons ainsi la meilleure qualit\u00e9<\/span>\n    <\/div>\n<\/div><\/div>\n\n<style type=\"text\/css\" data-created_by=\"avia_inline_auto\" id=\"style-css-av-265o2r-3f7668ad30032958e5bd7299623a25c6\">\n.flex_column.av-265o2r-3f7668ad30032958e5bd7299623a25c6{\nborder-radius:0px 0px 0px 0px;\npadding:0px 0px 0px 0px;\nbackground-color:#ffffff;\n}\n<\/style>\n<div  class='flex_column av-265o2r-3f7668ad30032958e5bd7299623a25c6 av_one_third  avia-builder-el-4  el_after_av_codeblock  el_before_av_one_third  greybox first flex_column_div av-animated-generic left-to-right av-zero-column-padding  '     ><p>\n<style type=\"text\/css\" data-created_by=\"avia_inline_auto\" id=\"style-css-av-7o483-d1065ea6ea5bfe1a54056ab21ca64618\">\n.avia-image-container.av-7o483-d1065ea6ea5bfe1a54056ab21ca64618 img.avia_image{\nbox-shadow:none;\n}\n.avia-image-container.av-7o483-d1065ea6ea5bfe1a54056ab21ca64618 .av-image-caption-overlay-center{\ncolor:#ffffff;\n}\n<\/style>\n<div  class='avia-image-container av-7o483-d1065ea6ea5bfe1a54056ab21ca64618 av-styling-no-styling avia-align-center  avia-builder-el-5  el_before_av_textblock  avia-builder-el-first '   itemprop=\"image\" itemscope=\"itemscope\" itemtype=\"https:\/\/schema.org\/ImageObject\" ><div class=\"avia-image-container-inner\"><div class=\"avia-image-overlay-wrap\"><img decoding=\"async\" fetchpriority=\"high\" class='wp-image-29380 avia-img-lazy-loading-not-29380 avia_image ' src=\"https:\/\/cardinal-tapes.com\/wp-content\/uploads\/cardinal-content-klebkraft.png\" alt='' title='cardinal-content-klebkraft'  height=\"564\" width=\"880\"  itemprop=\"thumbnailUrl\" srcset=\"https:\/\/cardinal-tapes.com\/wp-content\/uploads\/cardinal-content-klebkraft.png 880w, https:\/\/cardinal-tapes.com\/wp-content\/uploads\/cardinal-content-klebkraft-200x128.png 200w, https:\/\/cardinal-tapes.com\/wp-content\/uploads\/cardinal-content-klebkraft-768x492.png 768w, https:\/\/cardinal-tapes.com\/wp-content\/uploads\/cardinal-content-klebkraft-705x452.png 705w, https:\/\/cardinal-tapes.com\/wp-content\/uploads\/cardinal-content-klebkraft-450x288.png 450w\" sizes=\"(max-width: 880px) 100vw, 880px\" \/><\/div><\/div><\/div><br \/>\n<section  class='av_textblock_section av-1rfj77-d4b55f46e124eb6797356da0ed734698 '   itemscope=\"itemscope\" itemtype=\"https:\/\/schema.org\/CreativeWork\" ><div class='avia_textblock'  itemprop=\"text\" ><h4>Pouvoir adh\u00e9sif<\/h4>\n<p>L&#8217;adh\u00e9sion d\u00e9crit la force de collage d&#8217;un ruban adh\u00e9sif sur un substrat et constitue l&#8217;un des param\u00e8tres les plus importants de toute application. La force d&#8217;adh\u00e9sion augmente sous l&#8217;effet de la pression exerc\u00e9e sur l&#8217;assemblage. Elle d\u00e9pend en grande partie de l&#8217;intensit\u00e9 de la pression, du temps ainsi que du type et de la nature de la surface du mat\u00e9riau \u00e0 coller.<\/p>\n<\/div><\/section><\/p><\/div>\n<style type=\"text\/css\" data-created_by=\"avia_inline_auto\" id=\"style-css-av-1j8gij-1e1e5312bffaa23070646467b5d1f007\">\n.flex_column.av-1j8gij-1e1e5312bffaa23070646467b5d1f007{\nborder-radius:0px 0px 0px 0px;\npadding:0px 0px 0px 0px;\nbackground-color:#ffffff;\n}\n<\/style>\n<div  class='flex_column av-1j8gij-1e1e5312bffaa23070646467b5d1f007 av_one_third  avia-builder-el-7  el_after_av_one_third  el_before_av_one_third  greybox flex_column_div av-animated-generic fade-in av-zero-column-padding  '     ><p>\n<style type=\"text\/css\" data-created_by=\"avia_inline_auto\" id=\"style-css-av-1g78ez-74ee4d26673bd4609e06452524d955ab\">\n.avia-image-container.av-1g78ez-74ee4d26673bd4609e06452524d955ab img.avia_image{\nbox-shadow:none;\n}\n.avia-image-container.av-1g78ez-74ee4d26673bd4609e06452524d955ab .av-image-caption-overlay-center{\ncolor:#ffffff;\n}\n<\/style>\n<div  class='avia-image-container av-1g78ez-74ee4d26673bd4609e06452524d955ab av-styling-no-styling avia-align-center  avia-builder-el-8  el_before_av_textblock  avia-builder-el-first '   itemprop=\"image\" itemscope=\"itemscope\" itemtype=\"https:\/\/schema.org\/ImageObject\" ><div class=\"avia-image-container-inner\"><div class=\"avia-image-overlay-wrap\"><img decoding=\"async\" fetchpriority=\"high\" class='wp-image-29384 avia-img-lazy-loading-not-29384 avia_image ' src=\"https:\/\/cardinal-tapes.com\/wp-content\/uploads\/cardinal-content-scherfestigkeit.png\" alt='' title='cardinal-content-scherfestigkeit'  height=\"564\" width=\"880\"  itemprop=\"thumbnailUrl\" srcset=\"https:\/\/cardinal-tapes.com\/wp-content\/uploads\/cardinal-content-scherfestigkeit.png 880w, https:\/\/cardinal-tapes.com\/wp-content\/uploads\/cardinal-content-scherfestigkeit-200x128.png 200w, https:\/\/cardinal-tapes.com\/wp-content\/uploads\/cardinal-content-scherfestigkeit-768x492.png 768w, https:\/\/cardinal-tapes.com\/wp-content\/uploads\/cardinal-content-scherfestigkeit-705x452.png 705w, https:\/\/cardinal-tapes.com\/wp-content\/uploads\/cardinal-content-scherfestigkeit-450x288.png 450w\" sizes=\"(max-width: 880px) 100vw, 880px\" \/><\/div><\/div><\/div><br \/>\n<section  class='av_textblock_section av-10pgxv-850949179ee666a021d5102348e1e899 '   itemscope=\"itemscope\" itemtype=\"https:\/\/schema.org\/CreativeWork\" ><div class='avia_textblock konfektionierung_content'  itemprop=\"text\" ><h4>R\u00e9sistance au cisaillement<\/h4>\n<p>La r\u00e9sistance au cisaillement est d\u00e9termin\u00e9e en grande partie par la r\u00e9sistance interne d&#8217;un adh\u00e9sif et d\u00e9crit la force de maintien du ruban adh\u00e9sif dans une application. La r\u00e9sistance au cisaillement est pertinente pour les applications dans lesquelles des forces agissent parall\u00e8lement \u00e0 la surface coll\u00e9e.<\/p>\n<\/div><\/section><\/p><\/div>\n<style type=\"text\/css\" data-created_by=\"avia_inline_auto\" id=\"style-css-av-zirwj-7e2731f2a6d4333fcec0119bd9957801\">\n.flex_column.av-zirwj-7e2731f2a6d4333fcec0119bd9957801{\nborder-radius:0px 0px 0px 0px;\npadding:0px 0px 0px 0px;\nbackground-color:#ffffff;\n}\n<\/style>\n<div  class='flex_column av-zirwj-7e2731f2a6d4333fcec0119bd9957801 av_one_third  avia-builder-el-10  el_after_av_one_third  el_before_av_codeblock  greybox flex_column_div av-animated-generic right-to-left av-zero-column-padding  '     ><p>\n<style type=\"text\/css\" data-created_by=\"avia_inline_auto\" id=\"style-css-av-swfnn-b28bb5f49ed66b4c59298cbd9ed85a63\">\n.avia-image-container.av-swfnn-b28bb5f49ed66b4c59298cbd9ed85a63 img.avia_image{\nbox-shadow:none;\n}\n.avia-image-container.av-swfnn-b28bb5f49ed66b4c59298cbd9ed85a63 .av-image-caption-overlay-center{\ncolor:#ffffff;\n}\n<\/style>\n<div  class='avia-image-container av-swfnn-b28bb5f49ed66b4c59298cbd9ed85a63 av-styling-no-styling avia-align-center  avia-builder-el-11  el_before_av_textblock  avia-builder-el-first '   itemprop=\"image\" itemscope=\"itemscope\" itemtype=\"https:\/\/schema.org\/ImageObject\" ><div class=\"avia-image-container-inner\"><div class=\"avia-image-overlay-wrap\"><img decoding=\"async\" fetchpriority=\"high\" class='wp-image-29388 avia-img-lazy-loading-not-29388 avia_image ' src=\"https:\/\/cardinal-tapes.com\/wp-content\/uploads\/cardinal-content-temperaturbestaendigkeit.png\" alt='' title='cardinal-content-temperaturbestaendigkeit'  height=\"564\" width=\"880\"  itemprop=\"thumbnailUrl\" srcset=\"https:\/\/cardinal-tapes.com\/wp-content\/uploads\/cardinal-content-temperaturbestaendigkeit.png 880w, https:\/\/cardinal-tapes.com\/wp-content\/uploads\/cardinal-content-temperaturbestaendigkeit-200x128.png 200w, https:\/\/cardinal-tapes.com\/wp-content\/uploads\/cardinal-content-temperaturbestaendigkeit-768x492.png 768w, https:\/\/cardinal-tapes.com\/wp-content\/uploads\/cardinal-content-temperaturbestaendigkeit-705x452.png 705w, https:\/\/cardinal-tapes.com\/wp-content\/uploads\/cardinal-content-temperaturbestaendigkeit-450x288.png 450w\" sizes=\"(max-width: 880px) 100vw, 880px\" \/><\/div><\/div><\/div><br \/>\n<section  class='av_textblock_section av-d8dbv-5d04ae4a1c308cb65eb5ae651be3be72 '   itemscope=\"itemscope\" itemtype=\"https:\/\/schema.org\/CreativeWork\" ><div class='avia_textblock'  itemprop=\"text\" ><h4>R\u00e9sistance \u00e0 la temp\u00e9rature<\/h4>\n<p>La r\u00e9sistance thermique est une mesure de la force de maintien dans une application \u00e0 des temp\u00e9ratures \u00e9lev\u00e9es. Elle indique la temp\u00e9rature jusqu&#8217;\u00e0 laquelle le ruban adh\u00e9sif peut maintenir un poids d\u00e9fini. On distingue la r\u00e9sistance \u00e0 court terme (sec.\/min.) et la r\u00e9sistance \u00e0 long terme (heures\/ann\u00e9es).<\/p>\n<\/div><\/section><\/p><\/div>\n\n","protected":false},"excerpt":{"rendered":"","protected":false},"author":1,"featured_media":0,"parent":30176,"menu_order":1,"comment_status":"closed","ping_status":"closed","template":"","meta":{"_acf_changed":false,"footnotes":""},"class_list":["post-30790","page","type-page","status-publish","hentry"],"acf":[],"yoast_head":"<!-- This site is optimized with the Yoast SEO plugin v27.3 - https:\/\/yoast.com\/product\/yoast-seo-wordpress\/ -->\n<title>M\u00e9thodes de test pour les rubans adh\u00e9sifs | cardinal TAPES<\/title>\n<meta name=\"description\" content=\"Les bonnes m\u00e9thodes de test sont tr\u00e8s importantes pour les rubans adh\u00e9sifs. Vous trouverez ici toutes les informations sur les diff\u00e9rentes m\u00e9thodes de test.\" \/>\n<meta name=\"robots\" content=\"index, follow, max-snippet:-1, max-image-preview:large, max-video-preview:-1\" \/>\n<link rel=\"canonical\" href=\"https:\/\/cardinal-tapes.com\/fr\/infotheque\/methodes-de-test\/\" \/>\n<meta property=\"og:locale\" content=\"fr_FR\" \/>\n<meta property=\"og:type\" content=\"article\" \/>\n<meta property=\"og:title\" content=\"M\u00e9thodes de test pour les rubans adh\u00e9sifs | cardinal TAPES\" \/>\n<meta property=\"og:description\" content=\"Les bonnes m\u00e9thodes de test sont tr\u00e8s importantes pour les rubans adh\u00e9sifs. Vous trouverez ici toutes les informations sur les diff\u00e9rentes m\u00e9thodes de test.\" \/>\n<meta property=\"og:url\" content=\"https:\/\/cardinal-tapes.com\/fr\/infotheque\/methodes-de-test\/\" \/>\n<meta property=\"og:site_name\" content=\"cardinal TAPES\" \/>\n<meta property=\"article:modified_time\" content=\"2023-06-12T12:24:37+00:00\" \/>\n<meta name=\"twitter:card\" content=\"summary_large_image\" \/>\n<meta name=\"twitter:label1\" content=\"Dur\u00e9e de lecture estim\u00e9e\" \/>\n\t<meta name=\"twitter:data1\" content=\"16 minutes\" \/>\n<script type=\"application\/ld+json\" class=\"yoast-schema-graph\">{\"@context\":\"https:\\\/\\\/schema.org\",\"@graph\":[{\"@type\":\"WebPage\",\"@id\":\"https:\\\/\\\/cardinal-tapes.com\\\/fr\\\/infotheque\\\/methodes-de-test\\\/\",\"url\":\"https:\\\/\\\/cardinal-tapes.com\\\/fr\\\/infotheque\\\/methodes-de-test\\\/\",\"name\":\"M\u00e9thodes de test pour les rubans adh\u00e9sifs | cardinal TAPES\",\"isPartOf\":{\"@id\":\"https:\\\/\\\/cardinal-tapes.com\\\/#website\"},\"datePublished\":\"2023-06-02T08:57:54+00:00\",\"dateModified\":\"2023-06-12T12:24:37+00:00\",\"description\":\"Les bonnes m\u00e9thodes de test sont tr\u00e8s importantes pour les rubans adh\u00e9sifs. Vous trouverez ici toutes les informations sur les diff\u00e9rentes m\u00e9thodes de test.\",\"breadcrumb\":{\"@id\":\"https:\\\/\\\/cardinal-tapes.com\\\/fr\\\/infotheque\\\/methodes-de-test\\\/#breadcrumb\"},\"inLanguage\":\"fr-FR\",\"potentialAction\":[{\"@type\":\"ReadAction\",\"target\":[\"https:\\\/\\\/cardinal-tapes.com\\\/fr\\\/infotheque\\\/methodes-de-test\\\/\"]}]},{\"@type\":\"BreadcrumbList\",\"@id\":\"https:\\\/\\\/cardinal-tapes.com\\\/fr\\\/infotheque\\\/methodes-de-test\\\/#breadcrumb\",\"itemListElement\":[{\"@type\":\"ListItem\",\"position\":1,\"name\":\"Startseite\",\"item\":\"https:\\\/\\\/cardinal-tapes.com\\\/fr\\\/accueil\\\/\"},{\"@type\":\"ListItem\",\"position\":2,\"name\":\"Infoth\u00e8que\",\"item\":\"https:\\\/\\\/cardinal-tapes.com\\\/fr\\\/infotheque\\\/\"},{\"@type\":\"ListItem\",\"position\":3,\"name\":\"M\u00e9thodes de test\"}]},{\"@type\":\"WebSite\",\"@id\":\"https:\\\/\\\/cardinal-tapes.com\\\/#website\",\"url\":\"https:\\\/\\\/cardinal-tapes.com\\\/\",\"name\":\"cardinal TAPES\",\"description\":\"Klebetechnik aus Wuppertal\",\"potentialAction\":[{\"@type\":\"SearchAction\",\"target\":{\"@type\":\"EntryPoint\",\"urlTemplate\":\"https:\\\/\\\/cardinal-tapes.com\\\/?s={search_term_string}\"},\"query-input\":{\"@type\":\"PropertyValueSpecification\",\"valueRequired\":true,\"valueName\":\"search_term_string\"}}],\"inLanguage\":\"fr-FR\"}]}<\/script>\n<!-- \/ Yoast SEO plugin. -->","yoast_head_json":{"title":"M\u00e9thodes de test pour les rubans adh\u00e9sifs | cardinal TAPES","description":"Les bonnes m\u00e9thodes de test sont tr\u00e8s importantes pour les rubans adh\u00e9sifs. Vous trouverez ici toutes les informations sur les diff\u00e9rentes m\u00e9thodes de test.","robots":{"index":"index","follow":"follow","max-snippet":"max-snippet:-1","max-image-preview":"max-image-preview:large","max-video-preview":"max-video-preview:-1"},"canonical":"https:\/\/cardinal-tapes.com\/fr\/infotheque\/methodes-de-test\/","og_locale":"fr_FR","og_type":"article","og_title":"M\u00e9thodes de test pour les rubans adh\u00e9sifs | cardinal TAPES","og_description":"Les bonnes m\u00e9thodes de test sont tr\u00e8s importantes pour les rubans adh\u00e9sifs. Vous trouverez ici toutes les informations sur les diff\u00e9rentes m\u00e9thodes de test.","og_url":"https:\/\/cardinal-tapes.com\/fr\/infotheque\/methodes-de-test\/","og_site_name":"cardinal TAPES","article_modified_time":"2023-06-12T12:24:37+00:00","twitter_card":"summary_large_image","twitter_misc":{"Dur\u00e9e de lecture estim\u00e9e":"16 minutes"},"schema":{"@context":"https:\/\/schema.org","@graph":[{"@type":"WebPage","@id":"https:\/\/cardinal-tapes.com\/fr\/infotheque\/methodes-de-test\/","url":"https:\/\/cardinal-tapes.com\/fr\/infotheque\/methodes-de-test\/","name":"M\u00e9thodes de test pour les rubans adh\u00e9sifs | cardinal TAPES","isPartOf":{"@id":"https:\/\/cardinal-tapes.com\/#website"},"datePublished":"2023-06-02T08:57:54+00:00","dateModified":"2023-06-12T12:24:37+00:00","description":"Les bonnes m\u00e9thodes de test sont tr\u00e8s importantes pour les rubans adh\u00e9sifs. Vous trouverez ici toutes les informations sur les diff\u00e9rentes m\u00e9thodes de test.","breadcrumb":{"@id":"https:\/\/cardinal-tapes.com\/fr\/infotheque\/methodes-de-test\/#breadcrumb"},"inLanguage":"fr-FR","potentialAction":[{"@type":"ReadAction","target":["https:\/\/cardinal-tapes.com\/fr\/infotheque\/methodes-de-test\/"]}]},{"@type":"BreadcrumbList","@id":"https:\/\/cardinal-tapes.com\/fr\/infotheque\/methodes-de-test\/#breadcrumb","itemListElement":[{"@type":"ListItem","position":1,"name":"Startseite","item":"https:\/\/cardinal-tapes.com\/fr\/accueil\/"},{"@type":"ListItem","position":2,"name":"Infoth\u00e8que","item":"https:\/\/cardinal-tapes.com\/fr\/infotheque\/"},{"@type":"ListItem","position":3,"name":"M\u00e9thodes de test"}]},{"@type":"WebSite","@id":"https:\/\/cardinal-tapes.com\/#website","url":"https:\/\/cardinal-tapes.com\/","name":"cardinal TAPES","description":"Klebetechnik aus Wuppertal","potentialAction":[{"@type":"SearchAction","target":{"@type":"EntryPoint","urlTemplate":"https:\/\/cardinal-tapes.com\/?s={search_term_string}"},"query-input":{"@type":"PropertyValueSpecification","valueRequired":true,"valueName":"search_term_string"}}],"inLanguage":"fr-FR"}]}},"_links":{"self":[{"href":"https:\/\/cardinal-tapes.com\/fr\/wp-json\/wp\/v2\/pages\/30790","targetHints":{"allow":["GET"]}}],"collection":[{"href":"https:\/\/cardinal-tapes.com\/fr\/wp-json\/wp\/v2\/pages"}],"about":[{"href":"https:\/\/cardinal-tapes.com\/fr\/wp-json\/wp\/v2\/types\/page"}],"author":[{"embeddable":true,"href":"https:\/\/cardinal-tapes.com\/fr\/wp-json\/wp\/v2\/users\/1"}],"replies":[{"embeddable":true,"href":"https:\/\/cardinal-tapes.com\/fr\/wp-json\/wp\/v2\/comments?post=30790"}],"version-history":[{"count":0,"href":"https:\/\/cardinal-tapes.com\/fr\/wp-json\/wp\/v2\/pages\/30790\/revisions"}],"up":[{"embeddable":true,"href":"https:\/\/cardinal-tapes.com\/fr\/wp-json\/wp\/v2\/pages\/30176"}],"wp:attachment":[{"href":"https:\/\/cardinal-tapes.com\/fr\/wp-json\/wp\/v2\/media?parent=30790"}],"curies":[{"name":"wp","href":"https:\/\/api.w.org\/{rel}","templated":true}]}}