{"id":30644,"date":"2017-12-08T11:47:54","date_gmt":"2017-12-08T10:47:54","guid":{"rendered":"https:\/\/cardinal.pixel-tal.de\/infotheque\/types-de-supports\/"},"modified":"2023-06-12T14:35:08","modified_gmt":"2023-06-12T12:35:08","slug":"types-de-supports","status":"publish","type":"page","link":"https:\/\/cardinal-tapes.com\/fr\/infotheque\/types-de-supports\/","title":{"rendered":"Types de supports"},"content":{"rendered":"<div id='av_section_1'  class='avia-section av-4ehkwo-668bf3d016f283c75210b7849489fc09 main_color avia-section-default avia-no-shadow  avia-builder-el-0  avia-builder-el-no-sibling  avia-bg-style-scroll container_wrap fullsize'  ><div class='container av-section-cont-open' ><main  role=\"main\" itemprop=\"mainContentOfPage\"  class='template-page content  av-content-full alpha units'><div class='post-entry post-entry-type-page post-entry-30644'><div class='entry-content-wrapper clearfix'>\n\n<style type=\"text\/css\" data-created_by=\"avia_inline_auto\" id=\"style-css-av-45hoew-51a208f25ff15539e2424d460bfffe86\">\n.flex_column.av-45hoew-51a208f25ff15539e2424d460bfffe86{\nborder-radius:0px 0px 0px 0px;\npadding:0px 0px 0px 0px;\n}\n<\/style>\n<div  class='flex_column av-45hoew-51a208f25ff15539e2424d460bfffe86 av_one_full  avia-builder-el-1  el_before_av_codeblock  avia-builder-el-first  first flex_column_div av-animated-generic left-to-right av-zero-column-padding  '     ><div class=\"pxl-headline pxl-hl hl-wrap | hl-sub--bot hl--align-left hl--no-margin    \">\n        <div class=\"hl-inner\">\n            <h1 class=\"hl-main hl-line |  hl_main--default  \">Types de supports<\/h1>\n            <span class=\"hl-sub hl-line |  hl_sub--default  \">Pour diff\u00e9rentes applications<\/span>\n    <\/div>\n<\/div><\/div>\n\n<style type=\"text\/css\" data-created_by=\"avia_inline_auto\" id=\"style-css-av-3phftc-dad1200c726c4ad137f79a95ea690365\">\n.flex_column.av-3phftc-dad1200c726c4ad137f79a95ea690365{\nborder-radius:0px 0px 0px 0px;\npadding:0px 0px 0px 0px;\n}\n<\/style>\n<div  class='flex_column av-3phftc-dad1200c726c4ad137f79a95ea690365 av_one_third  avia-builder-el-4  el_after_av_codeblock  el_before_av_one_third  greybox first flex_column_div av-animated-generic left-to-right av-zero-column-padding  '     ><p>\n<style type=\"text\/css\" data-created_by=\"avia_inline_auto\" id=\"style-css-av-3ihc74-d976bee736129c5d44dfe9d2af75b726\">\n.avia-image-container.av-3ihc74-d976bee736129c5d44dfe9d2af75b726 img.avia_image{\nbox-shadow:none;\n}\n.avia-image-container.av-3ihc74-d976bee736129c5d44dfe9d2af75b726 .av-image-caption-overlay-center{\ncolor:#ffffff;\n}\n<\/style>\n<div  class='avia-image-container av-3ihc74-d976bee736129c5d44dfe9d2af75b726 av-styling-no-styling avia-align-center  avia-builder-el-5  el_before_av_textblock  avia-builder-el-first '   itemprop=\"image\" itemscope=\"itemscope\" itemtype=\"https:\/\/schema.org\/ImageObject\" ><div class=\"avia-image-container-inner\"><div class=\"avia-image-overlay-wrap\"><img decoding=\"async\" fetchpriority=\"high\" class='wp-image-30028 avia-img-lazy-loading-not-30028 avia_image ' src=\"https:\/\/cardinal-tapes.com\/wp-content\/uploads\/cardinal-content-papiertraeger-doppelseitig-einseitig.png\" alt='' title='cardinal-content-papiertraeger-doppelseitig-einseitig'  height=\"700\" width=\"1091\"  itemprop=\"thumbnailUrl\" srcset=\"https:\/\/cardinal-tapes.com\/wp-content\/uploads\/cardinal-content-papiertraeger-doppelseitig-einseitig.png 1091w, https:\/\/cardinal-tapes.com\/wp-content\/uploads\/cardinal-content-papiertraeger-doppelseitig-einseitig-200x128.png 200w, https:\/\/cardinal-tapes.com\/wp-content\/uploads\/cardinal-content-papiertraeger-doppelseitig-einseitig-1030x661.png 1030w, https:\/\/cardinal-tapes.com\/wp-content\/uploads\/cardinal-content-papiertraeger-doppelseitig-einseitig-768x493.png 768w, https:\/\/cardinal-tapes.com\/wp-content\/uploads\/cardinal-content-papiertraeger-doppelseitig-einseitig-705x452.png 705w, https:\/\/cardinal-tapes.com\/wp-content\/uploads\/cardinal-content-papiertraeger-doppelseitig-einseitig-450x289.png 450w\" sizes=\"(max-width: 1091px) 100vw, 1091px\" \/><\/div><\/div><\/div><br \/>\n<section  class='av_textblock_section av-38x8uo-01359055b0be4bb7d1edc85081156959 '   itemscope=\"itemscope\" itemtype=\"https:\/\/schema.org\/CreativeWork\" ><div class='avia_textblock'  itemprop=\"text\" ><h4>Support papier<\/h4>\n<ul>\n<li>Flexible et tr\u00e8s souple<\/li>\n<li>Se d\u00e9chire \u00e0 la main, mais r\u00e9siste \u00e0 la d\u00e9chirure<\/li>\n<li>Propri\u00e9t\u00e9s d&#8217;amortissement<\/li>\n<\/ul>\n<\/div><\/section><\/p><\/div>\n<style type=\"text\/css\" data-created_by=\"avia_inline_auto\" id=\"style-css-av-31w2nk-d7f1b574e8a3042fc3b8adc710654dd1\">\n.flex_column.av-31w2nk-d7f1b574e8a3042fc3b8adc710654dd1{\nborder-radius:0px 0px 0px 0px;\npadding:0px 0px 0px 0px;\n}\n<\/style>\n<div  class='flex_column av-31w2nk-d7f1b574e8a3042fc3b8adc710654dd1 av_one_third  avia-builder-el-7  el_after_av_one_third  el_before_av_one_third  greybox flex_column_div av-animated-generic fade-in av-zero-column-padding  '     ><p>\n<style type=\"text\/css\" data-created_by=\"avia_inline_auto\" id=\"style-css-av-2yfkeg-9217ed5f8af36487a27ebe3ec5212efe\">\n.avia-image-container.av-2yfkeg-9217ed5f8af36487a27ebe3ec5212efe img.avia_image{\nbox-shadow:none;\n}\n.avia-image-container.av-2yfkeg-9217ed5f8af36487a27ebe3ec5212efe .av-image-caption-overlay-center{\ncolor:#ffffff;\n}\n<\/style>\n<div  class='avia-image-container av-2yfkeg-9217ed5f8af36487a27ebe3ec5212efe av-styling-no-styling avia-align-center  avia-builder-el-8  el_before_av_textblock  avia-builder-el-first '   itemprop=\"image\" itemscope=\"itemscope\" itemtype=\"https:\/\/schema.org\/ImageObject\" ><div class=\"avia-image-container-inner\"><div class=\"avia-image-overlay-wrap\"><img decoding=\"async\" fetchpriority=\"high\" class='wp-image-30012 avia-img-lazy-loading-not-30012 avia_image ' src=\"https:\/\/cardinal-tapes.com\/wp-content\/uploads\/cardinal-content-rollentraeger-doppelseitig-einseitig.png\" alt='' title='cardinal-content-rollentraeger-doppelseitig-einseitig'  height=\"700\" width=\"1092\"  itemprop=\"thumbnailUrl\" srcset=\"https:\/\/cardinal-tapes.com\/wp-content\/uploads\/cardinal-content-rollentraeger-doppelseitig-einseitig.png 1092w, https:\/\/cardinal-tapes.com\/wp-content\/uploads\/cardinal-content-rollentraeger-doppelseitig-einseitig-200x128.png 200w, https:\/\/cardinal-tapes.com\/wp-content\/uploads\/cardinal-content-rollentraeger-doppelseitig-einseitig-1030x660.png 1030w, https:\/\/cardinal-tapes.com\/wp-content\/uploads\/cardinal-content-rollentraeger-doppelseitig-einseitig-768x492.png 768w, https:\/\/cardinal-tapes.com\/wp-content\/uploads\/cardinal-content-rollentraeger-doppelseitig-einseitig-705x452.png 705w, https:\/\/cardinal-tapes.com\/wp-content\/uploads\/cardinal-content-rollentraeger-doppelseitig-einseitig-450x288.png 450w\" sizes=\"(max-width: 1092px) 100vw, 1092px\" \/><\/div><\/div><\/div><br \/>\n<section  class='av_textblock_section av-2ibaqo-d21d1ce310363cb49b712362bc0e967e '   itemscope=\"itemscope\" itemtype=\"https:\/\/schema.org\/CreativeWork\" ><div class='avia_textblock'  itemprop=\"text\" ><h4>Support de film<\/h4>\n<ul>\n<li>Haute r\u00e9sistance \u00e0 la d\u00e9chirure<\/li>\n<li>Convient tr\u00e8s bien pour la fabrication de pi\u00e8ces d\u00e9coup\u00e9es<\/li>\n<li>Convient \u00e0 l&#8217;utilisation dans les processus de production<\/li>\n<\/ul>\n<\/div><\/section><\/p><\/div>\n<style type=\"text\/css\" data-created_by=\"avia_inline_auto\" id=\"style-css-av-2g62nc-5e09d33fa5508014348dd0e94c939efe\">\n.flex_column.av-2g62nc-5e09d33fa5508014348dd0e94c939efe{\nborder-radius:0px 0px 0px 0px;\npadding:0px 0px 0px 0px;\n}\n<\/style>\n<div  class='flex_column av-2g62nc-5e09d33fa5508014348dd0e94c939efe av_one_third  avia-builder-el-10  el_after_av_one_third  el_before_av_one_third  greybox flex_column_div av-animated-generic right-to-left av-zero-column-padding  '     ><p>\n<style type=\"text\/css\" data-created_by=\"avia_inline_auto\" id=\"style-css-av-2an0r4-a0ea652a0b1b2615c73e80df73b0894f\">\n.avia-image-container.av-2an0r4-a0ea652a0b1b2615c73e80df73b0894f img.avia_image{\nbox-shadow:none;\n}\n.avia-image-container.av-2an0r4-a0ea652a0b1b2615c73e80df73b0894f .av-image-caption-overlay-center{\ncolor:#ffffff;\n}\n<\/style>\n<div  class='avia-image-container av-2an0r4-a0ea652a0b1b2615c73e80df73b0894f av-styling-no-styling avia-align-center  avia-builder-el-11  el_before_av_textblock  avia-builder-el-first '   itemprop=\"image\" itemscope=\"itemscope\" itemtype=\"https:\/\/schema.org\/ImageObject\" ><div class=\"avia-image-container-inner\"><div class=\"avia-image-overlay-wrap\"><img decoding=\"async\" fetchpriority=\"high\" class='wp-image-30032 avia-img-lazy-loading-not-30032 avia_image ' src=\"https:\/\/cardinal-tapes.com\/wp-content\/uploads\/cardinal-content-kein-traeger-doppelseitig-einseitig.png\" alt='' title='cardinal-content-kein-traeger-doppelseitig-einseitig'  height=\"700\" width=\"1092\"  itemprop=\"thumbnailUrl\" srcset=\"https:\/\/cardinal-tapes.com\/wp-content\/uploads\/cardinal-content-kein-traeger-doppelseitig-einseitig.png 1092w, https:\/\/cardinal-tapes.com\/wp-content\/uploads\/cardinal-content-kein-traeger-doppelseitig-einseitig-200x128.png 200w, https:\/\/cardinal-tapes.com\/wp-content\/uploads\/cardinal-content-kein-traeger-doppelseitig-einseitig-1030x660.png 1030w, https:\/\/cardinal-tapes.com\/wp-content\/uploads\/cardinal-content-kein-traeger-doppelseitig-einseitig-768x492.png 768w, https:\/\/cardinal-tapes.com\/wp-content\/uploads\/cardinal-content-kein-traeger-doppelseitig-einseitig-705x452.png 705w, https:\/\/cardinal-tapes.com\/wp-content\/uploads\/cardinal-content-kein-traeger-doppelseitig-einseitig-450x288.png 450w\" sizes=\"(max-width: 1092px) 100vw, 1092px\" \/><\/div><\/div><\/div><br \/>\n<section  class='av_textblock_section av-1yl7gw-5ce982214e7cb167317c370421584d10 '   itemscope=\"itemscope\" itemtype=\"https:\/\/schema.org\/CreativeWork\" ><div class='avia_textblock'  itemprop=\"text\" ><h4>Transfert (sans support)<\/h4>\n<ul>\n<li>Particuli\u00e8rement fin<\/li>\n<li>Flexible et extr\u00eamement souple<\/li>\n<li>Haute r\u00e9sistance \u00e0 la temp\u00e9rature<\/li>\n<\/ul>\n<\/div><\/section><\/p><\/div>\n<style type=\"text\/css\" data-created_by=\"avia_inline_auto\" id=\"style-css-av-1iuyfs-db16283095b343ebb2b88fc7fac9e0ff\">\n.flex_column.av-1iuyfs-db16283095b343ebb2b88fc7fac9e0ff{\nborder-radius:0px 0px 0px 0px;\npadding:0px 0px 0px 0px;\n}\n<\/style>\n<div  class='flex_column av-1iuyfs-db16283095b343ebb2b88fc7fac9e0ff av_one_third  avia-builder-el-13  el_after_av_one_third  el_before_av_one_third  greybox first flex_column_div av-animated-generic left-to-right av-zero-column-padding  column-top-margin'     ><p>\n<style type=\"text\/css\" data-created_by=\"avia_inline_auto\" id=\"style-css-av-5c4c8-2bd06e47a993f065baad080fb19b6b19\">\n.avia-image-container.av-5c4c8-2bd06e47a993f065baad080fb19b6b19 img.avia_image{\nbox-shadow:none;\n}\n.avia-image-container.av-5c4c8-2bd06e47a993f065baad080fb19b6b19 .av-image-caption-overlay-center{\ncolor:#ffffff;\n}\n<\/style>\n<div  class='avia-image-container av-5c4c8-2bd06e47a993f065baad080fb19b6b19 av-styling-no-styling avia-align-center  avia-builder-el-14  el_before_av_textblock  avia-builder-el-first '   itemprop=\"image\" itemscope=\"itemscope\" itemtype=\"https:\/\/schema.org\/ImageObject\" ><div class=\"avia-image-container-inner\"><div class=\"avia-image-overlay-wrap\"><img decoding=\"async\" fetchpriority=\"high\" class='wp-image-30016 avia-img-lazy-loading-not-30016 avia_image ' src=\"https:\/\/cardinal-tapes.com\/wp-content\/uploads\/cardinal-content-gewebetraeger-doppelseitig-einseitig.png\" alt='' title='cardinal-content-gewebetraeger-doppelseitig-einseitig'  height=\"282\" width=\"440\"  itemprop=\"thumbnailUrl\" srcset=\"https:\/\/cardinal-tapes.com\/wp-content\/uploads\/cardinal-content-gewebetraeger-doppelseitig-einseitig.png 440w, https:\/\/cardinal-tapes.com\/wp-content\/uploads\/cardinal-content-gewebetraeger-doppelseitig-einseitig-200x128.png 200w\" sizes=\"(max-width: 440px) 100vw, 440px\" \/><\/div><\/div><\/div><br \/>\n<section  class='av_textblock_section av-133la8-bc5876e93fb47d7bcb9fba78b309d402 '   itemscope=\"itemscope\" itemtype=\"https:\/\/schema.org\/CreativeWork\" ><div class='avia_textblock'  itemprop=\"text\" ><h4>Support en tissu<\/h4>\n<ul>\n<li>R\u00e9sistant \u00e0 l&#8217;usure<\/li>\n<li>Flexible<\/li>\n<li>Les bretelles plus \u00e9paisses r\u00e9sistent \u00e0 l&#8217;abrasion<\/li>\n<\/ul>\n<\/div><\/section><\/p><\/div>\n<style type=\"text\/css\" data-created_by=\"avia_inline_auto\" id=\"style-css-av-w7ltc-1ddcb8f01c1481832c59a894fd085de3\">\n.flex_column.av-w7ltc-1ddcb8f01c1481832c59a894fd085de3{\nborder-radius:0px 0px 0px 0px;\npadding:0px 0px 0px 0px;\n}\n<\/style>\n<div  class='flex_column av-w7ltc-1ddcb8f01c1481832c59a894fd085de3 av_one_third  avia-builder-el-16  el_after_av_one_third  el_before_av_one_third  greybox flex_column_div av-animated-generic fade-in av-zero-column-padding  column-top-margin'     ><p>\n<style type=\"text\/css\" data-created_by=\"avia_inline_auto\" id=\"style-css-av-rul1c-f963e3cffe450f4a74d1eac3f39b7559\">\n.avia-image-container.av-rul1c-f963e3cffe450f4a74d1eac3f39b7559 img.avia_image{\nbox-shadow:none;\n}\n.avia-image-container.av-rul1c-f963e3cffe450f4a74d1eac3f39b7559 .av-image-caption-overlay-center{\ncolor:#ffffff;\n}\n<\/style>\n<div  class='avia-image-container av-rul1c-f963e3cffe450f4a74d1eac3f39b7559 av-styling-no-styling avia-align-center  avia-builder-el-17  el_before_av_textblock  avia-builder-el-first '   itemprop=\"image\" itemscope=\"itemscope\" itemtype=\"https:\/\/schema.org\/ImageObject\" ><div class=\"avia-image-container-inner\"><div class=\"avia-image-overlay-wrap\"><img decoding=\"async\" fetchpriority=\"high\" class='wp-image-30020 avia-img-lazy-loading-not-30020 avia_image ' src=\"https:\/\/cardinal-tapes.com\/wp-content\/uploads\/cardinal-content-schaumtraeger-doppelseitig-einseitig.png\" alt='' title='cardinal-content-schaumtraeger-doppelseitig-einseitig'  height=\"700\" width=\"1092\"  itemprop=\"thumbnailUrl\" srcset=\"https:\/\/cardinal-tapes.com\/wp-content\/uploads\/cardinal-content-schaumtraeger-doppelseitig-einseitig.png 1092w, https:\/\/cardinal-tapes.com\/wp-content\/uploads\/cardinal-content-schaumtraeger-doppelseitig-einseitig-200x128.png 200w, https:\/\/cardinal-tapes.com\/wp-content\/uploads\/cardinal-content-schaumtraeger-doppelseitig-einseitig-1030x660.png 1030w, https:\/\/cardinal-tapes.com\/wp-content\/uploads\/cardinal-content-schaumtraeger-doppelseitig-einseitig-768x492.png 768w, https:\/\/cardinal-tapes.com\/wp-content\/uploads\/cardinal-content-schaumtraeger-doppelseitig-einseitig-705x452.png 705w, https:\/\/cardinal-tapes.com\/wp-content\/uploads\/cardinal-content-schaumtraeger-doppelseitig-einseitig-450x288.png 450w\" sizes=\"(max-width: 1092px) 100vw, 1092px\" \/><\/div><\/div><\/div><br \/>\n<section  class='av_textblock_section av-dm7tk-6575653744825ef908cbaa8a6557a756 '   itemscope=\"itemscope\" itemtype=\"https:\/\/schema.org\/CreativeWork\" ><div class='avia_textblock'  itemprop=\"text\" ><h4>Support de mousse<\/h4>\n<ul>\n<li>Compensation des tensions, des tol\u00e9rances de jeu et des surfaces irr\u00e9guli\u00e8res<\/li>\n<li>Absorption des chocs<\/li>\n<li>Fonction d&#8217;\u00e9tanch\u00e9it\u00e9 contre la poussi\u00e8re et l&#8217;humidit\u00e9<\/li>\n<\/ul>\n<\/div><\/section><\/p><\/div>\n<style type=\"text\/css\" data-created_by=\"avia_inline_auto\" id=\"style-css-av-ex6eo-70a4736a81a2c56f82d448f501403978\">\n.flex_column.av-ex6eo-70a4736a81a2c56f82d448f501403978{\nborder-radius:0px 0px 0px 0px;\npadding:0px 0px 0px 0px;\n}\n<\/style>\n<div  class='flex_column av-ex6eo-70a4736a81a2c56f82d448f501403978 av_one_third  avia-builder-el-19  el_after_av_one_third  el_before_av_codeblock  greybox flex_column_div av-animated-generic right-to-left av-zero-column-padding  column-top-margin'     ><p>\n<style type=\"text\/css\" data-created_by=\"avia_inline_auto\" id=\"style-css-av-licvlj6b-376e4ab120a0e9181f14d2afebb4a79e\">\n.avia-image-container.av-licvlj6b-376e4ab120a0e9181f14d2afebb4a79e img.avia_image{\nbox-shadow:none;\n}\n.avia-image-container.av-licvlj6b-376e4ab120a0e9181f14d2afebb4a79e .av-image-caption-overlay-center{\ncolor:#ffffff;\n}\n<\/style>\n<div  class='avia-image-container av-licvlj6b-376e4ab120a0e9181f14d2afebb4a79e av-styling-no-styling avia-align-center  avia-builder-el-20  el_before_av_textblock  avia-builder-el-first '   itemprop=\"image\" itemscope=\"itemscope\" itemtype=\"https:\/\/schema.org\/ImageObject\" ><div class=\"avia-image-container-inner\"><div class=\"avia-image-overlay-wrap\"><img decoding=\"async\" fetchpriority=\"high\" class='wp-image-30024 avia-img-lazy-loading-not-30024 avia_image ' src=\"https:\/\/cardinal-tapes.com\/wp-content\/uploads\/cardinal-content-metalltraeger-doppelseitig-einseitig.png\" alt='' title='cardinal-content-metalltraeger-doppelseitig-einseitig'  height=\"700\" width=\"1092\"  itemprop=\"thumbnailUrl\" srcset=\"https:\/\/cardinal-tapes.com\/wp-content\/uploads\/cardinal-content-metalltraeger-doppelseitig-einseitig.png 1092w, https:\/\/cardinal-tapes.com\/wp-content\/uploads\/cardinal-content-metalltraeger-doppelseitig-einseitig-200x128.png 200w, https:\/\/cardinal-tapes.com\/wp-content\/uploads\/cardinal-content-metalltraeger-doppelseitig-einseitig-1030x660.png 1030w, https:\/\/cardinal-tapes.com\/wp-content\/uploads\/cardinal-content-metalltraeger-doppelseitig-einseitig-768x492.png 768w, https:\/\/cardinal-tapes.com\/wp-content\/uploads\/cardinal-content-metalltraeger-doppelseitig-einseitig-705x452.png 705w, https:\/\/cardinal-tapes.com\/wp-content\/uploads\/cardinal-content-metalltraeger-doppelseitig-einseitig-450x288.png 450w\" sizes=\"(max-width: 1092px) 100vw, 1092px\" \/><\/div><\/div><\/div><br \/>\n<section  class='av_textblock_section av-9e9ww-9e8d3eff47b6db6a9283fa9bf7e12e7f '   itemscope=\"itemscope\" itemtype=\"https:\/\/schema.org\/CreativeWork\" ><div class='avia_textblock'  itemprop=\"text\" ><h4>Support m\u00e9tallique<\/h4>\n<ul>\n<li>Haute r\u00e9sistance \u00e0 la temp\u00e9rature<\/li>\n<li>R\u00e9sistant au vieillissement<\/li>\n<li>R\u00e9sistant aux produits chimiques<\/li>\n<\/ul>\n<\/div><\/section><\/p><\/div>\n\n","protected":false},"excerpt":{"rendered":"","protected":false},"author":1,"featured_media":0,"parent":30176,"menu_order":3,"comment_status":"closed","ping_status":"closed","template":"","meta":{"_acf_changed":false,"footnotes":""},"class_list":["post-30644","page","type-page","status-publish","hentry"],"acf":[],"yoast_head":"<!-- This site is optimized with the Yoast SEO plugin v27.3 - https:\/\/yoast.com\/product\/yoast-seo-wordpress\/ -->\n<title>Types de support des rubans adh\u00e9sifs | cardinal TAPES<\/title>\n<meta name=\"description\" content=\"Pour les rubans adh\u00e9sifs, les diff\u00e9rents types de support sont tr\u00e8s importants. Vous trouverez ici un aper\u00e7u des principaux types de supports.\" \/>\n<meta name=\"robots\" content=\"index, follow, max-snippet:-1, max-image-preview:large, max-video-preview:-1\" \/>\n<link rel=\"canonical\" href=\"https:\/\/cardinal-tapes.com\/fr\/infotheque\/types-de-supports\/\" \/>\n<meta property=\"og:locale\" content=\"fr_FR\" \/>\n<meta property=\"og:type\" content=\"article\" \/>\n<meta property=\"og:title\" content=\"Types de support des rubans adh\u00e9sifs | cardinal TAPES\" \/>\n<meta property=\"og:description\" content=\"Pour les rubans adh\u00e9sifs, les diff\u00e9rents types de support sont tr\u00e8s importants. Vous trouverez ici un aper\u00e7u des principaux types de supports.\" \/>\n<meta property=\"og:url\" content=\"https:\/\/cardinal-tapes.com\/fr\/infotheque\/types-de-supports\/\" \/>\n<meta property=\"og:site_name\" content=\"cardinal TAPES\" \/>\n<meta property=\"article:modified_time\" content=\"2023-06-12T12:35:08+00:00\" \/>\n<meta name=\"twitter:card\" content=\"summary_large_image\" \/>\n<meta name=\"twitter:label1\" content=\"Dur\u00e9e de lecture estim\u00e9e\" \/>\n\t<meta name=\"twitter:data1\" content=\"28 minutes\" \/>\n<script type=\"application\/ld+json\" class=\"yoast-schema-graph\">{\"@context\":\"https:\\\/\\\/schema.org\",\"@graph\":[{\"@type\":\"WebPage\",\"@id\":\"https:\\\/\\\/cardinal-tapes.com\\\/fr\\\/infotheque\\\/types-de-supports\\\/\",\"url\":\"https:\\\/\\\/cardinal-tapes.com\\\/fr\\\/infotheque\\\/types-de-supports\\\/\",\"name\":\"Types de support des rubans adh\u00e9sifs | cardinal TAPES\",\"isPartOf\":{\"@id\":\"https:\\\/\\\/cardinal-tapes.com\\\/#website\"},\"datePublished\":\"2017-12-08T10:47:54+00:00\",\"dateModified\":\"2023-06-12T12:35:08+00:00\",\"description\":\"Pour les rubans adh\u00e9sifs, les diff\u00e9rents types de support sont tr\u00e8s importants. Vous trouverez ici un aper\u00e7u des principaux types de supports.\",\"breadcrumb\":{\"@id\":\"https:\\\/\\\/cardinal-tapes.com\\\/fr\\\/infotheque\\\/types-de-supports\\\/#breadcrumb\"},\"inLanguage\":\"fr-FR\",\"potentialAction\":[{\"@type\":\"ReadAction\",\"target\":[\"https:\\\/\\\/cardinal-tapes.com\\\/fr\\\/infotheque\\\/types-de-supports\\\/\"]}]},{\"@type\":\"BreadcrumbList\",\"@id\":\"https:\\\/\\\/cardinal-tapes.com\\\/fr\\\/infotheque\\\/types-de-supports\\\/#breadcrumb\",\"itemListElement\":[{\"@type\":\"ListItem\",\"position\":1,\"name\":\"Startseite\",\"item\":\"https:\\\/\\\/cardinal-tapes.com\\\/fr\\\/accueil\\\/\"},{\"@type\":\"ListItem\",\"position\":2,\"name\":\"Infoth\u00e8que\",\"item\":\"https:\\\/\\\/cardinal-tapes.com\\\/fr\\\/infotheque\\\/\"},{\"@type\":\"ListItem\",\"position\":3,\"name\":\"Types de supports\"}]},{\"@type\":\"WebSite\",\"@id\":\"https:\\\/\\\/cardinal-tapes.com\\\/#website\",\"url\":\"https:\\\/\\\/cardinal-tapes.com\\\/\",\"name\":\"cardinal TAPES\",\"description\":\"Klebetechnik aus Wuppertal\",\"potentialAction\":[{\"@type\":\"SearchAction\",\"target\":{\"@type\":\"EntryPoint\",\"urlTemplate\":\"https:\\\/\\\/cardinal-tapes.com\\\/?s={search_term_string}\"},\"query-input\":{\"@type\":\"PropertyValueSpecification\",\"valueRequired\":true,\"valueName\":\"search_term_string\"}}],\"inLanguage\":\"fr-FR\"}]}<\/script>\n<!-- \/ Yoast SEO plugin. -->","yoast_head_json":{"title":"Types de support des rubans adh\u00e9sifs | cardinal TAPES","description":"Pour les rubans adh\u00e9sifs, les diff\u00e9rents types de support sont tr\u00e8s importants. Vous trouverez ici un aper\u00e7u des principaux types de supports.","robots":{"index":"index","follow":"follow","max-snippet":"max-snippet:-1","max-image-preview":"max-image-preview:large","max-video-preview":"max-video-preview:-1"},"canonical":"https:\/\/cardinal-tapes.com\/fr\/infotheque\/types-de-supports\/","og_locale":"fr_FR","og_type":"article","og_title":"Types de support des rubans adh\u00e9sifs | cardinal TAPES","og_description":"Pour les rubans adh\u00e9sifs, les diff\u00e9rents types de support sont tr\u00e8s importants. Vous trouverez ici un aper\u00e7u des principaux types de supports.","og_url":"https:\/\/cardinal-tapes.com\/fr\/infotheque\/types-de-supports\/","og_site_name":"cardinal TAPES","article_modified_time":"2023-06-12T12:35:08+00:00","twitter_card":"summary_large_image","twitter_misc":{"Dur\u00e9e de lecture estim\u00e9e":"28 minutes"},"schema":{"@context":"https:\/\/schema.org","@graph":[{"@type":"WebPage","@id":"https:\/\/cardinal-tapes.com\/fr\/infotheque\/types-de-supports\/","url":"https:\/\/cardinal-tapes.com\/fr\/infotheque\/types-de-supports\/","name":"Types de support des rubans adh\u00e9sifs | cardinal TAPES","isPartOf":{"@id":"https:\/\/cardinal-tapes.com\/#website"},"datePublished":"2017-12-08T10:47:54+00:00","dateModified":"2023-06-12T12:35:08+00:00","description":"Pour les rubans adh\u00e9sifs, les diff\u00e9rents types de support sont tr\u00e8s importants. Vous trouverez ici un aper\u00e7u des principaux types de supports.","breadcrumb":{"@id":"https:\/\/cardinal-tapes.com\/fr\/infotheque\/types-de-supports\/#breadcrumb"},"inLanguage":"fr-FR","potentialAction":[{"@type":"ReadAction","target":["https:\/\/cardinal-tapes.com\/fr\/infotheque\/types-de-supports\/"]}]},{"@type":"BreadcrumbList","@id":"https:\/\/cardinal-tapes.com\/fr\/infotheque\/types-de-supports\/#breadcrumb","itemListElement":[{"@type":"ListItem","position":1,"name":"Startseite","item":"https:\/\/cardinal-tapes.com\/fr\/accueil\/"},{"@type":"ListItem","position":2,"name":"Infoth\u00e8que","item":"https:\/\/cardinal-tapes.com\/fr\/infotheque\/"},{"@type":"ListItem","position":3,"name":"Types de supports"}]},{"@type":"WebSite","@id":"https:\/\/cardinal-tapes.com\/#website","url":"https:\/\/cardinal-tapes.com\/","name":"cardinal TAPES","description":"Klebetechnik aus Wuppertal","potentialAction":[{"@type":"SearchAction","target":{"@type":"EntryPoint","urlTemplate":"https:\/\/cardinal-tapes.com\/?s={search_term_string}"},"query-input":{"@type":"PropertyValueSpecification","valueRequired":true,"valueName":"search_term_string"}}],"inLanguage":"fr-FR"}]}},"_links":{"self":[{"href":"https:\/\/cardinal-tapes.com\/fr\/wp-json\/wp\/v2\/pages\/30644","targetHints":{"allow":["GET"]}}],"collection":[{"href":"https:\/\/cardinal-tapes.com\/fr\/wp-json\/wp\/v2\/pages"}],"about":[{"href":"https:\/\/cardinal-tapes.com\/fr\/wp-json\/wp\/v2\/types\/page"}],"author":[{"embeddable":true,"href":"https:\/\/cardinal-tapes.com\/fr\/wp-json\/wp\/v2\/users\/1"}],"replies":[{"embeddable":true,"href":"https:\/\/cardinal-tapes.com\/fr\/wp-json\/wp\/v2\/comments?post=30644"}],"version-history":[{"count":0,"href":"https:\/\/cardinal-tapes.com\/fr\/wp-json\/wp\/v2\/pages\/30644\/revisions"}],"up":[{"embeddable":true,"href":"https:\/\/cardinal-tapes.com\/fr\/wp-json\/wp\/v2\/pages\/30176"}],"wp:attachment":[{"href":"https:\/\/cardinal-tapes.com\/fr\/wp-json\/wp\/v2\/media?parent=30644"}],"curies":[{"name":"wp","href":"https:\/\/api.w.org\/{rel}","templated":true}]}}