{"id":75142,"date":"2023-08-04T10:18:19","date_gmt":"2023-08-04T08:18:19","guid":{"rendered":"https:\/\/cardinal-tapes.com\/?post_type=product&#038;p=75142"},"modified":"2026-02-23T10:04:11","modified_gmt":"2026-02-23T09:04:11","slug":"cinta-adhesiva-ca-418-pet-es","status":"publish","type":"product","link":"https:\/\/cardinal-tapes.com\/es\/cintas-adhesivas\/ambitos-de-aplicacion\/produccion-transformacion-del-aluminio\/cinta-adhesiva-ca-418-pet-es\/","title":{"rendered":"CA-420 Cinta adhesiva PET"},"content":{"rendered":"<p>CA-420 es una cinta adhesiva vers\u00e1til de doble cara. El producto consiste en un soporte de pel\u00edcula de poli\u00e9ster recubierto por ambas caras con un adhesivo acr\u00edlico modificado.<br \/>\nSe caracteriza por una muy buena resistencia a la radiaci\u00f3n UV, las tensiones t\u00e9rmicas, los productos qu\u00edmicos, los disolventes y la humedad.<\/p>\n<p>El adhesivo tiene una excelente adherencia permanente, sobre todo en superficies met\u00e1licas, pintadas y de pl\u00e1stico de alta energ\u00eda, pero tambi\u00e9n en superficies de baja energ\u00eda. Debido a su gran masa de aplicaci\u00f3n, el CA-420 tambi\u00e9n es adecuado para pegar superficies rugosas o texturadas.<\/p>\n","protected":false},"excerpt":{"rendered":"<p>CA-420 es una cinta adhesiva vers\u00e1til de doble cara. El producto consiste en un soporte de pel\u00edcula de poli\u00e9ster recubierto por ambas caras con un adhesivo acr\u00edlico modificado. Se caracteriza por una muy buena resistencia a la radiaci\u00f3n UV, las tensiones t\u00e9rmicas, los productos qu\u00edmicos, los disolventes y la humedad. El adhesivo tiene una excelente [&hellip;]<\/p>\n","protected":false},"featured_media":81358,"template":"","meta":{"_acf_changed":false},"pwb-brand":[2175],"product_brand":[],"product_cat":[1712,1800,1804,1695,1703,1704,1706,1708,1711],"product_tag":[],"class_list":{"0":"post-75142","1":"product","2":"type-product","3":"status-publish","4":"has-post-thumbnail","6":"pwb-brand-cardinal-gmbh-es","7":"product_cat-acabado-de-metales","8":"product_cat-industria-textil","9":"product_cat-cintas-adhesivas-de-doble-cara","10":"product_cat-produccion-transformacion-del-aluminio","11":"product_cat-industria-electrica","12":"product_cat-produccion-de-peliculas","13":"product_cat-calefaccion-y-aire-acondicionado","14":"product_cat-industria-del-plastico","15":"product_cat-ingenieria-mecanica","17":"first","18":"instock","19":"taxable","20":"shipping-taxable","21":"purchasable","22":"product-type-variable"},"acf":[],"yoast_head":"<!-- This site is optimized with the Yoast SEO plugin v27.3 - https:\/\/yoast.com\/product\/yoast-seo-wordpress\/ -->\n<title>Cinta adhesiva PET de alto rendimiento CA-420 | Cardinal TAPES<\/title>\n<meta name=\"description\" content=\"CA-420 es una cinta adhesiva vers\u00e1til de doble cara recubierta de un adhesivo acr\u00edlico modificado.\" \/>\n<meta name=\"robots\" content=\"index, follow, max-snippet:-1, max-image-preview:large, max-video-preview:-1\" \/>\n<link rel=\"canonical\" href=\"https:\/\/cardinal-tapes.com\/es\/cintas-adhesivas\/ambitos-de-aplicacion\/produccion-transformacion-del-aluminio\/cinta-adhesiva-ca-418-pet-es\/\" \/>\n<meta property=\"og:locale\" content=\"es_ES\" \/>\n<meta property=\"og:type\" content=\"article\" \/>\n<meta property=\"og:title\" content=\"Cinta adhesiva PET de alto rendimiento CA-420 | Cardinal TAPES\" \/>\n<meta property=\"og:description\" content=\"CA-420 es una cinta adhesiva vers\u00e1til de doble cara recubierta de un adhesivo acr\u00edlico modificado.\" \/>\n<meta property=\"og:url\" content=\"https:\/\/cardinal-tapes.com\/es\/cintas-adhesivas\/ambitos-de-aplicacion\/produccion-transformacion-del-aluminio\/cinta-adhesiva-ca-418-pet-es\/\" \/>\n<meta property=\"og:site_name\" content=\"cardinal TAPES\" \/>\n<meta property=\"article:modified_time\" content=\"2026-02-23T09:04:11+00:00\" \/>\n<meta property=\"og:image\" content=\"https:\/\/cardinal-tapes.com\/wp-content\/uploads\/ca_420_19x50mm.jpg\" \/>\n\t<meta property=\"og:image:width\" content=\"380\" \/>\n\t<meta property=\"og:image:height\" content=\"380\" \/>\n\t<meta property=\"og:image:type\" content=\"image\/jpeg\" \/>\n<meta name=\"twitter:card\" content=\"summary_large_image\" \/>\n<meta name=\"twitter:label1\" content=\"Tiempo de lectura\" \/>\n\t<meta name=\"twitter:data1\" content=\"1 minuto\" \/>\n<script type=\"application\/ld+json\" class=\"yoast-schema-graph\">{\"@context\":\"https:\\\/\\\/schema.org\",\"@graph\":[{\"@type\":\"WebPage\",\"@id\":\"https:\\\/\\\/cardinal-tapes.com\\\/es\\\/cintas-adhesivas\\\/ambitos-de-aplicacion\\\/produccion-transformacion-del-aluminio\\\/cinta-adhesiva-ca-418-pet-es\\\/\",\"url\":\"https:\\\/\\\/cardinal-tapes.com\\\/es\\\/cintas-adhesivas\\\/ambitos-de-aplicacion\\\/produccion-transformacion-del-aluminio\\\/cinta-adhesiva-ca-418-pet-es\\\/\",\"name\":\"Cinta adhesiva PET de alto rendimiento CA-420 | Cardinal TAPES\",\"isPartOf\":{\"@id\":\"https:\\\/\\\/cardinal-tapes.com\\\/#website\"},\"primaryImageOfPage\":{\"@id\":\"https:\\\/\\\/cardinal-tapes.com\\\/es\\\/cintas-adhesivas\\\/ambitos-de-aplicacion\\\/produccion-transformacion-del-aluminio\\\/cinta-adhesiva-ca-418-pet-es\\\/#primaryimage\"},\"image\":{\"@id\":\"https:\\\/\\\/cardinal-tapes.com\\\/es\\\/cintas-adhesivas\\\/ambitos-de-aplicacion\\\/produccion-transformacion-del-aluminio\\\/cinta-adhesiva-ca-418-pet-es\\\/#primaryimage\"},\"thumbnailUrl\":\"https:\\\/\\\/cardinal-tapes.com\\\/wp-content\\\/uploads\\\/ca_420_19x50mm.jpg\",\"datePublished\":\"2023-08-04T08:18:19+00:00\",\"dateModified\":\"2026-02-23T09:04:11+00:00\",\"description\":\"CA-420 es una cinta adhesiva vers\u00e1til de doble cara recubierta de un adhesivo acr\u00edlico modificado.\",\"breadcrumb\":{\"@id\":\"https:\\\/\\\/cardinal-tapes.com\\\/es\\\/cintas-adhesivas\\\/ambitos-de-aplicacion\\\/produccion-transformacion-del-aluminio\\\/cinta-adhesiva-ca-418-pet-es\\\/#breadcrumb\"},\"inLanguage\":\"es\",\"potentialAction\":[{\"@type\":\"ReadAction\",\"target\":[\"https:\\\/\\\/cardinal-tapes.com\\\/es\\\/cintas-adhesivas\\\/ambitos-de-aplicacion\\\/produccion-transformacion-del-aluminio\\\/cinta-adhesiva-ca-418-pet-es\\\/\"]}]},{\"@type\":\"ImageObject\",\"inLanguage\":\"es\",\"@id\":\"https:\\\/\\\/cardinal-tapes.com\\\/es\\\/cintas-adhesivas\\\/ambitos-de-aplicacion\\\/produccion-transformacion-del-aluminio\\\/cinta-adhesiva-ca-418-pet-es\\\/#primaryimage\",\"url\":\"https:\\\/\\\/cardinal-tapes.com\\\/wp-content\\\/uploads\\\/ca_420_19x50mm.jpg\",\"contentUrl\":\"https:\\\/\\\/cardinal-tapes.com\\\/wp-content\\\/uploads\\\/ca_420_19x50mm.jpg\",\"width\":380,\"height\":380},{\"@type\":\"BreadcrumbList\",\"@id\":\"https:\\\/\\\/cardinal-tapes.com\\\/es\\\/cintas-adhesivas\\\/ambitos-de-aplicacion\\\/produccion-transformacion-del-aluminio\\\/cinta-adhesiva-ca-418-pet-es\\\/#breadcrumb\",\"itemListElement\":[{\"@type\":\"ListItem\",\"position\":1,\"name\":\"Startseite\",\"item\":\"https:\\\/\\\/cardinal-tapes.com\\\/es\\\/\"},{\"@type\":\"ListItem\",\"position\":2,\"name\":\"Cintas adhesivas\",\"item\":\"https:\\\/\\\/cardinal-tapes.com\\\/es\\\/cintas-adhesivas-es\\\/\"},{\"@type\":\"ListItem\",\"position\":3,\"name\":\"\u00c1mbitos de aplicaci\u00f3n\",\"item\":\"https:\\\/\\\/cardinal-tapes.com\\\/es\\\/categora\\\/ambitos-de-aplicacion\\\/\"},{\"@type\":\"ListItem\",\"position\":4,\"name\":\"Producci\u00f3n \\\/ transformaci\u00f3n del aluminio\",\"item\":\"https:\\\/\\\/cardinal-tapes.com\\\/es\\\/categora\\\/produccion-transformacion-del-aluminio\\\/\"},{\"@type\":\"ListItem\",\"position\":5,\"name\":\"CA-420 Cinta adhesiva PET\"}]},{\"@type\":\"WebSite\",\"@id\":\"https:\\\/\\\/cardinal-tapes.com\\\/#website\",\"url\":\"https:\\\/\\\/cardinal-tapes.com\\\/\",\"name\":\"cardinal TAPES\",\"description\":\"Klebetechnik aus Wuppertal\",\"potentialAction\":[{\"@type\":\"SearchAction\",\"target\":{\"@type\":\"EntryPoint\",\"urlTemplate\":\"https:\\\/\\\/cardinal-tapes.com\\\/?s={search_term_string}\"},\"query-input\":{\"@type\":\"PropertyValueSpecification\",\"valueRequired\":true,\"valueName\":\"search_term_string\"}}],\"inLanguage\":\"es\"}]}<\/script>\n<!-- \/ Yoast SEO plugin. -->","yoast_head_json":{"title":"Cinta adhesiva PET de alto rendimiento CA-420 | Cardinal TAPES","description":"CA-420 es una cinta adhesiva vers\u00e1til de doble cara recubierta de un adhesivo acr\u00edlico modificado.","robots":{"index":"index","follow":"follow","max-snippet":"max-snippet:-1","max-image-preview":"max-image-preview:large","max-video-preview":"max-video-preview:-1"},"canonical":"https:\/\/cardinal-tapes.com\/es\/cintas-adhesivas\/ambitos-de-aplicacion\/produccion-transformacion-del-aluminio\/cinta-adhesiva-ca-418-pet-es\/","og_locale":"es_ES","og_type":"article","og_title":"Cinta adhesiva PET de alto rendimiento CA-420 | Cardinal TAPES","og_description":"CA-420 es una cinta adhesiva vers\u00e1til de doble cara recubierta de un adhesivo acr\u00edlico modificado.","og_url":"https:\/\/cardinal-tapes.com\/es\/cintas-adhesivas\/ambitos-de-aplicacion\/produccion-transformacion-del-aluminio\/cinta-adhesiva-ca-418-pet-es\/","og_site_name":"cardinal TAPES","article_modified_time":"2026-02-23T09:04:11+00:00","og_image":[{"width":380,"height":380,"url":"https:\/\/cardinal-tapes.com\/wp-content\/uploads\/ca_420_19x50mm.jpg","type":"image\/jpeg"}],"twitter_card":"summary_large_image","twitter_misc":{"Tiempo de lectura":"1 minuto"},"schema":{"@context":"https:\/\/schema.org","@graph":[{"@type":"WebPage","@id":"https:\/\/cardinal-tapes.com\/es\/cintas-adhesivas\/ambitos-de-aplicacion\/produccion-transformacion-del-aluminio\/cinta-adhesiva-ca-418-pet-es\/","url":"https:\/\/cardinal-tapes.com\/es\/cintas-adhesivas\/ambitos-de-aplicacion\/produccion-transformacion-del-aluminio\/cinta-adhesiva-ca-418-pet-es\/","name":"Cinta adhesiva PET de alto rendimiento CA-420 | Cardinal TAPES","isPartOf":{"@id":"https:\/\/cardinal-tapes.com\/#website"},"primaryImageOfPage":{"@id":"https:\/\/cardinal-tapes.com\/es\/cintas-adhesivas\/ambitos-de-aplicacion\/produccion-transformacion-del-aluminio\/cinta-adhesiva-ca-418-pet-es\/#primaryimage"},"image":{"@id":"https:\/\/cardinal-tapes.com\/es\/cintas-adhesivas\/ambitos-de-aplicacion\/produccion-transformacion-del-aluminio\/cinta-adhesiva-ca-418-pet-es\/#primaryimage"},"thumbnailUrl":"https:\/\/cardinal-tapes.com\/wp-content\/uploads\/ca_420_19x50mm.jpg","datePublished":"2023-08-04T08:18:19+00:00","dateModified":"2026-02-23T09:04:11+00:00","description":"CA-420 es una cinta adhesiva vers\u00e1til de doble cara recubierta de un adhesivo acr\u00edlico modificado.","breadcrumb":{"@id":"https:\/\/cardinal-tapes.com\/es\/cintas-adhesivas\/ambitos-de-aplicacion\/produccion-transformacion-del-aluminio\/cinta-adhesiva-ca-418-pet-es\/#breadcrumb"},"inLanguage":"es","potentialAction":[{"@type":"ReadAction","target":["https:\/\/cardinal-tapes.com\/es\/cintas-adhesivas\/ambitos-de-aplicacion\/produccion-transformacion-del-aluminio\/cinta-adhesiva-ca-418-pet-es\/"]}]},{"@type":"ImageObject","inLanguage":"es","@id":"https:\/\/cardinal-tapes.com\/es\/cintas-adhesivas\/ambitos-de-aplicacion\/produccion-transformacion-del-aluminio\/cinta-adhesiva-ca-418-pet-es\/#primaryimage","url":"https:\/\/cardinal-tapes.com\/wp-content\/uploads\/ca_420_19x50mm.jpg","contentUrl":"https:\/\/cardinal-tapes.com\/wp-content\/uploads\/ca_420_19x50mm.jpg","width":380,"height":380},{"@type":"BreadcrumbList","@id":"https:\/\/cardinal-tapes.com\/es\/cintas-adhesivas\/ambitos-de-aplicacion\/produccion-transformacion-del-aluminio\/cinta-adhesiva-ca-418-pet-es\/#breadcrumb","itemListElement":[{"@type":"ListItem","position":1,"name":"Startseite","item":"https:\/\/cardinal-tapes.com\/es\/"},{"@type":"ListItem","position":2,"name":"Cintas adhesivas","item":"https:\/\/cardinal-tapes.com\/es\/cintas-adhesivas-es\/"},{"@type":"ListItem","position":3,"name":"\u00c1mbitos de aplicaci\u00f3n","item":"https:\/\/cardinal-tapes.com\/es\/categora\/ambitos-de-aplicacion\/"},{"@type":"ListItem","position":4,"name":"Producci\u00f3n \/ transformaci\u00f3n del aluminio","item":"https:\/\/cardinal-tapes.com\/es\/categora\/produccion-transformacion-del-aluminio\/"},{"@type":"ListItem","position":5,"name":"CA-420 Cinta adhesiva PET"}]},{"@type":"WebSite","@id":"https:\/\/cardinal-tapes.com\/#website","url":"https:\/\/cardinal-tapes.com\/","name":"cardinal TAPES","description":"Klebetechnik aus Wuppertal","potentialAction":[{"@type":"SearchAction","target":{"@type":"EntryPoint","urlTemplate":"https:\/\/cardinal-tapes.com\/?s={search_term_string}"},"query-input":{"@type":"PropertyValueSpecification","valueRequired":true,"valueName":"search_term_string"}}],"inLanguage":"es"}]}},"brands":[{"id":2175,"name":"cardinal GmbH","slug":"cardinal-gmbh-es"}],"_links":{"self":[{"href":"https:\/\/cardinal-tapes.com\/es\/wp-json\/wp\/v2\/product\/75142","targetHints":{"allow":["GET"]}}],"collection":[{"href":"https:\/\/cardinal-tapes.com\/es\/wp-json\/wp\/v2\/product"}],"about":[{"href":"https:\/\/cardinal-tapes.com\/es\/wp-json\/wp\/v2\/types\/product"}],"wp:featuredmedia":[{"embeddable":true,"href":"https:\/\/cardinal-tapes.com\/es\/wp-json\/wp\/v2\/media\/81358"}],"wp:attachment":[{"href":"https:\/\/cardinal-tapes.com\/es\/wp-json\/wp\/v2\/media?parent=75142"}],"wp:term":[{"taxonomy":"pwb-brand","embeddable":true,"href":"https:\/\/cardinal-tapes.com\/es\/wp-json\/wp\/v2\/pwb-brand?post=75142"},{"taxonomy":"product_brand","embeddable":true,"href":"https:\/\/cardinal-tapes.com\/es\/wp-json\/wp\/v2\/product_brand?post=75142"},{"taxonomy":"product_cat","embeddable":true,"href":"https:\/\/cardinal-tapes.com\/es\/wp-json\/wp\/v2\/product_cat?post=75142"},{"taxonomy":"product_tag","embeddable":true,"href":"https:\/\/cardinal-tapes.com\/es\/wp-json\/wp\/v2\/product_tag?post=75142"}],"curies":[{"name":"wp","href":"https:\/\/api.w.org\/{rel}","templated":true}]}}