{"id":63618,"date":"2017-12-08T08:30:09","date_gmt":"2023-06-06T08:21:19","guid":{"rendered":"https:\/\/cardinal.pixel-tal.de\/klebebaender\/sin categor\u00eda\/lamina-adhesiva-de-doble-cara-activada-por-calor-3m-582\/"},"modified":"2023-06-06T10:21:19","modified_gmt":"2023-06-06T08:21:19","slug":"3m-582-pelicula-adhesiva-de-doble-cara-activada-por-calor","status":"publish","type":"product","link":"https:\/\/cardinal-tapes.com\/es\/cintas-adhesivas\/cintas-adhesivas-de-doble-cara\/3m-582-pelicula-adhesiva-de-doble-cara-activada-por-calor\/","title":{"rendered":"L\u00e1mina adhesiva de doble cara activada por calor 3M\u2122 582"},"content":{"rendered":"<p>La pel\u00edcula adhesiva de doble cara activada por calor 3M\u2122 582 est\u00e1 dise\u00f1ada para crear uniones de alta resistencia entre diferentes materiales. El adhesivo se endurece con el calor y la presi\u00f3n. Algunos ejemplos de materiales que pueden unirse son el metal y el vidrio, el metal y la madera, varios metales, el metal y los pl\u00e1sticos y muchos m\u00e1s.<\/p>\n<p>Lo sentimos, este producto ya no est\u00e1 disponible. Si <a href=\"https:\/\/cardinal-tapes.com\/ueber-cardinal\/kontakt\/\">lo solicita<\/a>, estaremos encantados de ofrecerle una alternativa adecuada.<\/p>\n<p><strong>Propiedades<\/strong><br \/>\nLa cinta adhesiva 3M\u2122 582 se caracteriza por una fuerza adhesiva muy alta y una buena resistencia a los disolventes.<\/p>\n<p><strong>Aplicaciones<\/strong><br \/>\n&#8211; Para pegar metales y para pegar metales a madera o pl\u00e1sticos<br \/>\n&#8211; Laminaci\u00f3n de l\u00e1minas met\u00e1licas<br \/>\n&#8211; Empalme de chapas o l\u00e1minas met\u00e1licas<\/p>\n","protected":false},"excerpt":{"rendered":"<p>La pel\u00edcula adhesiva de doble cara activada por calor 3M\u2122 582 est\u00e1 dise\u00f1ada para crear uniones de alta resistencia entre diferentes materiales. El adhesivo se endurece con el calor y la presi\u00f3n. Algunos ejemplos de materiales que pueden unirse son el metal y el vidrio, el metal y la madera, varios metales, el metal y [&hellip;]<\/p>\n","protected":false},"featured_media":24323,"template":"","meta":{"_acf_changed":false},"pwb-brand":[2169],"product_brand":[],"product_cat":[1804],"product_tag":[],"class_list":{"0":"post-63618","1":"product","2":"type-product","3":"status-publish","4":"has-post-thumbnail","6":"pwb-brand-3m-es","7":"product_cat-cintas-adhesivas-de-doble-cara","9":"first","10":"instock","11":"taxable","12":"shipping-taxable","13":"purchasable","14":"product-type-variable"},"acf":[],"yoast_head":"<!-- This site is optimized with the Yoast SEO plugin v27.3 - https:\/\/yoast.com\/product\/yoast-seo-wordpress\/ -->\n<title>L\u00e1mina adhesiva de doble cara activada por calor 3M 582<\/title>\n<meta name=\"description\" content=\"La pel\u00edcula adhesiva de doble cara activada por calor 3M 582 est\u00e1 dise\u00f1ada para crear uniones de alta resistencia entre diferentes materiales.\" \/>\n<meta name=\"robots\" content=\"index, follow, max-snippet:-1, max-image-preview:large, max-video-preview:-1\" \/>\n<link rel=\"canonical\" href=\"https:\/\/cardinal-tapes.com\/es\/cintas-adhesivas\/cintas-adhesivas-de-doble-cara\/3m-582-pelicula-adhesiva-de-doble-cara-activada-por-calor\/\" \/>\n<meta property=\"og:locale\" content=\"es_ES\" \/>\n<meta property=\"og:type\" content=\"article\" \/>\n<meta property=\"og:title\" content=\"L\u00e1mina adhesiva de doble cara activada por calor 3M 582\" \/>\n<meta property=\"og:description\" content=\"La pel\u00edcula adhesiva de doble cara activada por calor 3M 582 est\u00e1 dise\u00f1ada para crear uniones de alta resistencia entre diferentes materiales.\" \/>\n<meta property=\"og:url\" content=\"https:\/\/cardinal-tapes.com\/es\/cintas-adhesivas\/cintas-adhesivas-de-doble-cara\/3m-582-pelicula-adhesiva-de-doble-cara-activada-por-calor\/\" \/>\n<meta property=\"og:site_name\" content=\"cardinal TAPES\" \/>\n<meta property=\"og:image\" content=\"https:\/\/cardinal-tapes.com\/wp-content\/uploads\/3m_doppelseitig_papiervliestraeger_9527.jpg\" \/>\n\t<meta property=\"og:image:width\" content=\"600\" \/>\n\t<meta property=\"og:image:height\" content=\"600\" \/>\n\t<meta property=\"og:image:type\" content=\"image\/jpeg\" \/>\n<meta name=\"twitter:card\" content=\"summary_large_image\" \/>\n<meta name=\"twitter:label1\" content=\"Tiempo de lectura\" \/>\n\t<meta name=\"twitter:data1\" content=\"1 minuto\" \/>\n<script type=\"application\/ld+json\" class=\"yoast-schema-graph\">{\"@context\":\"https:\\\/\\\/schema.org\",\"@graph\":[{\"@type\":\"WebPage\",\"@id\":\"https:\\\/\\\/cardinal-tapes.com\\\/es\\\/cintas-adhesivas\\\/cintas-adhesivas-de-doble-cara\\\/3m-582-pelicula-adhesiva-de-doble-cara-activada-por-calor\\\/\",\"url\":\"https:\\\/\\\/cardinal-tapes.com\\\/es\\\/cintas-adhesivas\\\/cintas-adhesivas-de-doble-cara\\\/3m-582-pelicula-adhesiva-de-doble-cara-activada-por-calor\\\/\",\"name\":\"L\u00e1mina adhesiva de doble cara activada por calor 3M 582\",\"isPartOf\":{\"@id\":\"https:\\\/\\\/cardinal-tapes.com\\\/#website\"},\"primaryImageOfPage\":{\"@id\":\"https:\\\/\\\/cardinal-tapes.com\\\/es\\\/cintas-adhesivas\\\/cintas-adhesivas-de-doble-cara\\\/3m-582-pelicula-adhesiva-de-doble-cara-activada-por-calor\\\/#primaryimage\"},\"image\":{\"@id\":\"https:\\\/\\\/cardinal-tapes.com\\\/es\\\/cintas-adhesivas\\\/cintas-adhesivas-de-doble-cara\\\/3m-582-pelicula-adhesiva-de-doble-cara-activada-por-calor\\\/#primaryimage\"},\"thumbnailUrl\":\"https:\\\/\\\/cardinal-tapes.com\\\/wp-content\\\/uploads\\\/3m_doppelseitig_papiervliestraeger_9527.jpg\",\"datePublished\":\"2023-06-06T08:21:19+00:00\",\"description\":\"La pel\u00edcula adhesiva de doble cara activada por calor 3M 582 est\u00e1 dise\u00f1ada para crear uniones de alta resistencia entre diferentes materiales.\",\"breadcrumb\":{\"@id\":\"https:\\\/\\\/cardinal-tapes.com\\\/es\\\/cintas-adhesivas\\\/cintas-adhesivas-de-doble-cara\\\/3m-582-pelicula-adhesiva-de-doble-cara-activada-por-calor\\\/#breadcrumb\"},\"inLanguage\":\"es\",\"potentialAction\":[{\"@type\":\"ReadAction\",\"target\":[\"https:\\\/\\\/cardinal-tapes.com\\\/es\\\/cintas-adhesivas\\\/cintas-adhesivas-de-doble-cara\\\/3m-582-pelicula-adhesiva-de-doble-cara-activada-por-calor\\\/\"]}]},{\"@type\":\"ImageObject\",\"inLanguage\":\"es\",\"@id\":\"https:\\\/\\\/cardinal-tapes.com\\\/es\\\/cintas-adhesivas\\\/cintas-adhesivas-de-doble-cara\\\/3m-582-pelicula-adhesiva-de-doble-cara-activada-por-calor\\\/#primaryimage\",\"url\":\"https:\\\/\\\/cardinal-tapes.com\\\/wp-content\\\/uploads\\\/3m_doppelseitig_papiervliestraeger_9527.jpg\",\"contentUrl\":\"https:\\\/\\\/cardinal-tapes.com\\\/wp-content\\\/uploads\\\/3m_doppelseitig_papiervliestraeger_9527.jpg\",\"width\":600,\"height\":600,\"caption\":\"3M Cinta de papel de doble cara 9527\"},{\"@type\":\"BreadcrumbList\",\"@id\":\"https:\\\/\\\/cardinal-tapes.com\\\/es\\\/cintas-adhesivas\\\/cintas-adhesivas-de-doble-cara\\\/3m-582-pelicula-adhesiva-de-doble-cara-activada-por-calor\\\/#breadcrumb\",\"itemListElement\":[{\"@type\":\"ListItem\",\"position\":1,\"name\":\"Startseite\",\"item\":\"https:\\\/\\\/cardinal-tapes.com\\\/es\\\/\"},{\"@type\":\"ListItem\",\"position\":2,\"name\":\"Cintas adhesivas\",\"item\":\"https:\\\/\\\/cardinal-tapes.com\\\/es\\\/cintas-adhesivas-es\\\/\"},{\"@type\":\"ListItem\",\"position\":3,\"name\":\"Cintas adhesivas de doble cara\",\"item\":\"https:\\\/\\\/cardinal-tapes.com\\\/es\\\/categora\\\/cintas-adhesivas-de-doble-cara\\\/\"},{\"@type\":\"ListItem\",\"position\":4,\"name\":\"L\u00e1mina adhesiva de doble cara activada por calor 3M\u2122 582\"}]},{\"@type\":\"WebSite\",\"@id\":\"https:\\\/\\\/cardinal-tapes.com\\\/#website\",\"url\":\"https:\\\/\\\/cardinal-tapes.com\\\/\",\"name\":\"cardinal TAPES\",\"description\":\"Klebetechnik aus Wuppertal\",\"potentialAction\":[{\"@type\":\"SearchAction\",\"target\":{\"@type\":\"EntryPoint\",\"urlTemplate\":\"https:\\\/\\\/cardinal-tapes.com\\\/?s={search_term_string}\"},\"query-input\":{\"@type\":\"PropertyValueSpecification\",\"valueRequired\":true,\"valueName\":\"search_term_string\"}}],\"inLanguage\":\"es\"}]}<\/script>\n<!-- \/ Yoast SEO plugin. -->","yoast_head_json":{"title":"L\u00e1mina adhesiva de doble cara activada por calor 3M 582","description":"La pel\u00edcula adhesiva de doble cara activada por calor 3M 582 est\u00e1 dise\u00f1ada para crear uniones de alta resistencia entre diferentes materiales.","robots":{"index":"index","follow":"follow","max-snippet":"max-snippet:-1","max-image-preview":"max-image-preview:large","max-video-preview":"max-video-preview:-1"},"canonical":"https:\/\/cardinal-tapes.com\/es\/cintas-adhesivas\/cintas-adhesivas-de-doble-cara\/3m-582-pelicula-adhesiva-de-doble-cara-activada-por-calor\/","og_locale":"es_ES","og_type":"article","og_title":"L\u00e1mina adhesiva de doble cara activada por calor 3M 582","og_description":"La pel\u00edcula adhesiva de doble cara activada por calor 3M 582 est\u00e1 dise\u00f1ada para crear uniones de alta resistencia entre diferentes materiales.","og_url":"https:\/\/cardinal-tapes.com\/es\/cintas-adhesivas\/cintas-adhesivas-de-doble-cara\/3m-582-pelicula-adhesiva-de-doble-cara-activada-por-calor\/","og_site_name":"cardinal TAPES","og_image":[{"width":600,"height":600,"url":"https:\/\/cardinal-tapes.com\/wp-content\/uploads\/3m_doppelseitig_papiervliestraeger_9527.jpg","type":"image\/jpeg"}],"twitter_card":"summary_large_image","twitter_misc":{"Tiempo de lectura":"1 minuto"},"schema":{"@context":"https:\/\/schema.org","@graph":[{"@type":"WebPage","@id":"https:\/\/cardinal-tapes.com\/es\/cintas-adhesivas\/cintas-adhesivas-de-doble-cara\/3m-582-pelicula-adhesiva-de-doble-cara-activada-por-calor\/","url":"https:\/\/cardinal-tapes.com\/es\/cintas-adhesivas\/cintas-adhesivas-de-doble-cara\/3m-582-pelicula-adhesiva-de-doble-cara-activada-por-calor\/","name":"L\u00e1mina adhesiva de doble cara activada por calor 3M 582","isPartOf":{"@id":"https:\/\/cardinal-tapes.com\/#website"},"primaryImageOfPage":{"@id":"https:\/\/cardinal-tapes.com\/es\/cintas-adhesivas\/cintas-adhesivas-de-doble-cara\/3m-582-pelicula-adhesiva-de-doble-cara-activada-por-calor\/#primaryimage"},"image":{"@id":"https:\/\/cardinal-tapes.com\/es\/cintas-adhesivas\/cintas-adhesivas-de-doble-cara\/3m-582-pelicula-adhesiva-de-doble-cara-activada-por-calor\/#primaryimage"},"thumbnailUrl":"https:\/\/cardinal-tapes.com\/wp-content\/uploads\/3m_doppelseitig_papiervliestraeger_9527.jpg","datePublished":"2023-06-06T08:21:19+00:00","description":"La pel\u00edcula adhesiva de doble cara activada por calor 3M 582 est\u00e1 dise\u00f1ada para crear uniones de alta resistencia entre diferentes materiales.","breadcrumb":{"@id":"https:\/\/cardinal-tapes.com\/es\/cintas-adhesivas\/cintas-adhesivas-de-doble-cara\/3m-582-pelicula-adhesiva-de-doble-cara-activada-por-calor\/#breadcrumb"},"inLanguage":"es","potentialAction":[{"@type":"ReadAction","target":["https:\/\/cardinal-tapes.com\/es\/cintas-adhesivas\/cintas-adhesivas-de-doble-cara\/3m-582-pelicula-adhesiva-de-doble-cara-activada-por-calor\/"]}]},{"@type":"ImageObject","inLanguage":"es","@id":"https:\/\/cardinal-tapes.com\/es\/cintas-adhesivas\/cintas-adhesivas-de-doble-cara\/3m-582-pelicula-adhesiva-de-doble-cara-activada-por-calor\/#primaryimage","url":"https:\/\/cardinal-tapes.com\/wp-content\/uploads\/3m_doppelseitig_papiervliestraeger_9527.jpg","contentUrl":"https:\/\/cardinal-tapes.com\/wp-content\/uploads\/3m_doppelseitig_papiervliestraeger_9527.jpg","width":600,"height":600,"caption":"3M Cinta de papel de doble cara 9527"},{"@type":"BreadcrumbList","@id":"https:\/\/cardinal-tapes.com\/es\/cintas-adhesivas\/cintas-adhesivas-de-doble-cara\/3m-582-pelicula-adhesiva-de-doble-cara-activada-por-calor\/#breadcrumb","itemListElement":[{"@type":"ListItem","position":1,"name":"Startseite","item":"https:\/\/cardinal-tapes.com\/es\/"},{"@type":"ListItem","position":2,"name":"Cintas adhesivas","item":"https:\/\/cardinal-tapes.com\/es\/cintas-adhesivas-es\/"},{"@type":"ListItem","position":3,"name":"Cintas adhesivas de doble cara","item":"https:\/\/cardinal-tapes.com\/es\/categora\/cintas-adhesivas-de-doble-cara\/"},{"@type":"ListItem","position":4,"name":"L\u00e1mina adhesiva de doble cara activada por calor 3M\u2122 582"}]},{"@type":"WebSite","@id":"https:\/\/cardinal-tapes.com\/#website","url":"https:\/\/cardinal-tapes.com\/","name":"cardinal TAPES","description":"Klebetechnik aus Wuppertal","potentialAction":[{"@type":"SearchAction","target":{"@type":"EntryPoint","urlTemplate":"https:\/\/cardinal-tapes.com\/?s={search_term_string}"},"query-input":{"@type":"PropertyValueSpecification","valueRequired":true,"valueName":"search_term_string"}}],"inLanguage":"es"}]}},"brands":[{"id":2169,"name":"3M","slug":"3m-es"}],"_links":{"self":[{"href":"https:\/\/cardinal-tapes.com\/es\/wp-json\/wp\/v2\/product\/63618","targetHints":{"allow":["GET"]}}],"collection":[{"href":"https:\/\/cardinal-tapes.com\/es\/wp-json\/wp\/v2\/product"}],"about":[{"href":"https:\/\/cardinal-tapes.com\/es\/wp-json\/wp\/v2\/types\/product"}],"wp:featuredmedia":[{"embeddable":true,"href":"https:\/\/cardinal-tapes.com\/es\/wp-json\/wp\/v2\/media\/24323"}],"wp:attachment":[{"href":"https:\/\/cardinal-tapes.com\/es\/wp-json\/wp\/v2\/media?parent=63618"}],"wp:term":[{"taxonomy":"pwb-brand","embeddable":true,"href":"https:\/\/cardinal-tapes.com\/es\/wp-json\/wp\/v2\/pwb-brand?post=63618"},{"taxonomy":"product_brand","embeddable":true,"href":"https:\/\/cardinal-tapes.com\/es\/wp-json\/wp\/v2\/product_brand?post=63618"},{"taxonomy":"product_cat","embeddable":true,"href":"https:\/\/cardinal-tapes.com\/es\/wp-json\/wp\/v2\/product_cat?post=63618"},{"taxonomy":"product_tag","embeddable":true,"href":"https:\/\/cardinal-tapes.com\/es\/wp-json\/wp\/v2\/product_tag?post=63618"}],"curies":[{"name":"wp","href":"https:\/\/api.w.org\/{rel}","templated":true}]}}