{"id":63615,"date":"2017-12-08T08:32:45","date_gmt":"2023-06-06T08:21:19","guid":{"rendered":"https:\/\/cardinal.pixel-tal.de\/klebebaender\/sin%20categor\u00eda\/3m-cinta-de-transferencia-9485pc\/"},"modified":"2025-07-11T09:07:07","modified_gmt":"2025-07-11T07:07:07","slug":"3m-9485-pelicula-adhesiva-sin-soporte","status":"publish","type":"product","link":"https:\/\/cardinal-tapes.com\/es\/cintas-adhesivas\/cintas-adhesivas-de-doble-cara\/3m-9485-pelicula-adhesiva-sin-soporte\/","title":{"rendered":"3M\u2122 Cinta de transferencia 9485PC"},"content":{"rendered":"<p>La cinta adhesiva 3M\u2122 Adhesive Series 350 Transfer Tape 9485 PC es una pel\u00edcula de adhesivo acr\u00edlico modificado que proporciona una excelente adhesi\u00f3n a superficies de baja y alta energ\u00eda.<\/p>\n<p><strong>Propiedades<\/strong><br \/>\nGracias a su grosor relativo de 0,135 mil\u00edmetros, la cinta adhesiva tambi\u00e9n es adecuada para su uso en superficies ligeramente irregulares o rugosas. Su buena resistencia al cizallamiento y a las influencias f\u00edsicas y qu\u00edmicas lo hacen adecuado para su uso incluso en condiciones ambientales dif\u00edciles. La cinta contiene un adhesivo reforzado con fibras para aumentar la estabilidad del rollo en anchuras estrechas. Dise\u00f1ado para una exposici\u00f3n a temperaturas de corta duraci\u00f3n de hasta 200\u00b0C. Ideal para pegar diferentes materiales.<\/p>\n<p><strong>Aplicaciones<\/strong><br \/>\n&#8211; Fijaci\u00f3n de materiales de alta y baja energ\u00eda superficial y superficies con recubrimiento de polvo<br \/>\n&#8211; Fijaci\u00f3n de espuma a materiales de baja energ\u00eda superficial (LSE), resistencia a altas temperaturas<br \/>\n&#8211; Fijaci\u00f3n de espuma y juntas<br \/>\n&#8211; Sujeci\u00f3n y fijaci\u00f3n en el ensamblaje de productos<\/p>\n","protected":false},"excerpt":{"rendered":"<p>La cinta adhesiva 3M\u2122 Adhesive Series 350 Transfer Tape 9485 PC es una pel\u00edcula de adhesivo acr\u00edlico modificado que proporciona una excelente adhesi\u00f3n a superficies de baja y alta energ\u00eda. Propiedades Gracias a su grosor relativo de 0,135 mil\u00edmetros, la cinta adhesiva tambi\u00e9n es adecuada para su uso en superficies ligeramente irregulares o rugosas. Su [&hellip;]<\/p>\n","protected":false},"featured_media":24407,"template":"","meta":{"_acf_changed":false},"pwb-brand":[2169],"product_brand":[],"product_cat":[1804],"product_tag":[],"class_list":{"0":"post-63615","1":"product","2":"type-product","3":"status-publish","4":"has-post-thumbnail","6":"pwb-brand-3m-es","7":"product_cat-cintas-adhesivas-de-doble-cara","9":"first","10":"instock","11":"taxable","12":"shipping-taxable","13":"purchasable","14":"product-type-variable"},"acf":[],"yoast_head":"<!-- This site is optimized with the Yoast SEO plugin v27.4 - https:\/\/yoast.com\/product\/yoast-seo-wordpress\/ -->\n<title>3M 9485 Film Adhesivo sin Soporte | CINTAS Cardinales<\/title>\n<meta name=\"description\" content=\"La l\u00e1mina adhesiva 3M 9485 sin soporte consiste en un adhesivo de acrilato modificado, que se caracteriza por su resistencia a altas temperaturas y a los rayos UV.\" \/>\n<meta name=\"robots\" content=\"index, follow, max-snippet:-1, max-image-preview:large, max-video-preview:-1\" \/>\n<link rel=\"canonical\" href=\"https:\/\/cardinal-tapes.com\/es\/cintas-adhesivas\/cintas-adhesivas-de-doble-cara\/3m-9485-pelicula-adhesiva-sin-soporte\/\" \/>\n<meta property=\"og:locale\" content=\"es_ES\" \/>\n<meta property=\"og:type\" content=\"article\" \/>\n<meta property=\"og:title\" content=\"3M 9485 Film Adhesivo sin Soporte | CINTAS Cardinales\" \/>\n<meta property=\"og:description\" content=\"La l\u00e1mina adhesiva 3M 9485 sin soporte consiste en un adhesivo de acrilato modificado, que se caracteriza por su resistencia a altas temperaturas y a los rayos UV.\" \/>\n<meta property=\"og:url\" content=\"https:\/\/cardinal-tapes.com\/es\/cintas-adhesivas\/cintas-adhesivas-de-doble-cara\/3m-9485-pelicula-adhesiva-sin-soporte\/\" \/>\n<meta property=\"og:site_name\" content=\"cardinal TAPES\" \/>\n<meta property=\"article:modified_time\" content=\"2025-07-11T07:07:07+00:00\" \/>\n<meta property=\"og:image\" content=\"https:\/\/cardinal-tapes.com\/wp-content\/uploads\/3m_klebstoffserie_350_9485.jpg\" \/>\n\t<meta property=\"og:image:width\" content=\"600\" \/>\n\t<meta property=\"og:image:height\" content=\"600\" \/>\n\t<meta property=\"og:image:type\" content=\"image\/jpeg\" \/>\n<meta name=\"twitter:card\" content=\"summary_large_image\" \/>\n<meta name=\"twitter:label1\" content=\"Tiempo de lectura\" \/>\n\t<meta name=\"twitter:data1\" content=\"1 minuto\" \/>\n<script type=\"application\/ld+json\" class=\"yoast-schema-graph\">{\"@context\":\"https:\\\/\\\/schema.org\",\"@graph\":[{\"@type\":\"WebPage\",\"@id\":\"https:\\\/\\\/cardinal-tapes.com\\\/es\\\/cintas-adhesivas\\\/cintas-adhesivas-de-doble-cara\\\/3m-9485-pelicula-adhesiva-sin-soporte\\\/\",\"url\":\"https:\\\/\\\/cardinal-tapes.com\\\/es\\\/cintas-adhesivas\\\/cintas-adhesivas-de-doble-cara\\\/3m-9485-pelicula-adhesiva-sin-soporte\\\/\",\"name\":\"3M 9485 Film Adhesivo sin Soporte | CINTAS Cardinales\",\"isPartOf\":{\"@id\":\"https:\\\/\\\/cardinal-tapes.com\\\/#website\"},\"primaryImageOfPage\":{\"@id\":\"https:\\\/\\\/cardinal-tapes.com\\\/es\\\/cintas-adhesivas\\\/cintas-adhesivas-de-doble-cara\\\/3m-9485-pelicula-adhesiva-sin-soporte\\\/#primaryimage\"},\"image\":{\"@id\":\"https:\\\/\\\/cardinal-tapes.com\\\/es\\\/cintas-adhesivas\\\/cintas-adhesivas-de-doble-cara\\\/3m-9485-pelicula-adhesiva-sin-soporte\\\/#primaryimage\"},\"thumbnailUrl\":\"https:\\\/\\\/cardinal-tapes.com\\\/wp-content\\\/uploads\\\/3m_klebstoffserie_350_9485.jpg\",\"datePublished\":\"2023-06-06T08:21:19+00:00\",\"dateModified\":\"2025-07-11T07:07:07+00:00\",\"description\":\"La l\u00e1mina adhesiva 3M 9485 sin soporte consiste en un adhesivo de acrilato modificado, que se caracteriza por su resistencia a altas temperaturas y a los rayos UV.\",\"breadcrumb\":{\"@id\":\"https:\\\/\\\/cardinal-tapes.com\\\/es\\\/cintas-adhesivas\\\/cintas-adhesivas-de-doble-cara\\\/3m-9485-pelicula-adhesiva-sin-soporte\\\/#breadcrumb\"},\"inLanguage\":\"es\",\"potentialAction\":[{\"@type\":\"ReadAction\",\"target\":[\"https:\\\/\\\/cardinal-tapes.com\\\/es\\\/cintas-adhesivas\\\/cintas-adhesivas-de-doble-cara\\\/3m-9485-pelicula-adhesiva-sin-soporte\\\/\"]}]},{\"@type\":\"ImageObject\",\"inLanguage\":\"es\",\"@id\":\"https:\\\/\\\/cardinal-tapes.com\\\/es\\\/cintas-adhesivas\\\/cintas-adhesivas-de-doble-cara\\\/3m-9485-pelicula-adhesiva-sin-soporte\\\/#primaryimage\",\"url\":\"https:\\\/\\\/cardinal-tapes.com\\\/wp-content\\\/uploads\\\/3m_klebstoffserie_350_9485.jpg\",\"contentUrl\":\"https:\\\/\\\/cardinal-tapes.com\\\/wp-content\\\/uploads\\\/3m_klebstoffserie_350_9485.jpg\",\"width\":600,\"height\":600,\"caption\":\"Pel\u00edcula adhesiva 3M sin soporte 9485\"},{\"@type\":\"BreadcrumbList\",\"@id\":\"https:\\\/\\\/cardinal-tapes.com\\\/es\\\/cintas-adhesivas\\\/cintas-adhesivas-de-doble-cara\\\/3m-9485-pelicula-adhesiva-sin-soporte\\\/#breadcrumb\",\"itemListElement\":[{\"@type\":\"ListItem\",\"position\":1,\"name\":\"Startseite\",\"item\":\"https:\\\/\\\/cardinal-tapes.com\\\/es\\\/\"},{\"@type\":\"ListItem\",\"position\":2,\"name\":\"Cintas adhesivas\",\"item\":\"https:\\\/\\\/cardinal-tapes.com\\\/es\\\/cintas-adhesivas-es\\\/\"},{\"@type\":\"ListItem\",\"position\":3,\"name\":\"Cintas adhesivas de doble cara\",\"item\":\"https:\\\/\\\/cardinal-tapes.com\\\/es\\\/categora\\\/cintas-adhesivas-de-doble-cara\\\/\"},{\"@type\":\"ListItem\",\"position\":4,\"name\":\"3M\u2122 Cinta de transferencia 9485PC\"}]},{\"@type\":\"WebSite\",\"@id\":\"https:\\\/\\\/cardinal-tapes.com\\\/#website\",\"url\":\"https:\\\/\\\/cardinal-tapes.com\\\/\",\"name\":\"cardinal TAPES\",\"description\":\"Klebetechnik aus Wuppertal\",\"potentialAction\":[{\"@type\":\"SearchAction\",\"target\":{\"@type\":\"EntryPoint\",\"urlTemplate\":\"https:\\\/\\\/cardinal-tapes.com\\\/?s={search_term_string}\"},\"query-input\":{\"@type\":\"PropertyValueSpecification\",\"valueRequired\":true,\"valueName\":\"search_term_string\"}}],\"inLanguage\":\"es\"}]}<\/script>\n<!-- \/ Yoast SEO plugin. -->","yoast_head_json":{"title":"3M 9485 Film Adhesivo sin Soporte | CINTAS Cardinales","description":"La l\u00e1mina adhesiva 3M 9485 sin soporte consiste en un adhesivo de acrilato modificado, que se caracteriza por su resistencia a altas temperaturas y a los rayos UV.","robots":{"index":"index","follow":"follow","max-snippet":"max-snippet:-1","max-image-preview":"max-image-preview:large","max-video-preview":"max-video-preview:-1"},"canonical":"https:\/\/cardinal-tapes.com\/es\/cintas-adhesivas\/cintas-adhesivas-de-doble-cara\/3m-9485-pelicula-adhesiva-sin-soporte\/","og_locale":"es_ES","og_type":"article","og_title":"3M 9485 Film Adhesivo sin Soporte | CINTAS Cardinales","og_description":"La l\u00e1mina adhesiva 3M 9485 sin soporte consiste en un adhesivo de acrilato modificado, que se caracteriza por su resistencia a altas temperaturas y a los rayos UV.","og_url":"https:\/\/cardinal-tapes.com\/es\/cintas-adhesivas\/cintas-adhesivas-de-doble-cara\/3m-9485-pelicula-adhesiva-sin-soporte\/","og_site_name":"cardinal TAPES","article_modified_time":"2025-07-11T07:07:07+00:00","og_image":[{"width":600,"height":600,"url":"https:\/\/cardinal-tapes.com\/wp-content\/uploads\/3m_klebstoffserie_350_9485.jpg","type":"image\/jpeg"}],"twitter_card":"summary_large_image","twitter_misc":{"Tiempo de lectura":"1 minuto"},"schema":{"@context":"https:\/\/schema.org","@graph":[{"@type":"WebPage","@id":"https:\/\/cardinal-tapes.com\/es\/cintas-adhesivas\/cintas-adhesivas-de-doble-cara\/3m-9485-pelicula-adhesiva-sin-soporte\/","url":"https:\/\/cardinal-tapes.com\/es\/cintas-adhesivas\/cintas-adhesivas-de-doble-cara\/3m-9485-pelicula-adhesiva-sin-soporte\/","name":"3M 9485 Film Adhesivo sin Soporte | CINTAS Cardinales","isPartOf":{"@id":"https:\/\/cardinal-tapes.com\/#website"},"primaryImageOfPage":{"@id":"https:\/\/cardinal-tapes.com\/es\/cintas-adhesivas\/cintas-adhesivas-de-doble-cara\/3m-9485-pelicula-adhesiva-sin-soporte\/#primaryimage"},"image":{"@id":"https:\/\/cardinal-tapes.com\/es\/cintas-adhesivas\/cintas-adhesivas-de-doble-cara\/3m-9485-pelicula-adhesiva-sin-soporte\/#primaryimage"},"thumbnailUrl":"https:\/\/cardinal-tapes.com\/wp-content\/uploads\/3m_klebstoffserie_350_9485.jpg","datePublished":"2023-06-06T08:21:19+00:00","dateModified":"2025-07-11T07:07:07+00:00","description":"La l\u00e1mina adhesiva 3M 9485 sin soporte consiste en un adhesivo de acrilato modificado, que se caracteriza por su resistencia a altas temperaturas y a los rayos UV.","breadcrumb":{"@id":"https:\/\/cardinal-tapes.com\/es\/cintas-adhesivas\/cintas-adhesivas-de-doble-cara\/3m-9485-pelicula-adhesiva-sin-soporte\/#breadcrumb"},"inLanguage":"es","potentialAction":[{"@type":"ReadAction","target":["https:\/\/cardinal-tapes.com\/es\/cintas-adhesivas\/cintas-adhesivas-de-doble-cara\/3m-9485-pelicula-adhesiva-sin-soporte\/"]}]},{"@type":"ImageObject","inLanguage":"es","@id":"https:\/\/cardinal-tapes.com\/es\/cintas-adhesivas\/cintas-adhesivas-de-doble-cara\/3m-9485-pelicula-adhesiva-sin-soporte\/#primaryimage","url":"https:\/\/cardinal-tapes.com\/wp-content\/uploads\/3m_klebstoffserie_350_9485.jpg","contentUrl":"https:\/\/cardinal-tapes.com\/wp-content\/uploads\/3m_klebstoffserie_350_9485.jpg","width":600,"height":600,"caption":"Pel\u00edcula adhesiva 3M sin soporte 9485"},{"@type":"BreadcrumbList","@id":"https:\/\/cardinal-tapes.com\/es\/cintas-adhesivas\/cintas-adhesivas-de-doble-cara\/3m-9485-pelicula-adhesiva-sin-soporte\/#breadcrumb","itemListElement":[{"@type":"ListItem","position":1,"name":"Startseite","item":"https:\/\/cardinal-tapes.com\/es\/"},{"@type":"ListItem","position":2,"name":"Cintas adhesivas","item":"https:\/\/cardinal-tapes.com\/es\/cintas-adhesivas-es\/"},{"@type":"ListItem","position":3,"name":"Cintas adhesivas de doble cara","item":"https:\/\/cardinal-tapes.com\/es\/categora\/cintas-adhesivas-de-doble-cara\/"},{"@type":"ListItem","position":4,"name":"3M\u2122 Cinta de transferencia 9485PC"}]},{"@type":"WebSite","@id":"https:\/\/cardinal-tapes.com\/#website","url":"https:\/\/cardinal-tapes.com\/","name":"cardinal TAPES","description":"Klebetechnik aus Wuppertal","potentialAction":[{"@type":"SearchAction","target":{"@type":"EntryPoint","urlTemplate":"https:\/\/cardinal-tapes.com\/?s={search_term_string}"},"query-input":{"@type":"PropertyValueSpecification","valueRequired":true,"valueName":"search_term_string"}}],"inLanguage":"es"}]}},"brands":[{"id":2169,"name":"3M","slug":"3m-es"}],"_links":{"self":[{"href":"https:\/\/cardinal-tapes.com\/es\/wp-json\/wp\/v2\/product\/63615","targetHints":{"allow":["GET"]}}],"collection":[{"href":"https:\/\/cardinal-tapes.com\/es\/wp-json\/wp\/v2\/product"}],"about":[{"href":"https:\/\/cardinal-tapes.com\/es\/wp-json\/wp\/v2\/types\/product"}],"wp:featuredmedia":[{"embeddable":true,"href":"https:\/\/cardinal-tapes.com\/es\/wp-json\/wp\/v2\/media\/24407"}],"wp:attachment":[{"href":"https:\/\/cardinal-tapes.com\/es\/wp-json\/wp\/v2\/media?parent=63615"}],"wp:term":[{"taxonomy":"pwb-brand","embeddable":true,"href":"https:\/\/cardinal-tapes.com\/es\/wp-json\/wp\/v2\/pwb-brand?post=63615"},{"taxonomy":"product_brand","embeddable":true,"href":"https:\/\/cardinal-tapes.com\/es\/wp-json\/wp\/v2\/product_brand?post=63615"},{"taxonomy":"product_cat","embeddable":true,"href":"https:\/\/cardinal-tapes.com\/es\/wp-json\/wp\/v2\/product_cat?post=63615"},{"taxonomy":"product_tag","embeddable":true,"href":"https:\/\/cardinal-tapes.com\/es\/wp-json\/wp\/v2\/product_tag?post=63615"}],"curies":[{"name":"wp","href":"https:\/\/api.w.org\/{rel}","templated":true}]}}