{"id":63612,"date":"2017-12-08T08:28:16","date_gmt":"2017-12-08T07:28:16","guid":{"rendered":"https:\/\/cardinal.pixel-tal.de\/klebebaender\/sin categor\u00eda\/3m-cintas-de-doble-cara-983xl-9527\/"},"modified":"2023-06-06T10:21:19","modified_gmt":"2023-06-06T08:21:19","slug":"3m-983xl-9527-double-sided-adhesive-tapes-with-carriers","status":"publish","type":"product","link":"https:\/\/cardinal-tapes.com\/es\/cintas-adhesivas\/cintas-adhesivas-de-doble-cara\/3m-983xl-9527-double-sided-adhesive-tapes-with-carriers\/","title":{"rendered":"3M\u2122 Cintas de doble cara 983xl-9527"},"content":{"rendered":"<p>Estas cintas tienen una adhesi\u00f3n instant\u00e1nea muy alta gracias a su adhesivo de caucho sint\u00e9tico. Las cintas adhesivas de doble cara son adecuadas para una amplia gama de materiales, como pl\u00e1stico, metal, vidrio o cer\u00e1mica. Las cintas adhesivas se pueden personalizar muy bien, ya que tienen excelentes propiedades de troquelado.<\/p>\n<p><strong>Propiedades<\/strong><br \/>\n&#8211; Buena adherencia a diversas superficies<\/p>\n<p><strong>Aplicaciones<\/strong><br \/>\n&#8211; Fijar, sujetar, empalmar, laminar, montar o plastificar<\/p>\n","protected":false},"excerpt":{"rendered":"<p>Estas cintas tienen una adhesi\u00f3n instant\u00e1nea muy alta gracias a su adhesivo de caucho sint\u00e9tico. Las cintas adhesivas de doble cara son adecuadas para una amplia gama de materiales, como pl\u00e1stico, metal, vidrio o cer\u00e1mica. Las cintas adhesivas se pueden personalizar muy bien, ya que tienen excelentes propiedades de troquelado. Propiedades &#8211; Buena adherencia a [&hellip;]<\/p>\n","protected":false},"featured_media":24323,"template":"","meta":{"_acf_changed":false},"pwb-brand":[2169],"product_brand":[],"product_cat":[1804],"product_tag":[],"class_list":{"0":"post-63612","1":"product","2":"type-product","3":"status-publish","4":"has-post-thumbnail","6":"pwb-brand-3m-es","7":"product_cat-cintas-adhesivas-de-doble-cara","9":"first","10":"instock","11":"taxable","12":"shipping-taxable","13":"purchasable","14":"product-type-simple"},"acf":[],"yoast_head":"<!-- This site is optimized with the Yoast SEO plugin v27.3 - https:\/\/yoast.com\/product\/yoast-seo-wordpress\/ -->\n<title>3M 983xl-9527 Cintas adhesivas de doble cara con soporte | Cardinal TAPES<\/title>\n<meta name=\"description\" content=\"Estas cintas tienen una adhesi\u00f3n instant\u00e1nea muy alta gracias a su adhesivo de caucho sint\u00e9tico. Obtenga m\u00e1s informaci\u00f3n aqu\u00ed.\" \/>\n<meta name=\"robots\" content=\"index, follow, max-snippet:-1, max-image-preview:large, max-video-preview:-1\" \/>\n<link rel=\"canonical\" href=\"https:\/\/cardinal-tapes.com\/es\/cintas-adhesivas\/cintas-adhesivas-de-doble-cara\/3m-983xl-9527-double-sided-adhesive-tapes-with-carriers\/\" \/>\n<meta property=\"og:locale\" content=\"es_ES\" \/>\n<meta property=\"og:type\" content=\"article\" \/>\n<meta property=\"og:title\" content=\"3M 983xl-9527 Cintas adhesivas de doble cara con soporte | Cardinal TAPES\" \/>\n<meta property=\"og:description\" content=\"Estas cintas tienen una adhesi\u00f3n instant\u00e1nea muy alta gracias a su adhesivo de caucho sint\u00e9tico. Obtenga m\u00e1s informaci\u00f3n aqu\u00ed.\" \/>\n<meta property=\"og:url\" content=\"https:\/\/cardinal-tapes.com\/es\/cintas-adhesivas\/cintas-adhesivas-de-doble-cara\/3m-983xl-9527-double-sided-adhesive-tapes-with-carriers\/\" \/>\n<meta property=\"og:site_name\" content=\"cardinal TAPES\" \/>\n<meta property=\"article:modified_time\" content=\"2023-06-06T08:21:19+00:00\" \/>\n<meta property=\"og:image\" content=\"https:\/\/cardinal-tapes.com\/wp-content\/uploads\/3m_doppelseitig_papiervliestraeger_9527.jpg\" \/>\n\t<meta property=\"og:image:width\" content=\"600\" \/>\n\t<meta property=\"og:image:height\" content=\"600\" \/>\n\t<meta property=\"og:image:type\" content=\"image\/jpeg\" \/>\n<meta name=\"twitter:card\" content=\"summary_large_image\" \/>\n<script type=\"application\/ld+json\" class=\"yoast-schema-graph\">{\"@context\":\"https:\\\/\\\/schema.org\",\"@graph\":[{\"@type\":\"WebPage\",\"@id\":\"https:\\\/\\\/cardinal-tapes.com\\\/es\\\/cintas-adhesivas\\\/cintas-adhesivas-de-doble-cara\\\/3m-983xl-9527-double-sided-adhesive-tapes-with-carriers\\\/\",\"url\":\"https:\\\/\\\/cardinal-tapes.com\\\/es\\\/cintas-adhesivas\\\/cintas-adhesivas-de-doble-cara\\\/3m-983xl-9527-double-sided-adhesive-tapes-with-carriers\\\/\",\"name\":\"3M 983xl-9527 Cintas adhesivas de doble cara con soporte | Cardinal TAPES\",\"isPartOf\":{\"@id\":\"https:\\\/\\\/cardinal-tapes.com\\\/#website\"},\"primaryImageOfPage\":{\"@id\":\"https:\\\/\\\/cardinal-tapes.com\\\/es\\\/cintas-adhesivas\\\/cintas-adhesivas-de-doble-cara\\\/3m-983xl-9527-double-sided-adhesive-tapes-with-carriers\\\/#primaryimage\"},\"image\":{\"@id\":\"https:\\\/\\\/cardinal-tapes.com\\\/es\\\/cintas-adhesivas\\\/cintas-adhesivas-de-doble-cara\\\/3m-983xl-9527-double-sided-adhesive-tapes-with-carriers\\\/#primaryimage\"},\"thumbnailUrl\":\"https:\\\/\\\/cardinal-tapes.com\\\/wp-content\\\/uploads\\\/3m_doppelseitig_papiervliestraeger_9527.jpg\",\"datePublished\":\"2017-12-08T07:28:16+00:00\",\"dateModified\":\"2023-06-06T08:21:19+00:00\",\"description\":\"Estas cintas tienen una adhesi\u00f3n instant\u00e1nea muy alta gracias a su adhesivo de caucho sint\u00e9tico. Obtenga m\u00e1s informaci\u00f3n aqu\u00ed.\",\"breadcrumb\":{\"@id\":\"https:\\\/\\\/cardinal-tapes.com\\\/es\\\/cintas-adhesivas\\\/cintas-adhesivas-de-doble-cara\\\/3m-983xl-9527-double-sided-adhesive-tapes-with-carriers\\\/#breadcrumb\"},\"inLanguage\":\"es\",\"potentialAction\":[{\"@type\":\"ReadAction\",\"target\":[\"https:\\\/\\\/cardinal-tapes.com\\\/es\\\/cintas-adhesivas\\\/cintas-adhesivas-de-doble-cara\\\/3m-983xl-9527-double-sided-adhesive-tapes-with-carriers\\\/\"]}]},{\"@type\":\"ImageObject\",\"inLanguage\":\"es\",\"@id\":\"https:\\\/\\\/cardinal-tapes.com\\\/es\\\/cintas-adhesivas\\\/cintas-adhesivas-de-doble-cara\\\/3m-983xl-9527-double-sided-adhesive-tapes-with-carriers\\\/#primaryimage\",\"url\":\"https:\\\/\\\/cardinal-tapes.com\\\/wp-content\\\/uploads\\\/3m_doppelseitig_papiervliestraeger_9527.jpg\",\"contentUrl\":\"https:\\\/\\\/cardinal-tapes.com\\\/wp-content\\\/uploads\\\/3m_doppelseitig_papiervliestraeger_9527.jpg\",\"width\":600,\"height\":600,\"caption\":\"3M Cinta de papel de doble cara 9527\"},{\"@type\":\"BreadcrumbList\",\"@id\":\"https:\\\/\\\/cardinal-tapes.com\\\/es\\\/cintas-adhesivas\\\/cintas-adhesivas-de-doble-cara\\\/3m-983xl-9527-double-sided-adhesive-tapes-with-carriers\\\/#breadcrumb\",\"itemListElement\":[{\"@type\":\"ListItem\",\"position\":1,\"name\":\"Startseite\",\"item\":\"https:\\\/\\\/cardinal-tapes.com\\\/es\\\/\"},{\"@type\":\"ListItem\",\"position\":2,\"name\":\"Cintas adhesivas\",\"item\":\"https:\\\/\\\/cardinal-tapes.com\\\/es\\\/cintas-adhesivas-es\\\/\"},{\"@type\":\"ListItem\",\"position\":3,\"name\":\"Cintas adhesivas de doble cara\",\"item\":\"https:\\\/\\\/cardinal-tapes.com\\\/es\\\/categora\\\/cintas-adhesivas-de-doble-cara\\\/\"},{\"@type\":\"ListItem\",\"position\":4,\"name\":\"3M\u2122 Cintas de doble cara 983xl-9527\"}]},{\"@type\":\"WebSite\",\"@id\":\"https:\\\/\\\/cardinal-tapes.com\\\/#website\",\"url\":\"https:\\\/\\\/cardinal-tapes.com\\\/\",\"name\":\"cardinal TAPES\",\"description\":\"Klebetechnik aus Wuppertal\",\"potentialAction\":[{\"@type\":\"SearchAction\",\"target\":{\"@type\":\"EntryPoint\",\"urlTemplate\":\"https:\\\/\\\/cardinal-tapes.com\\\/?s={search_term_string}\"},\"query-input\":{\"@type\":\"PropertyValueSpecification\",\"valueRequired\":true,\"valueName\":\"search_term_string\"}}],\"inLanguage\":\"es\"}]}<\/script>\n<!-- \/ Yoast SEO plugin. -->","yoast_head_json":{"title":"3M 983xl-9527 Cintas adhesivas de doble cara con soporte | Cardinal TAPES","description":"Estas cintas tienen una adhesi\u00f3n instant\u00e1nea muy alta gracias a su adhesivo de caucho sint\u00e9tico. Obtenga m\u00e1s informaci\u00f3n aqu\u00ed.","robots":{"index":"index","follow":"follow","max-snippet":"max-snippet:-1","max-image-preview":"max-image-preview:large","max-video-preview":"max-video-preview:-1"},"canonical":"https:\/\/cardinal-tapes.com\/es\/cintas-adhesivas\/cintas-adhesivas-de-doble-cara\/3m-983xl-9527-double-sided-adhesive-tapes-with-carriers\/","og_locale":"es_ES","og_type":"article","og_title":"3M 983xl-9527 Cintas adhesivas de doble cara con soporte | Cardinal TAPES","og_description":"Estas cintas tienen una adhesi\u00f3n instant\u00e1nea muy alta gracias a su adhesivo de caucho sint\u00e9tico. Obtenga m\u00e1s informaci\u00f3n aqu\u00ed.","og_url":"https:\/\/cardinal-tapes.com\/es\/cintas-adhesivas\/cintas-adhesivas-de-doble-cara\/3m-983xl-9527-double-sided-adhesive-tapes-with-carriers\/","og_site_name":"cardinal TAPES","article_modified_time":"2023-06-06T08:21:19+00:00","og_image":[{"width":600,"height":600,"url":"https:\/\/cardinal-tapes.com\/wp-content\/uploads\/3m_doppelseitig_papiervliestraeger_9527.jpg","type":"image\/jpeg"}],"twitter_card":"summary_large_image","schema":{"@context":"https:\/\/schema.org","@graph":[{"@type":"WebPage","@id":"https:\/\/cardinal-tapes.com\/es\/cintas-adhesivas\/cintas-adhesivas-de-doble-cara\/3m-983xl-9527-double-sided-adhesive-tapes-with-carriers\/","url":"https:\/\/cardinal-tapes.com\/es\/cintas-adhesivas\/cintas-adhesivas-de-doble-cara\/3m-983xl-9527-double-sided-adhesive-tapes-with-carriers\/","name":"3M 983xl-9527 Cintas adhesivas de doble cara con soporte | Cardinal TAPES","isPartOf":{"@id":"https:\/\/cardinal-tapes.com\/#website"},"primaryImageOfPage":{"@id":"https:\/\/cardinal-tapes.com\/es\/cintas-adhesivas\/cintas-adhesivas-de-doble-cara\/3m-983xl-9527-double-sided-adhesive-tapes-with-carriers\/#primaryimage"},"image":{"@id":"https:\/\/cardinal-tapes.com\/es\/cintas-adhesivas\/cintas-adhesivas-de-doble-cara\/3m-983xl-9527-double-sided-adhesive-tapes-with-carriers\/#primaryimage"},"thumbnailUrl":"https:\/\/cardinal-tapes.com\/wp-content\/uploads\/3m_doppelseitig_papiervliestraeger_9527.jpg","datePublished":"2017-12-08T07:28:16+00:00","dateModified":"2023-06-06T08:21:19+00:00","description":"Estas cintas tienen una adhesi\u00f3n instant\u00e1nea muy alta gracias a su adhesivo de caucho sint\u00e9tico. Obtenga m\u00e1s informaci\u00f3n aqu\u00ed.","breadcrumb":{"@id":"https:\/\/cardinal-tapes.com\/es\/cintas-adhesivas\/cintas-adhesivas-de-doble-cara\/3m-983xl-9527-double-sided-adhesive-tapes-with-carriers\/#breadcrumb"},"inLanguage":"es","potentialAction":[{"@type":"ReadAction","target":["https:\/\/cardinal-tapes.com\/es\/cintas-adhesivas\/cintas-adhesivas-de-doble-cara\/3m-983xl-9527-double-sided-adhesive-tapes-with-carriers\/"]}]},{"@type":"ImageObject","inLanguage":"es","@id":"https:\/\/cardinal-tapes.com\/es\/cintas-adhesivas\/cintas-adhesivas-de-doble-cara\/3m-983xl-9527-double-sided-adhesive-tapes-with-carriers\/#primaryimage","url":"https:\/\/cardinal-tapes.com\/wp-content\/uploads\/3m_doppelseitig_papiervliestraeger_9527.jpg","contentUrl":"https:\/\/cardinal-tapes.com\/wp-content\/uploads\/3m_doppelseitig_papiervliestraeger_9527.jpg","width":600,"height":600,"caption":"3M Cinta de papel de doble cara 9527"},{"@type":"BreadcrumbList","@id":"https:\/\/cardinal-tapes.com\/es\/cintas-adhesivas\/cintas-adhesivas-de-doble-cara\/3m-983xl-9527-double-sided-adhesive-tapes-with-carriers\/#breadcrumb","itemListElement":[{"@type":"ListItem","position":1,"name":"Startseite","item":"https:\/\/cardinal-tapes.com\/es\/"},{"@type":"ListItem","position":2,"name":"Cintas adhesivas","item":"https:\/\/cardinal-tapes.com\/es\/cintas-adhesivas-es\/"},{"@type":"ListItem","position":3,"name":"Cintas adhesivas de doble cara","item":"https:\/\/cardinal-tapes.com\/es\/categora\/cintas-adhesivas-de-doble-cara\/"},{"@type":"ListItem","position":4,"name":"3M\u2122 Cintas de doble cara 983xl-9527"}]},{"@type":"WebSite","@id":"https:\/\/cardinal-tapes.com\/#website","url":"https:\/\/cardinal-tapes.com\/","name":"cardinal TAPES","description":"Klebetechnik aus Wuppertal","potentialAction":[{"@type":"SearchAction","target":{"@type":"EntryPoint","urlTemplate":"https:\/\/cardinal-tapes.com\/?s={search_term_string}"},"query-input":{"@type":"PropertyValueSpecification","valueRequired":true,"valueName":"search_term_string"}}],"inLanguage":"es"}]}},"brands":[{"id":2169,"name":"3M","slug":"3m-es"}],"_links":{"self":[{"href":"https:\/\/cardinal-tapes.com\/es\/wp-json\/wp\/v2\/product\/63612","targetHints":{"allow":["GET"]}}],"collection":[{"href":"https:\/\/cardinal-tapes.com\/es\/wp-json\/wp\/v2\/product"}],"about":[{"href":"https:\/\/cardinal-tapes.com\/es\/wp-json\/wp\/v2\/types\/product"}],"wp:featuredmedia":[{"embeddable":true,"href":"https:\/\/cardinal-tapes.com\/es\/wp-json\/wp\/v2\/media\/24323"}],"wp:attachment":[{"href":"https:\/\/cardinal-tapes.com\/es\/wp-json\/wp\/v2\/media?parent=63612"}],"wp:term":[{"taxonomy":"pwb-brand","embeddable":true,"href":"https:\/\/cardinal-tapes.com\/es\/wp-json\/wp\/v2\/pwb-brand?post=63612"},{"taxonomy":"product_brand","embeddable":true,"href":"https:\/\/cardinal-tapes.com\/es\/wp-json\/wp\/v2\/product_brand?post=63612"},{"taxonomy":"product_cat","embeddable":true,"href":"https:\/\/cardinal-tapes.com\/es\/wp-json\/wp\/v2\/product_cat?post=63612"},{"taxonomy":"product_tag","embeddable":true,"href":"https:\/\/cardinal-tapes.com\/es\/wp-json\/wp\/v2\/product_tag?post=63612"}],"curies":[{"name":"wp","href":"https:\/\/api.w.org\/{rel}","templated":true}]}}