{"id":62990,"date":"2017-12-08T08:48:37","date_gmt":"2023-06-06T08:20:56","guid":{"rendered":"https:\/\/cardinal.pixel-tal.de\/klebebaender\/sin%20categor\u00eda\/3m-cinta-adhesiva-de-tejido-de-vidrio-de-aluminio-363\/"},"modified":"2025-07-11T09:04:00","modified_gmt":"2025-07-11T07:04:00","slug":"3m-363-cinta-adhesiva-de-tejido-de-aluminio-y-vidrio","status":"publish","type":"product","link":"https:\/\/cardinal-tapes.com\/es\/cintas-adhesivas\/ambitos-de-aplicacion\/cinta-adhesiva-de-aluminio\/3m-363-cinta-adhesiva-de-tejido-de-aluminio-y-vidrio\/","title":{"rendered":"3M\u2122 Cinta adhesiva de tejido de vidrio de aluminio 363"},"content":{"rendered":"<p>La cinta resistente al calor 3M\u2122 Aluminium Glass Fabric Tape 363 es muy adhesiva y flexible, por lo que resulta adecuada como escudo t\u00e9rmico para aplicaciones aeroespaciales, de automoci\u00f3n y de fabricaci\u00f3n en general. Esta cinta adhesiva consiste en un soporte blando de aluminio recubierto de un adhesivo de silicona en el que se ha incrustado un tejido de fibra de vidrio.<\/p>\n<p><strong>Propiedades<br \/>\n<\/strong>La cinta 363 es un tejido de vidrio duro y resistente a la abrasi\u00f3n laminado con una l\u00e1mina de aluminio reflectante de la radiaci\u00f3n. La cinta 363 utiliza un adhesivo de silicona muy adherente y resistente a la temperatura, por lo que puede utilizarse en aplicaciones exigentes. Tambi\u00e9n es reflectante a la luz y al calor, ign\u00edfugo, resistente a la humedad, a la intemperie y a los rayos UV.<\/p>\n<p><b>Aplicaciones<\/b><br \/>\n&#8211; Enmascaramiento durante la pulverizaci\u00f3n de plasma<br \/>\n&#8211; Protecci\u00f3n de cables e instrumentos en la industria aeron\u00e1utica y del autom\u00f3vil<\/p>\n","protected":false},"excerpt":{"rendered":"<p>La cinta resistente al calor 3M\u2122 Aluminium Glass Fabric Tape 363 es muy adhesiva y flexible, por lo que resulta adecuada como escudo t\u00e9rmico para aplicaciones aeroespaciales, de automoci\u00f3n y de fabricaci\u00f3n en general. Esta cinta adhesiva consiste en un soporte blando de aluminio recubierto de un adhesivo de silicona en el que se ha [&hellip;]<\/p>\n","protected":false},"featured_media":24371,"template":"","meta":{"_acf_changed":false},"pwb-brand":[2169],"product_brand":[],"product_cat":[1696,1806],"product_tag":[],"class_list":{"0":"post-62990","1":"product","2":"type-product","3":"status-publish","4":"has-post-thumbnail","6":"pwb-brand-3m-es","7":"product_cat-cinta-adhesiva-de-aluminio","8":"product_cat-cintas-adhesivas-de-una-cara","10":"first","11":"outofstock","12":"taxable","13":"shipping-taxable","14":"purchasable","15":"product-type-variable"},"acf":[],"yoast_head":"<!-- This site is optimized with the Yoast SEO plugin v27.3 - https:\/\/yoast.com\/product\/yoast-seo-wordpress\/ -->\n<title>3M 363 Cinta Adhesiva de Tejido de Vidrio de Aluminio | CINTAS Cardinales<\/title>\n<meta name=\"description\" content=\"La cinta adhesiva de tejido de vidrio de aluminio 3M 363 se utiliza principalmente en la industria aeron\u00e1utica y del autom\u00f3vil. M\u00e1s informaci\u00f3n sobre el 3m 363.\" \/>\n<meta name=\"robots\" content=\"index, follow, max-snippet:-1, max-image-preview:large, max-video-preview:-1\" \/>\n<link rel=\"canonical\" href=\"https:\/\/cardinal-tapes.com\/es\/cintas-adhesivas\/ambitos-de-aplicacion\/cinta-adhesiva-de-aluminio\/3m-363-cinta-adhesiva-de-tejido-de-aluminio-y-vidrio\/\" \/>\n<meta property=\"og:locale\" content=\"es_ES\" \/>\n<meta property=\"og:type\" content=\"article\" \/>\n<meta property=\"og:title\" content=\"3M 363 Cinta Adhesiva de Tejido de Vidrio de Aluminio | CINTAS Cardinales\" \/>\n<meta property=\"og:description\" content=\"La cinta adhesiva de tejido de vidrio de aluminio 3M 363 se utiliza principalmente en la industria aeron\u00e1utica y del autom\u00f3vil. M\u00e1s informaci\u00f3n sobre el 3m 363.\" \/>\n<meta property=\"og:url\" content=\"https:\/\/cardinal-tapes.com\/es\/cintas-adhesivas\/ambitos-de-aplicacion\/cinta-adhesiva-de-aluminio\/3m-363-cinta-adhesiva-de-tejido-de-aluminio-y-vidrio\/\" \/>\n<meta property=\"og:site_name\" content=\"cardinal TAPES\" \/>\n<meta property=\"article:modified_time\" content=\"2025-07-11T07:04:00+00:00\" \/>\n<meta property=\"og:image\" content=\"https:\/\/cardinal-tapes.com\/wp-content\/uploads\/3m_aluminium_glasgewebe_363.jpg\" \/>\n\t<meta property=\"og:image:width\" content=\"600\" \/>\n\t<meta property=\"og:image:height\" content=\"600\" \/>\n\t<meta property=\"og:image:type\" content=\"image\/jpeg\" \/>\n<meta name=\"twitter:card\" content=\"summary_large_image\" \/>\n<meta name=\"twitter:label1\" content=\"Tiempo de lectura\" \/>\n\t<meta name=\"twitter:data1\" content=\"1 minuto\" \/>\n<script type=\"application\/ld+json\" class=\"yoast-schema-graph\">{\"@context\":\"https:\\\/\\\/schema.org\",\"@graph\":[{\"@type\":\"WebPage\",\"@id\":\"https:\\\/\\\/cardinal-tapes.com\\\/es\\\/cintas-adhesivas\\\/ambitos-de-aplicacion\\\/cinta-adhesiva-de-aluminio\\\/3m-363-cinta-adhesiva-de-tejido-de-aluminio-y-vidrio\\\/\",\"url\":\"https:\\\/\\\/cardinal-tapes.com\\\/es\\\/cintas-adhesivas\\\/ambitos-de-aplicacion\\\/cinta-adhesiva-de-aluminio\\\/3m-363-cinta-adhesiva-de-tejido-de-aluminio-y-vidrio\\\/\",\"name\":\"3M 363 Cinta Adhesiva de Tejido de Vidrio de Aluminio | CINTAS Cardinales\",\"isPartOf\":{\"@id\":\"https:\\\/\\\/cardinal-tapes.com\\\/#website\"},\"primaryImageOfPage\":{\"@id\":\"https:\\\/\\\/cardinal-tapes.com\\\/es\\\/cintas-adhesivas\\\/ambitos-de-aplicacion\\\/cinta-adhesiva-de-aluminio\\\/3m-363-cinta-adhesiva-de-tejido-de-aluminio-y-vidrio\\\/#primaryimage\"},\"image\":{\"@id\":\"https:\\\/\\\/cardinal-tapes.com\\\/es\\\/cintas-adhesivas\\\/ambitos-de-aplicacion\\\/cinta-adhesiva-de-aluminio\\\/3m-363-cinta-adhesiva-de-tejido-de-aluminio-y-vidrio\\\/#primaryimage\"},\"thumbnailUrl\":\"https:\\\/\\\/cardinal-tapes.com\\\/wp-content\\\/uploads\\\/3m_aluminium_glasgewebe_363.jpg\",\"datePublished\":\"2023-06-06T08:20:56+00:00\",\"dateModified\":\"2025-07-11T07:04:00+00:00\",\"description\":\"La cinta adhesiva de tejido de vidrio de aluminio 3M 363 se utiliza principalmente en la industria aeron\u00e1utica y del autom\u00f3vil. M\u00e1s informaci\u00f3n sobre el 3m 363.\",\"breadcrumb\":{\"@id\":\"https:\\\/\\\/cardinal-tapes.com\\\/es\\\/cintas-adhesivas\\\/ambitos-de-aplicacion\\\/cinta-adhesiva-de-aluminio\\\/3m-363-cinta-adhesiva-de-tejido-de-aluminio-y-vidrio\\\/#breadcrumb\"},\"inLanguage\":\"es\",\"potentialAction\":[{\"@type\":\"ReadAction\",\"target\":[\"https:\\\/\\\/cardinal-tapes.com\\\/es\\\/cintas-adhesivas\\\/ambitos-de-aplicacion\\\/cinta-adhesiva-de-aluminio\\\/3m-363-cinta-adhesiva-de-tejido-de-aluminio-y-vidrio\\\/\"]}]},{\"@type\":\"ImageObject\",\"inLanguage\":\"es\",\"@id\":\"https:\\\/\\\/cardinal-tapes.com\\\/es\\\/cintas-adhesivas\\\/ambitos-de-aplicacion\\\/cinta-adhesiva-de-aluminio\\\/3m-363-cinta-adhesiva-de-tejido-de-aluminio-y-vidrio\\\/#primaryimage\",\"url\":\"https:\\\/\\\/cardinal-tapes.com\\\/wp-content\\\/uploads\\\/3m_aluminium_glasgewebe_363.jpg\",\"contentUrl\":\"https:\\\/\\\/cardinal-tapes.com\\\/wp-content\\\/uploads\\\/3m_aluminium_glasgewebe_363.jpg\",\"width\":600,\"height\":600,\"caption\":\"Cinta adhesiva 3M aluminio vidrio tejido 363\"},{\"@type\":\"BreadcrumbList\",\"@id\":\"https:\\\/\\\/cardinal-tapes.com\\\/es\\\/cintas-adhesivas\\\/ambitos-de-aplicacion\\\/cinta-adhesiva-de-aluminio\\\/3m-363-cinta-adhesiva-de-tejido-de-aluminio-y-vidrio\\\/#breadcrumb\",\"itemListElement\":[{\"@type\":\"ListItem\",\"position\":1,\"name\":\"Startseite\",\"item\":\"https:\\\/\\\/cardinal-tapes.com\\\/es\\\/\"},{\"@type\":\"ListItem\",\"position\":2,\"name\":\"Cintas adhesivas\",\"item\":\"https:\\\/\\\/cardinal-tapes.com\\\/es\\\/cintas-adhesivas-es\\\/\"},{\"@type\":\"ListItem\",\"position\":3,\"name\":\"\u00c1mbitos de aplicaci\u00f3n\",\"item\":\"https:\\\/\\\/cardinal-tapes.com\\\/es\\\/categora\\\/ambitos-de-aplicacion\\\/\"},{\"@type\":\"ListItem\",\"position\":4,\"name\":\"Cinta adhesiva de aluminio\",\"item\":\"https:\\\/\\\/cardinal-tapes.com\\\/es\\\/categora\\\/cinta-adhesiva-de-aluminio\\\/\"},{\"@type\":\"ListItem\",\"position\":5,\"name\":\"3M\u2122 Cinta adhesiva de tejido de vidrio de aluminio 363\"}]},{\"@type\":\"WebSite\",\"@id\":\"https:\\\/\\\/cardinal-tapes.com\\\/#website\",\"url\":\"https:\\\/\\\/cardinal-tapes.com\\\/\",\"name\":\"cardinal TAPES\",\"description\":\"Klebetechnik aus Wuppertal\",\"potentialAction\":[{\"@type\":\"SearchAction\",\"target\":{\"@type\":\"EntryPoint\",\"urlTemplate\":\"https:\\\/\\\/cardinal-tapes.com\\\/?s={search_term_string}\"},\"query-input\":{\"@type\":\"PropertyValueSpecification\",\"valueRequired\":true,\"valueName\":\"search_term_string\"}}],\"inLanguage\":\"es\"}]}<\/script>\n<!-- \/ Yoast SEO plugin. -->","yoast_head_json":{"title":"3M 363 Cinta Adhesiva de Tejido de Vidrio de Aluminio | CINTAS Cardinales","description":"La cinta adhesiva de tejido de vidrio de aluminio 3M 363 se utiliza principalmente en la industria aeron\u00e1utica y del autom\u00f3vil. M\u00e1s informaci\u00f3n sobre el 3m 363.","robots":{"index":"index","follow":"follow","max-snippet":"max-snippet:-1","max-image-preview":"max-image-preview:large","max-video-preview":"max-video-preview:-1"},"canonical":"https:\/\/cardinal-tapes.com\/es\/cintas-adhesivas\/ambitos-de-aplicacion\/cinta-adhesiva-de-aluminio\/3m-363-cinta-adhesiva-de-tejido-de-aluminio-y-vidrio\/","og_locale":"es_ES","og_type":"article","og_title":"3M 363 Cinta Adhesiva de Tejido de Vidrio de Aluminio | CINTAS Cardinales","og_description":"La cinta adhesiva de tejido de vidrio de aluminio 3M 363 se utiliza principalmente en la industria aeron\u00e1utica y del autom\u00f3vil. M\u00e1s informaci\u00f3n sobre el 3m 363.","og_url":"https:\/\/cardinal-tapes.com\/es\/cintas-adhesivas\/ambitos-de-aplicacion\/cinta-adhesiva-de-aluminio\/3m-363-cinta-adhesiva-de-tejido-de-aluminio-y-vidrio\/","og_site_name":"cardinal TAPES","article_modified_time":"2025-07-11T07:04:00+00:00","og_image":[{"width":600,"height":600,"url":"https:\/\/cardinal-tapes.com\/wp-content\/uploads\/3m_aluminium_glasgewebe_363.jpg","type":"image\/jpeg"}],"twitter_card":"summary_large_image","twitter_misc":{"Tiempo de lectura":"1 minuto"},"schema":{"@context":"https:\/\/schema.org","@graph":[{"@type":"WebPage","@id":"https:\/\/cardinal-tapes.com\/es\/cintas-adhesivas\/ambitos-de-aplicacion\/cinta-adhesiva-de-aluminio\/3m-363-cinta-adhesiva-de-tejido-de-aluminio-y-vidrio\/","url":"https:\/\/cardinal-tapes.com\/es\/cintas-adhesivas\/ambitos-de-aplicacion\/cinta-adhesiva-de-aluminio\/3m-363-cinta-adhesiva-de-tejido-de-aluminio-y-vidrio\/","name":"3M 363 Cinta Adhesiva de Tejido de Vidrio de Aluminio | CINTAS Cardinales","isPartOf":{"@id":"https:\/\/cardinal-tapes.com\/#website"},"primaryImageOfPage":{"@id":"https:\/\/cardinal-tapes.com\/es\/cintas-adhesivas\/ambitos-de-aplicacion\/cinta-adhesiva-de-aluminio\/3m-363-cinta-adhesiva-de-tejido-de-aluminio-y-vidrio\/#primaryimage"},"image":{"@id":"https:\/\/cardinal-tapes.com\/es\/cintas-adhesivas\/ambitos-de-aplicacion\/cinta-adhesiva-de-aluminio\/3m-363-cinta-adhesiva-de-tejido-de-aluminio-y-vidrio\/#primaryimage"},"thumbnailUrl":"https:\/\/cardinal-tapes.com\/wp-content\/uploads\/3m_aluminium_glasgewebe_363.jpg","datePublished":"2023-06-06T08:20:56+00:00","dateModified":"2025-07-11T07:04:00+00:00","description":"La cinta adhesiva de tejido de vidrio de aluminio 3M 363 se utiliza principalmente en la industria aeron\u00e1utica y del autom\u00f3vil. M\u00e1s informaci\u00f3n sobre el 3m 363.","breadcrumb":{"@id":"https:\/\/cardinal-tapes.com\/es\/cintas-adhesivas\/ambitos-de-aplicacion\/cinta-adhesiva-de-aluminio\/3m-363-cinta-adhesiva-de-tejido-de-aluminio-y-vidrio\/#breadcrumb"},"inLanguage":"es","potentialAction":[{"@type":"ReadAction","target":["https:\/\/cardinal-tapes.com\/es\/cintas-adhesivas\/ambitos-de-aplicacion\/cinta-adhesiva-de-aluminio\/3m-363-cinta-adhesiva-de-tejido-de-aluminio-y-vidrio\/"]}]},{"@type":"ImageObject","inLanguage":"es","@id":"https:\/\/cardinal-tapes.com\/es\/cintas-adhesivas\/ambitos-de-aplicacion\/cinta-adhesiva-de-aluminio\/3m-363-cinta-adhesiva-de-tejido-de-aluminio-y-vidrio\/#primaryimage","url":"https:\/\/cardinal-tapes.com\/wp-content\/uploads\/3m_aluminium_glasgewebe_363.jpg","contentUrl":"https:\/\/cardinal-tapes.com\/wp-content\/uploads\/3m_aluminium_glasgewebe_363.jpg","width":600,"height":600,"caption":"Cinta adhesiva 3M aluminio vidrio tejido 363"},{"@type":"BreadcrumbList","@id":"https:\/\/cardinal-tapes.com\/es\/cintas-adhesivas\/ambitos-de-aplicacion\/cinta-adhesiva-de-aluminio\/3m-363-cinta-adhesiva-de-tejido-de-aluminio-y-vidrio\/#breadcrumb","itemListElement":[{"@type":"ListItem","position":1,"name":"Startseite","item":"https:\/\/cardinal-tapes.com\/es\/"},{"@type":"ListItem","position":2,"name":"Cintas adhesivas","item":"https:\/\/cardinal-tapes.com\/es\/cintas-adhesivas-es\/"},{"@type":"ListItem","position":3,"name":"\u00c1mbitos de aplicaci\u00f3n","item":"https:\/\/cardinal-tapes.com\/es\/categora\/ambitos-de-aplicacion\/"},{"@type":"ListItem","position":4,"name":"Cinta adhesiva de aluminio","item":"https:\/\/cardinal-tapes.com\/es\/categora\/cinta-adhesiva-de-aluminio\/"},{"@type":"ListItem","position":5,"name":"3M\u2122 Cinta adhesiva de tejido de vidrio de aluminio 363"}]},{"@type":"WebSite","@id":"https:\/\/cardinal-tapes.com\/#website","url":"https:\/\/cardinal-tapes.com\/","name":"cardinal TAPES","description":"Klebetechnik aus Wuppertal","potentialAction":[{"@type":"SearchAction","target":{"@type":"EntryPoint","urlTemplate":"https:\/\/cardinal-tapes.com\/?s={search_term_string}"},"query-input":{"@type":"PropertyValueSpecification","valueRequired":true,"valueName":"search_term_string"}}],"inLanguage":"es"}]}},"brands":[{"id":2169,"name":"3M","slug":"3m-es"}],"_links":{"self":[{"href":"https:\/\/cardinal-tapes.com\/es\/wp-json\/wp\/v2\/product\/62990","targetHints":{"allow":["GET"]}}],"collection":[{"href":"https:\/\/cardinal-tapes.com\/es\/wp-json\/wp\/v2\/product"}],"about":[{"href":"https:\/\/cardinal-tapes.com\/es\/wp-json\/wp\/v2\/types\/product"}],"wp:featuredmedia":[{"embeddable":true,"href":"https:\/\/cardinal-tapes.com\/es\/wp-json\/wp\/v2\/media\/24371"}],"wp:attachment":[{"href":"https:\/\/cardinal-tapes.com\/es\/wp-json\/wp\/v2\/media?parent=62990"}],"wp:term":[{"taxonomy":"pwb-brand","embeddable":true,"href":"https:\/\/cardinal-tapes.com\/es\/wp-json\/wp\/v2\/pwb-brand?post=62990"},{"taxonomy":"product_brand","embeddable":true,"href":"https:\/\/cardinal-tapes.com\/es\/wp-json\/wp\/v2\/product_brand?post=62990"},{"taxonomy":"product_cat","embeddable":true,"href":"https:\/\/cardinal-tapes.com\/es\/wp-json\/wp\/v2\/product_cat?post=62990"},{"taxonomy":"product_tag","embeddable":true,"href":"https:\/\/cardinal-tapes.com\/es\/wp-json\/wp\/v2\/product_tag?post=62990"}],"curies":[{"name":"wp","href":"https:\/\/api.w.org\/{rel}","templated":true}]}}