{"id":62986,"date":"2017-12-08T08:57:20","date_gmt":"2023-06-06T08:20:56","guid":{"rendered":"https:\/\/cardinal.pixel-tal.de\/klebebaender\/sin categor\u00eda\/3m-cinta-de-enmascarar-de-uso-general-101e\/"},"modified":"2023-06-06T10:20:56","modified_gmt":"2023-06-06T08:20:56","slug":"cinta-adhesiva-3m-101e","status":"publish","type":"product","link":"https:\/\/cardinal-tapes.com\/es\/cintas-adhesivas\/ambitos-de-aplicacion\/cinta-de-papel\/cinta-adhesiva-3m-101e\/","title":{"rendered":"3M\u2122 Cinta de enmascarar de uso general 101E"},"content":{"rendered":"<p>La cinta de enmascarar 3M\u2122 101E es una cinta adhesiva para sujeci\u00f3n general a temperatura ambiente. El soporte de papel crepado garantiza que las curvas discurran con suavidad. Esto tambi\u00e9n facilita la manipulaci\u00f3n y el corte. No obstante, la 3M\u2122 101E es muy resistente al desgarro. Adem\u00e1s, el adhesivo especial garantiza una buena adherencia inmediata y reduce el tiempo de posibles retoques. Esto convierte a la 3M\u2122 101E en una muy buena ayuda para situaciones cotidianas.<\/p>\n<p><strong>Propiedades<\/strong><br \/>\nEl 3M\u2122 101E presenta una buena adhesi\u00f3n inmediata y una resistencia permanente gracias al adhesivo de resina de caucho. El soporte de papel especial permite arrancarlo f\u00e1cilmente a mano con resistencia simult\u00e1nea al desgarro en las aplicaciones.<\/p>\n<p><strong>Aplicaciones<\/strong><br \/>\n&#8211; Para trabajos preliminares generales de pintura a temperatura ambiente<br \/>\n&#8211; Para aplicaciones menos exigentes<br \/>\n&#8211; Para cubrir al sellar juntas<br \/>\n&#8211; Para sujeci\u00f3n o fijaci\u00f3n temporal<br \/>\n&#8211; Marcado de etiquetas<\/p>\n","protected":false},"excerpt":{"rendered":"<p>La cinta de enmascarar 3M\u2122 101E es una cinta adhesiva para sujeci\u00f3n general a temperatura ambiente. El soporte de papel crepado garantiza que las curvas discurran con suavidad. Esto tambi\u00e9n facilita la manipulaci\u00f3n y el corte. No obstante, la 3M\u2122 101E es muy resistente al desgarro. Adem\u00e1s, el adhesivo especial garantiza una buena adherencia inmediata [&hellip;]<\/p>\n","protected":false},"featured_media":24355,"template":"","meta":{"_acf_changed":false},"pwb-brand":[2169],"product_brand":[],"product_cat":[1796,1806],"product_tag":[],"class_list":{"0":"post-62986","1":"product","2":"type-product","3":"status-publish","4":"has-post-thumbnail","6":"pwb-brand-3m-es","7":"product_cat-cinta-de-papel","8":"product_cat-cintas-adhesivas-de-una-cara","10":"first","11":"outofstock","12":"taxable","13":"shipping-taxable","14":"purchasable","15":"product-type-variable"},"acf":[],"yoast_head":"<!-- This site is optimized with the Yoast SEO plugin v27.3 - https:\/\/yoast.com\/product\/yoast-seo-wordpress\/ -->\n<title>3M\u2122 101E Cinta de enmascarar de uso general | Cardinal TAPES<\/title>\n<meta name=\"description\" content=\"La cinta de enmascarar3M\u2122 101E es una cinta adhesiva para fines generales de sujeci\u00f3n a temperatura ambiente. M\u00e1s informaci\u00f3n sobre la 3M 101E aqu\u00ed.\" \/>\n<meta name=\"robots\" content=\"index, follow, max-snippet:-1, max-image-preview:large, max-video-preview:-1\" \/>\n<link rel=\"canonical\" href=\"https:\/\/cardinal-tapes.com\/es\/cintas-adhesivas\/cinta-de-papel\/cinta-adhesiva-3m-101e\/\" \/>\n<meta property=\"og:locale\" content=\"es_ES\" \/>\n<meta property=\"og:type\" content=\"article\" \/>\n<meta property=\"og:title\" content=\"3M\u2122 101E Cinta de enmascarar de uso general | Cardinal TAPES\" \/>\n<meta property=\"og:description\" content=\"La cinta de enmascarar3M\u2122 101E es una cinta adhesiva para fines generales de sujeci\u00f3n a temperatura ambiente. M\u00e1s informaci\u00f3n sobre la 3M 101E aqu\u00ed.\" \/>\n<meta property=\"og:url\" content=\"https:\/\/cardinal-tapes.com\/es\/cintas-adhesivas\/cinta-de-papel\/cinta-adhesiva-3m-101e\/\" \/>\n<meta property=\"og:site_name\" content=\"cardinal TAPES\" \/>\n<meta property=\"og:image\" content=\"https:\/\/cardinal-tapes.com\/wp-content\/uploads\/3m_kreppklebeband_101e.jpg\" \/>\n\t<meta property=\"og:image:width\" content=\"600\" \/>\n\t<meta property=\"og:image:height\" content=\"600\" \/>\n\t<meta property=\"og:image:type\" content=\"image\/jpeg\" \/>\n<meta name=\"twitter:card\" content=\"summary_large_image\" \/>\n<meta name=\"twitter:label1\" content=\"Tiempo de lectura\" \/>\n\t<meta name=\"twitter:data1\" content=\"1 minuto\" \/>\n<script type=\"application\/ld+json\" class=\"yoast-schema-graph\">{\"@context\":\"https:\\\/\\\/schema.org\",\"@graph\":[{\"@type\":\"WebPage\",\"@id\":\"https:\\\/\\\/cardinal-tapes.com\\\/es\\\/cintas-adhesivas\\\/cinta-de-papel\\\/cinta-adhesiva-3m-101e\\\/\",\"url\":\"https:\\\/\\\/cardinal-tapes.com\\\/es\\\/cintas-adhesivas\\\/cinta-de-papel\\\/cinta-adhesiva-3m-101e\\\/\",\"name\":\"3M\u2122 101E Cinta de enmascarar de uso general | Cardinal TAPES\",\"isPartOf\":{\"@id\":\"https:\\\/\\\/cardinal-tapes.com\\\/#website\"},\"primaryImageOfPage\":{\"@id\":\"https:\\\/\\\/cardinal-tapes.com\\\/es\\\/cintas-adhesivas\\\/cinta-de-papel\\\/cinta-adhesiva-3m-101e\\\/#primaryimage\"},\"image\":{\"@id\":\"https:\\\/\\\/cardinal-tapes.com\\\/es\\\/cintas-adhesivas\\\/cinta-de-papel\\\/cinta-adhesiva-3m-101e\\\/#primaryimage\"},\"thumbnailUrl\":\"https:\\\/\\\/cardinal-tapes.com\\\/wp-content\\\/uploads\\\/3m_kreppklebeband_101e.jpg\",\"datePublished\":\"2023-06-06T08:20:56+00:00\",\"description\":\"La cinta de enmascarar3M\u2122 101E es una cinta adhesiva para fines generales de sujeci\u00f3n a temperatura ambiente. M\u00e1s informaci\u00f3n sobre la 3M 101E aqu\u00ed.\",\"breadcrumb\":{\"@id\":\"https:\\\/\\\/cardinal-tapes.com\\\/es\\\/cintas-adhesivas\\\/cinta-de-papel\\\/cinta-adhesiva-3m-101e\\\/#breadcrumb\"},\"inLanguage\":\"es\",\"potentialAction\":[{\"@type\":\"ReadAction\",\"target\":[\"https:\\\/\\\/cardinal-tapes.com\\\/es\\\/cintas-adhesivas\\\/cinta-de-papel\\\/cinta-adhesiva-3m-101e\\\/\"]}]},{\"@type\":\"ImageObject\",\"inLanguage\":\"es\",\"@id\":\"https:\\\/\\\/cardinal-tapes.com\\\/es\\\/cintas-adhesivas\\\/cinta-de-papel\\\/cinta-adhesiva-3m-101e\\\/#primaryimage\",\"url\":\"https:\\\/\\\/cardinal-tapes.com\\\/wp-content\\\/uploads\\\/3m_kreppklebeband_101e.jpg\",\"contentUrl\":\"https:\\\/\\\/cardinal-tapes.com\\\/wp-content\\\/uploads\\\/3m_kreppklebeband_101e.jpg\",\"width\":600,\"height\":600,\"caption\":\"Cinta adhesiva 3M 101e\"},{\"@type\":\"BreadcrumbList\",\"@id\":\"https:\\\/\\\/cardinal-tapes.com\\\/es\\\/cintas-adhesivas\\\/cinta-de-papel\\\/cinta-adhesiva-3m-101e\\\/#breadcrumb\",\"itemListElement\":[{\"@type\":\"ListItem\",\"position\":1,\"name\":\"Startseite\",\"item\":\"https:\\\/\\\/cardinal-tapes.com\\\/es\\\/\"},{\"@type\":\"ListItem\",\"position\":2,\"name\":\"Cintas adhesivas\",\"item\":\"https:\\\/\\\/cardinal-tapes.com\\\/es\\\/cintas-adhesivas-es\\\/\"},{\"@type\":\"ListItem\",\"position\":3,\"name\":\"Cintas adhesivas de una cara\",\"item\":\"https:\\\/\\\/cardinal-tapes.com\\\/es\\\/categora\\\/cintas-adhesivas-de-una-cara\\\/\"},{\"@type\":\"ListItem\",\"position\":4,\"name\":\"3M\u2122 Cinta de enmascarar de uso general 101E\"}]},{\"@type\":\"WebSite\",\"@id\":\"https:\\\/\\\/cardinal-tapes.com\\\/#website\",\"url\":\"https:\\\/\\\/cardinal-tapes.com\\\/\",\"name\":\"cardinal TAPES\",\"description\":\"Klebetechnik aus Wuppertal\",\"potentialAction\":[{\"@type\":\"SearchAction\",\"target\":{\"@type\":\"EntryPoint\",\"urlTemplate\":\"https:\\\/\\\/cardinal-tapes.com\\\/?s={search_term_string}\"},\"query-input\":{\"@type\":\"PropertyValueSpecification\",\"valueRequired\":true,\"valueName\":\"search_term_string\"}}],\"inLanguage\":\"es\"}]}<\/script>\n<!-- \/ Yoast SEO plugin. -->","yoast_head_json":{"title":"3M\u2122 101E Cinta de enmascarar de uso general | Cardinal TAPES","description":"La cinta de enmascarar3M\u2122 101E es una cinta adhesiva para fines generales de sujeci\u00f3n a temperatura ambiente. M\u00e1s informaci\u00f3n sobre la 3M 101E aqu\u00ed.","robots":{"index":"index","follow":"follow","max-snippet":"max-snippet:-1","max-image-preview":"max-image-preview:large","max-video-preview":"max-video-preview:-1"},"canonical":"https:\/\/cardinal-tapes.com\/es\/cintas-adhesivas\/cinta-de-papel\/cinta-adhesiva-3m-101e\/","og_locale":"es_ES","og_type":"article","og_title":"3M\u2122 101E Cinta de enmascarar de uso general | Cardinal TAPES","og_description":"La cinta de enmascarar3M\u2122 101E es una cinta adhesiva para fines generales de sujeci\u00f3n a temperatura ambiente. M\u00e1s informaci\u00f3n sobre la 3M 101E aqu\u00ed.","og_url":"https:\/\/cardinal-tapes.com\/es\/cintas-adhesivas\/cinta-de-papel\/cinta-adhesiva-3m-101e\/","og_site_name":"cardinal TAPES","og_image":[{"width":600,"height":600,"url":"https:\/\/cardinal-tapes.com\/wp-content\/uploads\/3m_kreppklebeband_101e.jpg","type":"image\/jpeg"}],"twitter_card":"summary_large_image","twitter_misc":{"Tiempo de lectura":"1 minuto"},"schema":{"@context":"https:\/\/schema.org","@graph":[{"@type":"WebPage","@id":"https:\/\/cardinal-tapes.com\/es\/cintas-adhesivas\/cinta-de-papel\/cinta-adhesiva-3m-101e\/","url":"https:\/\/cardinal-tapes.com\/es\/cintas-adhesivas\/cinta-de-papel\/cinta-adhesiva-3m-101e\/","name":"3M\u2122 101E Cinta de enmascarar de uso general | Cardinal TAPES","isPartOf":{"@id":"https:\/\/cardinal-tapes.com\/#website"},"primaryImageOfPage":{"@id":"https:\/\/cardinal-tapes.com\/es\/cintas-adhesivas\/cinta-de-papel\/cinta-adhesiva-3m-101e\/#primaryimage"},"image":{"@id":"https:\/\/cardinal-tapes.com\/es\/cintas-adhesivas\/cinta-de-papel\/cinta-adhesiva-3m-101e\/#primaryimage"},"thumbnailUrl":"https:\/\/cardinal-tapes.com\/wp-content\/uploads\/3m_kreppklebeband_101e.jpg","datePublished":"2023-06-06T08:20:56+00:00","description":"La cinta de enmascarar3M\u2122 101E es una cinta adhesiva para fines generales de sujeci\u00f3n a temperatura ambiente. M\u00e1s informaci\u00f3n sobre la 3M 101E aqu\u00ed.","breadcrumb":{"@id":"https:\/\/cardinal-tapes.com\/es\/cintas-adhesivas\/cinta-de-papel\/cinta-adhesiva-3m-101e\/#breadcrumb"},"inLanguage":"es","potentialAction":[{"@type":"ReadAction","target":["https:\/\/cardinal-tapes.com\/es\/cintas-adhesivas\/cinta-de-papel\/cinta-adhesiva-3m-101e\/"]}]},{"@type":"ImageObject","inLanguage":"es","@id":"https:\/\/cardinal-tapes.com\/es\/cintas-adhesivas\/cinta-de-papel\/cinta-adhesiva-3m-101e\/#primaryimage","url":"https:\/\/cardinal-tapes.com\/wp-content\/uploads\/3m_kreppklebeband_101e.jpg","contentUrl":"https:\/\/cardinal-tapes.com\/wp-content\/uploads\/3m_kreppklebeband_101e.jpg","width":600,"height":600,"caption":"Cinta adhesiva 3M 101e"},{"@type":"BreadcrumbList","@id":"https:\/\/cardinal-tapes.com\/es\/cintas-adhesivas\/cinta-de-papel\/cinta-adhesiva-3m-101e\/#breadcrumb","itemListElement":[{"@type":"ListItem","position":1,"name":"Startseite","item":"https:\/\/cardinal-tapes.com\/es\/"},{"@type":"ListItem","position":2,"name":"Cintas adhesivas","item":"https:\/\/cardinal-tapes.com\/es\/cintas-adhesivas-es\/"},{"@type":"ListItem","position":3,"name":"Cintas adhesivas de una cara","item":"https:\/\/cardinal-tapes.com\/es\/categora\/cintas-adhesivas-de-una-cara\/"},{"@type":"ListItem","position":4,"name":"3M\u2122 Cinta de enmascarar de uso general 101E"}]},{"@type":"WebSite","@id":"https:\/\/cardinal-tapes.com\/#website","url":"https:\/\/cardinal-tapes.com\/","name":"cardinal TAPES","description":"Klebetechnik aus Wuppertal","potentialAction":[{"@type":"SearchAction","target":{"@type":"EntryPoint","urlTemplate":"https:\/\/cardinal-tapes.com\/?s={search_term_string}"},"query-input":{"@type":"PropertyValueSpecification","valueRequired":true,"valueName":"search_term_string"}}],"inLanguage":"es"}]}},"brands":[{"id":2169,"name":"3M","slug":"3m-es"}],"_links":{"self":[{"href":"https:\/\/cardinal-tapes.com\/es\/wp-json\/wp\/v2\/product\/62986","targetHints":{"allow":["GET"]}}],"collection":[{"href":"https:\/\/cardinal-tapes.com\/es\/wp-json\/wp\/v2\/product"}],"about":[{"href":"https:\/\/cardinal-tapes.com\/es\/wp-json\/wp\/v2\/types\/product"}],"wp:featuredmedia":[{"embeddable":true,"href":"https:\/\/cardinal-tapes.com\/es\/wp-json\/wp\/v2\/media\/24355"}],"wp:attachment":[{"href":"https:\/\/cardinal-tapes.com\/es\/wp-json\/wp\/v2\/media?parent=62986"}],"wp:term":[{"taxonomy":"pwb-brand","embeddable":true,"href":"https:\/\/cardinal-tapes.com\/es\/wp-json\/wp\/v2\/pwb-brand?post=62986"},{"taxonomy":"product_brand","embeddable":true,"href":"https:\/\/cardinal-tapes.com\/es\/wp-json\/wp\/v2\/product_brand?post=62986"},{"taxonomy":"product_cat","embeddable":true,"href":"https:\/\/cardinal-tapes.com\/es\/wp-json\/wp\/v2\/product_cat?post=62986"},{"taxonomy":"product_tag","embeddable":true,"href":"https:\/\/cardinal-tapes.com\/es\/wp-json\/wp\/v2\/product_tag?post=62986"}],"curies":[{"name":"wp","href":"https:\/\/api.w.org\/{rel}","templated":true}]}}