{"id":62985,"date":"2017-12-08T08:42:10","date_gmt":"2023-06-06T08:20:56","guid":{"rendered":"https:\/\/cardinal.pixel-tal.de\/klebebaender\/sin%20categor\u00eda\/3m-cinta-de-tejido-impermeable-389\/"},"modified":"2025-07-11T09:01:45","modified_gmt":"2025-07-11T07:01:45","slug":"3m-389-cinta-adhesiva-de-tela-de-color-resistente-al-agua","status":"publish","type":"product","link":"https:\/\/cardinal-tapes.com\/es\/cintas-adhesivas\/cintas-adhesivas-de-una-cara\/3m-389-cinta-adhesiva-de-tela-de-color-resistente-al-agua\/","title":{"rendered":"3M\u2122 Cinta de tejido impermeable 389"},"content":{"rendered":"<p>La cinta textil 3M 389 est\u00e1 disponible en varios colores y es adecuada para muchas aplicaciones diferentes. Las ventajas de la cinta son que se puede arrancar con la mano, tiene una buena conformabilidad y un alto poder de sujeci\u00f3n. Por eso los campos de aplicaci\u00f3n de la 3M 389 son tan variados. Por ejemplo, enmascarar, atar, reforzar y reparar, pegar y empalmar moquetas o sellar juntas. Gracias a los diferentes colores, la cinta textil 3M 389 tambi\u00e9n se integra visualmente en cualquier imagen.<\/p>\n<p><strong>Propiedades<br \/>\n<\/strong>La cinta adhesiva de tejido tiene un comportamiento de deformaci\u00f3n resistente, una buena resistencia al agua, as\u00ed como un elevado alargamiento a la rotura. La cinta adhesiva est\u00e1 disponible en muchos colores diferentes. Adem\u00e1s, se caracteriza por una muy buena adherencia inmediata, un buen poder de retenci\u00f3n permanente y una muy buena fuerza adhesiva en una amplia gama de superficies.<\/p>\n<p><strong>Aplicaciones<br \/>\n<\/strong>&#8211; Uni\u00f3n y sellado de l\u00e1minas, paneles de pared y sistemas de tuber\u00edas de metal y pl\u00e1stico<br \/>\n&#8211; Empalme de aislamientos, tuber\u00edas y revestimientos (efecto bisagra)<br \/>\n&#8211; Empalme de l\u00e1minas para protecci\u00f3n durante la manipulaci\u00f3n o descontaminaci\u00f3n<br \/>\n&#8211; Envoltura de contenedores y tuber\u00edas<br \/>\n&#8211; Codificaci\u00f3n por colores, marcado o etiquetado<br \/>\n&#8211; Sellado de contenedores y reparaci\u00f3n de lonas<\/p>\n","protected":false},"excerpt":{"rendered":"<p>La cinta textil 3M 389 est\u00e1 disponible en varios colores y es adecuada para muchas aplicaciones diferentes. Las ventajas de la cinta son que se puede arrancar con la mano, tiene una buena conformabilidad y un alto poder de sujeci\u00f3n. Por eso los campos de aplicaci\u00f3n de la 3M 389 son tan variados. Por ejemplo, [&hellip;]<\/p>\n","protected":false},"featured_media":24383,"template":"","meta":{"_acf_changed":false},"pwb-brand":[2169],"product_brand":[],"product_cat":[1806],"product_tag":[],"class_list":{"0":"post-62985","1":"product","2":"type-product","3":"status-publish","4":"has-post-thumbnail","6":"pwb-brand-3m-es","7":"product_cat-cintas-adhesivas-de-una-cara","9":"first","10":"instock","11":"taxable","12":"shipping-taxable","13":"purchasable","14":"product-type-variable"},"acf":[],"yoast_head":"<!-- This site is optimized with the Yoast SEO plugin v27.3 - https:\/\/yoast.com\/product\/yoast-seo-wordpress\/ -->\n<title>3M\u2122 389 Cinta de tejido impermeable | Cardinal TAPES<\/title>\n<meta name=\"description\" content=\"La cinta textil 3M 389 est\u00e1 disponible en varios colores y es adecuada para muchas aplicaciones diferentes. M\u00e1s informaci\u00f3n.\" \/>\n<meta name=\"robots\" content=\"index, follow, max-snippet:-1, max-image-preview:large, max-video-preview:-1\" \/>\n<link rel=\"canonical\" href=\"https:\/\/cardinal-tapes.com\/es\/cintas-adhesivas\/cintas-adhesivas-de-una-cara\/3m-389-cinta-adhesiva-de-tela-de-color-resistente-al-agua\/\" \/>\n<meta property=\"og:locale\" content=\"es_ES\" \/>\n<meta property=\"og:type\" content=\"article\" \/>\n<meta property=\"og:title\" content=\"3M\u2122 389 Cinta de tejido impermeable | Cardinal TAPES\" \/>\n<meta property=\"og:description\" content=\"La cinta textil 3M 389 est\u00e1 disponible en varios colores y es adecuada para muchas aplicaciones diferentes. M\u00e1s informaci\u00f3n.\" \/>\n<meta property=\"og:url\" content=\"https:\/\/cardinal-tapes.com\/es\/cintas-adhesivas\/cintas-adhesivas-de-una-cara\/3m-389-cinta-adhesiva-de-tela-de-color-resistente-al-agua\/\" \/>\n<meta property=\"og:site_name\" content=\"cardinal TAPES\" \/>\n<meta property=\"article:modified_time\" content=\"2025-07-11T07:01:45+00:00\" \/>\n<meta property=\"og:image\" content=\"https:\/\/cardinal-tapes.com\/wp-content\/uploads\/3m_scotch_gewebeklebeband_389.jpg\" \/>\n\t<meta property=\"og:image:width\" content=\"600\" \/>\n\t<meta property=\"og:image:height\" content=\"600\" \/>\n\t<meta property=\"og:image:type\" content=\"image\/jpeg\" \/>\n<meta name=\"twitter:card\" content=\"summary_large_image\" \/>\n<meta name=\"twitter:label1\" content=\"Tiempo de lectura\" \/>\n\t<meta name=\"twitter:data1\" content=\"1 minuto\" \/>\n<script type=\"application\/ld+json\" class=\"yoast-schema-graph\">{\"@context\":\"https:\\\/\\\/schema.org\",\"@graph\":[{\"@type\":\"WebPage\",\"@id\":\"https:\\\/\\\/cardinal-tapes.com\\\/es\\\/cintas-adhesivas\\\/cintas-adhesivas-de-una-cara\\\/3m-389-cinta-adhesiva-de-tela-de-color-resistente-al-agua\\\/\",\"url\":\"https:\\\/\\\/cardinal-tapes.com\\\/es\\\/cintas-adhesivas\\\/cintas-adhesivas-de-una-cara\\\/3m-389-cinta-adhesiva-de-tela-de-color-resistente-al-agua\\\/\",\"name\":\"3M\u2122 389 Cinta de tejido impermeable | Cardinal TAPES\",\"isPartOf\":{\"@id\":\"https:\\\/\\\/cardinal-tapes.com\\\/#website\"},\"primaryImageOfPage\":{\"@id\":\"https:\\\/\\\/cardinal-tapes.com\\\/es\\\/cintas-adhesivas\\\/cintas-adhesivas-de-una-cara\\\/3m-389-cinta-adhesiva-de-tela-de-color-resistente-al-agua\\\/#primaryimage\"},\"image\":{\"@id\":\"https:\\\/\\\/cardinal-tapes.com\\\/es\\\/cintas-adhesivas\\\/cintas-adhesivas-de-una-cara\\\/3m-389-cinta-adhesiva-de-tela-de-color-resistente-al-agua\\\/#primaryimage\"},\"thumbnailUrl\":\"https:\\\/\\\/cardinal-tapes.com\\\/wp-content\\\/uploads\\\/3m_scotch_gewebeklebeband_389.jpg\",\"datePublished\":\"2023-06-06T08:20:56+00:00\",\"dateModified\":\"2025-07-11T07:01:45+00:00\",\"description\":\"La cinta textil 3M 389 est\u00e1 disponible en varios colores y es adecuada para muchas aplicaciones diferentes. M\u00e1s informaci\u00f3n.\",\"breadcrumb\":{\"@id\":\"https:\\\/\\\/cardinal-tapes.com\\\/es\\\/cintas-adhesivas\\\/cintas-adhesivas-de-una-cara\\\/3m-389-cinta-adhesiva-de-tela-de-color-resistente-al-agua\\\/#breadcrumb\"},\"inLanguage\":\"es\",\"potentialAction\":[{\"@type\":\"ReadAction\",\"target\":[\"https:\\\/\\\/cardinal-tapes.com\\\/es\\\/cintas-adhesivas\\\/cintas-adhesivas-de-una-cara\\\/3m-389-cinta-adhesiva-de-tela-de-color-resistente-al-agua\\\/\"]}]},{\"@type\":\"ImageObject\",\"inLanguage\":\"es\",\"@id\":\"https:\\\/\\\/cardinal-tapes.com\\\/es\\\/cintas-adhesivas\\\/cintas-adhesivas-de-una-cara\\\/3m-389-cinta-adhesiva-de-tela-de-color-resistente-al-agua\\\/#primaryimage\",\"url\":\"https:\\\/\\\/cardinal-tapes.com\\\/wp-content\\\/uploads\\\/3m_scotch_gewebeklebeband_389.jpg\",\"contentUrl\":\"https:\\\/\\\/cardinal-tapes.com\\\/wp-content\\\/uploads\\\/3m_scotch_gewebeklebeband_389.jpg\",\"width\":600,\"height\":600,\"caption\":\"Cinta adhesiva de tela 3M Scotch 389\"},{\"@type\":\"BreadcrumbList\",\"@id\":\"https:\\\/\\\/cardinal-tapes.com\\\/es\\\/cintas-adhesivas\\\/cintas-adhesivas-de-una-cara\\\/3m-389-cinta-adhesiva-de-tela-de-color-resistente-al-agua\\\/#breadcrumb\",\"itemListElement\":[{\"@type\":\"ListItem\",\"position\":1,\"name\":\"Startseite\",\"item\":\"https:\\\/\\\/cardinal-tapes.com\\\/es\\\/\"},{\"@type\":\"ListItem\",\"position\":2,\"name\":\"Cintas adhesivas\",\"item\":\"https:\\\/\\\/cardinal-tapes.com\\\/es\\\/cintas-adhesivas-es\\\/\"},{\"@type\":\"ListItem\",\"position\":3,\"name\":\"Cintas adhesivas de una cara\",\"item\":\"https:\\\/\\\/cardinal-tapes.com\\\/es\\\/categora\\\/cintas-adhesivas-de-una-cara\\\/\"},{\"@type\":\"ListItem\",\"position\":4,\"name\":\"3M\u2122 Cinta de tejido impermeable 389\"}]},{\"@type\":\"WebSite\",\"@id\":\"https:\\\/\\\/cardinal-tapes.com\\\/#website\",\"url\":\"https:\\\/\\\/cardinal-tapes.com\\\/\",\"name\":\"cardinal TAPES\",\"description\":\"Klebetechnik aus Wuppertal\",\"potentialAction\":[{\"@type\":\"SearchAction\",\"target\":{\"@type\":\"EntryPoint\",\"urlTemplate\":\"https:\\\/\\\/cardinal-tapes.com\\\/?s={search_term_string}\"},\"query-input\":{\"@type\":\"PropertyValueSpecification\",\"valueRequired\":true,\"valueName\":\"search_term_string\"}}],\"inLanguage\":\"es\"}]}<\/script>\n<!-- \/ Yoast SEO plugin. -->","yoast_head_json":{"title":"3M\u2122 389 Cinta de tejido impermeable | Cardinal TAPES","description":"La cinta textil 3M 389 est\u00e1 disponible en varios colores y es adecuada para muchas aplicaciones diferentes. M\u00e1s informaci\u00f3n.","robots":{"index":"index","follow":"follow","max-snippet":"max-snippet:-1","max-image-preview":"max-image-preview:large","max-video-preview":"max-video-preview:-1"},"canonical":"https:\/\/cardinal-tapes.com\/es\/cintas-adhesivas\/cintas-adhesivas-de-una-cara\/3m-389-cinta-adhesiva-de-tela-de-color-resistente-al-agua\/","og_locale":"es_ES","og_type":"article","og_title":"3M\u2122 389 Cinta de tejido impermeable | Cardinal TAPES","og_description":"La cinta textil 3M 389 est\u00e1 disponible en varios colores y es adecuada para muchas aplicaciones diferentes. M\u00e1s informaci\u00f3n.","og_url":"https:\/\/cardinal-tapes.com\/es\/cintas-adhesivas\/cintas-adhesivas-de-una-cara\/3m-389-cinta-adhesiva-de-tela-de-color-resistente-al-agua\/","og_site_name":"cardinal TAPES","article_modified_time":"2025-07-11T07:01:45+00:00","og_image":[{"width":600,"height":600,"url":"https:\/\/cardinal-tapes.com\/wp-content\/uploads\/3m_scotch_gewebeklebeband_389.jpg","type":"image\/jpeg"}],"twitter_card":"summary_large_image","twitter_misc":{"Tiempo de lectura":"1 minuto"},"schema":{"@context":"https:\/\/schema.org","@graph":[{"@type":"WebPage","@id":"https:\/\/cardinal-tapes.com\/es\/cintas-adhesivas\/cintas-adhesivas-de-una-cara\/3m-389-cinta-adhesiva-de-tela-de-color-resistente-al-agua\/","url":"https:\/\/cardinal-tapes.com\/es\/cintas-adhesivas\/cintas-adhesivas-de-una-cara\/3m-389-cinta-adhesiva-de-tela-de-color-resistente-al-agua\/","name":"3M\u2122 389 Cinta de tejido impermeable | Cardinal TAPES","isPartOf":{"@id":"https:\/\/cardinal-tapes.com\/#website"},"primaryImageOfPage":{"@id":"https:\/\/cardinal-tapes.com\/es\/cintas-adhesivas\/cintas-adhesivas-de-una-cara\/3m-389-cinta-adhesiva-de-tela-de-color-resistente-al-agua\/#primaryimage"},"image":{"@id":"https:\/\/cardinal-tapes.com\/es\/cintas-adhesivas\/cintas-adhesivas-de-una-cara\/3m-389-cinta-adhesiva-de-tela-de-color-resistente-al-agua\/#primaryimage"},"thumbnailUrl":"https:\/\/cardinal-tapes.com\/wp-content\/uploads\/3m_scotch_gewebeklebeband_389.jpg","datePublished":"2023-06-06T08:20:56+00:00","dateModified":"2025-07-11T07:01:45+00:00","description":"La cinta textil 3M 389 est\u00e1 disponible en varios colores y es adecuada para muchas aplicaciones diferentes. M\u00e1s informaci\u00f3n.","breadcrumb":{"@id":"https:\/\/cardinal-tapes.com\/es\/cintas-adhesivas\/cintas-adhesivas-de-una-cara\/3m-389-cinta-adhesiva-de-tela-de-color-resistente-al-agua\/#breadcrumb"},"inLanguage":"es","potentialAction":[{"@type":"ReadAction","target":["https:\/\/cardinal-tapes.com\/es\/cintas-adhesivas\/cintas-adhesivas-de-una-cara\/3m-389-cinta-adhesiva-de-tela-de-color-resistente-al-agua\/"]}]},{"@type":"ImageObject","inLanguage":"es","@id":"https:\/\/cardinal-tapes.com\/es\/cintas-adhesivas\/cintas-adhesivas-de-una-cara\/3m-389-cinta-adhesiva-de-tela-de-color-resistente-al-agua\/#primaryimage","url":"https:\/\/cardinal-tapes.com\/wp-content\/uploads\/3m_scotch_gewebeklebeband_389.jpg","contentUrl":"https:\/\/cardinal-tapes.com\/wp-content\/uploads\/3m_scotch_gewebeklebeband_389.jpg","width":600,"height":600,"caption":"Cinta adhesiva de tela 3M Scotch 389"},{"@type":"BreadcrumbList","@id":"https:\/\/cardinal-tapes.com\/es\/cintas-adhesivas\/cintas-adhesivas-de-una-cara\/3m-389-cinta-adhesiva-de-tela-de-color-resistente-al-agua\/#breadcrumb","itemListElement":[{"@type":"ListItem","position":1,"name":"Startseite","item":"https:\/\/cardinal-tapes.com\/es\/"},{"@type":"ListItem","position":2,"name":"Cintas adhesivas","item":"https:\/\/cardinal-tapes.com\/es\/cintas-adhesivas-es\/"},{"@type":"ListItem","position":3,"name":"Cintas adhesivas de una cara","item":"https:\/\/cardinal-tapes.com\/es\/categora\/cintas-adhesivas-de-una-cara\/"},{"@type":"ListItem","position":4,"name":"3M\u2122 Cinta de tejido impermeable 389"}]},{"@type":"WebSite","@id":"https:\/\/cardinal-tapes.com\/#website","url":"https:\/\/cardinal-tapes.com\/","name":"cardinal TAPES","description":"Klebetechnik aus Wuppertal","potentialAction":[{"@type":"SearchAction","target":{"@type":"EntryPoint","urlTemplate":"https:\/\/cardinal-tapes.com\/?s={search_term_string}"},"query-input":{"@type":"PropertyValueSpecification","valueRequired":true,"valueName":"search_term_string"}}],"inLanguage":"es"}]}},"brands":[{"id":2169,"name":"3M","slug":"3m-es"}],"_links":{"self":[{"href":"https:\/\/cardinal-tapes.com\/es\/wp-json\/wp\/v2\/product\/62985","targetHints":{"allow":["GET"]}}],"collection":[{"href":"https:\/\/cardinal-tapes.com\/es\/wp-json\/wp\/v2\/product"}],"about":[{"href":"https:\/\/cardinal-tapes.com\/es\/wp-json\/wp\/v2\/types\/product"}],"wp:featuredmedia":[{"embeddable":true,"href":"https:\/\/cardinal-tapes.com\/es\/wp-json\/wp\/v2\/media\/24383"}],"wp:attachment":[{"href":"https:\/\/cardinal-tapes.com\/es\/wp-json\/wp\/v2\/media?parent=62985"}],"wp:term":[{"taxonomy":"pwb-brand","embeddable":true,"href":"https:\/\/cardinal-tapes.com\/es\/wp-json\/wp\/v2\/pwb-brand?post=62985"},{"taxonomy":"product_brand","embeddable":true,"href":"https:\/\/cardinal-tapes.com\/es\/wp-json\/wp\/v2\/product_brand?post=62985"},{"taxonomy":"product_cat","embeddable":true,"href":"https:\/\/cardinal-tapes.com\/es\/wp-json\/wp\/v2\/product_cat?post=62985"},{"taxonomy":"product_tag","embeddable":true,"href":"https:\/\/cardinal-tapes.com\/es\/wp-json\/wp\/v2\/product_tag?post=62985"}],"curies":[{"name":"wp","href":"https:\/\/api.w.org\/{rel}","templated":true}]}}