{"id":62984,"date":"2017-12-08T08:54:23","date_gmt":"2023-06-06T08:20:56","guid":{"rendered":"https:\/\/cardinal.pixel-tal.de\/klebebaender\/sin%20categor\u00eda\/3m-425-427-431-433-435-436-cintas-metalicas\/"},"modified":"2025-07-07T16:55:09","modified_gmt":"2025-07-07T14:55:09","slug":"3m-435-436-433-431-427-425-doppelseitige-metallklebebaender","status":"publish","type":"product","link":"https:\/\/cardinal-tapes.com\/es\/cintas-adhesivas\/ambitos-de-aplicacion\/cinta-adhesiva-de-aluminio\/3m-435-436-433-431-427-425-doppelseitige-metallklebebaender\/","title":{"rendered":"3M\u2122 425 427 431 433 435 436 Cintas Met\u00e1licas"},"content":{"rendered":"<p>Nuestras cintas met\u00e1licas 3M\u2122, como la 3M\u2122 425, constan de un material de soporte de alta calidad y un adhesivo \u00f3ptimo. As\u00ed, las cintas adhesivas son especialmente resistentes a la temperatura y la humedad y pueden utilizarse en una gran variedad de \u00e1mbitos. Con el 3M\u2122 425, estos incluyen, por ejemplo, la protecci\u00f3n de conductores de calor, la protecci\u00f3n contra la intemperie y la humedad, y la protecci\u00f3n contra el \u00e1cido.<\/p>\n<p><strong>Propiedades<\/strong><br \/>\n&#8211; Conductor t\u00e9rmico<br \/>\n&#8211; Resistente a muchos productos qu\u00edmicos para proteger las superficies durante el decapado y otros procesos qu\u00edmicos<br \/>\n&#8211; Resistente al fuego, a la intemperie, a la humedad y a los rayos UV<br \/>\n&#8211; Reflectante al calor y a la luz<\/p>\n<p><strong>Aplicaciones<\/strong><br \/>\n&#8211; Protecci\u00f3n de superficies durante el decapado y otros procesos qu\u00edmicos<br \/>\n&#8211; Aumento de la eficacia de la calefacci\u00f3n y la refrigeraci\u00f3n y protecci\u00f3n de materiales sensibles a la temperatura<\/p>\n","protected":false},"excerpt":{"rendered":"<p>Nuestras cintas met\u00e1licas 3M\u2122, como la 3M\u2122 425, constan de un material de soporte de alta calidad y un adhesivo \u00f3ptimo. As\u00ed, las cintas adhesivas son especialmente resistentes a la temperatura y la humedad y pueden utilizarse en una gran variedad de \u00e1mbitos. Con el 3M\u2122 425, estos incluyen, por ejemplo, la protecci\u00f3n de conductores [&hellip;]<\/p>\n","protected":false},"featured_media":24359,"template":"","meta":{"_acf_changed":false},"pwb-brand":[2169],"product_brand":[],"product_cat":[1696,1703,1712,1806],"product_tag":[],"class_list":{"0":"post-62984","1":"product","2":"type-product","3":"status-publish","4":"has-post-thumbnail","6":"pwb-brand-3m-es","7":"product_cat-cinta-adhesiva-de-aluminio","8":"product_cat-industria-electrica","9":"product_cat-acabado-de-metales","10":"product_cat-cintas-adhesivas-de-una-cara","12":"first","13":"instock","14":"taxable","15":"shipping-taxable","16":"purchasable","17":"product-type-variable"},"acf":[],"yoast_head":"<!-- This site is optimized with the Yoast SEO plugin v27.3 - https:\/\/yoast.com\/product\/yoast-seo-wordpress\/ -->\n<title>3M 3m 425 435 436 433 431 427 cintas met\u00e1licas de doble cara<\/title>\n<meta name=\"description\" content=\"Nuestras cintas met\u00e1licas de doble cara, como la 3M 425, constan de un material de soporte de alta calidad y un adhesivo \u00f3ptimo. M\u00e1s informaci\u00f3n.\" \/>\n<meta name=\"robots\" content=\"index, follow, max-snippet:-1, max-image-preview:large, max-video-preview:-1\" \/>\n<link rel=\"canonical\" href=\"https:\/\/cardinal-tapes.com\/es\/cintas-adhesivas\/ambitos-de-aplicacion\/cinta-adhesiva-de-aluminio\/3m-435-436-433-431-427-425-doppelseitige-metallklebebaender\/\" \/>\n<meta property=\"og:locale\" content=\"es_ES\" \/>\n<meta property=\"og:type\" content=\"article\" \/>\n<meta property=\"og:title\" content=\"3M 3m 425 435 436 433 431 427 cintas met\u00e1licas de doble cara\" \/>\n<meta property=\"og:description\" content=\"Nuestras cintas met\u00e1licas de doble cara, como la 3M 425, constan de un material de soporte de alta calidad y un adhesivo \u00f3ptimo. M\u00e1s informaci\u00f3n.\" \/>\n<meta property=\"og:url\" content=\"https:\/\/cardinal-tapes.com\/es\/cintas-adhesivas\/ambitos-de-aplicacion\/cinta-adhesiva-de-aluminio\/3m-435-436-433-431-427-425-doppelseitige-metallklebebaender\/\" \/>\n<meta property=\"og:site_name\" content=\"cardinal TAPES\" \/>\n<meta property=\"article:modified_time\" content=\"2025-07-07T14:55:09+00:00\" \/>\n<meta property=\"og:image\" content=\"https:\/\/cardinal-tapes.com\/wp-content\/uploads\/3m_metallklebeband_425.jpg\" \/>\n\t<meta property=\"og:image:width\" content=\"600\" \/>\n\t<meta property=\"og:image:height\" content=\"600\" \/>\n\t<meta property=\"og:image:type\" content=\"image\/jpeg\" \/>\n<meta name=\"twitter:card\" content=\"summary_large_image\" \/>\n<meta name=\"twitter:label1\" content=\"Tiempo de lectura\" \/>\n\t<meta name=\"twitter:data1\" content=\"1 minuto\" \/>\n<script type=\"application\/ld+json\" class=\"yoast-schema-graph\">{\"@context\":\"https:\\\/\\\/schema.org\",\"@graph\":[{\"@type\":\"WebPage\",\"@id\":\"https:\\\/\\\/cardinal-tapes.com\\\/es\\\/cintas-adhesivas\\\/ambitos-de-aplicacion\\\/cinta-adhesiva-de-aluminio\\\/3m-435-436-433-431-427-425-doppelseitige-metallklebebaender\\\/\",\"url\":\"https:\\\/\\\/cardinal-tapes.com\\\/es\\\/cintas-adhesivas\\\/ambitos-de-aplicacion\\\/cinta-adhesiva-de-aluminio\\\/3m-435-436-433-431-427-425-doppelseitige-metallklebebaender\\\/\",\"name\":\"3M 3m 425 435 436 433 431 427 cintas met\u00e1licas de doble cara\",\"isPartOf\":{\"@id\":\"https:\\\/\\\/cardinal-tapes.com\\\/#website\"},\"primaryImageOfPage\":{\"@id\":\"https:\\\/\\\/cardinal-tapes.com\\\/es\\\/cintas-adhesivas\\\/ambitos-de-aplicacion\\\/cinta-adhesiva-de-aluminio\\\/3m-435-436-433-431-427-425-doppelseitige-metallklebebaender\\\/#primaryimage\"},\"image\":{\"@id\":\"https:\\\/\\\/cardinal-tapes.com\\\/es\\\/cintas-adhesivas\\\/ambitos-de-aplicacion\\\/cinta-adhesiva-de-aluminio\\\/3m-435-436-433-431-427-425-doppelseitige-metallklebebaender\\\/#primaryimage\"},\"thumbnailUrl\":\"https:\\\/\\\/cardinal-tapes.com\\\/wp-content\\\/uploads\\\/3m_metallklebeband_425.jpg\",\"datePublished\":\"2023-06-06T08:20:56+00:00\",\"dateModified\":\"2025-07-07T14:55:09+00:00\",\"description\":\"Nuestras cintas met\u00e1licas de doble cara, como la 3M 425, constan de un material de soporte de alta calidad y un adhesivo \u00f3ptimo. M\u00e1s informaci\u00f3n.\",\"breadcrumb\":{\"@id\":\"https:\\\/\\\/cardinal-tapes.com\\\/es\\\/cintas-adhesivas\\\/ambitos-de-aplicacion\\\/cinta-adhesiva-de-aluminio\\\/3m-435-436-433-431-427-425-doppelseitige-metallklebebaender\\\/#breadcrumb\"},\"inLanguage\":\"es\",\"potentialAction\":[{\"@type\":\"ReadAction\",\"target\":[\"https:\\\/\\\/cardinal-tapes.com\\\/es\\\/cintas-adhesivas\\\/ambitos-de-aplicacion\\\/cinta-adhesiva-de-aluminio\\\/3m-435-436-433-431-427-425-doppelseitige-metallklebebaender\\\/\"]}]},{\"@type\":\"ImageObject\",\"inLanguage\":\"es\",\"@id\":\"https:\\\/\\\/cardinal-tapes.com\\\/es\\\/cintas-adhesivas\\\/ambitos-de-aplicacion\\\/cinta-adhesiva-de-aluminio\\\/3m-435-436-433-431-427-425-doppelseitige-metallklebebaender\\\/#primaryimage\",\"url\":\"https:\\\/\\\/cardinal-tapes.com\\\/wp-content\\\/uploads\\\/3m_metallklebeband_425.jpg\",\"contentUrl\":\"https:\\\/\\\/cardinal-tapes.com\\\/wp-content\\\/uploads\\\/3m_metallklebeband_425.jpg\",\"width\":600,\"height\":600,\"caption\":\"3M Cinta Met\u00e1lica 425\"},{\"@type\":\"BreadcrumbList\",\"@id\":\"https:\\\/\\\/cardinal-tapes.com\\\/es\\\/cintas-adhesivas\\\/ambitos-de-aplicacion\\\/cinta-adhesiva-de-aluminio\\\/3m-435-436-433-431-427-425-doppelseitige-metallklebebaender\\\/#breadcrumb\",\"itemListElement\":[{\"@type\":\"ListItem\",\"position\":1,\"name\":\"Startseite\",\"item\":\"https:\\\/\\\/cardinal-tapes.com\\\/es\\\/\"},{\"@type\":\"ListItem\",\"position\":2,\"name\":\"Cintas adhesivas\",\"item\":\"https:\\\/\\\/cardinal-tapes.com\\\/es\\\/cintas-adhesivas-es\\\/\"},{\"@type\":\"ListItem\",\"position\":3,\"name\":\"\u00c1mbitos de aplicaci\u00f3n\",\"item\":\"https:\\\/\\\/cardinal-tapes.com\\\/es\\\/categora\\\/ambitos-de-aplicacion\\\/\"},{\"@type\":\"ListItem\",\"position\":4,\"name\":\"Cinta adhesiva de aluminio\",\"item\":\"https:\\\/\\\/cardinal-tapes.com\\\/es\\\/categora\\\/cinta-adhesiva-de-aluminio\\\/\"},{\"@type\":\"ListItem\",\"position\":5,\"name\":\"3M\u2122 425 427 431 433 435 436 Cintas Met\u00e1licas\"}]},{\"@type\":\"WebSite\",\"@id\":\"https:\\\/\\\/cardinal-tapes.com\\\/#website\",\"url\":\"https:\\\/\\\/cardinal-tapes.com\\\/\",\"name\":\"cardinal TAPES\",\"description\":\"Klebetechnik aus Wuppertal\",\"potentialAction\":[{\"@type\":\"SearchAction\",\"target\":{\"@type\":\"EntryPoint\",\"urlTemplate\":\"https:\\\/\\\/cardinal-tapes.com\\\/?s={search_term_string}\"},\"query-input\":{\"@type\":\"PropertyValueSpecification\",\"valueRequired\":true,\"valueName\":\"search_term_string\"}}],\"inLanguage\":\"es\"}]}<\/script>\n<!-- \/ Yoast SEO plugin. -->","yoast_head_json":{"title":"3M 3m 425 435 436 433 431 427 cintas met\u00e1licas de doble cara","description":"Nuestras cintas met\u00e1licas de doble cara, como la 3M 425, constan de un material de soporte de alta calidad y un adhesivo \u00f3ptimo. M\u00e1s informaci\u00f3n.","robots":{"index":"index","follow":"follow","max-snippet":"max-snippet:-1","max-image-preview":"max-image-preview:large","max-video-preview":"max-video-preview:-1"},"canonical":"https:\/\/cardinal-tapes.com\/es\/cintas-adhesivas\/ambitos-de-aplicacion\/cinta-adhesiva-de-aluminio\/3m-435-436-433-431-427-425-doppelseitige-metallklebebaender\/","og_locale":"es_ES","og_type":"article","og_title":"3M 3m 425 435 436 433 431 427 cintas met\u00e1licas de doble cara","og_description":"Nuestras cintas met\u00e1licas de doble cara, como la 3M 425, constan de un material de soporte de alta calidad y un adhesivo \u00f3ptimo. M\u00e1s informaci\u00f3n.","og_url":"https:\/\/cardinal-tapes.com\/es\/cintas-adhesivas\/ambitos-de-aplicacion\/cinta-adhesiva-de-aluminio\/3m-435-436-433-431-427-425-doppelseitige-metallklebebaender\/","og_site_name":"cardinal TAPES","article_modified_time":"2025-07-07T14:55:09+00:00","og_image":[{"width":600,"height":600,"url":"https:\/\/cardinal-tapes.com\/wp-content\/uploads\/3m_metallklebeband_425.jpg","type":"image\/jpeg"}],"twitter_card":"summary_large_image","twitter_misc":{"Tiempo de lectura":"1 minuto"},"schema":{"@context":"https:\/\/schema.org","@graph":[{"@type":"WebPage","@id":"https:\/\/cardinal-tapes.com\/es\/cintas-adhesivas\/ambitos-de-aplicacion\/cinta-adhesiva-de-aluminio\/3m-435-436-433-431-427-425-doppelseitige-metallklebebaender\/","url":"https:\/\/cardinal-tapes.com\/es\/cintas-adhesivas\/ambitos-de-aplicacion\/cinta-adhesiva-de-aluminio\/3m-435-436-433-431-427-425-doppelseitige-metallklebebaender\/","name":"3M 3m 425 435 436 433 431 427 cintas met\u00e1licas de doble cara","isPartOf":{"@id":"https:\/\/cardinal-tapes.com\/#website"},"primaryImageOfPage":{"@id":"https:\/\/cardinal-tapes.com\/es\/cintas-adhesivas\/ambitos-de-aplicacion\/cinta-adhesiva-de-aluminio\/3m-435-436-433-431-427-425-doppelseitige-metallklebebaender\/#primaryimage"},"image":{"@id":"https:\/\/cardinal-tapes.com\/es\/cintas-adhesivas\/ambitos-de-aplicacion\/cinta-adhesiva-de-aluminio\/3m-435-436-433-431-427-425-doppelseitige-metallklebebaender\/#primaryimage"},"thumbnailUrl":"https:\/\/cardinal-tapes.com\/wp-content\/uploads\/3m_metallklebeband_425.jpg","datePublished":"2023-06-06T08:20:56+00:00","dateModified":"2025-07-07T14:55:09+00:00","description":"Nuestras cintas met\u00e1licas de doble cara, como la 3M 425, constan de un material de soporte de alta calidad y un adhesivo \u00f3ptimo. M\u00e1s informaci\u00f3n.","breadcrumb":{"@id":"https:\/\/cardinal-tapes.com\/es\/cintas-adhesivas\/ambitos-de-aplicacion\/cinta-adhesiva-de-aluminio\/3m-435-436-433-431-427-425-doppelseitige-metallklebebaender\/#breadcrumb"},"inLanguage":"es","potentialAction":[{"@type":"ReadAction","target":["https:\/\/cardinal-tapes.com\/es\/cintas-adhesivas\/ambitos-de-aplicacion\/cinta-adhesiva-de-aluminio\/3m-435-436-433-431-427-425-doppelseitige-metallklebebaender\/"]}]},{"@type":"ImageObject","inLanguage":"es","@id":"https:\/\/cardinal-tapes.com\/es\/cintas-adhesivas\/ambitos-de-aplicacion\/cinta-adhesiva-de-aluminio\/3m-435-436-433-431-427-425-doppelseitige-metallklebebaender\/#primaryimage","url":"https:\/\/cardinal-tapes.com\/wp-content\/uploads\/3m_metallklebeband_425.jpg","contentUrl":"https:\/\/cardinal-tapes.com\/wp-content\/uploads\/3m_metallklebeband_425.jpg","width":600,"height":600,"caption":"3M Cinta Met\u00e1lica 425"},{"@type":"BreadcrumbList","@id":"https:\/\/cardinal-tapes.com\/es\/cintas-adhesivas\/ambitos-de-aplicacion\/cinta-adhesiva-de-aluminio\/3m-435-436-433-431-427-425-doppelseitige-metallklebebaender\/#breadcrumb","itemListElement":[{"@type":"ListItem","position":1,"name":"Startseite","item":"https:\/\/cardinal-tapes.com\/es\/"},{"@type":"ListItem","position":2,"name":"Cintas adhesivas","item":"https:\/\/cardinal-tapes.com\/es\/cintas-adhesivas-es\/"},{"@type":"ListItem","position":3,"name":"\u00c1mbitos de aplicaci\u00f3n","item":"https:\/\/cardinal-tapes.com\/es\/categora\/ambitos-de-aplicacion\/"},{"@type":"ListItem","position":4,"name":"Cinta adhesiva de aluminio","item":"https:\/\/cardinal-tapes.com\/es\/categora\/cinta-adhesiva-de-aluminio\/"},{"@type":"ListItem","position":5,"name":"3M\u2122 425 427 431 433 435 436 Cintas Met\u00e1licas"}]},{"@type":"WebSite","@id":"https:\/\/cardinal-tapes.com\/#website","url":"https:\/\/cardinal-tapes.com\/","name":"cardinal TAPES","description":"Klebetechnik aus Wuppertal","potentialAction":[{"@type":"SearchAction","target":{"@type":"EntryPoint","urlTemplate":"https:\/\/cardinal-tapes.com\/?s={search_term_string}"},"query-input":{"@type":"PropertyValueSpecification","valueRequired":true,"valueName":"search_term_string"}}],"inLanguage":"es"}]}},"brands":[{"id":2169,"name":"3M","slug":"3m-es"}],"_links":{"self":[{"href":"https:\/\/cardinal-tapes.com\/es\/wp-json\/wp\/v2\/product\/62984","targetHints":{"allow":["GET"]}}],"collection":[{"href":"https:\/\/cardinal-tapes.com\/es\/wp-json\/wp\/v2\/product"}],"about":[{"href":"https:\/\/cardinal-tapes.com\/es\/wp-json\/wp\/v2\/types\/product"}],"wp:featuredmedia":[{"embeddable":true,"href":"https:\/\/cardinal-tapes.com\/es\/wp-json\/wp\/v2\/media\/24359"}],"wp:attachment":[{"href":"https:\/\/cardinal-tapes.com\/es\/wp-json\/wp\/v2\/media?parent=62984"}],"wp:term":[{"taxonomy":"pwb-brand","embeddable":true,"href":"https:\/\/cardinal-tapes.com\/es\/wp-json\/wp\/v2\/pwb-brand?post=62984"},{"taxonomy":"product_brand","embeddable":true,"href":"https:\/\/cardinal-tapes.com\/es\/wp-json\/wp\/v2\/product_brand?post=62984"},{"taxonomy":"product_cat","embeddable":true,"href":"https:\/\/cardinal-tapes.com\/es\/wp-json\/wp\/v2\/product_cat?post=62984"},{"taxonomy":"product_tag","embeddable":true,"href":"https:\/\/cardinal-tapes.com\/es\/wp-json\/wp\/v2\/product_tag?post=62984"}],"curies":[{"name":"wp","href":"https:\/\/api.w.org\/{rel}","templated":true}]}}