{"id":62981,"date":"2017-12-08T08:45:55","date_gmt":"2023-06-06T08:20:56","guid":{"rendered":"https:\/\/cardinal.pixel-tal.de\/klebebaender\/sin%20categor\u00eda\/3m-cinta-de-tejido-resistente-a-los-rayos-uv-8979\/"},"modified":"2025-07-11T09:02:53","modified_gmt":"2025-07-11T07:02:53","slug":"3m-8979-uv-cinta-adhesiva-de-tejido-resistente","status":"publish","type":"product","link":"https:\/\/cardinal-tapes.com\/es\/cintas-adhesivas\/cintas-adhesivas-de-una-cara\/3m-8979-uv-cinta-adhesiva-de-tejido-resistente\/","title":{"rendered":"3M\u2122 Cinta de tejido resistente a los rayos UV 8979"},"content":{"rendered":"<p>3M\u2122 Fabric Tape 8979 tiene una estructura \u00fanica para aplicaciones permanentes y temporales en interiores y exteriores. Puede retirarse de la mayor\u00eda de las superficies opacas sin dejar apenas restos de adhesivo hasta seis meses despu\u00e9s de su aplicaci\u00f3n.<br \/>\nLa cinta no vuelve a enrollarse al desenrollarla, lo que facilita su aplicaci\u00f3n. Es una opci\u00f3n excelente para aplicaciones en las que puede utilizarse para sellar cubiertas y cerrar manguitos.<\/p>\n<p><strong>Propiedades<\/strong><br \/>\nLa cinta adhesiva 8979 est\u00e1 formada por un tejido laminado con pel\u00edcula de polietileno y recubierto con adhesivo de caucho y se adapta a superficies irregulares y curvas. Gracias a su resistencia a los rayos UV, a la luz solar y a la intemperie, se adhiere hasta un a\u00f1o sin envejecer y tambi\u00e9n puede utilizarse a temperaturas de hasta 93 \u00b0C.<\/p>\n<p><strong>Aplicaciones<\/strong><br \/>\n&#8211; Uni\u00f3n y sellado de l\u00e1minas, paneles de pared y sistemas de tuber\u00edas de metal y pl\u00e1stico<br \/>\n&#8211; Para empalmar aislamientos, tuber\u00edas y paneles (efecto bisagra)<br \/>\n&#8211; Para empalmar l\u00e1minas para protegerlas durante el tratamiento o la descontaminaci\u00f3n<br \/>\n&#8211; Para envolver contenedores y tuber\u00edas<br \/>\n&#8211; Para sellar contenedores y reparar lonas<\/p>\n","protected":false},"excerpt":{"rendered":"<p>3M\u2122 Fabric Tape 8979 tiene una estructura \u00fanica para aplicaciones permanentes y temporales en interiores y exteriores. Puede retirarse de la mayor\u00eda de las superficies opacas sin dejar apenas restos de adhesivo hasta seis meses despu\u00e9s de su aplicaci\u00f3n. La cinta no vuelve a enrollarse al desenrollarla, lo que facilita su aplicaci\u00f3n. Es una opci\u00f3n [&hellip;]<\/p>\n","protected":false},"featured_media":24375,"template":"","meta":{"_acf_changed":false},"pwb-brand":[2169],"product_brand":[],"product_cat":[1806],"product_tag":[],"class_list":{"0":"post-62981","1":"product","2":"type-product","3":"status-publish","4":"has-post-thumbnail","6":"pwb-brand-3m-es","7":"product_cat-cintas-adhesivas-de-una-cara","9":"first","10":"instock","11":"taxable","12":"shipping-taxable","13":"purchasable","14":"product-type-simple"},"acf":[],"yoast_head":"<!-- This site is optimized with the Yoast SEO plugin v27.3 - https:\/\/yoast.com\/product\/yoast-seo-wordpress\/ -->\n<title>3M\u2122 8979 Cinta de tejido resistente a los rayos UV | Cardinal TAPES<\/title>\n<meta name=\"description\" content=\"La cinta adhesiva textil resistente a los rayos UV de 3M se caracteriza porque se puede utilizar muy bien tanto en interiores como en exteriores. M\u00e1s informaci\u00f3n.\" \/>\n<meta name=\"robots\" content=\"index, follow, max-snippet:-1, max-image-preview:large, max-video-preview:-1\" \/>\n<link rel=\"canonical\" href=\"https:\/\/cardinal-tapes.com\/es\/cintas-adhesivas\/cintas-adhesivas-de-una-cara\/3m-8979-uv-cinta-adhesiva-de-tejido-resistente\/\" \/>\n<meta property=\"og:locale\" content=\"es_ES\" \/>\n<meta property=\"og:type\" content=\"article\" \/>\n<meta property=\"og:title\" content=\"3M\u2122 8979 Cinta de tejido resistente a los rayos UV | Cardinal TAPES\" \/>\n<meta property=\"og:description\" content=\"La cinta adhesiva textil resistente a los rayos UV de 3M se caracteriza porque se puede utilizar muy bien tanto en interiores como en exteriores. M\u00e1s informaci\u00f3n.\" \/>\n<meta property=\"og:url\" content=\"https:\/\/cardinal-tapes.com\/es\/cintas-adhesivas\/cintas-adhesivas-de-una-cara\/3m-8979-uv-cinta-adhesiva-de-tejido-resistente\/\" \/>\n<meta property=\"og:site_name\" content=\"cardinal TAPES\" \/>\n<meta property=\"article:modified_time\" content=\"2025-07-11T07:02:53+00:00\" \/>\n<meta property=\"og:image\" content=\"https:\/\/cardinal-tapes.com\/wp-content\/uploads\/3m_uvbestaendig_gewebeklebeband_8979.jpg\" \/>\n\t<meta property=\"og:image:width\" content=\"600\" \/>\n\t<meta property=\"og:image:height\" content=\"600\" \/>\n\t<meta property=\"og:image:type\" content=\"image\/jpeg\" \/>\n<meta name=\"twitter:card\" content=\"summary_large_image\" \/>\n<meta name=\"twitter:label1\" content=\"Tiempo de lectura\" \/>\n\t<meta name=\"twitter:data1\" content=\"1 minuto\" \/>\n<script type=\"application\/ld+json\" class=\"yoast-schema-graph\">{\"@context\":\"https:\\\/\\\/schema.org\",\"@graph\":[{\"@type\":\"WebPage\",\"@id\":\"https:\\\/\\\/cardinal-tapes.com\\\/es\\\/cintas-adhesivas\\\/cintas-adhesivas-de-una-cara\\\/3m-8979-uv-cinta-adhesiva-de-tejido-resistente\\\/\",\"url\":\"https:\\\/\\\/cardinal-tapes.com\\\/es\\\/cintas-adhesivas\\\/cintas-adhesivas-de-una-cara\\\/3m-8979-uv-cinta-adhesiva-de-tejido-resistente\\\/\",\"name\":\"3M\u2122 8979 Cinta de tejido resistente a los rayos UV | Cardinal TAPES\",\"isPartOf\":{\"@id\":\"https:\\\/\\\/cardinal-tapes.com\\\/#website\"},\"primaryImageOfPage\":{\"@id\":\"https:\\\/\\\/cardinal-tapes.com\\\/es\\\/cintas-adhesivas\\\/cintas-adhesivas-de-una-cara\\\/3m-8979-uv-cinta-adhesiva-de-tejido-resistente\\\/#primaryimage\"},\"image\":{\"@id\":\"https:\\\/\\\/cardinal-tapes.com\\\/es\\\/cintas-adhesivas\\\/cintas-adhesivas-de-una-cara\\\/3m-8979-uv-cinta-adhesiva-de-tejido-resistente\\\/#primaryimage\"},\"thumbnailUrl\":\"https:\\\/\\\/cardinal-tapes.com\\\/wp-content\\\/uploads\\\/3m_uvbestaendig_gewebeklebeband_8979.jpg\",\"datePublished\":\"2023-06-06T08:20:56+00:00\",\"dateModified\":\"2025-07-11T07:02:53+00:00\",\"description\":\"La cinta adhesiva textil resistente a los rayos UV de 3M se caracteriza porque se puede utilizar muy bien tanto en interiores como en exteriores. M\u00e1s informaci\u00f3n.\",\"breadcrumb\":{\"@id\":\"https:\\\/\\\/cardinal-tapes.com\\\/es\\\/cintas-adhesivas\\\/cintas-adhesivas-de-una-cara\\\/3m-8979-uv-cinta-adhesiva-de-tejido-resistente\\\/#breadcrumb\"},\"inLanguage\":\"es\",\"potentialAction\":[{\"@type\":\"ReadAction\",\"target\":[\"https:\\\/\\\/cardinal-tapes.com\\\/es\\\/cintas-adhesivas\\\/cintas-adhesivas-de-una-cara\\\/3m-8979-uv-cinta-adhesiva-de-tejido-resistente\\\/\"]}]},{\"@type\":\"ImageObject\",\"inLanguage\":\"es\",\"@id\":\"https:\\\/\\\/cardinal-tapes.com\\\/es\\\/cintas-adhesivas\\\/cintas-adhesivas-de-una-cara\\\/3m-8979-uv-cinta-adhesiva-de-tejido-resistente\\\/#primaryimage\",\"url\":\"https:\\\/\\\/cardinal-tapes.com\\\/wp-content\\\/uploads\\\/3m_uvbestaendig_gewebeklebeband_8979.jpg\",\"contentUrl\":\"https:\\\/\\\/cardinal-tapes.com\\\/wp-content\\\/uploads\\\/3m_uvbestaendig_gewebeklebeband_8979.jpg\",\"width\":600,\"height\":600,\"caption\":\"3M Cinta adhesiva de tejido resistente a los rayos UV 8979\"},{\"@type\":\"BreadcrumbList\",\"@id\":\"https:\\\/\\\/cardinal-tapes.com\\\/es\\\/cintas-adhesivas\\\/cintas-adhesivas-de-una-cara\\\/3m-8979-uv-cinta-adhesiva-de-tejido-resistente\\\/#breadcrumb\",\"itemListElement\":[{\"@type\":\"ListItem\",\"position\":1,\"name\":\"Startseite\",\"item\":\"https:\\\/\\\/cardinal-tapes.com\\\/es\\\/\"},{\"@type\":\"ListItem\",\"position\":2,\"name\":\"Cintas adhesivas\",\"item\":\"https:\\\/\\\/cardinal-tapes.com\\\/es\\\/cintas-adhesivas-es\\\/\"},{\"@type\":\"ListItem\",\"position\":3,\"name\":\"Cintas adhesivas de una cara\",\"item\":\"https:\\\/\\\/cardinal-tapes.com\\\/es\\\/categora\\\/cintas-adhesivas-de-una-cara\\\/\"},{\"@type\":\"ListItem\",\"position\":4,\"name\":\"3M\u2122 Cinta de tejido resistente a los rayos UV 8979\"}]},{\"@type\":\"WebSite\",\"@id\":\"https:\\\/\\\/cardinal-tapes.com\\\/#website\",\"url\":\"https:\\\/\\\/cardinal-tapes.com\\\/\",\"name\":\"cardinal TAPES\",\"description\":\"Klebetechnik aus Wuppertal\",\"potentialAction\":[{\"@type\":\"SearchAction\",\"target\":{\"@type\":\"EntryPoint\",\"urlTemplate\":\"https:\\\/\\\/cardinal-tapes.com\\\/?s={search_term_string}\"},\"query-input\":{\"@type\":\"PropertyValueSpecification\",\"valueRequired\":true,\"valueName\":\"search_term_string\"}}],\"inLanguage\":\"es\"}]}<\/script>\n<!-- \/ Yoast SEO plugin. -->","yoast_head_json":{"title":"3M\u2122 8979 Cinta de tejido resistente a los rayos UV | Cardinal TAPES","description":"La cinta adhesiva textil resistente a los rayos UV de 3M se caracteriza porque se puede utilizar muy bien tanto en interiores como en exteriores. M\u00e1s informaci\u00f3n.","robots":{"index":"index","follow":"follow","max-snippet":"max-snippet:-1","max-image-preview":"max-image-preview:large","max-video-preview":"max-video-preview:-1"},"canonical":"https:\/\/cardinal-tapes.com\/es\/cintas-adhesivas\/cintas-adhesivas-de-una-cara\/3m-8979-uv-cinta-adhesiva-de-tejido-resistente\/","og_locale":"es_ES","og_type":"article","og_title":"3M\u2122 8979 Cinta de tejido resistente a los rayos UV | Cardinal TAPES","og_description":"La cinta adhesiva textil resistente a los rayos UV de 3M se caracteriza porque se puede utilizar muy bien tanto en interiores como en exteriores. M\u00e1s informaci\u00f3n.","og_url":"https:\/\/cardinal-tapes.com\/es\/cintas-adhesivas\/cintas-adhesivas-de-una-cara\/3m-8979-uv-cinta-adhesiva-de-tejido-resistente\/","og_site_name":"cardinal TAPES","article_modified_time":"2025-07-11T07:02:53+00:00","og_image":[{"width":600,"height":600,"url":"https:\/\/cardinal-tapes.com\/wp-content\/uploads\/3m_uvbestaendig_gewebeklebeband_8979.jpg","type":"image\/jpeg"}],"twitter_card":"summary_large_image","twitter_misc":{"Tiempo de lectura":"1 minuto"},"schema":{"@context":"https:\/\/schema.org","@graph":[{"@type":"WebPage","@id":"https:\/\/cardinal-tapes.com\/es\/cintas-adhesivas\/cintas-adhesivas-de-una-cara\/3m-8979-uv-cinta-adhesiva-de-tejido-resistente\/","url":"https:\/\/cardinal-tapes.com\/es\/cintas-adhesivas\/cintas-adhesivas-de-una-cara\/3m-8979-uv-cinta-adhesiva-de-tejido-resistente\/","name":"3M\u2122 8979 Cinta de tejido resistente a los rayos UV | Cardinal TAPES","isPartOf":{"@id":"https:\/\/cardinal-tapes.com\/#website"},"primaryImageOfPage":{"@id":"https:\/\/cardinal-tapes.com\/es\/cintas-adhesivas\/cintas-adhesivas-de-una-cara\/3m-8979-uv-cinta-adhesiva-de-tejido-resistente\/#primaryimage"},"image":{"@id":"https:\/\/cardinal-tapes.com\/es\/cintas-adhesivas\/cintas-adhesivas-de-una-cara\/3m-8979-uv-cinta-adhesiva-de-tejido-resistente\/#primaryimage"},"thumbnailUrl":"https:\/\/cardinal-tapes.com\/wp-content\/uploads\/3m_uvbestaendig_gewebeklebeband_8979.jpg","datePublished":"2023-06-06T08:20:56+00:00","dateModified":"2025-07-11T07:02:53+00:00","description":"La cinta adhesiva textil resistente a los rayos UV de 3M se caracteriza porque se puede utilizar muy bien tanto en interiores como en exteriores. M\u00e1s informaci\u00f3n.","breadcrumb":{"@id":"https:\/\/cardinal-tapes.com\/es\/cintas-adhesivas\/cintas-adhesivas-de-una-cara\/3m-8979-uv-cinta-adhesiva-de-tejido-resistente\/#breadcrumb"},"inLanguage":"es","potentialAction":[{"@type":"ReadAction","target":["https:\/\/cardinal-tapes.com\/es\/cintas-adhesivas\/cintas-adhesivas-de-una-cara\/3m-8979-uv-cinta-adhesiva-de-tejido-resistente\/"]}]},{"@type":"ImageObject","inLanguage":"es","@id":"https:\/\/cardinal-tapes.com\/es\/cintas-adhesivas\/cintas-adhesivas-de-una-cara\/3m-8979-uv-cinta-adhesiva-de-tejido-resistente\/#primaryimage","url":"https:\/\/cardinal-tapes.com\/wp-content\/uploads\/3m_uvbestaendig_gewebeklebeband_8979.jpg","contentUrl":"https:\/\/cardinal-tapes.com\/wp-content\/uploads\/3m_uvbestaendig_gewebeklebeband_8979.jpg","width":600,"height":600,"caption":"3M Cinta adhesiva de tejido resistente a los rayos UV 8979"},{"@type":"BreadcrumbList","@id":"https:\/\/cardinal-tapes.com\/es\/cintas-adhesivas\/cintas-adhesivas-de-una-cara\/3m-8979-uv-cinta-adhesiva-de-tejido-resistente\/#breadcrumb","itemListElement":[{"@type":"ListItem","position":1,"name":"Startseite","item":"https:\/\/cardinal-tapes.com\/es\/"},{"@type":"ListItem","position":2,"name":"Cintas adhesivas","item":"https:\/\/cardinal-tapes.com\/es\/cintas-adhesivas-es\/"},{"@type":"ListItem","position":3,"name":"Cintas adhesivas de una cara","item":"https:\/\/cardinal-tapes.com\/es\/categora\/cintas-adhesivas-de-una-cara\/"},{"@type":"ListItem","position":4,"name":"3M\u2122 Cinta de tejido resistente a los rayos UV 8979"}]},{"@type":"WebSite","@id":"https:\/\/cardinal-tapes.com\/#website","url":"https:\/\/cardinal-tapes.com\/","name":"cardinal TAPES","description":"Klebetechnik aus Wuppertal","potentialAction":[{"@type":"SearchAction","target":{"@type":"EntryPoint","urlTemplate":"https:\/\/cardinal-tapes.com\/?s={search_term_string}"},"query-input":{"@type":"PropertyValueSpecification","valueRequired":true,"valueName":"search_term_string"}}],"inLanguage":"es"}]}},"brands":[{"id":2169,"name":"3M","slug":"3m-es"}],"_links":{"self":[{"href":"https:\/\/cardinal-tapes.com\/es\/wp-json\/wp\/v2\/product\/62981","targetHints":{"allow":["GET"]}}],"collection":[{"href":"https:\/\/cardinal-tapes.com\/es\/wp-json\/wp\/v2\/product"}],"about":[{"href":"https:\/\/cardinal-tapes.com\/es\/wp-json\/wp\/v2\/types\/product"}],"wp:featuredmedia":[{"embeddable":true,"href":"https:\/\/cardinal-tapes.com\/es\/wp-json\/wp\/v2\/media\/24375"}],"wp:attachment":[{"href":"https:\/\/cardinal-tapes.com\/es\/wp-json\/wp\/v2\/media?parent=62981"}],"wp:term":[{"taxonomy":"pwb-brand","embeddable":true,"href":"https:\/\/cardinal-tapes.com\/es\/wp-json\/wp\/v2\/pwb-brand?post=62981"},{"taxonomy":"product_brand","embeddable":true,"href":"https:\/\/cardinal-tapes.com\/es\/wp-json\/wp\/v2\/product_brand?post=62981"},{"taxonomy":"product_cat","embeddable":true,"href":"https:\/\/cardinal-tapes.com\/es\/wp-json\/wp\/v2\/product_cat?post=62981"},{"taxonomy":"product_tag","embeddable":true,"href":"https:\/\/cardinal-tapes.com\/es\/wp-json\/wp\/v2\/product_tag?post=62981"}],"curies":[{"name":"wp","href":"https:\/\/api.w.org\/{rel}","templated":true}]}}