{"id":62383,"date":"2017-12-08T09:05:07","date_gmt":"2023-06-06T08:20:34","guid":{"rendered":"https:\/\/cardinal.pixel-tal.de\/klebebaender\/sin%20categor\u00eda\/3m-cinta-de-enmascarar-501e\/"},"modified":"2025-07-03T16:24:05","modified_gmt":"2025-07-03T14:24:05","slug":"3m-cinta-de-enmascarar-501e","status":"publish","type":"product","link":"https:\/\/cardinal-tapes.com\/es\/cintas-adhesivas\/ambitos-de-aplicacion\/industria-del-automovil\/3m-cinta-de-enmascarar-501e\/","title":{"rendered":"3M\u2122 cinta de enmascarar 501E"},"content":{"rendered":"<p>La cinta de enmascarar 3M\u2122 501E es \u00f3ptima para procesos de secado a alta temperatura gracias a sus propiedades especiales. El revestimiento especial del dorso garantiza un laminado controlado y puede ayudarle a reducir los residuos.<\/p>\n<p><strong>Propiedades<\/strong><br \/>\nLa cinta adhesiva 501E es una cinta de enmascarar resistente a los rayos infrarrojos y UV que puede exponerse a altas temperaturas de hasta 160\u00b0C. Esto convierte a la cinta de enmascarar 3M\u2122 501E en el ayudante perfecto cuando se trata de aplicaciones con altas temperaturas. Adem\u00e1s, el soporte de papel crepado de la 3M\u2122 501E permite arrancarla f\u00e1cilmente manteniendo una buena rasgabilidad.<\/p>\n<p><strong>Aplicaciones<\/strong><br \/>\n&#8211; Para enmascarar durante trabajos de pintura de alta calidad en automoci\u00f3n y otras industrias<br \/>\n&#8211; Adecuado para curado por infrarrojos\/UV y para ciclos de secado al horno<br \/>\n&#8211; Para sistemas de secado al horno y para calentadores infrarrojos o radiantes<\/p>\n<p>&nbsp;<\/p>\n","protected":false},"excerpt":{"rendered":"<p>La cinta de enmascarar 3M\u2122 501E es \u00f3ptima para procesos de secado a alta temperatura gracias a sus propiedades especiales. El revestimiento especial del dorso garantiza un laminado controlado y puede ayudarle a reducir los residuos. Propiedades La cinta adhesiva 501E es una cinta de enmascarar resistente a los rayos infrarrojos y UV que puede [&hellip;]<\/p>\n","protected":false},"featured_media":24331,"template":"","meta":{"_acf_changed":false},"pwb-brand":[2169],"product_brand":[],"product_cat":[1697,1796,1806],"product_tag":[],"class_list":{"0":"post-62383","1":"product","2":"type-product","3":"status-publish","4":"has-post-thumbnail","6":"pwb-brand-3m-es","7":"product_cat-industria-del-automovil","8":"product_cat-cinta-de-papel","9":"product_cat-cintas-adhesivas-de-una-cara","11":"first","12":"instock","13":"taxable","14":"shipping-taxable","15":"purchasable","16":"product-type-variable"},"acf":[],"yoast_head":"<!-- This site is optimized with the Yoast SEO plugin v27.3 - https:\/\/yoast.com\/product\/yoast-seo-wordpress\/ -->\n<title>3M\u2122 501E Cinta de Enmascarar | Cardinal TAPES<\/title>\n<meta name=\"description\" content=\"La cinta de enmascarar 3M 501E es id\u00f3nea para procesos de secado a alta temperatura gracias a sus propiedades especiales. M\u00e1s informaci\u00f3n.\" \/>\n<meta name=\"robots\" content=\"index, follow, max-snippet:-1, max-image-preview:large, max-video-preview:-1\" \/>\n<link rel=\"canonical\" href=\"https:\/\/cardinal-tapes.com\/es\/cintas-adhesivas\/ambitos-de-aplicacion\/industria-del-automovil\/3m-cinta-de-enmascarar-501e\/\" \/>\n<meta property=\"og:locale\" content=\"es_ES\" \/>\n<meta property=\"og:type\" content=\"article\" \/>\n<meta property=\"og:title\" content=\"3M\u2122 501E Cinta de Enmascarar | Cardinal TAPES\" \/>\n<meta property=\"og:description\" content=\"La cinta de enmascarar 3M 501E es id\u00f3nea para procesos de secado a alta temperatura gracias a sus propiedades especiales. M\u00e1s informaci\u00f3n.\" \/>\n<meta property=\"og:url\" content=\"https:\/\/cardinal-tapes.com\/es\/cintas-adhesivas\/ambitos-de-aplicacion\/industria-del-automovil\/3m-cinta-de-enmascarar-501e\/\" \/>\n<meta property=\"og:site_name\" content=\"cardinal TAPES\" \/>\n<meta property=\"article:modified_time\" content=\"2025-07-03T14:24:05+00:00\" \/>\n<meta property=\"og:image\" content=\"https:\/\/cardinal-tapes.com\/wp-content\/uploads\/3m_kreppklebeband_501e.jpg\" \/>\n\t<meta property=\"og:image:width\" content=\"600\" \/>\n\t<meta property=\"og:image:height\" content=\"600\" \/>\n\t<meta property=\"og:image:type\" content=\"image\/jpeg\" \/>\n<meta name=\"twitter:card\" content=\"summary_large_image\" \/>\n<meta name=\"twitter:label1\" content=\"Tiempo de lectura\" \/>\n\t<meta name=\"twitter:data1\" content=\"1 minuto\" \/>\n<script type=\"application\/ld+json\" class=\"yoast-schema-graph\">{\"@context\":\"https:\\\/\\\/schema.org\",\"@graph\":[{\"@type\":\"WebPage\",\"@id\":\"https:\\\/\\\/cardinal-tapes.com\\\/es\\\/cintas-adhesivas\\\/ambitos-de-aplicacion\\\/industria-del-automovil\\\/3m-cinta-de-enmascarar-501e\\\/\",\"url\":\"https:\\\/\\\/cardinal-tapes.com\\\/es\\\/cintas-adhesivas\\\/ambitos-de-aplicacion\\\/industria-del-automovil\\\/3m-cinta-de-enmascarar-501e\\\/\",\"name\":\"3M\u2122 501E Cinta de Enmascarar | Cardinal TAPES\",\"isPartOf\":{\"@id\":\"https:\\\/\\\/cardinal-tapes.com\\\/#website\"},\"primaryImageOfPage\":{\"@id\":\"https:\\\/\\\/cardinal-tapes.com\\\/es\\\/cintas-adhesivas\\\/ambitos-de-aplicacion\\\/industria-del-automovil\\\/3m-cinta-de-enmascarar-501e\\\/#primaryimage\"},\"image\":{\"@id\":\"https:\\\/\\\/cardinal-tapes.com\\\/es\\\/cintas-adhesivas\\\/ambitos-de-aplicacion\\\/industria-del-automovil\\\/3m-cinta-de-enmascarar-501e\\\/#primaryimage\"},\"thumbnailUrl\":\"https:\\\/\\\/cardinal-tapes.com\\\/wp-content\\\/uploads\\\/3m_kreppklebeband_501e.jpg\",\"datePublished\":\"2023-06-06T08:20:34+00:00\",\"dateModified\":\"2025-07-03T14:24:05+00:00\",\"description\":\"La cinta de enmascarar 3M 501E es id\u00f3nea para procesos de secado a alta temperatura gracias a sus propiedades especiales. M\u00e1s informaci\u00f3n.\",\"breadcrumb\":{\"@id\":\"https:\\\/\\\/cardinal-tapes.com\\\/es\\\/cintas-adhesivas\\\/ambitos-de-aplicacion\\\/industria-del-automovil\\\/3m-cinta-de-enmascarar-501e\\\/#breadcrumb\"},\"inLanguage\":\"es\",\"potentialAction\":[{\"@type\":\"ReadAction\",\"target\":[\"https:\\\/\\\/cardinal-tapes.com\\\/es\\\/cintas-adhesivas\\\/ambitos-de-aplicacion\\\/industria-del-automovil\\\/3m-cinta-de-enmascarar-501e\\\/\"]}]},{\"@type\":\"ImageObject\",\"inLanguage\":\"es\",\"@id\":\"https:\\\/\\\/cardinal-tapes.com\\\/es\\\/cintas-adhesivas\\\/ambitos-de-aplicacion\\\/industria-del-automovil\\\/3m-cinta-de-enmascarar-501e\\\/#primaryimage\",\"url\":\"https:\\\/\\\/cardinal-tapes.com\\\/wp-content\\\/uploads\\\/3m_kreppklebeband_501e.jpg\",\"contentUrl\":\"https:\\\/\\\/cardinal-tapes.com\\\/wp-content\\\/uploads\\\/3m_kreppklebeband_501e.jpg\",\"width\":600,\"height\":600,\"caption\":\"Cinta adhesiva 3M 501e\"},{\"@type\":\"BreadcrumbList\",\"@id\":\"https:\\\/\\\/cardinal-tapes.com\\\/es\\\/cintas-adhesivas\\\/ambitos-de-aplicacion\\\/industria-del-automovil\\\/3m-cinta-de-enmascarar-501e\\\/#breadcrumb\",\"itemListElement\":[{\"@type\":\"ListItem\",\"position\":1,\"name\":\"Startseite\",\"item\":\"https:\\\/\\\/cardinal-tapes.com\\\/es\\\/\"},{\"@type\":\"ListItem\",\"position\":2,\"name\":\"Cintas adhesivas\",\"item\":\"https:\\\/\\\/cardinal-tapes.com\\\/es\\\/cintas-adhesivas-es\\\/\"},{\"@type\":\"ListItem\",\"position\":3,\"name\":\"\u00c1mbitos de aplicaci\u00f3n\",\"item\":\"https:\\\/\\\/cardinal-tapes.com\\\/es\\\/categora\\\/ambitos-de-aplicacion\\\/\"},{\"@type\":\"ListItem\",\"position\":4,\"name\":\"Industria del autom\u00f3vil\",\"item\":\"https:\\\/\\\/cardinal-tapes.com\\\/es\\\/categora\\\/industria-del-automovil\\\/\"},{\"@type\":\"ListItem\",\"position\":5,\"name\":\"3M\u2122 cinta de enmascarar 501E\"}]},{\"@type\":\"WebSite\",\"@id\":\"https:\\\/\\\/cardinal-tapes.com\\\/#website\",\"url\":\"https:\\\/\\\/cardinal-tapes.com\\\/\",\"name\":\"cardinal TAPES\",\"description\":\"Klebetechnik aus Wuppertal\",\"potentialAction\":[{\"@type\":\"SearchAction\",\"target\":{\"@type\":\"EntryPoint\",\"urlTemplate\":\"https:\\\/\\\/cardinal-tapes.com\\\/?s={search_term_string}\"},\"query-input\":{\"@type\":\"PropertyValueSpecification\",\"valueRequired\":true,\"valueName\":\"search_term_string\"}}],\"inLanguage\":\"es\"}]}<\/script>\n<!-- \/ Yoast SEO plugin. -->","yoast_head_json":{"title":"3M\u2122 501E Cinta de Enmascarar | Cardinal TAPES","description":"La cinta de enmascarar 3M 501E es id\u00f3nea para procesos de secado a alta temperatura gracias a sus propiedades especiales. M\u00e1s informaci\u00f3n.","robots":{"index":"index","follow":"follow","max-snippet":"max-snippet:-1","max-image-preview":"max-image-preview:large","max-video-preview":"max-video-preview:-1"},"canonical":"https:\/\/cardinal-tapes.com\/es\/cintas-adhesivas\/ambitos-de-aplicacion\/industria-del-automovil\/3m-cinta-de-enmascarar-501e\/","og_locale":"es_ES","og_type":"article","og_title":"3M\u2122 501E Cinta de Enmascarar | Cardinal TAPES","og_description":"La cinta de enmascarar 3M 501E es id\u00f3nea para procesos de secado a alta temperatura gracias a sus propiedades especiales. M\u00e1s informaci\u00f3n.","og_url":"https:\/\/cardinal-tapes.com\/es\/cintas-adhesivas\/ambitos-de-aplicacion\/industria-del-automovil\/3m-cinta-de-enmascarar-501e\/","og_site_name":"cardinal TAPES","article_modified_time":"2025-07-03T14:24:05+00:00","og_image":[{"width":600,"height":600,"url":"https:\/\/cardinal-tapes.com\/wp-content\/uploads\/3m_kreppklebeband_501e.jpg","type":"image\/jpeg"}],"twitter_card":"summary_large_image","twitter_misc":{"Tiempo de lectura":"1 minuto"},"schema":{"@context":"https:\/\/schema.org","@graph":[{"@type":"WebPage","@id":"https:\/\/cardinal-tapes.com\/es\/cintas-adhesivas\/ambitos-de-aplicacion\/industria-del-automovil\/3m-cinta-de-enmascarar-501e\/","url":"https:\/\/cardinal-tapes.com\/es\/cintas-adhesivas\/ambitos-de-aplicacion\/industria-del-automovil\/3m-cinta-de-enmascarar-501e\/","name":"3M\u2122 501E Cinta de Enmascarar | Cardinal TAPES","isPartOf":{"@id":"https:\/\/cardinal-tapes.com\/#website"},"primaryImageOfPage":{"@id":"https:\/\/cardinal-tapes.com\/es\/cintas-adhesivas\/ambitos-de-aplicacion\/industria-del-automovil\/3m-cinta-de-enmascarar-501e\/#primaryimage"},"image":{"@id":"https:\/\/cardinal-tapes.com\/es\/cintas-adhesivas\/ambitos-de-aplicacion\/industria-del-automovil\/3m-cinta-de-enmascarar-501e\/#primaryimage"},"thumbnailUrl":"https:\/\/cardinal-tapes.com\/wp-content\/uploads\/3m_kreppklebeband_501e.jpg","datePublished":"2023-06-06T08:20:34+00:00","dateModified":"2025-07-03T14:24:05+00:00","description":"La cinta de enmascarar 3M 501E es id\u00f3nea para procesos de secado a alta temperatura gracias a sus propiedades especiales. M\u00e1s informaci\u00f3n.","breadcrumb":{"@id":"https:\/\/cardinal-tapes.com\/es\/cintas-adhesivas\/ambitos-de-aplicacion\/industria-del-automovil\/3m-cinta-de-enmascarar-501e\/#breadcrumb"},"inLanguage":"es","potentialAction":[{"@type":"ReadAction","target":["https:\/\/cardinal-tapes.com\/es\/cintas-adhesivas\/ambitos-de-aplicacion\/industria-del-automovil\/3m-cinta-de-enmascarar-501e\/"]}]},{"@type":"ImageObject","inLanguage":"es","@id":"https:\/\/cardinal-tapes.com\/es\/cintas-adhesivas\/ambitos-de-aplicacion\/industria-del-automovil\/3m-cinta-de-enmascarar-501e\/#primaryimage","url":"https:\/\/cardinal-tapes.com\/wp-content\/uploads\/3m_kreppklebeband_501e.jpg","contentUrl":"https:\/\/cardinal-tapes.com\/wp-content\/uploads\/3m_kreppklebeband_501e.jpg","width":600,"height":600,"caption":"Cinta adhesiva 3M 501e"},{"@type":"BreadcrumbList","@id":"https:\/\/cardinal-tapes.com\/es\/cintas-adhesivas\/ambitos-de-aplicacion\/industria-del-automovil\/3m-cinta-de-enmascarar-501e\/#breadcrumb","itemListElement":[{"@type":"ListItem","position":1,"name":"Startseite","item":"https:\/\/cardinal-tapes.com\/es\/"},{"@type":"ListItem","position":2,"name":"Cintas adhesivas","item":"https:\/\/cardinal-tapes.com\/es\/cintas-adhesivas-es\/"},{"@type":"ListItem","position":3,"name":"\u00c1mbitos de aplicaci\u00f3n","item":"https:\/\/cardinal-tapes.com\/es\/categora\/ambitos-de-aplicacion\/"},{"@type":"ListItem","position":4,"name":"Industria del autom\u00f3vil","item":"https:\/\/cardinal-tapes.com\/es\/categora\/industria-del-automovil\/"},{"@type":"ListItem","position":5,"name":"3M\u2122 cinta de enmascarar 501E"}]},{"@type":"WebSite","@id":"https:\/\/cardinal-tapes.com\/#website","url":"https:\/\/cardinal-tapes.com\/","name":"cardinal TAPES","description":"Klebetechnik aus Wuppertal","potentialAction":[{"@type":"SearchAction","target":{"@type":"EntryPoint","urlTemplate":"https:\/\/cardinal-tapes.com\/?s={search_term_string}"},"query-input":{"@type":"PropertyValueSpecification","valueRequired":true,"valueName":"search_term_string"}}],"inLanguage":"es"}]}},"brands":[{"id":2169,"name":"3M","slug":"3m-es"}],"_links":{"self":[{"href":"https:\/\/cardinal-tapes.com\/es\/wp-json\/wp\/v2\/product\/62383","targetHints":{"allow":["GET"]}}],"collection":[{"href":"https:\/\/cardinal-tapes.com\/es\/wp-json\/wp\/v2\/product"}],"about":[{"href":"https:\/\/cardinal-tapes.com\/es\/wp-json\/wp\/v2\/types\/product"}],"wp:featuredmedia":[{"embeddable":true,"href":"https:\/\/cardinal-tapes.com\/es\/wp-json\/wp\/v2\/media\/24331"}],"wp:attachment":[{"href":"https:\/\/cardinal-tapes.com\/es\/wp-json\/wp\/v2\/media?parent=62383"}],"wp:term":[{"taxonomy":"pwb-brand","embeddable":true,"href":"https:\/\/cardinal-tapes.com\/es\/wp-json\/wp\/v2\/pwb-brand?post=62383"},{"taxonomy":"product_brand","embeddable":true,"href":"https:\/\/cardinal-tapes.com\/es\/wp-json\/wp\/v2\/product_brand?post=62383"},{"taxonomy":"product_cat","embeddable":true,"href":"https:\/\/cardinal-tapes.com\/es\/wp-json\/wp\/v2\/product_cat?post=62383"},{"taxonomy":"product_tag","embeddable":true,"href":"https:\/\/cardinal-tapes.com\/es\/wp-json\/wp\/v2\/product_tag?post=62383"}],"curies":[{"name":"wp","href":"https:\/\/api.w.org\/{rel}","templated":true}]}}