{"id":62381,"date":"2017-12-08T09:09:58","date_gmt":"2023-06-06T08:20:34","guid":{"rendered":"https:\/\/cardinal.pixel-tal.de\/klebebaender\/sin%20categor\u00eda\/3m-cinta-de-enmascarar-2321\/"},"modified":"2025-07-03T16:27:13","modified_gmt":"2025-07-03T14:27:13","slug":"cinta-adhesiva-de-3-m-2321","status":"publish","type":"product","link":"https:\/\/cardinal-tapes.com\/es\/cintas-adhesivas\/ambitos-de-aplicacion\/cinta-de-papel\/cinta-adhesiva-de-3-m-2321\/","title":{"rendered":"3M\u2122 Cinta de enmascarar 2321"},"content":{"rendered":"<p>La cinta de papel 3M\u2122 Scotch 2321 es de pliegue fino y color beige y se utiliza para fines generales de enmascaramiento y sujeci\u00f3n en la industria. Las aplicaciones t\u00edpicas de la cinta adhesiva Scotch 2321 son trabajos cortos de pintura, montaje y otros. La particularidad de esta cinta adhesiva es que, a pesar de su escaso grosor, es muy resistente al desgarro. Otras ventajas son la buena adherencia inmediata, la f\u00e1cil manipulaci\u00f3n y la buena resistencia a los disolventes. Anchuras de rollo disponibles bajo pedido.<\/p>\n<p><strong>Propiedades<\/strong><br \/>\n&#8211; Buena adherencia inmediata<br \/>\n&#8211; F\u00e1cil manipulaci\u00f3n<br \/>\n&#8211; Buena resistencia a los disolventes<\/p>\n<p><strong>Aplicaciones<\/strong><br \/>\n&#8211; Para enmascarar y sujetar en general, as\u00ed como para sellar y empaquetar<\/p>\n","protected":false},"excerpt":{"rendered":"<p>La cinta de papel 3M\u2122 Scotch 2321 es de pliegue fino y color beige y se utiliza para fines generales de enmascaramiento y sujeci\u00f3n en la industria. Las aplicaciones t\u00edpicas de la cinta adhesiva Scotch 2321 son trabajos cortos de pintura, montaje y otros. La particularidad de esta cinta adhesiva es que, a pesar de [&hellip;]<\/p>\n","protected":false},"featured_media":26775,"template":"","meta":{"_acf_changed":false},"pwb-brand":[2169],"product_brand":[],"product_cat":[1796,1806],"product_tag":[],"class_list":{"0":"post-62381","1":"product","2":"type-product","3":"status-publish","4":"has-post-thumbnail","6":"pwb-brand-3m-es","7":"product_cat-cinta-de-papel","8":"product_cat-cintas-adhesivas-de-una-cara","10":"first","11":"instock","12":"taxable","13":"shipping-taxable","14":"purchasable","15":"product-type-variable"},"acf":[],"yoast_head":"<!-- This site is optimized with the Yoast SEO plugin v27.3 - https:\/\/yoast.com\/product\/yoast-seo-wordpress\/ -->\n<title>3M Cinta Adhesiva 2321 | Cardinal TAPES<\/title>\n<meta name=\"description\" content=\"La cinta de papel Scotch 2321 es de crep\u00e9 fino y color beige y se utiliza para enmascarar y sujetar en general en la industria. M\u00e1s informaci\u00f3n.\" \/>\n<meta name=\"robots\" content=\"index, follow, max-snippet:-1, max-image-preview:large, max-video-preview:-1\" \/>\n<link rel=\"canonical\" href=\"https:\/\/cardinal-tapes.com\/es\/cintas-adhesivas\/ambitos-de-aplicacion\/cinta-de-papel\/cinta-adhesiva-de-3-m-2321\/\" \/>\n<meta property=\"og:locale\" content=\"es_ES\" \/>\n<meta property=\"og:type\" content=\"article\" \/>\n<meta property=\"og:title\" content=\"3M Cinta Adhesiva 2321 | Cardinal TAPES\" \/>\n<meta property=\"og:description\" content=\"La cinta de papel Scotch 2321 es de crep\u00e9 fino y color beige y se utiliza para enmascarar y sujetar en general en la industria. M\u00e1s informaci\u00f3n.\" \/>\n<meta property=\"og:url\" content=\"https:\/\/cardinal-tapes.com\/es\/cintas-adhesivas\/ambitos-de-aplicacion\/cinta-de-papel\/cinta-adhesiva-de-3-m-2321\/\" \/>\n<meta property=\"og:site_name\" content=\"cardinal TAPES\" \/>\n<meta property=\"article:modified_time\" content=\"2025-07-03T14:27:13+00:00\" \/>\n<meta property=\"og:image\" content=\"https:\/\/cardinal-tapes.com\/wp-content\/uploads\/scotch-malerband-2321.jpg\" \/>\n\t<meta property=\"og:image:width\" content=\"353\" \/>\n\t<meta property=\"og:image:height\" content=\"400\" \/>\n\t<meta property=\"og:image:type\" content=\"image\/jpeg\" \/>\n<meta name=\"twitter:card\" content=\"summary_large_image\" \/>\n<meta name=\"twitter:label1\" content=\"Tiempo de lectura\" \/>\n\t<meta name=\"twitter:data1\" content=\"1 minuto\" \/>\n<script type=\"application\/ld+json\" class=\"yoast-schema-graph\">{\"@context\":\"https:\\\/\\\/schema.org\",\"@graph\":[{\"@type\":\"WebPage\",\"@id\":\"https:\\\/\\\/cardinal-tapes.com\\\/es\\\/cintas-adhesivas\\\/ambitos-de-aplicacion\\\/cinta-de-papel\\\/cinta-adhesiva-de-3-m-2321\\\/\",\"url\":\"https:\\\/\\\/cardinal-tapes.com\\\/es\\\/cintas-adhesivas\\\/ambitos-de-aplicacion\\\/cinta-de-papel\\\/cinta-adhesiva-de-3-m-2321\\\/\",\"name\":\"3M Cinta Adhesiva 2321 | Cardinal TAPES\",\"isPartOf\":{\"@id\":\"https:\\\/\\\/cardinal-tapes.com\\\/#website\"},\"primaryImageOfPage\":{\"@id\":\"https:\\\/\\\/cardinal-tapes.com\\\/es\\\/cintas-adhesivas\\\/ambitos-de-aplicacion\\\/cinta-de-papel\\\/cinta-adhesiva-de-3-m-2321\\\/#primaryimage\"},\"image\":{\"@id\":\"https:\\\/\\\/cardinal-tapes.com\\\/es\\\/cintas-adhesivas\\\/ambitos-de-aplicacion\\\/cinta-de-papel\\\/cinta-adhesiva-de-3-m-2321\\\/#primaryimage\"},\"thumbnailUrl\":\"https:\\\/\\\/cardinal-tapes.com\\\/wp-content\\\/uploads\\\/scotch-malerband-2321.jpg\",\"datePublished\":\"2023-06-06T08:20:34+00:00\",\"dateModified\":\"2025-07-03T14:27:13+00:00\",\"description\":\"La cinta de papel Scotch 2321 es de crep\u00e9 fino y color beige y se utiliza para enmascarar y sujetar en general en la industria. M\u00e1s informaci\u00f3n.\",\"breadcrumb\":{\"@id\":\"https:\\\/\\\/cardinal-tapes.com\\\/es\\\/cintas-adhesivas\\\/ambitos-de-aplicacion\\\/cinta-de-papel\\\/cinta-adhesiva-de-3-m-2321\\\/#breadcrumb\"},\"inLanguage\":\"es\",\"potentialAction\":[{\"@type\":\"ReadAction\",\"target\":[\"https:\\\/\\\/cardinal-tapes.com\\\/es\\\/cintas-adhesivas\\\/ambitos-de-aplicacion\\\/cinta-de-papel\\\/cinta-adhesiva-de-3-m-2321\\\/\"]}]},{\"@type\":\"ImageObject\",\"inLanguage\":\"es\",\"@id\":\"https:\\\/\\\/cardinal-tapes.com\\\/es\\\/cintas-adhesivas\\\/ambitos-de-aplicacion\\\/cinta-de-papel\\\/cinta-adhesiva-de-3-m-2321\\\/#primaryimage\",\"url\":\"https:\\\/\\\/cardinal-tapes.com\\\/wp-content\\\/uploads\\\/scotch-malerband-2321.jpg\",\"contentUrl\":\"https:\\\/\\\/cardinal-tapes.com\\\/wp-content\\\/uploads\\\/scotch-malerband-2321.jpg\",\"width\":353,\"height\":400,\"caption\":\"scotch-painter-tape-2321\"},{\"@type\":\"BreadcrumbList\",\"@id\":\"https:\\\/\\\/cardinal-tapes.com\\\/es\\\/cintas-adhesivas\\\/ambitos-de-aplicacion\\\/cinta-de-papel\\\/cinta-adhesiva-de-3-m-2321\\\/#breadcrumb\",\"itemListElement\":[{\"@type\":\"ListItem\",\"position\":1,\"name\":\"Startseite\",\"item\":\"https:\\\/\\\/cardinal-tapes.com\\\/es\\\/\"},{\"@type\":\"ListItem\",\"position\":2,\"name\":\"Cintas adhesivas\",\"item\":\"https:\\\/\\\/cardinal-tapes.com\\\/es\\\/cintas-adhesivas-es\\\/\"},{\"@type\":\"ListItem\",\"position\":3,\"name\":\"\u00c1mbitos de aplicaci\u00f3n\",\"item\":\"https:\\\/\\\/cardinal-tapes.com\\\/es\\\/categora\\\/ambitos-de-aplicacion\\\/\"},{\"@type\":\"ListItem\",\"position\":4,\"name\":\"Cinta de papel\",\"item\":\"https:\\\/\\\/cardinal-tapes.com\\\/es\\\/categora\\\/cinta-de-papel\\\/\"},{\"@type\":\"ListItem\",\"position\":5,\"name\":\"3M\u2122 Cinta de enmascarar 2321\"}]},{\"@type\":\"WebSite\",\"@id\":\"https:\\\/\\\/cardinal-tapes.com\\\/#website\",\"url\":\"https:\\\/\\\/cardinal-tapes.com\\\/\",\"name\":\"cardinal TAPES\",\"description\":\"Klebetechnik aus Wuppertal\",\"potentialAction\":[{\"@type\":\"SearchAction\",\"target\":{\"@type\":\"EntryPoint\",\"urlTemplate\":\"https:\\\/\\\/cardinal-tapes.com\\\/?s={search_term_string}\"},\"query-input\":{\"@type\":\"PropertyValueSpecification\",\"valueRequired\":true,\"valueName\":\"search_term_string\"}}],\"inLanguage\":\"es\"}]}<\/script>\n<!-- \/ Yoast SEO plugin. -->","yoast_head_json":{"title":"3M Cinta Adhesiva 2321 | Cardinal TAPES","description":"La cinta de papel Scotch 2321 es de crep\u00e9 fino y color beige y se utiliza para enmascarar y sujetar en general en la industria. M\u00e1s informaci\u00f3n.","robots":{"index":"index","follow":"follow","max-snippet":"max-snippet:-1","max-image-preview":"max-image-preview:large","max-video-preview":"max-video-preview:-1"},"canonical":"https:\/\/cardinal-tapes.com\/es\/cintas-adhesivas\/ambitos-de-aplicacion\/cinta-de-papel\/cinta-adhesiva-de-3-m-2321\/","og_locale":"es_ES","og_type":"article","og_title":"3M Cinta Adhesiva 2321 | Cardinal TAPES","og_description":"La cinta de papel Scotch 2321 es de crep\u00e9 fino y color beige y se utiliza para enmascarar y sujetar en general en la industria. M\u00e1s informaci\u00f3n.","og_url":"https:\/\/cardinal-tapes.com\/es\/cintas-adhesivas\/ambitos-de-aplicacion\/cinta-de-papel\/cinta-adhesiva-de-3-m-2321\/","og_site_name":"cardinal TAPES","article_modified_time":"2025-07-03T14:27:13+00:00","og_image":[{"width":353,"height":400,"url":"https:\/\/cardinal-tapes.com\/wp-content\/uploads\/scotch-malerband-2321.jpg","type":"image\/jpeg"}],"twitter_card":"summary_large_image","twitter_misc":{"Tiempo de lectura":"1 minuto"},"schema":{"@context":"https:\/\/schema.org","@graph":[{"@type":"WebPage","@id":"https:\/\/cardinal-tapes.com\/es\/cintas-adhesivas\/ambitos-de-aplicacion\/cinta-de-papel\/cinta-adhesiva-de-3-m-2321\/","url":"https:\/\/cardinal-tapes.com\/es\/cintas-adhesivas\/ambitos-de-aplicacion\/cinta-de-papel\/cinta-adhesiva-de-3-m-2321\/","name":"3M Cinta Adhesiva 2321 | Cardinal TAPES","isPartOf":{"@id":"https:\/\/cardinal-tapes.com\/#website"},"primaryImageOfPage":{"@id":"https:\/\/cardinal-tapes.com\/es\/cintas-adhesivas\/ambitos-de-aplicacion\/cinta-de-papel\/cinta-adhesiva-de-3-m-2321\/#primaryimage"},"image":{"@id":"https:\/\/cardinal-tapes.com\/es\/cintas-adhesivas\/ambitos-de-aplicacion\/cinta-de-papel\/cinta-adhesiva-de-3-m-2321\/#primaryimage"},"thumbnailUrl":"https:\/\/cardinal-tapes.com\/wp-content\/uploads\/scotch-malerband-2321.jpg","datePublished":"2023-06-06T08:20:34+00:00","dateModified":"2025-07-03T14:27:13+00:00","description":"La cinta de papel Scotch 2321 es de crep\u00e9 fino y color beige y se utiliza para enmascarar y sujetar en general en la industria. M\u00e1s informaci\u00f3n.","breadcrumb":{"@id":"https:\/\/cardinal-tapes.com\/es\/cintas-adhesivas\/ambitos-de-aplicacion\/cinta-de-papel\/cinta-adhesiva-de-3-m-2321\/#breadcrumb"},"inLanguage":"es","potentialAction":[{"@type":"ReadAction","target":["https:\/\/cardinal-tapes.com\/es\/cintas-adhesivas\/ambitos-de-aplicacion\/cinta-de-papel\/cinta-adhesiva-de-3-m-2321\/"]}]},{"@type":"ImageObject","inLanguage":"es","@id":"https:\/\/cardinal-tapes.com\/es\/cintas-adhesivas\/ambitos-de-aplicacion\/cinta-de-papel\/cinta-adhesiva-de-3-m-2321\/#primaryimage","url":"https:\/\/cardinal-tapes.com\/wp-content\/uploads\/scotch-malerband-2321.jpg","contentUrl":"https:\/\/cardinal-tapes.com\/wp-content\/uploads\/scotch-malerband-2321.jpg","width":353,"height":400,"caption":"scotch-painter-tape-2321"},{"@type":"BreadcrumbList","@id":"https:\/\/cardinal-tapes.com\/es\/cintas-adhesivas\/ambitos-de-aplicacion\/cinta-de-papel\/cinta-adhesiva-de-3-m-2321\/#breadcrumb","itemListElement":[{"@type":"ListItem","position":1,"name":"Startseite","item":"https:\/\/cardinal-tapes.com\/es\/"},{"@type":"ListItem","position":2,"name":"Cintas adhesivas","item":"https:\/\/cardinal-tapes.com\/es\/cintas-adhesivas-es\/"},{"@type":"ListItem","position":3,"name":"\u00c1mbitos de aplicaci\u00f3n","item":"https:\/\/cardinal-tapes.com\/es\/categora\/ambitos-de-aplicacion\/"},{"@type":"ListItem","position":4,"name":"Cinta de papel","item":"https:\/\/cardinal-tapes.com\/es\/categora\/cinta-de-papel\/"},{"@type":"ListItem","position":5,"name":"3M\u2122 Cinta de enmascarar 2321"}]},{"@type":"WebSite","@id":"https:\/\/cardinal-tapes.com\/#website","url":"https:\/\/cardinal-tapes.com\/","name":"cardinal TAPES","description":"Klebetechnik aus Wuppertal","potentialAction":[{"@type":"SearchAction","target":{"@type":"EntryPoint","urlTemplate":"https:\/\/cardinal-tapes.com\/?s={search_term_string}"},"query-input":{"@type":"PropertyValueSpecification","valueRequired":true,"valueName":"search_term_string"}}],"inLanguage":"es"}]}},"brands":[{"id":2169,"name":"3M","slug":"3m-es"}],"_links":{"self":[{"href":"https:\/\/cardinal-tapes.com\/es\/wp-json\/wp\/v2\/product\/62381","targetHints":{"allow":["GET"]}}],"collection":[{"href":"https:\/\/cardinal-tapes.com\/es\/wp-json\/wp\/v2\/product"}],"about":[{"href":"https:\/\/cardinal-tapes.com\/es\/wp-json\/wp\/v2\/types\/product"}],"wp:featuredmedia":[{"embeddable":true,"href":"https:\/\/cardinal-tapes.com\/es\/wp-json\/wp\/v2\/media\/26775"}],"wp:attachment":[{"href":"https:\/\/cardinal-tapes.com\/es\/wp-json\/wp\/v2\/media?parent=62381"}],"wp:term":[{"taxonomy":"pwb-brand","embeddable":true,"href":"https:\/\/cardinal-tapes.com\/es\/wp-json\/wp\/v2\/pwb-brand?post=62381"},{"taxonomy":"product_brand","embeddable":true,"href":"https:\/\/cardinal-tapes.com\/es\/wp-json\/wp\/v2\/product_brand?post=62381"},{"taxonomy":"product_cat","embeddable":true,"href":"https:\/\/cardinal-tapes.com\/es\/wp-json\/wp\/v2\/product_cat?post=62381"},{"taxonomy":"product_tag","embeddable":true,"href":"https:\/\/cardinal-tapes.com\/es\/wp-json\/wp\/v2\/product_tag?post=62381"}],"curies":[{"name":"wp","href":"https:\/\/api.w.org\/{rel}","templated":true}]}}