{"id":62379,"date":"2017-12-08T09:07:52","date_gmt":"2023-06-06T08:20:34","guid":{"rendered":"https:\/\/cardinal.pixel-tal.de\/klebebaender\/sin%20categor\u00eda\/3m-cinta-adhesiva-2214\/"},"modified":"2025-07-03T16:27:13","modified_gmt":"2025-07-03T14:27:13","slug":"3m-kreppklebeband-2214","status":"publish","type":"product","link":"https:\/\/cardinal-tapes.com\/es\/cintas-adhesivas\/ambitos-de-aplicacion\/cinta-de-papel\/3m-kreppklebeband-2214\/","title":{"rendered":"3M\u2122 cinta adhesiva 2214"},"content":{"rendered":"<p><strong>Lo sentimos, este producto ya no est\u00e1 disponible. Estaremos encantados de ofrecerle una alternativa adecuada.<\/strong><\/p>\n<p>3M\u2122 Highland Tape 2214 utiliza un adhesivo de resina de caucho sobre un soporte de papel finamente crepado. Como resultado, la cinta se adhiere inmediatamente y no se despega de las superficies. Tambi\u00e9n ofrece una gran adaptabilidad y es especialmente delgada. Por ello, la cinta crep\u00e9 2214 se utiliza principalmente para fijar cubiertas de papel, agrupar, fijar y sujetar. Adem\u00e1s, ofrecemos la cinta adhesiva en diferentes anchos para que pueda elegir individualmente el producto adecuado para su aplicaci\u00f3n.<\/p>\n<p><strong>Propiedades<\/strong><br \/>\nLa cinta adhesiva crepada 2214 es una cinta flexible resistente al lijado en h\u00famedo y se caracteriza por una buena removibilidad incluso en superficies cr\u00edticas. Adem\u00e1s, es resistente a temperaturas de hasta 120\u00b0C (30 minutos) durante un breve periodo de tiempo.<\/p>\n<p><strong>Aplicaciones<\/strong><br \/>\n&#8211; Enmascarar al pintar y barnizar<\/p>\n","protected":false},"excerpt":{"rendered":"<p>Lo sentimos, este producto ya no est\u00e1 disponible. Estaremos encantados de ofrecerle una alternativa adecuada. 3M\u2122 Highland Tape 2214 utiliza un adhesivo de resina de caucho sobre un soporte de papel finamente crepado. Como resultado, la cinta se adhiere inmediatamente y no se despega de las superficies. Tambi\u00e9n ofrece una gran adaptabilidad y es especialmente [&hellip;]<\/p>\n","protected":false},"featured_media":24471,"template":"","meta":{"_acf_changed":false},"pwb-brand":[2169],"product_brand":[],"product_cat":[1796,1806],"product_tag":[],"class_list":{"0":"post-62379","1":"product","2":"type-product","3":"status-publish","4":"has-post-thumbnail","6":"pwb-brand-3m-es","7":"product_cat-cinta-de-papel","8":"product_cat-cintas-adhesivas-de-una-cara","10":"first","11":"instock","12":"taxable","13":"shipping-taxable","14":"purchasable","15":"product-type-simple"},"acf":[],"yoast_head":"<!-- This site is optimized with the Yoast SEO plugin v27.3 - https:\/\/yoast.com\/product\/yoast-seo-wordpress\/ -->\n<title>3M masking tape 2214 | Cardinal TAPES<\/title>\n<meta name=\"description\" content=\"La cinta Highland 2214 de 3M utiliza un adhesivo de resina de caucho sobre un soporte de papel finamente crepado. Obtenga m\u00e1s informaci\u00f3n aqu\u00ed.\" \/>\n<meta name=\"robots\" content=\"index, follow, max-snippet:-1, max-image-preview:large, max-video-preview:-1\" \/>\n<link rel=\"canonical\" href=\"https:\/\/cardinal-tapes.com\/es\/cintas-adhesivas\/ambitos-de-aplicacion\/cinta-de-papel\/3m-kreppklebeband-2214\/\" \/>\n<meta property=\"og:locale\" content=\"es_ES\" \/>\n<meta property=\"og:type\" content=\"article\" \/>\n<meta property=\"og:title\" content=\"3M masking tape 2214 | Cardinal TAPES\" \/>\n<meta property=\"og:description\" content=\"La cinta Highland 2214 de 3M utiliza un adhesivo de resina de caucho sobre un soporte de papel finamente crepado. Obtenga m\u00e1s informaci\u00f3n aqu\u00ed.\" \/>\n<meta property=\"og:url\" content=\"https:\/\/cardinal-tapes.com\/es\/cintas-adhesivas\/ambitos-de-aplicacion\/cinta-de-papel\/3m-kreppklebeband-2214\/\" \/>\n<meta property=\"og:site_name\" content=\"cardinal TAPES\" \/>\n<meta property=\"article:modified_time\" content=\"2025-07-03T14:27:13+00:00\" \/>\n<meta property=\"og:image\" content=\"https:\/\/cardinal-tapes.com\/wp-content\/uploads\/3m_highland_kreppklebeband_2214.jpg\" \/>\n\t<meta property=\"og:image:width\" content=\"600\" \/>\n\t<meta property=\"og:image:height\" content=\"600\" \/>\n\t<meta property=\"og:image:type\" content=\"image\/jpeg\" \/>\n<meta name=\"twitter:card\" content=\"summary_large_image\" \/>\n<meta name=\"twitter:label1\" content=\"Tiempo de lectura\" \/>\n\t<meta name=\"twitter:data1\" content=\"1 minuto\" \/>\n<script type=\"application\/ld+json\" class=\"yoast-schema-graph\">{\"@context\":\"https:\\\/\\\/schema.org\",\"@graph\":[{\"@type\":\"WebPage\",\"@id\":\"https:\\\/\\\/cardinal-tapes.com\\\/es\\\/cintas-adhesivas\\\/ambitos-de-aplicacion\\\/cinta-de-papel\\\/3m-kreppklebeband-2214\\\/\",\"url\":\"https:\\\/\\\/cardinal-tapes.com\\\/es\\\/cintas-adhesivas\\\/ambitos-de-aplicacion\\\/cinta-de-papel\\\/3m-kreppklebeband-2214\\\/\",\"name\":\"3M masking tape 2214 | Cardinal TAPES\",\"isPartOf\":{\"@id\":\"https:\\\/\\\/cardinal-tapes.com\\\/#website\"},\"primaryImageOfPage\":{\"@id\":\"https:\\\/\\\/cardinal-tapes.com\\\/es\\\/cintas-adhesivas\\\/ambitos-de-aplicacion\\\/cinta-de-papel\\\/3m-kreppklebeband-2214\\\/#primaryimage\"},\"image\":{\"@id\":\"https:\\\/\\\/cardinal-tapes.com\\\/es\\\/cintas-adhesivas\\\/ambitos-de-aplicacion\\\/cinta-de-papel\\\/3m-kreppklebeband-2214\\\/#primaryimage\"},\"thumbnailUrl\":\"https:\\\/\\\/cardinal-tapes.com\\\/wp-content\\\/uploads\\\/3m_highland_kreppklebeband_2214.jpg\",\"datePublished\":\"2023-06-06T08:20:34+00:00\",\"dateModified\":\"2025-07-03T14:27:13+00:00\",\"description\":\"La cinta Highland 2214 de 3M utiliza un adhesivo de resina de caucho sobre un soporte de papel finamente crepado. Obtenga m\u00e1s informaci\u00f3n aqu\u00ed.\",\"breadcrumb\":{\"@id\":\"https:\\\/\\\/cardinal-tapes.com\\\/es\\\/cintas-adhesivas\\\/ambitos-de-aplicacion\\\/cinta-de-papel\\\/3m-kreppklebeband-2214\\\/#breadcrumb\"},\"inLanguage\":\"es\",\"potentialAction\":[{\"@type\":\"ReadAction\",\"target\":[\"https:\\\/\\\/cardinal-tapes.com\\\/es\\\/cintas-adhesivas\\\/ambitos-de-aplicacion\\\/cinta-de-papel\\\/3m-kreppklebeband-2214\\\/\"]}]},{\"@type\":\"ImageObject\",\"inLanguage\":\"es\",\"@id\":\"https:\\\/\\\/cardinal-tapes.com\\\/es\\\/cintas-adhesivas\\\/ambitos-de-aplicacion\\\/cinta-de-papel\\\/3m-kreppklebeband-2214\\\/#primaryimage\",\"url\":\"https:\\\/\\\/cardinal-tapes.com\\\/wp-content\\\/uploads\\\/3m_highland_kreppklebeband_2214.jpg\",\"contentUrl\":\"https:\\\/\\\/cardinal-tapes.com\\\/wp-content\\\/uploads\\\/3m_highland_kreppklebeband_2214.jpg\",\"width\":600,\"height\":600,\"caption\":\"Cinta adhesiva 3M 2214\"},{\"@type\":\"BreadcrumbList\",\"@id\":\"https:\\\/\\\/cardinal-tapes.com\\\/es\\\/cintas-adhesivas\\\/ambitos-de-aplicacion\\\/cinta-de-papel\\\/3m-kreppklebeband-2214\\\/#breadcrumb\",\"itemListElement\":[{\"@type\":\"ListItem\",\"position\":1,\"name\":\"Startseite\",\"item\":\"https:\\\/\\\/cardinal-tapes.com\\\/es\\\/\"},{\"@type\":\"ListItem\",\"position\":2,\"name\":\"Cintas adhesivas\",\"item\":\"https:\\\/\\\/cardinal-tapes.com\\\/es\\\/cintas-adhesivas-es\\\/\"},{\"@type\":\"ListItem\",\"position\":3,\"name\":\"\u00c1mbitos de aplicaci\u00f3n\",\"item\":\"https:\\\/\\\/cardinal-tapes.com\\\/es\\\/categora\\\/ambitos-de-aplicacion\\\/\"},{\"@type\":\"ListItem\",\"position\":4,\"name\":\"Cinta de papel\",\"item\":\"https:\\\/\\\/cardinal-tapes.com\\\/es\\\/categora\\\/cinta-de-papel\\\/\"},{\"@type\":\"ListItem\",\"position\":5,\"name\":\"3M\u2122 cinta adhesiva 2214\"}]},{\"@type\":\"WebSite\",\"@id\":\"https:\\\/\\\/cardinal-tapes.com\\\/#website\",\"url\":\"https:\\\/\\\/cardinal-tapes.com\\\/\",\"name\":\"cardinal TAPES\",\"description\":\"Klebetechnik aus Wuppertal\",\"potentialAction\":[{\"@type\":\"SearchAction\",\"target\":{\"@type\":\"EntryPoint\",\"urlTemplate\":\"https:\\\/\\\/cardinal-tapes.com\\\/?s={search_term_string}\"},\"query-input\":{\"@type\":\"PropertyValueSpecification\",\"valueRequired\":true,\"valueName\":\"search_term_string\"}}],\"inLanguage\":\"es\"}]}<\/script>\n<!-- \/ Yoast SEO plugin. -->","yoast_head_json":{"title":"3M masking tape 2214 | Cardinal TAPES","description":"La cinta Highland 2214 de 3M utiliza un adhesivo de resina de caucho sobre un soporte de papel finamente crepado. Obtenga m\u00e1s informaci\u00f3n aqu\u00ed.","robots":{"index":"index","follow":"follow","max-snippet":"max-snippet:-1","max-image-preview":"max-image-preview:large","max-video-preview":"max-video-preview:-1"},"canonical":"https:\/\/cardinal-tapes.com\/es\/cintas-adhesivas\/ambitos-de-aplicacion\/cinta-de-papel\/3m-kreppklebeband-2214\/","og_locale":"es_ES","og_type":"article","og_title":"3M masking tape 2214 | Cardinal TAPES","og_description":"La cinta Highland 2214 de 3M utiliza un adhesivo de resina de caucho sobre un soporte de papel finamente crepado. Obtenga m\u00e1s informaci\u00f3n aqu\u00ed.","og_url":"https:\/\/cardinal-tapes.com\/es\/cintas-adhesivas\/ambitos-de-aplicacion\/cinta-de-papel\/3m-kreppklebeband-2214\/","og_site_name":"cardinal TAPES","article_modified_time":"2025-07-03T14:27:13+00:00","og_image":[{"width":600,"height":600,"url":"https:\/\/cardinal-tapes.com\/wp-content\/uploads\/3m_highland_kreppklebeband_2214.jpg","type":"image\/jpeg"}],"twitter_card":"summary_large_image","twitter_misc":{"Tiempo de lectura":"1 minuto"},"schema":{"@context":"https:\/\/schema.org","@graph":[{"@type":"WebPage","@id":"https:\/\/cardinal-tapes.com\/es\/cintas-adhesivas\/ambitos-de-aplicacion\/cinta-de-papel\/3m-kreppklebeband-2214\/","url":"https:\/\/cardinal-tapes.com\/es\/cintas-adhesivas\/ambitos-de-aplicacion\/cinta-de-papel\/3m-kreppklebeband-2214\/","name":"3M masking tape 2214 | Cardinal TAPES","isPartOf":{"@id":"https:\/\/cardinal-tapes.com\/#website"},"primaryImageOfPage":{"@id":"https:\/\/cardinal-tapes.com\/es\/cintas-adhesivas\/ambitos-de-aplicacion\/cinta-de-papel\/3m-kreppklebeband-2214\/#primaryimage"},"image":{"@id":"https:\/\/cardinal-tapes.com\/es\/cintas-adhesivas\/ambitos-de-aplicacion\/cinta-de-papel\/3m-kreppklebeband-2214\/#primaryimage"},"thumbnailUrl":"https:\/\/cardinal-tapes.com\/wp-content\/uploads\/3m_highland_kreppklebeband_2214.jpg","datePublished":"2023-06-06T08:20:34+00:00","dateModified":"2025-07-03T14:27:13+00:00","description":"La cinta Highland 2214 de 3M utiliza un adhesivo de resina de caucho sobre un soporte de papel finamente crepado. Obtenga m\u00e1s informaci\u00f3n aqu\u00ed.","breadcrumb":{"@id":"https:\/\/cardinal-tapes.com\/es\/cintas-adhesivas\/ambitos-de-aplicacion\/cinta-de-papel\/3m-kreppklebeband-2214\/#breadcrumb"},"inLanguage":"es","potentialAction":[{"@type":"ReadAction","target":["https:\/\/cardinal-tapes.com\/es\/cintas-adhesivas\/ambitos-de-aplicacion\/cinta-de-papel\/3m-kreppklebeband-2214\/"]}]},{"@type":"ImageObject","inLanguage":"es","@id":"https:\/\/cardinal-tapes.com\/es\/cintas-adhesivas\/ambitos-de-aplicacion\/cinta-de-papel\/3m-kreppklebeband-2214\/#primaryimage","url":"https:\/\/cardinal-tapes.com\/wp-content\/uploads\/3m_highland_kreppklebeband_2214.jpg","contentUrl":"https:\/\/cardinal-tapes.com\/wp-content\/uploads\/3m_highland_kreppklebeband_2214.jpg","width":600,"height":600,"caption":"Cinta adhesiva 3M 2214"},{"@type":"BreadcrumbList","@id":"https:\/\/cardinal-tapes.com\/es\/cintas-adhesivas\/ambitos-de-aplicacion\/cinta-de-papel\/3m-kreppklebeband-2214\/#breadcrumb","itemListElement":[{"@type":"ListItem","position":1,"name":"Startseite","item":"https:\/\/cardinal-tapes.com\/es\/"},{"@type":"ListItem","position":2,"name":"Cintas adhesivas","item":"https:\/\/cardinal-tapes.com\/es\/cintas-adhesivas-es\/"},{"@type":"ListItem","position":3,"name":"\u00c1mbitos de aplicaci\u00f3n","item":"https:\/\/cardinal-tapes.com\/es\/categora\/ambitos-de-aplicacion\/"},{"@type":"ListItem","position":4,"name":"Cinta de papel","item":"https:\/\/cardinal-tapes.com\/es\/categora\/cinta-de-papel\/"},{"@type":"ListItem","position":5,"name":"3M\u2122 cinta adhesiva 2214"}]},{"@type":"WebSite","@id":"https:\/\/cardinal-tapes.com\/#website","url":"https:\/\/cardinal-tapes.com\/","name":"cardinal TAPES","description":"Klebetechnik aus Wuppertal","potentialAction":[{"@type":"SearchAction","target":{"@type":"EntryPoint","urlTemplate":"https:\/\/cardinal-tapes.com\/?s={search_term_string}"},"query-input":{"@type":"PropertyValueSpecification","valueRequired":true,"valueName":"search_term_string"}}],"inLanguage":"es"}]}},"brands":[{"id":2169,"name":"3M","slug":"3m-es"}],"_links":{"self":[{"href":"https:\/\/cardinal-tapes.com\/es\/wp-json\/wp\/v2\/product\/62379","targetHints":{"allow":["GET"]}}],"collection":[{"href":"https:\/\/cardinal-tapes.com\/es\/wp-json\/wp\/v2\/product"}],"about":[{"href":"https:\/\/cardinal-tapes.com\/es\/wp-json\/wp\/v2\/types\/product"}],"wp:featuredmedia":[{"embeddable":true,"href":"https:\/\/cardinal-tapes.com\/es\/wp-json\/wp\/v2\/media\/24471"}],"wp:attachment":[{"href":"https:\/\/cardinal-tapes.com\/es\/wp-json\/wp\/v2\/media?parent=62379"}],"wp:term":[{"taxonomy":"pwb-brand","embeddable":true,"href":"https:\/\/cardinal-tapes.com\/es\/wp-json\/wp\/v2\/pwb-brand?post=62379"},{"taxonomy":"product_brand","embeddable":true,"href":"https:\/\/cardinal-tapes.com\/es\/wp-json\/wp\/v2\/product_brand?post=62379"},{"taxonomy":"product_cat","embeddable":true,"href":"https:\/\/cardinal-tapes.com\/es\/wp-json\/wp\/v2\/product_cat?post=62379"},{"taxonomy":"product_tag","embeddable":true,"href":"https:\/\/cardinal-tapes.com\/es\/wp-json\/wp\/v2\/product_tag?post=62379"}],"curies":[{"name":"wp","href":"https:\/\/api.w.org\/{rel}","templated":true}]}}