{"id":62378,"date":"2017-12-08T09:11:34","date_gmt":"2023-06-06T08:20:34","guid":{"rendered":"https:\/\/cardinal.pixel-tal.de\/klebebaender\/sin%20categor\u00eda\/3m-cinta-de-enmascarar-2328\/"},"modified":"2025-07-07T10:36:49","modified_gmt":"2025-07-07T08:36:49","slug":"cinta-adhesiva-de-3-m-2328","status":"publish","type":"product","link":"https:\/\/cardinal-tapes.com\/es\/cintas-adhesivas\/cintas-adhesivas-de-una-cara\/cinta-adhesiva-de-3-m-2328\/","title":{"rendered":"3M\u2122 Cinta de enmascarar 2328"},"content":{"rendered":"<p>La cinta de enmascarar Scotch 3M\u2122 2328 se utiliza principalmente para trabajos de enmascarado seguros y eficientes en la reparaci\u00f3n de autom\u00f3viles. El adhesivo de la cinta de enmascarar es un adhesivo reticulado de caucho-resina y el soporte es un soporte de papel crepado. La ventaja del 3M\u2122 2328 es que el manejo es especialmente f\u00e1cil, la adherencia es muy buena y las part\u00edculas de pintura no se desprenden durante la aplicaci\u00f3n. La cinta de enmascarar 2328 est\u00e1 disponible en seis anchos diferentes para satisfacer todas las necesidades de reparaci\u00f3n de autom\u00f3viles.<\/p>\n<p><strong>Propiedades<\/strong><br \/>\nLa cinta adhesiva 2328 se caracteriza por una buena resistencia a los disolventes, un f\u00e1cil arranque manual y una buena adherencia a la pintura. Adem\u00e1s, es muy f\u00e1cil de agarrar, ofrece la posibilidad de retirarla sin dejar residuos y, por si fuera poco, tambi\u00e9n tiene un filo excelente.<strong><br \/>\n<\/strong><\/p>\n<p><strong>Aplicaciones<\/strong><br \/>\n&#8211; Adecuado para cubrir zonas curvas<br \/>\n&#8211; Repintado general de veh\u00edculos<\/p>\n","protected":false},"excerpt":{"rendered":"<p>La cinta de enmascarar Scotch 3M\u2122 2328 se utiliza principalmente para trabajos de enmascarado seguros y eficientes en la reparaci\u00f3n de autom\u00f3viles. El adhesivo de la cinta de enmascarar es un adhesivo reticulado de caucho-resina y el soporte es un soporte de papel crepado. La ventaja del 3M\u2122 2328 es que el manejo es especialmente [&hellip;]<\/p>\n","protected":false},"featured_media":24467,"template":"","meta":{"_acf_changed":false},"pwb-brand":[2169],"product_brand":[],"product_cat":[1806],"product_tag":[],"class_list":{"0":"post-62378","1":"product","2":"type-product","3":"status-publish","4":"has-post-thumbnail","6":"pwb-brand-3m-es","7":"product_cat-cintas-adhesivas-de-una-cara","9":"first","10":"instock","11":"taxable","12":"shipping-taxable","13":"purchasable","14":"product-type-simple"},"acf":[],"yoast_head":"<!-- This site is optimized with the Yoast SEO plugin v27.3 - https:\/\/yoast.com\/product\/yoast-seo-wordpress\/ -->\n<title>La cinta de enmascarar eficiente 3M 2328 | Cardinal TAPES<\/title>\n<meta name=\"description\" content=\"La 3M 2328 se utiliza principalmente para trabajos de enmascaramiento seguros y eficaces en la reparaci\u00f3n de autom\u00f3viles. M\u00e1s informaci\u00f3n sobre 3M 2328.\" \/>\n<meta name=\"robots\" content=\"index, follow, max-snippet:-1, max-image-preview:large, max-video-preview:-1\" \/>\n<link rel=\"canonical\" href=\"https:\/\/cardinal-tapes.com\/es\/cintas-adhesivas\/cintas-adhesivas-de-una-cara\/cinta-adhesiva-de-3-m-2328\/\" \/>\n<meta property=\"og:locale\" content=\"es_ES\" \/>\n<meta property=\"og:type\" content=\"article\" \/>\n<meta property=\"og:title\" content=\"La cinta de enmascarar eficiente 3M 2328 | Cardinal TAPES\" \/>\n<meta property=\"og:description\" content=\"La 3M 2328 se utiliza principalmente para trabajos de enmascaramiento seguros y eficaces en la reparaci\u00f3n de autom\u00f3viles. M\u00e1s informaci\u00f3n sobre 3M 2328.\" \/>\n<meta property=\"og:url\" content=\"https:\/\/cardinal-tapes.com\/es\/cintas-adhesivas\/cintas-adhesivas-de-una-cara\/cinta-adhesiva-de-3-m-2328\/\" \/>\n<meta property=\"og:site_name\" content=\"cardinal TAPES\" \/>\n<meta property=\"article:modified_time\" content=\"2025-07-07T08:36:49+00:00\" \/>\n<meta property=\"og:image\" content=\"https:\/\/cardinal-tapes.com\/wp-content\/uploads\/3m_scotch_universal_abdeckband_2328.jpg\" \/>\n\t<meta property=\"og:image:width\" content=\"600\" \/>\n\t<meta property=\"og:image:height\" content=\"600\" \/>\n\t<meta property=\"og:image:type\" content=\"image\/jpeg\" \/>\n<meta name=\"twitter:card\" content=\"summary_large_image\" \/>\n<meta name=\"twitter:label1\" content=\"Tiempo de lectura\" \/>\n\t<meta name=\"twitter:data1\" content=\"1 minuto\" \/>\n<script type=\"application\/ld+json\" class=\"yoast-schema-graph\">{\"@context\":\"https:\\\/\\\/schema.org\",\"@graph\":[{\"@type\":\"WebPage\",\"@id\":\"https:\\\/\\\/cardinal-tapes.com\\\/es\\\/cintas-adhesivas\\\/cintas-adhesivas-de-una-cara\\\/cinta-adhesiva-de-3-m-2328\\\/\",\"url\":\"https:\\\/\\\/cardinal-tapes.com\\\/es\\\/cintas-adhesivas\\\/cintas-adhesivas-de-una-cara\\\/cinta-adhesiva-de-3-m-2328\\\/\",\"name\":\"La cinta de enmascarar eficiente 3M 2328 | Cardinal TAPES\",\"isPartOf\":{\"@id\":\"https:\\\/\\\/cardinal-tapes.com\\\/#website\"},\"primaryImageOfPage\":{\"@id\":\"https:\\\/\\\/cardinal-tapes.com\\\/es\\\/cintas-adhesivas\\\/cintas-adhesivas-de-una-cara\\\/cinta-adhesiva-de-3-m-2328\\\/#primaryimage\"},\"image\":{\"@id\":\"https:\\\/\\\/cardinal-tapes.com\\\/es\\\/cintas-adhesivas\\\/cintas-adhesivas-de-una-cara\\\/cinta-adhesiva-de-3-m-2328\\\/#primaryimage\"},\"thumbnailUrl\":\"https:\\\/\\\/cardinal-tapes.com\\\/wp-content\\\/uploads\\\/3m_scotch_universal_abdeckband_2328.jpg\",\"datePublished\":\"2023-06-06T08:20:34+00:00\",\"dateModified\":\"2025-07-07T08:36:49+00:00\",\"description\":\"La 3M 2328 se utiliza principalmente para trabajos de enmascaramiento seguros y eficaces en la reparaci\u00f3n de autom\u00f3viles. M\u00e1s informaci\u00f3n sobre 3M 2328.\",\"breadcrumb\":{\"@id\":\"https:\\\/\\\/cardinal-tapes.com\\\/es\\\/cintas-adhesivas\\\/cintas-adhesivas-de-una-cara\\\/cinta-adhesiva-de-3-m-2328\\\/#breadcrumb\"},\"inLanguage\":\"es\",\"potentialAction\":[{\"@type\":\"ReadAction\",\"target\":[\"https:\\\/\\\/cardinal-tapes.com\\\/es\\\/cintas-adhesivas\\\/cintas-adhesivas-de-una-cara\\\/cinta-adhesiva-de-3-m-2328\\\/\"]}]},{\"@type\":\"ImageObject\",\"inLanguage\":\"es\",\"@id\":\"https:\\\/\\\/cardinal-tapes.com\\\/es\\\/cintas-adhesivas\\\/cintas-adhesivas-de-una-cara\\\/cinta-adhesiva-de-3-m-2328\\\/#primaryimage\",\"url\":\"https:\\\/\\\/cardinal-tapes.com\\\/wp-content\\\/uploads\\\/3m_scotch_universal_abdeckband_2328.jpg\",\"contentUrl\":\"https:\\\/\\\/cardinal-tapes.com\\\/wp-content\\\/uploads\\\/3m_scotch_universal_abdeckband_2328.jpg\",\"width\":600,\"height\":600,\"caption\":\"3M Cinta adhesiva Scotch 2328\"},{\"@type\":\"BreadcrumbList\",\"@id\":\"https:\\\/\\\/cardinal-tapes.com\\\/es\\\/cintas-adhesivas\\\/cintas-adhesivas-de-una-cara\\\/cinta-adhesiva-de-3-m-2328\\\/#breadcrumb\",\"itemListElement\":[{\"@type\":\"ListItem\",\"position\":1,\"name\":\"Startseite\",\"item\":\"https:\\\/\\\/cardinal-tapes.com\\\/es\\\/\"},{\"@type\":\"ListItem\",\"position\":2,\"name\":\"Cintas adhesivas\",\"item\":\"https:\\\/\\\/cardinal-tapes.com\\\/es\\\/cintas-adhesivas-es\\\/\"},{\"@type\":\"ListItem\",\"position\":3,\"name\":\"Cintas adhesivas de una cara\",\"item\":\"https:\\\/\\\/cardinal-tapes.com\\\/es\\\/categora\\\/cintas-adhesivas-de-una-cara\\\/\"},{\"@type\":\"ListItem\",\"position\":4,\"name\":\"3M\u2122 Cinta de enmascarar 2328\"}]},{\"@type\":\"WebSite\",\"@id\":\"https:\\\/\\\/cardinal-tapes.com\\\/#website\",\"url\":\"https:\\\/\\\/cardinal-tapes.com\\\/\",\"name\":\"cardinal TAPES\",\"description\":\"Klebetechnik aus Wuppertal\",\"potentialAction\":[{\"@type\":\"SearchAction\",\"target\":{\"@type\":\"EntryPoint\",\"urlTemplate\":\"https:\\\/\\\/cardinal-tapes.com\\\/?s={search_term_string}\"},\"query-input\":{\"@type\":\"PropertyValueSpecification\",\"valueRequired\":true,\"valueName\":\"search_term_string\"}}],\"inLanguage\":\"es\"}]}<\/script>\n<!-- \/ Yoast SEO plugin. -->","yoast_head_json":{"title":"La cinta de enmascarar eficiente 3M 2328 | Cardinal TAPES","description":"La 3M 2328 se utiliza principalmente para trabajos de enmascaramiento seguros y eficaces en la reparaci\u00f3n de autom\u00f3viles. M\u00e1s informaci\u00f3n sobre 3M 2328.","robots":{"index":"index","follow":"follow","max-snippet":"max-snippet:-1","max-image-preview":"max-image-preview:large","max-video-preview":"max-video-preview:-1"},"canonical":"https:\/\/cardinal-tapes.com\/es\/cintas-adhesivas\/cintas-adhesivas-de-una-cara\/cinta-adhesiva-de-3-m-2328\/","og_locale":"es_ES","og_type":"article","og_title":"La cinta de enmascarar eficiente 3M 2328 | Cardinal TAPES","og_description":"La 3M 2328 se utiliza principalmente para trabajos de enmascaramiento seguros y eficaces en la reparaci\u00f3n de autom\u00f3viles. M\u00e1s informaci\u00f3n sobre 3M 2328.","og_url":"https:\/\/cardinal-tapes.com\/es\/cintas-adhesivas\/cintas-adhesivas-de-una-cara\/cinta-adhesiva-de-3-m-2328\/","og_site_name":"cardinal TAPES","article_modified_time":"2025-07-07T08:36:49+00:00","og_image":[{"width":600,"height":600,"url":"https:\/\/cardinal-tapes.com\/wp-content\/uploads\/3m_scotch_universal_abdeckband_2328.jpg","type":"image\/jpeg"}],"twitter_card":"summary_large_image","twitter_misc":{"Tiempo de lectura":"1 minuto"},"schema":{"@context":"https:\/\/schema.org","@graph":[{"@type":"WebPage","@id":"https:\/\/cardinal-tapes.com\/es\/cintas-adhesivas\/cintas-adhesivas-de-una-cara\/cinta-adhesiva-de-3-m-2328\/","url":"https:\/\/cardinal-tapes.com\/es\/cintas-adhesivas\/cintas-adhesivas-de-una-cara\/cinta-adhesiva-de-3-m-2328\/","name":"La cinta de enmascarar eficiente 3M 2328 | Cardinal TAPES","isPartOf":{"@id":"https:\/\/cardinal-tapes.com\/#website"},"primaryImageOfPage":{"@id":"https:\/\/cardinal-tapes.com\/es\/cintas-adhesivas\/cintas-adhesivas-de-una-cara\/cinta-adhesiva-de-3-m-2328\/#primaryimage"},"image":{"@id":"https:\/\/cardinal-tapes.com\/es\/cintas-adhesivas\/cintas-adhesivas-de-una-cara\/cinta-adhesiva-de-3-m-2328\/#primaryimage"},"thumbnailUrl":"https:\/\/cardinal-tapes.com\/wp-content\/uploads\/3m_scotch_universal_abdeckband_2328.jpg","datePublished":"2023-06-06T08:20:34+00:00","dateModified":"2025-07-07T08:36:49+00:00","description":"La 3M 2328 se utiliza principalmente para trabajos de enmascaramiento seguros y eficaces en la reparaci\u00f3n de autom\u00f3viles. M\u00e1s informaci\u00f3n sobre 3M 2328.","breadcrumb":{"@id":"https:\/\/cardinal-tapes.com\/es\/cintas-adhesivas\/cintas-adhesivas-de-una-cara\/cinta-adhesiva-de-3-m-2328\/#breadcrumb"},"inLanguage":"es","potentialAction":[{"@type":"ReadAction","target":["https:\/\/cardinal-tapes.com\/es\/cintas-adhesivas\/cintas-adhesivas-de-una-cara\/cinta-adhesiva-de-3-m-2328\/"]}]},{"@type":"ImageObject","inLanguage":"es","@id":"https:\/\/cardinal-tapes.com\/es\/cintas-adhesivas\/cintas-adhesivas-de-una-cara\/cinta-adhesiva-de-3-m-2328\/#primaryimage","url":"https:\/\/cardinal-tapes.com\/wp-content\/uploads\/3m_scotch_universal_abdeckband_2328.jpg","contentUrl":"https:\/\/cardinal-tapes.com\/wp-content\/uploads\/3m_scotch_universal_abdeckband_2328.jpg","width":600,"height":600,"caption":"3M Cinta adhesiva Scotch 2328"},{"@type":"BreadcrumbList","@id":"https:\/\/cardinal-tapes.com\/es\/cintas-adhesivas\/cintas-adhesivas-de-una-cara\/cinta-adhesiva-de-3-m-2328\/#breadcrumb","itemListElement":[{"@type":"ListItem","position":1,"name":"Startseite","item":"https:\/\/cardinal-tapes.com\/es\/"},{"@type":"ListItem","position":2,"name":"Cintas adhesivas","item":"https:\/\/cardinal-tapes.com\/es\/cintas-adhesivas-es\/"},{"@type":"ListItem","position":3,"name":"Cintas adhesivas de una cara","item":"https:\/\/cardinal-tapes.com\/es\/categora\/cintas-adhesivas-de-una-cara\/"},{"@type":"ListItem","position":4,"name":"3M\u2122 Cinta de enmascarar 2328"}]},{"@type":"WebSite","@id":"https:\/\/cardinal-tapes.com\/#website","url":"https:\/\/cardinal-tapes.com\/","name":"cardinal TAPES","description":"Klebetechnik aus Wuppertal","potentialAction":[{"@type":"SearchAction","target":{"@type":"EntryPoint","urlTemplate":"https:\/\/cardinal-tapes.com\/?s={search_term_string}"},"query-input":{"@type":"PropertyValueSpecification","valueRequired":true,"valueName":"search_term_string"}}],"inLanguage":"es"}]}},"brands":[{"id":2169,"name":"3M","slug":"3m-es"}],"_links":{"self":[{"href":"https:\/\/cardinal-tapes.com\/es\/wp-json\/wp\/v2\/product\/62378","targetHints":{"allow":["GET"]}}],"collection":[{"href":"https:\/\/cardinal-tapes.com\/es\/wp-json\/wp\/v2\/product"}],"about":[{"href":"https:\/\/cardinal-tapes.com\/es\/wp-json\/wp\/v2\/types\/product"}],"wp:featuredmedia":[{"embeddable":true,"href":"https:\/\/cardinal-tapes.com\/es\/wp-json\/wp\/v2\/media\/24467"}],"wp:attachment":[{"href":"https:\/\/cardinal-tapes.com\/es\/wp-json\/wp\/v2\/media?parent=62378"}],"wp:term":[{"taxonomy":"pwb-brand","embeddable":true,"href":"https:\/\/cardinal-tapes.com\/es\/wp-json\/wp\/v2\/pwb-brand?post=62378"},{"taxonomy":"product_brand","embeddable":true,"href":"https:\/\/cardinal-tapes.com\/es\/wp-json\/wp\/v2\/product_brand?post=62378"},{"taxonomy":"product_cat","embeddable":true,"href":"https:\/\/cardinal-tapes.com\/es\/wp-json\/wp\/v2\/product_cat?post=62378"},{"taxonomy":"product_tag","embeddable":true,"href":"https:\/\/cardinal-tapes.com\/es\/wp-json\/wp\/v2\/product_tag?post=62378"}],"curies":[{"name":"wp","href":"https:\/\/api.w.org\/{rel}","templated":true}]}}