{"id":62377,"date":"2017-12-08T09:00:37","date_gmt":"2023-06-06T08:20:34","guid":{"rendered":"https:\/\/cardinal.pixel-tal.de\/klebebaender\/sin%20categor\u00eda\/3m-cinta-scotch-202\/"},"modified":"2025-07-07T16:57:49","modified_gmt":"2025-07-07T14:57:49","slug":"cinta-adhesiva-scotch-202","status":"publish","type":"product","link":"https:\/\/cardinal-tapes.com\/es\/cintas-adhesivas\/ambitos-de-aplicacion\/cinta-de-papel\/cinta-adhesiva-scotch-202\/","title":{"rendered":"3M\u2122 Cinta Scotch 202"},"content":{"rendered":"<p>Para trabajos adhesivos en general, la cinta 3M\u2122 Scotch Tape 202 es ideal. Las ventajas especiales de la cinta de papel finamente crepado son, sobre todo, su f\u00e1cil manejo, su buena resistencia a los disolventes, su buena adherencia inmediata y su gran resistencia al desgarro. Esto permite enmascarar f\u00e1cilmente las curvas. Se pueden solicitar rollos de diferentes anchuras.<\/p>\n<p><strong>Propiedades<\/strong><br \/>\nLa cinta adhesiva 202 es una cinta flexible que resiste el lijado en h\u00famedo y se caracteriza por su buena removibilidad, incluso en superficies cr\u00edticas como juntas de EPDM. Adem\u00e1s, es resistente a temperaturas de hasta 120\u00b0C (30 minutos) durante un breve periodo de tiempo.<\/p>\n<p><strong>Aplicaciones<\/strong><br \/>\n&#8211; Enmascarar al pintar y barnizar<\/p>\n","protected":false},"excerpt":{"rendered":"<p>Para trabajos adhesivos en general, la cinta 3M\u2122 Scotch Tape 202 es ideal. Las ventajas especiales de la cinta de papel finamente crepado son, sobre todo, su f\u00e1cil manejo, su buena resistencia a los disolventes, su buena adherencia inmediata y su gran resistencia al desgarro. Esto permite enmascarar f\u00e1cilmente las curvas. Se pueden solicitar rollos [&hellip;]<\/p>\n","protected":false},"featured_media":24347,"template":"","meta":{"_acf_changed":false},"pwb-brand":[2169],"product_brand":[],"product_cat":[1796,1806],"product_tag":[],"class_list":{"0":"post-62377","1":"product","2":"type-product","3":"status-publish","4":"has-post-thumbnail","6":"pwb-brand-3m-es","7":"product_cat-cinta-de-papel","8":"product_cat-cintas-adhesivas-de-una-cara","10":"first","11":"instock","12":"taxable","13":"shipping-taxable","14":"purchasable","15":"product-type-variable"},"acf":[],"yoast_head":"<!-- This site is optimized with the Yoast SEO plugin v27.3 - https:\/\/yoast.com\/product\/yoast-seo-wordpress\/ -->\n<title>3M Cinta Scotch 202 | CINTAS Cardinales<\/title>\n<meta name=\"description\" content=\"La cinta Scotch 202 es ideal para trabajos adhesivos en general. M\u00e1s informaci\u00f3n sobre la cinta adhesiva de 3M aqu\u00ed.\" \/>\n<meta name=\"robots\" content=\"index, follow, max-snippet:-1, max-image-preview:large, max-video-preview:-1\" \/>\n<link rel=\"canonical\" href=\"https:\/\/cardinal-tapes.com\/es\/cintas-adhesivas\/ambitos-de-aplicacion\/cinta-de-papel\/cinta-adhesiva-scotch-202\/\" \/>\n<meta property=\"og:locale\" content=\"es_ES\" \/>\n<meta property=\"og:type\" content=\"article\" \/>\n<meta property=\"og:title\" content=\"3M Cinta Scotch 202 | CINTAS Cardinales\" \/>\n<meta property=\"og:description\" content=\"La cinta Scotch 202 es ideal para trabajos adhesivos en general. M\u00e1s informaci\u00f3n sobre la cinta adhesiva de 3M aqu\u00ed.\" \/>\n<meta property=\"og:url\" content=\"https:\/\/cardinal-tapes.com\/es\/cintas-adhesivas\/ambitos-de-aplicacion\/cinta-de-papel\/cinta-adhesiva-scotch-202\/\" \/>\n<meta property=\"og:site_name\" content=\"cardinal TAPES\" \/>\n<meta property=\"article:modified_time\" content=\"2025-07-07T14:57:49+00:00\" \/>\n<meta property=\"og:image\" content=\"https:\/\/cardinal-tapes.com\/wp-content\/uploads\/3m_scotch_papierklebeband_202.jpg\" \/>\n\t<meta property=\"og:image:width\" content=\"600\" \/>\n\t<meta property=\"og:image:height\" content=\"600\" \/>\n\t<meta property=\"og:image:type\" content=\"image\/jpeg\" \/>\n<meta name=\"twitter:card\" content=\"summary_large_image\" \/>\n<meta name=\"twitter:label1\" content=\"Tiempo de lectura\" \/>\n\t<meta name=\"twitter:data1\" content=\"1 minuto\" \/>\n<script type=\"application\/ld+json\" class=\"yoast-schema-graph\">{\"@context\":\"https:\\\/\\\/schema.org\",\"@graph\":[{\"@type\":\"WebPage\",\"@id\":\"https:\\\/\\\/cardinal-tapes.com\\\/es\\\/cintas-adhesivas\\\/ambitos-de-aplicacion\\\/cinta-de-papel\\\/cinta-adhesiva-scotch-202\\\/\",\"url\":\"https:\\\/\\\/cardinal-tapes.com\\\/es\\\/cintas-adhesivas\\\/ambitos-de-aplicacion\\\/cinta-de-papel\\\/cinta-adhesiva-scotch-202\\\/\",\"name\":\"3M Cinta Scotch 202 | CINTAS Cardinales\",\"isPartOf\":{\"@id\":\"https:\\\/\\\/cardinal-tapes.com\\\/#website\"},\"primaryImageOfPage\":{\"@id\":\"https:\\\/\\\/cardinal-tapes.com\\\/es\\\/cintas-adhesivas\\\/ambitos-de-aplicacion\\\/cinta-de-papel\\\/cinta-adhesiva-scotch-202\\\/#primaryimage\"},\"image\":{\"@id\":\"https:\\\/\\\/cardinal-tapes.com\\\/es\\\/cintas-adhesivas\\\/ambitos-de-aplicacion\\\/cinta-de-papel\\\/cinta-adhesiva-scotch-202\\\/#primaryimage\"},\"thumbnailUrl\":\"https:\\\/\\\/cardinal-tapes.com\\\/wp-content\\\/uploads\\\/3m_scotch_papierklebeband_202.jpg\",\"datePublished\":\"2023-06-06T08:20:34+00:00\",\"dateModified\":\"2025-07-07T14:57:49+00:00\",\"description\":\"La cinta Scotch 202 es ideal para trabajos adhesivos en general. M\u00e1s informaci\u00f3n sobre la cinta adhesiva de 3M aqu\u00ed.\",\"breadcrumb\":{\"@id\":\"https:\\\/\\\/cardinal-tapes.com\\\/es\\\/cintas-adhesivas\\\/ambitos-de-aplicacion\\\/cinta-de-papel\\\/cinta-adhesiva-scotch-202\\\/#breadcrumb\"},\"inLanguage\":\"es\",\"potentialAction\":[{\"@type\":\"ReadAction\",\"target\":[\"https:\\\/\\\/cardinal-tapes.com\\\/es\\\/cintas-adhesivas\\\/ambitos-de-aplicacion\\\/cinta-de-papel\\\/cinta-adhesiva-scotch-202\\\/\"]}]},{\"@type\":\"ImageObject\",\"inLanguage\":\"es\",\"@id\":\"https:\\\/\\\/cardinal-tapes.com\\\/es\\\/cintas-adhesivas\\\/ambitos-de-aplicacion\\\/cinta-de-papel\\\/cinta-adhesiva-scotch-202\\\/#primaryimage\",\"url\":\"https:\\\/\\\/cardinal-tapes.com\\\/wp-content\\\/uploads\\\/3m_scotch_papierklebeband_202.jpg\",\"contentUrl\":\"https:\\\/\\\/cardinal-tapes.com\\\/wp-content\\\/uploads\\\/3m_scotch_papierklebeband_202.jpg\",\"width\":600,\"height\":600,\"caption\":\"Cinta de papel 3M Scotch 202\"},{\"@type\":\"BreadcrumbList\",\"@id\":\"https:\\\/\\\/cardinal-tapes.com\\\/es\\\/cintas-adhesivas\\\/ambitos-de-aplicacion\\\/cinta-de-papel\\\/cinta-adhesiva-scotch-202\\\/#breadcrumb\",\"itemListElement\":[{\"@type\":\"ListItem\",\"position\":1,\"name\":\"Startseite\",\"item\":\"https:\\\/\\\/cardinal-tapes.com\\\/es\\\/\"},{\"@type\":\"ListItem\",\"position\":2,\"name\":\"Cintas adhesivas\",\"item\":\"https:\\\/\\\/cardinal-tapes.com\\\/es\\\/cintas-adhesivas-es\\\/\"},{\"@type\":\"ListItem\",\"position\":3,\"name\":\"\u00c1mbitos de aplicaci\u00f3n\",\"item\":\"https:\\\/\\\/cardinal-tapes.com\\\/es\\\/categora\\\/ambitos-de-aplicacion\\\/\"},{\"@type\":\"ListItem\",\"position\":4,\"name\":\"Cinta de papel\",\"item\":\"https:\\\/\\\/cardinal-tapes.com\\\/es\\\/categora\\\/cinta-de-papel\\\/\"},{\"@type\":\"ListItem\",\"position\":5,\"name\":\"3M\u2122 Cinta Scotch 202\"}]},{\"@type\":\"WebSite\",\"@id\":\"https:\\\/\\\/cardinal-tapes.com\\\/#website\",\"url\":\"https:\\\/\\\/cardinal-tapes.com\\\/\",\"name\":\"cardinal TAPES\",\"description\":\"Klebetechnik aus Wuppertal\",\"potentialAction\":[{\"@type\":\"SearchAction\",\"target\":{\"@type\":\"EntryPoint\",\"urlTemplate\":\"https:\\\/\\\/cardinal-tapes.com\\\/?s={search_term_string}\"},\"query-input\":{\"@type\":\"PropertyValueSpecification\",\"valueRequired\":true,\"valueName\":\"search_term_string\"}}],\"inLanguage\":\"es\"}]}<\/script>\n<!-- \/ Yoast SEO plugin. -->","yoast_head_json":{"title":"3M Cinta Scotch 202 | CINTAS Cardinales","description":"La cinta Scotch 202 es ideal para trabajos adhesivos en general. M\u00e1s informaci\u00f3n sobre la cinta adhesiva de 3M aqu\u00ed.","robots":{"index":"index","follow":"follow","max-snippet":"max-snippet:-1","max-image-preview":"max-image-preview:large","max-video-preview":"max-video-preview:-1"},"canonical":"https:\/\/cardinal-tapes.com\/es\/cintas-adhesivas\/ambitos-de-aplicacion\/cinta-de-papel\/cinta-adhesiva-scotch-202\/","og_locale":"es_ES","og_type":"article","og_title":"3M Cinta Scotch 202 | CINTAS Cardinales","og_description":"La cinta Scotch 202 es ideal para trabajos adhesivos en general. M\u00e1s informaci\u00f3n sobre la cinta adhesiva de 3M aqu\u00ed.","og_url":"https:\/\/cardinal-tapes.com\/es\/cintas-adhesivas\/ambitos-de-aplicacion\/cinta-de-papel\/cinta-adhesiva-scotch-202\/","og_site_name":"cardinal TAPES","article_modified_time":"2025-07-07T14:57:49+00:00","og_image":[{"width":600,"height":600,"url":"https:\/\/cardinal-tapes.com\/wp-content\/uploads\/3m_scotch_papierklebeband_202.jpg","type":"image\/jpeg"}],"twitter_card":"summary_large_image","twitter_misc":{"Tiempo de lectura":"1 minuto"},"schema":{"@context":"https:\/\/schema.org","@graph":[{"@type":"WebPage","@id":"https:\/\/cardinal-tapes.com\/es\/cintas-adhesivas\/ambitos-de-aplicacion\/cinta-de-papel\/cinta-adhesiva-scotch-202\/","url":"https:\/\/cardinal-tapes.com\/es\/cintas-adhesivas\/ambitos-de-aplicacion\/cinta-de-papel\/cinta-adhesiva-scotch-202\/","name":"3M Cinta Scotch 202 | CINTAS Cardinales","isPartOf":{"@id":"https:\/\/cardinal-tapes.com\/#website"},"primaryImageOfPage":{"@id":"https:\/\/cardinal-tapes.com\/es\/cintas-adhesivas\/ambitos-de-aplicacion\/cinta-de-papel\/cinta-adhesiva-scotch-202\/#primaryimage"},"image":{"@id":"https:\/\/cardinal-tapes.com\/es\/cintas-adhesivas\/ambitos-de-aplicacion\/cinta-de-papel\/cinta-adhesiva-scotch-202\/#primaryimage"},"thumbnailUrl":"https:\/\/cardinal-tapes.com\/wp-content\/uploads\/3m_scotch_papierklebeband_202.jpg","datePublished":"2023-06-06T08:20:34+00:00","dateModified":"2025-07-07T14:57:49+00:00","description":"La cinta Scotch 202 es ideal para trabajos adhesivos en general. M\u00e1s informaci\u00f3n sobre la cinta adhesiva de 3M aqu\u00ed.","breadcrumb":{"@id":"https:\/\/cardinal-tapes.com\/es\/cintas-adhesivas\/ambitos-de-aplicacion\/cinta-de-papel\/cinta-adhesiva-scotch-202\/#breadcrumb"},"inLanguage":"es","potentialAction":[{"@type":"ReadAction","target":["https:\/\/cardinal-tapes.com\/es\/cintas-adhesivas\/ambitos-de-aplicacion\/cinta-de-papel\/cinta-adhesiva-scotch-202\/"]}]},{"@type":"ImageObject","inLanguage":"es","@id":"https:\/\/cardinal-tapes.com\/es\/cintas-adhesivas\/ambitos-de-aplicacion\/cinta-de-papel\/cinta-adhesiva-scotch-202\/#primaryimage","url":"https:\/\/cardinal-tapes.com\/wp-content\/uploads\/3m_scotch_papierklebeband_202.jpg","contentUrl":"https:\/\/cardinal-tapes.com\/wp-content\/uploads\/3m_scotch_papierklebeband_202.jpg","width":600,"height":600,"caption":"Cinta de papel 3M Scotch 202"},{"@type":"BreadcrumbList","@id":"https:\/\/cardinal-tapes.com\/es\/cintas-adhesivas\/ambitos-de-aplicacion\/cinta-de-papel\/cinta-adhesiva-scotch-202\/#breadcrumb","itemListElement":[{"@type":"ListItem","position":1,"name":"Startseite","item":"https:\/\/cardinal-tapes.com\/es\/"},{"@type":"ListItem","position":2,"name":"Cintas adhesivas","item":"https:\/\/cardinal-tapes.com\/es\/cintas-adhesivas-es\/"},{"@type":"ListItem","position":3,"name":"\u00c1mbitos de aplicaci\u00f3n","item":"https:\/\/cardinal-tapes.com\/es\/categora\/ambitos-de-aplicacion\/"},{"@type":"ListItem","position":4,"name":"Cinta de papel","item":"https:\/\/cardinal-tapes.com\/es\/categora\/cinta-de-papel\/"},{"@type":"ListItem","position":5,"name":"3M\u2122 Cinta Scotch 202"}]},{"@type":"WebSite","@id":"https:\/\/cardinal-tapes.com\/#website","url":"https:\/\/cardinal-tapes.com\/","name":"cardinal TAPES","description":"Klebetechnik aus Wuppertal","potentialAction":[{"@type":"SearchAction","target":{"@type":"EntryPoint","urlTemplate":"https:\/\/cardinal-tapes.com\/?s={search_term_string}"},"query-input":{"@type":"PropertyValueSpecification","valueRequired":true,"valueName":"search_term_string"}}],"inLanguage":"es"}]}},"brands":[{"id":2169,"name":"3M","slug":"3m-es"}],"_links":{"self":[{"href":"https:\/\/cardinal-tapes.com\/es\/wp-json\/wp\/v2\/product\/62377","targetHints":{"allow":["GET"]}}],"collection":[{"href":"https:\/\/cardinal-tapes.com\/es\/wp-json\/wp\/v2\/product"}],"about":[{"href":"https:\/\/cardinal-tapes.com\/es\/wp-json\/wp\/v2\/types\/product"}],"wp:featuredmedia":[{"embeddable":true,"href":"https:\/\/cardinal-tapes.com\/es\/wp-json\/wp\/v2\/media\/24347"}],"wp:attachment":[{"href":"https:\/\/cardinal-tapes.com\/es\/wp-json\/wp\/v2\/media?parent=62377"}],"wp:term":[{"taxonomy":"pwb-brand","embeddable":true,"href":"https:\/\/cardinal-tapes.com\/es\/wp-json\/wp\/v2\/pwb-brand?post=62377"},{"taxonomy":"product_brand","embeddable":true,"href":"https:\/\/cardinal-tapes.com\/es\/wp-json\/wp\/v2\/product_brand?post=62377"},{"taxonomy":"product_cat","embeddable":true,"href":"https:\/\/cardinal-tapes.com\/es\/wp-json\/wp\/v2\/product_cat?post=62377"},{"taxonomy":"product_tag","embeddable":true,"href":"https:\/\/cardinal-tapes.com\/es\/wp-json\/wp\/v2\/product_tag?post=62377"}],"curies":[{"name":"wp","href":"https:\/\/api.w.org\/{rel}","templated":true}]}}