{"id":62195,"date":"2017-12-08T09:39:00","date_gmt":"2023-06-06T08:20:21","guid":{"rendered":"https:\/\/cardinal.pixel-tal.de\/klebebaender\/sin%20categor\u00eda\/3m-cinta-adhesiva-de-pvc-blando-471\/"},"modified":"2025-07-07T13:10:02","modified_gmt":"2025-07-07T11:10:02","slug":"3m-471f-weich-pvc-klebeband","status":"publish","type":"product","link":"https:\/\/cardinal-tapes.com\/es\/cintas-adhesivas\/cintas-adhesivas-de-una-cara\/film-de-pvc\/3m-471f-weich-pvc-klebeband\/","title":{"rendered":"3M\u2122 Cinta adhesiva de PVC blando 471"},"content":{"rendered":"<p>3M\u2122 Soft PVC Tape 471 se utiliza ampliamente para marcar \u00e1reas y pasillos peligrosos, enmascarar durante trabajos de pintura, as\u00ed como para marcas de pintura, molduras decorativas y mucho m\u00e1s. Esta cinta vers\u00e1til tiene un soporte de PVC suave con adhesivo de resina de caucho. Resiste los ara\u00f1azos, la abrasi\u00f3n y la intemperie, por lo que es muy duradero.<\/p>\n<p><strong>Propiedades<br \/>\n<\/strong>La cinta adhesiva de PVC se caracteriza por una buena adherencia a superficies pintadas, vidrio y caucho. Adem\u00e1s, es bien aplicable en sistemas de pintura al agua y al disolvente.<\/p>\n<p><strong>Aplicaciones<\/strong><br \/>\n&#8211; Para marcas en el suelo y marcas de seguridad<br \/>\n&#8211; Marcado de dispositivos o sistemas con fines de advertencia<br \/>\n&#8211; Para codificaci\u00f3n por colores de tuber\u00edas, herramientas, dispositivos, etc.<br \/>\n&#8211; Protecci\u00f3n de piezas de trabajo, sistemas o productos contra la abrasi\u00f3n<br \/>\n&#8211; Para pegar, envolver o sellar muchas superficies curvas o con formas tridimensionales.<\/p>\n","protected":false},"excerpt":{"rendered":"<p>3M\u2122 Soft PVC Tape 471 se utiliza ampliamente para marcar \u00e1reas y pasillos peligrosos, enmascarar durante trabajos de pintura, as\u00ed como para marcas de pintura, molduras decorativas y mucho m\u00e1s. Esta cinta vers\u00e1til tiene un soporte de PVC suave con adhesivo de resina de caucho. Resiste los ara\u00f1azos, la abrasi\u00f3n y la intemperie, por lo [&hellip;]<\/p>\n","protected":false},"featured_media":26803,"template":"","meta":{"_acf_changed":false},"pwb-brand":[2169],"product_brand":[],"product_cat":[1806,1811],"product_tag":[],"class_list":{"0":"post-62195","1":"product","2":"type-product","3":"status-publish","4":"has-post-thumbnail","6":"pwb-brand-3m-es","7":"product_cat-cintas-adhesivas-de-una-cara","8":"product_cat-film-de-pvc","10":"first","11":"instock","12":"taxable","13":"shipping-taxable","14":"purchasable","15":"product-type-variable"},"acf":[],"yoast_head":"<!-- This site is optimized with the Yoast SEO plugin v27.3 - https:\/\/yoast.com\/product\/yoast-seo-wordpress\/ -->\n<title>3M 471F Cinta Adhesiva PVC Suave | Cardinal TAPES<\/title>\n<meta name=\"description\" content=\"La cinta 3M\u2122 471 de PVC blando se utiliza ampliamente para marcar zonas de peligro y pasillos, enmascarar durante trabajos de pintura, as\u00ed como para marcas de pintura, molduras decorativas y mucho m\u00e1s.\" \/>\n<meta name=\"robots\" content=\"index, follow, max-snippet:-1, max-image-preview:large, max-video-preview:-1\" \/>\n<link rel=\"canonical\" href=\"https:\/\/cardinal-tapes.com\/es\/cintas-adhesivas\/cintas-adhesivas-de-una-cara\/film-de-pvc\/3m-471f-weich-pvc-klebeband\/\" \/>\n<meta property=\"og:locale\" content=\"es_ES\" \/>\n<meta property=\"og:type\" content=\"article\" \/>\n<meta property=\"og:title\" content=\"3M 471F Cinta Adhesiva PVC Suave | Cardinal TAPES\" \/>\n<meta property=\"og:description\" content=\"La cinta 3M\u2122 471 de PVC blando se utiliza ampliamente para marcar zonas de peligro y pasillos, enmascarar durante trabajos de pintura, as\u00ed como para marcas de pintura, molduras decorativas y mucho m\u00e1s.\" \/>\n<meta property=\"og:url\" content=\"https:\/\/cardinal-tapes.com\/es\/cintas-adhesivas\/cintas-adhesivas-de-una-cara\/film-de-pvc\/3m-471f-weich-pvc-klebeband\/\" \/>\n<meta property=\"og:site_name\" content=\"cardinal TAPES\" \/>\n<meta property=\"article:modified_time\" content=\"2025-07-07T11:10:02+00:00\" \/>\n<meta property=\"og:image\" content=\"https:\/\/cardinal-tapes.com\/wp-content\/uploads\/3m-vinyl-tape-471.jpg\" \/>\n\t<meta property=\"og:image:width\" content=\"400\" \/>\n\t<meta property=\"og:image:height\" content=\"400\" \/>\n\t<meta property=\"og:image:type\" content=\"image\/jpeg\" \/>\n<meta name=\"twitter:card\" content=\"summary_large_image\" \/>\n<meta name=\"twitter:label1\" content=\"Tiempo de lectura\" \/>\n\t<meta name=\"twitter:data1\" content=\"1 minuto\" \/>\n<script type=\"application\/ld+json\" class=\"yoast-schema-graph\">{\"@context\":\"https:\\\/\\\/schema.org\",\"@graph\":[{\"@type\":\"WebPage\",\"@id\":\"https:\\\/\\\/cardinal-tapes.com\\\/es\\\/cintas-adhesivas\\\/cintas-adhesivas-de-una-cara\\\/film-de-pvc\\\/3m-471f-weich-pvc-klebeband\\\/\",\"url\":\"https:\\\/\\\/cardinal-tapes.com\\\/es\\\/cintas-adhesivas\\\/cintas-adhesivas-de-una-cara\\\/film-de-pvc\\\/3m-471f-weich-pvc-klebeband\\\/\",\"name\":\"3M 471F Cinta Adhesiva PVC Suave | Cardinal TAPES\",\"isPartOf\":{\"@id\":\"https:\\\/\\\/cardinal-tapes.com\\\/#website\"},\"primaryImageOfPage\":{\"@id\":\"https:\\\/\\\/cardinal-tapes.com\\\/es\\\/cintas-adhesivas\\\/cintas-adhesivas-de-una-cara\\\/film-de-pvc\\\/3m-471f-weich-pvc-klebeband\\\/#primaryimage\"},\"image\":{\"@id\":\"https:\\\/\\\/cardinal-tapes.com\\\/es\\\/cintas-adhesivas\\\/cintas-adhesivas-de-una-cara\\\/film-de-pvc\\\/3m-471f-weich-pvc-klebeband\\\/#primaryimage\"},\"thumbnailUrl\":\"https:\\\/\\\/cardinal-tapes.com\\\/wp-content\\\/uploads\\\/3m-vinyl-tape-471.jpg\",\"datePublished\":\"2023-06-06T08:20:21+00:00\",\"dateModified\":\"2025-07-07T11:10:02+00:00\",\"description\":\"La cinta 3M\u2122 471 de PVC blando se utiliza ampliamente para marcar zonas de peligro y pasillos, enmascarar durante trabajos de pintura, as\u00ed como para marcas de pintura, molduras decorativas y mucho m\u00e1s.\",\"breadcrumb\":{\"@id\":\"https:\\\/\\\/cardinal-tapes.com\\\/es\\\/cintas-adhesivas\\\/cintas-adhesivas-de-una-cara\\\/film-de-pvc\\\/3m-471f-weich-pvc-klebeband\\\/#breadcrumb\"},\"inLanguage\":\"es\",\"potentialAction\":[{\"@type\":\"ReadAction\",\"target\":[\"https:\\\/\\\/cardinal-tapes.com\\\/es\\\/cintas-adhesivas\\\/cintas-adhesivas-de-una-cara\\\/film-de-pvc\\\/3m-471f-weich-pvc-klebeband\\\/\"]}]},{\"@type\":\"ImageObject\",\"inLanguage\":\"es\",\"@id\":\"https:\\\/\\\/cardinal-tapes.com\\\/es\\\/cintas-adhesivas\\\/cintas-adhesivas-de-una-cara\\\/film-de-pvc\\\/3m-471f-weich-pvc-klebeband\\\/#primaryimage\",\"url\":\"https:\\\/\\\/cardinal-tapes.com\\\/wp-content\\\/uploads\\\/3m-vinyl-tape-471.jpg\",\"contentUrl\":\"https:\\\/\\\/cardinal-tapes.com\\\/wp-content\\\/uploads\\\/3m-vinyl-tape-471.jpg\",\"width\":400,\"height\":400,\"caption\":\"3m-vinilo-cinta-471\"},{\"@type\":\"BreadcrumbList\",\"@id\":\"https:\\\/\\\/cardinal-tapes.com\\\/es\\\/cintas-adhesivas\\\/cintas-adhesivas-de-una-cara\\\/film-de-pvc\\\/3m-471f-weich-pvc-klebeband\\\/#breadcrumb\",\"itemListElement\":[{\"@type\":\"ListItem\",\"position\":1,\"name\":\"Startseite\",\"item\":\"https:\\\/\\\/cardinal-tapes.com\\\/es\\\/\"},{\"@type\":\"ListItem\",\"position\":2,\"name\":\"Cintas adhesivas\",\"item\":\"https:\\\/\\\/cardinal-tapes.com\\\/es\\\/cintas-adhesivas-es\\\/\"},{\"@type\":\"ListItem\",\"position\":3,\"name\":\"Cintas adhesivas de una cara\",\"item\":\"https:\\\/\\\/cardinal-tapes.com\\\/es\\\/categora\\\/cintas-adhesivas-de-una-cara\\\/\"},{\"@type\":\"ListItem\",\"position\":4,\"name\":\"Film de PVC\",\"item\":\"https:\\\/\\\/cardinal-tapes.com\\\/es\\\/categora\\\/film-de-pvc\\\/\"},{\"@type\":\"ListItem\",\"position\":5,\"name\":\"3M\u2122 Cinta adhesiva de PVC blando 471\"}]},{\"@type\":\"WebSite\",\"@id\":\"https:\\\/\\\/cardinal-tapes.com\\\/#website\",\"url\":\"https:\\\/\\\/cardinal-tapes.com\\\/\",\"name\":\"cardinal TAPES\",\"description\":\"Klebetechnik aus Wuppertal\",\"potentialAction\":[{\"@type\":\"SearchAction\",\"target\":{\"@type\":\"EntryPoint\",\"urlTemplate\":\"https:\\\/\\\/cardinal-tapes.com\\\/?s={search_term_string}\"},\"query-input\":{\"@type\":\"PropertyValueSpecification\",\"valueRequired\":true,\"valueName\":\"search_term_string\"}}],\"inLanguage\":\"es\"}]}<\/script>\n<!-- \/ Yoast SEO plugin. -->","yoast_head_json":{"title":"3M 471F Cinta Adhesiva PVC Suave | Cardinal TAPES","description":"La cinta 3M\u2122 471 de PVC blando se utiliza ampliamente para marcar zonas de peligro y pasillos, enmascarar durante trabajos de pintura, as\u00ed como para marcas de pintura, molduras decorativas y mucho m\u00e1s.","robots":{"index":"index","follow":"follow","max-snippet":"max-snippet:-1","max-image-preview":"max-image-preview:large","max-video-preview":"max-video-preview:-1"},"canonical":"https:\/\/cardinal-tapes.com\/es\/cintas-adhesivas\/cintas-adhesivas-de-una-cara\/film-de-pvc\/3m-471f-weich-pvc-klebeband\/","og_locale":"es_ES","og_type":"article","og_title":"3M 471F Cinta Adhesiva PVC Suave | Cardinal TAPES","og_description":"La cinta 3M\u2122 471 de PVC blando se utiliza ampliamente para marcar zonas de peligro y pasillos, enmascarar durante trabajos de pintura, as\u00ed como para marcas de pintura, molduras decorativas y mucho m\u00e1s.","og_url":"https:\/\/cardinal-tapes.com\/es\/cintas-adhesivas\/cintas-adhesivas-de-una-cara\/film-de-pvc\/3m-471f-weich-pvc-klebeband\/","og_site_name":"cardinal TAPES","article_modified_time":"2025-07-07T11:10:02+00:00","og_image":[{"width":400,"height":400,"url":"https:\/\/cardinal-tapes.com\/wp-content\/uploads\/3m-vinyl-tape-471.jpg","type":"image\/jpeg"}],"twitter_card":"summary_large_image","twitter_misc":{"Tiempo de lectura":"1 minuto"},"schema":{"@context":"https:\/\/schema.org","@graph":[{"@type":"WebPage","@id":"https:\/\/cardinal-tapes.com\/es\/cintas-adhesivas\/cintas-adhesivas-de-una-cara\/film-de-pvc\/3m-471f-weich-pvc-klebeband\/","url":"https:\/\/cardinal-tapes.com\/es\/cintas-adhesivas\/cintas-adhesivas-de-una-cara\/film-de-pvc\/3m-471f-weich-pvc-klebeband\/","name":"3M 471F Cinta Adhesiva PVC Suave | Cardinal TAPES","isPartOf":{"@id":"https:\/\/cardinal-tapes.com\/#website"},"primaryImageOfPage":{"@id":"https:\/\/cardinal-tapes.com\/es\/cintas-adhesivas\/cintas-adhesivas-de-una-cara\/film-de-pvc\/3m-471f-weich-pvc-klebeband\/#primaryimage"},"image":{"@id":"https:\/\/cardinal-tapes.com\/es\/cintas-adhesivas\/cintas-adhesivas-de-una-cara\/film-de-pvc\/3m-471f-weich-pvc-klebeband\/#primaryimage"},"thumbnailUrl":"https:\/\/cardinal-tapes.com\/wp-content\/uploads\/3m-vinyl-tape-471.jpg","datePublished":"2023-06-06T08:20:21+00:00","dateModified":"2025-07-07T11:10:02+00:00","description":"La cinta 3M\u2122 471 de PVC blando se utiliza ampliamente para marcar zonas de peligro y pasillos, enmascarar durante trabajos de pintura, as\u00ed como para marcas de pintura, molduras decorativas y mucho m\u00e1s.","breadcrumb":{"@id":"https:\/\/cardinal-tapes.com\/es\/cintas-adhesivas\/cintas-adhesivas-de-una-cara\/film-de-pvc\/3m-471f-weich-pvc-klebeband\/#breadcrumb"},"inLanguage":"es","potentialAction":[{"@type":"ReadAction","target":["https:\/\/cardinal-tapes.com\/es\/cintas-adhesivas\/cintas-adhesivas-de-una-cara\/film-de-pvc\/3m-471f-weich-pvc-klebeband\/"]}]},{"@type":"ImageObject","inLanguage":"es","@id":"https:\/\/cardinal-tapes.com\/es\/cintas-adhesivas\/cintas-adhesivas-de-una-cara\/film-de-pvc\/3m-471f-weich-pvc-klebeband\/#primaryimage","url":"https:\/\/cardinal-tapes.com\/wp-content\/uploads\/3m-vinyl-tape-471.jpg","contentUrl":"https:\/\/cardinal-tapes.com\/wp-content\/uploads\/3m-vinyl-tape-471.jpg","width":400,"height":400,"caption":"3m-vinilo-cinta-471"},{"@type":"BreadcrumbList","@id":"https:\/\/cardinal-tapes.com\/es\/cintas-adhesivas\/cintas-adhesivas-de-una-cara\/film-de-pvc\/3m-471f-weich-pvc-klebeband\/#breadcrumb","itemListElement":[{"@type":"ListItem","position":1,"name":"Startseite","item":"https:\/\/cardinal-tapes.com\/es\/"},{"@type":"ListItem","position":2,"name":"Cintas adhesivas","item":"https:\/\/cardinal-tapes.com\/es\/cintas-adhesivas-es\/"},{"@type":"ListItem","position":3,"name":"Cintas adhesivas de una cara","item":"https:\/\/cardinal-tapes.com\/es\/categora\/cintas-adhesivas-de-una-cara\/"},{"@type":"ListItem","position":4,"name":"Film de PVC","item":"https:\/\/cardinal-tapes.com\/es\/categora\/film-de-pvc\/"},{"@type":"ListItem","position":5,"name":"3M\u2122 Cinta adhesiva de PVC blando 471"}]},{"@type":"WebSite","@id":"https:\/\/cardinal-tapes.com\/#website","url":"https:\/\/cardinal-tapes.com\/","name":"cardinal TAPES","description":"Klebetechnik aus Wuppertal","potentialAction":[{"@type":"SearchAction","target":{"@type":"EntryPoint","urlTemplate":"https:\/\/cardinal-tapes.com\/?s={search_term_string}"},"query-input":{"@type":"PropertyValueSpecification","valueRequired":true,"valueName":"search_term_string"}}],"inLanguage":"es"}]}},"brands":[{"id":2169,"name":"3M","slug":"3m-es"}],"_links":{"self":[{"href":"https:\/\/cardinal-tapes.com\/es\/wp-json\/wp\/v2\/product\/62195","targetHints":{"allow":["GET"]}}],"collection":[{"href":"https:\/\/cardinal-tapes.com\/es\/wp-json\/wp\/v2\/product"}],"about":[{"href":"https:\/\/cardinal-tapes.com\/es\/wp-json\/wp\/v2\/types\/product"}],"wp:featuredmedia":[{"embeddable":true,"href":"https:\/\/cardinal-tapes.com\/es\/wp-json\/wp\/v2\/media\/26803"}],"wp:attachment":[{"href":"https:\/\/cardinal-tapes.com\/es\/wp-json\/wp\/v2\/media?parent=62195"}],"wp:term":[{"taxonomy":"pwb-brand","embeddable":true,"href":"https:\/\/cardinal-tapes.com\/es\/wp-json\/wp\/v2\/pwb-brand?post=62195"},{"taxonomy":"product_brand","embeddable":true,"href":"https:\/\/cardinal-tapes.com\/es\/wp-json\/wp\/v2\/product_brand?post=62195"},{"taxonomy":"product_cat","embeddable":true,"href":"https:\/\/cardinal-tapes.com\/es\/wp-json\/wp\/v2\/product_cat?post=62195"},{"taxonomy":"product_tag","embeddable":true,"href":"https:\/\/cardinal-tapes.com\/es\/wp-json\/wp\/v2\/product_tag?post=62195"}],"curies":[{"name":"wp","href":"https:\/\/api.w.org\/{rel}","templated":true}]}}