{"id":61530,"date":"2017-12-08T09:44:32","date_gmt":"2023-06-06T08:19:46","guid":{"rendered":"https:\/\/cardinal.pixel-tal.de\/klebebaender\/sin%20categor\u00eda\/3m-cinta-adhesiva-de-pvc-blando-472\/"},"modified":"2025-07-07T17:00:27","modified_gmt":"2025-07-07T15:00:27","slug":"3m-472-weich-pvc-klebeband","status":"publish","type":"product","link":"https:\/\/cardinal-tapes.com\/es\/cintas-adhesivas\/cintas-adhesivas-de-una-cara\/film-de-pvc\/3m-472-weich-pvc-klebeband\/","title":{"rendered":"3M\u2122 Cinta adhesiva de PVC blando 472"},"content":{"rendered":"<p>3M\u2122 Soft PVC Tape 472 est\u00e1 dise\u00f1ada con propiedades de estiramiento \u00fanicas y se ajusta a superficies con formas tridimensionales, curvas y convexas mientras permanece estirada y no se levanta despu\u00e9s de la aplicaci\u00f3n. La combinaci\u00f3n del material de soporte y las propiedades adhesivas ayuda a que la cinta se mantenga en su sitio incluso en condiciones duras y al aire libre.<\/p>\n<p><strong>Propiedades<br \/>\n<\/strong>La cinta adhesiva de PVC blando es una cinta resistente al envejecimiento y a la intemperie que se adhiere de forma agresiva a una gran variedad de superficies gracias al adhesivo de resina de caucho, lo que permite utilizarla en aplicaciones de larga duraci\u00f3n en interiores y exteriores durante un m\u00e1ximo de 3 a\u00f1os. Adem\u00e1s, la cinta 472 es resistente a los disolventes m\u00e1s comunes.<\/p>\n<p><b>Aplicaciones<br \/>\n<\/b>&#8211; Protecci\u00f3n exigente, empalmes y sellado<br \/>\n&#8211; Barrera anticorrosi\u00f3n entre metales<\/p>\n","protected":false},"excerpt":{"rendered":"<p>3M\u2122 Soft PVC Tape 472 est\u00e1 dise\u00f1ada con propiedades de estiramiento \u00fanicas y se ajusta a superficies con formas tridimensionales, curvas y convexas mientras permanece estirada y no se levanta despu\u00e9s de la aplicaci\u00f3n. La combinaci\u00f3n del material de soporte y las propiedades adhesivas ayuda a que la cinta se mantenga en su sitio incluso [&hellip;]<\/p>\n","protected":false},"featured_media":24419,"template":"","meta":{"_acf_changed":false},"pwb-brand":[2169],"product_brand":[],"product_cat":[1806,1811],"product_tag":[],"class_list":{"0":"post-61530","1":"product","2":"type-product","3":"status-publish","4":"has-post-thumbnail","6":"pwb-brand-3m-es","7":"product_cat-cintas-adhesivas-de-una-cara","8":"product_cat-film-de-pvc","10":"first","11":"instock","12":"taxable","13":"shipping-taxable","14":"purchasable","15":"product-type-variable"},"acf":[],"yoast_head":"<!-- This site is optimized with the Yoast SEO plugin v27.3 - https:\/\/yoast.com\/product\/yoast-seo-wordpress\/ -->\n<title>3M\u2122 472 Cinta adhesiva de PVC blando | Cardinal TAPES<\/title>\n<meta name=\"description\" content=\"3M\u2122 Soft PVC Tape 472est\u00e1 dise\u00f1ada con propiedades de estiramiento \u00fanicas y se ajusta a superficies con formas tridimensionales, curvas y convexas mientras permanece estirada y no se levanta despu\u00e9s de la aplicaci\u00f3n.\" \/>\n<meta name=\"robots\" content=\"index, follow, max-snippet:-1, max-image-preview:large, max-video-preview:-1\" \/>\n<link rel=\"canonical\" href=\"https:\/\/cardinal-tapes.com\/es\/cintas-adhesivas\/cintas-adhesivas-de-una-cara\/film-de-pvc\/3m-472-weich-pvc-klebeband\/\" \/>\n<meta property=\"og:locale\" content=\"es_ES\" \/>\n<meta property=\"og:type\" content=\"article\" \/>\n<meta property=\"og:title\" content=\"3M\u2122 472 Cinta adhesiva de PVC blando | Cardinal TAPES\" \/>\n<meta property=\"og:description\" content=\"3M\u2122 Soft PVC Tape 472est\u00e1 dise\u00f1ada con propiedades de estiramiento \u00fanicas y se ajusta a superficies con formas tridimensionales, curvas y convexas mientras permanece estirada y no se levanta despu\u00e9s de la aplicaci\u00f3n.\" \/>\n<meta property=\"og:url\" content=\"https:\/\/cardinal-tapes.com\/es\/cintas-adhesivas\/cintas-adhesivas-de-una-cara\/film-de-pvc\/3m-472-weich-pvc-klebeband\/\" \/>\n<meta property=\"og:site_name\" content=\"cardinal TAPES\" \/>\n<meta property=\"article:modified_time\" content=\"2025-07-07T15:00:27+00:00\" \/>\n<meta property=\"og:image\" content=\"https:\/\/cardinal-tapes.com\/wp-content\/uploads\/3m_weich_pvc_472.jpg\" \/>\n\t<meta property=\"og:image:width\" content=\"600\" \/>\n\t<meta property=\"og:image:height\" content=\"600\" \/>\n\t<meta property=\"og:image:type\" content=\"image\/jpeg\" \/>\n<meta name=\"twitter:card\" content=\"summary_large_image\" \/>\n<meta name=\"twitter:label1\" content=\"Tiempo de lectura\" \/>\n\t<meta name=\"twitter:data1\" content=\"1 minuto\" \/>\n<script type=\"application\/ld+json\" class=\"yoast-schema-graph\">{\"@context\":\"https:\\\/\\\/schema.org\",\"@graph\":[{\"@type\":\"WebPage\",\"@id\":\"https:\\\/\\\/cardinal-tapes.com\\\/es\\\/cintas-adhesivas\\\/cintas-adhesivas-de-una-cara\\\/film-de-pvc\\\/3m-472-weich-pvc-klebeband\\\/\",\"url\":\"https:\\\/\\\/cardinal-tapes.com\\\/es\\\/cintas-adhesivas\\\/cintas-adhesivas-de-una-cara\\\/film-de-pvc\\\/3m-472-weich-pvc-klebeband\\\/\",\"name\":\"3M\u2122 472 Cinta adhesiva de PVC blando | Cardinal TAPES\",\"isPartOf\":{\"@id\":\"https:\\\/\\\/cardinal-tapes.com\\\/#website\"},\"primaryImageOfPage\":{\"@id\":\"https:\\\/\\\/cardinal-tapes.com\\\/es\\\/cintas-adhesivas\\\/cintas-adhesivas-de-una-cara\\\/film-de-pvc\\\/3m-472-weich-pvc-klebeband\\\/#primaryimage\"},\"image\":{\"@id\":\"https:\\\/\\\/cardinal-tapes.com\\\/es\\\/cintas-adhesivas\\\/cintas-adhesivas-de-una-cara\\\/film-de-pvc\\\/3m-472-weich-pvc-klebeband\\\/#primaryimage\"},\"thumbnailUrl\":\"https:\\\/\\\/cardinal-tapes.com\\\/wp-content\\\/uploads\\\/3m_weich_pvc_472.jpg\",\"datePublished\":\"2023-06-06T08:19:46+00:00\",\"dateModified\":\"2025-07-07T15:00:27+00:00\",\"description\":\"3M\u2122 Soft PVC Tape 472est\u00e1 dise\u00f1ada con propiedades de estiramiento \u00fanicas y se ajusta a superficies con formas tridimensionales, curvas y convexas mientras permanece estirada y no se levanta despu\u00e9s de la aplicaci\u00f3n.\",\"breadcrumb\":{\"@id\":\"https:\\\/\\\/cardinal-tapes.com\\\/es\\\/cintas-adhesivas\\\/cintas-adhesivas-de-una-cara\\\/film-de-pvc\\\/3m-472-weich-pvc-klebeband\\\/#breadcrumb\"},\"inLanguage\":\"es\",\"potentialAction\":[{\"@type\":\"ReadAction\",\"target\":[\"https:\\\/\\\/cardinal-tapes.com\\\/es\\\/cintas-adhesivas\\\/cintas-adhesivas-de-una-cara\\\/film-de-pvc\\\/3m-472-weich-pvc-klebeband\\\/\"]}]},{\"@type\":\"ImageObject\",\"inLanguage\":\"es\",\"@id\":\"https:\\\/\\\/cardinal-tapes.com\\\/es\\\/cintas-adhesivas\\\/cintas-adhesivas-de-una-cara\\\/film-de-pvc\\\/3m-472-weich-pvc-klebeband\\\/#primaryimage\",\"url\":\"https:\\\/\\\/cardinal-tapes.com\\\/wp-content\\\/uploads\\\/3m_weich_pvc_472.jpg\",\"contentUrl\":\"https:\\\/\\\/cardinal-tapes.com\\\/wp-content\\\/uploads\\\/3m_weich_pvc_472.jpg\",\"width\":600,\"height\":600,\"caption\":\"Cinta adhesiva 3M PVC 472\"},{\"@type\":\"BreadcrumbList\",\"@id\":\"https:\\\/\\\/cardinal-tapes.com\\\/es\\\/cintas-adhesivas\\\/cintas-adhesivas-de-una-cara\\\/film-de-pvc\\\/3m-472-weich-pvc-klebeband\\\/#breadcrumb\",\"itemListElement\":[{\"@type\":\"ListItem\",\"position\":1,\"name\":\"Startseite\",\"item\":\"https:\\\/\\\/cardinal-tapes.com\\\/es\\\/\"},{\"@type\":\"ListItem\",\"position\":2,\"name\":\"Cintas adhesivas\",\"item\":\"https:\\\/\\\/cardinal-tapes.com\\\/es\\\/cintas-adhesivas-es\\\/\"},{\"@type\":\"ListItem\",\"position\":3,\"name\":\"Einseitige Klebeb\u00e4nder\",\"item\":\"https:\\\/\\\/cardinal-tapes.com\\\/kategorie\\\/einseitige-klebebaender\\\/\"},{\"@type\":\"ListItem\",\"position\":4,\"name\":\"3M\u2122 Cinta adhesiva de PVC blando 472\"}]},{\"@type\":\"WebSite\",\"@id\":\"https:\\\/\\\/cardinal-tapes.com\\\/#website\",\"url\":\"https:\\\/\\\/cardinal-tapes.com\\\/\",\"name\":\"cardinal TAPES\",\"description\":\"Klebetechnik aus Wuppertal\",\"potentialAction\":[{\"@type\":\"SearchAction\",\"target\":{\"@type\":\"EntryPoint\",\"urlTemplate\":\"https:\\\/\\\/cardinal-tapes.com\\\/?s={search_term_string}\"},\"query-input\":{\"@type\":\"PropertyValueSpecification\",\"valueRequired\":true,\"valueName\":\"search_term_string\"}}],\"inLanguage\":\"es\"}]}<\/script>\n<!-- \/ Yoast SEO plugin. -->","yoast_head_json":{"title":"3M\u2122 472 Cinta adhesiva de PVC blando | Cardinal TAPES","description":"3M\u2122 Soft PVC Tape 472est\u00e1 dise\u00f1ada con propiedades de estiramiento \u00fanicas y se ajusta a superficies con formas tridimensionales, curvas y convexas mientras permanece estirada y no se levanta despu\u00e9s de la aplicaci\u00f3n.","robots":{"index":"index","follow":"follow","max-snippet":"max-snippet:-1","max-image-preview":"max-image-preview:large","max-video-preview":"max-video-preview:-1"},"canonical":"https:\/\/cardinal-tapes.com\/es\/cintas-adhesivas\/cintas-adhesivas-de-una-cara\/film-de-pvc\/3m-472-weich-pvc-klebeband\/","og_locale":"es_ES","og_type":"article","og_title":"3M\u2122 472 Cinta adhesiva de PVC blando | Cardinal TAPES","og_description":"3M\u2122 Soft PVC Tape 472est\u00e1 dise\u00f1ada con propiedades de estiramiento \u00fanicas y se ajusta a superficies con formas tridimensionales, curvas y convexas mientras permanece estirada y no se levanta despu\u00e9s de la aplicaci\u00f3n.","og_url":"https:\/\/cardinal-tapes.com\/es\/cintas-adhesivas\/cintas-adhesivas-de-una-cara\/film-de-pvc\/3m-472-weich-pvc-klebeband\/","og_site_name":"cardinal TAPES","article_modified_time":"2025-07-07T15:00:27+00:00","og_image":[{"width":600,"height":600,"url":"https:\/\/cardinal-tapes.com\/wp-content\/uploads\/3m_weich_pvc_472.jpg","type":"image\/jpeg"}],"twitter_card":"summary_large_image","twitter_misc":{"Tiempo de lectura":"1 minuto"},"schema":{"@context":"https:\/\/schema.org","@graph":[{"@type":"WebPage","@id":"https:\/\/cardinal-tapes.com\/es\/cintas-adhesivas\/cintas-adhesivas-de-una-cara\/film-de-pvc\/3m-472-weich-pvc-klebeband\/","url":"https:\/\/cardinal-tapes.com\/es\/cintas-adhesivas\/cintas-adhesivas-de-una-cara\/film-de-pvc\/3m-472-weich-pvc-klebeband\/","name":"3M\u2122 472 Cinta adhesiva de PVC blando | Cardinal TAPES","isPartOf":{"@id":"https:\/\/cardinal-tapes.com\/#website"},"primaryImageOfPage":{"@id":"https:\/\/cardinal-tapes.com\/es\/cintas-adhesivas\/cintas-adhesivas-de-una-cara\/film-de-pvc\/3m-472-weich-pvc-klebeband\/#primaryimage"},"image":{"@id":"https:\/\/cardinal-tapes.com\/es\/cintas-adhesivas\/cintas-adhesivas-de-una-cara\/film-de-pvc\/3m-472-weich-pvc-klebeband\/#primaryimage"},"thumbnailUrl":"https:\/\/cardinal-tapes.com\/wp-content\/uploads\/3m_weich_pvc_472.jpg","datePublished":"2023-06-06T08:19:46+00:00","dateModified":"2025-07-07T15:00:27+00:00","description":"3M\u2122 Soft PVC Tape 472est\u00e1 dise\u00f1ada con propiedades de estiramiento \u00fanicas y se ajusta a superficies con formas tridimensionales, curvas y convexas mientras permanece estirada y no se levanta despu\u00e9s de la aplicaci\u00f3n.","breadcrumb":{"@id":"https:\/\/cardinal-tapes.com\/es\/cintas-adhesivas\/cintas-adhesivas-de-una-cara\/film-de-pvc\/3m-472-weich-pvc-klebeband\/#breadcrumb"},"inLanguage":"es","potentialAction":[{"@type":"ReadAction","target":["https:\/\/cardinal-tapes.com\/es\/cintas-adhesivas\/cintas-adhesivas-de-una-cara\/film-de-pvc\/3m-472-weich-pvc-klebeband\/"]}]},{"@type":"ImageObject","inLanguage":"es","@id":"https:\/\/cardinal-tapes.com\/es\/cintas-adhesivas\/cintas-adhesivas-de-una-cara\/film-de-pvc\/3m-472-weich-pvc-klebeband\/#primaryimage","url":"https:\/\/cardinal-tapes.com\/wp-content\/uploads\/3m_weich_pvc_472.jpg","contentUrl":"https:\/\/cardinal-tapes.com\/wp-content\/uploads\/3m_weich_pvc_472.jpg","width":600,"height":600,"caption":"Cinta adhesiva 3M PVC 472"},{"@type":"BreadcrumbList","@id":"https:\/\/cardinal-tapes.com\/es\/cintas-adhesivas\/cintas-adhesivas-de-una-cara\/film-de-pvc\/3m-472-weich-pvc-klebeband\/#breadcrumb","itemListElement":[{"@type":"ListItem","position":1,"name":"Startseite","item":"https:\/\/cardinal-tapes.com\/es\/"},{"@type":"ListItem","position":2,"name":"Cintas adhesivas","item":"https:\/\/cardinal-tapes.com\/es\/cintas-adhesivas-es\/"},{"@type":"ListItem","position":3,"name":"Einseitige Klebeb\u00e4nder","item":"https:\/\/cardinal-tapes.com\/kategorie\/einseitige-klebebaender\/"},{"@type":"ListItem","position":4,"name":"3M\u2122 Cinta adhesiva de PVC blando 472"}]},{"@type":"WebSite","@id":"https:\/\/cardinal-tapes.com\/#website","url":"https:\/\/cardinal-tapes.com\/","name":"cardinal TAPES","description":"Klebetechnik aus Wuppertal","potentialAction":[{"@type":"SearchAction","target":{"@type":"EntryPoint","urlTemplate":"https:\/\/cardinal-tapes.com\/?s={search_term_string}"},"query-input":{"@type":"PropertyValueSpecification","valueRequired":true,"valueName":"search_term_string"}}],"inLanguage":"es"}]}},"brands":[{"id":2169,"name":"3M","slug":"3m-es"}],"_links":{"self":[{"href":"https:\/\/cardinal-tapes.com\/es\/wp-json\/wp\/v2\/product\/61530","targetHints":{"allow":["GET"]}}],"collection":[{"href":"https:\/\/cardinal-tapes.com\/es\/wp-json\/wp\/v2\/product"}],"about":[{"href":"https:\/\/cardinal-tapes.com\/es\/wp-json\/wp\/v2\/types\/product"}],"wp:featuredmedia":[{"embeddable":true,"href":"https:\/\/cardinal-tapes.com\/es\/wp-json\/wp\/v2\/media\/24419"}],"wp:attachment":[{"href":"https:\/\/cardinal-tapes.com\/es\/wp-json\/wp\/v2\/media?parent=61530"}],"wp:term":[{"taxonomy":"pwb-brand","embeddable":true,"href":"https:\/\/cardinal-tapes.com\/es\/wp-json\/wp\/v2\/pwb-brand?post=61530"},{"taxonomy":"product_brand","embeddable":true,"href":"https:\/\/cardinal-tapes.com\/es\/wp-json\/wp\/v2\/product_brand?post=61530"},{"taxonomy":"product_cat","embeddable":true,"href":"https:\/\/cardinal-tapes.com\/es\/wp-json\/wp\/v2\/product_cat?post=61530"},{"taxonomy":"product_tag","embeddable":true,"href":"https:\/\/cardinal-tapes.com\/es\/wp-json\/wp\/v2\/product_tag?post=61530"}],"curies":[{"name":"wp","href":"https:\/\/api.w.org\/{rel}","templated":true}]}}