{"id":61281,"date":"2017-12-08T09:28:30","date_gmt":"2023-06-06T08:19:36","guid":{"rendered":"https:\/\/cardinal.pixel-tal.de\/klebebaender\/sin%20categor\u00eda\/3m-cinta-de-poliester-8402\/"},"modified":"2025-07-07T12:08:20","modified_gmt":"2025-07-07T10:08:20","slug":"3m-396-8422-853-850-8402-polyester-klebebaender","status":"publish","type":"product","link":"https:\/\/cardinal-tapes.com\/es\/cintas-adhesivas\/cintas-adhesivas-de-una-cara\/3m-396-8422-853-850-8402-polyester-klebebaender\/","title":{"rendered":"3M\u2122 Cinta de poli\u00e9ster 8402"},"content":{"rendered":"<p>3M\u2122 Cinta de poli\u00e9ster 8402 es una cinta de poli\u00e9ster fina y conformable ideal para enmascarar a altas temperaturas y se adhiere bien a superficies recubiertas de silicona. La cinta est\u00e1 hecha de un adhesivo de silicona que es bueno para enmascarar y se puede quitar limpiamente en una sola pieza de la mayor\u00eda de las superficies.<\/p>\n<p><strong>Propiedades<\/strong><br \/>\nEsta cinta tambi\u00e9n se caracteriza por los procesos de empalme permanente en revestimientos de silicona, papeles y pel\u00edculas expuestos a altas temperaturas. Con una resistencia qu\u00edmica excepcional, esta cinta funciona eficazmente en algunas de las condiciones de trabajo m\u00e1s exigentes, como el anodizado. Adem\u00e1s, la cinta adhesiva se caracteriza por una gran resistencia al envejecimiento y una amplia gama de temperaturas aplicables.<\/p>\n<p><strong>Aplicaciones<br \/>\n<\/strong>&#8211; Enmascaramiento durante procesos de grabado y anodizado<br \/>\n&#8211; Recubrimiento el\u00e9ctrico en polvo<br \/>\n&#8211; Empalme de papeles protectores siliconados<br \/>\n&#8211; Esta\u00f1ado de circuitos impresos<\/p>\n","protected":false},"excerpt":{"rendered":"<p>3M\u2122 Cinta de poli\u00e9ster 8402 es una cinta de poli\u00e9ster fina y conformable ideal para enmascarar a altas temperaturas y se adhiere bien a superficies recubiertas de silicona. La cinta est\u00e1 hecha de un adhesivo de silicona que es bueno para enmascarar y se puede quitar limpiamente en una sola pieza de la mayor\u00eda de [&hellip;]<\/p>\n","protected":false},"featured_media":27227,"template":"","meta":{"_acf_changed":false},"pwb-brand":[2169],"product_brand":[],"product_cat":[1806],"product_tag":[],"class_list":{"0":"post-61281","1":"product","2":"type-product","3":"status-publish","4":"has-post-thumbnail","6":"pwb-brand-3m-es","7":"product_cat-cintas-adhesivas-de-una-cara","9":"first","10":"instock","11":"taxable","12":"shipping-taxable","13":"purchasable","14":"product-type-variable"},"acf":[],"yoast_head":"<!-- This site is optimized with the Yoast SEO plugin v27.3 - https:\/\/yoast.com\/product\/yoast-seo-wordpress\/ -->\n<title>3M\u2122 8402 Cinta de poli\u00e9ster | Cardinal TAPES<\/title>\n<meta name=\"description\" content=\"3M\u2122 Cinta de poli\u00e9ster 8402 es una cinta de poli\u00e9ster fina y conformable ideal para enmascarar a altas temperaturas y se adhiere bien a superficies recubiertas de silicona.\" \/>\n<meta name=\"robots\" content=\"index, follow, max-snippet:-1, max-image-preview:large, max-video-preview:-1\" \/>\n<link rel=\"canonical\" href=\"https:\/\/cardinal-tapes.com\/es\/cintas-adhesivas\/cintas-adhesivas-de-una-cara\/3m-396-8422-853-850-8402-polyester-klebebaender\/\" \/>\n<meta property=\"og:locale\" content=\"es_ES\" \/>\n<meta property=\"og:type\" content=\"article\" \/>\n<meta property=\"og:title\" content=\"3M\u2122 8402 Cinta de poli\u00e9ster | Cardinal TAPES\" \/>\n<meta property=\"og:description\" content=\"3M\u2122 Cinta de poli\u00e9ster 8402 es una cinta de poli\u00e9ster fina y conformable ideal para enmascarar a altas temperaturas y se adhiere bien a superficies recubiertas de silicona.\" \/>\n<meta property=\"og:url\" content=\"https:\/\/cardinal-tapes.com\/es\/cintas-adhesivas\/cintas-adhesivas-de-una-cara\/3m-396-8422-853-850-8402-polyester-klebebaender\/\" \/>\n<meta property=\"og:site_name\" content=\"cardinal TAPES\" \/>\n<meta property=\"article:modified_time\" content=\"2025-07-07T10:08:20+00:00\" \/>\n<meta property=\"og:image\" content=\"https:\/\/cardinal-tapes.com\/wp-content\/uploads\/3m-8402-polyesterklebeband-scaled.jpg\" \/>\n\t<meta property=\"og:image:width\" content=\"2560\" \/>\n\t<meta property=\"og:image:height\" content=\"2147\" \/>\n\t<meta property=\"og:image:type\" content=\"image\/jpeg\" \/>\n<meta name=\"twitter:card\" content=\"summary_large_image\" \/>\n<meta name=\"twitter:label1\" content=\"Tiempo de lectura\" \/>\n\t<meta name=\"twitter:data1\" content=\"1 minuto\" \/>\n<script type=\"application\/ld+json\" class=\"yoast-schema-graph\">{\"@context\":\"https:\\\/\\\/schema.org\",\"@graph\":[{\"@type\":\"WebPage\",\"@id\":\"https:\\\/\\\/cardinal-tapes.com\\\/es\\\/cintas-adhesivas\\\/cintas-adhesivas-de-una-cara\\\/3m-396-8422-853-850-8402-polyester-klebebaender\\\/\",\"url\":\"https:\\\/\\\/cardinal-tapes.com\\\/es\\\/cintas-adhesivas\\\/cintas-adhesivas-de-una-cara\\\/3m-396-8422-853-850-8402-polyester-klebebaender\\\/\",\"name\":\"3M\u2122 8402 Cinta de poli\u00e9ster | Cardinal TAPES\",\"isPartOf\":{\"@id\":\"https:\\\/\\\/cardinal-tapes.com\\\/#website\"},\"primaryImageOfPage\":{\"@id\":\"https:\\\/\\\/cardinal-tapes.com\\\/es\\\/cintas-adhesivas\\\/cintas-adhesivas-de-una-cara\\\/3m-396-8422-853-850-8402-polyester-klebebaender\\\/#primaryimage\"},\"image\":{\"@id\":\"https:\\\/\\\/cardinal-tapes.com\\\/es\\\/cintas-adhesivas\\\/cintas-adhesivas-de-una-cara\\\/3m-396-8422-853-850-8402-polyester-klebebaender\\\/#primaryimage\"},\"thumbnailUrl\":\"https:\\\/\\\/cardinal-tapes.com\\\/wp-content\\\/uploads\\\/3m-8402-polyesterklebeband-scaled.jpg\",\"datePublished\":\"2023-06-06T08:19:36+00:00\",\"dateModified\":\"2025-07-07T10:08:20+00:00\",\"description\":\"3M\u2122 Cinta de poli\u00e9ster 8402 es una cinta de poli\u00e9ster fina y conformable ideal para enmascarar a altas temperaturas y se adhiere bien a superficies recubiertas de silicona.\",\"breadcrumb\":{\"@id\":\"https:\\\/\\\/cardinal-tapes.com\\\/es\\\/cintas-adhesivas\\\/cintas-adhesivas-de-una-cara\\\/3m-396-8422-853-850-8402-polyester-klebebaender\\\/#breadcrumb\"},\"inLanguage\":\"es\",\"potentialAction\":[{\"@type\":\"ReadAction\",\"target\":[\"https:\\\/\\\/cardinal-tapes.com\\\/es\\\/cintas-adhesivas\\\/cintas-adhesivas-de-una-cara\\\/3m-396-8422-853-850-8402-polyester-klebebaender\\\/\"]}]},{\"@type\":\"ImageObject\",\"inLanguage\":\"es\",\"@id\":\"https:\\\/\\\/cardinal-tapes.com\\\/es\\\/cintas-adhesivas\\\/cintas-adhesivas-de-una-cara\\\/3m-396-8422-853-850-8402-polyester-klebebaender\\\/#primaryimage\",\"url\":\"https:\\\/\\\/cardinal-tapes.com\\\/wp-content\\\/uploads\\\/3m-8402-polyesterklebeband-scaled.jpg\",\"contentUrl\":\"https:\\\/\\\/cardinal-tapes.com\\\/wp-content\\\/uploads\\\/3m-8402-polyesterklebeband-scaled.jpg\",\"width\":2560,\"height\":2147,\"caption\":\"Cinta adhesiva de poli\u00e9ster 3M 8402\"},{\"@type\":\"BreadcrumbList\",\"@id\":\"https:\\\/\\\/cardinal-tapes.com\\\/es\\\/cintas-adhesivas\\\/cintas-adhesivas-de-una-cara\\\/3m-396-8422-853-850-8402-polyester-klebebaender\\\/#breadcrumb\",\"itemListElement\":[{\"@type\":\"ListItem\",\"position\":1,\"name\":\"Startseite\",\"item\":\"https:\\\/\\\/cardinal-tapes.com\\\/es\\\/\"},{\"@type\":\"ListItem\",\"position\":2,\"name\":\"Cintas adhesivas\",\"item\":\"https:\\\/\\\/cardinal-tapes.com\\\/es\\\/cintas-adhesivas-es\\\/\"},{\"@type\":\"ListItem\",\"position\":3,\"name\":\"Cintas adhesivas de una cara\",\"item\":\"https:\\\/\\\/cardinal-tapes.com\\\/es\\\/categora\\\/cintas-adhesivas-de-una-cara\\\/\"},{\"@type\":\"ListItem\",\"position\":4,\"name\":\"3M\u2122 Cinta de poli\u00e9ster 8402\"}]},{\"@type\":\"WebSite\",\"@id\":\"https:\\\/\\\/cardinal-tapes.com\\\/#website\",\"url\":\"https:\\\/\\\/cardinal-tapes.com\\\/\",\"name\":\"cardinal TAPES\",\"description\":\"Klebetechnik aus Wuppertal\",\"potentialAction\":[{\"@type\":\"SearchAction\",\"target\":{\"@type\":\"EntryPoint\",\"urlTemplate\":\"https:\\\/\\\/cardinal-tapes.com\\\/?s={search_term_string}\"},\"query-input\":{\"@type\":\"PropertyValueSpecification\",\"valueRequired\":true,\"valueName\":\"search_term_string\"}}],\"inLanguage\":\"es\"}]}<\/script>\n<!-- \/ Yoast SEO plugin. -->","yoast_head_json":{"title":"3M\u2122 8402 Cinta de poli\u00e9ster | Cardinal TAPES","description":"3M\u2122 Cinta de poli\u00e9ster 8402 es una cinta de poli\u00e9ster fina y conformable ideal para enmascarar a altas temperaturas y se adhiere bien a superficies recubiertas de silicona.","robots":{"index":"index","follow":"follow","max-snippet":"max-snippet:-1","max-image-preview":"max-image-preview:large","max-video-preview":"max-video-preview:-1"},"canonical":"https:\/\/cardinal-tapes.com\/es\/cintas-adhesivas\/cintas-adhesivas-de-una-cara\/3m-396-8422-853-850-8402-polyester-klebebaender\/","og_locale":"es_ES","og_type":"article","og_title":"3M\u2122 8402 Cinta de poli\u00e9ster | Cardinal TAPES","og_description":"3M\u2122 Cinta de poli\u00e9ster 8402 es una cinta de poli\u00e9ster fina y conformable ideal para enmascarar a altas temperaturas y se adhiere bien a superficies recubiertas de silicona.","og_url":"https:\/\/cardinal-tapes.com\/es\/cintas-adhesivas\/cintas-adhesivas-de-una-cara\/3m-396-8422-853-850-8402-polyester-klebebaender\/","og_site_name":"cardinal TAPES","article_modified_time":"2025-07-07T10:08:20+00:00","og_image":[{"width":2560,"height":2147,"url":"https:\/\/cardinal-tapes.com\/wp-content\/uploads\/3m-8402-polyesterklebeband-scaled.jpg","type":"image\/jpeg"}],"twitter_card":"summary_large_image","twitter_misc":{"Tiempo de lectura":"1 minuto"},"schema":{"@context":"https:\/\/schema.org","@graph":[{"@type":"WebPage","@id":"https:\/\/cardinal-tapes.com\/es\/cintas-adhesivas\/cintas-adhesivas-de-una-cara\/3m-396-8422-853-850-8402-polyester-klebebaender\/","url":"https:\/\/cardinal-tapes.com\/es\/cintas-adhesivas\/cintas-adhesivas-de-una-cara\/3m-396-8422-853-850-8402-polyester-klebebaender\/","name":"3M\u2122 8402 Cinta de poli\u00e9ster | Cardinal TAPES","isPartOf":{"@id":"https:\/\/cardinal-tapes.com\/#website"},"primaryImageOfPage":{"@id":"https:\/\/cardinal-tapes.com\/es\/cintas-adhesivas\/cintas-adhesivas-de-una-cara\/3m-396-8422-853-850-8402-polyester-klebebaender\/#primaryimage"},"image":{"@id":"https:\/\/cardinal-tapes.com\/es\/cintas-adhesivas\/cintas-adhesivas-de-una-cara\/3m-396-8422-853-850-8402-polyester-klebebaender\/#primaryimage"},"thumbnailUrl":"https:\/\/cardinal-tapes.com\/wp-content\/uploads\/3m-8402-polyesterklebeband-scaled.jpg","datePublished":"2023-06-06T08:19:36+00:00","dateModified":"2025-07-07T10:08:20+00:00","description":"3M\u2122 Cinta de poli\u00e9ster 8402 es una cinta de poli\u00e9ster fina y conformable ideal para enmascarar a altas temperaturas y se adhiere bien a superficies recubiertas de silicona.","breadcrumb":{"@id":"https:\/\/cardinal-tapes.com\/es\/cintas-adhesivas\/cintas-adhesivas-de-una-cara\/3m-396-8422-853-850-8402-polyester-klebebaender\/#breadcrumb"},"inLanguage":"es","potentialAction":[{"@type":"ReadAction","target":["https:\/\/cardinal-tapes.com\/es\/cintas-adhesivas\/cintas-adhesivas-de-una-cara\/3m-396-8422-853-850-8402-polyester-klebebaender\/"]}]},{"@type":"ImageObject","inLanguage":"es","@id":"https:\/\/cardinal-tapes.com\/es\/cintas-adhesivas\/cintas-adhesivas-de-una-cara\/3m-396-8422-853-850-8402-polyester-klebebaender\/#primaryimage","url":"https:\/\/cardinal-tapes.com\/wp-content\/uploads\/3m-8402-polyesterklebeband-scaled.jpg","contentUrl":"https:\/\/cardinal-tapes.com\/wp-content\/uploads\/3m-8402-polyesterklebeband-scaled.jpg","width":2560,"height":2147,"caption":"Cinta adhesiva de poli\u00e9ster 3M 8402"},{"@type":"BreadcrumbList","@id":"https:\/\/cardinal-tapes.com\/es\/cintas-adhesivas\/cintas-adhesivas-de-una-cara\/3m-396-8422-853-850-8402-polyester-klebebaender\/#breadcrumb","itemListElement":[{"@type":"ListItem","position":1,"name":"Startseite","item":"https:\/\/cardinal-tapes.com\/es\/"},{"@type":"ListItem","position":2,"name":"Cintas adhesivas","item":"https:\/\/cardinal-tapes.com\/es\/cintas-adhesivas-es\/"},{"@type":"ListItem","position":3,"name":"Cintas adhesivas de una cara","item":"https:\/\/cardinal-tapes.com\/es\/categora\/cintas-adhesivas-de-una-cara\/"},{"@type":"ListItem","position":4,"name":"3M\u2122 Cinta de poli\u00e9ster 8402"}]},{"@type":"WebSite","@id":"https:\/\/cardinal-tapes.com\/#website","url":"https:\/\/cardinal-tapes.com\/","name":"cardinal TAPES","description":"Klebetechnik aus Wuppertal","potentialAction":[{"@type":"SearchAction","target":{"@type":"EntryPoint","urlTemplate":"https:\/\/cardinal-tapes.com\/?s={search_term_string}"},"query-input":{"@type":"PropertyValueSpecification","valueRequired":true,"valueName":"search_term_string"}}],"inLanguage":"es"}]}},"brands":[{"id":2169,"name":"3M","slug":"3m-es"}],"_links":{"self":[{"href":"https:\/\/cardinal-tapes.com\/es\/wp-json\/wp\/v2\/product\/61281","targetHints":{"allow":["GET"]}}],"collection":[{"href":"https:\/\/cardinal-tapes.com\/es\/wp-json\/wp\/v2\/product"}],"about":[{"href":"https:\/\/cardinal-tapes.com\/es\/wp-json\/wp\/v2\/types\/product"}],"wp:featuredmedia":[{"embeddable":true,"href":"https:\/\/cardinal-tapes.com\/es\/wp-json\/wp\/v2\/media\/27227"}],"wp:attachment":[{"href":"https:\/\/cardinal-tapes.com\/es\/wp-json\/wp\/v2\/media?parent=61281"}],"wp:term":[{"taxonomy":"pwb-brand","embeddable":true,"href":"https:\/\/cardinal-tapes.com\/es\/wp-json\/wp\/v2\/pwb-brand?post=61281"},{"taxonomy":"product_brand","embeddable":true,"href":"https:\/\/cardinal-tapes.com\/es\/wp-json\/wp\/v2\/product_brand?post=61281"},{"taxonomy":"product_cat","embeddable":true,"href":"https:\/\/cardinal-tapes.com\/es\/wp-json\/wp\/v2\/product_cat?post=61281"},{"taxonomy":"product_tag","embeddable":true,"href":"https:\/\/cardinal-tapes.com\/es\/wp-json\/wp\/v2\/product_tag?post=61281"}],"curies":[{"name":"wp","href":"https:\/\/api.w.org\/{rel}","templated":true}]}}