{"id":61279,"date":"2017-12-08T09:31:32","date_gmt":"2023-06-06T08:19:36","guid":{"rendered":"https:\/\/cardinal.pixel-tal.de\/klebebaender\/sin%20categor\u00eda\/3m-cinta-de-poliester-8992-l\/"},"modified":"2025-07-07T12:39:43","modified_gmt":"2025-07-07T10:39:43","slug":"3m-8992-cintas-adhesivas-de-poliester","status":"publish","type":"product","link":"https:\/\/cardinal-tapes.com\/es\/cintas-adhesivas\/cintas-adhesivas-de-una-cara\/3m-8992-cintas-adhesivas-de-poliester\/","title":{"rendered":"3M\u2122 Cinta de poli\u00e9ster 8992 L"},"content":{"rendered":"<p>La cinta de poli\u00e9ster 3M\u2122 8992 es de aplicaci\u00f3n universal. Es ideal como cinta de enmascarar en aplicaciones con altas temperaturas. La cinta adhesiva recubierta con un adhesivo de silicona produce bordes de colores n\u00edtidos y, por lo tanto, es muy adecuada para enmascarar piezas de trabajo durante el recubrimiento en polvo, entre otras cosas. Se retira limpiamente de la mayor\u00eda de las superficies de una sola vez, sin deshilacharse ni rasgarse.<\/p>\n<p><strong>Propiedades<\/strong><br \/>\nLa cinta adhesiva 8992 tiene una pel\u00edcula de poli\u00e9ster resistente a los disolventes, al calor, a la abrasi\u00f3n y al encogimiento. El color verde garantiza una buena visibilidad de la cinta durante su aplicaci\u00f3n y retirada, y el fino soporte asegura un borde de color limpio. Adem\u00e1s, el adhesivo de silicona extremadamente resistente permite su uso a altas temperaturas. El adhesivo de silicona puede retirarse de muchas superficies sin dejar residuos.<\/p>\n<p><strong>Aplicaciones<\/strong><br \/>\n&#8211; Enmascaramiento de piezas de trabajo durante el recubrimiento en polvo<br \/>\n&#8211; Pegado de materiales compuestos<br \/>\n&#8211; Recubrimiento de superficies met\u00e1licas en ba\u00f1os \u00e1cidos o de grabado<br \/>\n&#8211; Como protecci\u00f3n de superficies contra ara\u00f1azos durante la manipulaci\u00f3n y el transporte<br \/>\n&#8211; Como ayuda para el desbarbado en el pegado de metales cuando el exceso de material (epoxi) fluye sobre la cinta adhesiva.<\/p>\n","protected":false},"excerpt":{"rendered":"<p>La cinta de poli\u00e9ster 3M\u2122 8992 es de aplicaci\u00f3n universal. Es ideal como cinta de enmascarar en aplicaciones con altas temperaturas. La cinta adhesiva recubierta con un adhesivo de silicona produce bordes de colores n\u00edtidos y, por lo tanto, es muy adecuada para enmascarar piezas de trabajo durante el recubrimiento en polvo, entre otras cosas. [&hellip;]<\/p>\n","protected":false},"featured_media":24431,"template":"","meta":{"_acf_changed":false},"pwb-brand":[2169],"product_brand":[],"product_cat":[1806],"product_tag":[],"class_list":{"0":"post-61279","1":"product","2":"type-product","3":"status-publish","4":"has-post-thumbnail","6":"pwb-brand-3m-es","7":"product_cat-cintas-adhesivas-de-una-cara","9":"first","10":"instock","11":"taxable","12":"shipping-taxable","13":"purchasable","14":"product-type-variable"},"acf":[],"yoast_head":"<!-- This site is optimized with the Yoast SEO plugin v27.3 - https:\/\/yoast.com\/product\/yoast-seo-wordpress\/ -->\n<title>3M\u2122 8992L Cinta de poli\u00e9ster | Cardinal Tapes<\/title>\n<meta name=\"description\" content=\"La cinta de poli\u00e9ster 3M\u2122 8992 es de aplicaci\u00f3n universal. Tambi\u00e9n es ideal como cinta de enmascarar en aplicaciones con altas temperaturas.\" \/>\n<meta name=\"robots\" content=\"index, follow, max-snippet:-1, max-image-preview:large, max-video-preview:-1\" \/>\n<link rel=\"canonical\" href=\"https:\/\/cardinal-tapes.com\/es\/cintas-adhesivas\/cintas-adhesivas-de-una-cara\/3m-8992-cintas-adhesivas-de-poliester\/\" \/>\n<meta property=\"og:locale\" content=\"es_ES\" \/>\n<meta property=\"og:type\" content=\"article\" \/>\n<meta property=\"og:title\" content=\"3M\u2122 8992L Cinta de poli\u00e9ster | Cardinal Tapes\" \/>\n<meta property=\"og:description\" content=\"La cinta de poli\u00e9ster 3M\u2122 8992 es de aplicaci\u00f3n universal. Tambi\u00e9n es ideal como cinta de enmascarar en aplicaciones con altas temperaturas.\" \/>\n<meta property=\"og:url\" content=\"https:\/\/cardinal-tapes.com\/es\/cintas-adhesivas\/cintas-adhesivas-de-una-cara\/3m-8992-cintas-adhesivas-de-poliester\/\" \/>\n<meta property=\"og:site_name\" content=\"cardinal TAPES\" \/>\n<meta property=\"article:modified_time\" content=\"2025-07-07T10:39:43+00:00\" \/>\n<meta property=\"og:image\" content=\"https:\/\/cardinal-tapes.com\/wp-content\/uploads\/3m_polyesterklebeband_8992.jpg\" \/>\n\t<meta property=\"og:image:width\" content=\"600\" \/>\n\t<meta property=\"og:image:height\" content=\"600\" \/>\n\t<meta property=\"og:image:type\" content=\"image\/jpeg\" \/>\n<meta name=\"twitter:card\" content=\"summary_large_image\" \/>\n<meta name=\"twitter:label1\" content=\"Tiempo de lectura\" \/>\n\t<meta name=\"twitter:data1\" content=\"1 minuto\" \/>\n<script type=\"application\/ld+json\" class=\"yoast-schema-graph\">{\"@context\":\"https:\\\/\\\/schema.org\",\"@graph\":[{\"@type\":\"WebPage\",\"@id\":\"https:\\\/\\\/cardinal-tapes.com\\\/es\\\/cintas-adhesivas\\\/cintas-adhesivas-de-una-cara\\\/3m-8992-cintas-adhesivas-de-poliester\\\/\",\"url\":\"https:\\\/\\\/cardinal-tapes.com\\\/es\\\/cintas-adhesivas\\\/cintas-adhesivas-de-una-cara\\\/3m-8992-cintas-adhesivas-de-poliester\\\/\",\"name\":\"3M\u2122 8992L Cinta de poli\u00e9ster | Cardinal Tapes\",\"isPartOf\":{\"@id\":\"https:\\\/\\\/cardinal-tapes.com\\\/#website\"},\"primaryImageOfPage\":{\"@id\":\"https:\\\/\\\/cardinal-tapes.com\\\/es\\\/cintas-adhesivas\\\/cintas-adhesivas-de-una-cara\\\/3m-8992-cintas-adhesivas-de-poliester\\\/#primaryimage\"},\"image\":{\"@id\":\"https:\\\/\\\/cardinal-tapes.com\\\/es\\\/cintas-adhesivas\\\/cintas-adhesivas-de-una-cara\\\/3m-8992-cintas-adhesivas-de-poliester\\\/#primaryimage\"},\"thumbnailUrl\":\"https:\\\/\\\/cardinal-tapes.com\\\/wp-content\\\/uploads\\\/3m_polyesterklebeband_8992.jpg\",\"datePublished\":\"2023-06-06T08:19:36+00:00\",\"dateModified\":\"2025-07-07T10:39:43+00:00\",\"description\":\"La cinta de poli\u00e9ster 3M\u2122 8992 es de aplicaci\u00f3n universal. Tambi\u00e9n es ideal como cinta de enmascarar en aplicaciones con altas temperaturas.\",\"breadcrumb\":{\"@id\":\"https:\\\/\\\/cardinal-tapes.com\\\/es\\\/cintas-adhesivas\\\/cintas-adhesivas-de-una-cara\\\/3m-8992-cintas-adhesivas-de-poliester\\\/#breadcrumb\"},\"inLanguage\":\"es\",\"potentialAction\":[{\"@type\":\"ReadAction\",\"target\":[\"https:\\\/\\\/cardinal-tapes.com\\\/es\\\/cintas-adhesivas\\\/cintas-adhesivas-de-una-cara\\\/3m-8992-cintas-adhesivas-de-poliester\\\/\"]}]},{\"@type\":\"ImageObject\",\"inLanguage\":\"es\",\"@id\":\"https:\\\/\\\/cardinal-tapes.com\\\/es\\\/cintas-adhesivas\\\/cintas-adhesivas-de-una-cara\\\/3m-8992-cintas-adhesivas-de-poliester\\\/#primaryimage\",\"url\":\"https:\\\/\\\/cardinal-tapes.com\\\/wp-content\\\/uploads\\\/3m_polyesterklebeband_8992.jpg\",\"contentUrl\":\"https:\\\/\\\/cardinal-tapes.com\\\/wp-content\\\/uploads\\\/3m_polyesterklebeband_8992.jpg\",\"width\":600,\"height\":600,\"caption\":\"Cinta de poli\u00e9ster 3M 8992\"},{\"@type\":\"BreadcrumbList\",\"@id\":\"https:\\\/\\\/cardinal-tapes.com\\\/es\\\/cintas-adhesivas\\\/cintas-adhesivas-de-una-cara\\\/3m-8992-cintas-adhesivas-de-poliester\\\/#breadcrumb\",\"itemListElement\":[{\"@type\":\"ListItem\",\"position\":1,\"name\":\"Startseite\",\"item\":\"https:\\\/\\\/cardinal-tapes.com\\\/es\\\/\"},{\"@type\":\"ListItem\",\"position\":2,\"name\":\"Cintas adhesivas\",\"item\":\"https:\\\/\\\/cardinal-tapes.com\\\/es\\\/cintas-adhesivas-es\\\/\"},{\"@type\":\"ListItem\",\"position\":3,\"name\":\"Cintas adhesivas de una cara\",\"item\":\"https:\\\/\\\/cardinal-tapes.com\\\/es\\\/categora\\\/cintas-adhesivas-de-una-cara\\\/\"},{\"@type\":\"ListItem\",\"position\":4,\"name\":\"3M\u2122 Cinta de poli\u00e9ster 8992 L\"}]},{\"@type\":\"WebSite\",\"@id\":\"https:\\\/\\\/cardinal-tapes.com\\\/#website\",\"url\":\"https:\\\/\\\/cardinal-tapes.com\\\/\",\"name\":\"cardinal TAPES\",\"description\":\"Klebetechnik aus Wuppertal\",\"potentialAction\":[{\"@type\":\"SearchAction\",\"target\":{\"@type\":\"EntryPoint\",\"urlTemplate\":\"https:\\\/\\\/cardinal-tapes.com\\\/?s={search_term_string}\"},\"query-input\":{\"@type\":\"PropertyValueSpecification\",\"valueRequired\":true,\"valueName\":\"search_term_string\"}}],\"inLanguage\":\"es\"}]}<\/script>\n<!-- \/ Yoast SEO plugin. -->","yoast_head_json":{"title":"3M\u2122 8992L Cinta de poli\u00e9ster | Cardinal Tapes","description":"La cinta de poli\u00e9ster 3M\u2122 8992 es de aplicaci\u00f3n universal. Tambi\u00e9n es ideal como cinta de enmascarar en aplicaciones con altas temperaturas.","robots":{"index":"index","follow":"follow","max-snippet":"max-snippet:-1","max-image-preview":"max-image-preview:large","max-video-preview":"max-video-preview:-1"},"canonical":"https:\/\/cardinal-tapes.com\/es\/cintas-adhesivas\/cintas-adhesivas-de-una-cara\/3m-8992-cintas-adhesivas-de-poliester\/","og_locale":"es_ES","og_type":"article","og_title":"3M\u2122 8992L Cinta de poli\u00e9ster | Cardinal Tapes","og_description":"La cinta de poli\u00e9ster 3M\u2122 8992 es de aplicaci\u00f3n universal. Tambi\u00e9n es ideal como cinta de enmascarar en aplicaciones con altas temperaturas.","og_url":"https:\/\/cardinal-tapes.com\/es\/cintas-adhesivas\/cintas-adhesivas-de-una-cara\/3m-8992-cintas-adhesivas-de-poliester\/","og_site_name":"cardinal TAPES","article_modified_time":"2025-07-07T10:39:43+00:00","og_image":[{"width":600,"height":600,"url":"https:\/\/cardinal-tapes.com\/wp-content\/uploads\/3m_polyesterklebeband_8992.jpg","type":"image\/jpeg"}],"twitter_card":"summary_large_image","twitter_misc":{"Tiempo de lectura":"1 minuto"},"schema":{"@context":"https:\/\/schema.org","@graph":[{"@type":"WebPage","@id":"https:\/\/cardinal-tapes.com\/es\/cintas-adhesivas\/cintas-adhesivas-de-una-cara\/3m-8992-cintas-adhesivas-de-poliester\/","url":"https:\/\/cardinal-tapes.com\/es\/cintas-adhesivas\/cintas-adhesivas-de-una-cara\/3m-8992-cintas-adhesivas-de-poliester\/","name":"3M\u2122 8992L Cinta de poli\u00e9ster | Cardinal Tapes","isPartOf":{"@id":"https:\/\/cardinal-tapes.com\/#website"},"primaryImageOfPage":{"@id":"https:\/\/cardinal-tapes.com\/es\/cintas-adhesivas\/cintas-adhesivas-de-una-cara\/3m-8992-cintas-adhesivas-de-poliester\/#primaryimage"},"image":{"@id":"https:\/\/cardinal-tapes.com\/es\/cintas-adhesivas\/cintas-adhesivas-de-una-cara\/3m-8992-cintas-adhesivas-de-poliester\/#primaryimage"},"thumbnailUrl":"https:\/\/cardinal-tapes.com\/wp-content\/uploads\/3m_polyesterklebeband_8992.jpg","datePublished":"2023-06-06T08:19:36+00:00","dateModified":"2025-07-07T10:39:43+00:00","description":"La cinta de poli\u00e9ster 3M\u2122 8992 es de aplicaci\u00f3n universal. Tambi\u00e9n es ideal como cinta de enmascarar en aplicaciones con altas temperaturas.","breadcrumb":{"@id":"https:\/\/cardinal-tapes.com\/es\/cintas-adhesivas\/cintas-adhesivas-de-una-cara\/3m-8992-cintas-adhesivas-de-poliester\/#breadcrumb"},"inLanguage":"es","potentialAction":[{"@type":"ReadAction","target":["https:\/\/cardinal-tapes.com\/es\/cintas-adhesivas\/cintas-adhesivas-de-una-cara\/3m-8992-cintas-adhesivas-de-poliester\/"]}]},{"@type":"ImageObject","inLanguage":"es","@id":"https:\/\/cardinal-tapes.com\/es\/cintas-adhesivas\/cintas-adhesivas-de-una-cara\/3m-8992-cintas-adhesivas-de-poliester\/#primaryimage","url":"https:\/\/cardinal-tapes.com\/wp-content\/uploads\/3m_polyesterklebeband_8992.jpg","contentUrl":"https:\/\/cardinal-tapes.com\/wp-content\/uploads\/3m_polyesterklebeband_8992.jpg","width":600,"height":600,"caption":"Cinta de poli\u00e9ster 3M 8992"},{"@type":"BreadcrumbList","@id":"https:\/\/cardinal-tapes.com\/es\/cintas-adhesivas\/cintas-adhesivas-de-una-cara\/3m-8992-cintas-adhesivas-de-poliester\/#breadcrumb","itemListElement":[{"@type":"ListItem","position":1,"name":"Startseite","item":"https:\/\/cardinal-tapes.com\/es\/"},{"@type":"ListItem","position":2,"name":"Cintas adhesivas","item":"https:\/\/cardinal-tapes.com\/es\/cintas-adhesivas-es\/"},{"@type":"ListItem","position":3,"name":"Cintas adhesivas de una cara","item":"https:\/\/cardinal-tapes.com\/es\/categora\/cintas-adhesivas-de-una-cara\/"},{"@type":"ListItem","position":4,"name":"3M\u2122 Cinta de poli\u00e9ster 8992 L"}]},{"@type":"WebSite","@id":"https:\/\/cardinal-tapes.com\/#website","url":"https:\/\/cardinal-tapes.com\/","name":"cardinal TAPES","description":"Klebetechnik aus Wuppertal","potentialAction":[{"@type":"SearchAction","target":{"@type":"EntryPoint","urlTemplate":"https:\/\/cardinal-tapes.com\/?s={search_term_string}"},"query-input":{"@type":"PropertyValueSpecification","valueRequired":true,"valueName":"search_term_string"}}],"inLanguage":"es"}]}},"brands":[{"id":2169,"name":"3M","slug":"3m-es"}],"_links":{"self":[{"href":"https:\/\/cardinal-tapes.com\/es\/wp-json\/wp\/v2\/product\/61279","targetHints":{"allow":["GET"]}}],"collection":[{"href":"https:\/\/cardinal-tapes.com\/es\/wp-json\/wp\/v2\/product"}],"about":[{"href":"https:\/\/cardinal-tapes.com\/es\/wp-json\/wp\/v2\/types\/product"}],"wp:featuredmedia":[{"embeddable":true,"href":"https:\/\/cardinal-tapes.com\/es\/wp-json\/wp\/v2\/media\/24431"}],"wp:attachment":[{"href":"https:\/\/cardinal-tapes.com\/es\/wp-json\/wp\/v2\/media?parent=61279"}],"wp:term":[{"taxonomy":"pwb-brand","embeddable":true,"href":"https:\/\/cardinal-tapes.com\/es\/wp-json\/wp\/v2\/pwb-brand?post=61279"},{"taxonomy":"product_brand","embeddable":true,"href":"https:\/\/cardinal-tapes.com\/es\/wp-json\/wp\/v2\/product_brand?post=61279"},{"taxonomy":"product_cat","embeddable":true,"href":"https:\/\/cardinal-tapes.com\/es\/wp-json\/wp\/v2\/product_cat?post=61279"},{"taxonomy":"product_tag","embeddable":true,"href":"https:\/\/cardinal-tapes.com\/es\/wp-json\/wp\/v2\/product_tag?post=61279"}],"curies":[{"name":"wp","href":"https:\/\/api.w.org\/{rel}","templated":true}]}}