{"id":61277,"date":"2017-12-08T09:17:08","date_gmt":"2023-06-06T08:19:36","guid":{"rendered":"https:\/\/cardinal.pixel-tal.de\/klebebaender\/sin%20categor\u00eda\/3m-cinta-adhesiva-crepe-2830\/"},"modified":"2025-07-07T11:37:53","modified_gmt":"2025-07-07T09:37:53","slug":"3m-cinta-adhesiva-2830","status":"publish","type":"product","link":"https:\/\/cardinal-tapes.com\/es\/cintas-adhesivas\/ambitos-de-aplicacion\/cinta-de-papel\/3m-cinta-adhesiva-2830\/","title":{"rendered":"3M\u2122 Cinta adhesiva crep\u00e9 2830"},"content":{"rendered":"<p>Gracias a sus propiedades, la cinta adhesiva 3M\u2122 Scotch 2830 se utiliza principalmente en la industria del autom\u00f3vil, pero tambi\u00e9n en muchos otros \u00e1mbitos. La propiedad m\u00e1s importante en este \u00e1mbito es su resistencia a las altas temperaturas. La cinta adhesiva se mantiene resistente hasta 140 \u00b0C durante m\u00e1s de una hora. Por ejemplo, es posible utilizar l\u00e1mparas de calefacci\u00f3n, pero tambi\u00e9n otros dispositivos que promuevan el calor. Adem\u00e1s, la cinta adhesiva Scotch 2830 es muy resistente al desgarro, se puede retirar sin dejar residuos y tiene una buena resistencia al agua. As\u00ed que puede utilizarse en muchos \u00e1mbitos.<\/p>\n<p><strong>Propiedades<\/strong><br \/>\n&#8211; Buena adherencia instant\u00e1nea y resistencia al desgarro<br \/>\n&#8211; F\u00e1cil manipulaci\u00f3n<br \/>\n&#8211; Buena resistencia a los disolventes<br \/>\n&#8211; Resistencia a altas temperaturas<\/p>\n<p><strong>Aplicaciones<\/strong><br \/>\n&#8211; Para enmascarar y sujetar en general, as\u00ed como para sellar y agrupar<br \/>\n&#8211; Para aplicaciones de automoci\u00f3n como reparaciones o fabricaci\u00f3n<\/p>\n","protected":false},"excerpt":{"rendered":"<h3><span style=\"color: #ff0000;\"><strong>Lo sentimos, este art\u00edculo ya no est\u00e1 disponible. Estaremos encantados de aconsejarle alternativas.<\/strong><\/span><\/h3>\n","protected":false},"featured_media":24451,"template":"","meta":{"_acf_changed":false},"pwb-brand":[2169],"product_brand":[],"product_cat":[1796,1806],"product_tag":[],"class_list":{"0":"post-61277","1":"product","2":"type-product","3":"status-publish","4":"has-post-thumbnail","6":"pwb-brand-3m-es","7":"product_cat-cinta-de-papel","8":"product_cat-cintas-adhesivas-de-una-cara","10":"first","11":"outofstock","12":"taxable","13":"shipping-taxable","14":"product-type-variable"},"acf":[],"yoast_head":"<!-- This site is optimized with the Yoast SEO plugin v27.3 - https:\/\/yoast.com\/product\/yoast-seo-wordpress\/ -->\n<title>3M Cinta Adhesiva 2830 | Cardinal TAPES<\/title>\n<meta name=\"description\" content=\"Gracias a sus propiedades, la cinta adhesiva Scotch 2830 se utiliza principalmente en la industria del autom\u00f3vil, pero tambi\u00e9n en muchos otros \u00e1mbitos. M\u00e1s informaci\u00f3n.\" \/>\n<meta name=\"robots\" content=\"index, follow, max-snippet:-1, max-image-preview:large, max-video-preview:-1\" \/>\n<link rel=\"canonical\" href=\"https:\/\/cardinal-tapes.com\/es\/cintas-adhesivas\/ambitos-de-aplicacion\/cinta-de-papel\/3m-cinta-adhesiva-2830\/\" \/>\n<meta property=\"og:locale\" content=\"es_ES\" \/>\n<meta property=\"og:type\" content=\"article\" \/>\n<meta property=\"og:title\" content=\"3M Cinta Adhesiva 2830 | Cardinal TAPES\" \/>\n<meta property=\"og:description\" content=\"Gracias a sus propiedades, la cinta adhesiva Scotch 2830 se utiliza principalmente en la industria del autom\u00f3vil, pero tambi\u00e9n en muchos otros \u00e1mbitos. M\u00e1s informaci\u00f3n.\" \/>\n<meta property=\"og:url\" content=\"https:\/\/cardinal-tapes.com\/es\/cintas-adhesivas\/ambitos-de-aplicacion\/cinta-de-papel\/3m-cinta-adhesiva-2830\/\" \/>\n<meta property=\"og:site_name\" content=\"cardinal TAPES\" \/>\n<meta property=\"article:modified_time\" content=\"2025-07-07T09:37:53+00:00\" \/>\n<meta property=\"og:image\" content=\"https:\/\/cardinal-tapes.com\/wp-content\/uploads\/3m_scotch_papierklebeband_2830.jpg\" \/>\n\t<meta property=\"og:image:width\" content=\"600\" \/>\n\t<meta property=\"og:image:height\" content=\"600\" \/>\n\t<meta property=\"og:image:type\" content=\"image\/jpeg\" \/>\n<meta name=\"twitter:card\" content=\"summary_large_image\" \/>\n<meta name=\"twitter:label1\" content=\"Tiempo de lectura\" \/>\n\t<meta name=\"twitter:data1\" content=\"1 minuto\" \/>\n<script type=\"application\/ld+json\" class=\"yoast-schema-graph\">{\"@context\":\"https:\\\/\\\/schema.org\",\"@graph\":[{\"@type\":\"WebPage\",\"@id\":\"https:\\\/\\\/cardinal-tapes.com\\\/es\\\/cintas-adhesivas\\\/ambitos-de-aplicacion\\\/cinta-de-papel\\\/3m-cinta-adhesiva-2830\\\/\",\"url\":\"https:\\\/\\\/cardinal-tapes.com\\\/es\\\/cintas-adhesivas\\\/ambitos-de-aplicacion\\\/cinta-de-papel\\\/3m-cinta-adhesiva-2830\\\/\",\"name\":\"3M Cinta Adhesiva 2830 | Cardinal TAPES\",\"isPartOf\":{\"@id\":\"https:\\\/\\\/cardinal-tapes.com\\\/#website\"},\"primaryImageOfPage\":{\"@id\":\"https:\\\/\\\/cardinal-tapes.com\\\/es\\\/cintas-adhesivas\\\/ambitos-de-aplicacion\\\/cinta-de-papel\\\/3m-cinta-adhesiva-2830\\\/#primaryimage\"},\"image\":{\"@id\":\"https:\\\/\\\/cardinal-tapes.com\\\/es\\\/cintas-adhesivas\\\/ambitos-de-aplicacion\\\/cinta-de-papel\\\/3m-cinta-adhesiva-2830\\\/#primaryimage\"},\"thumbnailUrl\":\"https:\\\/\\\/cardinal-tapes.com\\\/wp-content\\\/uploads\\\/3m_scotch_papierklebeband_2830.jpg\",\"datePublished\":\"2023-06-06T08:19:36+00:00\",\"dateModified\":\"2025-07-07T09:37:53+00:00\",\"description\":\"Gracias a sus propiedades, la cinta adhesiva Scotch 2830 se utiliza principalmente en la industria del autom\u00f3vil, pero tambi\u00e9n en muchos otros \u00e1mbitos. M\u00e1s informaci\u00f3n.\",\"breadcrumb\":{\"@id\":\"https:\\\/\\\/cardinal-tapes.com\\\/es\\\/cintas-adhesivas\\\/ambitos-de-aplicacion\\\/cinta-de-papel\\\/3m-cinta-adhesiva-2830\\\/#breadcrumb\"},\"inLanguage\":\"es\",\"potentialAction\":[{\"@type\":\"ReadAction\",\"target\":[\"https:\\\/\\\/cardinal-tapes.com\\\/es\\\/cintas-adhesivas\\\/ambitos-de-aplicacion\\\/cinta-de-papel\\\/3m-cinta-adhesiva-2830\\\/\"]}]},{\"@type\":\"ImageObject\",\"inLanguage\":\"es\",\"@id\":\"https:\\\/\\\/cardinal-tapes.com\\\/es\\\/cintas-adhesivas\\\/ambitos-de-aplicacion\\\/cinta-de-papel\\\/3m-cinta-adhesiva-2830\\\/#primaryimage\",\"url\":\"https:\\\/\\\/cardinal-tapes.com\\\/wp-content\\\/uploads\\\/3m_scotch_papierklebeband_2830.jpg\",\"contentUrl\":\"https:\\\/\\\/cardinal-tapes.com\\\/wp-content\\\/uploads\\\/3m_scotch_papierklebeband_2830.jpg\",\"width\":600,\"height\":600,\"caption\":\"3M Cinta de papel Scotch 2830\"},{\"@type\":\"BreadcrumbList\",\"@id\":\"https:\\\/\\\/cardinal-tapes.com\\\/es\\\/cintas-adhesivas\\\/ambitos-de-aplicacion\\\/cinta-de-papel\\\/3m-cinta-adhesiva-2830\\\/#breadcrumb\",\"itemListElement\":[{\"@type\":\"ListItem\",\"position\":1,\"name\":\"Startseite\",\"item\":\"https:\\\/\\\/cardinal-tapes.com\\\/es\\\/\"},{\"@type\":\"ListItem\",\"position\":2,\"name\":\"Cintas adhesivas\",\"item\":\"https:\\\/\\\/cardinal-tapes.com\\\/es\\\/cintas-adhesivas-es\\\/\"},{\"@type\":\"ListItem\",\"position\":3,\"name\":\"Einseitige Klebeb\u00e4nder\",\"item\":\"https:\\\/\\\/cardinal-tapes.com\\\/kategorie\\\/einseitige-klebebaender\\\/\"},{\"@type\":\"ListItem\",\"position\":4,\"name\":\"3M\u2122 Cinta adhesiva crep\u00e9 2830\"}]},{\"@type\":\"WebSite\",\"@id\":\"https:\\\/\\\/cardinal-tapes.com\\\/#website\",\"url\":\"https:\\\/\\\/cardinal-tapes.com\\\/\",\"name\":\"cardinal TAPES\",\"description\":\"Klebetechnik aus Wuppertal\",\"potentialAction\":[{\"@type\":\"SearchAction\",\"target\":{\"@type\":\"EntryPoint\",\"urlTemplate\":\"https:\\\/\\\/cardinal-tapes.com\\\/?s={search_term_string}\"},\"query-input\":{\"@type\":\"PropertyValueSpecification\",\"valueRequired\":true,\"valueName\":\"search_term_string\"}}],\"inLanguage\":\"es\"}]}<\/script>\n<!-- \/ Yoast SEO plugin. -->","yoast_head_json":{"title":"3M Cinta Adhesiva 2830 | Cardinal TAPES","description":"Gracias a sus propiedades, la cinta adhesiva Scotch 2830 se utiliza principalmente en la industria del autom\u00f3vil, pero tambi\u00e9n en muchos otros \u00e1mbitos. M\u00e1s informaci\u00f3n.","robots":{"index":"index","follow":"follow","max-snippet":"max-snippet:-1","max-image-preview":"max-image-preview:large","max-video-preview":"max-video-preview:-1"},"canonical":"https:\/\/cardinal-tapes.com\/es\/cintas-adhesivas\/ambitos-de-aplicacion\/cinta-de-papel\/3m-cinta-adhesiva-2830\/","og_locale":"es_ES","og_type":"article","og_title":"3M Cinta Adhesiva 2830 | Cardinal TAPES","og_description":"Gracias a sus propiedades, la cinta adhesiva Scotch 2830 se utiliza principalmente en la industria del autom\u00f3vil, pero tambi\u00e9n en muchos otros \u00e1mbitos. M\u00e1s informaci\u00f3n.","og_url":"https:\/\/cardinal-tapes.com\/es\/cintas-adhesivas\/ambitos-de-aplicacion\/cinta-de-papel\/3m-cinta-adhesiva-2830\/","og_site_name":"cardinal TAPES","article_modified_time":"2025-07-07T09:37:53+00:00","og_image":[{"width":600,"height":600,"url":"https:\/\/cardinal-tapes.com\/wp-content\/uploads\/3m_scotch_papierklebeband_2830.jpg","type":"image\/jpeg"}],"twitter_card":"summary_large_image","twitter_misc":{"Tiempo de lectura":"1 minuto"},"schema":{"@context":"https:\/\/schema.org","@graph":[{"@type":"WebPage","@id":"https:\/\/cardinal-tapes.com\/es\/cintas-adhesivas\/ambitos-de-aplicacion\/cinta-de-papel\/3m-cinta-adhesiva-2830\/","url":"https:\/\/cardinal-tapes.com\/es\/cintas-adhesivas\/ambitos-de-aplicacion\/cinta-de-papel\/3m-cinta-adhesiva-2830\/","name":"3M Cinta Adhesiva 2830 | Cardinal TAPES","isPartOf":{"@id":"https:\/\/cardinal-tapes.com\/#website"},"primaryImageOfPage":{"@id":"https:\/\/cardinal-tapes.com\/es\/cintas-adhesivas\/ambitos-de-aplicacion\/cinta-de-papel\/3m-cinta-adhesiva-2830\/#primaryimage"},"image":{"@id":"https:\/\/cardinal-tapes.com\/es\/cintas-adhesivas\/ambitos-de-aplicacion\/cinta-de-papel\/3m-cinta-adhesiva-2830\/#primaryimage"},"thumbnailUrl":"https:\/\/cardinal-tapes.com\/wp-content\/uploads\/3m_scotch_papierklebeband_2830.jpg","datePublished":"2023-06-06T08:19:36+00:00","dateModified":"2025-07-07T09:37:53+00:00","description":"Gracias a sus propiedades, la cinta adhesiva Scotch 2830 se utiliza principalmente en la industria del autom\u00f3vil, pero tambi\u00e9n en muchos otros \u00e1mbitos. M\u00e1s informaci\u00f3n.","breadcrumb":{"@id":"https:\/\/cardinal-tapes.com\/es\/cintas-adhesivas\/ambitos-de-aplicacion\/cinta-de-papel\/3m-cinta-adhesiva-2830\/#breadcrumb"},"inLanguage":"es","potentialAction":[{"@type":"ReadAction","target":["https:\/\/cardinal-tapes.com\/es\/cintas-adhesivas\/ambitos-de-aplicacion\/cinta-de-papel\/3m-cinta-adhesiva-2830\/"]}]},{"@type":"ImageObject","inLanguage":"es","@id":"https:\/\/cardinal-tapes.com\/es\/cintas-adhesivas\/ambitos-de-aplicacion\/cinta-de-papel\/3m-cinta-adhesiva-2830\/#primaryimage","url":"https:\/\/cardinal-tapes.com\/wp-content\/uploads\/3m_scotch_papierklebeband_2830.jpg","contentUrl":"https:\/\/cardinal-tapes.com\/wp-content\/uploads\/3m_scotch_papierklebeband_2830.jpg","width":600,"height":600,"caption":"3M Cinta de papel Scotch 2830"},{"@type":"BreadcrumbList","@id":"https:\/\/cardinal-tapes.com\/es\/cintas-adhesivas\/ambitos-de-aplicacion\/cinta-de-papel\/3m-cinta-adhesiva-2830\/#breadcrumb","itemListElement":[{"@type":"ListItem","position":1,"name":"Startseite","item":"https:\/\/cardinal-tapes.com\/es\/"},{"@type":"ListItem","position":2,"name":"Cintas adhesivas","item":"https:\/\/cardinal-tapes.com\/es\/cintas-adhesivas-es\/"},{"@type":"ListItem","position":3,"name":"Einseitige Klebeb\u00e4nder","item":"https:\/\/cardinal-tapes.com\/kategorie\/einseitige-klebebaender\/"},{"@type":"ListItem","position":4,"name":"3M\u2122 Cinta adhesiva crep\u00e9 2830"}]},{"@type":"WebSite","@id":"https:\/\/cardinal-tapes.com\/#website","url":"https:\/\/cardinal-tapes.com\/","name":"cardinal TAPES","description":"Klebetechnik aus Wuppertal","potentialAction":[{"@type":"SearchAction","target":{"@type":"EntryPoint","urlTemplate":"https:\/\/cardinal-tapes.com\/?s={search_term_string}"},"query-input":{"@type":"PropertyValueSpecification","valueRequired":true,"valueName":"search_term_string"}}],"inLanguage":"es"}]}},"brands":[{"id":2169,"name":"3M","slug":"3m-es"}],"_links":{"self":[{"href":"https:\/\/cardinal-tapes.com\/es\/wp-json\/wp\/v2\/product\/61277","targetHints":{"allow":["GET"]}}],"collection":[{"href":"https:\/\/cardinal-tapes.com\/es\/wp-json\/wp\/v2\/product"}],"about":[{"href":"https:\/\/cardinal-tapes.com\/es\/wp-json\/wp\/v2\/types\/product"}],"wp:featuredmedia":[{"embeddable":true,"href":"https:\/\/cardinal-tapes.com\/es\/wp-json\/wp\/v2\/media\/24451"}],"wp:attachment":[{"href":"https:\/\/cardinal-tapes.com\/es\/wp-json\/wp\/v2\/media?parent=61277"}],"wp:term":[{"taxonomy":"pwb-brand","embeddable":true,"href":"https:\/\/cardinal-tapes.com\/es\/wp-json\/wp\/v2\/pwb-brand?post=61277"},{"taxonomy":"product_brand","embeddable":true,"href":"https:\/\/cardinal-tapes.com\/es\/wp-json\/wp\/v2\/product_brand?post=61277"},{"taxonomy":"product_cat","embeddable":true,"href":"https:\/\/cardinal-tapes.com\/es\/wp-json\/wp\/v2\/product_cat?post=61277"},{"taxonomy":"product_tag","embeddable":true,"href":"https:\/\/cardinal-tapes.com\/es\/wp-json\/wp\/v2\/product_tag?post=61277"}],"curies":[{"name":"wp","href":"https:\/\/api.w.org\/{rel}","templated":true}]}}