{"id":61227,"date":"2017-12-08T09:46:51","date_gmt":"2023-06-06T08:10:05","guid":{"rendered":"https:\/\/cardinal.pixel-tal.de\/klebebaender\/sin%20categor\u00eda\/3m-scotch-cinta-de-linea-de-color-de-alta-temperatura-4737\/"},"modified":"2025-07-03T16:12:31","modified_gmt":"2025-07-03T14:12:31","slug":"3m-4737t-banda-de-color-de-alta-temperatura","status":"publish","type":"product","link":"https:\/\/cardinal-tapes.com\/es\/cintas-adhesivas\/cintas-adhesivas-de-una-cara\/3m-4737t-banda-de-color-de-alta-temperatura\/","title":{"rendered":"3M\u2122 Scotch\u00ae Cinta de l\u00ednea de color de alta temperatura 4737"},"content":{"rendered":"<p>3M\u2122 Scotch\u00ae High Temperature Colour Line Tape 4737 es una cinta conformable que se puede utilizar para conseguir bordes n\u00edtidos de l\u00edneas de color y separaci\u00f3n de colores en curvas y l\u00edneas rectas. Ha demostrado su eficacia en aplicaciones de pintura a altas temperaturas en las que se requiere una cinta conformable.<\/p>\n<p class=\"MMM--gapBottom\"><strong>Caracter\u00edsticas<br \/>\n<\/strong>La cinta 4737 tiene un soporte de vinilo resistente al calor para una retirada limpia en una sola pieza, lo que ahorra tiempo de producci\u00f3n. La combinaci\u00f3n de soporte de vinilo y adhesivo de caucho con ciclos de quemado de 30 minutos a altas temperaturas de hasta 149\u00baC proporciona una fijaci\u00f3n fuerte y deja un residuo m\u00ednimo de adhesivo al retirarlo. Est\u00e1 dise\u00f1ado para uso exclusivo en interiores.<\/p>\n<p><b>Aplicaciones<\/b><br \/>\n&#8211; Ideal en la industria del transporte OEM para enmascarar al pintar superficies met\u00e1licas y pl\u00e1sticas.<\/p>\n","protected":false},"excerpt":{"rendered":"<p>3M\u2122 Scotch\u00ae High Temperature Colour Line Tape 4737 es una cinta conformable que se puede utilizar para conseguir bordes n\u00edtidos de l\u00edneas de color y separaci\u00f3n de colores en curvas y l\u00edneas rectas. Ha demostrado su eficacia en aplicaciones de pintura a altas temperaturas en las que se requiere una cinta conformable. Caracter\u00edsticas La cinta [&hellip;]<\/p>\n","protected":false},"featured_media":24479,"template":"","meta":{"_acf_changed":false},"pwb-brand":[2169],"product_brand":[],"product_cat":[1806],"product_tag":[],"class_list":{"0":"post-61227","1":"product","2":"type-product","3":"status-publish","4":"has-post-thumbnail","6":"pwb-brand-3m-es","7":"product_cat-cintas-adhesivas-de-una-cara","9":"first","10":"instock","11":"taxable","12":"shipping-taxable","13":"purchasable","14":"product-type-variable"},"acf":[],"yoast_head":"<!-- This site is optimized with the Yoast SEO plugin v27.3 - https:\/\/yoast.com\/product\/yoast-seo-wordpress\/ -->\n<title>3M\u2122 4737 Scotch\u00ae Cinta de l\u00ednea de color de alta temperatura | CINTAS Cardinales<\/title>\n<meta name=\"description\" content=\"4737 es una cinta conformable que puede utilizarse para conseguir bordes de l\u00edneas de color n\u00edtidos y separaci\u00f3n de colores en curvas y l\u00edneas rectas.\" \/>\n<meta name=\"robots\" content=\"index, follow, max-snippet:-1, max-image-preview:large, max-video-preview:-1\" \/>\n<link rel=\"canonical\" href=\"https:\/\/cardinal-tapes.com\/es\/cintas-adhesivas\/cintas-adhesivas-de-una-cara\/3m-4737t-banda-de-color-de-alta-temperatura\/\" \/>\n<meta property=\"og:locale\" content=\"es_ES\" \/>\n<meta property=\"og:type\" content=\"article\" \/>\n<meta property=\"og:title\" content=\"3M\u2122 4737 Scotch\u00ae Cinta de l\u00ednea de color de alta temperatura | CINTAS Cardinales\" \/>\n<meta property=\"og:description\" content=\"4737 es una cinta conformable que puede utilizarse para conseguir bordes de l\u00edneas de color n\u00edtidos y separaci\u00f3n de colores en curvas y l\u00edneas rectas.\" \/>\n<meta property=\"og:url\" content=\"https:\/\/cardinal-tapes.com\/es\/cintas-adhesivas\/cintas-adhesivas-de-una-cara\/3m-4737t-banda-de-color-de-alta-temperatura\/\" \/>\n<meta property=\"og:site_name\" content=\"cardinal TAPES\" \/>\n<meta property=\"article:modified_time\" content=\"2025-07-03T14:12:31+00:00\" \/>\n<meta property=\"og:image\" content=\"https:\/\/cardinal-tapes.com\/wp-content\/uploads\/3m_scotch_hochtemperatur_farblinienband_4737.jpg\" \/>\n\t<meta property=\"og:image:width\" content=\"600\" \/>\n\t<meta property=\"og:image:height\" content=\"600\" \/>\n\t<meta property=\"og:image:type\" content=\"image\/jpeg\" \/>\n<meta name=\"twitter:card\" content=\"summary_large_image\" \/>\n<meta name=\"twitter:label1\" content=\"Tiempo de lectura\" \/>\n\t<meta name=\"twitter:data1\" content=\"1 minuto\" \/>\n<script type=\"application\/ld+json\" class=\"yoast-schema-graph\">{\"@context\":\"https:\\\/\\\/schema.org\",\"@graph\":[{\"@type\":\"WebPage\",\"@id\":\"https:\\\/\\\/cardinal-tapes.com\\\/es\\\/cintas-adhesivas\\\/cintas-adhesivas-de-una-cara\\\/3m-4737t-banda-de-color-de-alta-temperatura\\\/\",\"url\":\"https:\\\/\\\/cardinal-tapes.com\\\/es\\\/cintas-adhesivas\\\/cintas-adhesivas-de-una-cara\\\/3m-4737t-banda-de-color-de-alta-temperatura\\\/\",\"name\":\"3M\u2122 4737 Scotch\u00ae Cinta de l\u00ednea de color de alta temperatura | CINTAS Cardinales\",\"isPartOf\":{\"@id\":\"https:\\\/\\\/cardinal-tapes.com\\\/#website\"},\"primaryImageOfPage\":{\"@id\":\"https:\\\/\\\/cardinal-tapes.com\\\/es\\\/cintas-adhesivas\\\/cintas-adhesivas-de-una-cara\\\/3m-4737t-banda-de-color-de-alta-temperatura\\\/#primaryimage\"},\"image\":{\"@id\":\"https:\\\/\\\/cardinal-tapes.com\\\/es\\\/cintas-adhesivas\\\/cintas-adhesivas-de-una-cara\\\/3m-4737t-banda-de-color-de-alta-temperatura\\\/#primaryimage\"},\"thumbnailUrl\":\"https:\\\/\\\/cardinal-tapes.com\\\/wp-content\\\/uploads\\\/3m_scotch_hochtemperatur_farblinienband_4737.jpg\",\"datePublished\":\"2023-06-06T08:10:05+00:00\",\"dateModified\":\"2025-07-03T14:12:31+00:00\",\"description\":\"4737 es una cinta conformable que puede utilizarse para conseguir bordes de l\u00edneas de color n\u00edtidos y separaci\u00f3n de colores en curvas y l\u00edneas rectas.\",\"breadcrumb\":{\"@id\":\"https:\\\/\\\/cardinal-tapes.com\\\/es\\\/cintas-adhesivas\\\/cintas-adhesivas-de-una-cara\\\/3m-4737t-banda-de-color-de-alta-temperatura\\\/#breadcrumb\"},\"inLanguage\":\"es\",\"potentialAction\":[{\"@type\":\"ReadAction\",\"target\":[\"https:\\\/\\\/cardinal-tapes.com\\\/es\\\/cintas-adhesivas\\\/cintas-adhesivas-de-una-cara\\\/3m-4737t-banda-de-color-de-alta-temperatura\\\/\"]}]},{\"@type\":\"ImageObject\",\"inLanguage\":\"es\",\"@id\":\"https:\\\/\\\/cardinal-tapes.com\\\/es\\\/cintas-adhesivas\\\/cintas-adhesivas-de-una-cara\\\/3m-4737t-banda-de-color-de-alta-temperatura\\\/#primaryimage\",\"url\":\"https:\\\/\\\/cardinal-tapes.com\\\/wp-content\\\/uploads\\\/3m_scotch_hochtemperatur_farblinienband_4737.jpg\",\"contentUrl\":\"https:\\\/\\\/cardinal-tapes.com\\\/wp-content\\\/uploads\\\/3m_scotch_hochtemperatur_farblinienband_4737.jpg\",\"width\":600,\"height\":600,\"caption\":\"3M Cinta Scotch L\u00ednea de Color 4737\"},{\"@type\":\"BreadcrumbList\",\"@id\":\"https:\\\/\\\/cardinal-tapes.com\\\/es\\\/cintas-adhesivas\\\/cintas-adhesivas-de-una-cara\\\/3m-4737t-banda-de-color-de-alta-temperatura\\\/#breadcrumb\",\"itemListElement\":[{\"@type\":\"ListItem\",\"position\":1,\"name\":\"Startseite\",\"item\":\"https:\\\/\\\/cardinal-tapes.com\\\/es\\\/\"},{\"@type\":\"ListItem\",\"position\":2,\"name\":\"Cintas adhesivas\",\"item\":\"https:\\\/\\\/cardinal-tapes.com\\\/es\\\/cintas-adhesivas-es\\\/\"},{\"@type\":\"ListItem\",\"position\":3,\"name\":\"Cintas adhesivas de una cara\",\"item\":\"https:\\\/\\\/cardinal-tapes.com\\\/es\\\/categora\\\/cintas-adhesivas-de-una-cara\\\/\"},{\"@type\":\"ListItem\",\"position\":4,\"name\":\"3M\u2122 Scotch\u00ae Cinta de l\u00ednea de color de alta temperatura 4737\"}]},{\"@type\":\"WebSite\",\"@id\":\"https:\\\/\\\/cardinal-tapes.com\\\/#website\",\"url\":\"https:\\\/\\\/cardinal-tapes.com\\\/\",\"name\":\"cardinal TAPES\",\"description\":\"Klebetechnik aus Wuppertal\",\"potentialAction\":[{\"@type\":\"SearchAction\",\"target\":{\"@type\":\"EntryPoint\",\"urlTemplate\":\"https:\\\/\\\/cardinal-tapes.com\\\/?s={search_term_string}\"},\"query-input\":{\"@type\":\"PropertyValueSpecification\",\"valueRequired\":true,\"valueName\":\"search_term_string\"}}],\"inLanguage\":\"es\"}]}<\/script>\n<!-- \/ Yoast SEO plugin. -->","yoast_head_json":{"title":"3M\u2122 4737 Scotch\u00ae Cinta de l\u00ednea de color de alta temperatura | CINTAS Cardinales","description":"4737 es una cinta conformable que puede utilizarse para conseguir bordes de l\u00edneas de color n\u00edtidos y separaci\u00f3n de colores en curvas y l\u00edneas rectas.","robots":{"index":"index","follow":"follow","max-snippet":"max-snippet:-1","max-image-preview":"max-image-preview:large","max-video-preview":"max-video-preview:-1"},"canonical":"https:\/\/cardinal-tapes.com\/es\/cintas-adhesivas\/cintas-adhesivas-de-una-cara\/3m-4737t-banda-de-color-de-alta-temperatura\/","og_locale":"es_ES","og_type":"article","og_title":"3M\u2122 4737 Scotch\u00ae Cinta de l\u00ednea de color de alta temperatura | CINTAS Cardinales","og_description":"4737 es una cinta conformable que puede utilizarse para conseguir bordes de l\u00edneas de color n\u00edtidos y separaci\u00f3n de colores en curvas y l\u00edneas rectas.","og_url":"https:\/\/cardinal-tapes.com\/es\/cintas-adhesivas\/cintas-adhesivas-de-una-cara\/3m-4737t-banda-de-color-de-alta-temperatura\/","og_site_name":"cardinal TAPES","article_modified_time":"2025-07-03T14:12:31+00:00","og_image":[{"width":600,"height":600,"url":"https:\/\/cardinal-tapes.com\/wp-content\/uploads\/3m_scotch_hochtemperatur_farblinienband_4737.jpg","type":"image\/jpeg"}],"twitter_card":"summary_large_image","twitter_misc":{"Tiempo de lectura":"1 minuto"},"schema":{"@context":"https:\/\/schema.org","@graph":[{"@type":"WebPage","@id":"https:\/\/cardinal-tapes.com\/es\/cintas-adhesivas\/cintas-adhesivas-de-una-cara\/3m-4737t-banda-de-color-de-alta-temperatura\/","url":"https:\/\/cardinal-tapes.com\/es\/cintas-adhesivas\/cintas-adhesivas-de-una-cara\/3m-4737t-banda-de-color-de-alta-temperatura\/","name":"3M\u2122 4737 Scotch\u00ae Cinta de l\u00ednea de color de alta temperatura | CINTAS Cardinales","isPartOf":{"@id":"https:\/\/cardinal-tapes.com\/#website"},"primaryImageOfPage":{"@id":"https:\/\/cardinal-tapes.com\/es\/cintas-adhesivas\/cintas-adhesivas-de-una-cara\/3m-4737t-banda-de-color-de-alta-temperatura\/#primaryimage"},"image":{"@id":"https:\/\/cardinal-tapes.com\/es\/cintas-adhesivas\/cintas-adhesivas-de-una-cara\/3m-4737t-banda-de-color-de-alta-temperatura\/#primaryimage"},"thumbnailUrl":"https:\/\/cardinal-tapes.com\/wp-content\/uploads\/3m_scotch_hochtemperatur_farblinienband_4737.jpg","datePublished":"2023-06-06T08:10:05+00:00","dateModified":"2025-07-03T14:12:31+00:00","description":"4737 es una cinta conformable que puede utilizarse para conseguir bordes de l\u00edneas de color n\u00edtidos y separaci\u00f3n de colores en curvas y l\u00edneas rectas.","breadcrumb":{"@id":"https:\/\/cardinal-tapes.com\/es\/cintas-adhesivas\/cintas-adhesivas-de-una-cara\/3m-4737t-banda-de-color-de-alta-temperatura\/#breadcrumb"},"inLanguage":"es","potentialAction":[{"@type":"ReadAction","target":["https:\/\/cardinal-tapes.com\/es\/cintas-adhesivas\/cintas-adhesivas-de-una-cara\/3m-4737t-banda-de-color-de-alta-temperatura\/"]}]},{"@type":"ImageObject","inLanguage":"es","@id":"https:\/\/cardinal-tapes.com\/es\/cintas-adhesivas\/cintas-adhesivas-de-una-cara\/3m-4737t-banda-de-color-de-alta-temperatura\/#primaryimage","url":"https:\/\/cardinal-tapes.com\/wp-content\/uploads\/3m_scotch_hochtemperatur_farblinienband_4737.jpg","contentUrl":"https:\/\/cardinal-tapes.com\/wp-content\/uploads\/3m_scotch_hochtemperatur_farblinienband_4737.jpg","width":600,"height":600,"caption":"3M Cinta Scotch L\u00ednea de Color 4737"},{"@type":"BreadcrumbList","@id":"https:\/\/cardinal-tapes.com\/es\/cintas-adhesivas\/cintas-adhesivas-de-una-cara\/3m-4737t-banda-de-color-de-alta-temperatura\/#breadcrumb","itemListElement":[{"@type":"ListItem","position":1,"name":"Startseite","item":"https:\/\/cardinal-tapes.com\/es\/"},{"@type":"ListItem","position":2,"name":"Cintas adhesivas","item":"https:\/\/cardinal-tapes.com\/es\/cintas-adhesivas-es\/"},{"@type":"ListItem","position":3,"name":"Cintas adhesivas de una cara","item":"https:\/\/cardinal-tapes.com\/es\/categora\/cintas-adhesivas-de-una-cara\/"},{"@type":"ListItem","position":4,"name":"3M\u2122 Scotch\u00ae Cinta de l\u00ednea de color de alta temperatura 4737"}]},{"@type":"WebSite","@id":"https:\/\/cardinal-tapes.com\/#website","url":"https:\/\/cardinal-tapes.com\/","name":"cardinal TAPES","description":"Klebetechnik aus Wuppertal","potentialAction":[{"@type":"SearchAction","target":{"@type":"EntryPoint","urlTemplate":"https:\/\/cardinal-tapes.com\/?s={search_term_string}"},"query-input":{"@type":"PropertyValueSpecification","valueRequired":true,"valueName":"search_term_string"}}],"inLanguage":"es"}]}},"brands":[{"id":2169,"name":"3M","slug":"3m-es"}],"_links":{"self":[{"href":"https:\/\/cardinal-tapes.com\/es\/wp-json\/wp\/v2\/product\/61227","targetHints":{"allow":["GET"]}}],"collection":[{"href":"https:\/\/cardinal-tapes.com\/es\/wp-json\/wp\/v2\/product"}],"about":[{"href":"https:\/\/cardinal-tapes.com\/es\/wp-json\/wp\/v2\/types\/product"}],"wp:featuredmedia":[{"embeddable":true,"href":"https:\/\/cardinal-tapes.com\/es\/wp-json\/wp\/v2\/media\/24479"}],"wp:attachment":[{"href":"https:\/\/cardinal-tapes.com\/es\/wp-json\/wp\/v2\/media?parent=61227"}],"wp:term":[{"taxonomy":"pwb-brand","embeddable":true,"href":"https:\/\/cardinal-tapes.com\/es\/wp-json\/wp\/v2\/pwb-brand?post=61227"},{"taxonomy":"product_brand","embeddable":true,"href":"https:\/\/cardinal-tapes.com\/es\/wp-json\/wp\/v2\/product_brand?post=61227"},{"taxonomy":"product_cat","embeddable":true,"href":"https:\/\/cardinal-tapes.com\/es\/wp-json\/wp\/v2\/product_cat?post=61227"},{"taxonomy":"product_tag","embeddable":true,"href":"https:\/\/cardinal-tapes.com\/es\/wp-json\/wp\/v2\/product_tag?post=61227"}],"curies":[{"name":"wp","href":"https:\/\/api.w.org\/{rel}","templated":true}]}}