{"id":61198,"date":"2017-12-08T09:48:10","date_gmt":"2023-06-06T08:10:03","guid":{"rendered":"https:\/\/cardinal.pixel-tal.de\/klebebaender\/sin categor\u00eda\/3m-cinta-de-poliuretano-flocada-de-poliester-8581\/"},"modified":"2023-06-06T10:10:03","modified_gmt":"2023-06-06T08:10:03","slug":"3m-8581-cinta-adhesiva-de-poliamida-y-poliuretano-flocado","status":"publish","type":"product","link":"https:\/\/cardinal-tapes.com\/es\/cintas-adhesivas\/cintas-adhesivas-de-una-cara\/3m-8581-cinta-adhesiva-de-poliamida-y-poliuretano-flocado\/","title":{"rendered":"3M\u2122 Cinta de poliuretano flocada de poli\u00e9ster 8581"},"content":{"rendered":"<p>La Scotch\u2122 8581 es una cinta de poliuretano flocada con fibras de poliamida negra, recubierta de un papel protector repelente del adhesivo.<br \/>\nEl excelente anclaje de los copos y la alta resistencia a la abrasi\u00f3n del material de los copos y del soporte de poliuretano garantizan un uso prolongado incluso en las condiciones m\u00e1s dif\u00edciles.<\/p>\n<p><strong>Propiedades<br \/>\n<\/strong>La cinta adhesiva 8581 se caracteriza por una buena resistencia a la temperatura y una excelente conformabilidad con una larga vida \u00fatil.<\/p>\n<p class=\"SNAPS--pdpTabDes\"><strong>Aplicaciones:<br \/>\n<\/strong>&#8211; amortiguaci\u00f3n del ruido entre piezas m\u00f3viles e inm\u00f3viles que se van a unir<br \/>\n&#8211; Revestimiento antiara\u00f1azos y amortiguaci\u00f3n de impactos en la producci\u00f3n y el acabado de chapas met\u00e1licas<br \/>\n&#8211; Burlete o list\u00f3n de tope en puertas y ventanas correderas<br \/>\n&#8211; Revestimiento antiara\u00f1azos para la protecci\u00f3n de piezas en m\u00e1quinas de moldeo por inyecci\u00f3n de pl\u00e1stico<\/p>\n","protected":false},"excerpt":{"rendered":"<p>La Scotch\u2122 8581 es una cinta de poliuretano flocada con fibras de poliamida negra, recubierta de un papel protector repelente del adhesivo. El excelente anclaje de los copos y la alta resistencia a la abrasi\u00f3n del material de los copos y del soporte de poliuretano garantizan un uso prolongado incluso en las condiciones m\u00e1s dif\u00edciles. [&hellip;]<\/p>\n","protected":false},"featured_media":24483,"template":"","meta":{"_acf_changed":false},"pwb-brand":[2169],"product_brand":[],"product_cat":[1806],"product_tag":[],"class_list":{"0":"post-61198","1":"product","2":"type-product","3":"status-publish","4":"has-post-thumbnail","6":"pwb-brand-3m-es","7":"product_cat-cintas-adhesivas-de-una-cara","9":"first","10":"instock","11":"taxable","12":"shipping-taxable","13":"purchasable","14":"product-type-variable"},"acf":[],"yoast_head":"<!-- This site is optimized with the Yoast SEO plugin v27.3 - https:\/\/yoast.com\/product\/yoast-seo-wordpress\/ -->\n<title>3M\u2122 8581 Cinta de poliuretano flocada de poli\u00e9ster | CINTAS Cardinales<\/title>\n<meta name=\"description\" content=\"Scotch\u2122 8581 es una cinta de poliuretano flocada con fibras de poliamida negra, recubierta con un papel protector repelente del adhesivo.\" \/>\n<meta name=\"robots\" content=\"index, follow, max-snippet:-1, max-image-preview:large, max-video-preview:-1\" \/>\n<link rel=\"canonical\" href=\"https:\/\/cardinal-tapes.com\/es\/cintas-adhesivas\/cintas-adhesivas-de-una-cara\/3m-8581-cinta-adhesiva-de-poliamida-y-poliuretano-flocado\/\" \/>\n<meta property=\"og:locale\" content=\"es_ES\" \/>\n<meta property=\"og:type\" content=\"article\" \/>\n<meta property=\"og:title\" content=\"3M\u2122 8581 Cinta de poliuretano flocada de poli\u00e9ster | CINTAS Cardinales\" \/>\n<meta property=\"og:description\" content=\"Scotch\u2122 8581 es una cinta de poliuretano flocada con fibras de poliamida negra, recubierta con un papel protector repelente del adhesivo.\" \/>\n<meta property=\"og:url\" content=\"https:\/\/cardinal-tapes.com\/es\/cintas-adhesivas\/cintas-adhesivas-de-una-cara\/3m-8581-cinta-adhesiva-de-poliamida-y-poliuretano-flocado\/\" \/>\n<meta property=\"og:site_name\" content=\"cardinal TAPES\" \/>\n<meta property=\"og:image\" content=\"https:\/\/cardinal-tapes.com\/wp-content\/uploads\/3m_polyesterbeflocktes_polyurethanklebeband_8581.jpg\" \/>\n\t<meta property=\"og:image:width\" content=\"600\" \/>\n\t<meta property=\"og:image:height\" content=\"600\" \/>\n\t<meta property=\"og:image:type\" content=\"image\/jpeg\" \/>\n<meta name=\"twitter:card\" content=\"summary_large_image\" \/>\n<meta name=\"twitter:label1\" content=\"Tiempo de lectura\" \/>\n\t<meta name=\"twitter:data1\" content=\"1 minuto\" \/>\n<script type=\"application\/ld+json\" class=\"yoast-schema-graph\">{\"@context\":\"https:\\\/\\\/schema.org\",\"@graph\":[{\"@type\":\"WebPage\",\"@id\":\"https:\\\/\\\/cardinal-tapes.com\\\/es\\\/cintas-adhesivas\\\/cintas-adhesivas-de-una-cara\\\/3m-8581-cinta-adhesiva-de-poliamida-y-poliuretano-flocado\\\/\",\"url\":\"https:\\\/\\\/cardinal-tapes.com\\\/es\\\/cintas-adhesivas\\\/cintas-adhesivas-de-una-cara\\\/3m-8581-cinta-adhesiva-de-poliamida-y-poliuretano-flocado\\\/\",\"name\":\"3M\u2122 8581 Cinta de poliuretano flocada de poli\u00e9ster | CINTAS Cardinales\",\"isPartOf\":{\"@id\":\"https:\\\/\\\/cardinal-tapes.com\\\/#website\"},\"primaryImageOfPage\":{\"@id\":\"https:\\\/\\\/cardinal-tapes.com\\\/es\\\/cintas-adhesivas\\\/cintas-adhesivas-de-una-cara\\\/3m-8581-cinta-adhesiva-de-poliamida-y-poliuretano-flocado\\\/#primaryimage\"},\"image\":{\"@id\":\"https:\\\/\\\/cardinal-tapes.com\\\/es\\\/cintas-adhesivas\\\/cintas-adhesivas-de-una-cara\\\/3m-8581-cinta-adhesiva-de-poliamida-y-poliuretano-flocado\\\/#primaryimage\"},\"thumbnailUrl\":\"https:\\\/\\\/cardinal-tapes.com\\\/wp-content\\\/uploads\\\/3m_polyesterbeflocktes_polyurethanklebeband_8581.jpg\",\"datePublished\":\"2023-06-06T08:10:03+00:00\",\"description\":\"Scotch\u2122 8581 es una cinta de poliuretano flocada con fibras de poliamida negra, recubierta con un papel protector repelente del adhesivo.\",\"breadcrumb\":{\"@id\":\"https:\\\/\\\/cardinal-tapes.com\\\/es\\\/cintas-adhesivas\\\/cintas-adhesivas-de-una-cara\\\/3m-8581-cinta-adhesiva-de-poliamida-y-poliuretano-flocado\\\/#breadcrumb\"},\"inLanguage\":\"es\",\"potentialAction\":[{\"@type\":\"ReadAction\",\"target\":[\"https:\\\/\\\/cardinal-tapes.com\\\/es\\\/cintas-adhesivas\\\/cintas-adhesivas-de-una-cara\\\/3m-8581-cinta-adhesiva-de-poliamida-y-poliuretano-flocado\\\/\"]}]},{\"@type\":\"ImageObject\",\"inLanguage\":\"es\",\"@id\":\"https:\\\/\\\/cardinal-tapes.com\\\/es\\\/cintas-adhesivas\\\/cintas-adhesivas-de-una-cara\\\/3m-8581-cinta-adhesiva-de-poliamida-y-poliuretano-flocado\\\/#primaryimage\",\"url\":\"https:\\\/\\\/cardinal-tapes.com\\\/wp-content\\\/uploads\\\/3m_polyesterbeflocktes_polyurethanklebeband_8581.jpg\",\"contentUrl\":\"https:\\\/\\\/cardinal-tapes.com\\\/wp-content\\\/uploads\\\/3m_polyesterbeflocktes_polyurethanklebeband_8581.jpg\",\"width\":600,\"height\":600,\"caption\":\"3M Cinta de poliuretano flocada de poli\u00e9ster 8581\"},{\"@type\":\"BreadcrumbList\",\"@id\":\"https:\\\/\\\/cardinal-tapes.com\\\/es\\\/cintas-adhesivas\\\/cintas-adhesivas-de-una-cara\\\/3m-8581-cinta-adhesiva-de-poliamida-y-poliuretano-flocado\\\/#breadcrumb\",\"itemListElement\":[{\"@type\":\"ListItem\",\"position\":1,\"name\":\"Startseite\",\"item\":\"https:\\\/\\\/cardinal-tapes.com\\\/es\\\/\"},{\"@type\":\"ListItem\",\"position\":2,\"name\":\"Cintas adhesivas\",\"item\":\"https:\\\/\\\/cardinal-tapes.com\\\/es\\\/cintas-adhesivas-es\\\/\"},{\"@type\":\"ListItem\",\"position\":3,\"name\":\"Cintas adhesivas de una cara\",\"item\":\"https:\\\/\\\/cardinal-tapes.com\\\/es\\\/categora\\\/cintas-adhesivas-de-una-cara\\\/\"},{\"@type\":\"ListItem\",\"position\":4,\"name\":\"3M\u2122 Cinta de poliuretano flocada de poli\u00e9ster 8581\"}]},{\"@type\":\"WebSite\",\"@id\":\"https:\\\/\\\/cardinal-tapes.com\\\/#website\",\"url\":\"https:\\\/\\\/cardinal-tapes.com\\\/\",\"name\":\"cardinal TAPES\",\"description\":\"Klebetechnik aus Wuppertal\",\"potentialAction\":[{\"@type\":\"SearchAction\",\"target\":{\"@type\":\"EntryPoint\",\"urlTemplate\":\"https:\\\/\\\/cardinal-tapes.com\\\/?s={search_term_string}\"},\"query-input\":{\"@type\":\"PropertyValueSpecification\",\"valueRequired\":true,\"valueName\":\"search_term_string\"}}],\"inLanguage\":\"es\"}]}<\/script>\n<!-- \/ Yoast SEO plugin. -->","yoast_head_json":{"title":"3M\u2122 8581 Cinta de poliuretano flocada de poli\u00e9ster | CINTAS Cardinales","description":"Scotch\u2122 8581 es una cinta de poliuretano flocada con fibras de poliamida negra, recubierta con un papel protector repelente del adhesivo.","robots":{"index":"index","follow":"follow","max-snippet":"max-snippet:-1","max-image-preview":"max-image-preview:large","max-video-preview":"max-video-preview:-1"},"canonical":"https:\/\/cardinal-tapes.com\/es\/cintas-adhesivas\/cintas-adhesivas-de-una-cara\/3m-8581-cinta-adhesiva-de-poliamida-y-poliuretano-flocado\/","og_locale":"es_ES","og_type":"article","og_title":"3M\u2122 8581 Cinta de poliuretano flocada de poli\u00e9ster | CINTAS Cardinales","og_description":"Scotch\u2122 8581 es una cinta de poliuretano flocada con fibras de poliamida negra, recubierta con un papel protector repelente del adhesivo.","og_url":"https:\/\/cardinal-tapes.com\/es\/cintas-adhesivas\/cintas-adhesivas-de-una-cara\/3m-8581-cinta-adhesiva-de-poliamida-y-poliuretano-flocado\/","og_site_name":"cardinal TAPES","og_image":[{"width":600,"height":600,"url":"https:\/\/cardinal-tapes.com\/wp-content\/uploads\/3m_polyesterbeflocktes_polyurethanklebeband_8581.jpg","type":"image\/jpeg"}],"twitter_card":"summary_large_image","twitter_misc":{"Tiempo de lectura":"1 minuto"},"schema":{"@context":"https:\/\/schema.org","@graph":[{"@type":"WebPage","@id":"https:\/\/cardinal-tapes.com\/es\/cintas-adhesivas\/cintas-adhesivas-de-una-cara\/3m-8581-cinta-adhesiva-de-poliamida-y-poliuretano-flocado\/","url":"https:\/\/cardinal-tapes.com\/es\/cintas-adhesivas\/cintas-adhesivas-de-una-cara\/3m-8581-cinta-adhesiva-de-poliamida-y-poliuretano-flocado\/","name":"3M\u2122 8581 Cinta de poliuretano flocada de poli\u00e9ster | CINTAS Cardinales","isPartOf":{"@id":"https:\/\/cardinal-tapes.com\/#website"},"primaryImageOfPage":{"@id":"https:\/\/cardinal-tapes.com\/es\/cintas-adhesivas\/cintas-adhesivas-de-una-cara\/3m-8581-cinta-adhesiva-de-poliamida-y-poliuretano-flocado\/#primaryimage"},"image":{"@id":"https:\/\/cardinal-tapes.com\/es\/cintas-adhesivas\/cintas-adhesivas-de-una-cara\/3m-8581-cinta-adhesiva-de-poliamida-y-poliuretano-flocado\/#primaryimage"},"thumbnailUrl":"https:\/\/cardinal-tapes.com\/wp-content\/uploads\/3m_polyesterbeflocktes_polyurethanklebeband_8581.jpg","datePublished":"2023-06-06T08:10:03+00:00","description":"Scotch\u2122 8581 es una cinta de poliuretano flocada con fibras de poliamida negra, recubierta con un papel protector repelente del adhesivo.","breadcrumb":{"@id":"https:\/\/cardinal-tapes.com\/es\/cintas-adhesivas\/cintas-adhesivas-de-una-cara\/3m-8581-cinta-adhesiva-de-poliamida-y-poliuretano-flocado\/#breadcrumb"},"inLanguage":"es","potentialAction":[{"@type":"ReadAction","target":["https:\/\/cardinal-tapes.com\/es\/cintas-adhesivas\/cintas-adhesivas-de-una-cara\/3m-8581-cinta-adhesiva-de-poliamida-y-poliuretano-flocado\/"]}]},{"@type":"ImageObject","inLanguage":"es","@id":"https:\/\/cardinal-tapes.com\/es\/cintas-adhesivas\/cintas-adhesivas-de-una-cara\/3m-8581-cinta-adhesiva-de-poliamida-y-poliuretano-flocado\/#primaryimage","url":"https:\/\/cardinal-tapes.com\/wp-content\/uploads\/3m_polyesterbeflocktes_polyurethanklebeband_8581.jpg","contentUrl":"https:\/\/cardinal-tapes.com\/wp-content\/uploads\/3m_polyesterbeflocktes_polyurethanklebeband_8581.jpg","width":600,"height":600,"caption":"3M Cinta de poliuretano flocada de poli\u00e9ster 8581"},{"@type":"BreadcrumbList","@id":"https:\/\/cardinal-tapes.com\/es\/cintas-adhesivas\/cintas-adhesivas-de-una-cara\/3m-8581-cinta-adhesiva-de-poliamida-y-poliuretano-flocado\/#breadcrumb","itemListElement":[{"@type":"ListItem","position":1,"name":"Startseite","item":"https:\/\/cardinal-tapes.com\/es\/"},{"@type":"ListItem","position":2,"name":"Cintas adhesivas","item":"https:\/\/cardinal-tapes.com\/es\/cintas-adhesivas-es\/"},{"@type":"ListItem","position":3,"name":"Cintas adhesivas de una cara","item":"https:\/\/cardinal-tapes.com\/es\/categora\/cintas-adhesivas-de-una-cara\/"},{"@type":"ListItem","position":4,"name":"3M\u2122 Cinta de poliuretano flocada de poli\u00e9ster 8581"}]},{"@type":"WebSite","@id":"https:\/\/cardinal-tapes.com\/#website","url":"https:\/\/cardinal-tapes.com\/","name":"cardinal TAPES","description":"Klebetechnik aus Wuppertal","potentialAction":[{"@type":"SearchAction","target":{"@type":"EntryPoint","urlTemplate":"https:\/\/cardinal-tapes.com\/?s={search_term_string}"},"query-input":{"@type":"PropertyValueSpecification","valueRequired":true,"valueName":"search_term_string"}}],"inLanguage":"es"}]}},"brands":[{"id":2169,"name":"3M","slug":"3m-es"}],"_links":{"self":[{"href":"https:\/\/cardinal-tapes.com\/es\/wp-json\/wp\/v2\/product\/61198","targetHints":{"allow":["GET"]}}],"collection":[{"href":"https:\/\/cardinal-tapes.com\/es\/wp-json\/wp\/v2\/product"}],"about":[{"href":"https:\/\/cardinal-tapes.com\/es\/wp-json\/wp\/v2\/types\/product"}],"wp:featuredmedia":[{"embeddable":true,"href":"https:\/\/cardinal-tapes.com\/es\/wp-json\/wp\/v2\/media\/24483"}],"wp:attachment":[{"href":"https:\/\/cardinal-tapes.com\/es\/wp-json\/wp\/v2\/media?parent=61198"}],"wp:term":[{"taxonomy":"pwb-brand","embeddable":true,"href":"https:\/\/cardinal-tapes.com\/es\/wp-json\/wp\/v2\/pwb-brand?post=61198"},{"taxonomy":"product_brand","embeddable":true,"href":"https:\/\/cardinal-tapes.com\/es\/wp-json\/wp\/v2\/product_brand?post=61198"},{"taxonomy":"product_cat","embeddable":true,"href":"https:\/\/cardinal-tapes.com\/es\/wp-json\/wp\/v2\/product_cat?post=61198"},{"taxonomy":"product_tag","embeddable":true,"href":"https:\/\/cardinal-tapes.com\/es\/wp-json\/wp\/v2\/product_tag?post=61198"}],"curies":[{"name":"wp","href":"https:\/\/api.w.org\/{rel}","templated":true}]}}