{"id":61114,"date":"2017-12-08T09:45:53","date_gmt":"2023-06-06T08:10:00","guid":{"rendered":"https:\/\/cardinal.pixel-tal.de\/klebebaender\/sin%20categor\u00eda\/3m-cinta-de-pvc-de-uso-general-764\/"},"modified":"2025-07-03T16:09:33","modified_gmt":"2025-07-03T14:09:33","slug":"3m-764-pvc-cinta-adhesiva","status":"publish","type":"product","link":"https:\/\/cardinal-tapes.com\/es\/cintas-adhesivas\/cintas-adhesivas-de-una-cara\/film-de-pvc\/3m-764-pvc-cinta-adhesiva\/","title":{"rendered":"3M\u2122 Cinta de PVC de uso general 764"},"content":{"rendered":"<p>La cinta adhesiva de PVC blando 3M\u2122 es adecuada para todas las aplicaciones no cr\u00edticas. Utilice esta cinta, por ejemplo, para marcar colores de forma sencilla, agrupar, marcar temporalmente piezas o m\u00e1quinas y para muchos otros fines. Tambi\u00e9n puede utilizarse para proteger componentes, dispositivos y productos de la abrasi\u00f3n.<\/p>\n<p><strong>Propiedades<\/strong><br \/>\nLa cinta adhesiva de PVC blando se caracteriza por una buena resistencia a la corrosi\u00f3n y, adem\u00e1s, es flexible, resistente a la abrasi\u00f3n y flexible. Tambi\u00e9n es resistente a los disolventes y la humedad.<\/p>\n<p><strong>Aplicaciones<br \/>\n<\/strong>&#8211; Marcado de zonas con poca carga diaria, as\u00ed como paredes y tuber\u00edas<br \/>\n&#8211; Sujeci\u00f3n general y atado<br \/>\n&#8211; Marcado de piezas de trabajo o m\u00e1quinas<br \/>\n&#8211; Protecci\u00f3n de piezas de trabajo, sistemas o productos contra la abrasi\u00f3n<br \/>\n&#8211; Pegado, envoltura o sellado de muchas superficies curvas o con formas tridimensionales.<\/p>\n","protected":false},"excerpt":{"rendered":"<p>La cinta adhesiva de PVC blando 3M\u2122 es adecuada para todas las aplicaciones no cr\u00edticas. Utilice esta cinta, por ejemplo, para marcar colores de forma sencilla, agrupar, marcar temporalmente piezas o m\u00e1quinas y para muchos otros fines. Tambi\u00e9n puede utilizarse para proteger componentes, dispositivos y productos de la abrasi\u00f3n. Propiedades La cinta adhesiva de PVC [&hellip;]<\/p>\n","protected":false},"featured_media":24411,"template":"","meta":{"_acf_changed":false},"pwb-brand":[2169],"product_brand":[],"product_cat":[1806,1811],"product_tag":[],"class_list":{"0":"post-61114","1":"product","2":"type-product","3":"status-publish","4":"has-post-thumbnail","6":"pwb-brand-3m-es","7":"product_cat-cintas-adhesivas-de-una-cara","8":"product_cat-film-de-pvc","10":"first","11":"instock","12":"taxable","13":"shipping-taxable","14":"purchasable","15":"product-type-variable"},"acf":[],"yoast_head":"<!-- This site is optimized with the Yoast SEO plugin v27.3 - https:\/\/yoast.com\/product\/yoast-seo-wordpress\/ -->\n<title>3M\u2122 764 Cinta de PVC de uso general | Cardinal TAPES<\/title>\n<meta name=\"description\" content=\"La cinta adhesiva de PVC blando de 3M ofrece una soluci\u00f3n rentable para marcar, agrupar y sellar diversos materiales y superficies. M\u00e1s informaci\u00f3n.\" \/>\n<meta name=\"robots\" content=\"index, follow, max-snippet:-1, max-image-preview:large, max-video-preview:-1\" \/>\n<link rel=\"canonical\" href=\"https:\/\/cardinal-tapes.com\/es\/cintas-adhesivas\/cintas-adhesivas-de-una-cara\/film-de-pvc\/3m-764-pvc-cinta-adhesiva\/\" \/>\n<meta property=\"og:locale\" content=\"es_ES\" \/>\n<meta property=\"og:type\" content=\"article\" \/>\n<meta property=\"og:title\" content=\"3M\u2122 764 Cinta de PVC de uso general | Cardinal TAPES\" \/>\n<meta property=\"og:description\" content=\"La cinta adhesiva de PVC blando de 3M ofrece una soluci\u00f3n rentable para marcar, agrupar y sellar diversos materiales y superficies. M\u00e1s informaci\u00f3n.\" \/>\n<meta property=\"og:url\" content=\"https:\/\/cardinal-tapes.com\/es\/cintas-adhesivas\/cintas-adhesivas-de-una-cara\/film-de-pvc\/3m-764-pvc-cinta-adhesiva\/\" \/>\n<meta property=\"og:site_name\" content=\"cardinal TAPES\" \/>\n<meta property=\"article:modified_time\" content=\"2025-07-03T14:09:33+00:00\" \/>\n<meta property=\"og:image\" content=\"https:\/\/cardinal-tapes.com\/wp-content\/uploads\/3m_scotch_allzweck_weich_pvc_764.jpg\" \/>\n\t<meta property=\"og:image:width\" content=\"600\" \/>\n\t<meta property=\"og:image:height\" content=\"600\" \/>\n\t<meta property=\"og:image:type\" content=\"image\/jpeg\" \/>\n<meta name=\"twitter:card\" content=\"summary_large_image\" \/>\n<meta name=\"twitter:label1\" content=\"Tiempo de lectura\" \/>\n\t<meta name=\"twitter:data1\" content=\"1 minuto\" \/>\n<script type=\"application\/ld+json\" class=\"yoast-schema-graph\">{\"@context\":\"https:\\\/\\\/schema.org\",\"@graph\":[{\"@type\":\"WebPage\",\"@id\":\"https:\\\/\\\/cardinal-tapes.com\\\/es\\\/cintas-adhesivas\\\/cintas-adhesivas-de-una-cara\\\/film-de-pvc\\\/3m-764-pvc-cinta-adhesiva\\\/\",\"url\":\"https:\\\/\\\/cardinal-tapes.com\\\/es\\\/cintas-adhesivas\\\/cintas-adhesivas-de-una-cara\\\/film-de-pvc\\\/3m-764-pvc-cinta-adhesiva\\\/\",\"name\":\"3M\u2122 764 Cinta de PVC de uso general | Cardinal TAPES\",\"isPartOf\":{\"@id\":\"https:\\\/\\\/cardinal-tapes.com\\\/#website\"},\"primaryImageOfPage\":{\"@id\":\"https:\\\/\\\/cardinal-tapes.com\\\/es\\\/cintas-adhesivas\\\/cintas-adhesivas-de-una-cara\\\/film-de-pvc\\\/3m-764-pvc-cinta-adhesiva\\\/#primaryimage\"},\"image\":{\"@id\":\"https:\\\/\\\/cardinal-tapes.com\\\/es\\\/cintas-adhesivas\\\/cintas-adhesivas-de-una-cara\\\/film-de-pvc\\\/3m-764-pvc-cinta-adhesiva\\\/#primaryimage\"},\"thumbnailUrl\":\"https:\\\/\\\/cardinal-tapes.com\\\/wp-content\\\/uploads\\\/3m_scotch_allzweck_weich_pvc_764.jpg\",\"datePublished\":\"2023-06-06T08:10:00+00:00\",\"dateModified\":\"2025-07-03T14:09:33+00:00\",\"description\":\"La cinta adhesiva de PVC blando de 3M ofrece una soluci\u00f3n rentable para marcar, agrupar y sellar diversos materiales y superficies. M\u00e1s informaci\u00f3n.\",\"breadcrumb\":{\"@id\":\"https:\\\/\\\/cardinal-tapes.com\\\/es\\\/cintas-adhesivas\\\/cintas-adhesivas-de-una-cara\\\/film-de-pvc\\\/3m-764-pvc-cinta-adhesiva\\\/#breadcrumb\"},\"inLanguage\":\"es\",\"potentialAction\":[{\"@type\":\"ReadAction\",\"target\":[\"https:\\\/\\\/cardinal-tapes.com\\\/es\\\/cintas-adhesivas\\\/cintas-adhesivas-de-una-cara\\\/film-de-pvc\\\/3m-764-pvc-cinta-adhesiva\\\/\"]}]},{\"@type\":\"ImageObject\",\"inLanguage\":\"es\",\"@id\":\"https:\\\/\\\/cardinal-tapes.com\\\/es\\\/cintas-adhesivas\\\/cintas-adhesivas-de-una-cara\\\/film-de-pvc\\\/3m-764-pvc-cinta-adhesiva\\\/#primaryimage\",\"url\":\"https:\\\/\\\/cardinal-tapes.com\\\/wp-content\\\/uploads\\\/3m_scotch_allzweck_weich_pvc_764.jpg\",\"contentUrl\":\"https:\\\/\\\/cardinal-tapes.com\\\/wp-content\\\/uploads\\\/3m_scotch_allzweck_weich_pvc_764.jpg\",\"width\":600,\"height\":600,\"caption\":\"3M Cinta adhesiva Scotch PVC 764\"},{\"@type\":\"BreadcrumbList\",\"@id\":\"https:\\\/\\\/cardinal-tapes.com\\\/es\\\/cintas-adhesivas\\\/cintas-adhesivas-de-una-cara\\\/film-de-pvc\\\/3m-764-pvc-cinta-adhesiva\\\/#breadcrumb\",\"itemListElement\":[{\"@type\":\"ListItem\",\"position\":1,\"name\":\"Startseite\",\"item\":\"https:\\\/\\\/cardinal-tapes.com\\\/es\\\/\"},{\"@type\":\"ListItem\",\"position\":2,\"name\":\"Cintas adhesivas\",\"item\":\"https:\\\/\\\/cardinal-tapes.com\\\/es\\\/cintas-adhesivas-es\\\/\"},{\"@type\":\"ListItem\",\"position\":3,\"name\":\"Cintas adhesivas de una cara\",\"item\":\"https:\\\/\\\/cardinal-tapes.com\\\/es\\\/categora\\\/cintas-adhesivas-de-una-cara\\\/\"},{\"@type\":\"ListItem\",\"position\":4,\"name\":\"Film de PVC\",\"item\":\"https:\\\/\\\/cardinal-tapes.com\\\/es\\\/categora\\\/film-de-pvc\\\/\"},{\"@type\":\"ListItem\",\"position\":5,\"name\":\"3M\u2122 Cinta de PVC de uso general 764\"}]},{\"@type\":\"WebSite\",\"@id\":\"https:\\\/\\\/cardinal-tapes.com\\\/#website\",\"url\":\"https:\\\/\\\/cardinal-tapes.com\\\/\",\"name\":\"cardinal TAPES\",\"description\":\"Klebetechnik aus Wuppertal\",\"potentialAction\":[{\"@type\":\"SearchAction\",\"target\":{\"@type\":\"EntryPoint\",\"urlTemplate\":\"https:\\\/\\\/cardinal-tapes.com\\\/?s={search_term_string}\"},\"query-input\":{\"@type\":\"PropertyValueSpecification\",\"valueRequired\":true,\"valueName\":\"search_term_string\"}}],\"inLanguage\":\"es\"}]}<\/script>\n<!-- \/ Yoast SEO plugin. -->","yoast_head_json":{"title":"3M\u2122 764 Cinta de PVC de uso general | Cardinal TAPES","description":"La cinta adhesiva de PVC blando de 3M ofrece una soluci\u00f3n rentable para marcar, agrupar y sellar diversos materiales y superficies. M\u00e1s informaci\u00f3n.","robots":{"index":"index","follow":"follow","max-snippet":"max-snippet:-1","max-image-preview":"max-image-preview:large","max-video-preview":"max-video-preview:-1"},"canonical":"https:\/\/cardinal-tapes.com\/es\/cintas-adhesivas\/cintas-adhesivas-de-una-cara\/film-de-pvc\/3m-764-pvc-cinta-adhesiva\/","og_locale":"es_ES","og_type":"article","og_title":"3M\u2122 764 Cinta de PVC de uso general | Cardinal TAPES","og_description":"La cinta adhesiva de PVC blando de 3M ofrece una soluci\u00f3n rentable para marcar, agrupar y sellar diversos materiales y superficies. M\u00e1s informaci\u00f3n.","og_url":"https:\/\/cardinal-tapes.com\/es\/cintas-adhesivas\/cintas-adhesivas-de-una-cara\/film-de-pvc\/3m-764-pvc-cinta-adhesiva\/","og_site_name":"cardinal TAPES","article_modified_time":"2025-07-03T14:09:33+00:00","og_image":[{"width":600,"height":600,"url":"https:\/\/cardinal-tapes.com\/wp-content\/uploads\/3m_scotch_allzweck_weich_pvc_764.jpg","type":"image\/jpeg"}],"twitter_card":"summary_large_image","twitter_misc":{"Tiempo de lectura":"1 minuto"},"schema":{"@context":"https:\/\/schema.org","@graph":[{"@type":"WebPage","@id":"https:\/\/cardinal-tapes.com\/es\/cintas-adhesivas\/cintas-adhesivas-de-una-cara\/film-de-pvc\/3m-764-pvc-cinta-adhesiva\/","url":"https:\/\/cardinal-tapes.com\/es\/cintas-adhesivas\/cintas-adhesivas-de-una-cara\/film-de-pvc\/3m-764-pvc-cinta-adhesiva\/","name":"3M\u2122 764 Cinta de PVC de uso general | Cardinal TAPES","isPartOf":{"@id":"https:\/\/cardinal-tapes.com\/#website"},"primaryImageOfPage":{"@id":"https:\/\/cardinal-tapes.com\/es\/cintas-adhesivas\/cintas-adhesivas-de-una-cara\/film-de-pvc\/3m-764-pvc-cinta-adhesiva\/#primaryimage"},"image":{"@id":"https:\/\/cardinal-tapes.com\/es\/cintas-adhesivas\/cintas-adhesivas-de-una-cara\/film-de-pvc\/3m-764-pvc-cinta-adhesiva\/#primaryimage"},"thumbnailUrl":"https:\/\/cardinal-tapes.com\/wp-content\/uploads\/3m_scotch_allzweck_weich_pvc_764.jpg","datePublished":"2023-06-06T08:10:00+00:00","dateModified":"2025-07-03T14:09:33+00:00","description":"La cinta adhesiva de PVC blando de 3M ofrece una soluci\u00f3n rentable para marcar, agrupar y sellar diversos materiales y superficies. M\u00e1s informaci\u00f3n.","breadcrumb":{"@id":"https:\/\/cardinal-tapes.com\/es\/cintas-adhesivas\/cintas-adhesivas-de-una-cara\/film-de-pvc\/3m-764-pvc-cinta-adhesiva\/#breadcrumb"},"inLanguage":"es","potentialAction":[{"@type":"ReadAction","target":["https:\/\/cardinal-tapes.com\/es\/cintas-adhesivas\/cintas-adhesivas-de-una-cara\/film-de-pvc\/3m-764-pvc-cinta-adhesiva\/"]}]},{"@type":"ImageObject","inLanguage":"es","@id":"https:\/\/cardinal-tapes.com\/es\/cintas-adhesivas\/cintas-adhesivas-de-una-cara\/film-de-pvc\/3m-764-pvc-cinta-adhesiva\/#primaryimage","url":"https:\/\/cardinal-tapes.com\/wp-content\/uploads\/3m_scotch_allzweck_weich_pvc_764.jpg","contentUrl":"https:\/\/cardinal-tapes.com\/wp-content\/uploads\/3m_scotch_allzweck_weich_pvc_764.jpg","width":600,"height":600,"caption":"3M Cinta adhesiva Scotch PVC 764"},{"@type":"BreadcrumbList","@id":"https:\/\/cardinal-tapes.com\/es\/cintas-adhesivas\/cintas-adhesivas-de-una-cara\/film-de-pvc\/3m-764-pvc-cinta-adhesiva\/#breadcrumb","itemListElement":[{"@type":"ListItem","position":1,"name":"Startseite","item":"https:\/\/cardinal-tapes.com\/es\/"},{"@type":"ListItem","position":2,"name":"Cintas adhesivas","item":"https:\/\/cardinal-tapes.com\/es\/cintas-adhesivas-es\/"},{"@type":"ListItem","position":3,"name":"Cintas adhesivas de una cara","item":"https:\/\/cardinal-tapes.com\/es\/categora\/cintas-adhesivas-de-una-cara\/"},{"@type":"ListItem","position":4,"name":"Film de PVC","item":"https:\/\/cardinal-tapes.com\/es\/categora\/film-de-pvc\/"},{"@type":"ListItem","position":5,"name":"3M\u2122 Cinta de PVC de uso general 764"}]},{"@type":"WebSite","@id":"https:\/\/cardinal-tapes.com\/#website","url":"https:\/\/cardinal-tapes.com\/","name":"cardinal TAPES","description":"Klebetechnik aus Wuppertal","potentialAction":[{"@type":"SearchAction","target":{"@type":"EntryPoint","urlTemplate":"https:\/\/cardinal-tapes.com\/?s={search_term_string}"},"query-input":{"@type":"PropertyValueSpecification","valueRequired":true,"valueName":"search_term_string"}}],"inLanguage":"es"}]}},"brands":[{"id":2169,"name":"3M","slug":"3m-es"}],"_links":{"self":[{"href":"https:\/\/cardinal-tapes.com\/es\/wp-json\/wp\/v2\/product\/61114","targetHints":{"allow":["GET"]}}],"collection":[{"href":"https:\/\/cardinal-tapes.com\/es\/wp-json\/wp\/v2\/product"}],"about":[{"href":"https:\/\/cardinal-tapes.com\/es\/wp-json\/wp\/v2\/types\/product"}],"wp:featuredmedia":[{"embeddable":true,"href":"https:\/\/cardinal-tapes.com\/es\/wp-json\/wp\/v2\/media\/24411"}],"wp:attachment":[{"href":"https:\/\/cardinal-tapes.com\/es\/wp-json\/wp\/v2\/media?parent=61114"}],"wp:term":[{"taxonomy":"pwb-brand","embeddable":true,"href":"https:\/\/cardinal-tapes.com\/es\/wp-json\/wp\/v2\/pwb-brand?post=61114"},{"taxonomy":"product_brand","embeddable":true,"href":"https:\/\/cardinal-tapes.com\/es\/wp-json\/wp\/v2\/product_brand?post=61114"},{"taxonomy":"product_cat","embeddable":true,"href":"https:\/\/cardinal-tapes.com\/es\/wp-json\/wp\/v2\/product_cat?post=61114"},{"taxonomy":"product_tag","embeddable":true,"href":"https:\/\/cardinal-tapes.com\/es\/wp-json\/wp\/v2\/product_tag?post=61114"}],"curies":[{"name":"wp","href":"https:\/\/api.w.org\/{rel}","templated":true}]}}