{"id":61005,"date":"2017-12-08T09:52:56","date_gmt":"2017-12-08T08:52:56","guid":{"rendered":"https:\/\/cardinal.pixel-tal.de\/klebebaender\/sin categor\u00eda\/3m-6878-cinta-de-embalaje-de-pvc\/"},"modified":"2023-06-06T10:09:56","modified_gmt":"2023-06-06T08:09:56","slug":"3m-6878-pvc-cinta-de-embalaje","status":"publish","type":"product","link":"https:\/\/cardinal-tapes.com\/es\/cintas-adhesivas\/sistemas-de-envasado\/3m-6878-pvc-cinta-de-embalaje\/","title":{"rendered":"3M\u2122 6878 Cinta de embalaje de PVC"},"content":{"rendered":"<p>La cinta de embalaje de PVC 3M\u2122 6878 consta de un soporte de PVC y un adhesivo de resina de caucho natural con base de disolvente. Como resultado, la cinta adhesiva ofrece una adhesi\u00f3n especialmente alta al cart\u00f3n. As\u00ed, el 3M\u2122 6878 puede utilizarse en aplicaciones de transporte complejas.<\/p>\n<p><strong>Propiedades<\/strong><br \/>\nLa cinta 6878 tiene una buena resistencia a la temperatura de hasta 70 \u00b0C y tambi\u00e9n es resistente a la humedad y a los productos qu\u00edmicos.<\/p>\n<p><strong>Aplicaciones<\/strong><br \/>\n&#8211; De aplicaci\u00f3n universal para el cierre de cajas de env\u00edo y cartones<\/p>\n<p>&nbsp;<\/p>\n","protected":false},"excerpt":{"rendered":"<h3><span style=\"color: #ff0000;\"><strong>Lo sentimos, este art\u00edculo ya no est\u00e1 disponible. Estaremos encantados de aconsejarle alternativas.<\/strong><\/span><\/h3>\n","protected":false},"featured_media":24503,"template":"","meta":{"_acf_changed":false},"pwb-brand":[2169],"product_brand":[],"product_cat":[1871],"product_tag":[],"class_list":{"0":"post-61005","1":"product","2":"type-product","3":"status-publish","4":"has-post-thumbnail","6":"pwb-brand-3m-es","7":"product_cat-sistemas-de-envasado","9":"first","10":"instock","11":"taxable","12":"shipping-taxable","13":"purchasable","14":"product-type-simple"},"acf":[],"yoast_head":"<!-- This site is optimized with the Yoast SEO plugin v27.4 - https:\/\/yoast.com\/product\/yoast-seo-wordpress\/ -->\n<title>3M 6878 Cinta de embalaje PVC | Cardinal TAPES<\/title>\n<meta name=\"description\" content=\"La cinta de embalaje de PVC 3M 6878 est\u00e1 formada por un soporte de PVC y un adhesivo de resina de caucho natural con base de disolvente. M\u00e1s informaci\u00f3n.\" \/>\n<meta name=\"robots\" content=\"index, follow, max-snippet:-1, max-image-preview:large, max-video-preview:-1\" \/>\n<link rel=\"canonical\" href=\"https:\/\/cardinal-tapes.com\/es\/cintas-adhesivas\/sistemas-de-envasado\/3m-6878-pvc-cinta-de-embalaje\/\" \/>\n<meta property=\"og:locale\" content=\"es_ES\" \/>\n<meta property=\"og:type\" content=\"article\" \/>\n<meta property=\"og:title\" content=\"3M 6878 Cinta de embalaje PVC | Cardinal TAPES\" \/>\n<meta property=\"og:description\" content=\"La cinta de embalaje de PVC 3M 6878 est\u00e1 formada por un soporte de PVC y un adhesivo de resina de caucho natural con base de disolvente. M\u00e1s informaci\u00f3n.\" \/>\n<meta property=\"og:url\" content=\"https:\/\/cardinal-tapes.com\/es\/cintas-adhesivas\/sistemas-de-envasado\/3m-6878-pvc-cinta-de-embalaje\/\" \/>\n<meta property=\"og:site_name\" content=\"cardinal TAPES\" \/>\n<meta property=\"article:modified_time\" content=\"2023-06-06T08:09:56+00:00\" \/>\n<meta property=\"og:image\" content=\"https:\/\/cardinal-tapes.com\/wp-content\/uploads\/3m_scotch_verpackungsklebeband_6878.jpg\" \/>\n\t<meta property=\"og:image:width\" content=\"600\" \/>\n\t<meta property=\"og:image:height\" content=\"600\" \/>\n\t<meta property=\"og:image:type\" content=\"image\/jpeg\" \/>\n<meta name=\"twitter:card\" content=\"summary_large_image\" \/>\n<script type=\"application\/ld+json\" class=\"yoast-schema-graph\">{\"@context\":\"https:\\\/\\\/schema.org\",\"@graph\":[{\"@type\":\"WebPage\",\"@id\":\"https:\\\/\\\/cardinal-tapes.com\\\/es\\\/cintas-adhesivas\\\/sistemas-de-envasado\\\/3m-6878-pvc-cinta-de-embalaje\\\/\",\"url\":\"https:\\\/\\\/cardinal-tapes.com\\\/es\\\/cintas-adhesivas\\\/sistemas-de-envasado\\\/3m-6878-pvc-cinta-de-embalaje\\\/\",\"name\":\"3M 6878 Cinta de embalaje PVC | Cardinal TAPES\",\"isPartOf\":{\"@id\":\"https:\\\/\\\/cardinal-tapes.com\\\/#website\"},\"primaryImageOfPage\":{\"@id\":\"https:\\\/\\\/cardinal-tapes.com\\\/es\\\/cintas-adhesivas\\\/sistemas-de-envasado\\\/3m-6878-pvc-cinta-de-embalaje\\\/#primaryimage\"},\"image\":{\"@id\":\"https:\\\/\\\/cardinal-tapes.com\\\/es\\\/cintas-adhesivas\\\/sistemas-de-envasado\\\/3m-6878-pvc-cinta-de-embalaje\\\/#primaryimage\"},\"thumbnailUrl\":\"https:\\\/\\\/cardinal-tapes.com\\\/wp-content\\\/uploads\\\/3m_scotch_verpackungsklebeband_6878.jpg\",\"datePublished\":\"2017-12-08T08:52:56+00:00\",\"dateModified\":\"2023-06-06T08:09:56+00:00\",\"description\":\"La cinta de embalaje de PVC 3M 6878 est\u00e1 formada por un soporte de PVC y un adhesivo de resina de caucho natural con base de disolvente. M\u00e1s informaci\u00f3n.\",\"breadcrumb\":{\"@id\":\"https:\\\/\\\/cardinal-tapes.com\\\/es\\\/cintas-adhesivas\\\/sistemas-de-envasado\\\/3m-6878-pvc-cinta-de-embalaje\\\/#breadcrumb\"},\"inLanguage\":\"es\",\"potentialAction\":[{\"@type\":\"ReadAction\",\"target\":[\"https:\\\/\\\/cardinal-tapes.com\\\/es\\\/cintas-adhesivas\\\/sistemas-de-envasado\\\/3m-6878-pvc-cinta-de-embalaje\\\/\"]}]},{\"@type\":\"ImageObject\",\"inLanguage\":\"es\",\"@id\":\"https:\\\/\\\/cardinal-tapes.com\\\/es\\\/cintas-adhesivas\\\/sistemas-de-envasado\\\/3m-6878-pvc-cinta-de-embalaje\\\/#primaryimage\",\"url\":\"https:\\\/\\\/cardinal-tapes.com\\\/wp-content\\\/uploads\\\/3m_scotch_verpackungsklebeband_6878.jpg\",\"contentUrl\":\"https:\\\/\\\/cardinal-tapes.com\\\/wp-content\\\/uploads\\\/3m_scotch_verpackungsklebeband_6878.jpg\",\"width\":600,\"height\":600,\"caption\":\"3M Cinta de embalaje Scotch 6878\"},{\"@type\":\"BreadcrumbList\",\"@id\":\"https:\\\/\\\/cardinal-tapes.com\\\/es\\\/cintas-adhesivas\\\/sistemas-de-envasado\\\/3m-6878-pvc-cinta-de-embalaje\\\/#breadcrumb\",\"itemListElement\":[{\"@type\":\"ListItem\",\"position\":1,\"name\":\"Startseite\",\"item\":\"https:\\\/\\\/cardinal-tapes.com\\\/es\\\/\"},{\"@type\":\"ListItem\",\"position\":2,\"name\":\"Cintas adhesivas\",\"item\":\"https:\\\/\\\/cardinal-tapes.com\\\/es\\\/cintas-adhesivas-es\\\/\"},{\"@type\":\"ListItem\",\"position\":3,\"name\":\"Sistemas de envasado\",\"item\":\"https:\\\/\\\/cardinal-tapes.com\\\/es\\\/categora\\\/sistemas-de-envasado\\\/\"},{\"@type\":\"ListItem\",\"position\":4,\"name\":\"3M\u2122 6878 Cinta de embalaje de PVC\"}]},{\"@type\":\"WebSite\",\"@id\":\"https:\\\/\\\/cardinal-tapes.com\\\/#website\",\"url\":\"https:\\\/\\\/cardinal-tapes.com\\\/\",\"name\":\"cardinal TAPES\",\"description\":\"Klebetechnik aus Wuppertal\",\"potentialAction\":[{\"@type\":\"SearchAction\",\"target\":{\"@type\":\"EntryPoint\",\"urlTemplate\":\"https:\\\/\\\/cardinal-tapes.com\\\/?s={search_term_string}\"},\"query-input\":{\"@type\":\"PropertyValueSpecification\",\"valueRequired\":true,\"valueName\":\"search_term_string\"}}],\"inLanguage\":\"es\"}]}<\/script>\n<!-- \/ Yoast SEO plugin. -->","yoast_head_json":{"title":"3M 6878 Cinta de embalaje PVC | Cardinal TAPES","description":"La cinta de embalaje de PVC 3M 6878 est\u00e1 formada por un soporte de PVC y un adhesivo de resina de caucho natural con base de disolvente. M\u00e1s informaci\u00f3n.","robots":{"index":"index","follow":"follow","max-snippet":"max-snippet:-1","max-image-preview":"max-image-preview:large","max-video-preview":"max-video-preview:-1"},"canonical":"https:\/\/cardinal-tapes.com\/es\/cintas-adhesivas\/sistemas-de-envasado\/3m-6878-pvc-cinta-de-embalaje\/","og_locale":"es_ES","og_type":"article","og_title":"3M 6878 Cinta de embalaje PVC | Cardinal TAPES","og_description":"La cinta de embalaje de PVC 3M 6878 est\u00e1 formada por un soporte de PVC y un adhesivo de resina de caucho natural con base de disolvente. M\u00e1s informaci\u00f3n.","og_url":"https:\/\/cardinal-tapes.com\/es\/cintas-adhesivas\/sistemas-de-envasado\/3m-6878-pvc-cinta-de-embalaje\/","og_site_name":"cardinal TAPES","article_modified_time":"2023-06-06T08:09:56+00:00","og_image":[{"width":600,"height":600,"url":"https:\/\/cardinal-tapes.com\/wp-content\/uploads\/3m_scotch_verpackungsklebeband_6878.jpg","type":"image\/jpeg"}],"twitter_card":"summary_large_image","schema":{"@context":"https:\/\/schema.org","@graph":[{"@type":"WebPage","@id":"https:\/\/cardinal-tapes.com\/es\/cintas-adhesivas\/sistemas-de-envasado\/3m-6878-pvc-cinta-de-embalaje\/","url":"https:\/\/cardinal-tapes.com\/es\/cintas-adhesivas\/sistemas-de-envasado\/3m-6878-pvc-cinta-de-embalaje\/","name":"3M 6878 Cinta de embalaje PVC | Cardinal TAPES","isPartOf":{"@id":"https:\/\/cardinal-tapes.com\/#website"},"primaryImageOfPage":{"@id":"https:\/\/cardinal-tapes.com\/es\/cintas-adhesivas\/sistemas-de-envasado\/3m-6878-pvc-cinta-de-embalaje\/#primaryimage"},"image":{"@id":"https:\/\/cardinal-tapes.com\/es\/cintas-adhesivas\/sistemas-de-envasado\/3m-6878-pvc-cinta-de-embalaje\/#primaryimage"},"thumbnailUrl":"https:\/\/cardinal-tapes.com\/wp-content\/uploads\/3m_scotch_verpackungsklebeband_6878.jpg","datePublished":"2017-12-08T08:52:56+00:00","dateModified":"2023-06-06T08:09:56+00:00","description":"La cinta de embalaje de PVC 3M 6878 est\u00e1 formada por un soporte de PVC y un adhesivo de resina de caucho natural con base de disolvente. M\u00e1s informaci\u00f3n.","breadcrumb":{"@id":"https:\/\/cardinal-tapes.com\/es\/cintas-adhesivas\/sistemas-de-envasado\/3m-6878-pvc-cinta-de-embalaje\/#breadcrumb"},"inLanguage":"es","potentialAction":[{"@type":"ReadAction","target":["https:\/\/cardinal-tapes.com\/es\/cintas-adhesivas\/sistemas-de-envasado\/3m-6878-pvc-cinta-de-embalaje\/"]}]},{"@type":"ImageObject","inLanguage":"es","@id":"https:\/\/cardinal-tapes.com\/es\/cintas-adhesivas\/sistemas-de-envasado\/3m-6878-pvc-cinta-de-embalaje\/#primaryimage","url":"https:\/\/cardinal-tapes.com\/wp-content\/uploads\/3m_scotch_verpackungsklebeband_6878.jpg","contentUrl":"https:\/\/cardinal-tapes.com\/wp-content\/uploads\/3m_scotch_verpackungsklebeband_6878.jpg","width":600,"height":600,"caption":"3M Cinta de embalaje Scotch 6878"},{"@type":"BreadcrumbList","@id":"https:\/\/cardinal-tapes.com\/es\/cintas-adhesivas\/sistemas-de-envasado\/3m-6878-pvc-cinta-de-embalaje\/#breadcrumb","itemListElement":[{"@type":"ListItem","position":1,"name":"Startseite","item":"https:\/\/cardinal-tapes.com\/es\/"},{"@type":"ListItem","position":2,"name":"Cintas adhesivas","item":"https:\/\/cardinal-tapes.com\/es\/cintas-adhesivas-es\/"},{"@type":"ListItem","position":3,"name":"Sistemas de envasado","item":"https:\/\/cardinal-tapes.com\/es\/categora\/sistemas-de-envasado\/"},{"@type":"ListItem","position":4,"name":"3M\u2122 6878 Cinta de embalaje de PVC"}]},{"@type":"WebSite","@id":"https:\/\/cardinal-tapes.com\/#website","url":"https:\/\/cardinal-tapes.com\/","name":"cardinal TAPES","description":"Klebetechnik aus Wuppertal","potentialAction":[{"@type":"SearchAction","target":{"@type":"EntryPoint","urlTemplate":"https:\/\/cardinal-tapes.com\/?s={search_term_string}"},"query-input":{"@type":"PropertyValueSpecification","valueRequired":true,"valueName":"search_term_string"}}],"inLanguage":"es"}]}},"brands":[{"id":2169,"name":"3M","slug":"3m-es"}],"_links":{"self":[{"href":"https:\/\/cardinal-tapes.com\/es\/wp-json\/wp\/v2\/product\/61005","targetHints":{"allow":["GET"]}}],"collection":[{"href":"https:\/\/cardinal-tapes.com\/es\/wp-json\/wp\/v2\/product"}],"about":[{"href":"https:\/\/cardinal-tapes.com\/es\/wp-json\/wp\/v2\/types\/product"}],"wp:featuredmedia":[{"embeddable":true,"href":"https:\/\/cardinal-tapes.com\/es\/wp-json\/wp\/v2\/media\/24503"}],"wp:attachment":[{"href":"https:\/\/cardinal-tapes.com\/es\/wp-json\/wp\/v2\/media?parent=61005"}],"wp:term":[{"taxonomy":"pwb-brand","embeddable":true,"href":"https:\/\/cardinal-tapes.com\/es\/wp-json\/wp\/v2\/pwb-brand?post=61005"},{"taxonomy":"product_brand","embeddable":true,"href":"https:\/\/cardinal-tapes.com\/es\/wp-json\/wp\/v2\/product_brand?post=61005"},{"taxonomy":"product_cat","embeddable":true,"href":"https:\/\/cardinal-tapes.com\/es\/wp-json\/wp\/v2\/product_cat?post=61005"},{"taxonomy":"product_tag","embeddable":true,"href":"https:\/\/cardinal-tapes.com\/es\/wp-json\/wp\/v2\/product_tag?post=61005"}],"curies":[{"name":"wp","href":"https:\/\/api.w.org\/{rel}","templated":true}]}}