{"id":61001,"date":"2017-12-08T09:50:38","date_gmt":"2023-06-06T08:09:56","guid":{"rendered":"https:\/\/cardinal.pixel-tal.de\/klebebaender\/sin categor\u00eda\/3m-3444-cinta-de-embalaje\/"},"modified":"2023-06-06T10:09:56","modified_gmt":"2023-06-06T08:09:56","slug":"3m-3444-cinta-de-embalaje","status":"publish","type":"product","link":"https:\/\/cardinal-tapes.com\/es\/cintas-adhesivas\/ambitos-de-aplicacion\/sector-del-transporte\/3m-3444-cinta-de-embalaje\/","title":{"rendered":"3M\u2122 3444 Cinta de embalaje"},"content":{"rendered":"<p>La cinta de embalaje de papel 3M\u2122 3444 se aplica sobre superficies de cart\u00f3n secas y sin polvo. Se caracteriza especialmente por su buen poder de sujeci\u00f3n y su adherencia a largo plazo al cart\u00f3n. As\u00ed, la cinta adhesiva es una alternativa muy buena a las cintas adhesivas de pel\u00edcula cl\u00e1sicas.<\/p>\n<p><strong>Propiedades<\/strong><br \/>\nLa caracter\u00edstica especial de la 3M\u2122 3444 es que la cinta conserva su adherencia a todas las temperaturas a las que suele estar expuesto un envase. Esto tambi\u00e9n se aplica al sector de los alimentos congelados.<\/p>\n<p><strong>Aplicaciones<\/strong><br \/>\n&#8211; Para precintar cajas de cart\u00f3n<br \/>\n&#8211; Adecuada para precintar cartones ligeros, reparados u otros envases con una sola tira.<\/p>\n<p>&nbsp;<\/p>\n","protected":false},"excerpt":{"rendered":"<p>La cinta de embalaje de papel 3M\u2122 3444 se aplica sobre superficies de cart\u00f3n secas y sin polvo. Se caracteriza especialmente por su buen poder de sujeci\u00f3n y su adherencia a largo plazo al cart\u00f3n. As\u00ed, la cinta adhesiva es una alternativa muy buena a las cintas adhesivas de pel\u00edcula cl\u00e1sicas. Propiedades La caracter\u00edstica especial [&hellip;]<\/p>\n","protected":false},"featured_media":24491,"template":"","meta":{"_acf_changed":false},"pwb-brand":[2169],"product_brand":[],"product_cat":[1802,1806,1871],"product_tag":[],"class_list":{"0":"post-61001","1":"product","2":"type-product","3":"status-publish","4":"has-post-thumbnail","6":"pwb-brand-3m-es","7":"product_cat-sector-del-transporte","8":"product_cat-cintas-adhesivas-de-una-cara","9":"product_cat-sistemas-de-envasado","11":"first","12":"instock","13":"taxable","14":"shipping-taxable","15":"purchasable","16":"product-type-simple"},"acf":[],"yoast_head":"<!-- This site is optimized with the Yoast SEO plugin v27.3 - https:\/\/yoast.com\/product\/yoast-seo-wordpress\/ -->\n<title>3M 3444 Cinta de embalaje | Cardinal TAPES<\/title>\n<meta name=\"description\" content=\"La cinta de embalaje de papel 3M 3444 se aplica sobre superficies de cart\u00f3n secas y sin polvo. Obtenga m\u00e1s informaci\u00f3n aqu\u00ed.\" \/>\n<meta name=\"robots\" content=\"index, follow, max-snippet:-1, max-image-preview:large, max-video-preview:-1\" \/>\n<link rel=\"canonical\" href=\"https:\/\/cardinal-tapes.com\/es\/cintas-adhesivas\/sector-del-transporte\/3m-3444-cinta-de-embalaje\/\" \/>\n<meta property=\"og:locale\" content=\"es_ES\" \/>\n<meta property=\"og:type\" content=\"article\" \/>\n<meta property=\"og:title\" content=\"3M 3444 Cinta de embalaje | Cardinal TAPES\" \/>\n<meta property=\"og:description\" content=\"La cinta de embalaje de papel 3M 3444 se aplica sobre superficies de cart\u00f3n secas y sin polvo. Obtenga m\u00e1s informaci\u00f3n aqu\u00ed.\" \/>\n<meta property=\"og:url\" content=\"https:\/\/cardinal-tapes.com\/es\/cintas-adhesivas\/sector-del-transporte\/3m-3444-cinta-de-embalaje\/\" \/>\n<meta property=\"og:site_name\" content=\"cardinal TAPES\" \/>\n<meta property=\"og:image\" content=\"https:\/\/cardinal-tapes.com\/wp-content\/uploads\/3m_scotch_verpackungsklebeband_3444.jpg\" \/>\n\t<meta property=\"og:image:width\" content=\"600\" \/>\n\t<meta property=\"og:image:height\" content=\"600\" \/>\n\t<meta property=\"og:image:type\" content=\"image\/jpeg\" \/>\n<meta name=\"twitter:card\" content=\"summary_large_image\" \/>\n<meta name=\"twitter:label1\" content=\"Tiempo de lectura\" \/>\n\t<meta name=\"twitter:data1\" content=\"1 minuto\" \/>\n<script type=\"application\/ld+json\" class=\"yoast-schema-graph\">{\"@context\":\"https:\\\/\\\/schema.org\",\"@graph\":[{\"@type\":\"WebPage\",\"@id\":\"https:\\\/\\\/cardinal-tapes.com\\\/es\\\/cintas-adhesivas\\\/sector-del-transporte\\\/3m-3444-cinta-de-embalaje\\\/\",\"url\":\"https:\\\/\\\/cardinal-tapes.com\\\/es\\\/cintas-adhesivas\\\/sector-del-transporte\\\/3m-3444-cinta-de-embalaje\\\/\",\"name\":\"3M 3444 Cinta de embalaje | Cardinal TAPES\",\"isPartOf\":{\"@id\":\"https:\\\/\\\/cardinal-tapes.com\\\/#website\"},\"primaryImageOfPage\":{\"@id\":\"https:\\\/\\\/cardinal-tapes.com\\\/es\\\/cintas-adhesivas\\\/sector-del-transporte\\\/3m-3444-cinta-de-embalaje\\\/#primaryimage\"},\"image\":{\"@id\":\"https:\\\/\\\/cardinal-tapes.com\\\/es\\\/cintas-adhesivas\\\/sector-del-transporte\\\/3m-3444-cinta-de-embalaje\\\/#primaryimage\"},\"thumbnailUrl\":\"https:\\\/\\\/cardinal-tapes.com\\\/wp-content\\\/uploads\\\/3m_scotch_verpackungsklebeband_3444.jpg\",\"datePublished\":\"2023-06-06T08:09:56+00:00\",\"description\":\"La cinta de embalaje de papel 3M 3444 se aplica sobre superficies de cart\u00f3n secas y sin polvo. Obtenga m\u00e1s informaci\u00f3n aqu\u00ed.\",\"breadcrumb\":{\"@id\":\"https:\\\/\\\/cardinal-tapes.com\\\/es\\\/cintas-adhesivas\\\/sector-del-transporte\\\/3m-3444-cinta-de-embalaje\\\/#breadcrumb\"},\"inLanguage\":\"es\",\"potentialAction\":[{\"@type\":\"ReadAction\",\"target\":[\"https:\\\/\\\/cardinal-tapes.com\\\/es\\\/cintas-adhesivas\\\/sector-del-transporte\\\/3m-3444-cinta-de-embalaje\\\/\"]}]},{\"@type\":\"ImageObject\",\"inLanguage\":\"es\",\"@id\":\"https:\\\/\\\/cardinal-tapes.com\\\/es\\\/cintas-adhesivas\\\/sector-del-transporte\\\/3m-3444-cinta-de-embalaje\\\/#primaryimage\",\"url\":\"https:\\\/\\\/cardinal-tapes.com\\\/wp-content\\\/uploads\\\/3m_scotch_verpackungsklebeband_3444.jpg\",\"contentUrl\":\"https:\\\/\\\/cardinal-tapes.com\\\/wp-content\\\/uploads\\\/3m_scotch_verpackungsklebeband_3444.jpg\",\"width\":600,\"height\":600,\"caption\":\"3M Cinta de embalaje Scotch 3444\"},{\"@type\":\"BreadcrumbList\",\"@id\":\"https:\\\/\\\/cardinal-tapes.com\\\/es\\\/cintas-adhesivas\\\/sector-del-transporte\\\/3m-3444-cinta-de-embalaje\\\/#breadcrumb\",\"itemListElement\":[{\"@type\":\"ListItem\",\"position\":1,\"name\":\"Startseite\",\"item\":\"https:\\\/\\\/cardinal-tapes.com\\\/es\\\/\"},{\"@type\":\"ListItem\",\"position\":2,\"name\":\"Cintas adhesivas\",\"item\":\"https:\\\/\\\/cardinal-tapes.com\\\/es\\\/cintas-adhesivas-es\\\/\"},{\"@type\":\"ListItem\",\"position\":3,\"name\":\"Sector del transporte\",\"item\":\"https:\\\/\\\/cardinal-tapes.com\\\/es\\\/categora\\\/sector-del-transporte\\\/\"},{\"@type\":\"ListItem\",\"position\":4,\"name\":\"3M\u2122 3444 Cinta de embalaje\"}]},{\"@type\":\"WebSite\",\"@id\":\"https:\\\/\\\/cardinal-tapes.com\\\/#website\",\"url\":\"https:\\\/\\\/cardinal-tapes.com\\\/\",\"name\":\"cardinal TAPES\",\"description\":\"Klebetechnik aus Wuppertal\",\"potentialAction\":[{\"@type\":\"SearchAction\",\"target\":{\"@type\":\"EntryPoint\",\"urlTemplate\":\"https:\\\/\\\/cardinal-tapes.com\\\/?s={search_term_string}\"},\"query-input\":{\"@type\":\"PropertyValueSpecification\",\"valueRequired\":true,\"valueName\":\"search_term_string\"}}],\"inLanguage\":\"es\"}]}<\/script>\n<!-- \/ Yoast SEO plugin. -->","yoast_head_json":{"title":"3M 3444 Cinta de embalaje | Cardinal TAPES","description":"La cinta de embalaje de papel 3M 3444 se aplica sobre superficies de cart\u00f3n secas y sin polvo. Obtenga m\u00e1s informaci\u00f3n aqu\u00ed.","robots":{"index":"index","follow":"follow","max-snippet":"max-snippet:-1","max-image-preview":"max-image-preview:large","max-video-preview":"max-video-preview:-1"},"canonical":"https:\/\/cardinal-tapes.com\/es\/cintas-adhesivas\/sector-del-transporte\/3m-3444-cinta-de-embalaje\/","og_locale":"es_ES","og_type":"article","og_title":"3M 3444 Cinta de embalaje | Cardinal TAPES","og_description":"La cinta de embalaje de papel 3M 3444 se aplica sobre superficies de cart\u00f3n secas y sin polvo. Obtenga m\u00e1s informaci\u00f3n aqu\u00ed.","og_url":"https:\/\/cardinal-tapes.com\/es\/cintas-adhesivas\/sector-del-transporte\/3m-3444-cinta-de-embalaje\/","og_site_name":"cardinal TAPES","og_image":[{"width":600,"height":600,"url":"https:\/\/cardinal-tapes.com\/wp-content\/uploads\/3m_scotch_verpackungsklebeband_3444.jpg","type":"image\/jpeg"}],"twitter_card":"summary_large_image","twitter_misc":{"Tiempo de lectura":"1 minuto"},"schema":{"@context":"https:\/\/schema.org","@graph":[{"@type":"WebPage","@id":"https:\/\/cardinal-tapes.com\/es\/cintas-adhesivas\/sector-del-transporte\/3m-3444-cinta-de-embalaje\/","url":"https:\/\/cardinal-tapes.com\/es\/cintas-adhesivas\/sector-del-transporte\/3m-3444-cinta-de-embalaje\/","name":"3M 3444 Cinta de embalaje | Cardinal TAPES","isPartOf":{"@id":"https:\/\/cardinal-tapes.com\/#website"},"primaryImageOfPage":{"@id":"https:\/\/cardinal-tapes.com\/es\/cintas-adhesivas\/sector-del-transporte\/3m-3444-cinta-de-embalaje\/#primaryimage"},"image":{"@id":"https:\/\/cardinal-tapes.com\/es\/cintas-adhesivas\/sector-del-transporte\/3m-3444-cinta-de-embalaje\/#primaryimage"},"thumbnailUrl":"https:\/\/cardinal-tapes.com\/wp-content\/uploads\/3m_scotch_verpackungsklebeband_3444.jpg","datePublished":"2023-06-06T08:09:56+00:00","description":"La cinta de embalaje de papel 3M 3444 se aplica sobre superficies de cart\u00f3n secas y sin polvo. Obtenga m\u00e1s informaci\u00f3n aqu\u00ed.","breadcrumb":{"@id":"https:\/\/cardinal-tapes.com\/es\/cintas-adhesivas\/sector-del-transporte\/3m-3444-cinta-de-embalaje\/#breadcrumb"},"inLanguage":"es","potentialAction":[{"@type":"ReadAction","target":["https:\/\/cardinal-tapes.com\/es\/cintas-adhesivas\/sector-del-transporte\/3m-3444-cinta-de-embalaje\/"]}]},{"@type":"ImageObject","inLanguage":"es","@id":"https:\/\/cardinal-tapes.com\/es\/cintas-adhesivas\/sector-del-transporte\/3m-3444-cinta-de-embalaje\/#primaryimage","url":"https:\/\/cardinal-tapes.com\/wp-content\/uploads\/3m_scotch_verpackungsklebeband_3444.jpg","contentUrl":"https:\/\/cardinal-tapes.com\/wp-content\/uploads\/3m_scotch_verpackungsklebeband_3444.jpg","width":600,"height":600,"caption":"3M Cinta de embalaje Scotch 3444"},{"@type":"BreadcrumbList","@id":"https:\/\/cardinal-tapes.com\/es\/cintas-adhesivas\/sector-del-transporte\/3m-3444-cinta-de-embalaje\/#breadcrumb","itemListElement":[{"@type":"ListItem","position":1,"name":"Startseite","item":"https:\/\/cardinal-tapes.com\/es\/"},{"@type":"ListItem","position":2,"name":"Cintas adhesivas","item":"https:\/\/cardinal-tapes.com\/es\/cintas-adhesivas-es\/"},{"@type":"ListItem","position":3,"name":"Sector del transporte","item":"https:\/\/cardinal-tapes.com\/es\/categora\/sector-del-transporte\/"},{"@type":"ListItem","position":4,"name":"3M\u2122 3444 Cinta de embalaje"}]},{"@type":"WebSite","@id":"https:\/\/cardinal-tapes.com\/#website","url":"https:\/\/cardinal-tapes.com\/","name":"cardinal TAPES","description":"Klebetechnik aus Wuppertal","potentialAction":[{"@type":"SearchAction","target":{"@type":"EntryPoint","urlTemplate":"https:\/\/cardinal-tapes.com\/?s={search_term_string}"},"query-input":{"@type":"PropertyValueSpecification","valueRequired":true,"valueName":"search_term_string"}}],"inLanguage":"es"}]}},"brands":[{"id":2169,"name":"3M","slug":"3m-es"}],"_links":{"self":[{"href":"https:\/\/cardinal-tapes.com\/es\/wp-json\/wp\/v2\/product\/61001","targetHints":{"allow":["GET"]}}],"collection":[{"href":"https:\/\/cardinal-tapes.com\/es\/wp-json\/wp\/v2\/product"}],"about":[{"href":"https:\/\/cardinal-tapes.com\/es\/wp-json\/wp\/v2\/types\/product"}],"wp:featuredmedia":[{"embeddable":true,"href":"https:\/\/cardinal-tapes.com\/es\/wp-json\/wp\/v2\/media\/24491"}],"wp:attachment":[{"href":"https:\/\/cardinal-tapes.com\/es\/wp-json\/wp\/v2\/media?parent=61001"}],"wp:term":[{"taxonomy":"pwb-brand","embeddable":true,"href":"https:\/\/cardinal-tapes.com\/es\/wp-json\/wp\/v2\/pwb-brand?post=61001"},{"taxonomy":"product_brand","embeddable":true,"href":"https:\/\/cardinal-tapes.com\/es\/wp-json\/wp\/v2\/product_brand?post=61001"},{"taxonomy":"product_cat","embeddable":true,"href":"https:\/\/cardinal-tapes.com\/es\/wp-json\/wp\/v2\/product_cat?post=61001"},{"taxonomy":"product_tag","embeddable":true,"href":"https:\/\/cardinal-tapes.com\/es\/wp-json\/wp\/v2\/product_tag?post=61001"}],"curies":[{"name":"wp","href":"https:\/\/api.w.org\/{rel}","templated":true}]}}